{"id":3932,"date":"2026-01-08T14:07:49","date_gmt":"2026-01-08T14:07:49","guid":{"rendered":"https:\/\/coinkickoff.com\/?page_id=3932"},"modified":"2026-01-08T14:07:49","modified_gmt":"2026-01-08T14:07:49","slug":"how-to-buy-bitcoin-on-poloniex","status":"publish","type":"page","link":"https:\/\/coinkickoff.com\/lt\/how-to-buy-bitcoin\/how-to-buy-bitcoin-on-poloniex\/","title":{"rendered":"Kaip pirkti Bitcoin Poloniex"},"content":{"rendered":"<div id=\"ez-toc-container\" class=\"ez-toc-v2_0_80 counter-hierarchy ez-toc-counter ez-toc-transparent ez-toc-container-direction\">\n<div class=\"ez-toc-title-container\">\n<p class=\"ez-toc-title\" style=\"cursor:inherit\">Skyriai<\/p>\n<span class=\"ez-toc-title-toggle\"><a href=\"#\" class=\"ez-toc-pull-right ez-toc-btn ez-toc-btn-xs ez-toc-btn-default ez-toc-toggle\" aria-label=\"Perjungti turinio lentel\u0119\"><span class=\"ez-toc-js-icon-con\"><span class=\"\"><span class=\"eztoc-hide\" style=\"display:none;\">Perjungti<\/span><span class=\"ez-toc-icon-toggle-span\"><svg style=\"fill: #999;color:#999\" xmlns=\"http:\/\/www.w3.org\/2000\/svg\" class=\"list-377408\" width=\"20px\" height=\"20px\" viewbox=\"0 0 24 24\" fill=\"none\"><path d=\"M6 6H4v2h2V6zm14 0H8v2h12V6zM4 11h2v2H4v-2zm16 0H8v2h12v-2zM4 16h2v2H4v-2zm16 0H8v2h12v-2z\" fill=\"currentColor\"><\/path><\/svg><svg style=\"fill: #999;color:#999\" class=\"arrow-unsorted-368013\" xmlns=\"http:\/\/www.w3.org\/2000\/svg\" width=\"10px\" height=\"10px\" viewbox=\"0 0 24 24\" version=\"1.2\" baseprofile=\"tiny\"><path d=\"M18.2 9.3l-6.2-6.3-6.2 6.3c-.2.2-.3.4-.3.7s.1.5.3.7c.2.2.4.3.7.3h11c.3 0 .5-.1.7-.3.2-.2.3-.5.3-.7s-.1-.5-.3-.7zM5.8 14.7l6.2 6.3 6.2-6.3c.2-.2.3-.5.3-.7s-.1-.5-.3-.7c-.2-.2-.4-.3-.7-.3h-11c-.3 0-.5.1-.7.3-.2.2-.3.5-.3.7s.1.5.3.7z\"\/><\/svg><\/span><\/span><\/span><\/a><\/span><\/div>\n<nav><ul class='ez-toc-list ez-toc-list-level-1 eztoc-toggle-hide-by-default' ><li class='ez-toc-page-1 ez-toc-heading-level-1'><a class=\"ez-toc-link ez-toc-heading-1\" href=\"https:\/\/coinkickoff.com\/lt\/how-to-buy-bitcoin\/how-to-buy-bitcoin-on-poloniex\/#How_to_Buy_Bitcoin_on_Poloniex\" >Kaip pirkti Bitcoin Poloniex<\/a><ul class='ez-toc-list-level-2' ><li class='ez-toc-heading-level-2'><a class=\"ez-toc-link ez-toc-heading-2\" href=\"https:\/\/coinkickoff.com\/lt\/how-to-buy-bitcoin\/how-to-buy-bitcoin-on-poloniex\/#A_Step-By-Step_Guide_on_How_to_Buy_Bitcoin_on_Poloniex\" >\u017dingsnis po \u017eingsnio vadovas, kaip nusipirkti Bitcoin Poloniex<\/a><ul class='ez-toc-list-level-3' ><li class='ez-toc-heading-level-3'><a class=\"ez-toc-link ez-toc-heading-3\" href=\"https:\/\/coinkickoff.com\/lt\/how-to-buy-bitcoin\/how-to-buy-bitcoin-on-poloniex\/#1_Register_an_Account\" >1. U\u017eregistruokite paskyr\u0105<\/a><\/li><li class='ez-toc-page-1 ez-toc-heading-level-3'><a class=\"ez-toc-link ez-toc-heading-4\" href=\"https:\/\/coinkickoff.com\/lt\/how-to-buy-bitcoin\/how-to-buy-bitcoin-on-poloniex\/#2_Verify_Your_Account\" >2. Patikrinkite savo paskyr\u0105<\/a><\/li><li class='ez-toc-page-1 ez-toc-heading-level-3'><a class=\"ez-toc-link ez-toc-heading-5\" href=\"https:\/\/coinkickoff.com\/lt\/how-to-buy-bitcoin\/how-to-buy-bitcoin-on-poloniex\/#3_Buy_Crypto\" >3. Pirkite kriptografij\u0105<\/a><\/li><li class='ez-toc-page-1 ez-toc-heading-level-3'><a class=\"ez-toc-link ez-toc-heading-6\" href=\"https:\/\/coinkickoff.com\/lt\/how-to-buy-bitcoin\/how-to-buy-bitcoin-on-poloniex\/#Now_you_know_how_to_Bitcoin_on_Poloniex_Your_Bitcoin_will_show_up_in_your_wallet_as_soon_as_your_order_is_processed\" >Dabar jau \u017einote, kaip Bitcoin Poloniex! J\u016bs\u0173 Bitcoin pasirodys j\u016bs\u0173 pinigin\u0117je, kai tik bus \u012fvykdytas u\u017esakymas. \u00a0\u00a0<\/a><\/li><\/ul><\/li><\/ul><\/li><\/ul><\/nav><\/div>\n<h1><span class=\"ez-toc-section\" id=\"How_to_Buy_Bitcoin_on_Poloniex\"><\/span><span style=\"font-weight: 400;\">Kaip pirkti Bitcoin Poloniex<\/span><span class=\"ez-toc-section-end\"><\/span><\/h1>\n<p><img loading=\"lazy\" decoding=\"async\" class=\"alignnone wp-image-52 size-full\" src=\"https:\/\/coinkickoff.com\/wp-content\/uploads\/2022\/05\/bitcoin-btc.jpg\" alt=\"Kaip pirkti Bitcoin Poloniex\" width=\"1000\" height=\"667\" srcset=\"https:\/\/coinkickoff.com\/wp-content\/uploads\/2022\/05\/bitcoin-btc.jpg 1000w, https:\/\/coinkickoff.com\/wp-content\/uploads\/2022\/05\/bitcoin-btc-300x200.jpg 300w, https:\/\/coinkickoff.com\/wp-content\/uploads\/2022\/05\/bitcoin-btc-768x512.jpg 768w, https:\/\/coinkickoff.com\/wp-content\/uploads\/2022\/05\/bitcoin-btc-600x400.jpg 600w\" sizes=\"auto, (max-width: 1000px) 100vw, 1000px\" \/><\/p>\n<p><span style=\"font-weight: 400;\"><a href=\"https:\/\/coinkickoff.com\/lt\/poloniex-review\/\">Poloniex<\/a> yra gana prie\u0161taringas keitimasis, nes naudotojai da\u017enai skund\u017eiasi, kad <a href=\"https:\/\/cointelegraph.com\/news\/mysterious-poloniex-downtime-prompts-community-frustration\" target=\"_blank\" rel=\"noopener\">negali atsiimti savo l\u0117\u0161\u0173.<\/a> i\u0161 platformos. Ji yra \u017einoma d\u0117l to, kad joje talpinama daug suk\u010di\u0173 coins. Apskritai ji turi pl\u0117\u0161rios bir\u017eos reputacij\u0105, nors kai kurie gali jai teikti pirmenyb\u0119 d\u0117l palyginti didel\u0117s prekybos apimties, apie kuri\u0105 ji prane\u0161a.\u00a0<\/span><\/p>\n<p><span style=\"font-weight: 400;\">\u0160iame straipsnyje paai\u0161kinsime, kaip nusipirkti <a href=\"https:\/\/coinkickoff.com\/lt\/bitcoin-btc\/\">Bitcoin<\/a> svetain\u0117je <a href=\"https:\/\/coinkickoff.com\/lt\/poloniex-review\/\" data-internallinksmanager029f6b8e52c=\"164\" title=\"Poloniex Atsiliepimai 2023: Mokes\u010diai, funkcijos, saugumas, privalumai ir tr\u016bkumai\">Poloniex<\/a>.<\/span><\/p>\n<h2><span class=\"ez-toc-section\" id=\"A_Step-By-Step_Guide_on_How_to_Buy_Bitcoin_on_Poloniex\"><\/span><span style=\"font-weight: 400;\">\u017dingsnis po \u017eingsnio vadovas, kaip nusipirkti Bitcoin Poloniex<\/span><span class=\"ez-toc-section-end\"><\/span><\/h2>\n<h3><span class=\"ez-toc-section\" id=\"1_Register_an_Account\"><\/span><span style=\"font-weight: 400;\">1. U\u017eregistruokite paskyr\u0105<\/span><span class=\"ez-toc-section-end\"><\/span><\/h3>\n<p><span style=\"font-weight: 400;\">Eikite \u012f oficiali\u0105 \"Poloniex\" svetain\u0119 ir u\u017esiregistruokite.<\/span><\/p>\n<p><img loading=\"lazy\" decoding=\"async\" class=\"alignnone wp-image-3397 size-full\" src=\"https:\/\/coinkickoff.com\/wp-content\/uploads\/poloniex-sign-up.png\" alt=\"poloniex registracija\" width=\"1436\" height=\"653\" srcset=\"https:\/\/coinkickoff.com\/wp-content\/uploads\/poloniex-sign-up.png 1436w, https:\/\/coinkickoff.com\/wp-content\/uploads\/poloniex-sign-up-300x136.png 300w, https:\/\/coinkickoff.com\/wp-content\/uploads\/poloniex-sign-up-1024x466.png 1024w, https:\/\/coinkickoff.com\/wp-content\/uploads\/poloniex-sign-up-768x349.png 768w, https:\/\/coinkickoff.com\/wp-content\/uploads\/poloniex-sign-up-18x8.png 18w\" sizes=\"auto, (max-width: 1436px) 100vw, 1436px\" \/><\/p>\n<p><span style=\"font-weight: 400;\">Suk\u016br\u0119 paskyr\u0105 \u012f el. pa\u0161t\u0105 gausite aktyvavimo kod\u0105. \u0160\u012f kod\u0105 galite naudoti nor\u0117dami prisijungti.<\/span><\/p>\n<h3><span class=\"ez-toc-section\" id=\"2_Verify_Your_Account\"><\/span><span style=\"font-weight: 400;\">2. Patikrinkite savo paskyr\u0105<\/span><span class=\"ez-toc-section-end\"><\/span><\/h3>\n<p><span style=\"font-weight: 400;\">Registruodamiesi b\u016bsite 1 lygio \"Poloniex\" patikrintas. Nor\u0117dami padidinti savo i\u0161\u0117mimo ir prekybos limitus, galite atlikti 2 lygio patikrinim\u0105.<\/span><\/p>\n<p><span style=\"font-weight: 400;\">Puslapio vir\u0161utiniame de\u0161iniajame kampe spustel\u0117kite savo profilio piktogram\u0105 ir eikite \u012f \"Profil\u012f\".<\/span><\/p>\n<p><span style=\"font-weight: 400;\">Spustel\u0117kite \"Prad\u0117ti\", kad pereitum\u0117te prie 2 tikrinimo lygio. <\/span><\/p>\n<p><img loading=\"lazy\" decoding=\"async\" class=\"alignnone wp-image-3398 size-full\" src=\"https:\/\/coinkickoff.com\/wp-content\/uploads\/poloniex-verification.png\" alt=\"poloniex patikrinimas\" width=\"1437\" height=\"679\" srcset=\"https:\/\/coinkickoff.com\/wp-content\/uploads\/poloniex-verification.png 1437w, https:\/\/coinkickoff.com\/wp-content\/uploads\/poloniex-verification-300x142.png 300w, https:\/\/coinkickoff.com\/wp-content\/uploads\/poloniex-verification-1024x484.png 1024w, https:\/\/coinkickoff.com\/wp-content\/uploads\/poloniex-verification-768x363.png 768w, https:\/\/coinkickoff.com\/wp-content\/uploads\/poloniex-verification-18x9.png 18w\" sizes=\"auto, (max-width: 1437px) 100vw, 1437px\" \/><\/p>\n<p><span style=\"font-weight: 400;\">U\u017epildykite informacijos form\u0105 ir \u012fkelkite oficial\u0173 asmens tapatyb\u0117s dokument\u0105 su nuotrauka, pvz., pas\u0105 arba vairuotojo pa\u017eym\u0117jim\u0105.<\/span><\/p>\n<h3><span class=\"ez-toc-section\" id=\"3_Buy_Crypto\"><\/span><span style=\"font-weight: 400;\">3. Pirkite kriptografij\u0105<\/span><span class=\"ez-toc-section-end\"><\/span><\/h3>\n<p><span style=\"font-weight: 400;\">Poloniex leid\u017eia pirkti kriptovaliutas vienu paspaudimu per tre\u010di\u0173j\u0173 \u0161ali\u0173 mok\u0117jimo kanalus, tokius kaip Simplex ir Mercuryo. Tiesiog spustel\u0117kite mygtuk\u0105 \"Pirkti kriptovaliut\u0105\".\u00a0<\/span><\/p>\n<p><span style=\"font-weight: 400;\">Lengvo pirkimo puslapyje sukurkite BTC u\u017esakym\u0105. U\u017epildykite u\u017esakymo form\u0105 \u012fvesdami sum\u0105, kuri\u0105 norite i\u0161leisti <a href=\"https:\/\/coinkickoff.com\/lt\/bitcoin-btc\/\" data-internallinksmanager029f6b8e52c=\"1\" title=\"Kas yra Bitcoin (BTC)? Kaina, istorija ir kur \u012fsigyti\">Bitcoin<\/a>. Paprastai nustatoma ma\u017eiausia 20 USD riba.<\/span><\/p>\n<p><span style=\"font-weight: 400;\">Pasirinkite vien\u0105 i\u0161 si\u016blom\u0173 mok\u0117jimo b\u016bd\u0173. J\u016bs\u0173 u\u017esakymo informacija, \u012fskaitant visus mokes\u010dius, bus rodoma de\u0161in\u0117je puslapio pus\u0117je. Jei j\u016bs\u0173 u\u017esakymas atrodo tinkamas, spauskite \"Pateikti\".\u00a0<\/span><\/p>\n<p><span style=\"font-weight: 400;\">B\u016bsite nukreipti \u012f \"Simplex\" arba \"Mercuryo\" paskyr\u0105, kad patvirtintum\u0117te pirkim\u0105.<\/span><\/p>\n<p><img loading=\"lazy\" decoding=\"async\" class=\"alignnone wp-image-3399 size-full\" src=\"https:\/\/coinkickoff.com\/wp-content\/uploads\/poloniex-buy-crypto.png\" alt=\"\" width=\"1436\" height=\"793\" srcset=\"https:\/\/coinkickoff.com\/wp-content\/uploads\/poloniex-buy-crypto.png 1436w, https:\/\/coinkickoff.com\/wp-content\/uploads\/poloniex-buy-crypto-300x166.png 300w, https:\/\/coinkickoff.com\/wp-content\/uploads\/poloniex-buy-crypto-1024x565.png 1024w, https:\/\/coinkickoff.com\/wp-content\/uploads\/poloniex-buy-crypto-768x424.png 768w, https:\/\/coinkickoff.com\/wp-content\/uploads\/poloniex-buy-crypto-18x10.png 18w\" sizes=\"auto, (max-width: 1436px) 100vw, 1436px\" \/><\/p>\n<h3><span class=\"ez-toc-section\" id=\"Now_you_know_how_to_Bitcoin_on_Poloniex_Your_Bitcoin_will_show_up_in_your_wallet_as_soon_as_your_order_is_processed\"><\/span><span style=\"font-size: 18px; font-family: Muli, sans-serif;\"><span style=\"font-weight: 400;\">Dabar jau \u017einote, kaip Bitcoin Poloniex! J\u016bs\u0173 Bitcoin pasirodys j\u016bs\u0173 pinigin\u0117je, kai tik bus \u012fvykdytas u\u017esakymas. <\/span>\u00a0<\/span><span style=\"font-size: 18px; font-family: Muli, sans-serif;\">\u00a0<\/span><span class=\"ez-toc-section-end\"><\/span><\/h3>\n<p>&nbsp;<\/p>","protected":false},"excerpt":{"rendered":"<p>Kaip pirkti Bitcoin Poloniex Poloniex yra gana prie\u0161taringai vertinama bir\u017ea, nes vartotojai da\u017enai skund\u017eiasi negalintys i\u0161imti savo l\u0117\u0161\u0173 i\u0161 platformos. Ji \u017einoma d\u0117l to, kad joje talpinama daug suk\u010diavimo coins. Apskritai ji turi pl\u0117\u0161rios bir\u017eos reputacij\u0105, nors kai kurie gali jai teikti pirmenyb\u0119 d\u0117l palyginti didel\u0117s prekybos apimties [...]<\/p>","protected":false},"author":3,"featured_media":0,"parent":3885,"menu_order":0,"comment_status":"closed","ping_status":"closed","template":"","meta":{"_genesis_hide_title":false,"_genesis_hide_breadcrumbs":false,"_genesis_hide_singular_image":false,"_genesis_hide_footer_widgets":false,"_genesis_custom_body_class":"","_genesis_custom_post_class":"","_genesis_layout":"","_glsr_average":0,"_glsr_ranking":0,"_glsr_reviews":0,"footnotes":""},"class_list":{"0":"post-3932","1":"page","2":"type-page","3":"status-publish","5":"entry"},"featured_image_src":null,"featured_image_src_square":null,"_links":{"self":[{"href":"https:\/\/coinkickoff.com\/lt\/wp-json\/wp\/v2\/pages\/3932","targetHints":{"allow":["GET"]}}],"collection":[{"href":"https:\/\/coinkickoff.com\/lt\/wp-json\/wp\/v2\/pages"}],"about":[{"href":"https:\/\/coinkickoff.com\/lt\/wp-json\/wp\/v2\/types\/page"}],"author":[{"embeddable":true,"href":"https:\/\/coinkickoff.com\/lt\/wp-json\/wp\/v2\/users\/3"}],"replies":[{"embeddable":true,"href":"https:\/\/coinkickoff.com\/lt\/wp-json\/wp\/v2\/comments?post=3932"}],"version-history":[{"count":2,"href":"https:\/\/coinkickoff.com\/lt\/wp-json\/wp\/v2\/pages\/3932\/revisions"}],"predecessor-version":[{"id":4120,"href":"https:\/\/coinkickoff.com\/lt\/wp-json\/wp\/v2\/pages\/3932\/revisions\/4120"}],"up":[{"embeddable":true,"href":"https:\/\/coinkickoff.com\/lt\/wp-json\/wp\/v2\/pages\/3885"}],"wp:attachment":[{"href":"https:\/\/coinkickoff.com\/lt\/wp-json\/wp\/v2\/media?parent=3932"}],"curies":[{"name":"wp","href":"https:\/\/api.w.org\/{rel}","templated":true}]}}