{"id":3920,"date":"2026-01-08T14:07:48","date_gmt":"2026-01-08T14:07:48","guid":{"rendered":"https:\/\/coinkickoff.com\/?page_id=3920"},"modified":"2026-01-08T14:07:48","modified_gmt":"2026-01-08T14:07:48","slug":"how-to-buy-bitcoin-on-kraken","status":"publish","type":"page","link":"https:\/\/coinkickoff.com\/lt\/how-to-buy-bitcoin\/how-to-buy-bitcoin-on-kraken\/","title":{"rendered":"Kaip nusipirkti Bitcoin \"Kraken"},"content":{"rendered":"<div id=\"ez-toc-container\" class=\"ez-toc-v2_0_80 counter-hierarchy ez-toc-counter ez-toc-transparent ez-toc-container-direction\">\n<div class=\"ez-toc-title-container\">\n<p class=\"ez-toc-title\" style=\"cursor:inherit\">Skyriai<\/p>\n<span class=\"ez-toc-title-toggle\"><a href=\"#\" class=\"ez-toc-pull-right ez-toc-btn ez-toc-btn-xs ez-toc-btn-default ez-toc-toggle\" aria-label=\"Perjungti turinio lentel\u0119\"><span class=\"ez-toc-js-icon-con\"><span class=\"\"><span class=\"eztoc-hide\" style=\"display:none;\">Perjungti<\/span><span class=\"ez-toc-icon-toggle-span\"><svg style=\"fill: #999;color:#999\" xmlns=\"http:\/\/www.w3.org\/2000\/svg\" class=\"list-377408\" width=\"20px\" height=\"20px\" viewbox=\"0 0 24 24\" fill=\"none\"><path d=\"M6 6H4v2h2V6zm14 0H8v2h12V6zM4 11h2v2H4v-2zm16 0H8v2h12v-2zM4 16h2v2H4v-2zm16 0H8v2h12v-2z\" fill=\"currentColor\"><\/path><\/svg><svg style=\"fill: #999;color:#999\" class=\"arrow-unsorted-368013\" xmlns=\"http:\/\/www.w3.org\/2000\/svg\" width=\"10px\" height=\"10px\" viewbox=\"0 0 24 24\" version=\"1.2\" baseprofile=\"tiny\"><path d=\"M18.2 9.3l-6.2-6.3-6.2 6.3c-.2.2-.3.4-.3.7s.1.5.3.7c.2.2.4.3.7.3h11c.3 0 .5-.1.7-.3.2-.2.3-.5.3-.7s-.1-.5-.3-.7zM5.8 14.7l6.2 6.3 6.2-6.3c.2-.2.3-.5.3-.7s-.1-.5-.3-.7c-.2-.2-.4-.3-.7-.3h-11c-.3 0-.5.1-.7.3-.2.2-.3.5-.3.7s.1.5.3.7z\"\/><\/svg><\/span><\/span><\/span><\/a><\/span><\/div>\n<nav><ul class='ez-toc-list ez-toc-list-level-1 eztoc-toggle-hide-by-default' ><li class='ez-toc-page-1 ez-toc-heading-level-1'><a class=\"ez-toc-link ez-toc-heading-1\" href=\"https:\/\/coinkickoff.com\/lt\/how-to-buy-bitcoin\/how-to-buy-bitcoin-on-kraken\/#How_to_Buy_Bitcoin_on_Kraken\" >Kaip nusipirkti Bitcoin \"Kraken<\/a><ul class='ez-toc-list-level-2' ><li class='ez-toc-heading-level-2'><a class=\"ez-toc-link ez-toc-heading-2\" href=\"https:\/\/coinkickoff.com\/lt\/how-to-buy-bitcoin\/how-to-buy-bitcoin-on-kraken\/#A_Step-By-Step_Guide_on_How_to_Buy_Bitcoin_on_Kraken\" >\u017dingsnis po \u017eingsnio vadovas, kaip nusipirkti Bitcoin \"Kraken<\/a><ul class='ez-toc-list-level-3' ><li class='ez-toc-heading-level-3'><a class=\"ez-toc-link ez-toc-heading-3\" href=\"https:\/\/coinkickoff.com\/lt\/how-to-buy-bitcoin\/how-to-buy-bitcoin-on-kraken\/#1_Register_an_Account_on_Kraken\" >1. U\u017eregistruokite paskyr\u0105 \"Kraken<\/a><\/li><li class='ez-toc-page-1 ez-toc-heading-level-3'><a class=\"ez-toc-link ez-toc-heading-4\" href=\"https:\/\/coinkickoff.com\/lt\/how-to-buy-bitcoin\/how-to-buy-bitcoin-on-kraken\/#2_Verify_Your_Account\" >2. Patikrinkite savo paskyr\u0105<\/a><\/li><li class='ez-toc-page-1 ez-toc-heading-level-3'><a class=\"ez-toc-link ez-toc-heading-5\" href=\"https:\/\/coinkickoff.com\/lt\/how-to-buy-bitcoin\/how-to-buy-bitcoin-on-kraken\/#3_Enable_2FA\" >3. \u012egalinti 2FA<\/a><\/li><li class='ez-toc-page-1 ez-toc-heading-level-3'><a class=\"ez-toc-link ez-toc-heading-6\" href=\"https:\/\/coinkickoff.com\/lt\/how-to-buy-bitcoin\/how-to-buy-bitcoin-on-kraken\/#4_Add_an_Instant_Payment_Method\" >4. Prid\u0117ti momentin\u012f mok\u0117jimo b\u016bd\u0105<\/a><\/li><li class='ez-toc-page-1 ez-toc-heading-level-3'><a class=\"ez-toc-link ez-toc-heading-7\" href=\"https:\/\/coinkickoff.com\/lt\/how-to-buy-bitcoin\/how-to-buy-bitcoin-on-kraken\/#4_Navigate_to_the_Relevant_Screen_to_Buy\" >4. Pereikite \u012f atitinkam\u0105 ekran\u0105, kad gal\u0117tum\u0117te pirkti<\/a><\/li><\/ul><\/li><\/ul><\/li><\/ul><\/nav><\/div>\n<h1><span class=\"ez-toc-section\" id=\"How_to_Buy_Bitcoin_on_Kraken\"><\/span><span style=\"font-weight: 400;\">Kaip nusipirkti Bitcoin \"Kraken<\/span><span class=\"ez-toc-section-end\"><\/span><\/h1>\n<p><span style=\"font-weight: 400;\"><a href=\"https:\/\/coinkickoff.com\/lt\/kraken-review\/\">Krakenas<\/a> yra JAV \u012fsik\u016brusi veteran\u0173 bir\u017ea, gars\u0117janti auk\u0161tu saugumo lygiu. Galite \u012fsigyti kelis altcoins, taip pat <a href=\"https:\/\/coinkickoff.com\/lt\/bitcoin-btc\/\">Bitcoin<\/a> platformoje. \u010cia pateikiame m\u016bs\u0173 vadov\u0105, kaip pirkti <a href=\"https:\/\/coinkickoff.com\/lt\/bitcoin-btc\/\" data-internallinksmanager029f6b8e52c=\"1\" title=\"Kas yra Bitcoin (BTC)? Kaina, istorija ir kur \u012fsigyti\">Bitcoin<\/a> svetain\u0117je <a href=\"https:\/\/coinkickoff.com\/lt\/kraken-review\/\" data-internallinksmanager029f6b8e52c=\"171\" title=\"&quot;Kraken&quot; ap\u017evalgos 2023: Mokes\u010diai, funkcijos, saugumas, privalumai ir tr\u016bkumai\">Krakenas<\/a>.<\/span><\/p>\n<h2><span class=\"ez-toc-section\" id=\"A_Step-By-Step_Guide_on_How_to_Buy_Bitcoin_on_Kraken\"><\/span><span style=\"font-weight: 400;\">\u017dingsnis po \u017eingsnio vadovas, kaip nusipirkti Bitcoin \"Kraken<\/span><span class=\"ez-toc-section-end\"><\/span><\/h2>\n<h3><span class=\"ez-toc-section\" id=\"1_Register_an_Account_on_Kraken\"><\/span><span style=\"font-weight: 400;\">1. U\u017eregistruokite paskyr\u0105 \"Kraken<\/span><span class=\"ez-toc-section-end\"><\/span><\/h3>\n<p><a href=\"https:\/\/kraken.pxf.io\/B0Rny4\" rel=\"nofollow noopener\" target=\"_blank\"><img loading=\"lazy\" decoding=\"async\" class=\"alignnone wp-image-3406 size-full\" src=\"https:\/\/coinkickoff.com\/wp-content\/uploads\/kraken1-e1682502957481.png\" alt=\"kaip nusipirkti Dogecoin Krakene\" width=\"1339\" height=\"763\" srcset=\"https:\/\/coinkickoff.com\/wp-content\/uploads\/kraken1-e1682502957481.png 1339w, https:\/\/coinkickoff.com\/wp-content\/uploads\/kraken1-e1682502957481-300x171.png 300w, https:\/\/coinkickoff.com\/wp-content\/uploads\/kraken1-e1682502957481-1024x584.png 1024w, https:\/\/coinkickoff.com\/wp-content\/uploads\/kraken1-e1682502957481-768x438.png 768w, https:\/\/coinkickoff.com\/wp-content\/uploads\/kraken1-e1682502957481-18x10.png 18w\" sizes=\"auto, (max-width: 1339px) 100vw, 1339px\" \/><\/a><\/p>\n<p><span style=\"font-weight: 400;\"><a href=\"https:\/\/kraken.pxf.io\/B0Rny4\" rel=\"nofollow noopener\" target=\"_blank\">Prad\u0117kite nuo apsilankymo \"Kraken\" svetain\u0117je ir atsidarykite paskyr\u0105.<\/a>. \"Kraken\" \u012f j\u016bs\u0173 el. pa\u0161to adres\u0105 atsi\u0173s aktyvavimo nuorod\u0105, kad u\u017ebaigtum\u0117te registracij\u0105. Naudodamiesi \u0161ia nuoroda prisijunkite prie savo paskyros.<\/span><\/p>\n<h3><span class=\"ez-toc-section\" id=\"2_Verify_Your_Account\"><\/span><span style=\"font-weight: 400;\">2. Patikrinkite savo paskyr\u0105<\/span><span class=\"ez-toc-section-end\"><\/span><\/h3>\n<p><span style=\"font-weight: 400;\">Nor\u0117dami pirkti ir prekiauti kriptovaliutomis \"Kraken\", turite atlikti tapatyb\u0117s patikrinim\u0105. Patikrinimo raginim\u0105 galite paleisti spustel\u0117j\u0119 \"Pirkti kriptovaliut\u0105\".<\/span><\/p>\n<p><a href=\"https:\/\/kraken.pxf.io\/B0Rny4\" rel=\"nofollow noopener\" target=\"_blank\"><img loading=\"lazy\" decoding=\"async\" class=\"alignnone wp-image-3407 size-full\" src=\"https:\/\/coinkickoff.com\/wp-content\/uploads\/kraken2-e1686524781685.png\" alt=\"krakeno patikrinimo \u012fsp\u0117jimas\" width=\"1360\" height=\"791\" srcset=\"https:\/\/coinkickoff.com\/wp-content\/uploads\/kraken2-e1686524781685.png 1360w, https:\/\/coinkickoff.com\/wp-content\/uploads\/kraken2-e1686524781685-300x174.png 300w, https:\/\/coinkickoff.com\/wp-content\/uploads\/kraken2-e1686524781685-1024x596.png 1024w, https:\/\/coinkickoff.com\/wp-content\/uploads\/kraken2-e1686524781685-768x447.png 768w, https:\/\/coinkickoff.com\/wp-content\/uploads\/kraken2-e1686524781685-18x10.png 18w\" sizes=\"auto, (max-width: 1360px) 100vw, 1360px\" \/><\/a><\/p>\n<p><span style=\"font-weight: 400;\">U\u017epildykite identifikavimo form\u0105. \u012esitikinkite, kad j\u016bs\u0173 informacija atitinka asmens tapatyb\u0117s dokumentus. Spustel\u0117kite \"T\u0119sti\".<\/span><\/p>\n<p><a href=\"https:\/\/kraken.pxf.io\/B0Rny4\" rel=\"nofollow noopener\" target=\"_blank\"><img loading=\"lazy\" decoding=\"async\" class=\"alignnone wp-image-3408 size-full\" src=\"https:\/\/coinkickoff.com\/wp-content\/uploads\/kraken3-e1682503223180.png\" alt=\"\" width=\"1375\" height=\"777\" srcset=\"https:\/\/coinkickoff.com\/wp-content\/uploads\/kraken3-e1682503223180.png 1375w, https:\/\/coinkickoff.com\/wp-content\/uploads\/kraken3-e1682503223180-300x170.png 300w, https:\/\/coinkickoff.com\/wp-content\/uploads\/kraken3-e1682503223180-1024x579.png 1024w, https:\/\/coinkickoff.com\/wp-content\/uploads\/kraken3-e1682503223180-768x434.png 768w, https:\/\/coinkickoff.com\/wp-content\/uploads\/kraken3-e1682503223180-18x10.png 18w, https:\/\/coinkickoff.com\/wp-content\/uploads\/kraken3-e1682503223180-600x338.png 600w\" sizes=\"auto, (max-width: 1375px) 100vw, 1375px\" \/><\/a><\/p>\n<p><span style=\"font-weight: 400;\">Kitame puslapyje b\u016bsite papra\u0161yti \u012fkelti oficial\u0173 asmens tapatyb\u0117s dokument\u0105 su nuotrauka. Galite \u012fkelti savo nacionalin\u0117s asmens tapatyb\u0117s kortel\u0117s, paso puslapio arba vairuotojo pa\u017eym\u0117jimo nuotrauk\u0105.<\/span><\/p>\n<h3><span class=\"ez-toc-section\" id=\"3_Enable_2FA\"><\/span><span style=\"font-weight: 400;\">3. \u012egalinti 2FA<\/span><span class=\"ez-toc-section-end\"><\/span><\/h3>\n<p><span style=\"font-weight: 400;\">Prie\u0161 pervesdami ind\u0117l\u012f \u012f \"Kraken\", eikite \u012f savo profil\u012f ir saugumo nustatymus ir \u012fjunkite 2FA. Taip u\u017etikrinsite, kad j\u016bs\u0173 paskyra bus apsaugota, net jei slapta\u017eodis b\u016bt\u0173 pa\u017eeistas.\u00a0<\/span><\/p>\n<p><img loading=\"lazy\" decoding=\"async\" class=\"alignnone wp-image-3409 size-full\" src=\"https:\/\/coinkickoff.com\/wp-content\/uploads\/kraken4-e1682503267822.png\" alt=\"\" width=\"1360\" height=\"795\" srcset=\"https:\/\/coinkickoff.com\/wp-content\/uploads\/kraken4-e1682503267822.png 1360w, https:\/\/coinkickoff.com\/wp-content\/uploads\/kraken4-e1682503267822-300x175.png 300w, https:\/\/coinkickoff.com\/wp-content\/uploads\/kraken4-e1682503267822-1024x599.png 1024w, https:\/\/coinkickoff.com\/wp-content\/uploads\/kraken4-e1682503267822-768x449.png 768w, https:\/\/coinkickoff.com\/wp-content\/uploads\/kraken4-e1682503267822-18x12.png 18w\" sizes=\"auto, (max-width: 1360px) 100vw, 1360px\" \/><\/p>\n<p><span style=\"font-weight: 400;\">\"Kraken\" reikalauja \u012fjungti 2FA prisijungimo funkcij\u0105, ta\u010diau j\u0105 galite \u012fjungti ir kitoms operacijoms, \u012fskaitant finansavim\u0105 ir prekyb\u0105. Nor\u0117dami prad\u0117ti proces\u0105, tiesiog spustel\u0117kite \"Activate Now\".<\/span><\/p>\n<p><a href=\"https:\/\/kraken.pxf.io\/B0Rny4\" rel=\"nofollow noopener\" target=\"_blank\"><span style=\"font-weight: 400;\"><img loading=\"lazy\" decoding=\"async\" class=\"alignnone wp-image-3405 size-full\" src=\"https:\/\/coinkickoff.com\/wp-content\/uploads\/kraken-5-e1682503294785.png\" alt=\"\" width=\"1357\" height=\"770\" srcset=\"https:\/\/coinkickoff.com\/wp-content\/uploads\/kraken-5-e1682503294785.png 1357w, https:\/\/coinkickoff.com\/wp-content\/uploads\/kraken-5-e1682503294785-300x170.png 300w, https:\/\/coinkickoff.com\/wp-content\/uploads\/kraken-5-e1682503294785-1024x581.png 1024w, https:\/\/coinkickoff.com\/wp-content\/uploads\/kraken-5-e1682503294785-768x436.png 768w, https:\/\/coinkickoff.com\/wp-content\/uploads\/kraken-5-e1682503294785-18x10.png 18w\" sizes=\"auto, (max-width: 1357px) 100vw, 1357px\" \/><\/span><\/a><\/p>\n<p><span style=\"font-weight: 400;\">Pirmiausia atsisi\u0173skite \"Google Authenticator\" program\u0117l\u0119. Nuskai\u010dius QR kod\u0105 2FA s\u0105rankos puslapyje, program\u0117l\u0117 sugeneruos saugumo kod\u0105. \u012eveskite kod\u0105 ir spustel\u0117kite \"Patvirtinti\".<\/span><\/p>\n<p><img loading=\"lazy\" decoding=\"async\" class=\"alignnone wp-image-3410 size-full\" src=\"https:\/\/coinkickoff.com\/wp-content\/uploads\/kraken6-e1682503322525.png\" alt=\"\" width=\"1357\" height=\"791\" \/><\/p>\n<h3><span class=\"ez-toc-section\" id=\"4_Add_an_Instant_Payment_Method\"><\/span><span style=\"font-weight: 400;\">4. Prid\u0117ti momentin\u012f mok\u0117jimo b\u016bd\u0105<\/span><span class=\"ez-toc-section-end\"><\/span><\/h3>\n<p><span style=\"font-weight: 400;\">Prid\u0117j\u0119 momentin\u012f mok\u0117jimo b\u016bd\u0105, galite vienu paspaudimu nusipirkti Bitcoin ar kit\u0173 skaitmenini\u0173 valiut\u0173 \"Kraken\". Nor\u0117dami tai padaryti, tiesiog spustel\u0117kite \"Pirkti kriptovaliut\u0105\". Kitame puslapyje pasirinkite \"Prid\u0117ti mok\u0117jimo metodus\".\u00a0<\/span><\/p>\n<p><img loading=\"lazy\" decoding=\"async\" class=\"alignnone wp-image-3412 size-full\" src=\"https:\/\/coinkickoff.com\/wp-content\/uploads\/kraken8-e1682503364155.png\" alt=\"kaip nusipirkti Shiba Inu Kraken\" width=\"1206\" height=\"781\" srcset=\"https:\/\/coinkickoff.com\/wp-content\/uploads\/kraken8-e1682503364155.png 1206w, https:\/\/coinkickoff.com\/wp-content\/uploads\/kraken8-e1682503364155-300x194.png 300w, https:\/\/coinkickoff.com\/wp-content\/uploads\/kraken8-e1682503364155-1024x663.png 1024w, https:\/\/coinkickoff.com\/wp-content\/uploads\/kraken8-e1682503364155-768x497.png 768w, https:\/\/coinkickoff.com\/wp-content\/uploads\/kraken8-e1682503364155-18x12.png 18w\" sizes=\"auto, (max-width: 1206px) 100vw, 1206px\" \/><\/p>\n<p><span style=\"font-weight: 400;\">Pasirinkite \"Prid\u0117ti mok\u0117jimo kortel\u0119\".<\/span><\/p>\n<p><img loading=\"lazy\" decoding=\"async\" class=\"alignnone wp-image-3413 size-full\" src=\"https:\/\/coinkickoff.com\/wp-content\/uploads\/kraken9-e1682503407337.png\" alt=\"Kaip nusipirkti Bitcoin &quot;Kraken\" width=\"1196\" height=\"776\" srcset=\"https:\/\/coinkickoff.com\/wp-content\/uploads\/kraken9-e1682503407337.png 1196w, https:\/\/coinkickoff.com\/wp-content\/uploads\/kraken9-e1682503407337-300x195.png 300w, https:\/\/coinkickoff.com\/wp-content\/uploads\/kraken9-e1682503407337-1024x664.png 1024w, https:\/\/coinkickoff.com\/wp-content\/uploads\/kraken9-e1682503407337-768x498.png 768w, https:\/\/coinkickoff.com\/wp-content\/uploads\/kraken9-e1682503407337-18x12.png 18w\" sizes=\"auto, (max-width: 1196px) 100vw, 1196px\" \/><\/p>\n<p><span style=\"font-weight: 400;\">Kitame puslapyje \u012fveskite kortel\u0117s informacij\u0105. \u012etrauk\u0119 savo kortel\u0119, galite i\u0161 karto pirkti Bitcoin i\u0161 platformos.<\/span><\/p>\n<h3><span class=\"ez-toc-section\" id=\"4_Navigate_to_the_Relevant_Screen_to_Buy\"><\/span><span style=\"font-weight: 400;\">4. Pereikite \u012f atitinkam\u0105 ekran\u0105, kad gal\u0117tum\u0117te pirkti<\/span><span class=\"ez-toc-section-end\"><\/span><\/h3>\n<p><span style=\"font-weight: 400;\">Yra du b\u016bdai, kaip nusipirkti Bitcoin <a href=\"https:\/\/coinkickoff.com\/lt\/binance-review\/\" data-internallinksmanager029f6b8e52c=\"152\" title=\"Binance Atsiliepimai 2024: Funkcijos, mokes\u010diai, saugumas, privalumai ir tr\u016bkumai\">Binance<\/a>. Jei prie paskyros prid\u0117jote kredito arba debeto kortel\u0119, galite naudotis momentinio pirkimo funkcija. Jei \u012f savo s\u0105skait\u0105 \u012fne\u0161\u0117te gryn\u0173j\u0173 pinig\u0173, galite konvertuoti USD \u012f BTC.<\/span><\/p>\n<p><span style=\"font-weight: 400;\">Prad\u0117kime nuo pirkim\u0173 kredito kortel\u0117mis. Dar kart\u0105 spustel\u0117kite \"Buy Crypto\" ir pasirinkite \"Buy\".<\/span><\/p>\n<p><span style=\"font-weight: 400;\">\"Kraken\" suteikia galimyb\u0119 tiesiogiai pirkti kelis skaitmeninius aktyvus u\u017e fiat, \u012fskaitant Bitcoin. Tiesiog paie\u0161kos juostoje \u012fveskite BTC ir i\u0161 s\u0105ra\u0161o pasirinkite Bitcoin.\u00a0<\/span><\/p>\n<p><span style=\"font-weight: 400;\">U\u017esakymo formoje \u012fveskite, kiek norite i\u0161leisti BTC, ir kaip mok\u0117jimo b\u016bd\u0105 pasirinkite savo kortel\u0119.<\/span><\/p>\n<p><span style=\"font-weight: 400;\">Kai paspausite \"Patvirtinti\", \"Kraken\" parodys mokes\u010dius, prid\u0117tus prie j\u016bs\u0173 pirkimo. Perkant kreditine ir debetine kortele prie u\u017esakymo pridedamas 3-5% mokestis, tod\u0117l jis gali b\u016bti \u0161iek tiek brangesnis. Ta\u010diau beveik visose bir\u017eose jis yra toks pat.<\/span><\/p>\n<p><span style=\"font-weight: 400;\">Jei \u012f \"Kraken\" s\u0105skait\u0105 \u012fne\u0161\u0117te gryn\u0173j\u0173 pinig\u0173, USD galite i\u0161keisti \u012f BTC arba konvertuoti USD \u012f BTC naudodami <\/span><a href=\"https:\/\/kraken.pxf.io\/B0Rny4convert\/shib\/usd\" target=\"_blank\" rel=\"noopener\"><span style=\"font-weight: 400;\">automatinis keitiklis<\/span><\/a><span style=\"font-weight: 400;\">. Tai n\u0117ra taip paprasta ir greita, kaip pirkti vienu spustel\u0117jimu, ta\u010diau mokes\u010diai yra daug ma\u017eesni.<\/span><\/p>\n<p><span style=\"font-weight: 400;\">Automatin\u012f keitikl\u012f labai lengva naudoti, ta\u010diau jis turi nustatyt\u0105 prekybos greit\u012f. Kitaip tariant, \"Kraken\" nustato BTC kain\u0105, kai naudojate \u0161\u012f metod\u0105.<\/span><\/p>\n<p><span style=\"font-weight: 400;\">Jei norite der\u0117tis d\u0117l kain\u0173, prekybos s\u0105sajoje galite sudaryti sandor\u012f. Spustel\u0117kite \"Prekyba\" ir pasirinkite \"Naujas u\u017esakymas\". Nustatykite savo prekybos por\u0105 us USD\/BTC.<\/span><\/p>\n<p><span style=\"font-weight: 400;\">Dabar \u012fveskite sum\u0105, kuri\u0105 norite i\u0161leisti Bitcoin. \"Kraken\" jums si\u016blo BTC rinkos kain\u0105, ta\u010diau j\u016bs galite j\u0105 koreguoti. Jei j\u016bs\u0173 nustatyta kaina yra ma\u017eesn\u0117 u\u017e rinkos kain\u0105, tur\u0117site laukti, kol kas nors pasinaudos j\u016bs\u0173 pasi\u016blymu, ir tik tada gausite Bitcoin.<\/span><\/p>","protected":false},"excerpt":{"rendered":"<p>Kaip nusipirkti Bitcoin \"Kraken\" \"Kraken\" yra JAV \u012fsik\u016brusi veteran\u0173 bir\u017ea, kuri gars\u0117ja auk\u0161tu saugumo lygiu. \u0160ioje platformoje galite nusipirkti kelet\u0105 altcoins ir Bitcoin. \u010cia pateikiame m\u016bs\u0173 vadov\u0105, kaip pirkti Bitcoin \"Kraken\". \u017dingsnis po \u017eingsnio vadovas, kaip nusipirkti Bitcoin \"Kraken\" platformoje 1. [...]<\/p>","protected":false},"author":3,"featured_media":0,"parent":3885,"menu_order":0,"comment_status":"closed","ping_status":"closed","template":"","meta":{"_genesis_hide_title":false,"_genesis_hide_breadcrumbs":false,"_genesis_hide_singular_image":false,"_genesis_hide_footer_widgets":false,"_genesis_custom_body_class":"","_genesis_custom_post_class":"","_genesis_layout":"","_glsr_average":0,"_glsr_ranking":0,"_glsr_reviews":0,"footnotes":""},"class_list":{"0":"post-3920","1":"page","2":"type-page","3":"status-publish","5":"entry"},"featured_image_src":null,"featured_image_src_square":null,"_links":{"self":[{"href":"https:\/\/coinkickoff.com\/lt\/wp-json\/wp\/v2\/pages\/3920","targetHints":{"allow":["GET"]}}],"collection":[{"href":"https:\/\/coinkickoff.com\/lt\/wp-json\/wp\/v2\/pages"}],"about":[{"href":"https:\/\/coinkickoff.com\/lt\/wp-json\/wp\/v2\/types\/page"}],"author":[{"embeddable":true,"href":"https:\/\/coinkickoff.com\/lt\/wp-json\/wp\/v2\/users\/3"}],"replies":[{"embeddable":true,"href":"https:\/\/coinkickoff.com\/lt\/wp-json\/wp\/v2\/comments?post=3920"}],"version-history":[{"count":3,"href":"https:\/\/coinkickoff.com\/lt\/wp-json\/wp\/v2\/pages\/3920\/revisions"}],"predecessor-version":[{"id":4245,"href":"https:\/\/coinkickoff.com\/lt\/wp-json\/wp\/v2\/pages\/3920\/revisions\/4245"}],"up":[{"embeddable":true,"href":"https:\/\/coinkickoff.com\/lt\/wp-json\/wp\/v2\/pages\/3885"}],"wp:attachment":[{"href":"https:\/\/coinkickoff.com\/lt\/wp-json\/wp\/v2\/media?parent=3920"}],"curies":[{"name":"wp","href":"https:\/\/api.w.org\/{rel}","templated":true}]}}