{"id":3899,"date":"2026-01-08T14:07:44","date_gmt":"2026-01-08T14:07:44","guid":{"rendered":"https:\/\/coinkickoff.com\/?page_id=3899"},"modified":"2026-01-08T14:07:44","modified_gmt":"2026-01-08T14:07:44","slug":"how-to-buy-bitcoin-on-coinbase","status":"publish","type":"page","link":"https:\/\/coinkickoff.com\/lt\/how-to-buy-bitcoin\/how-to-buy-bitcoin-on-coinbase\/","title":{"rendered":"Kaip nusipirkti Bitcoin Coinbase"},"content":{"rendered":"<div id=\"ez-toc-container\" class=\"ez-toc-v2_0_80 counter-hierarchy ez-toc-counter ez-toc-transparent ez-toc-container-direction\">\n<div class=\"ez-toc-title-container\">\n<p class=\"ez-toc-title\" style=\"cursor:inherit\">Skyriai<\/p>\n<span class=\"ez-toc-title-toggle\"><a href=\"#\" class=\"ez-toc-pull-right ez-toc-btn ez-toc-btn-xs ez-toc-btn-default ez-toc-toggle\" aria-label=\"Perjungti turinio lentel\u0119\"><span class=\"ez-toc-js-icon-con\"><span class=\"\"><span class=\"eztoc-hide\" style=\"display:none;\">Perjungti<\/span><span class=\"ez-toc-icon-toggle-span\"><svg style=\"fill: #999;color:#999\" xmlns=\"http:\/\/www.w3.org\/2000\/svg\" class=\"list-377408\" width=\"20px\" height=\"20px\" viewbox=\"0 0 24 24\" fill=\"none\"><path d=\"M6 6H4v2h2V6zm14 0H8v2h12V6zM4 11h2v2H4v-2zm16 0H8v2h12v-2zM4 16h2v2H4v-2zm16 0H8v2h12v-2z\" fill=\"currentColor\"><\/path><\/svg><svg style=\"fill: #999;color:#999\" class=\"arrow-unsorted-368013\" xmlns=\"http:\/\/www.w3.org\/2000\/svg\" width=\"10px\" height=\"10px\" viewbox=\"0 0 24 24\" version=\"1.2\" baseprofile=\"tiny\"><path d=\"M18.2 9.3l-6.2-6.3-6.2 6.3c-.2.2-.3.4-.3.7s.1.5.3.7c.2.2.4.3.7.3h11c.3 0 .5-.1.7-.3.2-.2.3-.5.3-.7s-.1-.5-.3-.7zM5.8 14.7l6.2 6.3 6.2-6.3c.2-.2.3-.5.3-.7s-.1-.5-.3-.7c-.2-.2-.4-.3-.7-.3h-11c-.3 0-.5.1-.7.3-.2.2-.3.5-.3.7s.1.5.3.7z\"\/><\/svg><\/span><\/span><\/span><\/a><\/span><\/div>\n<nav><ul class='ez-toc-list ez-toc-list-level-1 eztoc-toggle-hide-by-default' ><li class='ez-toc-page-1 ez-toc-heading-level-2'><a class=\"ez-toc-link ez-toc-heading-1\" href=\"https:\/\/coinkickoff.com\/lt\/how-to-buy-bitcoin\/how-to-buy-bitcoin-on-coinbase\/#How_to_Buy_Bitcoin_on_Coinbase\" >Kaip nusipirkti Bitcoin Coinbase<\/a><\/li><li class='ez-toc-page-1 ez-toc-heading-level-2'><a class=\"ez-toc-link ez-toc-heading-2\" href=\"https:\/\/coinkickoff.com\/lt\/how-to-buy-bitcoin\/how-to-buy-bitcoin-on-coinbase\/#A_Step-By-Step_Guide_on_How_to_Buy_Bitcoin_on_Coinbase\" >\u017dingsnis po \u017eingsnio vadovas, kaip nusipirkti Bitcoin Coinbase<\/a><ul class='ez-toc-list-level-3' ><li class='ez-toc-heading-level-3'><a class=\"ez-toc-link ez-toc-heading-3\" href=\"https:\/\/coinkickoff.com\/lt\/how-to-buy-bitcoin\/how-to-buy-bitcoin-on-coinbase\/#1_Register_an_Account\" >1. U\u017eregistruokite paskyr\u0105<\/a><\/li><li class='ez-toc-page-1 ez-toc-heading-level-3'><a class=\"ez-toc-link ez-toc-heading-4\" href=\"https:\/\/coinkickoff.com\/lt\/how-to-buy-bitcoin\/how-to-buy-bitcoin-on-coinbase\/#2_Verify_Your_Account\" >2. Patikrinkite savo paskyr\u0105<\/a><\/li><li class='ez-toc-page-1 ez-toc-heading-level-3'><a class=\"ez-toc-link ez-toc-heading-5\" href=\"https:\/\/coinkickoff.com\/lt\/how-to-buy-bitcoin\/how-to-buy-bitcoin-on-coinbase\/#3_Deposit_FundsCrypto\" >3. Depozitin\u0117s l\u0117\u0161os \/ kriptografija<\/a><\/li><li class='ez-toc-page-1 ez-toc-heading-level-3'><a class=\"ez-toc-link ez-toc-heading-6\" href=\"https:\/\/coinkickoff.com\/lt\/how-to-buy-bitcoin\/how-to-buy-bitcoin-on-coinbase\/#4_Navigate_to_the_Relevant_Screen_to_Buy\" >4. Pereikite \u012f atitinkam\u0105 ekran\u0105, kad gal\u0117tum\u0117te pirkti<\/a><\/li><\/ul><\/li><\/ul><\/nav><\/div>\n<h2><span class=\"ez-toc-section\" id=\"How_to_Buy_Bitcoin_on_Coinbase\"><\/span><span style=\"font-weight: 400;\">Kaip nusipirkti Bitcoin Coinbase<\/span><span class=\"ez-toc-section-end\"><\/span><\/h2>\n<p><span style=\"font-weight: 400;\">Jei \u0161iek tiek \u017einote apie <a href=\"https:\/\/coinkickoff.com\/lt\/bitcoin-btc\/\" data-internallinksmanager029f6b8e52c=\"1\" title=\"Kas yra Bitcoin (BTC)? Kaina, istorija ir kur \u012fsigyti\">Bitcoin<\/a>, galb\u016bt jau gird\u0117jote apie <a href=\"https:\/\/coinkickoff.com\/lt\/coinbase-review\/\" data-internallinksmanager029f6b8e52c=\"142\" title=\"Coinbase Atsiliepimai 2024: Funkcijos, mokes\u010diai, saugumas, privalumai ir tr\u016bkumai\">Coinbase<\/a>, viena i\u0161 pirmaujan\u010di\u0173 <a href=\"https:\/\/coinkickoff.com\/lt\/crypto-exchanges\/\" data-internallinksmanager029f6b8e52c=\"141\" title=\"21 Geriausios kriptovaliut\u0173 keityklos ir programos 2024 m.\">cryptocurrency mainai<\/a> pasaulyje.<\/span><\/p>\n<p><span style=\"font-weight: 400;\">Coinbase yra JAV \u012fsik\u016brusi skaitmenin\u0117 keitykla, \u017einoma d\u0117l savo paprastumo naudoti ir atitikimo \u0161ali\u0173, kuriose ji veikia, \u012fstatymams ir taisykl\u0117ms. Laukini\u0173 ir da\u017enai nereguliuojam\u0173 kriptovaliut\u0173 bir\u017e\u0173 j\u016broje ji i\u0161lieka stabilumo \u0161vyturiu, tod\u0117l da\u017enai rekomenduojama pradedantiesiems prekiautojams kaip patikimas pasirinkimas.\u00a0<\/span><\/p>\n<p><span style=\"font-weight: 400;\">Jei norite prad\u0117ti savo kriptovaliut\u0173 kelion\u0119, kad nusipirktum\u0117te \u0161iek tiek BTC, <\/span><a href=\"https:\/\/coinkickoff.com\/lt\/coinbase-review\/\"><span style=\"font-weight: 400;\">Coinbase<\/span><\/a><span style=\"font-weight: 400;\"> yra logi\u0161kas pasirinkimas. \u0160iame vadove paai\u0161kinsime, kaip nusipirkti Bitcoin Coinbase, pateikdami i\u0161samias instrukcijas \u017eingsnis po \u017eingsnio.<\/span><\/p>\n<h2><span class=\"ez-toc-section\" id=\"A_Step-By-Step_Guide_on_How_to_Buy_Bitcoin_on_Coinbase\"><\/span><span style=\"font-weight: 400;\">\u017dingsnis po \u017eingsnio vadovas, kaip nusipirkti Bitcoin Coinbase<\/span><span class=\"ez-toc-section-end\"><\/span><\/h2>\n<h3><span class=\"ez-toc-section\" id=\"1_Register_an_Account\"><\/span><span style=\"font-weight: 400;\">1. U\u017eregistruokite paskyr\u0105<\/span><span class=\"ez-toc-section-end\"><\/span><\/h3>\n<h2><img loading=\"lazy\" decoding=\"async\" class=\"alignnone wp-image-3527 size-large\" style=\"font-size: 18px; font-family: Muli, sans-serif;\" src=\"https:\/\/coinkickoff.com\/wp-content\/uploads\/Screen-Shot-2023-03-30-at-7.13.25-AM-e1686183370122-1024x538.png\" alt=\"\" width=\"1024\" height=\"538\" srcset=\"https:\/\/coinkickoff.com\/wp-content\/uploads\/Screen-Shot-2023-03-30-at-7.13.25-AM-e1686183370122-1024x538.png 1024w, https:\/\/coinkickoff.com\/wp-content\/uploads\/Screen-Shot-2023-03-30-at-7.13.25-AM-e1686183370122-300x158.png 300w, https:\/\/coinkickoff.com\/wp-content\/uploads\/Screen-Shot-2023-03-30-at-7.13.25-AM-e1686183370122-768x404.png 768w, https:\/\/coinkickoff.com\/wp-content\/uploads\/Screen-Shot-2023-03-30-at-7.13.25-AM-e1686183370122-18x9.png 18w, https:\/\/coinkickoff.com\/wp-content\/uploads\/Screen-Shot-2023-03-30-at-7.13.25-AM-e1686183370122.png 1277w\" sizes=\"auto, (max-width: 1024px) 100vw, 1024px\" \/><\/h2>\n<p><span style=\"font-weight: 400;\">Pirmiausia naudokite m\u016bs\u0173 nuorod\u0105 ir eikite \u012f <\/span><a href=\"https:\/\/coinbase-consumer.sjv.io\/ORPoaG\" target=\"_blank\" rel=\"noopener\"><span style=\"font-weight: 400;\">Coinbase oficiali svetain\u0117<\/span><\/a><span style=\"font-weight: 400;\"> ir atidarykite valiutos keitimo s\u0105skait\u0105.<\/span><\/p>\n<p><span style=\"font-weight: 400;\">Turite u\u017esiregistruoti nurodydami savo oficial\u0173 vard\u0105 ir pavard\u0119. Kadangi Coinbase taiko grie\u017et\u0105 KYC politik\u0105, svarbu, kad pirm\u0105 kart\u0105 registruojantis j\u016bs\u0173 asmens duomenys sutapt\u0173 su j\u016bs\u0173 ID.<\/span><\/p>\n<p><span style=\"font-weight: 400;\">U\u017epild\u0119 form\u0105 spustel\u0117kite \"Sukurti paskyr\u0105\". \"Coinbase\" atsi\u0173s patvirtinimo nuorod\u0105 el. pa\u0161tu. Spustel\u0117kite nuorod\u0105, kad patvirtintum\u0117te savo el. pa\u0161to adres\u0105.\u00a0<\/span><\/p>\n<p><span style=\"font-weight: 400;\">Coinbase taip pat reikalauja patvirtinti savo mobiliojo telefono numer\u012f, kad gal\u0117tum\u0117te prisijungti prie paskyros. Kai b\u016bsite paraginti, \u012fveskite savo skaitmenis ir naudokite gaut\u0105 SMS kod\u0105, kad prisijungtum\u0117te.<\/span><\/p>\n<h3><span class=\"ez-toc-section\" id=\"2_Verify_Your_Account\"><\/span><span style=\"font-weight: 400;\">2. Patikrinkite savo paskyr\u0105<\/span><span class=\"ez-toc-section-end\"><\/span><\/h3>\n<p><span style=\"font-weight: 400;\">Coinbase b\u016btina patikrinti tapatyb\u0119. Laimei, tai nesud\u0117tingas procesas. Tiesiog spustel\u0117kite mygtuk\u0105 \"Patikrinti tapatyb\u0119\", kuris pasirodo pirm\u0105 kart\u0105 prisijungus. <\/span><\/p>\n<p><img loading=\"lazy\" decoding=\"async\" class=\"alignnone wp-image-3526 size-large\" src=\"https:\/\/coinkickoff.com\/wp-content\/uploads\/Screen-Shot-2023-03-30-at-6.16.20-AM-e1683779340546-1024x470.png\" alt=\"\" width=\"1024\" height=\"470\" srcset=\"https:\/\/coinkickoff.com\/wp-content\/uploads\/Screen-Shot-2023-03-30-at-6.16.20-AM-e1683779340546-1024x470.png 1024w, https:\/\/coinkickoff.com\/wp-content\/uploads\/Screen-Shot-2023-03-30-at-6.16.20-AM-e1683779340546-300x138.png 300w, https:\/\/coinkickoff.com\/wp-content\/uploads\/Screen-Shot-2023-03-30-at-6.16.20-AM-e1683779340546-768x352.png 768w, https:\/\/coinkickoff.com\/wp-content\/uploads\/Screen-Shot-2023-03-30-at-6.16.20-AM-e1683779340546-18x8.png 18w, https:\/\/coinkickoff.com\/wp-content\/uploads\/Screen-Shot-2023-03-30-at-6.16.20-AM-e1683779340546.png 1389w\" sizes=\"auto, (max-width: 1024px) 100vw, 1024px\" \/><\/p>\n<p><span style=\"font-weight: 400;\">Jei nety\u010dia u\u017edar\u0117te i\u0161\u0161okant\u012f \u012fsp\u0117jim\u0105 apie patikrinim\u0105, nesijaudinkite. Tiesiog spustel\u0117j\u0119 m\u0117lynai pa\u017eym\u0117t\u0105 skirtuk\u0105 \"Pirkti ir parduoti\", paleisite kit\u0105 patikrinimo u\u017eklaus\u0105. Taip pat galite spustel\u0117ti savo profilio piktogram\u0105 ir pereiti \u012f skirtuk\u0105 \"Patikrinimas\", kad rankiniu b\u016bdu prad\u0117tum\u0117te proces\u0105.<\/span><\/p>\n<p><img loading=\"lazy\" decoding=\"async\" class=\"alignnone wp-image-3525 size-full\" src=\"https:\/\/coinkickoff.com\/wp-content\/uploads\/Screen-Shot-2023-03-30-at-6.15.03-AM-e1683779367919.png\" alt=\"\" width=\"1436\" height=\"806\" srcset=\"https:\/\/coinkickoff.com\/wp-content\/uploads\/Screen-Shot-2023-03-30-at-6.15.03-AM-e1683779367919.png 1436w, https:\/\/coinkickoff.com\/wp-content\/uploads\/Screen-Shot-2023-03-30-at-6.15.03-AM-e1683779367919-300x168.png 300w, https:\/\/coinkickoff.com\/wp-content\/uploads\/Screen-Shot-2023-03-30-at-6.15.03-AM-e1683779367919-1024x575.png 1024w, https:\/\/coinkickoff.com\/wp-content\/uploads\/Screen-Shot-2023-03-30-at-6.15.03-AM-e1683779367919-768x431.png 768w, https:\/\/coinkickoff.com\/wp-content\/uploads\/Screen-Shot-2023-03-30-at-6.15.03-AM-e1683779367919-18x10.png 18w, https:\/\/coinkickoff.com\/wp-content\/uploads\/Screen-Shot-2023-03-30-at-6.15.03-AM-e1683779367919-600x338.png 600w\" sizes=\"auto, (max-width: 1436px) 100vw, 1436px\" \/><\/p>\n<p><span style=\"font-weight: 400;\">Coinbase pateikia jums u\u017epildyti i\u0161sam\u0173 klausimyn\u0105. \u012esitikinkite, kad anket\u0105 u\u017epild\u0117te pateikdami tiksli\u0105 informacij\u0105. D\u0117l netikslios arba tr\u016bkstamos informacijos gali v\u0117luoti j\u016bs\u0173 patikros patvirtinimas.\u00a0\u00a0<\/span><\/p>\n<p><span style=\"font-weight: 400;\">U\u017epild\u0119 form\u0105, \u012f platform\u0105 \u012fkelkite oficial\u0173 asmens tapatyb\u0117s dokument\u0105 su nuotrauka, pvz., paso puslap\u012f arba vairuotojo pa\u017eym\u0117jim\u0105. Patikrinimas paprastai trunka kelias minutes, o j\u012f atlik\u0119 gal\u0117site pervesti l\u0117\u0161as ir \u012fsigyti BTC.<\/span><\/p>\n<h3><span class=\"ez-toc-section\" id=\"3_Deposit_FundsCrypto\"><\/span><span style=\"font-weight: 400;\">3. Depozitin\u0117s l\u0117\u0161os \/ kriptografija<\/span><span class=\"ez-toc-section-end\"><\/span><\/h3>\n<p><span style=\"font-weight: 400;\">Kitas \u017eingsnis - prid\u0117ti mok\u0117jimo b\u016bd\u0105 prie savo Coinbase paskyros. Spustel\u0117kite savo profilio piktogram\u0105 (vir\u0161utiniame de\u0161iniajame kampe), kad patektum\u0117te \u012f paskyros nustatymus. <\/span><\/p>\n<p><img loading=\"lazy\" decoding=\"async\" class=\"alignnone wp-image-3521 size-full\" src=\"https:\/\/coinkickoff.com\/wp-content\/uploads\/Screen-Shot-2023-03-29-at-10.44.01-PM-e1683779393247.png\" alt=\"\" width=\"1396\" height=\"673\" srcset=\"https:\/\/coinkickoff.com\/wp-content\/uploads\/Screen-Shot-2023-03-29-at-10.44.01-PM-e1683779393247.png 1396w, https:\/\/coinkickoff.com\/wp-content\/uploads\/Screen-Shot-2023-03-29-at-10.44.01-PM-e1683779393247-300x145.png 300w, https:\/\/coinkickoff.com\/wp-content\/uploads\/Screen-Shot-2023-03-29-at-10.44.01-PM-e1683779393247-1024x494.png 1024w, https:\/\/coinkickoff.com\/wp-content\/uploads\/Screen-Shot-2023-03-29-at-10.44.01-PM-e1683779393247-768x370.png 768w, https:\/\/coinkickoff.com\/wp-content\/uploads\/Screen-Shot-2023-03-29-at-10.44.01-PM-e1683779393247-18x9.png 18w\" sizes=\"auto, (max-width: 1396px) 100vw, 1396px\" \/><\/p>\n<p><span style=\"font-weight: 400;\">Spustel\u0117kite skirtuk\u0105 \"Mok\u0117jimo b\u016bdai\".<\/span><\/p>\n<p><img loading=\"lazy\" decoding=\"async\" class=\"alignnone wp-image-3522 size-full\" src=\"https:\/\/coinkickoff.com\/wp-content\/uploads\/Screen-Shot-2023-03-29-at-10.44.08-PM-e1683779417928.png\" alt=\"\" width=\"1414\" height=\"719\" srcset=\"https:\/\/coinkickoff.com\/wp-content\/uploads\/Screen-Shot-2023-03-29-at-10.44.08-PM-e1683779417928.png 1414w, https:\/\/coinkickoff.com\/wp-content\/uploads\/Screen-Shot-2023-03-29-at-10.44.08-PM-e1683779417928-300x153.png 300w, https:\/\/coinkickoff.com\/wp-content\/uploads\/Screen-Shot-2023-03-29-at-10.44.08-PM-e1683779417928-1024x521.png 1024w, https:\/\/coinkickoff.com\/wp-content\/uploads\/Screen-Shot-2023-03-29-at-10.44.08-PM-e1683779417928-768x391.png 768w, https:\/\/coinkickoff.com\/wp-content\/uploads\/Screen-Shot-2023-03-29-at-10.44.08-PM-e1683779417928-18x9.png 18w\" sizes=\"auto, (max-width: 1414px) 100vw, 1414px\" \/><\/p>\n<p><span style=\"font-weight: 400;\">Dabar paspauskite mygtuk\u0105 \"Prid\u0117ti mok\u0117jimo b\u016bd\u0105\", kad pamatytum\u0117te savo galimybes.<\/span><\/p>\n<p><img loading=\"lazy\" decoding=\"async\" class=\"alignnone wp-image-3523 size-full\" src=\"https:\/\/coinkickoff.com\/wp-content\/uploads\/Screen-Shot-2023-03-29-at-10.44.22-PM-e1683779442560.png\" alt=\"\" width=\"1403\" height=\"737\" srcset=\"https:\/\/coinkickoff.com\/wp-content\/uploads\/Screen-Shot-2023-03-29-at-10.44.22-PM-e1683779442560.png 1403w, https:\/\/coinkickoff.com\/wp-content\/uploads\/Screen-Shot-2023-03-29-at-10.44.22-PM-e1683779442560-300x158.png 300w, https:\/\/coinkickoff.com\/wp-content\/uploads\/Screen-Shot-2023-03-29-at-10.44.22-PM-e1683779442560-1024x538.png 1024w, https:\/\/coinkickoff.com\/wp-content\/uploads\/Screen-Shot-2023-03-29-at-10.44.22-PM-e1683779442560-768x403.png 768w, https:\/\/coinkickoff.com\/wp-content\/uploads\/Screen-Shot-2023-03-29-at-10.44.22-PM-e1683779442560-18x9.png 18w\" sizes=\"auto, (max-width: 1403px) 100vw, 1403px\" \/><\/p>\n<p><span style=\"font-weight: 400;\">Mok\u0117jimo b\u016bdai skiriasi priklausomai nuo \u0161alies. JAV gyvenantys naudotojai gali lengvai prijungti savo JAV banko s\u0105skait\u0105 prie platformos ir atlikti ind\u0117lius fiat valiuta. Europoje \u012fsik\u016br\u0119 naudotojai taip pat gali naudotis SEPA ir bankiniais pervedimais.<\/span><\/p>\n<p><span style=\"font-weight: 400;\">Labiausiai paplit\u0119 mok\u0117jimo b\u016bdai, kuriais gali naudotis beveik kiekvienas, yra debeto ir kredito kortel\u0117s. \u012esigyti skaitmenin\u012f turt\u0105 debeto ir kredito kortel\u0117mis labai paprasta ir greita. Deja, vienas i\u0161 tr\u016bkum\u0173 yra papildomi mokes\u010diai u\u017e mok\u0117jim\u0173 apdorojim\u0105. Paprastai Coinbase u\u017e visus kreditini\u0173 ir debetini\u0173 coin korteli\u0173 pirkimus imamas 3-5% mokestis.<\/span><\/p>\n<p><span style=\"font-weight: 400;\">Spustel\u0117kite norim\u0105 naudoti metod\u0105. Jei pasirinksite banko pervedimus, vadovaukit\u0117s ekrane pateiktais nurodymais ir susiekite savo banko s\u0105skait\u0105 su Coinbase paskyra.<\/span><\/p>\n<p><span style=\"font-weight: 400;\">Taip pat galite pasirinkti kredito \/ debeto kortel\u0117s parinkt\u012f ir vadovautis toliau pateiktais nurodymais.<\/span><\/p>\n<p><img loading=\"lazy\" decoding=\"async\" class=\"alignnone wp-image-3524 size-full\" src=\"https:\/\/coinkickoff.com\/wp-content\/uploads\/Screen-Shot-2023-03-29-at-10.44.29-PM-e1683779464552.png\" alt=\"\" width=\"1407\" height=\"730\" srcset=\"https:\/\/coinkickoff.com\/wp-content\/uploads\/Screen-Shot-2023-03-29-at-10.44.29-PM-e1683779464552.png 1407w, https:\/\/coinkickoff.com\/wp-content\/uploads\/Screen-Shot-2023-03-29-at-10.44.29-PM-e1683779464552-300x156.png 300w, https:\/\/coinkickoff.com\/wp-content\/uploads\/Screen-Shot-2023-03-29-at-10.44.29-PM-e1683779464552-1024x531.png 1024w, https:\/\/coinkickoff.com\/wp-content\/uploads\/Screen-Shot-2023-03-29-at-10.44.29-PM-e1683779464552-768x398.png 768w, https:\/\/coinkickoff.com\/wp-content\/uploads\/Screen-Shot-2023-03-29-at-10.44.29-PM-e1683779464552-18x9.png 18w\" sizes=\"auto, (max-width: 1407px) 100vw, 1407px\" \/><\/p>\n<p><span style=\"font-weight: 400;\">Pirmiausia \u012fveskite kortel\u0117je u\u017era\u0161yt\u0105 savo vard\u0105 ir pavard\u0119. Atkreipkite d\u0117mes\u012f, kad kortel\u0117je \u012fra\u0161ytas vardas ir pavard\u0117 turi sutapti su j\u016bs\u0173 oficialiu vardu ir pavarde, \u012fra\u0161ytais j\u016bs\u0173 asmens tapatyb\u0117s kortel\u0117je. \u012eveskite kortel\u0117s numer\u012f, galiojimo dat\u0105 ir savo CVC. CVC paprastai yra tri\u017eenklis kodas, u\u017era\u0161ytas kitoje kortel\u0117s pus\u0117je. Galiausiai \u012fveskite savo pa\u0161to kod\u0105 ir paspauskite mygtuk\u0105 \"Add Card\" (prid\u0117ti kortel\u0119).<\/span><\/p>\n<h3><span class=\"ez-toc-section\" id=\"4_Navigate_to_the_Relevant_Screen_to_Buy\"><\/span><span style=\"font-weight: 400;\">4. Pereikite \u012f atitinkam\u0105 ekran\u0105, kad gal\u0117tum\u0117te pirkti<\/span><span class=\"ez-toc-section-end\"><\/span><\/h3>\n<p><span style=\"font-weight: 400;\">Eikite \u012f pagrindin\u012f puslap\u012f ir spustel\u0117kite m\u0117lynai pa\u017eym\u0117t\u0105 mygtuk\u0105 \"Pirkti ir parduoti\". Taip atsidarys vieno paspaudimo pirkimo forma. <\/span><\/p>\n<p><img loading=\"lazy\" decoding=\"async\" class=\"alignnone wp-image-3811 size-full\" src=\"https:\/\/coinkickoff.com\/wp-content\/uploads\/Screen-Shot-2023-06-08-at-3.20.32-AM-1-e1686183860887.png\" alt=\"kaip pirkti shiba inu coinbase\" width=\"1295\" height=\"655\" \/><\/p>\n<p><span style=\"font-weight: 400;\">Tiesiog \u012fveskite norim\u0105 i\u0161leisti sum\u0105. Pirkimo valdiklyje pagal nutyl\u0117jim\u0105 nustatytas BTC, ta\u010diau j\u012f galite pakeisti \u012f kit\u0105 skaitmenin\u012f turt\u0105 spustel\u0117j\u0119 \u0161alia esan\u010di\u0105 rodykl\u0119.<\/span><\/p>\n<p><span style=\"font-weight: 400;\">Spustel\u0117kite laukel\u012f \"Mok\u0117ti su\" ir kaip mok\u0117jimo b\u016bd\u0105 pasirinkite kredito arba debeto kortel\u0119.<\/span><\/p>\n<p><span style=\"font-weight: 400;\">Jei po \u012fvesta suma pa\u017evelgsite \u012f kit\u0105 langel\u012f, kuriame para\u0161yta \"Vienkartinis pirkimas\". V\u0117lgi, tai numatytasis nustatymas, ta\u010diau galite j\u012f pakeisti taip, kad \"Coinbase\" u\u017e jus automati\u0161kai atlikt\u0173 pasikartojan\u010dius pirkimus kas savait\u0119 arba kas m\u0117nes\u012f.\u00a0<\/span><\/p>\n<p><span style=\"font-weight: 400;\">U\u017epild\u0119 form\u0105 spustel\u0117kite \"Per\u017ei\u016br\u0117ti pirkti\". <\/span><\/p>\n<p><img loading=\"lazy\" decoding=\"async\" class=\"alignnone wp-image-3519 size-full\" src=\"https:\/\/coinkickoff.com\/wp-content\/uploads\/Screen-Shot-2023-03-29-at-10.39.23-PM-e1683779487708.png\" alt=\"kaip nusipirkti dogecoin coin baz\u0117jeKaip nusipirkti Bitcoin Coin baz\u0117je\" width=\"1439\" height=\"763\" srcset=\"https:\/\/coinkickoff.com\/wp-content\/uploads\/Screen-Shot-2023-03-29-at-10.39.23-PM-e1683779487708.png 1439w, https:\/\/coinkickoff.com\/wp-content\/uploads\/Screen-Shot-2023-03-29-at-10.39.23-PM-e1683779487708-300x159.png 300w, https:\/\/coinkickoff.com\/wp-content\/uploads\/Screen-Shot-2023-03-29-at-10.39.23-PM-e1683779487708-1024x543.png 1024w, https:\/\/coinkickoff.com\/wp-content\/uploads\/Screen-Shot-2023-03-29-at-10.39.23-PM-e1683779487708-768x407.png 768w, https:\/\/coinkickoff.com\/wp-content\/uploads\/Screen-Shot-2023-03-29-at-10.39.23-PM-e1683779487708-18x10.png 18w\" sizes=\"auto, (max-width: 1439px) 100vw, 1439px\" \/><\/p>\n<p><span style=\"font-weight: 400;\">Coinbase bus rodoma BTC suma, kuri\u0105 gausite, ir visi mokes\u010diai, kurie jums bus taikomi. Jei u\u017esakymas jus tenkina, galite spausti \"Pirkti dabar\" ir j\u012f u\u017ebaigti.\u00a0<\/span><\/p>","protected":false},"excerpt":{"rendered":"<p>Kaip nusipirkti Bitcoin Coinbase Jei \u0161iek tiek \u017einote apie Bitcoin, galb\u016bt jau gird\u0117jote apie Coinbase, vien\u0105 svarbiausi\u0173 kriptovaliut\u0173 bir\u017e\u0173 pasaulyje. Coinbase yra JAV \u012fsik\u016brusi skaitmenin\u0117 keitykla, \u017einoma d\u0117l savo patogumo naudotis ir atitikimo \u0161ali\u0173, kuriose ji veikia, \u012fstatymams ir taisykl\u0117ms. [...]<\/p>","protected":false},"author":3,"featured_media":0,"parent":3885,"menu_order":0,"comment_status":"closed","ping_status":"closed","template":"","meta":{"_genesis_hide_title":false,"_genesis_hide_breadcrumbs":false,"_genesis_hide_singular_image":false,"_genesis_hide_footer_widgets":false,"_genesis_custom_body_class":"","_genesis_custom_post_class":"","_genesis_layout":"","_glsr_average":0,"_glsr_ranking":0,"_glsr_reviews":0,"footnotes":""},"class_list":{"0":"post-3899","1":"page","2":"type-page","3":"status-publish","5":"entry"},"featured_image_src":null,"featured_image_src_square":null,"_links":{"self":[{"href":"https:\/\/coinkickoff.com\/lt\/wp-json\/wp\/v2\/pages\/3899","targetHints":{"allow":["GET"]}}],"collection":[{"href":"https:\/\/coinkickoff.com\/lt\/wp-json\/wp\/v2\/pages"}],"about":[{"href":"https:\/\/coinkickoff.com\/lt\/wp-json\/wp\/v2\/types\/page"}],"author":[{"embeddable":true,"href":"https:\/\/coinkickoff.com\/lt\/wp-json\/wp\/v2\/users\/3"}],"replies":[{"embeddable":true,"href":"https:\/\/coinkickoff.com\/lt\/wp-json\/wp\/v2\/comments?post=3899"}],"version-history":[{"count":1,"href":"https:\/\/coinkickoff.com\/lt\/wp-json\/wp\/v2\/pages\/3899\/revisions"}],"predecessor-version":[{"id":3900,"href":"https:\/\/coinkickoff.com\/lt\/wp-json\/wp\/v2\/pages\/3899\/revisions\/3900"}],"up":[{"embeddable":true,"href":"https:\/\/coinkickoff.com\/lt\/wp-json\/wp\/v2\/pages\/3885"}],"wp:attachment":[{"href":"https:\/\/coinkickoff.com\/lt\/wp-json\/wp\/v2\/media?parent=3899"}],"curies":[{"name":"wp","href":"https:\/\/api.w.org\/{rel}","templated":true}]}}