{"id":3877,"date":"2026-01-08T14:06:52","date_gmt":"2026-01-08T14:06:52","guid":{"rendered":"https:\/\/coinkickoff.com\/?page_id=3877"},"modified":"2026-01-08T14:06:52","modified_gmt":"2026-01-08T14:06:52","slug":"how-to-buy-shiba-inu-on-kraken","status":"publish","type":"page","link":"https:\/\/coinkickoff.com\/lt\/how-to-buy-shiba-inu\/how-to-buy-shiba-inu-on-kraken\/","title":{"rendered":"Kaip nusipirkti Shiba Inu Krakene"},"content":{"rendered":"<div id=\"ez-toc-container\" class=\"ez-toc-v2_0_80 counter-hierarchy ez-toc-counter ez-toc-transparent ez-toc-container-direction\">\n<div class=\"ez-toc-title-container\">\n<p class=\"ez-toc-title\" style=\"cursor:inherit\">Skyriai<\/p>\n<span class=\"ez-toc-title-toggle\"><a href=\"#\" class=\"ez-toc-pull-right ez-toc-btn ez-toc-btn-xs ez-toc-btn-default ez-toc-toggle\" aria-label=\"Perjungti turinio lentel\u0119\"><span class=\"ez-toc-js-icon-con\"><span class=\"\"><span class=\"eztoc-hide\" style=\"display:none;\">Perjungti<\/span><span class=\"ez-toc-icon-toggle-span\"><svg style=\"fill: #999;color:#999\" xmlns=\"http:\/\/www.w3.org\/2000\/svg\" class=\"list-377408\" width=\"20px\" height=\"20px\" viewbox=\"0 0 24 24\" fill=\"none\"><path d=\"M6 6H4v2h2V6zm14 0H8v2h12V6zM4 11h2v2H4v-2zm16 0H8v2h12v-2zM4 16h2v2H4v-2zm16 0H8v2h12v-2z\" fill=\"currentColor\"><\/path><\/svg><svg style=\"fill: #999;color:#999\" class=\"arrow-unsorted-368013\" xmlns=\"http:\/\/www.w3.org\/2000\/svg\" width=\"10px\" height=\"10px\" viewbox=\"0 0 24 24\" version=\"1.2\" baseprofile=\"tiny\"><path d=\"M18.2 9.3l-6.2-6.3-6.2 6.3c-.2.2-.3.4-.3.7s.1.5.3.7c.2.2.4.3.7.3h11c.3 0 .5-.1.7-.3.2-.2.3-.5.3-.7s-.1-.5-.3-.7zM5.8 14.7l6.2 6.3 6.2-6.3c.2-.2.3-.5.3-.7s-.1-.5-.3-.7c-.2-.2-.4-.3-.7-.3h-11c-.3 0-.5.1-.7.3-.2.2-.3.5-.3.7s.1.5.3.7z\"\/><\/svg><\/span><\/span><\/span><\/a><\/span><\/div>\n<nav><ul class='ez-toc-list ez-toc-list-level-1 eztoc-toggle-hide-by-default' ><li class='ez-toc-page-1 ez-toc-heading-level-2'><a class=\"ez-toc-link ez-toc-heading-1\" href=\"https:\/\/coinkickoff.com\/lt\/how-to-buy-shiba-inu\/how-to-buy-shiba-inu-on-kraken\/#How_to_Buy_Shiba_Inu_on_Kraken_Exchange\" >Kaip nusipirkti Shiba Inu \"Kraken\" bir\u017eoje<\/a><\/li><li class='ez-toc-page-1 ez-toc-heading-level-2'><a class=\"ez-toc-link ez-toc-heading-2\" href=\"https:\/\/coinkickoff.com\/lt\/how-to-buy-shiba-inu\/how-to-buy-shiba-inu-on-kraken\/#A_Step-By-Step_Guide_on_How_to_Buy_Shiba_Inu_on_Kraken\" >\u017dingsnis po \u017eingsnio vadovas, kaip nusipirkti Shiba Inu \"Kraken<\/a><ul class='ez-toc-list-level-3' ><li class='ez-toc-heading-level-3'><a class=\"ez-toc-link ez-toc-heading-3\" href=\"https:\/\/coinkickoff.com\/lt\/how-to-buy-shiba-inu\/how-to-buy-shiba-inu-on-kraken\/#1_Register_an_Account_on_Kraken\" >1. U\u017eregistruokite paskyr\u0105 \"Kraken<\/a><\/li><li class='ez-toc-page-1 ez-toc-heading-level-3'><a class=\"ez-toc-link ez-toc-heading-4\" href=\"https:\/\/coinkickoff.com\/lt\/how-to-buy-shiba-inu\/how-to-buy-shiba-inu-on-kraken\/#2_Verify_Your_Account\" >2. Patikrinkite savo paskyr\u0105<\/a><\/li><li class='ez-toc-page-1 ez-toc-heading-level-3'><a class=\"ez-toc-link ez-toc-heading-5\" href=\"https:\/\/coinkickoff.com\/lt\/how-to-buy-shiba-inu\/how-to-buy-shiba-inu-on-kraken\/#3_Enable_2FA\" >3. \u012egalinti 2FA<\/a><\/li><li class='ez-toc-page-1 ez-toc-heading-level-3'><a class=\"ez-toc-link ez-toc-heading-6\" href=\"https:\/\/coinkickoff.com\/lt\/how-to-buy-shiba-inu\/how-to-buy-shiba-inu-on-kraken\/#4_Add_an_Instant_Payment_Method\" >4. Prid\u0117ti momentin\u012f mok\u0117jimo b\u016bd\u0105<\/a><\/li><li class='ez-toc-page-1 ez-toc-heading-level-3'><a class=\"ez-toc-link ez-toc-heading-7\" href=\"https:\/\/coinkickoff.com\/lt\/how-to-buy-shiba-inu\/how-to-buy-shiba-inu-on-kraken\/#4_Navigate_to_the_Relevant_Screen_to_Buy\" >4. Pereikite \u012f atitinkam\u0105 ekran\u0105, kad gal\u0117tum\u0117te pirkti<\/a><\/li><\/ul><\/li><\/ul><\/nav><\/div>\n<h2><span class=\"ez-toc-section\" id=\"How_to_Buy_Shiba_Inu_on_Kraken_Exchange\"><\/span><span style=\"font-weight: 400;\">Kaip nusipirkti Shiba Inu \"Kraken\" bir\u017eoje<\/span><span class=\"ez-toc-section-end\"><\/span><\/h2>\n<p><span style=\"font-weight: 400;\">Kaip ir dauguma kriptovaliut\u0173, <a href=\"https:\/\/coinkickoff.com\/lt\/shiba-inu-shib\/\">Shiba Inu (SHIB)<\/a> yra spekuliacinis turtas: jo kaina gali kilti ir kristi priklausomai nuo \u012f\u017eymybi\u0173, rinkodaros specialist\u0173 ir net \"Reddit\" komentatori\u0173 u\u017egaid\u0173. Kaip meme coin be naudojimo atvejo, <a href=\"https:\/\/coinkickoff.com\/lt\/shiba-inu-shib\/\" data-internallinksmanager029f6b8e52c=\"16\" title=\"Kas yra Shiba Inu (SHIB)? Kaip jis veikia ir kur j\u012f \u012fsigyti?\">SHIB<\/a> yra ypa\u010d jautri dideliems ir staigiems kain\u0173 svyravimams, tod\u0117l gali b\u016bti pelninga ir rizikinga.<\/span><\/p>\n<p><span style=\"font-weight: 400;\">Galite \u012fsigyti SHIB keliose <a href=\"https:\/\/coinkickoff.com\/lt\/crypto-exchanges\/\" data-internallinksmanager029f6b8e52c=\"141\" title=\"21 Geriausios kriptovaliut\u0173 keityklos ir programos 2024 m.\">kriptovaliut\u0173 mainai<\/a>, nes jis yra populiarus. \u0160iame vadove paai\u0161kinsime, kaip pirkti Shiba Inu <a href=\"https:\/\/coinkickoff.com\/lt\/kraken-review\/\">Krakenas<\/a>, JAV \u012fsik\u016brusi veteran\u0173 bir\u017ea, gars\u0117janti auk\u0161tais saugumo standartais.<\/span><\/p>\n<h2><span class=\"ez-toc-section\" id=\"A_Step-By-Step_Guide_on_How_to_Buy_Shiba_Inu_on_Kraken\"><\/span><span style=\"font-weight: 400;\">\u017dingsnis po \u017eingsnio vadovas, kaip nusipirkti Shiba Inu \"Kraken<\/span><span class=\"ez-toc-section-end\"><\/span><\/h2>\n<h3><span class=\"ez-toc-section\" id=\"1_Register_an_Account_on_Kraken\"><\/span><span style=\"font-weight: 400;\">1. U\u017eregistruokite paskyr\u0105 \"Kraken<\/span><span class=\"ez-toc-section-end\"><\/span><\/h3>\n<p><img loading=\"lazy\" decoding=\"async\" class=\"alignnone wp-image-3406 size-full\" src=\"https:\/\/coinkickoff.com\/wp-content\/uploads\/kraken1-e1682502957481.png\" alt=\"kaip nusipirkti Dogecoin Krakene\" width=\"1339\" height=\"763\" srcset=\"https:\/\/coinkickoff.com\/wp-content\/uploads\/kraken1-e1682502957481.png 1339w, https:\/\/coinkickoff.com\/wp-content\/uploads\/kraken1-e1682502957481-300x171.png 300w, https:\/\/coinkickoff.com\/wp-content\/uploads\/kraken1-e1682502957481-1024x584.png 1024w, https:\/\/coinkickoff.com\/wp-content\/uploads\/kraken1-e1682502957481-768x438.png 768w, https:\/\/coinkickoff.com\/wp-content\/uploads\/kraken1-e1682502957481-18x10.png 18w\" sizes=\"auto, (max-width: 1339px) 100vw, 1339px\" \/><\/p>\n<p><span style=\"font-weight: 400;\">Pirmiausia: Eikite \u012f <a href=\"https:\/\/coinkickoff.com\/lt\/kraken-review\/\" data-internallinksmanager029f6b8e52c=\"171\" title=\"&quot;Kraken&quot; ap\u017evalgos 2023: Mokes\u010diai, funkcijos, saugumas, privalumai ir tr\u016bkumai\">Krakenas<\/a>oficialioje svetain\u0117je ir susikurkite paskyr\u0105. U\u017epildykite registracijos form\u0105 ir \u012fveskite vis\u0105 reikiam\u0105 informacij\u0105. \u012esitikinkite, kad \u012fved\u0117te galiojant\u012f el. pa\u0161to adres\u0105: J\u012f \"Kraken\" panaudos, kad atsi\u0173st\u0173 jums aktyvavimo nuorod\u0105.<\/span><\/p>\n<h3><span class=\"ez-toc-section\" id=\"2_Verify_Your_Account\"><\/span><span style=\"font-weight: 400;\">2. Patikrinkite savo paskyr\u0105<\/span><span class=\"ez-toc-section-end\"><\/span><\/h3>\n<p><span style=\"font-weight: 400;\">Prisijungus reikia atlikti tapatyb\u0117s patvirtinim\u0105. \"Kraken\" gana grie\u017etai tikrina tapatyb\u0119, tod\u0117l \u0161io \u017eingsnio praleisti negalima. Ties\u0105 sakant, vos tik pabandysite spustel\u0117ti skirtuk\u0105 \"Pirkti kriptovaliut\u0105\" prietais\u0173 skydelio vir\u0161uje, b\u016bsite papra\u0161yti patvirtinti savo tapatyb\u0119.<\/span><\/p>\n<p><img loading=\"lazy\" decoding=\"async\" class=\"alignnone wp-image-3407 size-full\" src=\"https:\/\/coinkickoff.com\/wp-content\/uploads\/kraken2-e1686524781685.png\" alt=\"krakeno patikrinimo \u012fsp\u0117jimas\" width=\"1360\" height=\"791\" srcset=\"https:\/\/coinkickoff.com\/wp-content\/uploads\/kraken2-e1686524781685.png 1360w, https:\/\/coinkickoff.com\/wp-content\/uploads\/kraken2-e1686524781685-300x174.png 300w, https:\/\/coinkickoff.com\/wp-content\/uploads\/kraken2-e1686524781685-1024x596.png 1024w, https:\/\/coinkickoff.com\/wp-content\/uploads\/kraken2-e1686524781685-768x447.png 768w, https:\/\/coinkickoff.com\/wp-content\/uploads\/kraken2-e1686524781685-18x10.png 18w\" sizes=\"auto, (max-width: 1360px) 100vw, 1360px\" \/><\/p>\n<p><span style=\"font-weight: 400;\">\"Kraken\" tikrinimo schema yra gana standartin\u0117: turite \u012fvesti savo vard\u0105, pavard\u0119, adres\u0105, asmens duomenis ir \u012fkelti asmens tapatyb\u0117s dokumentus.<\/span><\/p>\n<p><img loading=\"lazy\" decoding=\"async\" class=\"alignnone wp-image-3408 size-full\" src=\"https:\/\/coinkickoff.com\/wp-content\/uploads\/kraken3-e1682503223180.png\" alt=\"\" width=\"1375\" height=\"777\" srcset=\"https:\/\/coinkickoff.com\/wp-content\/uploads\/kraken3-e1682503223180.png 1375w, https:\/\/coinkickoff.com\/wp-content\/uploads\/kraken3-e1682503223180-300x170.png 300w, https:\/\/coinkickoff.com\/wp-content\/uploads\/kraken3-e1682503223180-1024x579.png 1024w, https:\/\/coinkickoff.com\/wp-content\/uploads\/kraken3-e1682503223180-768x434.png 768w, https:\/\/coinkickoff.com\/wp-content\/uploads\/kraken3-e1682503223180-18x10.png 18w, https:\/\/coinkickoff.com\/wp-content\/uploads\/kraken3-e1682503223180-600x338.png 600w\" sizes=\"auto, (max-width: 1375px) 100vw, 1375px\" \/><\/p>\n<p><span style=\"font-weight: 400;\">\u012eveskite vis\u0105 reikiam\u0105 informacij\u0105 ir spustel\u0117kite \"T\u0119sti\". Kai b\u016bsite paraginti, \u012fkelkite reikiamus dokumentus. Proces\u0105 galite u\u017ebaigti per kelias minutes.\u00a0<\/span><\/p>\n<h3><span class=\"ez-toc-section\" id=\"3_Enable_2FA\"><\/span><span style=\"font-weight: 400;\">3. \u012egalinti 2FA<\/span><span class=\"ez-toc-section-end\"><\/span><\/h3>\n<p><span style=\"font-weight: 400;\">Tap\u0119 patvirtintu naudotoju, galite pervesti l\u0117\u0161as \u012f \"Kraken\". Ta\u010diau prie\u0161 \u012fne\u0161dami l\u0117\u0161as \u012f savo s\u0105skait\u0105 \u012fjunkite dviej\u0173 veiksni\u0173 autentifikavim\u0105 (2FA). 2FA suma\u017eina tikimyb\u0119, kad j\u016bs\u0173 s\u0105skaita (ir l\u0117\u0161os) bus pavogta.<\/span><\/p>\n<p><span style=\"font-weight: 400;\">Spustel\u0117kite vir\u0161utiniame de\u0161iniajame ekrano kampe rodom\u0105 savo vartotojo vard\u0105 ir eikite \u012f 2FA nustatymus.<\/span><\/p>\n<p><img loading=\"lazy\" decoding=\"async\" class=\"alignnone wp-image-3409 size-full\" src=\"https:\/\/coinkickoff.com\/wp-content\/uploads\/kraken4-e1682503267822.png\" alt=\"\" width=\"1360\" height=\"795\" srcset=\"https:\/\/coinkickoff.com\/wp-content\/uploads\/kraken4-e1682503267822.png 1360w, https:\/\/coinkickoff.com\/wp-content\/uploads\/kraken4-e1682503267822-300x175.png 300w, https:\/\/coinkickoff.com\/wp-content\/uploads\/kraken4-e1682503267822-1024x599.png 1024w, https:\/\/coinkickoff.com\/wp-content\/uploads\/kraken4-e1682503267822-768x449.png 768w, https:\/\/coinkickoff.com\/wp-content\/uploads\/kraken4-e1682503267822-18x12.png 18w\" sizes=\"auto, (max-width: 1360px) 100vw, 1360px\" \/><\/p>\n<p><span style=\"font-weight: 400;\">Privalote \u012fjungti 2FA prisijungimo prie paskyros funkcij\u0105, ta\u010diau j\u0105 taip pat galite \u012fjungti ir kitoms operacijoms, pvz., prekybai ir finansavimui. Nor\u0117dami prad\u0117ti, spustel\u0117kite pary\u0161kint\u0105 mygtuk\u0105 \"Activate Now\".<\/span><\/p>\n<p><span style=\"font-weight: 400;\"><img loading=\"lazy\" decoding=\"async\" class=\"alignnone wp-image-3405 size-full\" src=\"https:\/\/coinkickoff.com\/wp-content\/uploads\/kraken-5-e1682503294785.png\" alt=\"\" width=\"1357\" height=\"770\" srcset=\"https:\/\/coinkickoff.com\/wp-content\/uploads\/kraken-5-e1682503294785.png 1357w, https:\/\/coinkickoff.com\/wp-content\/uploads\/kraken-5-e1682503294785-300x170.png 300w, https:\/\/coinkickoff.com\/wp-content\/uploads\/kraken-5-e1682503294785-1024x581.png 1024w, https:\/\/coinkickoff.com\/wp-content\/uploads\/kraken-5-e1682503294785-768x436.png 768w, https:\/\/coinkickoff.com\/wp-content\/uploads\/kraken-5-e1682503294785-18x10.png 18w\" sizes=\"auto, (max-width: 1357px) 100vw, 1357px\" \/><\/span><\/p>\n<p><span style=\"font-weight: 400;\">\"Kraken\" svetain\u0117je i\u0161samiai paai\u0161kinama, kaip veikia 2FA, ir pateikiamos instrukcijos, kaip elgtis. I\u0161 esm\u0117s jums tereikia \u012fsigyti \"Google Authenticator\" program\u0117l\u0119 ir ja nuskaityti \"Kraken\" sugeneruot\u0105 QR kod\u0105. Program\u0117l\u0117je bus pateiktas autentifikavimo kodas, kuriuo patvirtinamas j\u016bs\u0173 saugumas. \u012eveskite kod\u0105 i\u0161 program\u0117l\u0117s ir spustel\u0117kite \"Patvirtinti\".<\/span><\/p>\n<p><img loading=\"lazy\" decoding=\"async\" class=\"alignnone wp-image-3410 size-full\" src=\"https:\/\/coinkickoff.com\/wp-content\/uploads\/kraken6-e1682503322525.png\" alt=\"\" width=\"1357\" height=\"791\" \/><\/p>\n<p><span style=\"font-weight: 400;\">Kiekvien\u0105 kart\u0105 prisijungdami prie savo paskyros naudosite \"Google Authenticator\" program\u0117l\u0119.\u00a0<\/span><\/p>\n<h3><span class=\"ez-toc-section\" id=\"4_Add_an_Instant_Payment_Method\"><\/span><span style=\"font-weight: 400;\">4. Prid\u0117ti momentin\u012f mok\u0117jimo b\u016bd\u0105<\/span><span class=\"ez-toc-section-end\"><\/span><\/h3>\n<p><span style=\"font-weight: 400;\">Grei\u010diausias b\u016bdas nusipirkti Shiba Inu (arba bet kuri\u0105 kit\u0105 kriptovaliut\u0105) Kraken - prid\u0117ti momentin\u012f mok\u0117jimo b\u016bd\u0105 prie savo paskyros. Galite susieti kredito ir debeto korteles arba savo internetinio banko s\u0105skait\u0105 su keitykla.<\/span><\/p>\n<p><span style=\"font-weight: 400;\">Spustel\u0117kite skirtuk\u0105 \"Pirkti kriptovaliut\u0105\", kad susietum\u0117te kortel\u0119 su savo paskyra. B\u016bsite nukreipti \u012f puslap\u012f \"Crypto Buy methods\", kuriame galite prid\u0117ti mok\u0117jimo b\u016bd\u0105.<\/span><\/p>\n<p><img loading=\"lazy\" decoding=\"async\" class=\"alignnone wp-image-3412 size-full\" src=\"https:\/\/coinkickoff.com\/wp-content\/uploads\/kraken8-e1682503364155.png\" alt=\"kaip nusipirkti Shiba Inu Kraken\" width=\"1206\" height=\"781\" srcset=\"https:\/\/coinkickoff.com\/wp-content\/uploads\/kraken8-e1682503364155.png 1206w, https:\/\/coinkickoff.com\/wp-content\/uploads\/kraken8-e1682503364155-300x194.png 300w, https:\/\/coinkickoff.com\/wp-content\/uploads\/kraken8-e1682503364155-1024x663.png 1024w, https:\/\/coinkickoff.com\/wp-content\/uploads\/kraken8-e1682503364155-768x497.png 768w, https:\/\/coinkickoff.com\/wp-content\/uploads\/kraken8-e1682503364155-18x12.png 18w\" sizes=\"auto, (max-width: 1206px) 100vw, 1206px\" \/><\/p>\n<p><span style=\"font-weight: 400;\">Spustel\u0117kite \"Prid\u0117ti mok\u0117jimo b\u016bdus\". <\/span><\/p>\n<p><img loading=\"lazy\" decoding=\"async\" class=\"alignnone wp-image-3413 size-full\" src=\"https:\/\/coinkickoff.com\/wp-content\/uploads\/kraken9-e1682503407337.png\" alt=\"\" width=\"1196\" height=\"776\" srcset=\"https:\/\/coinkickoff.com\/wp-content\/uploads\/kraken9-e1682503407337.png 1196w, https:\/\/coinkickoff.com\/wp-content\/uploads\/kraken9-e1682503407337-300x195.png 300w, https:\/\/coinkickoff.com\/wp-content\/uploads\/kraken9-e1682503407337-1024x664.png 1024w, https:\/\/coinkickoff.com\/wp-content\/uploads\/kraken9-e1682503407337-768x498.png 768w, https:\/\/coinkickoff.com\/wp-content\/uploads\/kraken9-e1682503407337-18x12.png 18w\" sizes=\"auto, (max-width: 1196px) 100vw, 1196px\" \/><\/p>\n<p><span style=\"font-weight: 400;\">Debeto arba kredito kortel\u0119 galite prid\u0117ti tiesiog \u012fvesdami kortel\u0117s informacij\u0105. Grynuosius pinigus taip pat galite \u012fne\u0161ti naudodamiesi internetine bankininkyste, nors tai n\u0117ra taip greita kaip pirmoji galimyb\u0117.<\/span><\/p>\n<h3><span class=\"ez-toc-section\" id=\"4_Navigate_to_the_Relevant_Screen_to_Buy\"><\/span><span style=\"font-weight: 400;\">4. Pereikite \u012f atitinkam\u0105 ekran\u0105, kad gal\u0117tum\u0117te pirkti<\/span><span class=\"ez-toc-section-end\"><\/span><\/h3>\n<p><span style=\"font-weight: 400;\">\u012e savo \"Kraken\" paskyr\u0105 \u012ftrauk\u0119 mok\u0117jimo b\u016bd\u0105, SHIB \u012fsigyti labai paprasta. Puslapyje \"Pirkti kriptovaliut\u0105\" spustel\u0117kite \"Pirkti\".<\/span><\/p>\n<p><span style=\"font-weight: 400;\">Si\u016blom\u0105 turt\u0105 galite matyti i\u0161skleid\u017eiamajame meniu. I\u0161 s\u0105ra\u0161o pasirinkite Shiba Inu (j\u012f galite rasti nurodyt\u0105 kaip SHIB). \u012eveskite sum\u0105, kuri\u0105 norite i\u0161leisti \"Shib\", pasirinkite mok\u0117jimo b\u016bd\u0105 ir spustel\u0117kite patvirtinti.<\/span><\/p>\n<p><span style=\"font-weight: 400;\">Nors \u0161i parinktis yra labai greita, pirkimai kredito ir debeto kortel\u0117mis naudojant lengvo pirkimo valdikl\u012f gali b\u016bti labai brang\u016bs. Jei nenorite mok\u0117ti dideli\u0173 mokes\u010di\u0173 u\u017e Shiba Inu pirkim\u0105, galite naudoti antr\u0105j\u012f b\u016bd\u0105, kur\u012f apra\u0161ysime toliau.<\/span><\/p>\n<p><span style=\"font-weight: 400;\">Galite prekiauti pasirinktomis fiat valiutomis, \u012fskaitant USD, u\u017e Shiba Inu \"Kraken\". Atkreipkite d\u0117mes\u012f, kad nor\u0117dami pasinaudoti pigesniais \"Kraken\" mokes\u010diais, turite \u012fne\u0161ti l\u0117\u0161\u0173 \u012f savo s\u0105skait\u0105. Prekiaudami \"Kraken\" negalite naudoti debeto ar kredito korteli\u0173.<\/span><\/p>\n<p><span style=\"font-weight: 400;\">Yra du b\u016bdai, kaip konvertuoti USD \u012f Shiba Inu \"Kraken\" sistemoje: Galite naudoti <\/span><a href=\"https:\/\/kraken.pxf.io\/B0Rny4convert\/shib\/usd\" target=\"_blank\" rel=\"noopener\"><span style=\"font-weight: 400;\">\"Kraken\" automatinis keitiklis<\/span><\/a><span style=\"font-weight: 400;\"> arba \u012fvykdyti sandor\u012f pateikdami Shiba Inu pavedim\u0105.<\/span><\/p>\n<p><span style=\"font-weight: 400;\">Automatinis konverteris yra papras\u010diausias b\u016bdas prekiauti USD u\u017e Kraken, bet jei norite patys nustatyti kain\u0105, geriausia pateikti u\u017esakym\u0105.<\/span><\/p>\n<p><span style=\"font-weight: 400;\">Jei norite pateikti u\u017esakym\u0105, eikite \u012f skirtuk\u0105 \"Prekyba\" ir spustel\u0117kite \"Naujas u\u017esakymas\". Pasirinkite USD\/SHIB prekybos por\u0105.<\/span><\/p>\n<p><span style=\"font-weight: 400;\">U\u017esakymo forma gali atrodyti paini, ta\u010diau ji labai paprasta: Tiesiog \u012fveskite, kiek norite i\u0161leisti. Galite sutikti su SHIB rinkos kaina arba nustatyti savo kain\u0105. Jei nustatysite per ma\u017e\u0105 kain\u0105, u\u017esakymo \u012fvykdymas gali u\u017etrukti.<\/span><\/p>\n<p><span style=\"font-weight: 400;\">Sveikiname! Dabar jau \u017einote, kaip nusipirkti Shiba Inu Krakene.<\/span><\/p>","protected":false},"excerpt":{"rendered":"<p>Kaip nusipirkti Shiba Inu \"Kraken\" bir\u017eoje Kaip ir dauguma kriptovaliut\u0173, Shiba Inu (SHIB) yra spekuliacinis turtas: jo kaina gali kilti ir kristi priklausomai nuo \u012f\u017eymybi\u0173, rinkodaros specialist\u0173 ir net \"Reddit\" komentatori\u0173 u\u017egaid\u0173. Kadangi coin yra memuarin\u0117 coin, neturinti jokio panaudojimo atvejo, SHIB yra ypa\u010d pa\u017eeid\u017eiama did\u017eiuli\u0173 ir staigi\u0173 kainos svyravim\u0173, tod\u0117l ji yra [...]<\/p>","protected":false},"author":3,"featured_media":0,"parent":3709,"menu_order":0,"comment_status":"closed","ping_status":"closed","template":"","meta":{"_genesis_hide_title":false,"_genesis_hide_breadcrumbs":false,"_genesis_hide_singular_image":false,"_genesis_hide_footer_widgets":false,"_genesis_custom_body_class":"","_genesis_custom_post_class":"","_genesis_layout":"","_glsr_average":0,"_glsr_ranking":0,"_glsr_reviews":0,"footnotes":""},"class_list":{"0":"post-3877","1":"page","2":"type-page","3":"status-publish","5":"entry"},"featured_image_src":null,"featured_image_src_square":null,"_links":{"self":[{"href":"https:\/\/coinkickoff.com\/lt\/wp-json\/wp\/v2\/pages\/3877","targetHints":{"allow":["GET"]}}],"collection":[{"href":"https:\/\/coinkickoff.com\/lt\/wp-json\/wp\/v2\/pages"}],"about":[{"href":"https:\/\/coinkickoff.com\/lt\/wp-json\/wp\/v2\/types\/page"}],"author":[{"embeddable":true,"href":"https:\/\/coinkickoff.com\/lt\/wp-json\/wp\/v2\/users\/3"}],"replies":[{"embeddable":true,"href":"https:\/\/coinkickoff.com\/lt\/wp-json\/wp\/v2\/comments?post=3877"}],"version-history":[{"count":3,"href":"https:\/\/coinkickoff.com\/lt\/wp-json\/wp\/v2\/pages\/3877\/revisions"}],"predecessor-version":[{"id":3880,"href":"https:\/\/coinkickoff.com\/lt\/wp-json\/wp\/v2\/pages\/3877\/revisions\/3880"}],"up":[{"embeddable":true,"href":"https:\/\/coinkickoff.com\/lt\/wp-json\/wp\/v2\/pages\/3709"}],"wp:attachment":[{"href":"https:\/\/coinkickoff.com\/lt\/wp-json\/wp\/v2\/media?parent=3877"}],"curies":[{"name":"wp","href":"https:\/\/api.w.org\/{rel}","templated":true}]}}