{"id":3709,"date":"2026-01-08T14:06:54","date_gmt":"2026-01-08T14:06:54","guid":{"rendered":"https:\/\/coinkickoff.com\/?page_id=3709"},"modified":"2026-01-08T14:06:54","modified_gmt":"2026-01-08T14:06:54","slug":"how-to-buy-shiba-inu","status":"publish","type":"page","link":"https:\/\/coinkickoff.com\/lt\/how-to-buy-shiba-inu\/","title":{"rendered":"Kaip \u012fsigyti Shiba Inu (SHIB)"},"content":{"rendered":"<div id=\"ez-toc-container\" class=\"ez-toc-v2_0_80 counter-hierarchy ez-toc-counter ez-toc-transparent ez-toc-container-direction\">\n<div class=\"ez-toc-title-container\">\n<p class=\"ez-toc-title\" style=\"cursor:inherit\">Skyriai<\/p>\n<span class=\"ez-toc-title-toggle\"><a href=\"#\" class=\"ez-toc-pull-right ez-toc-btn ez-toc-btn-xs ez-toc-btn-default ez-toc-toggle\" aria-label=\"Perjungti turinio lentel\u0119\"><span class=\"ez-toc-js-icon-con\"><span class=\"\"><span class=\"eztoc-hide\" style=\"display:none;\">Perjungti<\/span><span class=\"ez-toc-icon-toggle-span\"><svg style=\"fill: #999;color:#999\" xmlns=\"http:\/\/www.w3.org\/2000\/svg\" class=\"list-377408\" width=\"20px\" height=\"20px\" viewbox=\"0 0 24 24\" fill=\"none\"><path d=\"M6 6H4v2h2V6zm14 0H8v2h12V6zM4 11h2v2H4v-2zm16 0H8v2h12v-2zM4 16h2v2H4v-2zm16 0H8v2h12v-2z\" fill=\"currentColor\"><\/path><\/svg><svg style=\"fill: #999;color:#999\" class=\"arrow-unsorted-368013\" xmlns=\"http:\/\/www.w3.org\/2000\/svg\" width=\"10px\" height=\"10px\" viewbox=\"0 0 24 24\" version=\"1.2\" baseprofile=\"tiny\"><path d=\"M18.2 9.3l-6.2-6.3-6.2 6.3c-.2.2-.3.4-.3.7s.1.5.3.7c.2.2.4.3.7.3h11c.3 0 .5-.1.7-.3.2-.2.3-.5.3-.7s-.1-.5-.3-.7zM5.8 14.7l6.2 6.3 6.2-6.3c.2-.2.3-.5.3-.7s-.1-.5-.3-.7c-.2-.2-.4-.3-.7-.3h-11c-.3 0-.5.1-.7.3-.2.2-.3.5-.3.7s.1.5.3.7z\"\/><\/svg><\/span><\/span><\/span><\/a><\/span><\/div>\n<nav><ul class='ez-toc-list ez-toc-list-level-1 eztoc-toggle-hide-by-default' ><li class='ez-toc-page-1 ez-toc-heading-level-2'><a class=\"ez-toc-link ez-toc-heading-1\" href=\"https:\/\/coinkickoff.com\/lt\/how-to-buy-shiba-inu\/#How_to_Buy_Shiba_Inu\" >Kaip \u012fsigyti Shiba Inu<\/a><\/li><li class='ez-toc-page-1 ez-toc-heading-level-2'><a class=\"ez-toc-link ez-toc-heading-2\" href=\"https:\/\/coinkickoff.com\/lt\/how-to-buy-shiba-inu\/#What_Is_Shiba_Inu\" >Kas yra Shiba Inu?<\/a><\/li><li class='ez-toc-page-1 ez-toc-heading-level-2'><a class=\"ez-toc-link ez-toc-heading-3\" href=\"https:\/\/coinkickoff.com\/lt\/how-to-buy-shiba-inu\/#Where_Can_I_Buy_Shiba_Inu\" >Kur galima \u012fsigyti Shiba Inu?<\/a><\/li><li class='ez-toc-page-1 ez-toc-heading-level-2'><a class=\"ez-toc-link ez-toc-heading-4\" href=\"https:\/\/coinkickoff.com\/lt\/how-to-buy-shiba-inu\/#How_to_Buy_Shiba_Inu-2\" >Kaip \u012fsigyti Shiba Inu<\/a><ul class='ez-toc-list-level-3' ><li class='ez-toc-heading-level-3'><a class=\"ez-toc-link ez-toc-heading-5\" href=\"https:\/\/coinkickoff.com\/lt\/how-to-buy-shiba-inu\/#Choose_Your_Exchange\" >Pasirinkite bir\u017e\u0105<\/a><\/li><li class='ez-toc-page-1 ez-toc-heading-level-3'><a class=\"ez-toc-link ez-toc-heading-6\" href=\"https:\/\/coinkickoff.com\/lt\/how-to-buy-shiba-inu\/#Store_Your_SHIB\" >Saugoti savo SHIB<\/a><ul class='ez-toc-list-level-4' ><li class='ez-toc-heading-level-4'><a class=\"ez-toc-link ez-toc-heading-7\" href=\"https:\/\/coinkickoff.com\/lt\/how-to-buy-shiba-inu\/#Exchange_Wallet\" >Main\u0173 pinigin\u0117<\/a><\/li><li class='ez-toc-page-1 ez-toc-heading-level-4'><a class=\"ez-toc-link ez-toc-heading-8\" href=\"https:\/\/coinkickoff.com\/lt\/how-to-buy-shiba-inu\/#Self-Custody_Hot_Wallets\" >Savaranki\u0161kai saugomos kar\u0161tos pinigin\u0117s<\/a><\/li><li class='ez-toc-page-1 ez-toc-heading-level-4'><a class=\"ez-toc-link ez-toc-heading-9\" href=\"https:\/\/coinkickoff.com\/lt\/how-to-buy-shiba-inu\/#Cold_Wallets\" >\u0160altos pinigin\u0117s<\/a><\/li><\/ul><\/li><\/ul><\/li><\/ul><\/nav><\/div>\n<h2><span class=\"ez-toc-section\" id=\"How_to_Buy_Shiba_Inu\"><\/span><span style=\"font-weight: 400;\">Kaip \u012fsigyti Shiba Inu<\/span><span class=\"ez-toc-section-end\"><\/span><\/h2>\n<p><img loading=\"lazy\" decoding=\"async\" class=\"alignnone wp-image-168 size-full\" src=\"https:\/\/coinkickoff.com\/wp-content\/uploads\/2022\/06\/Shiba-Inu-SHIB.jpg\" alt=\"kaip \u012fsigyti shiba inu\" width=\"1000\" height=\"1000\" srcset=\"https:\/\/coinkickoff.com\/wp-content\/uploads\/2022\/06\/Shiba-Inu-SHIB.jpg 1000w, https:\/\/coinkickoff.com\/wp-content\/uploads\/2022\/06\/Shiba-Inu-SHIB-300x300.jpg 300w, https:\/\/coinkickoff.com\/wp-content\/uploads\/2022\/06\/Shiba-Inu-SHIB-150x150.jpg 150w, https:\/\/coinkickoff.com\/wp-content\/uploads\/2022\/06\/Shiba-Inu-SHIB-768x768.jpg 768w, https:\/\/coinkickoff.com\/wp-content\/uploads\/2022\/06\/Shiba-Inu-SHIB-12x12.jpg 12w, https:\/\/coinkickoff.com\/wp-content\/uploads\/2022\/06\/Shiba-Inu-SHIB-80x80.jpg 80w, https:\/\/coinkickoff.com\/wp-content\/uploads\/2022\/06\/Shiba-Inu-SHIB-600x600.jpg 600w\" sizes=\"auto, (max-width: 1000px) 100vw, 1000px\" \/><\/p>\n<p><span style=\"font-weight: 400;\">Ar jus domina pirkimas <a href=\"https:\/\/coinkickoff.com\/lt\/shiba-inu-shib\/\" data-internallinksmanager029f6b8e52c=\"16\" title=\"Kas yra Shiba Inu (SHIB)? Kaip jis veikia ir kur j\u012f \u012fsigyti?\">Shiba Inu<\/a> bet ne\u017einote, nuo ko prad\u0117ti? J\u016bs esate tinkamoje vietoje. \u010cia rasite visk\u0105, k\u0105 reikia \u017einoti apie Shiba Inu pirkim\u0105.\u00a0<\/span><\/p>\n<h2><span class=\"ez-toc-section\" id=\"What_Is_Shiba_Inu\"><\/span><span style=\"font-weight: 400;\">Kas yra Shiba Inu?<\/span><span class=\"ez-toc-section-end\"><\/span><\/h2>\n<p><span style=\"font-weight: 400;\">Shiba Inu token (SHIB) buvo sukurtas 2020 m. rugpj\u016bt\u012f kaip meme coin pseudoanoniminio k\u016br\u0117jo, vardu \"Ryoshi\". coin i\u0161populiar\u0117jo po to, kai \"Ryoshi\" i\u0161siunt\u0117 pus\u0119 visos pasi\u016blos <a href=\"https:\/\/coinkickoff.com\/lt\/ethereum-eth\/\" data-internallinksmanager029f6b8e52c=\"2\" title=\"Kas yra Ethereum (ETH)? Kaina, istorija ir kur \u012fsigyti\">Ethereum<\/a> \u012fk\u016br\u0117jas Vitalikas Buterinas kaip b\u016bd\u0105 parduoti coin mas\u0117ms. Buterinas sudeg\u0117 <\/span><a href=\"https:\/\/www.coindesk.com\/markets\/2021\/05\/17\/vitalik-buterin-burns-6b-in-shib-tokens-says-he-doesnt-want-the-power\/\" target=\"_blank\" rel=\"noopener\"><span style=\"font-weight: 400;\">90% atsarg\u0173, o likusias 10% paaukojo labdaros organizacijai<\/span><\/a><span style=\"font-weight: 400;\"> Indijoje Kovid-19 pandemijos metu.<\/span><\/p>\n<p><img loading=\"lazy\" decoding=\"async\" class=\"alignnone wp-image-3712 size-full\" src=\"https:\/\/coinkickoff.com\/wp-content\/uploads\/Screen-Shot-2023-05-24-at-2.12.50-PM-e1684926889358.png\" alt=\"\" width=\"759\" height=\"629\" srcset=\"https:\/\/coinkickoff.com\/wp-content\/uploads\/Screen-Shot-2023-05-24-at-2.12.50-PM-e1684926889358.png 759w, https:\/\/coinkickoff.com\/wp-content\/uploads\/Screen-Shot-2023-05-24-at-2.12.50-PM-e1684926889358-300x249.png 300w, https:\/\/coinkickoff.com\/wp-content\/uploads\/Screen-Shot-2023-05-24-at-2.12.50-PM-e1684926889358-14x12.png 14w\" sizes=\"auto, (max-width: 759px) 100vw, 759px\" \/><\/p>\n<p><span style=\"font-weight: 400;\">Shiba Inu labai pana\u0161us \u012f savo konkurent\u0105 token <a href=\"https:\/\/coinkickoff.com\/lt\/dogecoin-doge\/\" data-internallinksmanager029f6b8e52c=\"14\" title=\"Kas yra Dogecoin (DOGE)? Kaip jis veikia ir kur j\u012f \u012fsigyti?\">Dogecoin<\/a>, nes abiejuose projektuose naudojamas Shiba Inu \u0161uns atvaizdas (kuris \u012fkv\u0117p\u0117 \"Doge meme\") ir jie i\u0161 esm\u0117s laikomi coins pok\u0161tu. K\u016br\u0117j\u0173 komanda ir Shiba Inu bendruomen\u0117 SHIB pavadino \"DOGEKILLER\", nes projektu siekiama pralenkti DOGE populiarum\u0105.<\/span><\/p>\n<p><img loading=\"lazy\" decoding=\"async\" class=\"alignnone wp-image-3711 size-full\" src=\"https:\/\/coinkickoff.com\/wp-content\/uploads\/elon-musk-shiba.png\" alt=\"\" width=\"447\" height=\"794\" srcset=\"https:\/\/coinkickoff.com\/wp-content\/uploads\/elon-musk-shiba.png 447w, https:\/\/coinkickoff.com\/wp-content\/uploads\/elon-musk-shiba-169x300.png 169w, https:\/\/coinkickoff.com\/wp-content\/uploads\/elon-musk-shiba-7x12.png 7w\" sizes=\"auto, (max-width: 447px) 100vw, 447px\" \/><\/p>\n<p><span style=\"font-weight: 400;\">Pana\u0161iai kaip Dogecoin, <\/span><b>Shiba Inu i\u0161 tikr\u0173j\u0173 neturi naudojimo atvejo<\/b><span style=\"font-weight: 400;\">. Jis daugiausia populiarus d\u0117l interneto kult\u016bros ir spekuliacij\u0173. 2021 m. coin kaina \u0161oktel\u0117jo 10 kart\u0173 po to, kai <\/span><a href=\"https:\/\/www.news.com.au\/finance\/markets\/world-markets\/shib-coin-why-shiba-inu-price-is-surging\/news-story\/a1bb8332cda46430f3093582e62ade73\" target=\"_blank\" rel=\"noopener\"><span style=\"font-weight: 400;\">Elonas Muskas tviteryje para\u0161\u0117 <\/span><\/a><span style=\"font-weight: 400;\">savo Shiba Inu veisl\u0117s \u0161uns nuotrauk\u0105, nors v\u0117liau token kaina nukrito iki ankstesnio lygio.<\/span><\/p>\n<p><img loading=\"lazy\" decoding=\"async\" class=\"alignnone wp-image-3710 size-full\" src=\"https:\/\/coinkickoff.com\/wp-content\/uploads\/shiba-inu-price-e1684926920831.png\" alt=\"\" width=\"766\" height=\"500\" srcset=\"https:\/\/coinkickoff.com\/wp-content\/uploads\/shiba-inu-price-e1684926920831.png 766w, https:\/\/coinkickoff.com\/wp-content\/uploads\/shiba-inu-price-e1684926920831-300x196.png 300w, https:\/\/coinkickoff.com\/wp-content\/uploads\/shiba-inu-price-e1684926920831-18x12.png 18w\" sizes=\"auto, (max-width: 766px) 100vw, 766px\" \/><\/p>\n<p><span style=\"font-weight: 400;\">Apskritai memuariniai coins, tokie kaip Shiba Inu ir Dogecoin, gali b\u016bti laikomi \"pump-and-dump\" coins, nes jiems tr\u016bksta naudingumo. \u017dmon\u0117s da\u017enai juos perka tik\u0117damiesi i\u0161mesti savo turt\u0105 staiga padid\u0117jus kainai.<\/span><\/p>\n<p><span style=\"font-weight: 400;\">Nepaisant to, Shiba Inu, kaip ir DOGE, yra ne\u012ftik\u0117tinai pigus ir gana populiarus. U\u017e \u0161imt\u0105 doleri\u0173 galite lengvai nusipirkti did\u017eiul\u012f kiek\u012f SH\u0130B. Apskritai d\u0117l lengvo prieinamumo, didelio matomumo ir kain\u0173 nepastovumo \u0161ios coins tampa patrauklios tiems, kurie neprie\u0161tarauja rizikingoms investicijoms, tik\u0117damiesi didelio pelno.\u00a0<\/span><\/p>\n<h2><span class=\"ez-toc-section\" id=\"Where_Can_I_Buy_Shiba_Inu\"><\/span><span style=\"font-weight: 400;\">Kur galima \u012fsigyti Shiba Inu?<\/span><span class=\"ez-toc-section-end\"><\/span><\/h2>\n<p><a href=\"https:\/\/coinmarketcap.com\/currencies\/shiba-inu\/\" target=\"_blank\" rel=\"noopener\"><span style=\"font-weight: 400;\">SHIB yra 14-a pagal dyd\u012f kriptovaliuta<\/span><\/a><span style=\"font-weight: 400;\"> pagal rinkos kapitalizacij\u0105, tod\u0117l beveik visi populiar\u016bs bir\u017e\u0173 s\u0105ra\u0161ai leid\u017eia ja prekiauti.<\/span><\/p>\n<p><span style=\"font-weight: 400;\">Galite pirkti SHIB su fiat valiutomis centralizuotai <a href=\"https:\/\/coinkickoff.com\/lt\/crypto-exchanges\/\" data-internallinksmanager029f6b8e52c=\"141\" title=\"21 Geriausios kriptovaliut\u0173 keityklos ir programos 2024 m.\">kriptovaliut\u0173 mainai<\/a> kaip <\/span><a href=\"https:\/\/coinkickoff.com\/lt\/binance-review\/\"><span style=\"font-weight: 400;\">Binance<\/span><\/a><span style=\"font-weight: 400;\">, <\/span><a href=\"https:\/\/coinkickoff.com\/lt\/kraken-review\/\"><span style=\"font-weight: 400;\">Krakenas<\/span><\/a><span style=\"font-weight: 400;\">, <\/span><a href=\"https:\/\/coinkickoff.com\/lt\/coinbase-review\/\"><span style=\"font-weight: 400;\">Coinbase<\/span><\/a><span style=\"font-weight: 400;\">, <\/span><a href=\"https:\/\/www.kucoin.com\/r\/af\/rMJPV3B\" target=\"_blank\" rel=\"noopener\"><span style=\"font-weight: 400;\">Kucoin<\/span><\/a><span style=\"font-weight: 400;\">, <\/span><a href=\"https:\/\/www.bitfinex.com\/sign-up?refcode=kjCYk-CZD\" target=\"_blank\" rel=\"noopener\"><span style=\"font-weight: 400;\">Bitfinex<\/span><\/a><span style=\"font-weight: 400;\">, ir <\/span><a href=\"https:\/\/www.okx.com\/join\/65358827\" target=\"_blank\" rel=\"noopener\"><span style=\"font-weight: 400;\">OKX<\/span><\/a><span style=\"font-weight: 400;\">.<\/span><\/p>\n<p><span style=\"font-weight: 400;\">Taip pat galite prekiauti SHIB decentralizuotose bir\u017eose, pvz. <a href=\"https:\/\/coinkickoff.com\/lt\/uniswap-uni\/\" data-internallinksmanager029f6b8e52c=\"34\" title=\"Kas yra &quot;Uniswap&quot; (UNI), kaip jis veikia ir kur j\u012f \u012fsigyti?\">Uniswap<\/a> ir Sushiswap. \u0160iose bir\u017eose negalite \u012fsigyti kriptovaliut\u0173 u\u017e fiat valiut\u0105, bet jei jau turite kriptovaliut\u0173, galite jas i\u0161keisti \u012f SHIB.<\/span><\/p>\n<h2><span class=\"ez-toc-section\" id=\"How_to_Buy_Shiba_Inu-2\"><\/span><span style=\"font-weight: 400;\">Kaip \u012fsigyti Shiba Inu<\/span><span class=\"ez-toc-section-end\"><\/span><\/h2>\n<p><span style=\"font-weight: 400;\">Taigi nusprend\u0117te pasinerti ir nusipirkti Shiba Inu. Puiku, bet pirmiausia turite priimti du sprendimus: Pirma, nuspr\u0119skite, kurioje bir\u017eoje norite \u012fsigyti coin. Tada nuspr\u0119skite d\u0117l saugojimo b\u016bdo. Kai tai nuspr\u0119site, gal\u0117site pirkti SHIB.\u00a0<\/span><\/p>\n<p><span style=\"font-weight: 400;\">Toliau pateikiame kiekvieno \u017eingsnio apra\u0161ym\u0105, kad pirkti b\u016bt\u0173 lengviau.<\/span><\/p>\n<h3><span class=\"ez-toc-section\" id=\"Choose_Your_Exchange\"><\/span><span style=\"font-weight: 400;\">Pasirinkite bir\u017e\u0105<\/span><span class=\"ez-toc-section-end\"><\/span><\/h3>\n<p><span style=\"font-weight: 400;\">Kadangi Shiba Inu yra labai populiarus, ir j\u012f galite rasti beveik visose kriptovaliut\u0173 bir\u017eose. Ta\u010diau kadangi bir\u017e\u0173 yra daug, i\u0161sirinkti tinkam\u0105 bir\u017e\u0105 gali b\u016bti nelengva. Ta\u010diau nesijaudinkite, nes mes turime <\/span><a href=\"https:\/\/coinkickoff.com\/lt\/crypto-exchanges\/\"><span style=\"font-weight: 400;\">trumpas geriausi\u0173 kriptovaliut\u0173 main\u0173 vadovas<\/span><\/a><span style=\"font-weight: 400;\"> galite naudoti.<\/span><\/p>\n<p><span style=\"font-weight: 400;\">Rinkdamiesi main\u0173 centr\u0105, turite atsi\u017evelgti \u012f kelet\u0105 dalyk\u0173. Jei norite investuoti \u012f \u012fvairias altcoins, galite rinktis <\/span><b>didesn\u0117 platforma<\/b><span style=\"font-weight: 400;\"> kuri si\u016blo kelet\u0105 skaitmenini\u0173 priemoni\u0173, pvz. <a href=\"https:\/\/coinkickoff.com\/lt\/binance-review\/\" data-internallinksmanager029f6b8e52c=\"152\" title=\"Binance Atsiliepimai 2024: Funkcijos, mokes\u010diai, saugumas, privalumai ir tr\u016bkumai\">Binance<\/a> arba <a href=\"https:\/\/coinkickoff.com\/lt\/coinbase-review\/\" data-internallinksmanager029f6b8e52c=\"142\" title=\"Coinbase Atsiliepimai 2024: Funkcijos, mokes\u010diai, saugumas, privalumai ir tr\u016bkumai\">Coinbase<\/a>.\u00a0<\/span><\/p>\n<p><span style=\"font-weight: 400;\">Taip pat turite galvoti apie<\/span><b> keitimo mokes\u010diai<\/b><span style=\"font-weight: 400;\">. Dauguma bir\u017e\u0173 si\u016blo dvi atskiras kain\u0173 nustatymo sistemas: Viena i\u0161 j\u0173 - tai pakopinis, taigi pigesnis profesionalios prekybos mokes\u010di\u0173 grafikas, o kita - paprasta pirkimo funkcija, kuri yra brangesn\u0117.\u00a0<\/span><\/p>\n<p><span style=\"font-weight: 400;\">Jei esate pradedantysis, kuris nori lengvai \u012fsigyti coins, lengvo pirkimo funkcija yra geriausias pasirinkimas. Lygindami bir\u017eas, patikrinkite j\u0173 mokes\u010dius u\u017e paprasto pirkimo operacijas. Paprastai \u012fkainiai skiriasi nuo %1 iki %5, priklausomai nuo bir\u017eos ir mok\u0117jimo b\u016bdo.<\/span><\/p>\n<h3><span class=\"ez-toc-section\" id=\"Store_Your_SHIB\"><\/span><span style=\"font-weight: 400;\">Saugoti savo SHIB<\/span><span class=\"ez-toc-section-end\"><\/span><\/h3>\n<p><span style=\"font-weight: 400;\">Prie\u0161 \u012fsigydami coins, verta i\u0161tirti kriptovaliut\u0173 pinigines. Kriptovaliut\u0173 saugojimas yra rimtas dalykas: kadangi kriptovaliut\u0173 turtas egzistuoja tik grandin\u0117je, vienintelis b\u016bdas pasiekti savo l\u0117\u0161as yra per kriptovaliut\u0173 pinigin\u0119.\u00a0\u00a0<\/span><\/p>\n<p><span style=\"font-weight: 400;\">Yra du pagrindiniai kriptovaliut\u0173 pinigini\u0173 tipai: <\/span><b>kar\u0161tos ir \u0161altos pinigin\u0117s<\/b><span style=\"font-weight: 400;\">. Tarp \u0161i\u0173 dviej\u0173 tip\u0173 yra paprastas, bet svarbus skirtumas - \"kar\u0161tosios\" pinigin\u0117s yra prijungtos prie interneto, o \"\u0161altosios\" pinigin\u0117s saugo j\u016bs\u0173 turt\u0105 neprisijungus prie interneto.<\/span><\/p>\n<p><span style=\"font-weight: 400;\">\"Kar\u0161tos\" pinigin\u0117s yra main\u0173 pinigin\u0117s ir programin\u0117s \u012frangos pinigin\u0117s, o \"\u0161altos\" pinigin\u0117s yra popierin\u0117s pinigin\u0117s ir aparatin\u0117s pinigin\u0117s.<\/span><\/p>\n<h4><span class=\"ez-toc-section\" id=\"Exchange_Wallet\"><\/span><span style=\"font-weight: 400;\">Main\u0173 pinigin\u0117<\/span><span class=\"ez-toc-section-end\"><\/span><\/h4>\n<p><span style=\"font-weight: 400;\">Bir\u017eos pinigin\u0117s yra populiarus kriptovaliut\u0173 saugojimo sprendimas vien d\u0117l to, kad jos labai patogios. Kai perkate kriptovaliut\u0105 centralizuotoje bir\u017eoje, pvz. <\/span><a href=\"https:\/\/coinkickoff.com\/lt\/coinbase-review\/\"><span style=\"font-weight: 400;\">Coinbase<\/span><\/a><span style=\"font-weight: 400;\"> arba <\/span><a href=\"https:\/\/coinkickoff.com\/lt\/binance-review\/\"><span style=\"font-weight: 400;\">Binance<\/span><\/a><span style=\"font-weight: 400;\">, j\u016bs\u0173 coins i\u0161 karto pervedami \u012f bir\u017eoje esan\u010di\u0105 pinigin\u0119. Tai leid\u017eia jums lengvai ir greitai parduoti arba prekiauti savo coins bir\u017eoje.<\/span><\/p>\n<p><span style=\"font-weight: 400;\">Main\u0173 pinigini\u0173 tr\u016bkumas - nepakankamas j\u0173 saugumas. Kadangi pinigin\u0117s prieglob\u0105 teikia bir\u017ea, j\u016bs neturite tiesiogin\u0117s savo l\u0117\u0161\u0173 kontrol\u0117s. Jei bir\u017ea bankrutuoja arba \u012f j\u0105 \u012fsilau\u017eiama, j\u016bs\u0173 l\u0117\u0161os gali b\u016bti prarastos visiems laikams.<\/span><\/p>\n<p><span style=\"font-weight: 400;\">Kai kurios bir\u017eos si\u016blo ribotas apsaugos nuo saugumo pa\u017eeidim\u0173 sistemas, ta\u010diau kompensacija niekada n\u0117ra garantuota, nes sprendim\u0105 galiausiai priima bir\u017eos savininkai ir valdytojai.<\/span><\/p>\n<p><span style=\"font-weight: 400;\">Kriptovaliut\u0173 entuziastai da\u017enai tvirtina, kad \"ne j\u016bs\u0173 raktai, ne j\u016bs\u0173 coins\", nor\u0117dami \u012fsp\u0117ti kriptovaliut\u0173 prekiautojus apie pavojus, kylan\u010dius paliekant dideles kriptovaliut\u0173 sumas main\u0173 pinigin\u0117se. Pavyzd\u017eiui, kai FTX paskelb\u0117 bankrot\u0105, <\/span><a href=\"https:\/\/www.npr.org\/2022\/11\/17\/1137501882\/ftx-investors-are-unable-to-access-their-money-shaking-crypto-investors-confiden\" target=\"_blank\" rel=\"noopener\"><span style=\"font-weight: 400;\">naudotojai negal\u0117jo perkelti savo turto.<\/span><\/a><span style=\"font-weight: 400;\"> i\u0161 bir\u017eos pinigini\u0173, nes jie netur\u0117jo prieigos prie bir\u017eos pinigini\u0173 rakt\u0173.<\/span><\/p>\n<p><span style=\"font-weight: 400;\">Jei jums nepatogu palikti turt\u0105 main\u0173 pinigin\u0117je, apsvarstykite galimyb\u0119 perkelti j\u012f \u012f savaranki\u0161kai saugom\u0105 pinigin\u0119.<\/span><\/p>\n<h4><span class=\"ez-toc-section\" id=\"Self-Custody_Hot_Wallets\"><\/span><span style=\"font-weight: 400;\">Savaranki\u0161kai saugomos kar\u0161tos pinigin\u0117s<\/span><span class=\"ez-toc-section-end\"><\/span><\/h4>\n<p><span style=\"font-weight: 400;\">Jei nenorite naudoti bir\u017eos pinigin\u0117s savo coins saugoti, galite \u012f savo mobil\u0173j\u012f \u012frengin\u012f arba darbalauk\u012f atsisi\u0173sti savaranki\u0161kai saugom\u0105 kar\u0161t\u0105j\u0105 pinigin\u0119. Yra keletas pinigini\u0173 programin\u0117s \u012frangos sprendim\u0173, kurie leid\u017eia jums patiems tvarkyti savo pinigin\u0117s raktus, kad visada gal\u0117tum\u0117te kontroliuoti savo coins.\u00a0<\/span><\/p>\n<p><span style=\"font-weight: 400;\">Pavyzd\u017eiui, galite \u012fra\u0161yti SHIB \u012f <\/span><a href=\"https:\/\/coinkickoff.com\/lt\/exodus-review\/\"><span style=\"font-weight: 400;\">I\u0161\u0117jimas<\/span><\/a><span style=\"font-weight: 400;\">, <\/span><a href=\"https:\/\/www.coinomi.com\/en\/\" target=\"_blank\" rel=\"noopener\"><span style=\"font-weight: 400;\">Coinomi<\/span><\/a><span style=\"font-weight: 400;\">, arba <\/span><a href=\"https:\/\/atomicwallet.io\/\" target=\"_blank\" rel=\"noopener\"><span style=\"font-weight: 400;\">Atomin\u0117 pinigin\u0117<\/span><\/a><span style=\"font-weight: 400;\">. Vis d\u0117lto, savaranki\u0161kai saugomos kar\u0161tosios pinigin\u0117s turi vien\u0105 i\u0161lyg\u0105: kadangi jos talpinamos prie interneto prijungtuose \u012frenginiuose, jos yra gana pa\u017eeid\u017eiamos d\u0117l bandym\u0173 \u012fsilau\u017eti. Ties\u0105 sakant, galb\u016bt mat\u0117te arba gird\u0117jote per \u017einias, kad \u012fsilau\u017e\u0117liai da\u017enai taikosi ir \u012f ma\u017emeninius prekiautojus, ir \u012f profesionalius kriptovaliut\u0173 projektus, kurie naudoja kar\u0161t\u0105sias pinigines.<\/span><\/p>\n<p><span style=\"font-weight: 400;\">Jei nesate kibernetinio saugumo ekspertas, laikyti kar\u0161t\u0105 pinigin\u0119 gali b\u016bti ne itin gera id\u0117ja. Kriptovaliut\u0173 vagys yra labai i\u0161radingi ir strategi\u0161ki: jie naudoja sud\u0117tingus metodus, pavyzd\u017eiui, socialin\u012f u\u017egrobim\u0105, suk\u010diavim\u0105 ir kitus b\u016bdus, kad pasiekt\u0173 ir pasisavint\u0173 j\u016bs\u0173 l\u0117\u0161as. Jei pa\u017eeid\u017eiamas j\u016bs\u0173 prie interneto prijungtas \u012frenginys (o taip gali lengvai nutikti, pavyzd\u017eiui, paspaudus netinkam\u0105 nuorod\u0105), j\u016bs\u0173 l\u0117\u0161os taip pat yra pa\u017eeid\u017eiamos.<\/span><\/p>\n<h4><span class=\"ez-toc-section\" id=\"Cold_Wallets\"><\/span><span style=\"font-weight: 400;\">\u0160altos pinigin\u0117s<\/span><span class=\"ez-toc-section-end\"><\/span><\/h4>\n<p><span style=\"font-weight: 400;\">\u0160altosios pinigin\u0117s neprijungtos prie interneto, tod\u0117l jos laikomos neatspariomis \u012fsilau\u017eimams.\u00a0<\/span><\/p>\n<p><span style=\"font-weight: 400;\">Yra du pagrindiniai \u0161alt\u0173j\u0173 pinigini\u0173 tipai: Tai popierin\u0117s pinigin\u0117s, kurios i\u0161 esm\u0117s yra popieriaus lapai su u\u017era\u0161ytu priva\u010diu raktu ir pinigin\u0117s adresu.<\/span><\/p>\n<p><span style=\"font-weight: 400;\">Popierin\u0117s pinigin\u0117s paprastai laikomos labai saugiomis, ta\u010diau jomis sunku naudotis. Turite atid\u017eiai naudoti popierini\u0173 pinigini\u0173 generatori\u0173, tada atsispausdinti informacij\u0105 ir laikyti j\u0105 saugioje vietoje.\u00a0<\/span><\/p>\n<p><span style=\"font-weight: 400;\">Vienas didelis popierini\u0173 pinigini\u0173 tr\u016bkumas yra tas, kad jomis naudotis nepatogu: negalite atlikti dalini\u0173 operacij\u0173 su savo l\u0117\u0161omis, tod\u0117l jos n\u0117ra prakti\u0161kos.<\/span><\/p>\n<p><span style=\"font-weight: 400;\">Kita vertus, aparatin\u0117s pinigin\u0117s yra ne\u012ftik\u0117tinai prakti\u0161kos ir labai saugios, ta\u010diau turi gana didel\u012f tr\u016bkum\u0105: jos yra daug brangesn\u0117s nei kitos galimyb\u0117s.\u00a0<\/span><\/p>\n<p><span style=\"font-weight: 400;\">Paprastai kriptovaliut\u0173 pinigin\u0117s yra nemokamos, ta\u010diau aparatin\u0117s pinigin\u0117s yra i\u0161imtis i\u0161 taisykl\u0117s. Mok\u0117ti nuo 80 iki 200 USD u\u017e pinigin\u0119 gali b\u016bti brangi investicija pradedan\u010diajam kriptovaliut\u0173 prekiautojui.<\/span><\/p>\n<p><a href=\"https:\/\/www.ledger.com\/\" target=\"_blank\" rel=\"noopener\"><span style=\"font-weight: 400;\">Did\u017eioji knyga<\/span><\/a><span style=\"font-weight: 400;\"> ir <\/span><a href=\"https:\/\/trezor.io\/\" target=\"_blank\" rel=\"noopener\"><span style=\"font-weight: 400;\">Trezor<\/span><\/a><span style=\"font-weight: 400;\"> yra dvi \u017einomiausios kiet\u0173j\u0173 pinigini\u0173 bendrov\u0117s pramon\u0117je, ir abi jos parduoda pagrindin\u012f model\u012f, kurio kaina smalsiam investuotojui yra tinkama.<\/span><\/p>","protected":false},"excerpt":{"rendered":"<p>Kaip \u012fsigyti Shiba Inu Norite \u012fsigyti Shiba Inu, bet ne\u017einote, nuo ko prad\u0117ti? J\u016bs esate tinkamoje vietoje. \u010cia rasite visk\u0105, k\u0105 reikia \u017einoti apie Shiba Inu pirkim\u0105.  Kas yra Shiba Inu? Shiba Inu token (SHIB) buvo sukurtas 2020 m. rugpj\u016bt\u012f kaip memas coin pseudoanonimo [...]<\/p>","protected":false},"author":3,"featured_media":0,"parent":0,"menu_order":0,"comment_status":"closed","ping_status":"closed","template":"","meta":{"_genesis_hide_title":false,"_genesis_hide_breadcrumbs":false,"_genesis_hide_singular_image":false,"_genesis_hide_footer_widgets":false,"_genesis_custom_body_class":"","_genesis_custom_post_class":"","_genesis_layout":"","_glsr_average":0,"_glsr_ranking":0,"_glsr_reviews":0,"footnotes":""},"class_list":{"0":"post-3709","1":"page","2":"type-page","3":"status-publish","5":"entry","6":"has-post-thumbnail"},"featured_image_src":null,"featured_image_src_square":null,"_links":{"self":[{"href":"https:\/\/coinkickoff.com\/lt\/wp-json\/wp\/v2\/pages\/3709","targetHints":{"allow":["GET"]}}],"collection":[{"href":"https:\/\/coinkickoff.com\/lt\/wp-json\/wp\/v2\/pages"}],"about":[{"href":"https:\/\/coinkickoff.com\/lt\/wp-json\/wp\/v2\/types\/page"}],"author":[{"embeddable":true,"href":"https:\/\/coinkickoff.com\/lt\/wp-json\/wp\/v2\/users\/3"}],"replies":[{"embeddable":true,"href":"https:\/\/coinkickoff.com\/lt\/wp-json\/wp\/v2\/comments?post=3709"}],"version-history":[{"count":2,"href":"https:\/\/coinkickoff.com\/lt\/wp-json\/wp\/v2\/pages\/3709\/revisions"}],"predecessor-version":[{"id":4474,"href":"https:\/\/coinkickoff.com\/lt\/wp-json\/wp\/v2\/pages\/3709\/revisions\/4474"}],"wp:attachment":[{"href":"https:\/\/coinkickoff.com\/lt\/wp-json\/wp\/v2\/media?parent=3709"}],"curies":[{"name":"wp","href":"https:\/\/api.w.org\/{rel}","templated":true}]}}