{"id":3424,"date":"2026-01-08T14:07:30","date_gmt":"2026-01-08T14:07:30","guid":{"rendered":"https:\/\/coinkickoff.com\/?page_id=3424"},"modified":"2026-01-08T14:07:30","modified_gmt":"2026-01-08T14:07:30","slug":"how-to-buy-dogecoin-on-mexc","status":"publish","type":"page","link":"https:\/\/coinkickoff.com\/lt\/how-to-buy-dogecoin\/how-to-buy-dogecoin-on-mexc\/","title":{"rendered":"Kaip pirkti Dogecoin (DOGE) MEXC"},"content":{"rendered":"<h2><span style=\"font-weight: 400;\"><img loading=\"lazy\" decoding=\"async\" class=\"alignnone wp-image-155 size-full\" src=\"https:\/\/coinkickoff.com\/wp-content\/uploads\/2022\/06\/Dogecoin-DOGE.jpg\" alt=\"kaip pirkti dogecoin\" width=\"1000\" height=\"800\" srcset=\"https:\/\/coinkickoff.com\/wp-content\/uploads\/2022\/06\/Dogecoin-DOGE.jpg 1000w, https:\/\/coinkickoff.com\/wp-content\/uploads\/2022\/06\/Dogecoin-DOGE-300x240.jpg 300w, https:\/\/coinkickoff.com\/wp-content\/uploads\/2022\/06\/Dogecoin-DOGE-768x614.jpg 768w, https:\/\/coinkickoff.com\/wp-content\/uploads\/2022\/06\/Dogecoin-DOGE-15x12.jpg 15w\" sizes=\"auto, (max-width: 1000px) 100vw, 1000px\" \/><\/span><\/h2>\n<div id=\"ez-toc-container\" class=\"ez-toc-v2_0_80 counter-hierarchy ez-toc-counter ez-toc-transparent ez-toc-container-direction\">\n<div class=\"ez-toc-title-container\">\n<p class=\"ez-toc-title\" style=\"cursor:inherit\">Skyriai<\/p>\n<span class=\"ez-toc-title-toggle\"><a href=\"#\" class=\"ez-toc-pull-right ez-toc-btn ez-toc-btn-xs ez-toc-btn-default ez-toc-toggle\" aria-label=\"Perjungti turinio lentel\u0119\"><span class=\"ez-toc-js-icon-con\"><span class=\"\"><span class=\"eztoc-hide\" style=\"display:none;\">Perjungti<\/span><span class=\"ez-toc-icon-toggle-span\"><svg style=\"fill: #999;color:#999\" xmlns=\"http:\/\/www.w3.org\/2000\/svg\" class=\"list-377408\" width=\"20px\" height=\"20px\" viewbox=\"0 0 24 24\" fill=\"none\"><path d=\"M6 6H4v2h2V6zm14 0H8v2h12V6zM4 11h2v2H4v-2zm16 0H8v2h12v-2zM4 16h2v2H4v-2zm16 0H8v2h12v-2z\" fill=\"currentColor\"><\/path><\/svg><svg style=\"fill: #999;color:#999\" class=\"arrow-unsorted-368013\" xmlns=\"http:\/\/www.w3.org\/2000\/svg\" width=\"10px\" height=\"10px\" viewbox=\"0 0 24 24\" version=\"1.2\" baseprofile=\"tiny\"><path d=\"M18.2 9.3l-6.2-6.3-6.2 6.3c-.2.2-.3.4-.3.7s.1.5.3.7c.2.2.4.3.7.3h11c.3 0 .5-.1.7-.3.2-.2.3-.5.3-.7s-.1-.5-.3-.7zM5.8 14.7l6.2 6.3 6.2-6.3c.2-.2.3-.5.3-.7s-.1-.5-.3-.7c-.2-.2-.4-.3-.7-.3h-11c-.3 0-.5.1-.7.3-.2.2-.3.5-.3.7s.1.5.3.7z\"\/><\/svg><\/span><\/span><\/span><\/a><\/span><\/div>\n<nav><ul class='ez-toc-list ez-toc-list-level-1 eztoc-toggle-hide-by-default' ><li class='ez-toc-page-1 ez-toc-heading-level-2'><a class=\"ez-toc-link ez-toc-heading-1\" href=\"https:\/\/coinkickoff.com\/lt\/how-to-buy-dogecoin\/how-to-buy-dogecoin-on-mexc\/#How_to_Buy_Dogecoin_on_MEXC\" >Kaip nusipirkti Dogecoin MEXC<\/a><\/li><li class='ez-toc-page-1 ez-toc-heading-level-2'><a class=\"ez-toc-link ez-toc-heading-2\" href=\"https:\/\/coinkickoff.com\/lt\/how-to-buy-dogecoin\/how-to-buy-dogecoin-on-mexc\/#A_Step-By-Step_Guide_on_How_to_Buy_Dogecoin_on_MEXC\" >\u017dingsnis po \u017eingsnio vadovas, kaip nusipirkti Dogecoin MEXC<\/a><ul class='ez-toc-list-level-3' ><li class='ez-toc-heading-level-3'><a class=\"ez-toc-link ez-toc-heading-3\" href=\"https:\/\/coinkickoff.com\/lt\/how-to-buy-dogecoin\/how-to-buy-dogecoin-on-mexc\/#1_Register_an_Account\" >1. U\u017eregistruokite paskyr\u0105<\/a><\/li><li class='ez-toc-page-1 ez-toc-heading-level-3'><a class=\"ez-toc-link ez-toc-heading-4\" href=\"https:\/\/coinkickoff.com\/lt\/how-to-buy-dogecoin\/how-to-buy-dogecoin-on-mexc\/#2_Verify_Your_Account\" >2. Patikrinkite savo paskyr\u0105<\/a><\/li><li class='ez-toc-page-1 ez-toc-heading-level-3'><a class=\"ez-toc-link ez-toc-heading-5\" href=\"https:\/\/coinkickoff.com\/lt\/how-to-buy-dogecoin\/how-to-buy-dogecoin-on-mexc\/#3_Buy_Crypto\" >3. Pirkite kriptografij\u0105<\/a><\/li><li class='ez-toc-page-1 ez-toc-heading-level-3'><a class=\"ez-toc-link ez-toc-heading-6\" href=\"https:\/\/coinkickoff.com\/lt\/how-to-buy-dogecoin\/how-to-buy-dogecoin-on-mexc\/#4_Trade_USDT_for_DOGE\" >4. I\u0161keiskite USDT \u012f DOGE<\/a><\/li><\/ul><\/li><\/ul><\/nav><\/div>\n<h2><span class=\"ez-toc-section\" id=\"How_to_Buy_Dogecoin_on_MEXC\"><\/span><span style=\"font-weight: 400;\">Kaip nusipirkti Dogecoin MEXC<\/span><span class=\"ez-toc-section-end\"><\/span><\/h2>\n<p><span style=\"font-weight: 400;\"><a href=\"https:\/\/coinkickoff.com\/lt\/dogecoin-doge\/\" data-internallinksmanager029f6b8e52c=\"14\" title=\"Kas yra Dogecoin (DOGE)? Kaip jis veikia ir kur j\u012f \u012fsigyti?\">Dogecoin<\/a>, nors ir garsi kriptovaliuta, i\u0161 tikr\u0173j\u0173 n\u0117ra kaip <a href=\"https:\/\/coinkickoff.com\/lt\/ethereum-eth\/\" data-internallinksmanager029f6b8e52c=\"2\" title=\"Kas yra Ethereum (ETH)? Kaina, istorija ir kur \u012fsigyti\">Ethereum<\/a> arba <a href=\"https:\/\/coinkickoff.com\/lt\/bitcoin-btc\/\" data-internallinksmanager029f6b8e52c=\"1\" title=\"Kas yra Bitcoin (BTC)? Kaina, istorija ir kur \u012fsigyti\">Bitcoin<\/a>. \u0160is gerai \u017einomas memas coin yra gana bevertis, nes pirm\u0105 kart\u0105 buvo prad\u0117tas naudoti kaip pok\u0161tas. Ta\u010diau dabar jis gana pla\u010diai paplit\u0119s, daugiausia \"Reddit\" ir Elono Musko d\u0117ka, ir j\u012f galite rasti beveik visose bir\u017eose, \u012fskaitant <a href=\"https:\/\/coinkickoff.com\/lt\/mexc-global-review\/\">MEXC<\/a>.<\/span><\/p>\n<p><span style=\"font-weight: 400;\">Jei norite dalyvauti pok\u0161te ir \u012fsigyti Dogecoin, bet ne\u017einote, nuo ko prad\u0117ti, esate tinkamoje vietoje. Pateikiame i\u0161sami\u0105 instrukcij\u0105, kaip \u012fsigyti Dogecoin <a href=\"https:\/\/coinkickoff.com\/lt\/mexc-global-review\/\" data-internallinksmanager029f6b8e52c=\"154\" title=\"MEXC pasaulin\u0117s ap\u017evalgos 2023 m: Mokes\u010diai, funkcijos, saugumas, privalumai ir tr\u016bkumai\">MEXC<\/a> keistis.<\/span><\/p>\n<h2><span class=\"ez-toc-section\" id=\"A_Step-By-Step_Guide_on_How_to_Buy_Dogecoin_on_MEXC\"><\/span><span style=\"font-weight: 400;\">\u017dingsnis po \u017eingsnio vadovas, kaip nusipirkti Dogecoin MEXC<\/span><span class=\"ez-toc-section-end\"><\/span><\/h2>\n<h3><span class=\"ez-toc-section\" id=\"1_Register_an_Account\"><\/span><span style=\"font-weight: 400;\">1. U\u017eregistruokite paskyr\u0105<\/span><span class=\"ez-toc-section-end\"><\/span><\/h3>\n<p><img loading=\"lazy\" decoding=\"async\" class=\"alignnone wp-image-3441 size-full\" src=\"https:\/\/coinkickoff.com\/wp-content\/uploads\/mexc-register.png\" alt=\"Kaip pirkti dogecoin Meksikoje\" width=\"1328\" height=\"783\" srcset=\"https:\/\/coinkickoff.com\/wp-content\/uploads\/mexc-register.png 1328w, https:\/\/coinkickoff.com\/wp-content\/uploads\/mexc-register-300x177.png 300w, https:\/\/coinkickoff.com\/wp-content\/uploads\/mexc-register-1024x604.png 1024w, https:\/\/coinkickoff.com\/wp-content\/uploads\/mexc-register-768x453.png 768w, https:\/\/coinkickoff.com\/wp-content\/uploads\/mexc-register-18x12.png 18w\" sizes=\"auto, (max-width: 1328px) 100vw, 1328px\" \/><\/p>\n<p><span style=\"font-weight: 400;\">Pirmiausia sukurkite MEXC paskyr\u0105 apsilank\u0119 <a href=\"https:\/\/www.mexc.com\/en-US\/register?inviteCode=mexc-1WwwX\" target=\"_blank\" rel=\"noopener\">MEXC svetain\u0117<\/a> ir spustel\u0117kite \"Registruotis\". <\/span><\/p>\n<p><span style=\"font-weight: 400;\">Galite u\u017esiregistruoti naudodami savo mobiliojo telefono numer\u012f arba el. pa\u0161to adres\u0105. \u012e el. pa\u0161to adres\u0105 gausite patvirtinimo kod\u0105. Naudokite kod\u0105 nor\u0117dami prisijungti prie savo paskyros.\u00a0\u00a0<\/span><\/p>\n<h3><span class=\"ez-toc-section\" id=\"2_Verify_Your_Account\"><\/span><span style=\"font-weight: 400;\">2. Patikrinkite savo paskyr\u0105<\/span><span class=\"ez-toc-section-end\"><\/span><\/h3>\n<p><span style=\"font-weight: 400;\">Norint prekiauti MEXC, jums nereikia atlikti tapatyb\u0117s patvirtinimo, ta\u010diau norint prekiauti fiat valiuta, jums jo reikia. Jei jau turite skaitmeninio turto, kur\u012f galite si\u0173sti \u012f savo MEXC pinigin\u0119, \u0161\u012f \u017eingsn\u012f galite praleisti.<\/span><\/p>\n<p><span style=\"font-weight: 400;\">Taip pat galite praleisti \u0161\u012f \u017eingsn\u012f, jei norite pirkti kriptovaliutas naudodamiesi tre\u010di\u0173j\u0173 \u0161ali\u0173 paslaug\u0173 teik\u0117jais, pavyzd\u017eiui, \"Banxa\", \"Moonpay\" arba \"Mercuyo\". Jie turi atskirus tapatyb\u0117s patvirtinimo procesus.<\/span><\/p>\n<p><span style=\"font-weight: 400;\">Jei atliksite tapatyb\u0117s patikrinim\u0105, gal\u0117site \u012fsigyti kriptovaliut\u0173 naudodamiesi banko s\u0105skaita, kredito kortele ir kitomis priemon\u0117mis. Nor\u0117dami tai padaryti, spustel\u0117kite profilio simbol\u012f vir\u0161utiniame de\u0161iniajame prietais\u0173 skydelio kampe ir pasirinkite \"Profilis\".<\/span><\/p>\n<p><span style=\"font-weight: 400;\">Profilio puslapyje pasirinkite \"Identification\" ir spustel\u0117kite \"Primary KYC\".<\/span><\/p>\n<p><img loading=\"lazy\" decoding=\"async\" class=\"alignnone wp-image-3439 size-full\" src=\"https:\/\/coinkickoff.com\/wp-content\/uploads\/mexc-id.png\" alt=\"\" width=\"1436\" height=\"810\" srcset=\"https:\/\/coinkickoff.com\/wp-content\/uploads\/mexc-id.png 1436w, https:\/\/coinkickoff.com\/wp-content\/uploads\/mexc-id-300x169.png 300w, https:\/\/coinkickoff.com\/wp-content\/uploads\/mexc-id-1024x578.png 1024w, https:\/\/coinkickoff.com\/wp-content\/uploads\/mexc-id-768x433.png 768w, https:\/\/coinkickoff.com\/wp-content\/uploads\/mexc-id-18x10.png 18w, https:\/\/coinkickoff.com\/wp-content\/uploads\/mexc-id-600x338.png 600w\" sizes=\"auto, (max-width: 1436px) 100vw, 1436px\" \/><\/p>\n<p><span style=\"font-weight: 400;\">B\u016bsite nukreipti \u012f KYC puslap\u012f, kuriame galite pasirinkti <\/span><i><span style=\"font-weight: 400;\">Pirminis KYC<\/span><\/i><span style=\"font-weight: 400;\"> arba <\/span><i><span style=\"font-weight: 400;\">I\u0161pl\u0117stin\u0117 KYC<\/span><\/i><span style=\"font-weight: 400;\">. Daugeliui ind\u0117li\u0173 fiat valiuta b\u016btina i\u0161pl\u0117stin\u0117 KYC.<\/span><\/p>\n<p><img loading=\"lazy\" decoding=\"async\" class=\"alignnone wp-image-3440 size-full\" src=\"https:\/\/coinkickoff.com\/wp-content\/uploads\/mexc-id2.png\" alt=\"\" width=\"1436\" height=\"582\" srcset=\"https:\/\/coinkickoff.com\/wp-content\/uploads\/mexc-id2.png 1436w, https:\/\/coinkickoff.com\/wp-content\/uploads\/mexc-id2-300x122.png 300w, https:\/\/coinkickoff.com\/wp-content\/uploads\/mexc-id2-1024x415.png 1024w, https:\/\/coinkickoff.com\/wp-content\/uploads\/mexc-id2-768x311.png 768w, https:\/\/coinkickoff.com\/wp-content\/uploads\/mexc-id2-18x7.png 18w\" sizes=\"auto, (max-width: 1436px) 100vw, 1436px\" \/><\/p>\n<p><span style=\"font-weight: 400;\">Eikite \u012f priek\u012f ir spustel\u0117kite \"Patvirtinti\", kad prad\u0117tum\u0117te tikrinimo proces\u0105. \u012ekelkite reikiamus dokumentus ir gal\u0117site prad\u0117ti.<\/span><\/p>\n<h3><span class=\"ez-toc-section\" id=\"3_Buy_Crypto\"><\/span><span style=\"font-weight: 400;\">3. Pirkite kriptografij\u0105<\/span><span class=\"ez-toc-section-end\"><\/span><\/h3>\n<p><span style=\"font-weight: 400;\">Vir\u0161utiniame kairiajame kampe spustel\u0117kite \"Buy Crypto\". Naujajame puslapyje pasirinkite vien\u0105 i\u0161 galim\u0173 variant\u0173. Jei atliksite tapatyb\u0117s patikrinim\u0105, kriptovaliut\u0173 pirkimui gal\u0117site naudoti kredito \/ debeto korteles, banko pervedimus, greituosius mok\u0117jimus ir P2P rink\u0105. Jei ne, i\u0161 s\u0105ra\u0161o pasirinkite \"Tre\u010dioji \u0161alis\".<\/span><\/p>\n<p><img loading=\"lazy\" decoding=\"async\" class=\"alignnone wp-image-3438 size-full\" src=\"https:\/\/coinkickoff.com\/wp-content\/uploads\/mexc-buy-payment.png\" alt=\"\" width=\"1403\" height=\"778\" srcset=\"https:\/\/coinkickoff.com\/wp-content\/uploads\/mexc-buy-payment.png 1403w, https:\/\/coinkickoff.com\/wp-content\/uploads\/mexc-buy-payment-300x166.png 300w, https:\/\/coinkickoff.com\/wp-content\/uploads\/mexc-buy-payment-1024x568.png 1024w, https:\/\/coinkickoff.com\/wp-content\/uploads\/mexc-buy-payment-768x426.png 768w, https:\/\/coinkickoff.com\/wp-content\/uploads\/mexc-buy-payment-18x10.png 18w\" sizes=\"auto, (max-width: 1403px) 100vw, 1403px\" \/><\/p>\n<p><span style=\"font-weight: 400;\">\u012eveskite, kiek norite i\u0161leisti, ir pasirinkite, koki\u0105 kriptovaliut\u0105 norite \u012fsigyti. Deja, negalite tiesiog nusipirkti DOGE u\u017e grynuosius pinigus, tod\u0117l pirmiausia turite nusipirkti kit\u0105 coin, pvz. <a href=\"https:\/\/coinkickoff.com\/lt\/tether-usdt\/\" data-internallinksmanager029f6b8e52c=\"3\" title=\"Kas yra Tether (USDT)? Kaip jis veikia ir kur j\u012f \u012fsigyti?\">USDT<\/a> arba <a href=\"https:\/\/coinkickoff.com\/lt\/usd-coin-usdc\/\" data-internallinksmanager029f6b8e52c=\"8\" title=\"Kas yra USD Coin (USDC)? Kaip jis veikia ir kur j\u012f \u012fsigyti?\">USDC<\/a>, o v\u0117liau j\u012f pakeiskite \u012f DOGE.<\/span><\/p>\n<p><span style=\"font-weight: 400;\">\u012eved\u0119 norim\u0105 pirkti sum\u0105, turite pasirinkti mok\u0117jimo kanal\u0105. MEXC si\u016blo rinktis i\u0161 keleto tre\u010di\u0173j\u0173 \u0161ali\u0173 galimybi\u0173 ir pataria naudoti ma\u017eiausi\u0105 kain\u0105.<\/span><\/p>\n<p><span style=\"font-weight: 400;\">Per\u017ei\u016br\u0117kite mok\u0117jimo informacij\u0105 ir spustel\u0117kite \"T\u0119sti\". B\u016bsite nukreipti \u012f mok\u0117jimo kanalo puslap\u012f, kuriame gal\u0117site patvirtinti u\u017esakym\u0105. Per\u017ei\u016br\u0117kite informacij\u0105 ir spustel\u0117kite \"Pirkti\".<\/span><\/p>\n<p><img loading=\"lazy\" decoding=\"async\" class=\"alignnone wp-image-3436 size-full\" src=\"https:\/\/coinkickoff.com\/wp-content\/uploads\/mercuryo-mexc1u.png\" alt=\"\" width=\"1360\" height=\"791\" srcset=\"https:\/\/coinkickoff.com\/wp-content\/uploads\/mercuryo-mexc1u.png 1360w, https:\/\/coinkickoff.com\/wp-content\/uploads\/mercuryo-mexc1u-300x174.png 300w, https:\/\/coinkickoff.com\/wp-content\/uploads\/mercuryo-mexc1u-1024x596.png 1024w, https:\/\/coinkickoff.com\/wp-content\/uploads\/mercuryo-mexc1u-768x447.png 768w, https:\/\/coinkickoff.com\/wp-content\/uploads\/mercuryo-mexc1u-18x10.png 18w\" sizes=\"auto, (max-width: 1360px) 100vw, 1360px\" \/><\/p>\n<p><img loading=\"lazy\" decoding=\"async\" class=\"alignnone wp-image-3435 size-full\" src=\"https:\/\/coinkickoff.com\/wp-content\/uploads\/mercuryo-mexc.png\" alt=\"\" width=\"1407\" height=\"796\" srcset=\"https:\/\/coinkickoff.com\/wp-content\/uploads\/mercuryo-mexc.png 1407w, https:\/\/coinkickoff.com\/wp-content\/uploads\/mercuryo-mexc-300x170.png 300w, https:\/\/coinkickoff.com\/wp-content\/uploads\/mercuryo-mexc-1024x579.png 1024w, https:\/\/coinkickoff.com\/wp-content\/uploads\/mercuryo-mexc-768x434.png 768w, https:\/\/coinkickoff.com\/wp-content\/uploads\/mercuryo-mexc-18x10.png 18w, https:\/\/coinkickoff.com\/wp-content\/uploads\/mercuryo-mexc-600x338.png 600w\" sizes=\"auto, (max-width: 1407px) 100vw, 1407px\" \/><\/p>\n<p><span style=\"font-weight: 400;\">\u0160iuo metu mok\u0117jimo kanale turite \u012fvesti savo el. pa\u0161to adres\u0105. Jei neturite paslaug\u0173 teik\u0117jo paskyros, b\u016bsite nukreipti atidaryti paskyr\u0105.<\/span><\/p>\n<h3><span class=\"ez-toc-section\" id=\"4_Trade_USDT_for_DOGE\"><\/span><span style=\"font-weight: 400;\">4. I\u0161keiskite USDT \u012f DOGE<\/span><span class=\"ez-toc-section-end\"><\/span><\/h3>\n<p><span style=\"font-weight: 400;\">Nusipirk\u0119 stabil\u0173 coin, pvz., USDT, galite j\u012f i\u0161keisti \u012f DOGE MEXC. Valdymo skydelyje spustel\u0117kite \"Prekiauti\". Kairiajame naujojo ekrano kampe ie\u0161kokite DOGE.<\/span><\/p>\n<p><img loading=\"lazy\" decoding=\"async\" class=\"alignnone wp-image-3443 size-full\" src=\"https:\/\/coinkickoff.com\/wp-content\/uploads\/mexctrade1.png\" alt=\"\" width=\"1436\" height=\"736\" srcset=\"https:\/\/coinkickoff.com\/wp-content\/uploads\/mexctrade1.png 1436w, https:\/\/coinkickoff.com\/wp-content\/uploads\/mexctrade1-300x154.png 300w, https:\/\/coinkickoff.com\/wp-content\/uploads\/mexctrade1-1024x525.png 1024w, https:\/\/coinkickoff.com\/wp-content\/uploads\/mexctrade1-768x394.png 768w, https:\/\/coinkickoff.com\/wp-content\/uploads\/mexctrade1-18x9.png 18w\" sizes=\"auto, (max-width: 1436px) 100vw, 1436px\" \/><\/p>\n<p><span style=\"font-weight: 400;\">I\u0161 gaut\u0173 rezultat\u0173 pasirinkite DOGE\/USDT, kad gal\u0117tum\u0117te prekiauti dviem aktyvais.<\/span><\/p>\n<p><img loading=\"lazy\" decoding=\"async\" class=\"alignnone wp-image-3442 size-full\" src=\"https:\/\/coinkickoff.com\/wp-content\/uploads\/mexc-trade-2.png\" alt=\"\" width=\"1392\" height=\"748\" srcset=\"https:\/\/coinkickoff.com\/wp-content\/uploads\/mexc-trade-2.png 1392w, https:\/\/coinkickoff.com\/wp-content\/uploads\/mexc-trade-2-300x161.png 300w, https:\/\/coinkickoff.com\/wp-content\/uploads\/mexc-trade-2-1024x550.png 1024w, https:\/\/coinkickoff.com\/wp-content\/uploads\/mexc-trade-2-768x413.png 768w, https:\/\/coinkickoff.com\/wp-content\/uploads\/mexc-trade-2-18x10.png 18w\" sizes=\"auto, (max-width: 1392px) 100vw, 1392px\" \/><\/p>\n<p><span style=\"font-weight: 400;\">Dabar jums tereikia ekrano apa\u010dioje esan\u010diame lange \u012fvesti, kiek DOGE norite pirkti (arba kiek USDT norite parduoti). Tame lange galite koreguoti norim\u0105 pirkti sum\u0105.<\/span><\/p>\n<p><span style=\"font-weight: 400;\">Kai b\u016bsite pasireng\u0119 pateikti u\u017esakym\u0105, spustel\u0117kite Pirkti DOGE. \u0160tai ir viskas.<\/span><\/p>\n<p><span style=\"font-weight: 400;\">Daugiau informacijos rasite m\u016bs\u0173 straipsniuose apie Dogecoin ir MEXC bir\u017e\u0105.<\/span><\/p>","protected":false},"excerpt":{"rendered":"<p>Kaip nusipirkti Dogecoin MEXC Dogecoin, nors ir yra garsi kriptovaliuta, i\u0161 tikr\u0173j\u0173 n\u0117ra tokia kaip Ethereum ar Bitcoin. \u0160i gerai \u017einoma memuarin\u0117 coin yra gana bevert\u0117 i\u0161 anksto, nes pirm\u0105 kart\u0105 buvo paleista kaip pok\u0161tas. Ta\u010diau dabar jis yra gana pla\u010diai paplit\u0119s, daugiausia \"Reddit\" ir Elono Musko d\u0117ka, ir j\u012f galima rasti beveik [...]<\/p>","protected":false},"author":3,"featured_media":155,"parent":3196,"menu_order":0,"comment_status":"closed","ping_status":"closed","template":"","meta":{"_genesis_hide_title":false,"_genesis_hide_breadcrumbs":false,"_genesis_hide_singular_image":false,"_genesis_hide_footer_widgets":false,"_genesis_custom_body_class":"","_genesis_custom_post_class":"","_genesis_layout":"","_glsr_average":0,"_glsr_ranking":0,"_glsr_reviews":0,"footnotes":""},"class_list":{"0":"post-3424","1":"page","2":"type-page","3":"status-publish","4":"has-post-thumbnail","6":"entry"},"featured_image_src":"https:\/\/coinkickoff.com\/wp-content\/uploads\/2022\/06\/Dogecoin-DOGE-600x400.jpg","featured_image_src_square":"https:\/\/coinkickoff.com\/wp-content\/uploads\/2022\/06\/Dogecoin-DOGE-600x600.jpg","_links":{"self":[{"href":"https:\/\/coinkickoff.com\/lt\/wp-json\/wp\/v2\/pages\/3424","targetHints":{"allow":["GET"]}}],"collection":[{"href":"https:\/\/coinkickoff.com\/lt\/wp-json\/wp\/v2\/pages"}],"about":[{"href":"https:\/\/coinkickoff.com\/lt\/wp-json\/wp\/v2\/types\/page"}],"author":[{"embeddable":true,"href":"https:\/\/coinkickoff.com\/lt\/wp-json\/wp\/v2\/users\/3"}],"replies":[{"embeddable":true,"href":"https:\/\/coinkickoff.com\/lt\/wp-json\/wp\/v2\/comments?post=3424"}],"version-history":[{"count":3,"href":"https:\/\/coinkickoff.com\/lt\/wp-json\/wp\/v2\/pages\/3424\/revisions"}],"predecessor-version":[{"id":4496,"href":"https:\/\/coinkickoff.com\/lt\/wp-json\/wp\/v2\/pages\/3424\/revisions\/4496"}],"up":[{"embeddable":true,"href":"https:\/\/coinkickoff.com\/lt\/wp-json\/wp\/v2\/pages\/3196"}],"wp:featuredmedia":[{"embeddable":true,"href":"https:\/\/coinkickoff.com\/lt\/wp-json\/wp\/v2\/media\/155"}],"wp:attachment":[{"href":"https:\/\/coinkickoff.com\/lt\/wp-json\/wp\/v2\/media?parent=3424"}],"curies":[{"name":"wp","href":"https:\/\/api.w.org\/{rel}","templated":true}]}}