{"id":3404,"date":"2026-01-08T14:07:29","date_gmt":"2026-01-08T14:07:29","guid":{"rendered":"https:\/\/coinkickoff.com\/?page_id=3404"},"modified":"2026-01-08T14:07:29","modified_gmt":"2026-01-08T14:07:29","slug":"how-to-buy-dogecoin-on-kraken","status":"publish","type":"page","link":"https:\/\/coinkickoff.com\/lt\/how-to-buy-dogecoin\/how-to-buy-dogecoin-on-kraken\/","title":{"rendered":"Kaip nusipirkti Dogecoin (DOGE) \"Kraken"},"content":{"rendered":"<div id=\"ez-toc-container\" class=\"ez-toc-v2_0_80 counter-hierarchy ez-toc-counter ez-toc-transparent ez-toc-container-direction\">\n<div class=\"ez-toc-title-container\">\n<p class=\"ez-toc-title\" style=\"cursor:inherit\">Skyriai<\/p>\n<span class=\"ez-toc-title-toggle\"><a href=\"#\" class=\"ez-toc-pull-right ez-toc-btn ez-toc-btn-xs ez-toc-btn-default ez-toc-toggle\" aria-label=\"Perjungti turinio lentel\u0119\"><span class=\"ez-toc-js-icon-con\"><span class=\"\"><span class=\"eztoc-hide\" style=\"display:none;\">Perjungti<\/span><span class=\"ez-toc-icon-toggle-span\"><svg style=\"fill: #999;color:#999\" xmlns=\"http:\/\/www.w3.org\/2000\/svg\" class=\"list-377408\" width=\"20px\" height=\"20px\" viewbox=\"0 0 24 24\" fill=\"none\"><path d=\"M6 6H4v2h2V6zm14 0H8v2h12V6zM4 11h2v2H4v-2zm16 0H8v2h12v-2zM4 16h2v2H4v-2zm16 0H8v2h12v-2z\" fill=\"currentColor\"><\/path><\/svg><svg style=\"fill: #999;color:#999\" class=\"arrow-unsorted-368013\" xmlns=\"http:\/\/www.w3.org\/2000\/svg\" width=\"10px\" height=\"10px\" viewbox=\"0 0 24 24\" version=\"1.2\" baseprofile=\"tiny\"><path d=\"M18.2 9.3l-6.2-6.3-6.2 6.3c-.2.2-.3.4-.3.7s.1.5.3.7c.2.2.4.3.7.3h11c.3 0 .5-.1.7-.3.2-.2.3-.5.3-.7s-.1-.5-.3-.7zM5.8 14.7l6.2 6.3 6.2-6.3c.2-.2.3-.5.3-.7s-.1-.5-.3-.7c-.2-.2-.4-.3-.7-.3h-11c-.3 0-.5.1-.7.3-.2.2-.3.5-.3.7s.1.5.3.7z\"\/><\/svg><\/span><\/span><\/span><\/a><\/span><\/div>\n<nav><ul class='ez-toc-list ez-toc-list-level-1 eztoc-toggle-hide-by-default' ><li class='ez-toc-page-1 ez-toc-heading-level-2'><a class=\"ez-toc-link ez-toc-heading-1\" href=\"https:\/\/coinkickoff.com\/lt\/how-to-buy-dogecoin\/how-to-buy-dogecoin-on-kraken\/#How_to_Buy_Dogecoin_on_Kraken\" >Kaip nusipirkti Dogecoin \"Kraken<\/a><\/li><li class='ez-toc-page-1 ez-toc-heading-level-2'><a class=\"ez-toc-link ez-toc-heading-2\" href=\"https:\/\/coinkickoff.com\/lt\/how-to-buy-dogecoin\/how-to-buy-dogecoin-on-kraken\/#A_Step-By-Step_Guide_on_How_to_Buy_Dogecoin_on_Kraken\" >\u017dingsnis po \u017eingsnio vadovas, kaip nusipirkti Dogecoin \"Kraken<\/a><ul class='ez-toc-list-level-3' ><li class='ez-toc-heading-level-3'><a class=\"ez-toc-link ez-toc-heading-3\" href=\"https:\/\/coinkickoff.com\/lt\/how-to-buy-dogecoin\/how-to-buy-dogecoin-on-kraken\/#1_Register_an_Account_on_Kraken\" >1. U\u017eregistruokite paskyr\u0105 \"Kraken<\/a><\/li><li class='ez-toc-page-1 ez-toc-heading-level-3'><a class=\"ez-toc-link ez-toc-heading-4\" href=\"https:\/\/coinkickoff.com\/lt\/how-to-buy-dogecoin\/how-to-buy-dogecoin-on-kraken\/#2_Verify_Your_Account\" >2. Patikrinkite savo paskyr\u0105<\/a><\/li><li class='ez-toc-page-1 ez-toc-heading-level-3'><a class=\"ez-toc-link ez-toc-heading-5\" href=\"https:\/\/coinkickoff.com\/lt\/how-to-buy-dogecoin\/how-to-buy-dogecoin-on-kraken\/#3_Deposit_FundsCrypto\" >3. Depozitin\u0117s l\u0117\u0161os \/ kriptografija<\/a><\/li><li class='ez-toc-page-1 ez-toc-heading-level-3'><a class=\"ez-toc-link ez-toc-heading-6\" href=\"https:\/\/coinkickoff.com\/lt\/how-to-buy-dogecoin\/how-to-buy-dogecoin-on-kraken\/#4_Navigate_to_the_Relevant_Screen_to_Buy\" >4. Pereikite \u012f atitinkam\u0105 ekran\u0105, kad gal\u0117tum\u0117te pirkti<\/a><\/li><\/ul><\/li><\/ul><\/nav><\/div>\n<h2><span class=\"ez-toc-section\" id=\"How_to_Buy_Dogecoin_on_Kraken\"><\/span><span style=\"font-weight: 400;\">Kaip nusipirkti Dogecoin \"Kraken<\/span><span class=\"ez-toc-section-end\"><\/span><\/h2>\n<p><span style=\"font-weight: 400;\"><a href=\"https:\/\/coinkickoff.com\/lt\/dogecoin-doge\/\" data-internallinksmanager029f6b8e52c=\"14\" title=\"Kas yra Dogecoin (DOGE)? Kaip jis veikia ir kur j\u012f \u012fsigyti?\">Dogecoin<\/a> (DOGE) yra viena did\u017eiausi\u0173 kriptovaliut\u0173 pagal rinkos vert\u0119, nepaisant, o gal d\u0117l to, kad yra pirmoji pasaulyje memuarin\u0117 coin. token buvo paleista daugiausia kaip pok\u0161tas, \u012fkv\u0117ptas \"doge meme\", bet greitai i\u0161populiar\u0117jo interneto ir socialin\u0117s \u017einiasklaidos d\u0117ka.<\/span><\/p>\n<p><span style=\"font-weight: 400;\">Jei norite \u012fsigyti <a href=\"https:\/\/coinkickoff.com\/lt\/dogecoin-doge\/\">Dogecoin<\/a> svetain\u0117je <a href=\"https:\/\/coinkickoff.com\/lt\/kraken-review\/\">Krakenas<\/a> bet nesate tikri, ar esate tinkamoje vietoje. \u010cia \u017eingsnis po \u017eingsnio paai\u0161kinta, kaip pirkti Dogecoin <a href=\"https:\/\/coinkickoff.com\/lt\/kraken-review\/\" data-internallinksmanager029f6b8e52c=\"171\" title=\"&quot;Kraken&quot; ap\u017evalgos 2023: Mokes\u010diai, funkcijos, saugumas, privalumai ir tr\u016bkumai\">Krakenas<\/a>.<\/span><\/p>\n<h2><span class=\"ez-toc-section\" id=\"A_Step-By-Step_Guide_on_How_to_Buy_Dogecoin_on_Kraken\"><\/span><span style=\"font-weight: 400;\">\u017dingsnis po \u017eingsnio vadovas, kaip nusipirkti Dogecoin \"Kraken<\/span><span class=\"ez-toc-section-end\"><\/span><\/h2>\n<h3><span class=\"ez-toc-section\" id=\"1_Register_an_Account_on_Kraken\"><\/span><span style=\"font-weight: 400;\">1. U\u017eregistruokite paskyr\u0105 \"Kraken<\/span><span class=\"ez-toc-section-end\"><\/span><\/h3>\n<p><img loading=\"lazy\" decoding=\"async\" class=\"alignnone wp-image-3406 size-full\" src=\"https:\/\/coinkickoff.com\/wp-content\/uploads\/kraken1-e1682502957481.png\" alt=\"kaip nusipirkti Dogecoin Krakene\" width=\"1339\" height=\"763\" srcset=\"https:\/\/coinkickoff.com\/wp-content\/uploads\/kraken1-e1682502957481.png 1339w, https:\/\/coinkickoff.com\/wp-content\/uploads\/kraken1-e1682502957481-300x171.png 300w, https:\/\/coinkickoff.com\/wp-content\/uploads\/kraken1-e1682502957481-1024x584.png 1024w, https:\/\/coinkickoff.com\/wp-content\/uploads\/kraken1-e1682502957481-768x438.png 768w, https:\/\/coinkickoff.com\/wp-content\/uploads\/kraken1-e1682502957481-18x10.png 18w\" sizes=\"auto, (max-width: 1339px) 100vw, 1339px\" \/> I<span style=\"font-weight: 400;\">jei dar neturite \"Kraken\" paskyros, apsilankykite <a href=\"https:\/\/kraken.pxf.io\/B0Rny4\" rel=\"nofollow noopener\" target=\"_blank\">Oficiali \"Kraken\" svetain\u0117<\/a> ir spustel\u0117kite \"Sukurti paskyr\u0105\". \u012eveskite el. pa\u0161to adres\u0105, naudotojo vard\u0105 ir tvirt\u0105 slapta\u017eod\u012f su skaitmeniniais ir specialiaisiais simboliais. Pasirinkite gyvenam\u0105j\u0105 \u0161al\u012f ir valstyb\u0119 ir sukurkite paskyr\u0105.\u00a0<\/span><\/p>\n<p><span style=\"font-weight: 400;\">\"Kraken\" atsi\u0173s jums patvirtinimo el. lai\u0161k\u0105 ir paskyros aktyvavimo nuorod\u0105. Vadovaukit\u0117s nuoroda ir prisijunkite prie savo paskyros.<\/span><\/p>\n<h3><span class=\"ez-toc-section\" id=\"2_Verify_Your_Account\"><\/span><span style=\"font-weight: 400;\">2. Patikrinkite savo paskyr\u0105<\/span><span class=\"ez-toc-section-end\"><\/span><\/h3>\n<p><span style=\"font-weight: 400;\">Nor\u0117dami pirkti kriptovaliutas \"Kraken\", turite laikytis j\u0173 KYC reikalavim\u0173 ir pateikti tam tikr\u0105 asmenin\u0119 informacij\u0105 bei asmens tapatyb\u0119 patvirtinant\u012f dokument\u0105. Taigi, antrasis \u017eingsnis - patvirtinti savo tapatyb\u0119.<\/span><\/p>\n<p><span style=\"font-weight: 400;\">Kai kurios bir\u017eos leid\u017eia \u012fne\u0161ti kriptovaliutas \u012f savo platform\u0105 neu\u017ebaigus tapatyb\u0117s patikrinimo. Atkreipkite d\u0117mes\u012f, kad \"Kraken\" yra <\/span><i><span style=\"font-weight: 400;\">ne <\/span><\/i><span style=\"font-weight: 400;\">vienas i\u0161 \u0161i\u0173 main\u0173. <\/span><b>Prie\u0161 atlikdami ind\u0117l\u012f platformoje turite patvirtinti savo tapatyb\u0119.<\/b><\/p>\n<p><span style=\"font-weight: 400;\">\"Kraken\" atsi\u0173s jums el. lai\u0161k\u0105, kuriame primins, kad turite patvirtinti savo paskyr\u0105. Taip pat galite spustel\u0117ti pagrindinio puslapio kair\u0117je pus\u0117je esan\u010di\u0105 piktogram\u0105 \"Pirkti\" ir \"Kraken\" i\u0161 karto papra\u0161ys u\u017ebaigti tapatyb\u0117s patvirtinim\u0105.<\/span><\/p>\n<p><img loading=\"lazy\" decoding=\"async\" class=\"alignnone wp-image-3407 size-full\" src=\"https:\/\/coinkickoff.com\/wp-content\/uploads\/kraken2-e1682502904796.png\" alt=\"krakeno patikrinimo \u012fsp\u0117jimas\" width=\"1378\" height=\"770\" \/><\/p>\n<p><span style=\"font-weight: 400;\">Tiesiog spustel\u0117kite Patvirtinti ir b\u016bsite nukreipti \u012f atitinkam\u0105 puslap\u012f. \u012eveskite savo vard\u0105, pavard\u0119, gimimo dat\u0105, adres\u0105 ir telefono numer\u012f, kad prad\u0117tum\u0117te tikrinimo proces\u0105. Spustel\u0117kite T\u0119sti.<\/span><\/p>\n<p><img loading=\"lazy\" decoding=\"async\" class=\"alignnone wp-image-3408 size-full\" src=\"https:\/\/coinkickoff.com\/wp-content\/uploads\/kraken3-e1682503223180.png\" alt=\"\" width=\"1375\" height=\"777\" srcset=\"https:\/\/coinkickoff.com\/wp-content\/uploads\/kraken3-e1682503223180.png 1375w, https:\/\/coinkickoff.com\/wp-content\/uploads\/kraken3-e1682503223180-300x170.png 300w, https:\/\/coinkickoff.com\/wp-content\/uploads\/kraken3-e1682503223180-1024x579.png 1024w, https:\/\/coinkickoff.com\/wp-content\/uploads\/kraken3-e1682503223180-768x434.png 768w, https:\/\/coinkickoff.com\/wp-content\/uploads\/kraken3-e1682503223180-18x10.png 18w, https:\/\/coinkickoff.com\/wp-content\/uploads\/kraken3-e1682503223180-600x338.png 600w\" sizes=\"auto, (max-width: 1375px) 100vw, 1375px\" \/><\/p>\n<p><span style=\"font-weight: 400;\">Kitame puslapyje tur\u0117site pateikti papildomus dokumentus, \u012fskaitant asmens tapatyb\u0117s dokument\u0105 su nuotrauka, pvz., paso puslap\u012f arba vairuotojo pa\u017eym\u0117jim\u0105.<\/span><\/p>\n<h3><span class=\"ez-toc-section\" id=\"3_Deposit_FundsCrypto\"><\/span><span style=\"font-weight: 400;\">3. Depozitin\u0117s l\u0117\u0161os \/ kriptografija<\/span><span class=\"ez-toc-section-end\"><\/span><\/h3>\n<p><span style=\"font-weight: 400;\">Jei jau turite kriptovaliut\u0173, galite pervesti savo coins \u012f \"Kraken\" ir i\u0161keisti jas \u012f DOGE. Prie\u0161ingu atveju tiesiog \u012fsigykite DOGE \"Kraken\" u\u017e fiat valiut\u0105.\u00a0<\/span><\/p>\n<p><span style=\"font-weight: 400;\">Primygtinai rekomenduojame apsaugoti savo paskyr\u0105 naudojant dviej\u0173 veiksni\u0173 autentifikavim\u0105 (2FA) prie\u0161 pridedant mok\u0117jimo b\u016bd\u0105 arba atliekant bet kokius fiat \u012fmokas. 2FA suteikia j\u016bs\u0173 paskyrai papildom\u0105 saugumo lyg\u012f.<\/span><\/p>\n<p><span style=\"font-weight: 400;\">Nor\u0117dami \u012fjungti 2FA, spustel\u0117kite savo profilio pavadinim\u0105 (vir\u0161uje de\u0161in\u0117je) ir i\u0161 i\u0161skleid\u017eiamajame meniu pasirinkite \"Saugumas\". Spustel\u0117kite \"2FA Settings\" (2FA nustatymai) ir pakoreguokite nustatymus.<\/span><\/p>\n<p><img loading=\"lazy\" decoding=\"async\" class=\"alignnone wp-image-3409 size-full\" src=\"https:\/\/coinkickoff.com\/wp-content\/uploads\/kraken4-e1682503267822.png\" alt=\"\" width=\"1360\" height=\"795\" srcset=\"https:\/\/coinkickoff.com\/wp-content\/uploads\/kraken4-e1682503267822.png 1360w, https:\/\/coinkickoff.com\/wp-content\/uploads\/kraken4-e1682503267822-300x175.png 300w, https:\/\/coinkickoff.com\/wp-content\/uploads\/kraken4-e1682503267822-1024x599.png 1024w, https:\/\/coinkickoff.com\/wp-content\/uploads\/kraken4-e1682503267822-768x449.png 768w, https:\/\/coinkickoff.com\/wp-content\/uploads\/kraken4-e1682503267822-18x12.png 18w\" sizes=\"auto, (max-width: 1360px) 100vw, 1360px\" \/><\/p>\n<p><span style=\"font-weight: 400;\">\"Kraken\" si\u016blo kelias 2FA parinktis. Galite \u012fjungti 2FA \u012fvairiems veiksmams, pavyzd\u017eiui, prisijungimui, finansavimui, prekybai ir i\u0161\u0117mimui.<\/span><\/p>\n<p><span style=\"font-weight: 400;\"><img loading=\"lazy\" decoding=\"async\" class=\"alignnone wp-image-3405 size-full\" src=\"https:\/\/coinkickoff.com\/wp-content\/uploads\/kraken-5-e1682503294785.png\" alt=\"\" width=\"1357\" height=\"770\" srcset=\"https:\/\/coinkickoff.com\/wp-content\/uploads\/kraken-5-e1682503294785.png 1357w, https:\/\/coinkickoff.com\/wp-content\/uploads\/kraken-5-e1682503294785-300x170.png 300w, https:\/\/coinkickoff.com\/wp-content\/uploads\/kraken-5-e1682503294785-1024x581.png 1024w, https:\/\/coinkickoff.com\/wp-content\/uploads\/kraken-5-e1682503294785-768x436.png 768w, https:\/\/coinkickoff.com\/wp-content\/uploads\/kraken-5-e1682503294785-18x10.png 18w\" sizes=\"auto, (max-width: 1357px) 100vw, 1357px\" \/><\/span><\/p>\n<p><span style=\"font-weight: 400;\">Nustatyti 2FA gana paprasta. Atsisi\u0173skite \"Google Authenticator\" program\u0117l\u0119 ir nuskaitykite ekrane esant\u012f QR kod\u0105. Program\u0117l\u0117 sugeneruos kod\u0105, kur\u012f gal\u0117site \u012fvesti, kad \u012fjungtum\u0117te 2FA.\u00a0<\/span><\/p>\n<p><img loading=\"lazy\" decoding=\"async\" class=\"alignnone wp-image-3410 size-full\" src=\"https:\/\/coinkickoff.com\/wp-content\/uploads\/kraken6-e1682503322525.png\" alt=\"\" width=\"1357\" height=\"791\" \/><\/p>\n<p><span style=\"font-weight: 400;\">\u012ejung\u0119 2FA, nor\u0117dami prisijungti prie savo paskyros turite naudoti \"Google Authenticator\" program\u0117l\u0119. Program\u0117l\u0117 kiekvienam prisijungimui sugeneruos unikal\u0173 vienkartin\u012f slapta\u017eod\u012f.<\/span><\/p>\n<p><span style=\"font-weight: 400;\">\u012ejung\u0119 2FA, galite finansuoti \"Kraken\" paskyr\u0105. Yra du b\u016bdai, kaip galite \u012fsigyti DOGE \"Kraken\". \u012e savo paskyr\u0105 galite \u012ftraukti momentin\u012f mok\u0117jimo b\u016bd\u0105, pavyzd\u017eiui, kredito kortel\u0119, arba susieti savo banko s\u0105skait\u0105 su \"Kraken\" ir lengvai pervesti l\u0117\u0161as.<\/span><\/p>\n<p><span style=\"font-weight: 400;\">Prid\u0117ti momentinio mok\u0117jimo b\u016bd\u0105 yra grei\u010diau ir papras\u010diau. Tiesiog vir\u0161utiniame meniu spustel\u0117kite \"Pirkti kriptovaliut\u0105\".<\/span><\/p>\n<p><img loading=\"lazy\" decoding=\"async\" class=\"alignnone wp-image-3412 size-full\" src=\"https:\/\/coinkickoff.com\/wp-content\/uploads\/kraken8-e1682503364155.png\" alt=\"\" width=\"1206\" height=\"781\" srcset=\"https:\/\/coinkickoff.com\/wp-content\/uploads\/kraken8-e1682503364155.png 1206w, https:\/\/coinkickoff.com\/wp-content\/uploads\/kraken8-e1682503364155-300x194.png 300w, https:\/\/coinkickoff.com\/wp-content\/uploads\/kraken8-e1682503364155-1024x663.png 1024w, https:\/\/coinkickoff.com\/wp-content\/uploads\/kraken8-e1682503364155-768x497.png 768w, https:\/\/coinkickoff.com\/wp-content\/uploads\/kraken8-e1682503364155-18x12.png 18w\" sizes=\"auto, (max-width: 1206px) 100vw, 1206px\" \/><\/p>\n<p><span style=\"font-weight: 400;\">Naujame puslapyje pasirinkite \"Mok\u0117jimo b\u016bdai\".<\/span><\/p>\n<p><span style=\"font-weight: 400;\">Spustel\u0117kite \"Prid\u0117ti mok\u0117jimo b\u016bdus\". Galite prid\u0117ti <\/span><a href=\"https:\/\/support.kraken.com\/hc\/en-us\/articles\/360048212832-Visa-and-MasterCard-purchases\" target=\"_blank\" rel=\"noopener\"><span style=\"font-weight: 400;\">\"Visa\" ir \"Mastercard\" debeto \/ kredito kortel\u0117<\/span><\/a><span style=\"font-weight: 400;\"> arba \u012fne\u0161kite gryn\u0173j\u0173 pinig\u0173 \u012f savo s\u0105skait\u0105 naudodamiesi internetine bankininkyste.<\/span><\/p>\n<p><img loading=\"lazy\" decoding=\"async\" class=\"alignnone wp-image-3413 size-full\" src=\"https:\/\/coinkickoff.com\/wp-content\/uploads\/kraken9-e1682503407337.png\" alt=\"\" width=\"1196\" height=\"776\" srcset=\"https:\/\/coinkickoff.com\/wp-content\/uploads\/kraken9-e1682503407337.png 1196w, https:\/\/coinkickoff.com\/wp-content\/uploads\/kraken9-e1682503407337-300x195.png 300w, https:\/\/coinkickoff.com\/wp-content\/uploads\/kraken9-e1682503407337-1024x664.png 1024w, https:\/\/coinkickoff.com\/wp-content\/uploads\/kraken9-e1682503407337-768x498.png 768w, https:\/\/coinkickoff.com\/wp-content\/uploads\/kraken9-e1682503407337-18x12.png 18w\" sizes=\"auto, (max-width: 1196px) 100vw, 1196px\" \/><\/p>\n<p><span style=\"font-weight: 400;\">Spustel\u0117kite pageidaujam\u0105 metod\u0105 ir \u012fveskite reikiam\u0105 informacij\u0105.\u00a0<\/span><\/p>\n<p><span style=\"font-weight: 400;\">Kredito ir debeto kortel\u0117mis galima pirkti grei\u010diau, ta\u010diau paprastai tai kainuoja brangiau, nes korteli\u0173 teik\u0117jai taiko papildomus mokes\u010dius.<\/span><\/p>\n<p><span style=\"font-weight: 400;\">Jei pasirinksite gryn\u0173j\u0173 pinig\u0173 \u012fmok\u0105, s\u0105skait\u0105 galite papildyti naudodamiesi internetine bankininkyste. Pasirinkite valiut\u0105, kuria norite \u012fne\u0161ti \u012fmok\u0105, ir pasirinkite \u012fmokos b\u016bd\u0105.<\/span><\/p>\n<p><img loading=\"lazy\" decoding=\"async\" class=\"alignnone wp-image-3414 size-full\" src=\"https:\/\/coinkickoff.com\/wp-content\/uploads\/kraken-deposit.png\" alt=\"\" width=\"752\" height=\"298\" srcset=\"https:\/\/coinkickoff.com\/wp-content\/uploads\/kraken-deposit.png 752w, https:\/\/coinkickoff.com\/wp-content\/uploads\/kraken-deposit-300x119.png 300w, https:\/\/coinkickoff.com\/wp-content\/uploads\/kraken-deposit-18x7.png 18w\" sizes=\"auto, (max-width: 752px) 100vw, 752px\" \/> <img loading=\"lazy\" decoding=\"async\" class=\"alignnone wp-image-3415 size-full\" src=\"https:\/\/coinkickoff.com\/wp-content\/uploads\/kraken-deposit-2.png\" alt=\"\" width=\"808\" height=\"547\" srcset=\"https:\/\/coinkickoff.com\/wp-content\/uploads\/kraken-deposit-2.png 808w, https:\/\/coinkickoff.com\/wp-content\/uploads\/kraken-deposit-2-300x203.png 300w, https:\/\/coinkickoff.com\/wp-content\/uploads\/kraken-deposit-2-768x520.png 768w, https:\/\/coinkickoff.com\/wp-content\/uploads\/kraken-deposit-2-18x12.png 18w\" sizes=\"auto, (max-width: 808px) 100vw, 808px\" \/><\/p>\n<p><span style=\"font-weight: 400;\">Atid\u017eiai perskaitykite visas instrukcijas, kai siun\u010diate l\u0117\u0161as \u012f savo \"Kraken\" s\u0105skait\u0105. Gali tekti \u012fvesti nuorodos kod\u0105, kad j\u016bs\u0173 ind\u0117lis pasiekt\u0173 \"Kraken\".<\/span><\/p>\n<p><span style=\"font-weight: 400;\">L\u0117\u0161os \u012f j\u016bs\u0173 s\u0105skait\u0105 tur\u0117t\u0173 b\u016bti pervestos per por\u0105 dien\u0173, ta\u010diau saugokit\u0117s bank\u0173 \u0161ven\u010di\u0173 ir kit\u0173 galim\u0173 v\u0117lavim\u0173. Patikrinti, ar l\u0117\u0161os atvyko, galite spustel\u0117j\u0119 skirtukus \"Prekyba\" arba \"Finansavimas\".<\/span><\/p>\n<h3><span class=\"ez-toc-section\" id=\"4_Navigate_to_the_Relevant_Screen_to_Buy\"><\/span><span style=\"font-weight: 400;\">4. Pereikite \u012f atitinkam\u0105 ekran\u0105, kad gal\u0117tum\u0117te pirkti<\/span><span class=\"ez-toc-section-end\"><\/span><\/h3>\n<p><span style=\"font-weight: 400;\">Yra du b\u016bdai, kaip \u012fsigyti DOGE \"Kraken\". Pirmasis ir papras\u010diausias b\u016bdas - naudoti paprast\u0105 Pirkti \/ parduoti valdikl\u012f. Spustel\u0117kite prietais\u0173 skydelio skirtuk\u0105 \"Pirkti kriptovaliut\u0105\" (vir\u0161uje centre) ir pasirinkite \"Pirkti\".<\/span><\/p>\n<p><span style=\"font-weight: 400;\">Valdiklyje esan\u010diame i\u0161skleid\u017eiamajame meniu pasirinkite DOGE ir \u012fveskite, kiek norite i\u0161leisti. Pasirinkite mok\u0117jimo b\u016bd\u0105 (kredito \/ debeto kortele arba grynaisiais pinigais).<\/span><\/p>\n<p><span style=\"font-weight: 400;\">\"Kraken\" rodo, kiek DOGE gausite u\u017e savo pinigus, ir visus atitinkamus mokes\u010dius, kurie taikomi j\u016bs\u0173 pirkimui. Spustel\u0117kite patvirtinti ir viskas baigta.\u00a0<\/span><\/p>\n<p><span style=\"font-weight: 400;\">Nors \u0161is b\u016bdas puikiai tinka pirm\u0105 kart\u0105 prisijungusiems vartotojams, i\u0161 tikr\u0173j\u0173 yra pigesnis b\u016bdas nusipirkti DOGE \"Kraken\".<\/span><\/p>\n<p><img loading=\"lazy\" decoding=\"async\" class=\"alignnone wp-image-3416 size-full\" src=\"https:\/\/coinkickoff.com\/wp-content\/uploads\/kraken-trade1.png\" alt=\"\" width=\"1139\" height=\"206\" srcset=\"https:\/\/coinkickoff.com\/wp-content\/uploads\/kraken-trade1.png 1139w, https:\/\/coinkickoff.com\/wp-content\/uploads\/kraken-trade1-300x54.png 300w, https:\/\/coinkickoff.com\/wp-content\/uploads\/kraken-trade1-1024x185.png 1024w, https:\/\/coinkickoff.com\/wp-content\/uploads\/kraken-trade1-768x139.png 768w, https:\/\/coinkickoff.com\/wp-content\/uploads\/kraken-trade1-18x3.png 18w\" sizes=\"auto, (max-width: 1139px) 100vw, 1139px\" \/><\/p>\n<p><span style=\"font-weight: 400;\">Pagrindiniame prietais\u0173 skydelyje pasirinkite \"Prekyba\". Spustel\u0117kite skirtuk\u0105 \"Naujas u\u017esakymas\" ir pasirinkite \"Paprastas u\u017esakymas\".\u00a0<\/span>\u00a0\u00a0<img loading=\"lazy\" decoding=\"async\" class=\"alignnone wp-image-3419 size-full\" src=\"https:\/\/coinkickoff.com\/wp-content\/uploads\/kraken-trade4-e1682504018815.png\" alt=\"\" width=\"1220\" height=\"309\" srcset=\"https:\/\/coinkickoff.com\/wp-content\/uploads\/kraken-trade4-e1682504018815.png 1220w, https:\/\/coinkickoff.com\/wp-content\/uploads\/kraken-trade4-e1682504018815-300x76.png 300w, https:\/\/coinkickoff.com\/wp-content\/uploads\/kraken-trade4-e1682504018815-1024x259.png 1024w, https:\/\/coinkickoff.com\/wp-content\/uploads\/kraken-trade4-e1682504018815-768x195.png 768w, https:\/\/coinkickoff.com\/wp-content\/uploads\/kraken-trade4-e1682504018815-18x5.png 18w\" sizes=\"auto, (max-width: 1220px) 100vw, 1220px\" \/><span style=\"font-weight: 400;\">U\u017esakymo formoje pritaikykite valiutos tipus. Pavyzd\u017eiui, i\u0161laid\u0173 stulpel\u012f galite pakoreguoti \u012f USD, o pirkimo stulpel\u012f - \u012f DOGE.<\/span><\/p>\n<p><span style=\"font-weight: 400;\">I\u0161laid\u0173 skiltyje \u012fra\u0161ykite, kiek norite i\u0161leisti. Kainos skirtuke \u012fveskite kain\u0105, u\u017e kuri\u0105 norite \u012fsigyti DOGE. Jums automati\u0161kai bus pasi\u016blyta fiksuota rinkos kaina, ta\u010diau kain\u0105 galite nustatyti ir patys.<\/span><\/p>\n<p><span style=\"font-weight: 400;\">Kai sutinkate su si\u016bloma rinkos kaina, pateikiate rinkos pavedim\u0105. Tai papras\u010diausiai rei\u0161kia, kad j\u016bs\u0173 u\u017esakymas bus \u012fvykdytas gana greitai, nes sutinkate su ka\u017ekieno kito pasi\u016blymu parduoti jums DOGE u\u017e jo nustatyt\u0105 kain\u0105.\u00a0<\/span><\/p>\n<p><span style=\"font-weight: 400;\">Kai kain\u0105 nustatote patys, gali prireikti \u0161iek tiek daugiau laiko pardavimui \u012fvykdyti, nes kas nors kitas turi sutikti parduoti jums DOGE u\u017e t\u0105 kain\u0105. Kitaip tai vadinama ribotu pavedimu.<\/span><\/p>\n<p><span style=\"font-weight: 400;\">Per\u017ei\u016br\u0117kite u\u017esakym\u0105 ir spustel\u0117kite \"Pirkti\".<\/span><\/p>\n<p><span style=\"font-weight: 400;\">Nor\u0117dami su\u017einoti, ar sandoris \u012fvykdytas, galite spustel\u0117ti skirtuk\u0105 \"U\u017esakymai\". Jei u\u017esakymas baigtas, vadinasi, s\u0117kmingai nusipirkote coin. Jei u\u017esakymas atidarytas, vis dar laukiate, kol kas nors jums parduos DOGE.<\/span><\/p>\n<p><span style=\"font-weight: 400;\">\u0160tai ir viskas. Sveikiname!\u00a0<\/span><\/p>","protected":false},"excerpt":{"rendered":"<p>Kaip nusipirkti Dogecoin \"Kraken\" Dogecoin (DOGE) yra viena did\u017eiausi\u0173 kriptovaliut\u0173 pagal rinkos kapitalizacij\u0105, nepaisant, o gal d\u0117l to, kad ji yra pirmoji pasaulyje memuarin\u0117 coin. token buvo paleista daugiausia kaip pok\u0161tas, \u012fkv\u0117ptas \"doge meme\", ta\u010diau greitai i\u0161populiar\u0117jo interneto ir socialin\u0117s \u017einiasklaidos d\u0117ka. Jei [...]<\/p>","protected":false},"author":3,"featured_media":155,"parent":3196,"menu_order":0,"comment_status":"closed","ping_status":"closed","template":"","meta":{"_genesis_hide_title":false,"_genesis_hide_breadcrumbs":false,"_genesis_hide_singular_image":false,"_genesis_hide_footer_widgets":false,"_genesis_custom_body_class":"","_genesis_custom_post_class":"","_genesis_layout":"","_glsr_average":0,"_glsr_ranking":0,"_glsr_reviews":0,"footnotes":""},"class_list":{"0":"post-3404","1":"page","2":"type-page","3":"status-publish","4":"has-post-thumbnail","6":"entry"},"featured_image_src":"https:\/\/coinkickoff.com\/wp-content\/uploads\/2022\/06\/Dogecoin-DOGE-600x400.jpg","featured_image_src_square":"https:\/\/coinkickoff.com\/wp-content\/uploads\/2022\/06\/Dogecoin-DOGE-600x600.jpg","_links":{"self":[{"href":"https:\/\/coinkickoff.com\/lt\/wp-json\/wp\/v2\/pages\/3404","targetHints":{"allow":["GET"]}}],"collection":[{"href":"https:\/\/coinkickoff.com\/lt\/wp-json\/wp\/v2\/pages"}],"about":[{"href":"https:\/\/coinkickoff.com\/lt\/wp-json\/wp\/v2\/types\/page"}],"author":[{"embeddable":true,"href":"https:\/\/coinkickoff.com\/lt\/wp-json\/wp\/v2\/users\/3"}],"replies":[{"embeddable":true,"href":"https:\/\/coinkickoff.com\/lt\/wp-json\/wp\/v2\/comments?post=3404"}],"version-history":[{"count":3,"href":"https:\/\/coinkickoff.com\/lt\/wp-json\/wp\/v2\/pages\/3404\/revisions"}],"predecessor-version":[{"id":4494,"href":"https:\/\/coinkickoff.com\/lt\/wp-json\/wp\/v2\/pages\/3404\/revisions\/4494"}],"up":[{"embeddable":true,"href":"https:\/\/coinkickoff.com\/lt\/wp-json\/wp\/v2\/pages\/3196"}],"wp:featuredmedia":[{"embeddable":true,"href":"https:\/\/coinkickoff.com\/lt\/wp-json\/wp\/v2\/media\/155"}],"wp:attachment":[{"href":"https:\/\/coinkickoff.com\/lt\/wp-json\/wp\/v2\/media?parent=3404"}],"curies":[{"name":"wp","href":"https:\/\/api.w.org\/{rel}","templated":true}]}}