{"id":3268,"date":"2026-01-08T14:07:33","date_gmt":"2026-01-08T14:07:33","guid":{"rendered":"https:\/\/coinkickoff.com\/?page_id=3268"},"modified":"2026-01-08T14:07:33","modified_gmt":"2026-01-08T14:07:33","slug":"how-to-buy-dogecoin-on-kucoin","status":"publish","type":"page","link":"https:\/\/coinkickoff.com\/lt\/how-to-buy-dogecoin\/how-to-buy-dogecoin-on-kucoin\/","title":{"rendered":"Kaip nusipirkti Dogecoin (DOGE) Kucoin"},"content":{"rendered":"<div id=\"ez-toc-container\" class=\"ez-toc-v2_0_80 counter-hierarchy ez-toc-counter ez-toc-transparent ez-toc-container-direction\">\n<div class=\"ez-toc-title-container\">\n<p class=\"ez-toc-title\" style=\"cursor:inherit\">Skyriai<\/p>\n<span class=\"ez-toc-title-toggle\"><a href=\"#\" class=\"ez-toc-pull-right ez-toc-btn ez-toc-btn-xs ez-toc-btn-default ez-toc-toggle\" aria-label=\"Perjungti turinio lentel\u0119\"><span class=\"ez-toc-js-icon-con\"><span class=\"\"><span class=\"eztoc-hide\" style=\"display:none;\">Perjungti<\/span><span class=\"ez-toc-icon-toggle-span\"><svg style=\"fill: #999;color:#999\" xmlns=\"http:\/\/www.w3.org\/2000\/svg\" class=\"list-377408\" width=\"20px\" height=\"20px\" viewbox=\"0 0 24 24\" fill=\"none\"><path d=\"M6 6H4v2h2V6zm14 0H8v2h12V6zM4 11h2v2H4v-2zm16 0H8v2h12v-2zM4 16h2v2H4v-2zm16 0H8v2h12v-2z\" fill=\"currentColor\"><\/path><\/svg><svg style=\"fill: #999;color:#999\" class=\"arrow-unsorted-368013\" xmlns=\"http:\/\/www.w3.org\/2000\/svg\" width=\"10px\" height=\"10px\" viewbox=\"0 0 24 24\" version=\"1.2\" baseprofile=\"tiny\"><path d=\"M18.2 9.3l-6.2-6.3-6.2 6.3c-.2.2-.3.4-.3.7s.1.5.3.7c.2.2.4.3.7.3h11c.3 0 .5-.1.7-.3.2-.2.3-.5.3-.7s-.1-.5-.3-.7zM5.8 14.7l6.2 6.3 6.2-6.3c.2-.2.3-.5.3-.7s-.1-.5-.3-.7c-.2-.2-.4-.3-.7-.3h-11c-.3 0-.5.1-.7.3-.2.2-.3.5-.3.7s.1.5.3.7z\"\/><\/svg><\/span><\/span><\/span><\/a><\/span><\/div>\n<nav><ul class='ez-toc-list ez-toc-list-level-1 eztoc-toggle-hide-by-default' ><li class='ez-toc-page-1 ez-toc-heading-level-2'><a class=\"ez-toc-link ez-toc-heading-1\" href=\"https:\/\/coinkickoff.com\/lt\/how-to-buy-dogecoin\/how-to-buy-dogecoin-on-kucoin\/#How_to_Buy_Dogecoin_on_Kucoin\" >Kaip nusipirkti Dogecoin Kucoin<\/a><\/li><li class='ez-toc-page-1 ez-toc-heading-level-2'><a class=\"ez-toc-link ez-toc-heading-2\" href=\"https:\/\/coinkickoff.com\/lt\/how-to-buy-dogecoin\/how-to-buy-dogecoin-on-kucoin\/#A_Step-By-Step_Guide_on_How_to_Buy_Dogecoin_on_Kucoin\" >\u017dingsnis po \u017eingsnio vadovas, kaip nusipirkti Dogecoin Kucoin<\/a><ul class='ez-toc-list-level-3' ><li class='ez-toc-heading-level-3'><a class=\"ez-toc-link ez-toc-heading-3\" href=\"https:\/\/coinkickoff.com\/lt\/how-to-buy-dogecoin\/how-to-buy-dogecoin-on-kucoin\/#1_Register_an_Account\" >1. U\u017eregistruokite paskyr\u0105<\/a><\/li><li class='ez-toc-page-1 ez-toc-heading-level-3'><a class=\"ez-toc-link ez-toc-heading-4\" href=\"https:\/\/coinkickoff.com\/lt\/how-to-buy-dogecoin\/how-to-buy-dogecoin-on-kucoin\/#2_Verify_Your_Account\" >2. Patikrinkite savo paskyr\u0105<\/a><\/li><li class='ez-toc-page-1 ez-toc-heading-level-3'><a class=\"ez-toc-link ez-toc-heading-5\" href=\"https:\/\/coinkickoff.com\/lt\/how-to-buy-dogecoin\/how-to-buy-dogecoin-on-kucoin\/#3_Deposit_FundsCrypto\" >3. Depozitin\u0117s l\u0117\u0161os \/ kriptografija<\/a><\/li><li class='ez-toc-page-1 ez-toc-heading-level-3'><a class=\"ez-toc-link ez-toc-heading-6\" href=\"https:\/\/coinkickoff.com\/lt\/how-to-buy-dogecoin\/how-to-buy-dogecoin-on-kucoin\/#4_Navigate_to_the_Relevant_Screen_to_Buy\" >4. Pereikite \u012f atitinkam\u0105 ekran\u0105, kad gal\u0117tum\u0117te pirkti<\/a><ul class='ez-toc-list-level-4' ><li class='ez-toc-heading-level-4'><a class=\"ez-toc-link ez-toc-heading-7\" href=\"https:\/\/coinkickoff.com\/lt\/how-to-buy-dogecoin\/how-to-buy-dogecoin-on-kucoin\/#Fast_TradeOne-click_Buy\" >Greita prekyba \/ pirkimas vienu paspaudimu<\/a><\/li><li class='ez-toc-page-1 ez-toc-heading-level-4'><a class=\"ez-toc-link ez-toc-heading-8\" href=\"https:\/\/coinkickoff.com\/lt\/how-to-buy-dogecoin\/how-to-buy-dogecoin-on-kucoin\/#Third-Party\" >Tre\u010dioji \u0161alis<\/a><\/li><li class='ez-toc-page-1 ez-toc-heading-level-4'><a class=\"ez-toc-link ez-toc-heading-9\" href=\"https:\/\/coinkickoff.com\/lt\/how-to-buy-dogecoin\/how-to-buy-dogecoin-on-kucoin\/#P2P_Market\" >P2P rinka<\/a><\/li><\/ul><\/li><\/ul><\/li><\/ul><\/nav><\/div>\n<h2><span class=\"ez-toc-section\" id=\"How_to_Buy_Dogecoin_on_Kucoin\"><\/span>Kaip nusipirkti Dogecoin Kucoin<span class=\"ez-toc-section-end\"><\/span><\/h2>\n<p><a href=\"https:\/\/coinkickoff.com\/lt\/dogecoin-doge\/\"><span style=\"font-weight: 400;\">Dogecoin<\/span><\/a><span style=\"font-weight: 400;\"> yra garsus meme coin, kur\u012f galite \u012fsigyti daugelyje bir\u017e\u0173, \u012fskaitant <\/span><a href=\"https:\/\/coinkickoff.com\/lt\/kucoin-review\/\"><span style=\"font-weight: 400;\">Kucoin<\/span><\/a><span style=\"font-weight: 400;\">. <a href=\"https:\/\/coinkickoff.com\/lt\/dogecoin-doge\/\" data-internallinksmanager029f6b8e52c=\"14\" title=\"Kas yra Dogecoin (DOGE)? Kaip jis veikia ir kur j\u012f \u012fsigyti?\">DOGE<\/a> yra gana pigi ir lengvai parduodama.<\/span><\/p>\n<p><span style=\"font-weight: 400;\">Jei norite \u012fsigyti Dogecoin <a href=\"https:\/\/coinkickoff.com\/lt\/kucoin-review\/\" data-internallinksmanager029f6b8e52c=\"153\" title=\"KuCoin Atsiliepimai 2023: Mokes\u010diai, saugumas, privalumai ir tr\u016bkumai\">Kucoin<\/a> bet ne\u017einote, nuo ko prad\u0117ti, mes jums pad\u0117sime. \u010cia \u017eingsnis po \u017eingsnio paai\u0161kinama, kaip pirkti Dogecoin Kucoin.<\/span><\/p>\n<h2><span class=\"ez-toc-section\" id=\"A_Step-By-Step_Guide_on_How_to_Buy_Dogecoin_on_Kucoin\"><\/span><span style=\"font-weight: 400;\">\u017dingsnis po \u017eingsnio vadovas, kaip nusipirkti Dogecoin Kucoin<\/span><span class=\"ez-toc-section-end\"><\/span><\/h2>\n<h3><span class=\"ez-toc-section\" id=\"1_Register_an_Account\"><\/span><span style=\"font-weight: 400;\">1. U\u017eregistruokite paskyr\u0105<\/span><span class=\"ez-toc-section-end\"><\/span><\/h3>\n<p><span style=\"font-weight: 400;\">Pirmiausia apsilankykite <\/span><a href=\"https:\/\/www.kucoin.com\/r\/af\/rMJPV3B\" target=\"_blank\" rel=\"noopener\"><span style=\"font-weight: 400;\">Kucoin oficiali svetain\u0117<\/span><\/a><span style=\"font-weight: 400;\"> u\u017eregistruoti paskyr\u0105.\u00a0<\/span><\/p>\n<p><img loading=\"lazy\" decoding=\"async\" class=\"alignnone wp-image-3269 size-full\" src=\"https:\/\/coinkickoff.com\/wp-content\/uploads\/kucoin-register.png\" alt=\"Pirkti doge d\u0117l kucoin registruoti\" width=\"1421\" height=\"788\" srcset=\"https:\/\/coinkickoff.com\/wp-content\/uploads\/kucoin-register.png 1421w, https:\/\/coinkickoff.com\/wp-content\/uploads\/kucoin-register-300x166.png 300w, https:\/\/coinkickoff.com\/wp-content\/uploads\/kucoin-register-1024x568.png 1024w, https:\/\/coinkickoff.com\/wp-content\/uploads\/kucoin-register-768x426.png 768w, https:\/\/coinkickoff.com\/wp-content\/uploads\/kucoin-register-18x10.png 18w\" sizes=\"auto, (max-width: 1421px) 100vw, 1421px\" \/><\/p>\n<p><span style=\"font-weight: 400;\">Atidaryti Kucoin paskyr\u0105 labai paprasta: galite u\u017esiregistruoti naudodami el. pa\u0161to adres\u0105 arba telefono numer\u012f. Kucoin atsi\u0173s jums patvirtinimo kod\u0105, kad gal\u0117tum\u0117te prisijungti prie naujos paskyros.<\/span><\/p>\n<h3><span class=\"ez-toc-section\" id=\"2_Verify_Your_Account\"><\/span><span style=\"font-weight: 400;\">2. Patikrinkite savo paskyr\u0105<\/span><span class=\"ez-toc-section-end\"><\/span><\/h3>\n<p><span style=\"font-weight: 400;\">Nor\u0117dami patvirtinti savo paskyr\u0105, eikite \u012f savo naudotojo profil\u012f (vir\u0161utiniame de\u0161iniajame kampe, \u0161alia \"Assets\").  Meniu spustel\u0117kite \"Tapatyb\u0117s patikrinimas\".<\/span><\/p>\n<p><img loading=\"lazy\" decoding=\"async\" class=\"alignnone wp-image-3272 size-full\" src=\"https:\/\/coinkickoff.com\/wp-content\/uploads\/kucoin-identity-verification.png\" alt=\"kucoin tapatyb\u0117s patikrinimas 1\" width=\"1420\" height=\"785\" srcset=\"https:\/\/coinkickoff.com\/wp-content\/uploads\/kucoin-identity-verification.png 1420w, https:\/\/coinkickoff.com\/wp-content\/uploads\/kucoin-identity-verification-300x166.png 300w, https:\/\/coinkickoff.com\/wp-content\/uploads\/kucoin-identity-verification-1024x566.png 1024w, https:\/\/coinkickoff.com\/wp-content\/uploads\/kucoin-identity-verification-768x425.png 768w, https:\/\/coinkickoff.com\/wp-content\/uploads\/kucoin-identity-verification-18x10.png 18w\" sizes=\"auto, (max-width: 1420px) 100vw, 1420px\" \/><\/p>\n<p><span style=\"font-weight: 400;\">Techni\u0161kai, norint pirkti DOGE platformoje Kucoin, jums nereikia patvirtinti savo tapatyb\u0117s, jei jau turite kito skaitmeninio turto.\u00a0<\/span><\/p>\n<p><span style=\"font-weight: 400;\">Jei jau turite skaitmeninio turto, galite tiesiog nusi\u0173sti j\u012f \u012f savo kriptovaliut\u0173 pinigin\u0119 Kucoin. Kai \u012f savo Kucoin s\u0105skait\u0105 pervesite kriptovaliut\u0173, gal\u0117site prekiauti \u0161iuo turtu su Dogecoin.<\/span><\/p>\n<p><span style=\"font-weight: 400;\">Ta\u010diau nor\u0117dami \u012fne\u0161ti fiat \u012f platform\u0105, turite atlikti tapatyb\u0117s patikrinim\u0105. Taigi, jei dar neturite kriptovaliut\u0173 arba nenorite prekiauti savo turtu, eikite \u012f priek\u012f ir atlikite tapatyb\u0117s patikrinim\u0105.<\/span><\/p>\n<p><img loading=\"lazy\" decoding=\"async\" class=\"alignnone wp-image-3270 size-full\" src=\"https:\/\/coinkickoff.com\/wp-content\/uploads\/kucoin-id-verification-2.png\" alt=\"kucoin tapatyb\u0117s patikrinimas 2\" width=\"1407\" height=\"706\" srcset=\"https:\/\/coinkickoff.com\/wp-content\/uploads\/kucoin-id-verification-2.png 1407w, https:\/\/coinkickoff.com\/wp-content\/uploads\/kucoin-id-verification-2-300x151.png 300w, https:\/\/coinkickoff.com\/wp-content\/uploads\/kucoin-id-verification-2-1024x514.png 1024w, https:\/\/coinkickoff.com\/wp-content\/uploads\/kucoin-id-verification-2-768x385.png 768w, https:\/\/coinkickoff.com\/wp-content\/uploads\/kucoin-id-verification-2-18x9.png 18w\" sizes=\"auto, (max-width: 1407px) 100vw, 1407px\" \/><\/p>\n<p><span style=\"font-weight: 400;\">Kucoin turi 3 etap\u0173 supaprastint\u0105 tapatyb\u0117s patvirtinimo proces\u0105, kur\u012f sudaro asmenin\u0117s informacijos \u012fvedimas, vyriausyb\u0117s tapatyb\u0117s dokumento \u012fk\u0117limas ir veido patikra.<\/span><\/p>\n<p><span style=\"font-weight: 400;\">Prad\u0117kite \u012fvesdami savo asmenin\u0119 informacij\u0105 ir spauskite \"Next\", kad pereitum\u0117te prie kito \u017eingsnio.<\/span><\/p>\n<p><img loading=\"lazy\" decoding=\"async\" class=\"alignnone wp-image-3271 size-full\" src=\"https:\/\/coinkickoff.com\/wp-content\/uploads\/kucoin-id-verification-3.png\" alt=\"kucoin tapatyb\u0117s patikrinimas 3\" width=\"1412\" height=\"789\" srcset=\"https:\/\/coinkickoff.com\/wp-content\/uploads\/kucoin-id-verification-3.png 1412w, https:\/\/coinkickoff.com\/wp-content\/uploads\/kucoin-id-verification-3-300x168.png 300w, https:\/\/coinkickoff.com\/wp-content\/uploads\/kucoin-id-verification-3-1024x572.png 1024w, https:\/\/coinkickoff.com\/wp-content\/uploads\/kucoin-id-verification-3-768x429.png 768w, https:\/\/coinkickoff.com\/wp-content\/uploads\/kucoin-id-verification-3-18x10.png 18w\" sizes=\"auto, (max-width: 1412px) 100vw, 1412px\" \/><\/p>\n<h3><span class=\"ez-toc-section\" id=\"3_Deposit_FundsCrypto\"><\/span><span style=\"font-weight: 400;\">3. Depozitin\u0117s l\u0117\u0161os \/ kriptografija<\/span><span class=\"ez-toc-section-end\"><\/span><\/h3>\n<p><span style=\"font-weight: 400;\">Yra keli b\u016bdai, kaip \u012fne\u0161ti kriptovaliut\u0173 \u012f savo Kucoin s\u0105skait\u0105. Spustel\u0117kite puslapio vir\u0161utiniame de\u0161iniajame kampe esan\u010di\u0105 nuorod\u0105 \"Turtas\" ir i\u0161 i\u0161skleid\u017eiamajame meniu pasirinkite \"\u012ene\u0161ti\". Taip pat galite eiti \u012f puslap\u012f \"Turto ap\u017evalga\" ir spustel\u0117ti \"\u012ene\u0161ti\".<\/span><\/p>\n<p><img loading=\"lazy\" decoding=\"async\" class=\"alignnone wp-image-3273 size-full\" src=\"https:\/\/coinkickoff.com\/wp-content\/uploads\/kucoin-deposit.png\" alt=\"kucoin ind\u0117li\u0173 l\u0117\u0161os 1\" width=\"1427\" height=\"758\" srcset=\"https:\/\/coinkickoff.com\/wp-content\/uploads\/kucoin-deposit.png 1427w, https:\/\/coinkickoff.com\/wp-content\/uploads\/kucoin-deposit-300x159.png 300w, https:\/\/coinkickoff.com\/wp-content\/uploads\/kucoin-deposit-1024x544.png 1024w, https:\/\/coinkickoff.com\/wp-content\/uploads\/kucoin-deposit-768x408.png 768w, https:\/\/coinkickoff.com\/wp-content\/uploads\/kucoin-deposit-18x10.png 18w\" sizes=\"auto, (max-width: 1427px) 100vw, 1427px\" \/><\/p>\n<p><span style=\"font-weight: 400;\">Spustel\u0117j\u0119 \u012fmok\u0105, galite ie\u0161koti coin, kur\u012f norite si\u0173sti \u012f platform\u0105, pvz, <a href=\"https:\/\/coinkickoff.com\/lt\/tether-usdt\/\" data-internallinksmanager029f6b8e52c=\"3\" title=\"Kas yra Tether (USDT)? Kaip jis veikia ir kur j\u012f \u012fsigyti?\">USDT<\/a>. Gausite \u012fmokos adres\u0105, kur\u012f gal\u0117site naudoti si\u0173sdami savo coins \u012f platform\u0105.\u00a0<\/span><\/p>\n<p><span style=\"font-weight: 400;\">Kucoin palaiko daugiau nei 70 mok\u0117jimo b\u016bd\u0173, tod\u0117l turite daug galimybi\u0173 pirkti kriptovaliutas platformoje. Kai kurie metodai gali b\u016bti neprieinami, priklausomai nuo j\u016bs\u0173 buvimo vietos, ta\u010diau paprastai yra galimyb\u0117, kuri tinka visiems.<\/span><\/p>\n<h3><span class=\"ez-toc-section\" id=\"4_Navigate_to_the_Relevant_Screen_to_Buy\"><\/span><span style=\"font-weight: 400;\">4. Pereikite \u012f atitinkam\u0105 ekran\u0105, kad gal\u0117tum\u0117te pirkti<\/span><span class=\"ez-toc-section-end\"><\/span><\/h3>\n<p><img loading=\"lazy\" decoding=\"async\" class=\"alignnone wp-image-3274 size-full\" src=\"https:\/\/coinkickoff.com\/wp-content\/uploads\/kucoin-buy-crypto.png\" alt=\"kucoin pirkti ekran\u0105\" width=\"1418\" height=\"692\" srcset=\"https:\/\/coinkickoff.com\/wp-content\/uploads\/kucoin-buy-crypto.png 1418w, https:\/\/coinkickoff.com\/wp-content\/uploads\/kucoin-buy-crypto-300x146.png 300w, https:\/\/coinkickoff.com\/wp-content\/uploads\/kucoin-buy-crypto-1024x500.png 1024w, https:\/\/coinkickoff.com\/wp-content\/uploads\/kucoin-buy-crypto-768x375.png 768w, https:\/\/coinkickoff.com\/wp-content\/uploads\/kucoin-buy-crypto-18x9.png 18w\" sizes=\"auto, (max-width: 1418px) 100vw, 1418px\" \/><\/p>\n<h4><span class=\"ez-toc-section\" id=\"Fast_TradeOne-click_Buy\"><\/span><span style=\"font-weight: 400;\">Greita prekyba \/ pirkimas vienu paspaudimu<\/span><span class=\"ez-toc-section-end\"><\/span><\/h4>\n<p><span style=\"font-weight: 400;\">Kucoin yra keli b\u016bdai, kaip galite nusipirkti kriptovaliut\u0173. Galite susieti banko kortel\u0119 arba banko s\u0105skait\u0105 ir \u012f platform\u0105 \u012fne\u0161ti fiat valiut\u0105. Kucoin priima kelias fiat valiutas, \u012fskaitant USD, EUR, GBP ir AUD. Europos gyventojai, nor\u0117dami pervesti l\u0117\u0161as \u012f savo s\u0105skaitas, gali naudotis SEPA.\u00a0<\/span><\/p>\n<p><img loading=\"lazy\" decoding=\"async\" class=\"alignnone wp-image-3275 size-full\" src=\"https:\/\/coinkickoff.com\/wp-content\/uploads\/kucoin-buy-crypto-one-click.png\" alt=\"kucoin pirkti vienu paspaudimu\" width=\"1421\" height=\"770\" srcset=\"https:\/\/coinkickoff.com\/wp-content\/uploads\/kucoin-buy-crypto-one-click.png 1421w, https:\/\/coinkickoff.com\/wp-content\/uploads\/kucoin-buy-crypto-one-click-300x163.png 300w, https:\/\/coinkickoff.com\/wp-content\/uploads\/kucoin-buy-crypto-one-click-1024x555.png 1024w, https:\/\/coinkickoff.com\/wp-content\/uploads\/kucoin-buy-crypto-one-click-768x416.png 768w, https:\/\/coinkickoff.com\/wp-content\/uploads\/kucoin-buy-crypto-one-click-18x10.png 18w\" sizes=\"auto, (max-width: 1421px) 100vw, 1421px\" \/><\/p>\n<p><span style=\"font-weight: 400;\">Kai \u012f savo s\u0105skait\u0105 \u012fne\u0161ite fiat valiut\u0105, galite naudoti greit\u0105j\u0105 prekyb\u0105 ir vienu paspaudimu nusipirkti kriptovaliut\u0173. Tiesiog \u012fveskite sum\u0105, kuri\u0105 norite i\u0161leisti, ir valiut\u0105, kuri\u0105 norite pirkti, o i\u0161 i\u0161skleid\u017eiamajame meniu pasirinkite mok\u0117jimo b\u016bd\u0105.<\/span><\/p>\n<p><span style=\"font-weight: 400;\">Palaikomi \u0161ie mok\u0117jimo b\u016bdai: \"Zelle\", \"Apple Pay\", \"ADVCash\", <a href=\"https:\/\/coinkickoff.com\/lt\/uphold-review\/\" data-internallinksmanager029f6b8e52c=\"156\" title=\"Palaikyti Atsiliepimai 2023: Mokes\u010diai, funkcijos, saugumas, privalumai ir tr\u016bkumai\">Palaikykite<\/a>ir keletas kit\u0173.<\/span><\/p>\n<p><img loading=\"lazy\" decoding=\"async\" class=\"alignnone wp-image-3276 size-full\" src=\"https:\/\/coinkickoff.com\/wp-content\/uploads\/kucoin-select-paymnet-method.png\" alt=\"\" width=\"1424\" height=\"794\" srcset=\"https:\/\/coinkickoff.com\/wp-content\/uploads\/kucoin-select-paymnet-method.png 1424w, https:\/\/coinkickoff.com\/wp-content\/uploads\/kucoin-select-paymnet-method-300x167.png 300w, https:\/\/coinkickoff.com\/wp-content\/uploads\/kucoin-select-paymnet-method-1024x571.png 1024w, https:\/\/coinkickoff.com\/wp-content\/uploads\/kucoin-select-paymnet-method-768x428.png 768w, https:\/\/coinkickoff.com\/wp-content\/uploads\/kucoin-select-paymnet-method-18x10.png 18w\" sizes=\"auto, (max-width: 1424px) 100vw, 1424px\" \/><\/p>\n<p><span style=\"font-weight: 400;\"><img loading=\"lazy\" decoding=\"async\" class=\"alignnone wp-image-3277 size-full\" src=\"https:\/\/coinkickoff.com\/wp-content\/uploads\/kucoin-select-paymnt2.png\" alt=\"\" width=\"1432\" height=\"798\" srcset=\"https:\/\/coinkickoff.com\/wp-content\/uploads\/kucoin-select-paymnt2.png 1432w, https:\/\/coinkickoff.com\/wp-content\/uploads\/kucoin-select-paymnt2-300x167.png 300w, https:\/\/coinkickoff.com\/wp-content\/uploads\/kucoin-select-paymnt2-1024x571.png 1024w, https:\/\/coinkickoff.com\/wp-content\/uploads\/kucoin-select-paymnt2-768x428.png 768w, https:\/\/coinkickoff.com\/wp-content\/uploads\/kucoin-select-paymnt2-18x10.png 18w\" sizes=\"auto, (max-width: 1432px) 100vw, 1432px\" \/><\/span><\/p>\n<p><span style=\"font-weight: 400;\">Nors tai yra gana paprasta<\/span>arba toliau, yra viena problema, susijusi su pirkimu vienu spustel\u0117jimu. Deja, \u0161iuo metodu negalite \u012fsigyti DOGE. Kucoin galite \u012fsigyti <a href=\"https:\/\/coinkickoff.com\/lt\/bitcoin-btc\/\" data-internallinksmanager029f6b8e52c=\"1\" title=\"Kas yra Bitcoin (BTC)? Kaina, istorija ir kur \u012fsigyti\">BTC<\/a>, <a href=\"https:\/\/coinkickoff.com\/lt\/ethereum-eth\/\" data-internallinksmanager029f6b8e52c=\"2\" title=\"Kas yra Ethereum (ETH)? Kaina, istorija ir kur \u012fsigyti\">ETH<\/a>, USDT ir <a href=\"https:\/\/coinkickoff.com\/lt\/usd-coin-usdc\/\" data-internallinksmanager029f6b8e52c=\"8\" title=\"Kas yra USD Coin (USDC)? Kaip jis veikia ir kur j\u012f \u012fsigyti?\">USDC<\/a> vienu spustel\u0117jimu.<\/p>\n<p><span style=\"font-weight: 400;\">Ta\u010diau galite nusipirkti vien\u0105 i\u0161 si\u016blom\u0173 skaitmenini\u0173 aktyv\u0173 ir tada konvertuoti j\u012f \u012f DOGE platformoje. Jei tai skamba pernelyg sud\u0117tingai, nesijaudinkite, nes kitas b\u016bdas yra itin paprastas.<\/span><\/p>\n<h4><span class=\"ez-toc-section\" id=\"Third-Party\"><\/span><span style=\"font-weight: 400;\">Tre\u010dioji \u0161alis<\/span><span class=\"ez-toc-section-end\"><\/span><\/h4>\n<p><img loading=\"lazy\" decoding=\"async\" class=\"alignnone wp-image-3278 size-full\" src=\"https:\/\/coinkickoff.com\/wp-content\/uploads\/kucoin-screenshot.png\" alt=\"\" width=\"1436\" height=\"673\" srcset=\"https:\/\/coinkickoff.com\/wp-content\/uploads\/kucoin-screenshot.png 1436w, https:\/\/coinkickoff.com\/wp-content\/uploads\/kucoin-screenshot-300x141.png 300w, https:\/\/coinkickoff.com\/wp-content\/uploads\/kucoin-screenshot-1024x480.png 1024w, https:\/\/coinkickoff.com\/wp-content\/uploads\/kucoin-screenshot-768x360.png 768w, https:\/\/coinkickoff.com\/wp-content\/uploads\/kucoin-screenshot-18x8.png 18w\" sizes=\"auto, (max-width: 1436px) 100vw, 1436px\" \/><\/p>\n<p><span style=\"font-weight: 400;\">Visi\u0161kai papras\u010diausias b\u016bdas \u012fsigyti DOGE Kucoin - vir\u0161utiniame kairiajame kampe esan\u010diame meniu \"Pirkti kriptovaliut\u0105\" pasirinkti \"Third-Party\". Puslapyje \"Third-Party\" \u012fveskite, kiek norite i\u0161leisti, i\u0161 i\u0161skleid\u017eiamajame meniu pasirinkite norim\u0105 pirkti coin (DOGE) ir pasirinkite mok\u0117jimo b\u016bd\u0105 bei mok\u0117jimo kanal\u0105.<\/span><\/p>\n<p><span style=\"font-weight: 400;\">Kucoin palaiko kelias tre\u010di\u0173j\u0173 \u0161ali\u0173 mok\u0117jimo programas, pvz. <\/span><a href=\"https:\/\/banxa.com\/case-study\/kucoin\/\" target=\"_blank\" rel=\"noopener\"><span style=\"font-weight: 400;\">Banxa<\/span><\/a><span style=\"font-weight: 400;\">, <\/span><a href=\"https:\/\/www.simplex.com\" target=\"_blank\" rel=\"noopener\"><span style=\"font-weight: 400;\">Simplex<\/span><\/a><span style=\"font-weight: 400;\">, <\/span><a href=\"https:\/\/legendtrading.com\/infrastructure\" target=\"_blank\" rel=\"noopener\"><span style=\"font-weight: 400;\">Prekyba legendomis<\/span><\/a><span style=\"font-weight: 400;\">, ir <\/span><a href=\"https:\/\/btcdirect.eu\/en-gb\" target=\"_blank\" rel=\"noopener\"><span style=\"font-weight: 400;\">BTC Direct<\/span><\/a><span style=\"font-weight: 400;\">.\u00a0<\/span><\/p>\n<p><span style=\"font-weight: 400;\">I\u0161 \u0161i\u0173 pardav\u0117j\u0173 galite \u012fsigyti kriptovaliutos \u012fvesdami savo kortel\u0117s informacij\u0105 ir atlikdami norimo pardav\u0117jo tapatyb\u0117s patikrinim\u0105. Ta\u010diau nepamir\u0161kite, kad tre\u010di\u0173j\u0173 \u0161ali\u0173 mok\u0117jimo paslaugos da\u017enai u\u017e savo paslaugas ima didelius mokes\u010dius.\u00a0<\/span><\/p>\n<h4><span class=\"ez-toc-section\" id=\"P2P_Market\"><\/span><span style=\"font-weight: 400;\">P2P rinka<\/span><span class=\"ez-toc-section-end\"><\/span><\/h4>\n<p><span style=\"font-weight: 400;\">Kitas b\u016bdas - naudoti Kucoin P2P prekybos rink\u0105 kriptovaliutoms pirkti, ta\u010diau, nor\u0117dami naudotis \"greito pirkimo\" P2P rinka, savo s\u0105skaitoje turite tur\u0117ti USDT, tod\u0117l pradedantiesiems tai n\u0117ra grei\u010diausias variantas.<\/span><\/p>","protected":false},"excerpt":{"rendered":"<p>Kaip nusipirkti Dogecoin Kucoin Dogecoin yra garsus meme coin, kur\u012f galite \u012fsigyti daugelyje bir\u017e\u0173, \u012fskaitant Kucoin. DOGE yra gana pigus ir juo lengva prekiauti. Jei norite \u012fsigyti Dogecoin bir\u017eoje Kucoin, bet ne\u017einote, nuo ko prad\u0117ti, mes jums pad\u0117sime. \u010cia \u017eingsnis po \u017eingsnio paai\u0161kinama, kaip [...]<\/p>","protected":false},"author":3,"featured_media":3275,"parent":3196,"menu_order":0,"comment_status":"closed","ping_status":"closed","template":"","meta":{"_genesis_hide_title":false,"_genesis_hide_breadcrumbs":false,"_genesis_hide_singular_image":false,"_genesis_hide_footer_widgets":false,"_genesis_custom_body_class":"","_genesis_custom_post_class":"","_genesis_layout":"","_glsr_average":0,"_glsr_ranking":0,"_glsr_reviews":0,"footnotes":""},"class_list":{"0":"post-3268","1":"page","2":"type-page","3":"status-publish","4":"has-post-thumbnail","6":"entry"},"featured_image_src":"https:\/\/coinkickoff.com\/wp-content\/uploads\/kucoin-buy-crypto-one-click-600x400.png","featured_image_src_square":"https:\/\/coinkickoff.com\/wp-content\/uploads\/kucoin-buy-crypto-one-click-600x600.png","_links":{"self":[{"href":"https:\/\/coinkickoff.com\/lt\/wp-json\/wp\/v2\/pages\/3268","targetHints":{"allow":["GET"]}}],"collection":[{"href":"https:\/\/coinkickoff.com\/lt\/wp-json\/wp\/v2\/pages"}],"about":[{"href":"https:\/\/coinkickoff.com\/lt\/wp-json\/wp\/v2\/types\/page"}],"author":[{"embeddable":true,"href":"https:\/\/coinkickoff.com\/lt\/wp-json\/wp\/v2\/users\/3"}],"replies":[{"embeddable":true,"href":"https:\/\/coinkickoff.com\/lt\/wp-json\/wp\/v2\/comments?post=3268"}],"version-history":[{"count":3,"href":"https:\/\/coinkickoff.com\/lt\/wp-json\/wp\/v2\/pages\/3268\/revisions"}],"predecessor-version":[{"id":4495,"href":"https:\/\/coinkickoff.com\/lt\/wp-json\/wp\/v2\/pages\/3268\/revisions\/4495"}],"up":[{"embeddable":true,"href":"https:\/\/coinkickoff.com\/lt\/wp-json\/wp\/v2\/pages\/3196"}],"wp:featuredmedia":[{"embeddable":true,"href":"https:\/\/coinkickoff.com\/lt\/wp-json\/wp\/v2\/media\/3275"}],"wp:attachment":[{"href":"https:\/\/coinkickoff.com\/lt\/wp-json\/wp\/v2\/media?parent=3268"}],"curies":[{"name":"wp","href":"https:\/\/api.w.org\/{rel}","templated":true}]}}