{"id":3244,"date":"2026-01-08T14:07:32","date_gmt":"2026-01-08T14:07:32","guid":{"rendered":"https:\/\/coinkickoff.com\/?page_id=3244"},"modified":"2026-01-08T14:07:32","modified_gmt":"2026-01-08T14:07:32","slug":"how-to-buy-dogecoin-on-binance","status":"publish","type":"page","link":"https:\/\/coinkickoff.com\/lt\/how-to-buy-dogecoin\/how-to-buy-dogecoin-on-binance\/","title":{"rendered":"Kaip nusipirkti Dogecoin (DOGE) Binance"},"content":{"rendered":"<div id=\"ez-toc-container\" class=\"ez-toc-v2_0_80 counter-hierarchy ez-toc-counter ez-toc-transparent ez-toc-container-direction\">\n<div class=\"ez-toc-title-container\">\n<p class=\"ez-toc-title\" style=\"cursor:inherit\">Skyriai<\/p>\n<span class=\"ez-toc-title-toggle\"><a href=\"#\" class=\"ez-toc-pull-right ez-toc-btn ez-toc-btn-xs ez-toc-btn-default ez-toc-toggle\" aria-label=\"Perjungti turinio lentel\u0119\"><span class=\"ez-toc-js-icon-con\"><span class=\"\"><span class=\"eztoc-hide\" style=\"display:none;\">Perjungti<\/span><span class=\"ez-toc-icon-toggle-span\"><svg style=\"fill: #999;color:#999\" xmlns=\"http:\/\/www.w3.org\/2000\/svg\" class=\"list-377408\" width=\"20px\" height=\"20px\" viewbox=\"0 0 24 24\" fill=\"none\"><path d=\"M6 6H4v2h2V6zm14 0H8v2h12V6zM4 11h2v2H4v-2zm16 0H8v2h12v-2zM4 16h2v2H4v-2zm16 0H8v2h12v-2z\" fill=\"currentColor\"><\/path><\/svg><svg style=\"fill: #999;color:#999\" class=\"arrow-unsorted-368013\" xmlns=\"http:\/\/www.w3.org\/2000\/svg\" width=\"10px\" height=\"10px\" viewbox=\"0 0 24 24\" version=\"1.2\" baseprofile=\"tiny\"><path d=\"M18.2 9.3l-6.2-6.3-6.2 6.3c-.2.2-.3.4-.3.7s.1.5.3.7c.2.2.4.3.7.3h11c.3 0 .5-.1.7-.3.2-.2.3-.5.3-.7s-.1-.5-.3-.7zM5.8 14.7l6.2 6.3 6.2-6.3c.2-.2.3-.5.3-.7s-.1-.5-.3-.7c-.2-.2-.4-.3-.7-.3h-11c-.3 0-.5.1-.7.3-.2.2-.3.5-.3.7s.1.5.3.7z\"\/><\/svg><\/span><\/span><\/span><\/a><\/span><\/div>\n<nav><ul class='ez-toc-list ez-toc-list-level-1 eztoc-toggle-hide-by-default' ><li class='ez-toc-page-1 ez-toc-heading-level-2'><a class=\"ez-toc-link ez-toc-heading-1\" href=\"https:\/\/coinkickoff.com\/lt\/how-to-buy-dogecoin\/how-to-buy-dogecoin-on-binance\/#How_to_Buy_Dogecoin_on_Binance\" >Kaip nusipirkti Dogecoin Binance<\/a><\/li><li class='ez-toc-page-1 ez-toc-heading-level-2'><a class=\"ez-toc-link ez-toc-heading-2\" href=\"https:\/\/coinkickoff.com\/lt\/how-to-buy-dogecoin\/how-to-buy-dogecoin-on-binance\/#A_Step-By-Step_Guide_on_How_to_Buy_Dogecoin_on_Binance\" >\u017dingsnis po \u017eingsnio vadovas, kaip nusipirkti Dogecoin Binance<\/a><ul class='ez-toc-list-level-3' ><li class='ez-toc-heading-level-3'><a class=\"ez-toc-link ez-toc-heading-3\" href=\"https:\/\/coinkickoff.com\/lt\/how-to-buy-dogecoin\/how-to-buy-dogecoin-on-binance\/#1_Register_an_Account\" >1. U\u017eregistruokite paskyr\u0105<\/a><\/li><li class='ez-toc-page-1 ez-toc-heading-level-3'><a class=\"ez-toc-link ez-toc-heading-4\" href=\"https:\/\/coinkickoff.com\/lt\/how-to-buy-dogecoin\/how-to-buy-dogecoin-on-binance\/#2_Verify_Your_Account\" >2. Patikrinkite savo paskyr\u0105<\/a><\/li><li class='ez-toc-page-1 ez-toc-heading-level-3'><a class=\"ez-toc-link ez-toc-heading-5\" href=\"https:\/\/coinkickoff.com\/lt\/how-to-buy-dogecoin\/how-to-buy-dogecoin-on-binance\/#3_Deposit_FundsCrypto\" >3. Depozitin\u0117s l\u0117\u0161os \/ kriptografija<\/a><\/li><li class='ez-toc-page-1 ez-toc-heading-level-3'><a class=\"ez-toc-link ez-toc-heading-6\" href=\"https:\/\/coinkickoff.com\/lt\/how-to-buy-dogecoin\/how-to-buy-dogecoin-on-binance\/#Once_you_complete_identity_verification_you_can_easily_deposit_funds_to_your_Binance_account_There_are_a_couple_of_different_ways_to_fund_your_account_on_Binance\" >U\u017ebaig\u0119 tapatyb\u0117s patikrinim\u0105, galite lengvai pervesti l\u0117\u0161as \u012f savo Binance s\u0105skait\u0105. Yra keli skirtingi b\u016bdai, kaip papildyti savo s\u0105skait\u0105 Binance.<\/a><\/li><li class='ez-toc-page-1 ez-toc-heading-level-3'><a class=\"ez-toc-link ez-toc-heading-7\" href=\"https:\/\/coinkickoff.com\/lt\/how-to-buy-dogecoin\/how-to-buy-dogecoin-on-binance\/#4_Navigate_to_the_Relevant_Screen_to_Buy\" >4. Pereikite \u012f atitinkam\u0105 ekran\u0105, kad gal\u0117tum\u0117te pirkti<\/a><\/li><\/ul><\/li><\/ul><\/nav><\/div>\n<h2><span class=\"ez-toc-section\" id=\"How_to_Buy_Dogecoin_on_Binance\"><\/span>Kaip nusipirkti Dogecoin Binance<span class=\"ez-toc-section-end\"><\/span><\/h2>\n<p><span style=\"font-weight: 400;\"><a href=\"https:\/\/coinkickoff.com\/lt\/dogecoin-doge\/\" data-internallinksmanager029f6b8e52c=\"14\" title=\"Kas yra Dogecoin (DOGE)? Kaip jis veikia ir kur j\u012f \u012fsigyti?\">Dogecoin<\/a> yra garsus cryptocurrency galite prekiauti visose populiariose <a href=\"https:\/\/coinkickoff.com\/lt\/crypto-exchanges\/\" data-internallinksmanager029f6b8e52c=\"141\" title=\"21 Geriausios kriptovaliut\u0173 keityklos ir programos 2024 m.\">kriptovaliut\u0173 mainai<\/a>. DOGE da\u017eniausiai \u017einomas kaip <\/span><i><span style=\"font-weight: 400;\">meme arba pok\u0161tas coin<\/span><\/i><span style=\"font-weight: 400;\">. Taip yra tod\u0117l, kad turtas nebuvo sukurtas siekiant perduoti vert\u0119 ar u\u017epildyti rinkos sprag\u0105 konkre\u010diu naudojimo atveju. Nepaisant to, turtas tapo gana populiarus internete d\u0117l <\/span><a href=\"https:\/\/www.businessinsider.com\/history-elon-musk-love-affair-dogecoin-2022-7\" target=\"_blank\" rel=\"noopener\"><span style=\"font-weight: 400;\">\u012f\u017eymybi\u0173 patvirtinimai<\/span><\/a><span style=\"font-weight: 400;\">, daugiausia Elono Musko.<\/span><\/p>\n<p><span style=\"font-weight: 400;\">Jei norite \u012fsigyti Dogecoin <a href=\"https:\/\/coinkickoff.com\/lt\/binance-review\/\" data-internallinksmanager029f6b8e52c=\"152\" title=\"Binance Atsiliepimai 2024: Funkcijos, mokes\u010diai, saugumas, privalumai ir tr\u016bkumai\">Binance<\/a> bet ne\u017einote, nuo ko prad\u0117ti, mes jums pad\u0117sime. \u010cia \u017eingsnis po \u017eingsnio paai\u0161kinama, kaip pirkti Dogecoin \u012f Binance.<\/span><\/p>\n<h2><span class=\"ez-toc-section\" id=\"A_Step-By-Step_Guide_on_How_to_Buy_Dogecoin_on_Binance\"><\/span><span style=\"font-weight: 400;\">\u017dingsnis po \u017eingsnio vadovas, kaip nusipirkti Dogecoin Binance<\/span><span class=\"ez-toc-section-end\"><\/span><\/h2>\n<h3><span class=\"ez-toc-section\" id=\"1_Register_an_Account\"><\/span><span style=\"font-weight: 400;\">1. U\u017eregistruokite paskyr\u0105<\/span><span class=\"ez-toc-section-end\"><\/span><\/h3>\n<p><span style=\"font-weight: 400;\">Jei dar neturite Binance paskyros, pirmiausia eikite \u012f <\/span><a href=\"https:\/\/accounts.binance.com\/register?ref=BLJQ60RW\" target=\"_blank\" rel=\"noopener\"><span style=\"font-weight: 400;\">Binance oficiali svetain\u0117<\/span><\/a><span style=\"font-weight: 400;\"> u\u017eregistruoti paskyr\u0105.\u00a0<\/span><\/p>\n<p><img loading=\"lazy\" decoding=\"async\" class=\"alignnone wp-image-3245 size-full\" src=\"https:\/\/coinkickoff.com\/wp-content\/uploads\/binance-register.png\" alt=\"pirkti doge binance registre\" width=\"1430\" height=\"798\" srcset=\"https:\/\/coinkickoff.com\/wp-content\/uploads\/binance-register.png 1430w, https:\/\/coinkickoff.com\/wp-content\/uploads\/binance-register-300x167.png 300w, https:\/\/coinkickoff.com\/wp-content\/uploads\/binance-register-1024x571.png 1024w, https:\/\/coinkickoff.com\/wp-content\/uploads\/binance-register-768x429.png 768w, https:\/\/coinkickoff.com\/wp-content\/uploads\/binance-register-18x10.png 18w\" sizes=\"auto, (max-width: 1430px) 100vw, 1430px\" \/><\/p>\n<p><span style=\"font-weight: 400;\">Atidaryti Binance paskyr\u0105 labai paprasta: tereikia u\u017esiregistruoti nurodant el. pa\u0161to adres\u0105 arba telefono numer\u012f. Binance atsi\u0173s jums patvirtinimo kod\u0105, kad gal\u0117tum\u0117te prisijungti prie savo naujos paskyros.<\/span><\/p>\n<h3><span class=\"ez-toc-section\" id=\"2_Verify_Your_Account\"><\/span><span style=\"font-weight: 400;\">2. Patikrinkite savo paskyr\u0105<\/span><span class=\"ez-toc-section-end\"><\/span><\/h3>\n<p><span style=\"font-weight: 400;\">Prisijung\u0119 prie platformos, Binance papra\u0161ys j\u016bs\u0173 patvirtinti savo tapatyb\u0119, kad gal\u0117tum\u0117te prad\u0117ti prekiauti platformoje. Nepatvirtin\u0119 savo tapatyb\u0117s negal\u0117site \u012fne\u0161ti l\u0117\u0161\u0173 \u012f savo Binance s\u0105skait\u0105, tod\u0117l \u0161is \u017eingsnis yra labai svarbus.<\/span><\/p>\n<p><img loading=\"lazy\" decoding=\"async\" class=\"alignnone wp-image-3247 size-full\" src=\"https:\/\/coinkickoff.com\/wp-content\/uploads\/binance-verification-0-e1680852870897.png\" alt=\"binance patikrinimas \" width=\"1410\" height=\"572\" \/><\/p>\n<p><span style=\"font-weight: 400;\">Jei pirm\u0105 kart\u0105 prisijung\u0119 praleidote patikrinim\u0105, nesijaudinkite. Binance nuolat ragins jus patvirtinti savo tapatyb\u0119 arba galite tiesiog pereiti \u012f profilio skydel\u012f prietais\u0173 skydelyje (profilio piktograma vir\u0161utiniame de\u0161iniajame kampe).<\/span><\/p>\n<p><img loading=\"lazy\" decoding=\"async\" class=\"alignnone wp-image-3246 size-full\" src=\"https:\/\/coinkickoff.com\/wp-content\/uploads\/binance-verification.png\" alt=\"binance patikrinimas\" width=\"1239\" height=\"752\" srcset=\"https:\/\/coinkickoff.com\/wp-content\/uploads\/binance-verification.png 1239w, https:\/\/coinkickoff.com\/wp-content\/uploads\/binance-verification-300x182.png 300w, https:\/\/coinkickoff.com\/wp-content\/uploads\/binance-verification-1024x622.png 1024w, https:\/\/coinkickoff.com\/wp-content\/uploads\/binance-verification-768x466.png 768w, https:\/\/coinkickoff.com\/wp-content\/uploads\/binance-verification-18x12.png 18w\" sizes=\"auto, (max-width: 1239px) 100vw, 1239px\" \/><\/p>\n<p><span style=\"font-weight: 400;\">Nor\u0117dami prad\u0117ti tikrinimo proces\u0105, spustel\u0117kite \"Get Verified\".<\/span><\/p>\n<p><span style=\"font-weight: 400;\">Naujame tikrinimo puslapyje pasirinkite gyvenam\u0105j\u0105 \u0161al\u012f ir region\u0105. Tapatyb\u0117s tikrinimo reikalavimai skiriasi priklausomai nuo regiono, tod\u0117l svarbu pasirinkti tinkam\u0105 \u0161al\u012f.<\/span><\/p>\n<p><img loading=\"lazy\" decoding=\"async\" class=\"alignnone wp-image-3248 size-full\" src=\"https:\/\/coinkickoff.com\/wp-content\/uploads\/binance-verification-2.png\" alt=\"\" width=\"563\" height=\"686\" srcset=\"https:\/\/coinkickoff.com\/wp-content\/uploads\/binance-verification-2.png 563w, https:\/\/coinkickoff.com\/wp-content\/uploads\/binance-verification-2-246x300.png 246w, https:\/\/coinkickoff.com\/wp-content\/uploads\/binance-verification-2-10x12.png 10w\" sizes=\"auto, (max-width: 563px) 100vw, 563px\" \/><\/p>\n<p><span style=\"font-weight: 400;\">Pasirink\u0119 \u0161al\u012f, galite \u012fvesti papildom\u0105 informacij\u0105. Binance paprastai reikalauja \u012fvesti savo juridin\u012f vard\u0105 ir pavard\u0119, gimimo dat\u0105 ir \u0161al\u012f. Taip pat turite pateikti asmens tapatyb\u0117s dokument\u0105 su nuotrauka, pavyzd\u017eiui, paso puslap\u012f arba vairuotojo pa\u017eym\u0117jim\u0105.<\/span><\/p>\n<h3><span class=\"ez-toc-section\" id=\"3_Deposit_FundsCrypto\"><\/span><span style=\"font-weight: 400;\">3. Depozitin\u0117s l\u0117\u0161os \/ kriptografija<\/span><span class=\"ez-toc-section-end\"><\/span><\/h3>\n<h3><img loading=\"lazy\" decoding=\"async\" class=\"alignnone wp-image-3254 size-full\" src=\"https:\/\/coinkickoff.com\/wp-content\/uploads\/binance-deposit-2.png\" alt=\"\" width=\"926\" height=\"796\" srcset=\"https:\/\/coinkickoff.com\/wp-content\/uploads\/binance-deposit-2.png 926w, https:\/\/coinkickoff.com\/wp-content\/uploads\/binance-deposit-2-300x258.png 300w, https:\/\/coinkickoff.com\/wp-content\/uploads\/binance-deposit-2-768x660.png 768w, https:\/\/coinkickoff.com\/wp-content\/uploads\/binance-deposit-2-14x12.png 14w\" sizes=\"auto, (max-width: 926px) 100vw, 926px\" \/><\/h3>\n<h3><span class=\"ez-toc-section\" id=\"Once_you_complete_identity_verification_you_can_easily_deposit_funds_to_your_Binance_account_There_are_a_couple_of_different_ways_to_fund_your_account_on_Binance\"><\/span><span style=\"font-weight: 400;\">U\u017ebaig\u0119 tapatyb\u0117s patikrinim\u0105, galite lengvai pervesti l\u0117\u0161as \u012f savo Binance s\u0105skait\u0105. Yra keli skirtingi b\u016bdai, kaip papildyti savo s\u0105skait\u0105 Binance.<\/span><span class=\"ez-toc-section-end\"><\/span><\/h3>\n<p><span style=\"font-weight: 400;\">Pirmiausia spustel\u0117kite \"Deposit\" (vir\u0161utiniame de\u0161iniajame kampe). Binance si\u016blo keturis b\u016bdus, kaip gauti l\u0117\u0161\u0173 \u012f savo s\u0105skait\u0105.\u00a0<\/span><\/p>\n<p><span style=\"font-weight: 400;\">Jei jau turite kriptovaliut\u0173 kitoje pinigin\u0117je, galite si\u0173sti savo turt\u0105 \u012f Binance pinigin\u0119 pasirink\u0119 \"Deposit Crypto\" arba gauti kriptovaliut\u0173 i\u0161 kit\u0173 siunt\u0117j\u0173 pasirink\u0119 \"Receive Crypto\".<\/span><\/p>\n<p><span style=\"font-weight: 400;\">Jei neturite kriptovaliut\u0173, galite nusipirkti DOGE Binance prid\u0117dami l\u0117\u0161\u0173 \u012f savo s\u0105skait\u0105 arba susiedami mok\u0117jimo b\u016bd\u0105, pavyzd\u017eiui, kredito korteles, \"Google Pay\" arba \"Apple Pay\".<\/span><\/p>\n<p><span style=\"font-weight: 400;\">Nor\u0117dami \u012f Binance s\u0105skait\u0105 \u012fne\u0161ti fiat valiut\u0105, pasirinkite \"\u012ene\u0161ti Fiat\". \u012emokos puslapyje pasirinkite pageidaujam\u0105 valiut\u0105 ir \u012fmokos b\u016bd\u0105.\u00a0<\/span><\/p>\n<p><img loading=\"lazy\" decoding=\"async\" class=\"alignnone wp-image-3256 size-full\" src=\"https:\/\/coinkickoff.com\/wp-content\/uploads\/binance-fiat-deposit-3.png\" alt=\"\" width=\"1052\" height=\"778\" srcset=\"https:\/\/coinkickoff.com\/wp-content\/uploads\/binance-fiat-deposit-3.png 1052w, https:\/\/coinkickoff.com\/wp-content\/uploads\/binance-fiat-deposit-3-300x222.png 300w, https:\/\/coinkickoff.com\/wp-content\/uploads\/binance-fiat-deposit-3-1024x757.png 1024w, https:\/\/coinkickoff.com\/wp-content\/uploads\/binance-fiat-deposit-3-768x568.png 768w, https:\/\/coinkickoff.com\/wp-content\/uploads\/binance-fiat-deposit-3-16x12.png 16w\" sizes=\"auto, (max-width: 1052px) 100vw, 1052px\" \/><\/p>\n<p><span style=\"font-weight: 400;\">Mok\u0117jimo b\u016bdai skiriasi priklausomai nuo \u0161alies, ta\u010diau dauguma naudotoj\u0173 gali lengvai pervesti l\u0117\u0161as \u012f savo s\u0105skaitas banko pavedimais. Gali b\u016bti ir kit\u0173 galimybi\u0173, pavyzd\u017eiui, \"PayPal\" ir pirkimas kredito bei debeto kortel\u0117mis, ta\u010diau jos da\u017enai yra brangesn\u0117s. Nor\u0117dami su\u017einoti Binance mokes\u010dius, skaitykite m\u016bs\u0173 Binance ap\u017evalg\u0105.<\/span><\/p>\n<p><span style=\"font-weight: 400;\">Pasirink\u0119 mok\u0117jimo b\u016bd\u0105, kur\u012f norite naudoti, spustel\u0117kite \"T\u0119sti\".<\/span><\/p>\n<h3><span class=\"ez-toc-section\" id=\"4_Navigate_to_the_Relevant_Screen_to_Buy\"><\/span><span style=\"font-weight: 400;\">4. Pereikite \u012f atitinkam\u0105 ekran\u0105, kad gal\u0117tum\u0117te pirkti<\/span><span class=\"ez-toc-section-end\"><\/span><\/h3>\n<p><span style=\"font-weight: 400;\">Visi\u0161kai papras\u010diausias b\u016bdas \u012fsigyti DOGE Binance - pereiti \u012f puslap\u012f \"Pirkti kriptovaliut\u0105\".\u00a0<\/span><\/p>\n<p><img loading=\"lazy\" decoding=\"async\" class=\"alignnone wp-image-3249 size-full\" src=\"https:\/\/coinkickoff.com\/wp-content\/uploads\/binance-buy-sell-crypto.png\" alt=\"\" width=\"1056\" height=\"642\" srcset=\"https:\/\/coinkickoff.com\/wp-content\/uploads\/binance-buy-sell-crypto.png 1056w, https:\/\/coinkickoff.com\/wp-content\/uploads\/binance-buy-sell-crypto-300x182.png 300w, https:\/\/coinkickoff.com\/wp-content\/uploads\/binance-buy-sell-crypto-1024x623.png 1024w, https:\/\/coinkickoff.com\/wp-content\/uploads\/binance-buy-sell-crypto-768x467.png 768w, https:\/\/coinkickoff.com\/wp-content\/uploads\/binance-buy-sell-crypto-18x12.png 18w\" sizes=\"auto, (max-width: 1056px) 100vw, 1056px\" \/><\/p>\n<p><span style=\"font-weight: 400;\">Atsid\u016br\u0119 Pirkimo \/ pardavimo puslapyje, lengvai perkate arba parduodate kriptovaliutas \u012fvesdami pinig\u0173 sum\u0105, kuri\u0105 norite i\u0161leisti, arba kriptovaliut\u0173 kiek\u012f, kur\u012f norite pirkti.<\/span><\/p>\n<p><img loading=\"lazy\" decoding=\"async\" class=\"alignnone wp-image-3250 size-full\" src=\"https:\/\/coinkickoff.com\/wp-content\/uploads\/binance-buy-sell-crypto-2.png\" alt=\"\" width=\"1079\" height=\"634\" srcset=\"https:\/\/coinkickoff.com\/wp-content\/uploads\/binance-buy-sell-crypto-2.png 1079w, https:\/\/coinkickoff.com\/wp-content\/uploads\/binance-buy-sell-crypto-2-300x176.png 300w, https:\/\/coinkickoff.com\/wp-content\/uploads\/binance-buy-sell-crypto-2-1024x602.png 1024w, https:\/\/coinkickoff.com\/wp-content\/uploads\/binance-buy-sell-crypto-2-768x451.png 768w, https:\/\/coinkickoff.com\/wp-content\/uploads\/binance-buy-sell-crypto-2-18x12.png 18w\" sizes=\"auto, (max-width: 1079px) 100vw, 1079px\" \/><\/p>\n<p><span style=\"font-weight: 400;\">\u012eved\u0119, kiek pinig\u0173 norite i\u0161leisti, pamatysite, kiek kriptovaliut\u0173 gausite.<\/span><\/p>\n<p><img loading=\"lazy\" decoding=\"async\" class=\"alignnone wp-image-3252 size-full\" src=\"https:\/\/coinkickoff.com\/wp-content\/uploads\/binance-crypto-buy-sell-5.png\" alt=\"\" width=\"1047\" height=\"640\" srcset=\"https:\/\/coinkickoff.com\/wp-content\/uploads\/binance-crypto-buy-sell-5.png 1047w, https:\/\/coinkickoff.com\/wp-content\/uploads\/binance-crypto-buy-sell-5-300x183.png 300w, https:\/\/coinkickoff.com\/wp-content\/uploads\/binance-crypto-buy-sell-5-1024x626.png 1024w, https:\/\/coinkickoff.com\/wp-content\/uploads\/binance-crypto-buy-sell-5-768x469.png 768w, https:\/\/coinkickoff.com\/wp-content\/uploads\/binance-crypto-buy-sell-5-18x12.png 18w\" sizes=\"auto, (max-width: 1047px) 100vw, 1047px\" \/><\/p>\n<p><span style=\"font-weight: 400;\">Kadangi norite \u012fsigyti Dogecoin, eikite \u012f priek\u012f ir spustel\u0117kite <a href=\"https:\/\/coinkickoff.com\/lt\/bitcoin-btc\/\" data-internallinksmanager029f6b8e52c=\"1\" title=\"Kas yra Bitcoin (BTC)? Kaina, istorija ir kur \u012fsigyti\">BTC<\/a> simbolis skirtuke \"Gauti\". Atsidarys meniu, kuriame bus pateiktas visas galimas \u012fsigyti turtas. Nor\u0117dami lengvai j\u012f rasti, meniu paie\u0161kos juostoje \u012fra\u0161ykite DOGE.<\/span><\/p>\n<p><img loading=\"lazy\" decoding=\"async\" class=\"alignnone wp-image-3255 size-full\" src=\"https:\/\/coinkickoff.com\/wp-content\/uploads\/BINANCE-DOGE-SELECT.png\" alt=\"\" width=\"1195\" height=\"649\" srcset=\"https:\/\/coinkickoff.com\/wp-content\/uploads\/BINANCE-DOGE-SELECT.png 1195w, https:\/\/coinkickoff.com\/wp-content\/uploads\/BINANCE-DOGE-SELECT-300x163.png 300w, https:\/\/coinkickoff.com\/wp-content\/uploads\/BINANCE-DOGE-SELECT-1024x556.png 1024w, https:\/\/coinkickoff.com\/wp-content\/uploads\/BINANCE-DOGE-SELECT-768x417.png 768w, https:\/\/coinkickoff.com\/wp-content\/uploads\/BINANCE-DOGE-SELECT-18x10.png 18w\" sizes=\"auto, (max-width: 1195px) 100vw, 1195px\" \/><\/p>\n<p><span style=\"font-weight: 400;\">Pasirinkite j\u012f ir puslapyje bus parodyta, kiek DOGE galite \u012fsigyti u\u017e norim\u0105 i\u0161leisti pinig\u0173 sum\u0105.<\/span><\/p>\n<p><img loading=\"lazy\" decoding=\"async\" class=\"alignnone wp-image-3261 size-large\" src=\"https:\/\/coinkickoff.com\/wp-content\/uploads\/buy-doge-on-binance-2-1024x573.png\" alt=\"pirkti dogecoin per binance\" width=\"1024\" height=\"573\" srcset=\"https:\/\/coinkickoff.com\/wp-content\/uploads\/buy-doge-on-binance-2-1024x573.png 1024w, https:\/\/coinkickoff.com\/wp-content\/uploads\/buy-doge-on-binance-2-300x168.png 300w, https:\/\/coinkickoff.com\/wp-content\/uploads\/buy-doge-on-binance-2-768x430.png 768w, https:\/\/coinkickoff.com\/wp-content\/uploads\/buy-doge-on-binance-2-18x10.png 18w, https:\/\/coinkickoff.com\/wp-content\/uploads\/buy-doge-on-binance-2.png 1432w\" sizes=\"auto, (max-width: 1024px) 100vw, 1024px\" \/><\/p>\n<p><span style=\"font-weight: 400;\">Galiausiai spustel\u0117kite PIRKTI DOGE. Taip paprasta nusipirkti Dogecoin ant Binance.<\/span><\/p>\n<p><span style=\"font-weight: 400;\">Jei norite pirkti Dogecoin arba kit\u0105 skaitmenin\u012f turt\u0105 \u012fvairiose bir\u017eose, apsilankykite m\u016bs\u0173 <\/span><a href=\"https:\/\/coinkickoff.com\/lt\/crypto-exchanges\/\"><span style=\"font-weight: 400;\">ap\u017evalgos geriausi\u0173 22 cryptocurrency mainai<\/span><\/a><span style=\"font-weight: 400;\"> ir a\u0161tuonias kitas alternatyvas.<\/span><\/p>","protected":false},"excerpt":{"rendered":"<p>Kaip nusipirkti Dogecoin Binance Dogecoin yra garsi kriptovaliuta, kuria galite prekiauti visose populiariose kriptovaliut\u0173 bir\u017eose. DOGE da\u017eniausiai \u017einomas kaip memuaras arba pok\u0161tas coin. Taip yra d\u0117l to, kad \u0161is turtas nebuvo sukurtas perleisti vert\u0119 ar u\u017epildyti rinkos sprag\u0105 konkre\u010diam naudojimo atvejui. Nepaisant to, turtas [...]<\/p>","protected":false},"author":3,"featured_media":3261,"parent":3196,"menu_order":0,"comment_status":"closed","ping_status":"closed","template":"","meta":{"_genesis_hide_title":false,"_genesis_hide_breadcrumbs":false,"_genesis_hide_singular_image":false,"_genesis_hide_footer_widgets":false,"_genesis_custom_body_class":"","_genesis_custom_post_class":"","_genesis_layout":"","_glsr_average":0,"_glsr_ranking":0,"_glsr_reviews":0,"footnotes":""},"class_list":{"0":"post-3244","1":"page","2":"type-page","3":"status-publish","4":"has-post-thumbnail","6":"entry"},"featured_image_src":"https:\/\/coinkickoff.com\/wp-content\/uploads\/buy-doge-on-binance-2-600x400.png","featured_image_src_square":"https:\/\/coinkickoff.com\/wp-content\/uploads\/buy-doge-on-binance-2-600x600.png","_links":{"self":[{"href":"https:\/\/coinkickoff.com\/lt\/wp-json\/wp\/v2\/pages\/3244","targetHints":{"allow":["GET"]}}],"collection":[{"href":"https:\/\/coinkickoff.com\/lt\/wp-json\/wp\/v2\/pages"}],"about":[{"href":"https:\/\/coinkickoff.com\/lt\/wp-json\/wp\/v2\/types\/page"}],"author":[{"embeddable":true,"href":"https:\/\/coinkickoff.com\/lt\/wp-json\/wp\/v2\/users\/3"}],"replies":[{"embeddable":true,"href":"https:\/\/coinkickoff.com\/lt\/wp-json\/wp\/v2\/comments?post=3244"}],"version-history":[{"count":4,"href":"https:\/\/coinkickoff.com\/lt\/wp-json\/wp\/v2\/pages\/3244\/revisions"}],"predecessor-version":[{"id":4487,"href":"https:\/\/coinkickoff.com\/lt\/wp-json\/wp\/v2\/pages\/3244\/revisions\/4487"}],"up":[{"embeddable":true,"href":"https:\/\/coinkickoff.com\/lt\/wp-json\/wp\/v2\/pages\/3196"}],"wp:featuredmedia":[{"embeddable":true,"href":"https:\/\/coinkickoff.com\/lt\/wp-json\/wp\/v2\/media\/3261"}],"wp:attachment":[{"href":"https:\/\/coinkickoff.com\/lt\/wp-json\/wp\/v2\/media?parent=3244"}],"curies":[{"name":"wp","href":"https:\/\/api.w.org\/{rel}","templated":true}]}}