{"id":3203,"date":"2026-01-08T14:07:32","date_gmt":"2026-01-08T14:07:32","guid":{"rendered":"https:\/\/coinkickoff.com\/?page_id=3203"},"modified":"2026-01-08T14:07:32","modified_gmt":"2026-01-08T14:07:32","slug":"how-to-buy-dogecoin-on-bybit","status":"publish","type":"page","link":"https:\/\/coinkickoff.com\/lt\/how-to-buy-dogecoin\/how-to-buy-dogecoin-on-bybit\/","title":{"rendered":"Kaip nusipirkti Dogecoin (DOGE) \"Bybit"},"content":{"rendered":"<div id=\"ez-toc-container\" class=\"ez-toc-v2_0_80 counter-hierarchy ez-toc-counter ez-toc-transparent ez-toc-container-direction\">\n<div class=\"ez-toc-title-container\">\n<p class=\"ez-toc-title\" style=\"cursor:inherit\">Skyriai<\/p>\n<span class=\"ez-toc-title-toggle\"><a href=\"#\" class=\"ez-toc-pull-right ez-toc-btn ez-toc-btn-xs ez-toc-btn-default ez-toc-toggle\" aria-label=\"Perjungti turinio lentel\u0119\"><span class=\"ez-toc-js-icon-con\"><span class=\"\"><span class=\"eztoc-hide\" style=\"display:none;\">Perjungti<\/span><span class=\"ez-toc-icon-toggle-span\"><svg style=\"fill: #999;color:#999\" xmlns=\"http:\/\/www.w3.org\/2000\/svg\" class=\"list-377408\" width=\"20px\" height=\"20px\" viewbox=\"0 0 24 24\" fill=\"none\"><path d=\"M6 6H4v2h2V6zm14 0H8v2h12V6zM4 11h2v2H4v-2zm16 0H8v2h12v-2zM4 16h2v2H4v-2zm16 0H8v2h12v-2z\" fill=\"currentColor\"><\/path><\/svg><svg style=\"fill: #999;color:#999\" class=\"arrow-unsorted-368013\" xmlns=\"http:\/\/www.w3.org\/2000\/svg\" width=\"10px\" height=\"10px\" viewbox=\"0 0 24 24\" version=\"1.2\" baseprofile=\"tiny\"><path d=\"M18.2 9.3l-6.2-6.3-6.2 6.3c-.2.2-.3.4-.3.7s.1.5.3.7c.2.2.4.3.7.3h11c.3 0 .5-.1.7-.3.2-.2.3-.5.3-.7s-.1-.5-.3-.7zM5.8 14.7l6.2 6.3 6.2-6.3c.2-.2.3-.5.3-.7s-.1-.5-.3-.7c-.2-.2-.4-.3-.7-.3h-11c-.3 0-.5.1-.7.3-.2.2-.3.5-.3.7s.1.5.3.7z\"\/><\/svg><\/span><\/span><\/span><\/a><\/span><\/div>\n<nav><ul class='ez-toc-list ez-toc-list-level-1 eztoc-toggle-hide-by-default' ><li class='ez-toc-page-1 ez-toc-heading-level-2'><a class=\"ez-toc-link ez-toc-heading-1\" href=\"https:\/\/coinkickoff.com\/lt\/how-to-buy-dogecoin\/how-to-buy-dogecoin-on-bybit\/#How_to_Buy_Dogecoin_on_Bybit\" >Kaip nusipirkti Dogecoin \"Bybit<\/a><\/li><li class='ez-toc-page-1 ez-toc-heading-level-2'><a class=\"ez-toc-link ez-toc-heading-2\" href=\"https:\/\/coinkickoff.com\/lt\/how-to-buy-dogecoin\/how-to-buy-dogecoin-on-bybit\/#A_Step-By-Step_Guide_on_How_to_Buy_Dogecoin_on_Bybit\" >\u017dingsnis po \u017eingsnio vadovas, kaip nusipirkti Dogecoin \"Bybit<\/a><ul class='ez-toc-list-level-3' ><li class='ez-toc-heading-level-3'><a class=\"ez-toc-link ez-toc-heading-3\" href=\"https:\/\/coinkickoff.com\/lt\/how-to-buy-dogecoin\/how-to-buy-dogecoin-on-bybit\/#1_Register_an_Account\" >1. U\u017eregistruokite paskyr\u0105<\/a><\/li><li class='ez-toc-page-1 ez-toc-heading-level-3'><a class=\"ez-toc-link ez-toc-heading-4\" href=\"https:\/\/coinkickoff.com\/lt\/how-to-buy-dogecoin\/how-to-buy-dogecoin-on-bybit\/#2_Verify_Your_Account\" >2. Patikrinkite savo paskyr\u0105<\/a><\/li><li class='ez-toc-page-1 ez-toc-heading-level-3'><a class=\"ez-toc-link ez-toc-heading-5\" href=\"https:\/\/coinkickoff.com\/lt\/how-to-buy-dogecoin\/how-to-buy-dogecoin-on-bybit\/#3_Deposit_FundsCrypto\" >3. Depozitin\u0117s l\u0117\u0161os \/ kriptografija<\/a><\/li><li class='ez-toc-page-1 ez-toc-heading-level-3'><a class=\"ez-toc-link ez-toc-heading-6\" href=\"https:\/\/coinkickoff.com\/lt\/how-to-buy-dogecoin\/how-to-buy-dogecoin-on-bybit\/#4_Navigate_to_the_Relevant_Screen_to_Buy\" >4. Pereikite \u012f atitinkam\u0105 ekran\u0105, kad gal\u0117tum\u0117te pirkti<\/a><\/li><\/ul><\/li><\/ul><\/nav><\/div>\n<h2><span class=\"ez-toc-section\" id=\"How_to_Buy_Dogecoin_on_Bybit\"><\/span><span style=\"font-weight: 400;\">Kaip nusipirkti Dogecoin \"Bybit<\/span><span class=\"ez-toc-section-end\"><\/span><\/h2>\n<p><span style=\"font-weight: 400;\">Nors <a href=\"https:\/\/coinkickoff.com\/lt\/dogecoin-doge\/\" data-internallinksmanager029f6b8e52c=\"14\" title=\"Kas yra Dogecoin (DOGE)? Kaip jis veikia ir kur j\u012f \u012fsigyti?\">Dogecoin<\/a> n\u0117ra labai stabilus ar itin naudingas skaitmeninis turtas, jis gana garsus d\u0117l savo juokingo, \u012f memus pana\u0161aus pob\u016bd\u017eio. Be to, j\u012f gana lengva nusipirkti, nes galite rasti beveik bet kurioje bir\u017eoje.\u00a0<\/span><\/p>\n<p><span style=\"font-weight: 400;\">DOGE tiekimas yra beveik nesibaigiantis, tod\u0117l galite j\u012f nusipirkti pigiai, nors tur\u0117tum\u0117te \u017einoti, kad jis i\u0161 tikr\u0173j\u0173 n\u0117ra tinkamas naudoti.<\/span><\/p>\n<p><span style=\"font-weight: 400;\">\u0160iame straipsnyje mes paai\u0161kinsime, kaip pirkti Dogecoin ant <a href=\"https:\/\/coinkickoff.com\/lt\/bybit-review\/\">Bybit<\/a> \u017eingsnis po \u017eingsnio. \u0160tai taip.<\/span><\/p>\n<h2><span class=\"ez-toc-section\" id=\"A_Step-By-Step_Guide_on_How_to_Buy_Dogecoin_on_Bybit\"><\/span><span style=\"font-weight: 400;\">\u017dingsnis po \u017eingsnio vadovas, kaip nusipirkti Dogecoin \"Bybit<\/span><span class=\"ez-toc-section-end\"><\/span><\/h2>\n<h3><span class=\"ez-toc-section\" id=\"1_Register_an_Account\"><\/span><span style=\"font-weight: 400;\">1. U\u017eregistruokite paskyr\u0105<\/span><span class=\"ez-toc-section-end\"><\/span><\/h3>\n<p><span style=\"font-weight: 400;\">Sekite \u0161i\u0105 nuorod\u0105 ir eikite \u012f <\/span><a href=\"https:\/\/www.bybit.com\/en-US\/register?irclickid=zLJWgJTKIxyNWiW0o%3AzEUxRnUkAWQmSxHzEAWw0&amp;irgwc=1&amp;srcexid=469064&amp;utmsource=impact&amp;srcplatform=1&amp;Sharedid=\" target=\"_blank\" rel=\"noopener\"><span style=\"font-weight: 400;\">Oficiali \"Bybit\" svetain\u0117<\/span><\/a><span style=\"font-weight: 400;\"> ir spustel\u0117kite \"Registruotis\", kad u\u017eregistruotum\u0117te paskyr\u0105.\u00a0<\/span><\/p>\n<p><img loading=\"lazy\" decoding=\"async\" class=\"alignnone wp-image-3213 size-full\" src=\"https:\/\/coinkickoff.com\/wp-content\/uploads\/bybit-create-account.png\" alt=\"kaip nusipirkti dogecoin bybit sukurti paskyr\u0105\" width=\"1437\" height=\"723\" srcset=\"https:\/\/coinkickoff.com\/wp-content\/uploads\/bybit-create-account.png 1437w, https:\/\/coinkickoff.com\/wp-content\/uploads\/bybit-create-account-300x151.png 300w, https:\/\/coinkickoff.com\/wp-content\/uploads\/bybit-create-account-1024x515.png 1024w, https:\/\/coinkickoff.com\/wp-content\/uploads\/bybit-create-account-768x386.png 768w, https:\/\/coinkickoff.com\/wp-content\/uploads\/bybit-create-account-18x9.png 18w\" sizes=\"auto, (max-width: 1437px) 100vw, 1437px\" \/><\/p>\n<p><span style=\"font-weight: 400;\">Atidarymas <a href=\"https:\/\/coinkickoff.com\/lt\/bybit-review\/\" data-internallinksmanager029f6b8e52c=\"157\" title=\"&quot;Bybit&quot; ap\u017evalgos 2024: Funkcijos, mokes\u010diai, saugumas, privalumai ir tr\u016bkumai\">Bybit<\/a> paskyr\u0105 labai paprasta: galite u\u017esiregistruoti naudodami el. pa\u0161to adres\u0105 arba telefono numer\u012f. Taip pat galite u\u017esiregistruoti naudodami \"Google\" arba \"Apple ID\".\u00a0<\/span><\/p>\n<h3><span class=\"ez-toc-section\" id=\"2_Verify_Your_Account\"><\/span><span style=\"font-weight: 400;\">2. Patikrinkite savo paskyr\u0105<\/span><span class=\"ez-toc-section-end\"><\/span><\/h3>\n<p><span style=\"font-weight: 400;\">Grie\u017etai kalbant, norint prekiauti \"Bybit\", jums nereikia atlikti tapatyb\u0117s patvirtinimo. Platforma leid\u017eia prekiauti ir atsiimti skaitmenin\u012f turt\u0105 be patikrinimo.\u00a0<\/span><\/p>\n<p><span style=\"font-weight: 400;\">Tai rei\u0161kia, kad galite praleisti tikrinimo etap\u0105, jei jau turite skaitmeninio turto. Viskas, k\u0105 jums reikia padaryti, tai nusi\u0173sti dal\u012f savo turto \u012f \"Bybit\" paskyr\u0105, ir gal\u0117site j\u012f panaudoti DOGE pirkimui platformoje.<\/span><\/p>\n<p><img loading=\"lazy\" decoding=\"async\" class=\"alignnone wp-image-3215 size-full\" src=\"https:\/\/coinkickoff.com\/wp-content\/uploads\/bybit-crypto-deposit.png\" alt=\"\" width=\"1372\" height=\"659\" srcset=\"https:\/\/coinkickoff.com\/wp-content\/uploads\/bybit-crypto-deposit.png 1372w, https:\/\/coinkickoff.com\/wp-content\/uploads\/bybit-crypto-deposit-300x144.png 300w, https:\/\/coinkickoff.com\/wp-content\/uploads\/bybit-crypto-deposit-1024x492.png 1024w, https:\/\/coinkickoff.com\/wp-content\/uploads\/bybit-crypto-deposit-768x369.png 768w, https:\/\/coinkickoff.com\/wp-content\/uploads\/bybit-crypto-deposit-18x9.png 18w\" sizes=\"auto, (max-width: 1372px) 100vw, 1372px\" \/><\/p>\n<p><span style=\"font-weight: 400;\">Ta\u010diau jei neturite jokios kriptovaliutos, nor\u0117dami prad\u0117ti prekiauti, turite \u012fne\u0161ti l\u0117\u0161\u0173 \u012f savo \"Bybit\" s\u0105skait\u0105. Tai rei\u0161kia, kad taip pat tur\u0117site atlikti asmens tapatyb\u0117s patikrinim\u0105.\u00a0<\/span><\/p>\n<p><span style=\"font-weight: 400;\">Nor\u0117dami prad\u0117ti tikrinimo proces\u0105, prietais\u0173 skydelyje (vir\u0161uje de\u0161in\u0117je) pasirinkite \"Profilis\". Profilio puslapyje spustel\u0117kite \"Identity verification\" (tapatyb\u0117s patvirtinimas).<\/span><\/p>\n<p><img loading=\"lazy\" decoding=\"async\" class=\"alignnone wp-image-3214 size-full\" src=\"https:\/\/coinkickoff.com\/wp-content\/uploads\/bybit-dashboard.png\" alt=\"\" width=\"1416\" height=\"232\" srcset=\"https:\/\/coinkickoff.com\/wp-content\/uploads\/bybit-dashboard.png 1416w, https:\/\/coinkickoff.com\/wp-content\/uploads\/bybit-dashboard-300x49.png 300w, https:\/\/coinkickoff.com\/wp-content\/uploads\/bybit-dashboard-1024x168.png 1024w, https:\/\/coinkickoff.com\/wp-content\/uploads\/bybit-dashboard-768x126.png 768w, https:\/\/coinkickoff.com\/wp-content\/uploads\/bybit-dashboard-18x3.png 18w\" sizes=\"auto, (max-width: 1416px) 100vw, 1416px\" \/><\/p>\n<p><span style=\"font-weight: 400;\">Nor\u0117dami prad\u0117ti tikrinimo proces\u0105, spustel\u0117kite \"Patikrinti dabar\".<\/span><\/p>\n<p><img loading=\"lazy\" decoding=\"async\" class=\"alignnone wp-image-3212 size-full\" src=\"https:\/\/coinkickoff.com\/wp-content\/uploads\/bybit-identity-verification.png\" alt=\"bybit tapatyb\u0117s patikrinimas\" width=\"1432\" height=\"792\" srcset=\"https:\/\/coinkickoff.com\/wp-content\/uploads\/bybit-identity-verification.png 1432w, https:\/\/coinkickoff.com\/wp-content\/uploads\/bybit-identity-verification-300x166.png 300w, https:\/\/coinkickoff.com\/wp-content\/uploads\/bybit-identity-verification-1024x566.png 1024w, https:\/\/coinkickoff.com\/wp-content\/uploads\/bybit-identity-verification-768x425.png 768w, https:\/\/coinkickoff.com\/wp-content\/uploads\/bybit-identity-verification-18x10.png 18w\" sizes=\"auto, (max-width: 1432px) 100vw, 1432px\" \/><\/p>\n<p><span style=\"font-weight: 400;\">Nor\u0117dami atlikti tapatyb\u0117s patikrinimo patikr\u0105, turite \u012fkelti galiojant\u012f vyriausyb\u0117s i\u0161duot\u0105 asmens tapatyb\u0117s dokument\u0105 su nuotrauka ir asmenuk\u0119.<\/span><\/p>\n<h3><span class=\"ez-toc-section\" id=\"3_Deposit_FundsCrypto\"><\/span><span style=\"font-weight: 400;\">3. Depozitin\u0117s l\u0117\u0161os \/ kriptografija<\/span><span class=\"ez-toc-section-end\"><\/span><\/h3>\n<p><span style=\"font-weight: 400;\">U\u017ebaig\u0119 tapatyb\u0117s patikrinim\u0105, \u012f \"Bybit\" s\u0105skait\u0105 galite \u012fne\u0161ti fiat valiut\u0105. Prietais\u0173 skydelyje spustel\u0117kite \"Buy Crypto\" ir i\u0161 i\u0161skleid\u017eiamajame meniu pasirinkite \"Fiat Deposit\".<\/span><\/p>\n<p><img loading=\"lazy\" decoding=\"async\" class=\"alignnone wp-image-3208 size-full\" src=\"https:\/\/coinkickoff.com\/wp-content\/uploads\/bybit-fiat-deposit.png\" alt=\"bybit fiat ind\u0117lis\" width=\"1432\" height=\"630\" srcset=\"https:\/\/coinkickoff.com\/wp-content\/uploads\/bybit-fiat-deposit.png 1432w, https:\/\/coinkickoff.com\/wp-content\/uploads\/bybit-fiat-deposit-300x132.png 300w, https:\/\/coinkickoff.com\/wp-content\/uploads\/bybit-fiat-deposit-1024x451.png 1024w, https:\/\/coinkickoff.com\/wp-content\/uploads\/bybit-fiat-deposit-768x338.png 768w, https:\/\/coinkickoff.com\/wp-content\/uploads\/bybit-fiat-deposit-18x8.png 18w\" sizes=\"auto, (max-width: 1432px) 100vw, 1432px\" \/><\/p>\n<p><span style=\"font-weight: 400;\">\u012emok\u0173 puslapyje pasirinkite pageidaujam\u0105 valiut\u0105, \u012fveskite norim\u0105 \u012fmokos sum\u0105 ir pasirinkite \u012fmokos b\u016bd\u0105. \u012emok\u0117jimo b\u016bdai skiriasi priklausomai nuo fiat valiutos, nors \"Advcash\" galima naudotis \u012fvairiomis fiat valiutomis.<\/span><\/p>\n<p><img loading=\"lazy\" decoding=\"async\" class=\"alignnone wp-image-3209 size-full\" src=\"https:\/\/coinkickoff.com\/wp-content\/uploads\/bybitfiatdeposit2.png\" alt=\"bybit fiat ind\u0117lis\" width=\"1418\" height=\"783\" srcset=\"https:\/\/coinkickoff.com\/wp-content\/uploads\/bybitfiatdeposit2.png 1418w, https:\/\/coinkickoff.com\/wp-content\/uploads\/bybitfiatdeposit2-300x166.png 300w, https:\/\/coinkickoff.com\/wp-content\/uploads\/bybitfiatdeposit2-1024x565.png 1024w, https:\/\/coinkickoff.com\/wp-content\/uploads\/bybitfiatdeposit2-768x424.png 768w, https:\/\/coinkickoff.com\/wp-content\/uploads\/bybitfiatdeposit2-18x10.png 18w\" sizes=\"auto, (max-width: 1418px) 100vw, 1418px\" \/><\/p>\n<p><span style=\"font-weight: 400;\">Pasirink\u0119 mok\u0117jimo b\u016bd\u0105, sutikite su \"s\u0105lygomis ir paslaugomis\" ir spustel\u0117kite t\u0119sti.<\/span><\/p>\n<h3><span class=\"ez-toc-section\" id=\"4_Navigate_to_the_Relevant_Screen_to_Buy\"><\/span><span style=\"font-weight: 400;\">4. Pereikite \u012f atitinkam\u0105 ekran\u0105, kad gal\u0117tum\u0117te pirkti<\/span><span class=\"ez-toc-section-end\"><\/span><\/h3>\n<p><span style=\"font-weight: 400;\">Kai \u012f savo \"Bybit\" s\u0105skait\u0105 pervesite \u0161iek tiek l\u0117\u0161\u0173, nusipirkti DOGE labai paprasta. Prietais\u0173 skydelyje spustel\u0117kite \"Pirkti kriptovaliut\u0105\" ir pasirinkite \"Pirkti vienu spustel\u0117jimu\". Taip pateksite \u012f paprast\u0105 pirkimo \/ pardavimo puslap\u012f.<\/span><\/p>\n<p><img loading=\"lazy\" decoding=\"async\" class=\"alignnone wp-image-3211 size-full\" src=\"https:\/\/coinkickoff.com\/wp-content\/uploads\/bybit-one-click-buy-2.png\" alt=\"bybit vienu paspaudimu nusipirkti 2\" width=\"1433\" height=\"795\" srcset=\"https:\/\/coinkickoff.com\/wp-content\/uploads\/bybit-one-click-buy-2.png 1433w, https:\/\/coinkickoff.com\/wp-content\/uploads\/bybit-one-click-buy-2-300x166.png 300w, https:\/\/coinkickoff.com\/wp-content\/uploads\/bybit-one-click-buy-2-1024x568.png 1024w, https:\/\/coinkickoff.com\/wp-content\/uploads\/bybit-one-click-buy-2-768x426.png 768w, https:\/\/coinkickoff.com\/wp-content\/uploads\/bybit-one-click-buy-2-18x10.png 18w\" sizes=\"auto, (max-width: 1433px) 100vw, 1433px\" \/><\/p>\n<p><span style=\"font-weight: 400;\"><img loading=\"lazy\" decoding=\"async\" class=\"alignnone wp-image-3210 size-full\" src=\"https:\/\/coinkickoff.com\/wp-content\/uploads\/oneclickbuy-bybit-1.png\" alt=\"vienu paspaudimu nusipirkti bybit\" width=\"1429\" height=\"792\" srcset=\"https:\/\/coinkickoff.com\/wp-content\/uploads\/oneclickbuy-bybit-1.png 1429w, https:\/\/coinkickoff.com\/wp-content\/uploads\/oneclickbuy-bybit-1-300x166.png 300w, https:\/\/coinkickoff.com\/wp-content\/uploads\/oneclickbuy-bybit-1-1024x568.png 1024w, https:\/\/coinkickoff.com\/wp-content\/uploads\/oneclickbuy-bybit-1-768x426.png 768w, https:\/\/coinkickoff.com\/wp-content\/uploads\/oneclickbuy-bybit-1-18x10.png 18w\" sizes=\"auto, (max-width: 1429px) 100vw, 1429px\" \/>Pirkimo \/ pardavimo puslapyje pasirinkite kriptovaliut\u0105, kuri\u0105 norite pirkti, ir \u012fveskite pinig\u0173 sum\u0105, kuri\u0105 norite i\u0161leisti. Skai\u010diuokl\u0117 automati\u0161kai parodys, kiek DOGE gausite mainais u\u017e savo dolerius.<\/span><\/p>\n<p><span style=\"font-weight: 400;\">Galiausiai pasirinkite mok\u0117jimo b\u016bd\u0105 fiat balansas ir spustel\u0117kite \"Pirkti su USD\".<\/span><\/p>\n<p><span style=\"font-weight: 400;\">Sveikiname!<\/span><\/p>\n<p>Jei norite pirkti Dogecoin arba kit\u0105 skaitmenin\u012f turt\u0105 \u012fvairiose bir\u017eose, apsilankykite m\u016bs\u0173\u00a0<a href=\"https:\/\/coinkickoff.com\/lt\/crypto-exchanges\/\">ap\u017evalgos geriausi\u0173 22 cryptocurrency mainai<\/a>\u00a0ir a\u0161tuonias kitas alternatyvas.<\/p>","protected":false},"excerpt":{"rendered":"<p>Kaip nusipirkti Dogecoin \"Bybit\" Nors Dogecoin n\u0117ra labai stabilus ar itin naudingas skaitmeninis turtas, jis yra gana \u017einomas d\u0117l savo juokingo, \u012f mem\u0105 pana\u0161aus pob\u016bd\u017eio. J\u012f taip pat gana lengva \u012fsigyti, nes galite rasti beveik bet kurioje bir\u017eoje.  DOGE pasi\u016bla yra beveik begalin\u0117, tod\u0117l j\u012f galite \u012fsigyti u\u017e [...]<\/p>","protected":false},"author":3,"featured_media":1199,"parent":3196,"menu_order":0,"comment_status":"closed","ping_status":"closed","template":"","meta":{"_genesis_hide_title":false,"_genesis_hide_breadcrumbs":false,"_genesis_hide_singular_image":false,"_genesis_hide_footer_widgets":false,"_genesis_custom_body_class":"","_genesis_custom_post_class":"","_genesis_layout":"","_glsr_average":0,"_glsr_ranking":0,"_glsr_reviews":0,"footnotes":""},"class_list":{"0":"post-3203","1":"page","2":"type-page","3":"status-publish","4":"has-post-thumbnail","6":"entry"},"featured_image_src":"https:\/\/coinkickoff.com\/wp-content\/uploads\/bybit-homepage-600x400.png","featured_image_src_square":"https:\/\/coinkickoff.com\/wp-content\/uploads\/bybit-homepage-600x600.png","_links":{"self":[{"href":"https:\/\/coinkickoff.com\/lt\/wp-json\/wp\/v2\/pages\/3203","targetHints":{"allow":["GET"]}}],"collection":[{"href":"https:\/\/coinkickoff.com\/lt\/wp-json\/wp\/v2\/pages"}],"about":[{"href":"https:\/\/coinkickoff.com\/lt\/wp-json\/wp\/v2\/types\/page"}],"author":[{"embeddable":true,"href":"https:\/\/coinkickoff.com\/lt\/wp-json\/wp\/v2\/users\/3"}],"replies":[{"embeddable":true,"href":"https:\/\/coinkickoff.com\/lt\/wp-json\/wp\/v2\/comments?post=3203"}],"version-history":[{"count":5,"href":"https:\/\/coinkickoff.com\/lt\/wp-json\/wp\/v2\/pages\/3203\/revisions"}],"predecessor-version":[{"id":4490,"href":"https:\/\/coinkickoff.com\/lt\/wp-json\/wp\/v2\/pages\/3203\/revisions\/4490"}],"up":[{"embeddable":true,"href":"https:\/\/coinkickoff.com\/lt\/wp-json\/wp\/v2\/pages\/3196"}],"wp:featuredmedia":[{"embeddable":true,"href":"https:\/\/coinkickoff.com\/lt\/wp-json\/wp\/v2\/media\/1199"}],"wp:attachment":[{"href":"https:\/\/coinkickoff.com\/lt\/wp-json\/wp\/v2\/media?parent=3203"}],"curies":[{"name":"wp","href":"https:\/\/api.w.org\/{rel}","templated":true}]}}