{"id":3196,"date":"2026-01-08T14:07:36","date_gmt":"2026-01-08T14:07:36","guid":{"rendered":"https:\/\/coinkickoff.com\/?page_id=3196"},"modified":"2026-01-08T14:07:36","modified_gmt":"2026-01-08T14:07:36","slug":"how-to-buy-dogecoin","status":"publish","type":"page","link":"https:\/\/coinkickoff.com\/lt\/how-to-buy-dogecoin\/","title":{"rendered":"Kaip \u012fsigyti Dogecoin (DOGE)"},"content":{"rendered":"<p><span style=\"font-weight: 400;\"><img loading=\"lazy\" decoding=\"async\" class=\"aligncenter wp-image-155 size-full\" src=\"https:\/\/coinkickoff.com\/wp-content\/uploads\/2022\/06\/Dogecoin-DOGE.jpg\" alt=\"kaip pirkti dogecoin\" width=\"1000\" height=\"800\" srcset=\"https:\/\/coinkickoff.com\/wp-content\/uploads\/2022\/06\/Dogecoin-DOGE.jpg 1000w, https:\/\/coinkickoff.com\/wp-content\/uploads\/2022\/06\/Dogecoin-DOGE-300x240.jpg 300w, https:\/\/coinkickoff.com\/wp-content\/uploads\/2022\/06\/Dogecoin-DOGE-768x614.jpg 768w, https:\/\/coinkickoff.com\/wp-content\/uploads\/2022\/06\/Dogecoin-DOGE-15x12.jpg 15w\" sizes=\"auto, (max-width: 1000px) 100vw, 1000px\" \/>Jei norite \u012fsigyti <a href=\"https:\/\/coinkickoff.com\/lt\/dogecoin-doge\/\" data-internallinksmanager029f6b8e52c=\"14\" title=\"Kas yra Dogecoin (DOGE)? Kaip jis veikia ir kur j\u012f \u012fsigyti?\">Dogecoin<\/a> ir ne\u017einote, nuo ko prad\u0117ti, esate tinkamoje vietoje. Mes jums parodysime, kaip ir kur \u012fsigyti DOGE, pateikdami \u017eingsnis po \u017eingsnio instrukcijas.<\/span><\/p>\n<div id=\"ez-toc-container\" class=\"ez-toc-v2_0_80 counter-hierarchy ez-toc-counter ez-toc-transparent ez-toc-container-direction\">\n<div class=\"ez-toc-title-container\">\n<p class=\"ez-toc-title\" style=\"cursor:inherit\">Skyriai<\/p>\n<span class=\"ez-toc-title-toggle\"><a href=\"#\" class=\"ez-toc-pull-right ez-toc-btn ez-toc-btn-xs ez-toc-btn-default ez-toc-toggle\" aria-label=\"Perjungti turinio lentel\u0119\"><span class=\"ez-toc-js-icon-con\"><span class=\"\"><span class=\"eztoc-hide\" style=\"display:none;\">Perjungti<\/span><span class=\"ez-toc-icon-toggle-span\"><svg style=\"fill: #999;color:#999\" xmlns=\"http:\/\/www.w3.org\/2000\/svg\" class=\"list-377408\" width=\"20px\" height=\"20px\" viewbox=\"0 0 24 24\" fill=\"none\"><path d=\"M6 6H4v2h2V6zm14 0H8v2h12V6zM4 11h2v2H4v-2zm16 0H8v2h12v-2zM4 16h2v2H4v-2zm16 0H8v2h12v-2z\" fill=\"currentColor\"><\/path><\/svg><svg style=\"fill: #999;color:#999\" class=\"arrow-unsorted-368013\" xmlns=\"http:\/\/www.w3.org\/2000\/svg\" width=\"10px\" height=\"10px\" viewbox=\"0 0 24 24\" version=\"1.2\" baseprofile=\"tiny\"><path d=\"M18.2 9.3l-6.2-6.3-6.2 6.3c-.2.2-.3.4-.3.7s.1.5.3.7c.2.2.4.3.7.3h11c.3 0 .5-.1.7-.3.2-.2.3-.5.3-.7s-.1-.5-.3-.7zM5.8 14.7l6.2 6.3 6.2-6.3c.2-.2.3-.5.3-.7s-.1-.5-.3-.7c-.2-.2-.4-.3-.7-.3h-11c-.3 0-.5.1-.7.3-.2.2-.3.5-.3.7s.1.5.3.7z\"\/><\/svg><\/span><\/span><\/span><\/a><\/span><\/div>\n<nav><ul class='ez-toc-list ez-toc-list-level-1 eztoc-toggle-hide-by-default' ><li class='ez-toc-page-1 ez-toc-heading-level-2'><a class=\"ez-toc-link ez-toc-heading-1\" href=\"https:\/\/coinkickoff.com\/lt\/how-to-buy-dogecoin\/#What_Is_Dogecoin\" >Kas yra Dogecoin?<\/a><\/li><li class='ez-toc-page-1 ez-toc-heading-level-2'><a class=\"ez-toc-link ez-toc-heading-2\" href=\"https:\/\/coinkickoff.com\/lt\/how-to-buy-dogecoin\/#Where_Can_I_Buy_Dogecoin\" >Kur galima \u012fsigyti Dogecoin?<\/a><\/li><li class='ez-toc-page-1 ez-toc-heading-level-2'><a class=\"ez-toc-link ez-toc-heading-3\" href=\"https:\/\/coinkickoff.com\/lt\/how-to-buy-dogecoin\/#How_to_Buy_Dogecoin\" >Kaip \u012fsigyti Dogecoin<\/a><ul class='ez-toc-list-level-3' ><li class='ez-toc-heading-level-3'><a class=\"ez-toc-link ez-toc-heading-4\" href=\"https:\/\/coinkickoff.com\/lt\/how-to-buy-dogecoin\/#Choose_Your_Exchange\" >Pasirinkite bir\u017e\u0105<\/a><\/li><li class='ez-toc-page-1 ez-toc-heading-level-3'><a class=\"ez-toc-link ez-toc-heading-5\" href=\"https:\/\/coinkickoff.com\/lt\/how-to-buy-dogecoin\/#Buy_DOGE\" >Pirkti DOGE<\/a><\/li><li class='ez-toc-page-1 ez-toc-heading-level-3'><a class=\"ez-toc-link ez-toc-heading-6\" href=\"https:\/\/coinkickoff.com\/lt\/how-to-buy-dogecoin\/#Store_Your_DOGE\" >Saugoti savo DOGE<\/a><ul class='ez-toc-list-level-4' ><li class='ez-toc-heading-level-4'><a class=\"ez-toc-link ez-toc-heading-7\" href=\"https:\/\/coinkickoff.com\/lt\/how-to-buy-dogecoin\/#Exchange_Wallet\" >Main\u0173 pinigin\u0117<\/a><\/li><li class='ez-toc-page-1 ez-toc-heading-level-4'><a class=\"ez-toc-link ez-toc-heading-8\" href=\"https:\/\/coinkickoff.com\/lt\/how-to-buy-dogecoin\/#Self-Custody_Hot_Wallets\" >Savaranki\u0161kai saugomos kar\u0161tos pinigin\u0117s<\/a><\/li><li class='ez-toc-page-1 ez-toc-heading-level-4'><a class=\"ez-toc-link ez-toc-heading-9\" href=\"https:\/\/coinkickoff.com\/lt\/how-to-buy-dogecoin\/#Cold_Wallets\" >\u0160altos pinigin\u0117s<\/a><\/li><\/ul><\/li><\/ul><\/li><\/ul><\/nav><\/div>\n<h2><span class=\"ez-toc-section\" id=\"What_Is_Dogecoin\"><\/span><span style=\"font-weight: 400;\">Kas yra Dogecoin?<\/span><span class=\"ez-toc-section-end\"><\/span><\/h2>\n<p><span style=\"font-weight: 400;\">Galb\u016bt esate gird\u0117j\u0119, kad \u017emon\u0117s vadina <\/span><a href=\"https:\/\/coinkickoff.com\/lt\/dogecoin-doge\/\"><span style=\"font-weight: 400;\">Dogecoin<\/span><\/a><span style=\"font-weight: 400;\"> kaip meme coin. Tai tiesa: Dogecoin \u012fk\u016br\u0117jus Billy Marcus\u0105 ir Jackson\u0105 Palmer\u012f \u012fkv\u0117p\u0117 <\/span><a href=\"https:\/\/knowyourmeme.com\/memes\/doge\" target=\"_blank\" rel=\"noopener\"><span style=\"font-weight: 400;\">memas su Shiba Inu \u0161unimi<\/span><\/a><span style=\"font-weight: 400;\"> ir paleido Dogecoin pirmiausia kaip pok\u0161t\u0105.<\/span><\/p>\n<p><span style=\"font-weight: 400;\">coin tapo populiarus d\u0117l \"Reddit\" sukelto a\u017eiota\u017eo po to, kai patrauk\u0117 \"Tesla\" generalinio direktoriaus Elono Musko d\u0117mes\u012f, kuris <\/span><a href=\"https:\/\/uk.finance.yahoo.com\/news\/dogecoin-elon-musk-tweet-reddit-100947312.html\" target=\"_blank\" rel=\"noopener\"><span style=\"font-weight: 400;\">tviteryje ra\u0161oma apie coin 2021 m.<\/span><\/a><span style=\"font-weight: 400;\">. D\u0117l E. Musko dalyvavimo DOGE kainos trumpam pakilo, ta\u010diau netrukus \u0161is turtas prarado did\u017ei\u0105j\u0105 dal\u012f savo vert\u0117s.<\/span><\/p>\n<p><img loading=\"lazy\" decoding=\"async\" class=\"alignnone size-medium\" src=\"https:\/\/coinkickoff.com\/wp-content\/uploads\/1612461300-elon-musk-lion-king.jpg\" alt=\"ELON MUSK DOGE\" width=\"675\" height=\"380\" \/><\/p>\n<p><span style=\"font-weight: 400;\">Dogecoin i\u0161 tikr\u0173j\u0173 n\u0117ra tinkama naudoti: tai n\u0117ra puikus b\u016bdas perduoti vert\u0119, pvz. <\/span><a href=\"https:\/\/coinkickoff.com\/lt\/tether-usdt\/\"><span style=\"font-weight: 400;\">stablecoins<\/span><\/a><span style=\"font-weight: 400;\">, nes kainos n\u0117ra stabilios. Jos pasi\u016bla yra begalin\u0117 (skirtingai nei, pvz, <\/span><a href=\"https:\/\/coinkickoff.com\/lt\/bitcoin-btc\/\"><span style=\"font-weight: 400;\">Bitcoin<\/span><\/a><span style=\"font-weight: 400;\">), tod\u0117l laikui b\u0117gant jis netampa ma\u017eiau prieinamas ar vertingesnis.\u00a0<\/span><\/p>\n<p><span style=\"font-weight: 400;\">Rinkoje yra milijardai DOGE, o Dogecoin i\u0161lieka viena did\u017eiausi\u0173 kriptovaliut\u0173 coins pagal rinkos vert\u0119, ta\u010diau tai nerei\u0161kia pinigin\u0117s vert\u0117s.<\/span><\/p>\n<p><img loading=\"lazy\" decoding=\"async\" class=\"alignnone wp-image-3198 size-full\" src=\"https:\/\/coinkickoff.com\/wp-content\/uploads\/dogemarketcap.png\" alt=\"doge rinkos kapitalizacija\" width=\"977\" height=\"573\" srcset=\"https:\/\/coinkickoff.com\/wp-content\/uploads\/dogemarketcap.png 977w, https:\/\/coinkickoff.com\/wp-content\/uploads\/dogemarketcap-300x176.png 300w, https:\/\/coinkickoff.com\/wp-content\/uploads\/dogemarketcap-768x450.png 768w, https:\/\/coinkickoff.com\/wp-content\/uploads\/dogemarketcap-18x12.png 18w\" sizes=\"auto, (max-width: 977px) 100vw, 977px\" \/><\/p>\n<p><span style=\"font-weight: 400;\">coin galima i\u0161gauti labai daug, tod\u0117l jis vis d\u0117lto n\u0117ra toks vertingas. Retkar\u010diais pasitaiko trump\u0173 jo kainos \u0161uoli\u0173, da\u017eniausiai d\u0117l toki\u0173 \u012f\u017eymybi\u0173 kaip E. Muskas neatsargi\u0173 pasisakym\u0173.<\/span><\/p>\n<p><img loading=\"lazy\" decoding=\"async\" class=\"alignnone wp-image-3197 size-full\" src=\"https:\/\/coinkickoff.com\/wp-content\/uploads\/doge-price.png\" alt=\"DOGE kaina\" width=\"973\" height=\"559\" srcset=\"https:\/\/coinkickoff.com\/wp-content\/uploads\/doge-price.png 973w, https:\/\/coinkickoff.com\/wp-content\/uploads\/doge-price-300x172.png 300w, https:\/\/coinkickoff.com\/wp-content\/uploads\/doge-price-768x441.png 768w, https:\/\/coinkickoff.com\/wp-content\/uploads\/doge-price-18x10.png 18w\" sizes=\"auto, (max-width: 973px) 100vw, 973px\" \/><\/p>\n<p><span style=\"font-weight: 400;\">Apskritai, j\u012f galima pavadinti pok\u0161tu coin.<\/span><\/p>\n<h2><span class=\"ez-toc-section\" id=\"Where_Can_I_Buy_Dogecoin\"><\/span><span style=\"font-weight: 400;\">Kur galima \u012fsigyti Dogecoin?<\/span><span class=\"ez-toc-section-end\"><\/span><\/h2>\n<p><span style=\"font-weight: 400;\">Galite \u012fsigyti Dogecoin daugumoje <a href=\"https:\/\/coinkickoff.com\/lt\/crypto-exchanges\/\" data-internallinksmanager029f6b8e52c=\"141\" title=\"21 Geriausios kriptovaliut\u0173 keityklos ir programos 2024 m.\">kriptovaliut\u0173 mainai<\/a>. <\/span><a href=\"https:\/\/coinmarketcap.com\/currencies\/dogecoin\/\" target=\"_blank\" rel=\"noopener\"><span style=\"font-weight: 400;\">\"Doge\" yra 16-oji pagal dyd\u012f kriptovaliuta<\/span><\/a><span style=\"font-weight: 400;\"> pagal rinkos kapitalizacij\u0105, tod\u0117l j\u0105 paprastai galima \u012fsigyti populiariose bir\u017eose.<\/span><\/p>\n<p><img loading=\"lazy\" decoding=\"async\" class=\"alignnone wp-image-3199 size-full\" src=\"https:\/\/coinkickoff.com\/wp-content\/uploads\/doge-on-binance.png\" alt=\"DOGE ant Binance\" width=\"1366\" height=\"584\" srcset=\"https:\/\/coinkickoff.com\/wp-content\/uploads\/doge-on-binance.png 1366w, https:\/\/coinkickoff.com\/wp-content\/uploads\/doge-on-binance-300x128.png 300w, https:\/\/coinkickoff.com\/wp-content\/uploads\/doge-on-binance-1024x438.png 1024w, https:\/\/coinkickoff.com\/wp-content\/uploads\/doge-on-binance-768x328.png 768w, https:\/\/coinkickoff.com\/wp-content\/uploads\/doge-on-binance-18x8.png 18w\" sizes=\"auto, (max-width: 1366px) 100vw, 1366px\" \/><\/p>\n<p><span style=\"font-weight: 400;\">Galite \u012fsigyti DOGE su fiat valiutomis centralizuotose kriptovaliut\u0173 bir\u017eose, pvz. <\/span><a href=\"https:\/\/coinkickoff.com\/lt\/coinbase-review\/\"><span style=\"font-weight: 400;\">Coinbase<\/span><\/a><span style=\"font-weight: 400;\">, <\/span><a href=\"https:\/\/coinkickoff.com\/lt\/binance-review\/\"><span style=\"font-weight: 400;\">Binance<\/span><\/a><span style=\"font-weight: 400;\">, <\/span><a href=\"https:\/\/coinkickoff.com\/lt\/kraken-review\/\"><span style=\"font-weight: 400;\">Krakenas<\/span><\/a><span style=\"font-weight: 400;\">, ir <\/span><a href=\"https:\/\/coinkickoff.com\/lt\/etoro-review\/\"><span style=\"font-weight: 400;\">eToro<\/span><\/a><span style=\"font-weight: 400;\">.<\/span><\/p>\n<p><span style=\"font-weight: 400;\">Jei jau turite kriptovaliut\u0173, taip pat galite \u012fsigyti DOGE ir kito skaitmeninio turto decentralizuotose bir\u017eose, pvz. <\/span><a href=\"https:\/\/www.sushi.com\/\" target=\"_blank\" rel=\"noopener\"><span style=\"font-weight: 400;\">SushiSwap<\/span><\/a><span style=\"font-weight: 400;\"> arba <\/span><a href=\"https:\/\/uniswap.org\/\" target=\"_blank\" rel=\"noopener\"><span style=\"font-weight: 400;\">Uniswap<\/span><\/a><span style=\"font-weight: 400;\">. \u0160ios bir\u017eos palengvina tarpusavio sandorius be tarpinink\u0173.<\/span><\/p>\n<p><span style=\"font-weight: 400;\">Nors jos da\u017enai yra pigesn\u0117s nei centralizuotos bir\u017eos, jose gali b\u016bti sunkiau orientuotis ir jos nelabai tinka pradedantiesiems. \u017dinoma, galite lengvai i\u0161mokti naudotis decentralizuota bir\u017ea, jei tam skirsite \u0161iek tiek laiko.<\/span><\/p>\n<h2><span class=\"ez-toc-section\" id=\"How_to_Buy_Dogecoin\"><\/span><span style=\"font-weight: 400;\">Kaip \u012fsigyti Dogecoin<\/span><span class=\"ez-toc-section-end\"><\/span><\/h2>\n<p><span style=\"font-weight: 400;\">Bet koki\u0105 kriptovaliut\u0105, \u012fskaitant Dogecoin, galima \u012fsigyti trimis etapais. Pirma, nuspr\u0119skite, koki\u0105 bir\u017e\u0105 norite naudoti. Tada apsvarstykite, kur saugoti savo kriptovaliut\u0105. Pri\u0117m\u0119 \u0161\u012f sprendim\u0105, eikite \u012f priek\u012f ir pirkite DOGE.\u00a0<\/span><\/p>\n<p><span style=\"font-weight: 400;\">\u010cia pateikiamas i\u0161samesnis metodas visi\u0161kai pradedantiesiems:<\/span><\/p>\n<h3><span class=\"ez-toc-section\" id=\"Choose_Your_Exchange\"><\/span><span style=\"font-weight: 400;\">Pasirinkite bir\u017e\u0105<\/span><span class=\"ez-toc-section-end\"><\/span><\/h3>\n<p><span style=\"font-weight: 400;\">Skirtingos bir\u017eos si\u016blo skirtingas funkcijas ir turi skirting\u0105 kriptovaliut\u0173 prieinamum\u0105 bei mokes\u010dius. Prie\u0161 priimdami sprendim\u0105, galite palyginti kai kurias \u017einomiausias bir\u017eas ir i\u0161siai\u0161kinti, kuri labiausiai atitinka j\u016bs\u0173 poreikius.<\/span><\/p>\n<p><span style=\"font-weight: 400;\">Pavyzd\u017eiui, <a href=\"https:\/\/coinkickoff.com\/lt\/coinbase-review\/\" data-internallinksmanager029f6b8e52c=\"142\" title=\"Coinbase Atsiliepimai 2024: Funkcijos, mokes\u010diai, saugumas, privalumai ir tr\u016bkumai\">Coinbase<\/a> ir <a href=\"https:\/\/coinkickoff.com\/lt\/binance-review\/\" data-internallinksmanager029f6b8e52c=\"152\" title=\"Binance Atsiliepimai 2024: Funkcijos, mokes\u010diai, saugumas, privalumai ir tr\u016bkumai\">Binance<\/a> JAV abi si\u016blo pana\u0161\u0173 skaitmenin\u012f turt\u0105 (\u012fskaitant DOGE), ta\u010diau Binance si\u016blo ma\u017eesnius mokes\u010dius. Ta\u010diau Coinbase laikomas saugesniu ir draugi\u0161kesniu pradedantiesiems. Prie\u0161 priimdami sprendim\u0105 d\u0117l platformos atlikite tyrim\u0105, nes kriptovaliutos gali b\u016bti rizikinga investicija.<\/span><\/p>\n<p><span style=\"font-weight: 400;\">Galite per\u017ei\u016br\u0117ti m\u016bs\u0173 main\u0173 ap\u017evalgos vadov\u0105, kuriame i\u0161samiau ap\u017evelgiama <\/span><a href=\"https:\/\/coinkickoff.com\/lt\/crypto-exchanges\/\"><span style=\"font-weight: 400;\">populiariausi kriptovaliut\u0173 mainai<\/span><\/a><span style=\"font-weight: 400;\">.<\/span><\/p>\n<h3><span class=\"ez-toc-section\" id=\"Buy_DOGE\"><\/span><span style=\"font-weight: 400;\">Pirkti DOGE<\/span><span class=\"ez-toc-section-end\"><\/span><\/h3>\n<p><span style=\"font-weight: 400;\">Pasirink\u0119 platform\u0105, eikite ir u\u017esiregistruokite. Dauguma centralizuot\u0173 kriptovaliut\u0173 bir\u017e\u0173 leid\u017eia \u012fsigyti kriptovaliut\u0173 u\u017e fiat valiut\u0105 (pvz., USD arba EUR). Prie platformos galite prijungti savo banko s\u0105skait\u0105 ir pervesti pinigus \u012f bir\u017eos s\u0105skait\u0105.<\/span><\/p>\n<p><img loading=\"lazy\" decoding=\"async\" class=\"alignnone wp-image-3201 size-full\" src=\"https:\/\/coinkickoff.com\/wp-content\/uploads\/buy-doge-on-binance-1.png\" alt=\"pirkti doge binance\" width=\"1432\" height=\"802\" srcset=\"https:\/\/coinkickoff.com\/wp-content\/uploads\/buy-doge-on-binance-1.png 1432w, https:\/\/coinkickoff.com\/wp-content\/uploads\/buy-doge-on-binance-1-300x168.png 300w, https:\/\/coinkickoff.com\/wp-content\/uploads\/buy-doge-on-binance-1-1024x573.png 1024w, https:\/\/coinkickoff.com\/wp-content\/uploads\/buy-doge-on-binance-1-768x430.png 768w, https:\/\/coinkickoff.com\/wp-content\/uploads\/buy-doge-on-binance-1-18x10.png 18w\" sizes=\"auto, (max-width: 1432px) 100vw, 1432px\" \/><\/p>\n<p><span style=\"font-weight: 400;\">Kai kuriose bir\u017eose taip pat galite pirkti kriptovaliutas kredito kortel\u0117mis, debeto kortel\u0117mis, \"PayPal\", \"Google Pay\" ir \"Apple Pay\". Jei turite s\u0105skait\u0105 bir\u017eoje arba kito skaitmeninio turto, taip pat galite j\u012f i\u0161keisti \u012f DOGE.<\/span><\/p>\n<p><span style=\"font-weight: 400;\">Kai kurios bir\u017eos leis jums \u012fsigyti DOGE tiesiogiai su fiat, o kitos gali si\u016blyti tik stabil\u0173coins, pvz. <a href=\"https:\/\/coinkickoff.com\/lt\/tether-usdt\/\" data-internallinksmanager029f6b8e52c=\"3\" title=\"Kas yra Tether (USDT)? Kaip jis veikia ir kur j\u012f \u012fsigyti?\">USDT<\/a> arba <a href=\"https:\/\/coinkickoff.com\/lt\/usd-coin-usdc\/\" data-internallinksmanager029f6b8e52c=\"8\" title=\"Kas yra USD Coin (USDC)? Kaip jis veikia ir kur j\u012f \u012fsigyti?\">USDC<\/a>. Tokiais atvejais pirmiausia turite nusipirkti stabil\u0173coin ir tada j\u012f i\u0161keisti \u012f DOGE.<\/span><\/p>\n<h3><span class=\"ez-toc-section\" id=\"Store_Your_DOGE\"><\/span><span style=\"font-weight: 400;\">Saugoti savo DOGE<\/span><span class=\"ez-toc-section-end\"><\/span><\/h3>\n<p><span style=\"font-weight: 400;\">\u012esigij\u0119 DOGE turite nuspr\u0119sti, kur j\u012f laikyti. Tam turite kelias galimybes.<\/span><\/p>\n<h4><span class=\"ez-toc-section\" id=\"Exchange_Wallet\"><\/span><span style=\"font-weight: 400;\">Main\u0173 pinigin\u0117<\/span><span class=\"ez-toc-section-end\"><\/span><\/h4>\n<p><span style=\"font-weight: 400;\">Kai perkate kriptovaliut\u0105 bir\u017eoje, j\u016bs\u0173 turtas automati\u0161kai saugomas bir\u017eos pinigin\u0117je. \u0160ios pinigin\u0117s vadinamos saugomomis pinigin\u0117mis, nes platformos jas kontroliuoja ir valdo.<\/span><\/p>\n<p><span style=\"font-weight: 400;\">Nors pinigin\u0117je esan\u010diu turtu galite prekiauti per savo bir\u017eos paskyr\u0105, jo visi\u0161kai nekontroliuojate. Jei bir\u017ea patiria atak\u0105 arba bankrutuoja, j\u016bs\u0173 turtas gali b\u016bti prarastas visiems laikams.<\/span><\/p>\n<h4><span class=\"ez-toc-section\" id=\"Self-Custody_Hot_Wallets\"><\/span><span style=\"font-weight: 400;\">Savaranki\u0161kai saugomos kar\u0161tos pinigin\u0117s<\/span><span class=\"ez-toc-section-end\"><\/span><\/h4>\n<p><span style=\"font-weight: 400;\">Rinkoje yra kelios savaranki\u0161kai saugomos kar\u0161tos pinigin\u0117s: Kai kurios i\u0161 j\u0173 yra programin\u0117s pinigin\u0117s, kurias galite atsisi\u0173sti \u012f savo mobiliuosius \u012frenginius ir kompiuterius, o kitomis galima naudotis per nar\u0161ykles. Kar\u0161tosiomis pinigin\u0117mis jos vadinamos tod\u0117l, kad per j\u016bs\u0173 \u012frengin\u012f (kompiuter\u012f arba mobil\u0173j\u012f \u012frengin\u012f) yra prijungtos prie interneto.\u00a0<\/span><\/p>\n<p><span style=\"font-weight: 400;\">Nors savaranki\u0161kai saugomos pinigin\u0117s leid\u017eia visi\u0161kai kontroliuoti savo turt\u0105, jos taip pat yra pa\u017eeid\u017eiamos d\u0117l saugumo pa\u017eeidim\u0173 ir da\u017enai tampa programi\u0161i\u0173 taikiniu. Jei neturite daug \u017eini\u0173, kaip apsaugoti prie interneto prijungtus \u012frenginius nuo kenk\u0117ji\u0161k\u0173 program\u0173 ir bandym\u0173 \u012fsilau\u017eti, laikydami l\u0117\u0161as savadarb\u0117je pinigin\u0117je galite kelti pavoj\u0173.<\/span><\/p>\n<h4><span class=\"ez-toc-section\" id=\"Cold_Wallets\"><\/span><span style=\"font-weight: 400;\">\u0160altos pinigin\u0117s<\/span><span class=\"ez-toc-section-end\"><\/span><\/h4>\n<p><span style=\"font-weight: 400;\">\u0160altosios pinigin\u0117s paprastai laikomos saugiausia kriptovaliut\u0173 saugojimo galimybe. Jos neprijungtos prie interneto, tod\u0117l yra atsparios bandymams \u012fsilau\u017eti. \u0160altoji pinigin\u0117 gali b\u016bti popierin\u0117 arba aparatin\u0117 pinigin\u0117.<\/span><\/p>\n<p><span style=\"font-weight: 400;\">Popierin\u0117 pinigin\u0117 - tai tiesiog popieriaus lapas, kuriame yra j\u016bs\u0173 privatus raktas, leid\u017eiantis pasiekti l\u0117\u0161as per pinigin\u0117s s\u0105saj\u0105. Ta\u010diau popierin\u0117mis pinigin\u0117mis gali b\u016bti sunku naudotis ir jos netinka, jei norite lengvai prekiauti savo turtu.<\/span><\/p>\n<p><span style=\"font-weight: 400;\">Aparatin\u0117s pinigin\u0117s - tai \u012f USB pana\u0161\u016bs \u012frenginiai, kuriuose saugomi privat\u016bs raktai. Kadangi \u012frenginys n\u0117ra tiesiogiai prijungtas prie interneto, \u012f j\u012f negalima \u012fsilau\u017eti. <\/span><a href=\"https:\/\/trezor.io\/\" target=\"_blank\" rel=\"noopener\"><span style=\"font-weight: 400;\">Trezor<\/span><\/a><span style=\"font-weight: 400;\"> ir <\/span><a href=\"https:\/\/www.ledger.com\/\" target=\"_blank\" rel=\"noopener\"><span style=\"font-weight: 400;\">Did\u017eioji knyga<\/span><\/a><span style=\"font-weight: 400;\"> yra du technin\u0117s \u012frangos pinigini\u0173 gamintojai, laikomi geriausiais versle. Abi \u012fmon\u0117s si\u016blo kelet\u0105 aparatini\u0173 pinigini\u0173 kriptovaliutoms saugoti, nors jos gali b\u016bti gana brangios.<\/span><\/p>\n<p><span style=\"font-weight: 400;\">Jei prekiaujate atsitiktinai ir nedidel\u0117mis sumomis, aparatin\u0117s pinigin\u0117s \u012fsigijimas gali b\u016bti perteklinis. Ta\u010diau jei vertinate saugum\u0105, \u012fsigyti aparatin\u0119 pinigin\u0119 yra geriausias ilgalaikis pasirinkimas.\u00a0\u00a0<\/span><\/p>\n<p>Taip pat \u017er. Kaip \u012fsigyti Dogecoin (DOGE):<\/p>\n<p><a href=\"https:\/\/coinkickoff.com\/lt\/how-to-buy-dogecoin\/how-to-buy-dogecoin-on-coinbase\/\">Coinbase<\/a><br \/>\n<a href=\"https:\/\/coinkickoff.com\/lt\/how-to-buy-dogecoin\/how-to-buy-dogecoin-on-kraken\/\">Krakenas<\/a><br \/>\n<a href=\"https:\/\/coinkickoff.com\/lt\/how-to-buy-dogecoin\/how-to-buy-dogecoin-on-binance\/\">Binance<\/a><br \/>\n<a href=\"https:\/\/coinkickoff.com\/lt\/how-to-buy-dogecoin\/how-to-buy-dogecoin-on-bitmart\/\">Bitmart<\/a><br \/>\n<a href=\"https:\/\/coinkickoff.com\/lt\/how-to-buy-dogecoin\/how-to-buy-dogecoin-on-bybit\/\">Bybit<\/a><br \/>\n<a href=\"https:\/\/coinkickoff.com\/lt\/how-to-buy-dogecoin\/how-to-buy-dogecoin-on-gate-io\/\">Gate.io<\/a><br \/>\n<a href=\"https:\/\/coinkickoff.com\/lt\/how-to-buy-dogecoin\/how-to-buy-dogecoin-on-gemini\/\">Dvyniai<\/a><br \/>\n<a href=\"https:\/\/coinkickoff.com\/lt\/how-to-buy-dogecoin\/how-to-buy-dogecoin-on-kucoin\/\">Kucoin<\/a><br \/>\n<a href=\"https:\/\/coinkickoff.com\/lt\/how-to-buy-dogecoin\/how-to-buy-dogecoin-on-mexc\/\">MEXC<\/a><br \/>\n<a href=\"https:\/\/coinkickoff.com\/lt\/how-to-buy-dogecoin\/how-to-buy-dogecoin-on-okx\/\">OKX<\/a><br \/>\n<a href=\"https:\/\/coinkickoff.com\/lt\/how-to-buy-dogecoin\/how-to-buy-dogecoin-on-poloniex\/\">Poloniex<\/a><\/p>","protected":false},"excerpt":{"rendered":"<p>Jei norite \u012fsigyti Dogecoin ir ne\u017einote, nuo ko prad\u0117ti, esate tinkamoje vietoje. Mes jums parodysime, kaip ir kur \u012fsigyti DOGE, pateikdami i\u0161samias instrukcijas \u017eingsnis po \u017eingsnio. Kas yra Dogecoin? Galb\u016bt gird\u0117jote, kad \u017emon\u0117s Dogecoin vadina memuaru coin. Tai tiesa: Dogecoin \u012fk\u016br\u0117jai Billy Marcusas ir Jacksonas Palmeris buvo [...]<\/p>","protected":false},"author":3,"featured_media":155,"parent":0,"menu_order":0,"comment_status":"closed","ping_status":"closed","template":"","meta":{"_genesis_hide_title":false,"_genesis_hide_breadcrumbs":false,"_genesis_hide_singular_image":false,"_genesis_hide_footer_widgets":false,"_genesis_custom_body_class":"","_genesis_custom_post_class":"","_genesis_layout":"","_glsr_average":0,"_glsr_ranking":0,"_glsr_reviews":0,"footnotes":""},"class_list":{"0":"post-3196","1":"page","2":"type-page","3":"status-publish","4":"has-post-thumbnail","6":"entry"},"featured_image_src":"https:\/\/coinkickoff.com\/wp-content\/uploads\/2022\/06\/Dogecoin-DOGE-600x400.jpg","featured_image_src_square":"https:\/\/coinkickoff.com\/wp-content\/uploads\/2022\/06\/Dogecoin-DOGE-600x600.jpg","_links":{"self":[{"href":"https:\/\/coinkickoff.com\/lt\/wp-json\/wp\/v2\/pages\/3196","targetHints":{"allow":["GET"]}}],"collection":[{"href":"https:\/\/coinkickoff.com\/lt\/wp-json\/wp\/v2\/pages"}],"about":[{"href":"https:\/\/coinkickoff.com\/lt\/wp-json\/wp\/v2\/types\/page"}],"author":[{"embeddable":true,"href":"https:\/\/coinkickoff.com\/lt\/wp-json\/wp\/v2\/users\/3"}],"replies":[{"embeddable":true,"href":"https:\/\/coinkickoff.com\/lt\/wp-json\/wp\/v2\/comments?post=3196"}],"version-history":[{"count":5,"href":"https:\/\/coinkickoff.com\/lt\/wp-json\/wp\/v2\/pages\/3196\/revisions"}],"predecessor-version":[{"id":4940,"href":"https:\/\/coinkickoff.com\/lt\/wp-json\/wp\/v2\/pages\/3196\/revisions\/4940"}],"wp:featuredmedia":[{"embeddable":true,"href":"https:\/\/coinkickoff.com\/lt\/wp-json\/wp\/v2\/media\/155"}],"wp:attachment":[{"href":"https:\/\/coinkickoff.com\/lt\/wp-json\/wp\/v2\/media?parent=3196"}],"curies":[{"name":"wp","href":"https:\/\/api.w.org\/{rel}","templated":true}]}}