{"id":4628,"date":"2026-01-08T14:08:02","date_gmt":"2026-01-08T14:08:02","guid":{"rendered":"https:\/\/coinkickoff.com\/?page_id=4628"},"modified":"2026-01-08T14:08:02","modified_gmt":"2026-01-08T14:08:02","slug":"how-are-bitcoin-slots-different","status":"publish","type":"page","link":"https:\/\/coinkickoff.com\/it\/bitcoin-casino\/how-are-bitcoin-slots-different\/","title":{"rendered":"In che modo le slot Bitcoin sono diverse dalle slot tradizionali del casin\u00f2?"},"content":{"rendered":"<p><em>Disclaimer: il gioco d'azzardo comporta un rischio finanziario significativo. Si prega di giocare solo con il denaro che ci si pu\u00f2 permettere di perdere. Le informazioni fornite di seguito sono solo a scopo informativo. Potremmo ricevere una commissione se vi iscrivete e perdete denaro in uno dei seguenti giochi d'azzardo <a href=\"https:\/\/coinkickoff.com\/it\/bitcoin-casino\/\" data-internallinksmanager029f6b8e52c=\"200\" title=\"3 Migliori casin\u00f2 cripto Bitcoin con bonus\">casin\u00f2<\/a>. Non tutti i casin\u00f2 sono disponibili in tutti i Paesi. Tutte le informazioni sono ritenute corrette al momento della pubblicazione, ma potrebbero essere cambiate in seguito.<\/em><\/p>\n<div id=\"ez-toc-container\" class=\"ez-toc-v2_0_80 counter-hierarchy ez-toc-counter ez-toc-transparent ez-toc-container-direction\">\n<div class=\"ez-toc-title-container\">\n<p class=\"ez-toc-title\" style=\"cursor:inherit\">Sezioni<\/p>\n<span class=\"ez-toc-title-toggle\"><a href=\"#\" class=\"ez-toc-pull-right ez-toc-btn ez-toc-btn-xs ez-toc-btn-default ez-toc-toggle\" aria-label=\"Allinea la tabella dei contenuti\"><span class=\"ez-toc-js-icon-con\"><span class=\"\"><span class=\"eztoc-hide\" style=\"display:none;\">Toggle<\/span><span class=\"ez-toc-icon-toggle-span\"><svg style=\"fill: #999;color:#999\" xmlns=\"http:\/\/www.w3.org\/2000\/svg\" class=\"list-377408\" width=\"20px\" height=\"20px\" viewbox=\"0 0 24 24\" fill=\"none\"><path d=\"M6 6H4v2h2V6zm14 0H8v2h12V6zM4 11h2v2H4v-2zm16 0H8v2h12v-2zM4 16h2v2H4v-2zm16 0H8v2h12v-2z\" fill=\"currentColor\"><\/path><\/svg><svg style=\"fill: #999;color:#999\" class=\"arrow-unsorted-368013\" xmlns=\"http:\/\/www.w3.org\/2000\/svg\" width=\"10px\" height=\"10px\" viewbox=\"0 0 24 24\" version=\"1.2\" baseprofile=\"tiny\"><path d=\"M18.2 9.3l-6.2-6.3-6.2 6.3c-.2.2-.3.4-.3.7s.1.5.3.7c.2.2.4.3.7.3h11c.3 0 .5-.1.7-.3.2-.2.3-.5.3-.7s-.1-.5-.3-.7zM5.8 14.7l6.2 6.3 6.2-6.3c.2-.2.3-.5.3-.7s-.1-.5-.3-.7c-.2-.2-.4-.3-.7-.3h-11c-.3 0-.5.1-.7.3-.2.2-.3.5-.3.7s.1.5.3.7z\"\/><\/svg><\/span><\/span><\/span><\/a><\/span><\/div>\n<nav><ul class='ez-toc-list ez-toc-list-level-1 eztoc-toggle-hide-by-default' ><li class='ez-toc-page-1 ez-toc-heading-level-2'><a class=\"ez-toc-link ez-toc-heading-1\" href=\"https:\/\/coinkickoff.com\/it\/bitcoin-casino\/how-are-bitcoin-slots-different\/#Overview_of_Bitcoin_Slots\" >Panoramica degli slot Bitcoin<\/a><ul class='ez-toc-list-level-3' ><li class='ez-toc-heading-level-3'><a class=\"ez-toc-link ez-toc-heading-2\" href=\"https:\/\/coinkickoff.com\/it\/bitcoin-casino\/how-are-bitcoin-slots-different\/#Definition_of_Bitcoin_Slots\" >Definizione degli slot Bitcoin<\/a><\/li><li class='ez-toc-page-1 ez-toc-heading-level-3'><a class=\"ez-toc-link ez-toc-heading-3\" href=\"https:\/\/coinkickoff.com\/it\/bitcoin-casino\/how-are-bitcoin-slots-different\/#Primary_Characteristics\" >Caratteristiche primarie<\/a><\/li><li class='ez-toc-page-1 ez-toc-heading-level-3'><a class=\"ez-toc-link ez-toc-heading-4\" href=\"https:\/\/coinkickoff.com\/it\/bitcoin-casino\/how-are-bitcoin-slots-different\/#Comparison_with_Traditional_Slots\" >Confronto con le slot tradizionali<\/a><\/li><\/ul><\/li><li class='ez-toc-page-1 ez-toc-heading-level-2'><a class=\"ez-toc-link ez-toc-heading-5\" href=\"https:\/\/coinkickoff.com\/it\/bitcoin-casino\/how-are-bitcoin-slots-different\/#Operational_Mechanisms\" >Meccanismi operativi<\/a><ul class='ez-toc-list-level-3' ><li class='ez-toc-heading-level-3'><a class=\"ez-toc-link ez-toc-heading-6\" href=\"https:\/\/coinkickoff.com\/it\/bitcoin-casino\/how-are-bitcoin-slots-different\/#Underlying_Technology\" >Tecnologia di base<\/a><\/li><li class='ez-toc-page-1 ez-toc-heading-level-3'><a class=\"ez-toc-link ez-toc-heading-7\" href=\"https:\/\/coinkickoff.com\/it\/bitcoin-casino\/how-are-bitcoin-slots-different\/#Random_Number_Generation\" >Generazione di numeri casuali<\/a><\/li><li class='ez-toc-page-1 ez-toc-heading-level-3'><a class=\"ez-toc-link ez-toc-heading-8\" href=\"https:\/\/coinkickoff.com\/it\/bitcoin-casino\/how-are-bitcoin-slots-different\/#Transaction_Process\" >Processo di transazione<\/a><\/li><\/ul><\/li><li class='ez-toc-page-1 ez-toc-heading-level-2'><a class=\"ez-toc-link ez-toc-heading-9\" href=\"https:\/\/coinkickoff.com\/it\/bitcoin-casino\/how-are-bitcoin-slots-different\/#User_Experience_and_Accessibility\" >Esperienza utente e accessibilit\u00e0<\/a><ul class='ez-toc-list-level-3' ><li class='ez-toc-heading-level-3'><a class=\"ez-toc-link ez-toc-heading-10\" href=\"https:\/\/coinkickoff.com\/it\/bitcoin-casino\/how-are-bitcoin-slots-different\/#Interface_and_Design_Differences\" >Differenze di interfaccia e design<\/a><\/li><li class='ez-toc-page-1 ez-toc-heading-level-3'><a class=\"ez-toc-link ez-toc-heading-11\" href=\"https:\/\/coinkickoff.com\/it\/bitcoin-casino\/how-are-bitcoin-slots-different\/#Payment_and_Withdrawal_Methods\" >Metodi di pagamento e prelievo<\/a><\/li><li class='ez-toc-page-1 ez-toc-heading-level-3'><a class=\"ez-toc-link ez-toc-heading-12\" href=\"https:\/\/coinkickoff.com\/it\/bitcoin-casino\/how-are-bitcoin-slots-different\/#Anonymity_and_Security\" >Anonimato e sicurezza<\/a><\/li><\/ul><\/li><li class='ez-toc-page-1 ez-toc-heading-level-2'><a class=\"ez-toc-link ez-toc-heading-13\" href=\"https:\/\/coinkickoff.com\/it\/bitcoin-casino\/how-are-bitcoin-slots-different\/#Frequently_Asked_Questions\" >Domande frequenti<\/a><ul class='ez-toc-list-level-3' ><li class='ez-toc-heading-level-3'><a class=\"ez-toc-link ez-toc-heading-14\" href=\"https:\/\/coinkickoff.com\/it\/bitcoin-casino\/how-are-bitcoin-slots-different\/#What_advantages_do_Bitcoin_slots_offer_over_traditional_slot_machines\" >Quali vantaggi offrono le slot Bitcoin rispetto alle slot machine tradizionali?<\/a><\/li><li class='ez-toc-page-1 ez-toc-heading-level-3'><a class=\"ez-toc-link ez-toc-heading-15\" href=\"https:\/\/coinkickoff.com\/it\/bitcoin-casino\/how-are-bitcoin-slots-different\/#How_do_crypto-based_slot_games_ensure_fairness\" >In che modo i giochi di slot basati su criptovalute garantiscono l'equit\u00e0?<\/a><\/li><li class='ez-toc-page-1 ez-toc-heading-level-3'><a class=\"ez-toc-link ez-toc-heading-16\" href=\"https:\/\/coinkickoff.com\/it\/bitcoin-casino\/how-are-bitcoin-slots-different\/#Can_players_use_Bitcoin_on_all_online_slot_platforms\" >I giocatori possono utilizzare l'Bitcoin su tutte le piattaforme di slot online?<\/a><\/li><li class='ez-toc-page-1 ez-toc-heading-level-3'><a class=\"ez-toc-link ez-toc-heading-17\" href=\"https:\/\/coinkickoff.com\/it\/bitcoin-casino\/how-are-bitcoin-slots-different\/#What_are_the_legal_implications_of_using_Bitcoin_for_gambling\" >Quali sono le implicazioni legali dell'utilizzo dell'Bitcoin per il gioco d'azzardo?<\/a><\/li><li class='ez-toc-page-1 ez-toc-heading-level-3'><a class=\"ez-toc-link ez-toc-heading-18\" href=\"https:\/\/coinkickoff.com\/it\/bitcoin-casino\/how-are-bitcoin-slots-different\/#Why_might_Bitcoin_slots_offer_more_privacy_than_regular_slots\" >Perch\u00e9 gli slot Bitcoin potrebbero offrire una maggiore privacy rispetto agli slot normali?<\/a><\/li><li class='ez-toc-page-1 ez-toc-heading-level-3'><a class=\"ez-toc-link ez-toc-heading-19\" href=\"https:\/\/coinkickoff.com\/it\/bitcoin-casino\/how-are-bitcoin-slots-different\/#In_what_ways_can_the_payouts_differ_between_Bitcoin_slots_and_conventional_slots\" >In che modo le vincite possono differire tra le slot Bitcoin e le slot tradizionali?<\/a><\/li><\/ul><\/li><\/ul><\/nav><\/div>\n<h2><span class=\"ez-toc-section\" id=\"Overview_of_Bitcoin_Slots\"><\/span>Panoramica degli slot Bitcoin<span class=\"ez-toc-section-end\"><\/span><\/h2>\n<p><img decoding=\"async\" src=\"https:\/\/coinkickoff.com\/wp-content\/uploads\/v2-3dh2w-v0uhq.jpg\" alt=\"\"><\/p>\n<p><a href=\"https:\/\/coinkickoff.com\/it\/bitcoin-casino\/how-to-play-crypto-slots\/\" data-internallinksmanager029f6b8e52c=\"205\" title=\"Come giocare alle Crypto Slots: La vostra guida passo dopo passo\">Slot Bitcoin<\/a> integrano l'uso di criptovalute per le scommesse e le transazioni, offrendo un tocco moderno al gioco delle slot.<\/p>\n<h3><span class=\"ez-toc-section\" id=\"Definition_of_Bitcoin_Slots\"><\/span>Definizione degli slot Bitcoin<span class=\"ez-toc-section-end\"><\/span><\/h3>\n<p>Le slot Bitcoin sono giochi di slot per casin\u00f2 che operano con Bitcoin come valuta. Queste slot risiedono su piattaforme online che supportano la tecnologia blockchain e si rivolgono specificamente agli utenti di criptovalute.<\/p>\n<h3><span class=\"ez-toc-section\" id=\"Primary_Characteristics\"><\/span>Caratteristiche primarie<span class=\"ez-toc-section-end\"><\/span><\/h3>\n<p><strong>Decentramento<\/strong>: Le slot Bitcoin funzionano su una rete decentralizzata, libera dai sistemi bancari tradizionali.<br \/>\n<strong>La privacy<\/strong>: Gli utenti godono di una maggiore privacy, poich\u00e9 i dati personali non sono legati alle transazioni.<br \/>\n<strong>Provabilmente equo<\/strong>: Incorporano algoritmi provatamente equi, che consentono ai giocatori di verificare l'equit\u00e0 di ogni giro in modo indipendente.<br \/>\n<strong>Transazioni veloci<\/strong>: I depositi e i prelievi tendono a essere pi\u00f9 veloci rispetto alla valuta tradizionale grazie alla natura della blockchain.<br \/>\n<strong>Bonus esclusivi<\/strong>: Alcune slot Bitcoin offrono bonus speciali per gli utenti che giocano con criptovalute.<\/p>\n<h3><span class=\"ez-toc-section\" id=\"Comparison_with_Traditional_Slots\"><\/span>Confronto con le slot tradizionali<span class=\"ez-toc-section-end\"><\/span><\/h3>\n<ul>\n<li><strong>Valuta<\/strong>: Le slot tradizionali utilizzano la valuta fiat, mentre le slot Bitcoin utilizzano le criptovalute.<\/li>\n<li><strong>Elaborazione dei pagamenti<\/strong>: Le slot tradizionali si affidano a metodi bancari standard; le slot Bitcoin utilizzano la blockchain, che pu\u00f2 portare a tempi di elaborazione pi\u00f9 rapidi.<\/li>\n<li><strong>Regolamento<\/strong>: Le slot Bitcoin possono essere soggette a normative diverse a causa della natura decentralizzata delle criptovalute.<\/li>\n<\/ul>\n<h2><span class=\"ez-toc-section\" id=\"Operational_Mechanisms\"><\/span>Meccanismi operativi<span class=\"ez-toc-section-end\"><\/span><\/h2>\n<p><img decoding=\"async\" src=\"https:\/\/coinkickoff.com\/wp-content\/uploads\/v2-3dh39-38urg.jpg\" alt=\"\"><\/p>\n<p>Le slot Bitcoin sfruttano in modo distintivo l'abilit\u00e0 tecnologica delle criptovalute, mentre le slot normali sono tradizionalmente legate alle valute fiat. Queste differenze operative sottolineano l'unicit\u00e0 delle slot Bitcoin nell'industria del gioco.<\/p>\n<h3><span class=\"ez-toc-section\" id=\"Underlying_Technology\"><\/span>Tecnologia di base<span class=\"ez-toc-section-end\"><\/span><\/h3>\n<p>Gli slot Bitcoin funzionano con <strong>tecnologia blockchain<\/strong>, garantendo trasparenza e immutabilit\u00e0. Le transazioni all'interno di questi slot vengono registrate su un sistema distribuito di <a href=\"https:\/\/coinkickoff.com\/it\/what-is-ledger-wallet\/\" data-internallinksmanager029f6b8e52c=\"167\" title=\"Recensioni sul portafoglio Ledger 2023: Costi, Caratteristiche, Sicurezza, Pro e Contro\">libro mastro<\/a>visibile a tutti ma non modificabile da nessuno, favorendo un alto grado di fiducia. Le slot regolari, invece, si affidano a un software di gioco ospitato su server privati, dove i giocatori devono fare affidamento sulla reputazione di correttezza e sicurezza del casin\u00f2.<\/p>\n<h3><span class=\"ez-toc-section\" id=\"Random_Number_Generation\"><\/span>Generazione di numeri casuali<span class=\"ez-toc-section-end\"><\/span><\/h3>\n<p>Sia gli slot Bitcoin che quelli normali utilizzano <strong>Generatori di numeri casuali (RNG)<\/strong> per garantire che il risultato di ogni giro sia puramente casuale. Tuttavia, le slot Bitcoin spesso utilizzano <strong>algoritmi dimostrativamente equi<\/strong>che consentono ai giocatori di verificare in modo indipendente la casualit\u00e0 di ogni risultato. Ci\u00f2 contrasta con le slot regolari che impiegano RNG proprietari, controllati da societ\u00e0 indipendenti per verificarne l'equit\u00e0.<\/p>\n<ul>\n<li><strong>Algoritmo provabilmente equo<\/strong>: Un metodo crittografico che garantisce l'equit\u00e0 del gioco.<\/li>\n<li><strong>RNG proprietari<\/strong>: Sistemi chiusi utilizzati in slot regolari, soggetti ad audit.<\/li>\n<\/ul>\n<h3><span class=\"ez-toc-section\" id=\"Transaction_Process\"><\/span>Processo di transazione<span class=\"ez-toc-section-end\"><\/span><\/h3>\n<p>Il processo di transazione negli slot Bitcoin \u00e8 significativamente diverso, in quanto offre <strong>transazioni immediate e peer-to-peer<\/strong> che consentono ai giocatori di depositare e prelevare quasi istantaneamente.<\/p>\n<ul>\n<li><strong>Depositi<\/strong>: Inviato direttamente dal portafoglio Bitcoin del giocatore al portafoglio del casin\u00f2.<\/li>\n<li><strong>Prelievi<\/strong>: Trasferimento di nuovo al portafoglio del giocatore, spesso senza bisogno di approvazione da parte di un istituto bancario.<\/li>\n<\/ul>\n<p>Le slot regolari, invece, coinvolgono banche o altri intermediari finanziari che possono ritardare le transazioni con tempi di elaborazione e commissioni aggiuntive.<\/p>\n<h2><span class=\"ez-toc-section\" id=\"User_Experience_and_Accessibility\"><\/span>Esperienza utente e accessibilit\u00e0<span class=\"ez-toc-section-end\"><\/span><\/h2>\n<p><img decoding=\"async\" src=\"https:\/\/coinkickoff.com\/wp-content\/uploads\/v2-3dh3q-bmbhr.jpg\" alt=\"\"><\/p>\n<p>Le slot Bitcoin hanno ridisegnato le interazioni con gli utenti e l'accessibilit\u00e0 al gioco online attraverso interfacce distinte, modalit\u00e0 di pagamento e una maggiore privacy.<\/p>\n<h3><span class=\"ez-toc-section\" id=\"Interface_and_Design_Differences\"><\/span>Differenze di interfaccia e design<span class=\"ez-toc-section-end\"><\/span><\/h3>\n<p>Gli slot Bitcoin sono spesso dotati di un <strong>interfaccia moderna e intuitiva<\/strong>, abbracciando le tendenze del web design. I giocatori possono incontrare elementi interattivi come:<\/p>\n<ul>\n<li>Monitoraggio dei progressi per i bonus.<\/li>\n<li>In tempo reale <a href=\"https:\/\/coinkickoff.com\/it\/crypto-exchanges\/\" data-internallinksmanager029f6b8e52c=\"141\" title=\"21 Migliori scambi di criptovalute e app nel 2024\">scambio di criptovalute<\/a> tariffe.<\/li>\n<\/ul>\n<p>Le slot regolari tendono a <a href=\"https:\/\/coinkickoff.com\/it\/uphold-review\/\" data-internallinksmanager029f6b8e52c=\"156\" title=\"Recensioni Uphold 2023: Costi, Caratteristiche, Sicurezza, Pro e Contro\">Ritirata<\/a> a <strong>etica del design classico<\/strong>con interfacce che privilegiano la familiarit\u00e0 e la semplicit\u00e0, come la visualizzazione statica dei jackpot.<\/p>\n<h3><span class=\"ez-toc-section\" id=\"Payment_and_Withdrawal_Methods\"><\/span>Metodi di pagamento e prelievo<span class=\"ez-toc-section-end\"><\/span><\/h3>\n<table>\n<thead>\n<tr>\n<th>Metodo<\/th>\n<th>Slot Bitcoin<\/th>\n<th>Slot regolari<\/th>\n<\/tr>\n<\/thead>\n<tbody>\n<tr>\n<td>Depositi<\/td>\n<td>Direttamente dai portafogli di criptovalute, quasi istantaneamente.<\/td>\n<td>Tramite carte bancarie, portafogli elettronici o bonifici bancari, con tempi di elaborazione variabili.<\/td>\n<\/tr>\n<tr>\n<td>Prelievi<\/td>\n<td>In genere vengono elaborati in pochi minuti o ore.<\/td>\n<td>Possono richiedere giorni e spesso hanno limiti minimi di prelievo.<\/td>\n<\/tr>\n<\/tbody>\n<\/table>\n<p>Le piattaforme a slot Bitcoin offrono generalmente <strong>transazioni senza attrito<\/strong> a causa della natura della tecnologia blockchain.<\/p>\n<h3><span class=\"ez-toc-section\" id=\"Anonymity_and_Security\"><\/span>Anonimato e sicurezza<span class=\"ez-toc-section-end\"><\/span><\/h3>\n<p>Nelle slot Bitcoin, i giocatori godono di un grado superiore di <strong>anonimato<\/strong>. Essi:<\/p>\n<ul>\n<li>Non sono tenuti a condividere molte informazioni personali.<\/li>\n<li>Beneficiare delle caratteristiche di sicurezza intrinseche della tecnologia blockchain.<\/li>\n<\/ul>\n<p>Gli slot regolari, al contrario, devono seguire rigorosi <strong>processi di regolamentazione e verifica<\/strong>che spesso richiede dati personali dettagliati da parte degli utenti.<\/p>\n<h2><span class=\"ez-toc-section\" id=\"Frequently_Asked_Questions\"><\/span>Domande frequenti<span class=\"ez-toc-section-end\"><\/span><\/h2>\n<p><img decoding=\"async\" src=\"https:\/\/coinkickoff.com\/wp-content\/uploads\/v2-3dh42-3zxyj.jpg\" alt=\"\"><\/p>\n<p>Questa sezione affronta le domande pi\u00f9 comuni sulla distinzione tra le slot Bitcoin e i giochi di slot tradizionali, concentrandosi su aspetti quali i vantaggi, l'equit\u00e0, l'accessibilit\u00e0, le considerazioni legali, la privacy e le variazioni di pagamento.<\/p>\n<h3><span class=\"ez-toc-section\" id=\"What_advantages_do_Bitcoin_slots_offer_over_traditional_slot_machines\"><\/span>Quali vantaggi offrono le slot Bitcoin rispetto alle slot machine tradizionali?<span class=\"ez-toc-section-end\"><\/span><\/h3>\n<p>Le slot Bitcoin offrono in genere agli utenti una maggiore privacy, in quanto non richiedono sempre informazioni personali per le transazioni. Inoltre, offrono tempi di transazione pi\u00f9 rapidi rispetto ai metodi bancari tradizionali, poich\u00e9 le transazioni Bitcoin possono essere elaborate rapidamente senza la necessit\u00e0 di un'autorit\u00e0 centrale.<\/p>\n<h3><span class=\"ez-toc-section\" id=\"How_do_crypto-based_slot_games_ensure_fairness\"><\/span>In che modo i giochi di slot basati su criptovalute garantiscono l'equit\u00e0?<span class=\"ez-toc-section-end\"><\/span><\/h3>\n<p>I giochi di slot basati sulla crittografia utilizzano spesso algoritmi provabilmente equi che consentono ai giocatori di verificare l'equit\u00e0 di ogni giro in modo indipendente. Questo sistema garantisce la trasparenza utilizzando tecniche crittografiche per dimostrare che il risultato di una partita non \u00e8 stato manipolato.<\/p>\n<h3><span class=\"ez-toc-section\" id=\"Can_players_use_Bitcoin_on_all_online_slot_platforms\"><\/span>I giocatori possono utilizzare l'Bitcoin su tutte le piattaforme di slot online?<span class=\"ez-toc-section-end\"><\/span><\/h3>\n<p>Non tutte le piattaforme di slot online accettano l'Bitcoin. Sebbene il numero di piattaforme che supportano le criptovalute sia in crescita, i giocatori devono controllare le opzioni di pagamento di ogni sito per determinare se l'Bitcoin \u00e8 accettato.<\/p>\n<h3><span class=\"ez-toc-section\" id=\"What_are_the_legal_implications_of_using_Bitcoin_for_gambling\"><\/span>Quali sono le implicazioni legali dell'utilizzo dell'Bitcoin per il gioco d'azzardo?<span class=\"ez-toc-section-end\"><\/span><\/h3>\n<p>Le implicazioni legali dell'uso di Bitcoin per il gioco d'azzardo variano a seconda della giurisdizione. I giocatori sono responsabili della comprensione e del rispetto delle leggi locali relative al gioco d'azzardo online e all'uso delle criptovalute.<\/p>\n<h3><span class=\"ez-toc-section\" id=\"Why_might_Bitcoin_slots_offer_more_privacy_than_regular_slots\"><\/span>Perch\u00e9 gli slot Bitcoin potrebbero offrire una maggiore privacy rispetto agli slot normali?<span class=\"ez-toc-section-end\"><\/span><\/h3>\n<p>Le slot Bitcoin possono offrire una maggiore privacy perch\u00e9 le transazioni con Bitcoin non comportano necessariamente la condivisione dei dati bancari personali. Questo permette ai giocatori di giocare d'azzardo senza che le loro attivit\u00e0 siano facilmente riconducibili a loro da parte delle istituzioni finanziarie.<\/p>\n<h3><span class=\"ez-toc-section\" id=\"In_what_ways_can_the_payouts_differ_between_Bitcoin_slots_and_conventional_slots\"><\/span>In che modo le vincite possono differire tra le slot Bitcoin e le slot tradizionali?<span class=\"ez-toc-section-end\"><\/span><\/h3>\n<p>Le vincite nelle slot Bitcoin possono essere pi\u00f9 significative grazie ai costi operativi potenzialmente pi\u00f9 bassi delle transazioni in criptovaluta. Inoltre, alcune slot Bitcoin offrono jackpot unici pagati in criptovaluta, che possono fluttuare di valore, aumentando talvolta il valore della vincita in termini di valuta fiat.<\/p>","protected":false},"excerpt":{"rendered":"<p>Disclaimer: il gioco d'azzardo comporta un rischio finanziario significativo. Si prega di giocare solo con il denaro che ci si pu\u00f2 permettere di perdere. Le informazioni fornite di seguito sono solo a scopo informativo. Potremmo ricevere una commissione se vi iscrivete e perdete denaro in uno dei seguenti casin\u00f2. Non tutti i casin\u00f2 sono disponibili in tutti i paesi. Tutte le informazioni [...]<\/p>","protected":false},"author":1,"featured_media":4631,"parent":4440,"menu_order":0,"comment_status":"closed","ping_status":"closed","template":"","meta":{"_genesis_hide_title":false,"_genesis_hide_breadcrumbs":false,"_genesis_hide_singular_image":false,"_genesis_hide_footer_widgets":false,"_genesis_custom_body_class":"","_genesis_custom_post_class":"","_genesis_layout":"","_glsr_average":0,"_glsr_ranking":0,"_glsr_reviews":0,"footnotes":""},"class_list":{"0":"post-4628","1":"page","2":"type-page","3":"status-publish","4":"has-post-thumbnail","6":"entry"},"featured_image_src":"https:\/\/coinkickoff.com\/wp-content\/uploads\/v2-3dh3q-bmbhr-600x400.jpg","featured_image_src_square":"https:\/\/coinkickoff.com\/wp-content\/uploads\/v2-3dh3q-bmbhr-600x600.jpg","_links":{"self":[{"href":"https:\/\/coinkickoff.com\/it\/wp-json\/wp\/v2\/pages\/4628","targetHints":{"allow":["GET"]}}],"collection":[{"href":"https:\/\/coinkickoff.com\/it\/wp-json\/wp\/v2\/pages"}],"about":[{"href":"https:\/\/coinkickoff.com\/it\/wp-json\/wp\/v2\/types\/page"}],"author":[{"embeddable":true,"href":"https:\/\/coinkickoff.com\/it\/wp-json\/wp\/v2\/users\/1"}],"replies":[{"embeddable":true,"href":"https:\/\/coinkickoff.com\/it\/wp-json\/wp\/v2\/comments?post=4628"}],"version-history":[{"count":3,"href":"https:\/\/coinkickoff.com\/it\/wp-json\/wp\/v2\/pages\/4628\/revisions"}],"predecessor-version":[{"id":4635,"href":"https:\/\/coinkickoff.com\/it\/wp-json\/wp\/v2\/pages\/4628\/revisions\/4635"}],"up":[{"embeddable":true,"href":"https:\/\/coinkickoff.com\/it\/wp-json\/wp\/v2\/pages\/4440"}],"wp:featuredmedia":[{"embeddable":true,"href":"https:\/\/coinkickoff.com\/it\/wp-json\/wp\/v2\/media\/4631"}],"wp:attachment":[{"href":"https:\/\/coinkickoff.com\/it\/wp-json\/wp\/v2\/media?parent=4628"}],"curies":[{"name":"wp","href":"https:\/\/api.w.org\/{rel}","templated":true}]}}