{"id":4595,"date":"2026-01-08T14:07:58","date_gmt":"2026-01-08T14:07:58","guid":{"rendered":"https:\/\/coinkickoff.com\/?page_id=4595"},"modified":"2026-01-08T14:07:58","modified_gmt":"2026-01-08T14:07:58","slug":"how-is-bitcoin-roulette-different","status":"publish","type":"page","link":"https:\/\/coinkickoff.com\/it\/bitcoin-casino\/how-is-bitcoin-roulette-different\/","title":{"rendered":"In che modo la Roulette Bitcoin \u00e8 diversa dalla Roulette tradizionale del casin\u00f2?"},"content":{"rendered":"<p>Disclaimer: il gioco d'azzardo comporta un rischio finanziario significativo. Si prega di giocare solo con il denaro che ci si pu\u00f2 permettere di perdere. Le informazioni fornite di seguito sono solo a scopo informativo. Potremmo ricevere una commissione se vi iscrivete e perdete denaro in uno dei seguenti giochi d'azzardo <a href=\"https:\/\/coinkickoff.com\/it\/bitcoin-casino\/\" data-internallinksmanager029f6b8e52c=\"200\" title=\"3 Migliori casin\u00f2 cripto Bitcoin con bonus\">casin\u00f2<\/a>. Non tutti i casin\u00f2 sono disponibili in tutti i Paesi. Tutte le informazioni sono ritenute corrette al momento della pubblicazione, ma potrebbero essere cambiate in seguito.<\/p>\n<div id=\"ez-toc-container\" class=\"ez-toc-v2_0_80 counter-hierarchy ez-toc-counter ez-toc-transparent ez-toc-container-direction\">\n<div class=\"ez-toc-title-container\">\n<p class=\"ez-toc-title\" style=\"cursor:inherit\">Sezioni<\/p>\n<span class=\"ez-toc-title-toggle\"><a href=\"#\" class=\"ez-toc-pull-right ez-toc-btn ez-toc-btn-xs ez-toc-btn-default ez-toc-toggle\" aria-label=\"Allinea la tabella dei contenuti\"><span class=\"ez-toc-js-icon-con\"><span class=\"\"><span class=\"eztoc-hide\" style=\"display:none;\">Toggle<\/span><span class=\"ez-toc-icon-toggle-span\"><svg style=\"fill: #999;color:#999\" xmlns=\"http:\/\/www.w3.org\/2000\/svg\" class=\"list-377408\" width=\"20px\" height=\"20px\" viewbox=\"0 0 24 24\" fill=\"none\"><path d=\"M6 6H4v2h2V6zm14 0H8v2h12V6zM4 11h2v2H4v-2zm16 0H8v2h12v-2zM4 16h2v2H4v-2zm16 0H8v2h12v-2z\" fill=\"currentColor\"><\/path><\/svg><svg style=\"fill: #999;color:#999\" class=\"arrow-unsorted-368013\" xmlns=\"http:\/\/www.w3.org\/2000\/svg\" width=\"10px\" height=\"10px\" viewbox=\"0 0 24 24\" version=\"1.2\" baseprofile=\"tiny\"><path d=\"M18.2 9.3l-6.2-6.3-6.2 6.3c-.2.2-.3.4-.3.7s.1.5.3.7c.2.2.4.3.7.3h11c.3 0 .5-.1.7-.3.2-.2.3-.5.3-.7s-.1-.5-.3-.7zM5.8 14.7l6.2 6.3 6.2-6.3c.2-.2.3-.5.3-.7s-.1-.5-.3-.7c-.2-.2-.4-.3-.7-.3h-11c-.3 0-.5.1-.7.3-.2.2-.3.5-.3.7s.1.5.3.7z\"\/><\/svg><\/span><\/span><\/span><\/a><\/span><\/div>\n<nav><ul class='ez-toc-list ez-toc-list-level-1 eztoc-toggle-hide-by-default' ><li class='ez-toc-page-1 ez-toc-heading-level-2'><a class=\"ez-toc-link ez-toc-heading-1\" href=\"https:\/\/coinkickoff.com\/it\/bitcoin-casino\/how-is-bitcoin-roulette-different\/#Fundamentals_of_Bitcoin_Roulette\" >I fondamenti della roulette Bitcoin<\/a><ul class='ez-toc-list-level-3' ><li class='ez-toc-heading-level-3'><a class=\"ez-toc-link ez-toc-heading-2\" href=\"https:\/\/coinkickoff.com\/it\/bitcoin-casino\/how-is-bitcoin-roulette-different\/#Definition_and_Mechanism\" >Definizione e meccanismo<\/a><\/li><li class='ez-toc-page-1 ez-toc-heading-level-3'><a class=\"ez-toc-link ez-toc-heading-3\" href=\"https:\/\/coinkickoff.com\/it\/bitcoin-casino\/how-is-bitcoin-roulette-different\/#Basic_Rules_Comparison\" >Confronto tra le regole di base<\/a><\/li><\/ul><\/li><li class='ez-toc-page-1 ez-toc-heading-level-2'><a class=\"ez-toc-link ez-toc-heading-4\" href=\"https:\/\/coinkickoff.com\/it\/bitcoin-casino\/how-is-bitcoin-roulette-different\/#Technological_Aspects\" >Aspetti tecnologici<\/a><ul class='ez-toc-list-level-3' ><li class='ez-toc-heading-level-3'><a class=\"ez-toc-link ez-toc-heading-5\" href=\"https:\/\/coinkickoff.com\/it\/bitcoin-casino\/how-is-bitcoin-roulette-different\/#Software_and_Fairness\" >Software e correttezza<\/a><\/li><li class='ez-toc-page-1 ez-toc-heading-level-3'><a class=\"ez-toc-link ez-toc-heading-6\" href=\"https:\/\/coinkickoff.com\/it\/bitcoin-casino\/how-is-bitcoin-roulette-different\/#Transaction_Security_and_Anonymity\" >Sicurezza delle transazioni e anonimato<\/a><\/li><\/ul><\/li><li class='ez-toc-page-1 ez-toc-heading-level-2'><a class=\"ez-toc-link ez-toc-heading-7\" href=\"https:\/\/coinkickoff.com\/it\/bitcoin-casino\/how-is-bitcoin-roulette-different\/#Practical_Considerations\" >Considerazioni pratiche<\/a><ul class='ez-toc-list-level-3' ><li class='ez-toc-heading-level-3'><a class=\"ez-toc-link ez-toc-heading-8\" href=\"https:\/\/coinkickoff.com\/it\/bitcoin-casino\/how-is-bitcoin-roulette-different\/#Accessibility_and_Jurisdiction\" >Accessibilit\u00e0 e giurisdizione<\/a><\/li><li class='ez-toc-page-1 ez-toc-heading-level-3'><a class=\"ez-toc-link ez-toc-heading-9\" href=\"https:\/\/coinkickoff.com\/it\/bitcoin-casino\/how-is-bitcoin-roulette-different\/#Payment_Processing_Times\" >Tempi di elaborazione dei pagamenti<\/a><\/li><li class='ez-toc-page-1 ez-toc-heading-level-3'><a class=\"ez-toc-link ez-toc-heading-10\" href=\"https:\/\/coinkickoff.com\/it\/bitcoin-casino\/how-is-bitcoin-roulette-different\/#Casino_Bonuses_and_Incentives\" >Bonus e incentivi del casin\u00f2<\/a><\/li><\/ul><\/li><li class='ez-toc-page-1 ez-toc-heading-level-2'><a class=\"ez-toc-link ez-toc-heading-11\" href=\"https:\/\/coinkickoff.com\/it\/bitcoin-casino\/how-is-bitcoin-roulette-different\/#Frequently_Asked_Questions\" >Domande frequenti<\/a><ul class='ez-toc-list-level-3' ><li class='ez-toc-heading-level-3'><a class=\"ez-toc-link ez-toc-heading-12\" href=\"https:\/\/coinkickoff.com\/it\/bitcoin-casino\/how-is-bitcoin-roulette-different\/#What_are_the_distinctive_features_of_Bitcoin_roulette_compared_to_traditional_roulette\" >Quali sono le caratteristiche distintive della roulette Bitcoin rispetto alla roulette tradizionale?<\/a><\/li><li class='ez-toc-page-1 ez-toc-heading-level-3'><a class=\"ez-toc-link ez-toc-heading-13\" href=\"https:\/\/coinkickoff.com\/it\/bitcoin-casino\/how-is-bitcoin-roulette-different\/#Can_you_use_Bitcoin_to_play_any_version_of_roulette\" >\u00c8 possibile utilizzare l'Bitcoin per giocare a qualsiasi versione della roulette?<\/a><\/li><li class='ez-toc-page-1 ez-toc-heading-level-3'><a class=\"ez-toc-link ez-toc-heading-14\" href=\"https:\/\/coinkickoff.com\/it\/bitcoin-casino\/how-is-bitcoin-roulette-different\/#What_advantages_do_Bitcoin_casinos_offer_for_roulette_players\" >Quali vantaggi offrono i casin\u00f2 Bitcoin ai giocatori di roulette?<\/a><\/li><li class='ez-toc-page-1 ez-toc-heading-level-3'><a class=\"ez-toc-link ez-toc-heading-15\" href=\"https:\/\/coinkickoff.com\/it\/bitcoin-casino\/how-is-bitcoin-roulette-different\/#How_does_the_integration_of_Bitcoin_affect_the_gameplay_of_roulette\" >In che modo l'integrazione dell'Bitcoin influisce sul gioco della roulette?<\/a><\/li><li class='ez-toc-page-1 ez-toc-heading-level-3'><a class=\"ez-toc-link ez-toc-heading-16\" href=\"https:\/\/coinkickoff.com\/it\/bitcoin-casino\/how-is-bitcoin-roulette-different\/#Are_there_any_unique_betting_options_available_in_Bitcoin_roulette\" >Ci sono opzioni di scommessa uniche disponibili nella roulette Bitcoin?<\/a><\/li><li class='ez-toc-page-1 ez-toc-heading-level-3'><a class=\"ez-toc-link ez-toc-heading-17\" href=\"https:\/\/coinkickoff.com\/it\/bitcoin-casino\/how-is-bitcoin-roulette-different\/#What_should_players_know_about_the_security_of_Bitcoin_roulette_games\" >Cosa devono sapere i giocatori sulla sicurezza dei giochi di roulette Bitcoin?<\/a><\/li><\/ul><\/li><\/ul><\/nav><\/div>\n<h2><span class=\"ez-toc-section\" id=\"Fundamentals_of_Bitcoin_Roulette\"><\/span>I fondamenti della roulette Bitcoin<span class=\"ez-toc-section-end\"><\/span><\/h2>\n<p><img decoding=\"async\" src=\"https:\/\/coinkickoff.com\/wp-content\/uploads\/v2-3dgyd-6ia5o.jpg\" alt=\"\"><\/p>\n<p><a href=\"https:\/\/coinkickoff.com\/it\/bitcoin-casino\/how-to-play-crypto-roulette\/\" data-internallinksmanager029f6b8e52c=\"206\" title=\"Come giocare alla Crypto Roulette: Guida alle scommesse su Blockchain\">Bitcoin Roulette<\/a> opera con gli stessi principi fondamentali della roulette tradizionale, ma si gioca con Bitcoin anzich\u00e9 con la valuta fiat, il che influisce sulla velocit\u00e0 delle transazioni e sull'anonimato.<\/p>\n<h3><span class=\"ez-toc-section\" id=\"Definition_and_Mechanism\"><\/span>Definizione e meccanismo<span class=\"ez-toc-section-end\"><\/span><\/h3>\n<p>La Bitcoin Roulette \u00e8 una variante digitale del classico gioco da casin\u00f2 che utilizza l'Bitcoin per le scommesse e le transazioni. I giocatori scommettono sulla posizione della pallina su una ruota che gira, divisa in sezioni numerate e colorate. Il meccanismo \u00e8 simile a quello della roulette standard, con la principale differenza della valuta utilizzata. Nella Bitcoin Roulette, ogni transazione viene elaborata attraverso la blockchain, che garantisce trasparenza e riduce le probabilit\u00e0 di frode.<\/p>\n<ul>\n<li><strong>Velocit\u00e0 di transazione<\/strong>: Le transazioni con l'Bitcoin sono pi\u00f9 veloci, in genere richiedono pochi minuti.<\/li>\n<li><strong>Anonimato<\/strong>: I giocatori possono mantenere l'anonimato, in quanto le informazioni personali non sono intrinsecamente richieste per effettuare transazioni Bitcoin.<\/li>\n<\/ul>\n<h3><span class=\"ez-toc-section\" id=\"Basic_Rules_Comparison\"><\/span>Confronto tra le regole di base<span class=\"ez-toc-section-end\"><\/span><\/h3>\n<p>Le regole di base della roulette Bitcoin e della roulette normale sono fondamentalmente le stesse. I giocatori scelgono di scommettere su un singolo numero, su vari raggruppamenti di numeri, sui colori rosso o nero, pari o dispari, sui numeri alti (19-36) o bassi (1-18).<\/p>\n<ul>\n<li><strong>Opzioni di scommessa<\/strong>:\n<ul>\n<li><strong>Numero singolo<\/strong>: Vincita pi\u00f9 alta; probabilit\u00e0 pi\u00f9 basse.<\/li>\n<li><strong>Numeri del gruppo<\/strong>: Scommesse su cluster di numeri; vincite variabili.<\/li>\n<li><strong>Colori<\/strong>: Scommettere sul rosso o sul nero; possibilit\u00e0 quasi 50\/50.<\/li>\n<li><strong>Pari o dispari<\/strong>: Scommettere se il numero \u00e8 pari o dispari.<\/li>\n<li><strong>Alto o basso<\/strong>: Scommettere su numeri alti (19-36) o bassi (1-18).<\/li>\n<\/ul>\n<\/li>\n<\/ul>\n<p>La netta distinzione nelle regole riguarda la gestione della valuta e dei potenziali pagamenti. La volatilit\u00e0 del prezzo dell'Bitcoin pu\u00f2 influire sul valore effettivo del <a href=\"https:\/\/coinkickoff.com\/it\/bitcoin-casino\/cash-in-bitcoin-casino-winnings\/\" data-internallinksmanager029f6b8e52c=\"211\" title=\"Come incassare le vincite del casin\u00f2 Bitcoin: Una guida passo dopo passo\">vincite<\/a> o perdite, e le puntate minime e massime possono variare a seconda della <a href=\"https:\/\/coinkickoff.com\/it\/bitcoin-casino\/what-is-a-bitcoin-casino\/\" data-internallinksmanager029f6b8e52c=\"201\" title=\"Che cos&#039;\u00e8 un casin\u00f2 Bitcoin? Capire le piattaforme di scommesse criptate\">Casin\u00f2 Bitcoin<\/a>politiche.<\/p>\n<h2><span class=\"ez-toc-section\" id=\"Technological_Aspects\"><\/span>Aspetti tecnologici<span class=\"ez-toc-section-end\"><\/span><\/h2>\n<p><img decoding=\"async\" src=\"https:\/\/coinkickoff.com\/wp-content\/uploads\/v2-3dgyu-2s6kd.jpg\" alt=\"\"><\/p>\n<p>Nel confrontare la roulette Bitcoin con la roulette tradizionale, entrano in gioco due considerazioni tecnologiche fondamentali: i meccanismi che garantiscono l'equit\u00e0 del software e i protocolli che mantengono la sicurezza e l'anonimato delle transazioni.<\/p>\n<h3><span class=\"ez-toc-section\" id=\"Software_and_Fairness\"><\/span>Software e correttezza<span class=\"ez-toc-section-end\"><\/span><\/h3>\n<p>I giochi di roulette Bitcoin si basano su <strong>Provabilmente equo<\/strong> che consente ai giocatori di verificare i risultati di ogni partita. Questo sistema utilizza algoritmi crittografici per <strong>generare semi casuali<\/strong>assicurando che ogni giro sia casuale e corretto. I giocatori possono in genere verificare l'equit\u00e0 attraverso una <strong>strumento di verifica<\/strong> forniti dal casin\u00f2.<\/p>\n<ul>\n<li>Generazione di numeri casuali (RNG): Crea algoritmicamente risultati imprevedibili.<\/li>\n<li>Strumenti di verifica: Offrono risultati di gioco trasparenti e verificabili.<\/li>\n<\/ul>\n<h3><span class=\"ez-toc-section\" id=\"Transaction_Security_and_Anonymity\"><\/span>Sicurezza delle transazioni e anonimato<span class=\"ez-toc-section-end\"><\/span><\/h3>\n<p>Le transazioni Bitcoin utilizzano <strong>tecnologia blockchain<\/strong>che assicura i depositi e i prelievi attraverso un sistema immutabile di <a href=\"https:\/\/coinkickoff.com\/it\/what-is-ledger-wallet\/\" data-internallinksmanager029f6b8e52c=\"167\" title=\"Recensioni sul portafoglio Ledger 2023: Costi, Caratteristiche, Sicurezza, Pro e Contro\">libro mastro<\/a>, migliorando la sicurezza e garantendo un certo grado di anonimato.<\/p>\n<ul>\n<li><strong>Sicurezza<\/strong>: Transazioni criptate protette dalla tecnologia blockchain.<\/li>\n<li><strong>Anonimato<\/strong>: Riduzione della divulgazione dei dati personali rispetto ai metodi di pagamento tradizionali.<\/li>\n<\/ul>\n<table>\n<thead>\n<tr>\n<th>Aspetto<\/th>\n<th>Benefici<\/th>\n<\/tr>\n<\/thead>\n<tbody>\n<tr>\n<td>Transazioni criptate<\/td>\n<td>Aggiunge un livello di sicurezza contro le frodi<\/td>\n<\/tr>\n<tr>\n<td>Libro mastro immutabile<\/td>\n<td>Assicura la permanenza e la tracciabilit\u00e0 delle transazioni.<\/td>\n<\/tr>\n<tr>\n<td>Riduzione della divulgazione dei dati<\/td>\n<td>I dati personali dei giocatori sono meno esposti<\/td>\n<\/tr>\n<\/tbody>\n<\/table>\n<h2><span class=\"ez-toc-section\" id=\"Practical_Considerations\"><\/span>Considerazioni pratiche<span class=\"ez-toc-section-end\"><\/span><\/h2>\n<p><img decoding=\"async\" src=\"https:\/\/coinkickoff.com\/wp-content\/uploads\/v2-3dgz8-pee1q.jpg\" alt=\"\"><\/p>\n<p>Quando si impegnano con la roulette Bitcoin, gli utenti devono considerare le differenze di accessibilit\u00e0, i tempi di elaborazione e i bonus unici offerti, che si distinguono dalle esperienze di roulette tradizionali.<\/p>\n<h3><span class=\"ez-toc-section\" id=\"Accessibility_and_Jurisdiction\"><\/span>Accessibilit\u00e0 e giurisdizione<span class=\"ez-toc-section-end\"><\/span><\/h3>\n<p>La roulette Bitcoin \u00e8 spesso disponibile per i giocatori nelle giurisdizioni in cui il gioco d'azzardo online \u00e8 limitato o dove i metodi di pagamento tradizionali non sono praticabili. <strong>Criptovalute<\/strong> come mezzo di comunicazione aggira molti dei vincoli normativi, rendendolo pi\u00f9 ampiamente accessibile. Tuttavia, gli utenti devono essere consapevoli delle leggi locali, poich\u00e9 la legalit\u00e0 del gioco d'azzardo con le criptovalute pu\u00f2 variare significativamente da una regione all'altra.<\/p>\n<h3><span class=\"ez-toc-section\" id=\"Payment_Processing_Times\"><\/span>Tempi di elaborazione dei pagamenti<span class=\"ez-toc-section-end\"><\/span><\/h3>\n<ul>\n<li><strong>Bitcoin Depositi:<\/strong> In genere istantaneo o in pochi minuti.<\/li>\n<li><strong>Bitcoin Prelievi:<\/strong> Pu\u00f2 variare da pochi minuti a diverse ore.<\/li>\n<li><strong>Metodi bancari tradizionali:<\/strong> Spesso ci vogliono diversi giorni sia per i depositi che per i prelievi.<\/li>\n<\/ul>\n<p>L'uso di Bitcoin pu\u00f2 ridurre drasticamente i tempi di attesa associati all'elaborazione dei pagamenti nel gioco d'azzardo online. I giocatori possono spesso iniziare a giocare prima e riscuotere le loro vincite pi\u00f9 rapidamente rispetto ai metodi di pagamento tradizionali.<\/p>\n<h3><span class=\"ez-toc-section\" id=\"Casino_Bonuses_and_Incentives\"><\/span>Bonus e incentivi del casin\u00f2<span class=\"ez-toc-section-end\"><\/span><\/h3>\n<ul>\n<li><strong>Bonus di benvenuto:<\/strong> Molti casin\u00f2 Bitcoin offrono sostanziosi bonus di benvenuto per i nuovi giocatori.<\/li>\n<li><strong>Premi fedelt\u00e0:<\/strong> I vantaggi per gli utenti abituali includono spesso bonus pi\u00f9 elevati o un trattamento VIP.<\/li>\n<li><strong>Promozioni esclusive:<\/strong> Alcuni casin\u00f2 offrono promozioni specificamente pensate per gli utenti Bitcoin.<\/li>\n<\/ul>\n<p>Le piattaforme di roulette Bitcoin possono presentare bonus e incentivi pi\u00f9 generosi rispetto ai normali casin\u00f2 online. Questi bonus sono progettati per attrarre e trattenere i giocatori che preferiscono utilizzare le criptovalute. \u00c8 importante che i giocatori leggano i termini e le condizioni associati a questi bonus per comprendere appieno come possono essere utilizzati.<\/p>\n<h2><span class=\"ez-toc-section\" id=\"Frequently_Asked_Questions\"><\/span>Domande frequenti<span class=\"ez-toc-section-end\"><\/span><\/h2>\n<p><img decoding=\"async\" src=\"https:\/\/coinkickoff.com\/wp-content\/uploads\/v2-3dgzp-ju7x7.jpg\" alt=\"\"><\/p>\n<p>Questa sezione affronta le domande pi\u00f9 comuni sulla distinzione tra la roulette Bitcoin e la roulette tradizionale, su misura per i giocatori che cercano chiarezza sulla questione.<\/p>\n<h3><span class=\"ez-toc-section\" id=\"What_are_the_distinctive_features_of_Bitcoin_roulette_compared_to_traditional_roulette\"><\/span>Quali sono le caratteristiche distintive della roulette Bitcoin rispetto alla roulette tradizionale?<span class=\"ez-toc-section-end\"><\/span><\/h3>\n<p>La roulette Bitcoin funziona in modo simile alla roulette tradizionale in termini di gioco. La differenza principale sta nell'uso dell'Bitcoin come valuta, che spesso consente tempi di transazione pi\u00f9 rapidi e un migliore anonimato per i giocatori.<\/p>\n<h3><span class=\"ez-toc-section\" id=\"Can_you_use_Bitcoin_to_play_any_version_of_roulette\"><\/span>\u00c8 possibile utilizzare l'Bitcoin per giocare a qualsiasi versione della roulette?<span class=\"ez-toc-section-end\"><\/span><\/h3>\n<p>La maggior parte dei casin\u00f2 Bitcoin offre una variet\u00e0 di versioni di roulette, tra cui la roulette americana, europea e francese. I giocatori possono piazzare scommesse utilizzando l'Bitcoin in queste diverse versioni, a seconda dell'offerta del casin\u00f2.<\/p>\n<h3><span class=\"ez-toc-section\" id=\"What_advantages_do_Bitcoin_casinos_offer_for_roulette_players\"><\/span>Quali vantaggi offrono i casin\u00f2 Bitcoin ai giocatori di roulette?<span class=\"ez-toc-section-end\"><\/span><\/h3>\n<p>I casin\u00f2 Bitcoin spesso offrono ai giocatori vantaggi come commissioni di transazione pi\u00f9 basse, gioco comprovatamente equo e la possibilit\u00e0 di giocare e prelevare fondi senza dover fornire informazioni finanziarie personali.<\/p>\n<h3><span class=\"ez-toc-section\" id=\"How_does_the_integration_of_Bitcoin_affect_the_gameplay_of_roulette\"><\/span>In che modo l'integrazione dell'Bitcoin influisce sul gioco della roulette?<span class=\"ez-toc-section-end\"><\/span><\/h3>\n<p>L'integrazione dell'Bitcoin non altera in genere il gioco fondamentale della roulette. Tuttavia, pu\u00f2 consentire processi di scommessa e incasso pi\u00f9 rapidi, migliorando il ritmo generale del gioco.<\/p>\n<h3><span class=\"ez-toc-section\" id=\"Are_there_any_unique_betting_options_available_in_Bitcoin_roulette\"><\/span>Ci sono opzioni di scommessa uniche disponibili nella roulette Bitcoin?<span class=\"ez-toc-section-end\"><\/span><\/h3>\n<p>La roulette Bitcoin offre generalmente le stesse opzioni di scommessa della roulette normale. Tuttavia, alcuni casin\u00f2 Bitcoin potrebbero introdurre promozioni o scommesse uniche per attirare un pubblico pi\u00f9 ampio di appassionati di criptovalute.<\/p>\n<h3><span class=\"ez-toc-section\" id=\"What_should_players_know_about_the_security_of_Bitcoin_roulette_games\"><\/span>Cosa devono sapere i giocatori sulla sicurezza dei giochi di roulette Bitcoin?<span class=\"ez-toc-section-end\"><\/span><\/h3>\n<p>La sicurezza della roulette Bitcoin dipende sia dalla robustezza della tecnologia crittografica alla base della Bitcoin sia dalle misure di sicurezza implementate dal singolo casin\u00f2. \u00c8 fondamentale per i giocatori verificare la credibilit\u00e0 del casin\u00f2 e la correttezza dei suoi giochi.<\/p>","protected":false},"excerpt":{"rendered":"<p>Disclaimer: il gioco d'azzardo comporta un rischio finanziario significativo. Si prega di giocare solo con il denaro che ci si pu\u00f2 permettere di perdere. Le informazioni fornite di seguito sono solo a scopo informativo. Potremmo ricevere una commissione se vi iscrivete e perdete denaro in uno dei seguenti casin\u00f2. Non tutti i casin\u00f2 sono disponibili in tutti i paesi. Tutte le informazioni [...]<\/p>","protected":false},"author":1,"featured_media":4599,"parent":4440,"menu_order":0,"comment_status":"closed","ping_status":"closed","template":"","meta":{"_genesis_hide_title":false,"_genesis_hide_breadcrumbs":false,"_genesis_hide_singular_image":false,"_genesis_hide_footer_widgets":false,"_genesis_custom_body_class":"","_genesis_custom_post_class":"","_genesis_layout":"","_glsr_average":0,"_glsr_ranking":0,"_glsr_reviews":0,"footnotes":""},"class_list":{"0":"post-4595","1":"page","2":"type-page","3":"status-publish","4":"has-post-thumbnail","6":"entry"},"featured_image_src":"https:\/\/coinkickoff.com\/wp-content\/uploads\/v2-3dgz8-pee1q-600x400.jpg","featured_image_src_square":"https:\/\/coinkickoff.com\/wp-content\/uploads\/v2-3dgz8-pee1q-600x600.jpg","_links":{"self":[{"href":"https:\/\/coinkickoff.com\/it\/wp-json\/wp\/v2\/pages\/4595","targetHints":{"allow":["GET"]}}],"collection":[{"href":"https:\/\/coinkickoff.com\/it\/wp-json\/wp\/v2\/pages"}],"about":[{"href":"https:\/\/coinkickoff.com\/it\/wp-json\/wp\/v2\/types\/page"}],"author":[{"embeddable":true,"href":"https:\/\/coinkickoff.com\/it\/wp-json\/wp\/v2\/users\/1"}],"replies":[{"embeddable":true,"href":"https:\/\/coinkickoff.com\/it\/wp-json\/wp\/v2\/comments?post=4595"}],"version-history":[{"count":3,"href":"https:\/\/coinkickoff.com\/it\/wp-json\/wp\/v2\/pages\/4595\/revisions"}],"predecessor-version":[{"id":4602,"href":"https:\/\/coinkickoff.com\/it\/wp-json\/wp\/v2\/pages\/4595\/revisions\/4602"}],"up":[{"embeddable":true,"href":"https:\/\/coinkickoff.com\/it\/wp-json\/wp\/v2\/pages\/4440"}],"wp:featuredmedia":[{"embeddable":true,"href":"https:\/\/coinkickoff.com\/it\/wp-json\/wp\/v2\/media\/4599"}],"wp:attachment":[{"href":"https:\/\/coinkickoff.com\/it\/wp-json\/wp\/v2\/media?parent=4595"}],"curies":[{"name":"wp","href":"https:\/\/api.w.org\/{rel}","templated":true}]}}