{"id":4575,"date":"2026-01-08T14:08:04","date_gmt":"2026-01-08T14:08:04","guid":{"rendered":"https:\/\/coinkickoff.com\/?page_id=4575"},"modified":"2026-01-08T14:08:04","modified_gmt":"2026-01-08T14:08:04","slug":"how-are-bitcoin-casinos-different","status":"publish","type":"page","link":"https:\/\/coinkickoff.com\/it\/bitcoin-casino\/how-are-bitcoin-casinos-different\/","title":{"rendered":"In che modo i casin\u00f2 Bitcoin sono diversi da quelli tradizionali?"},"content":{"rendered":"<p><em>Disclaimer: il gioco d'azzardo comporta un rischio finanziario significativo. Si prega di giocare solo con il denaro che ci si pu\u00f2 permettere di perdere. Le informazioni fornite di seguito sono solo a scopo informativo. Potremmo ricevere una commissione se vi iscrivete e perdete denaro in uno dei seguenti giochi d'azzardo <a href=\"https:\/\/coinkickoff.com\/it\/bitcoin-casino\/\" data-internallinksmanager029f6b8e52c=\"200\" title=\"3 Migliori casin\u00f2 cripto Bitcoin con bonus\">casin\u00f2<\/a>. Non tutti i casin\u00f2 sono disponibili in tutti i Paesi. Tutte le informazioni sono ritenute corrette al momento della pubblicazione, ma potrebbero essere cambiate in seguito.<\/em><\/p>\n<div id=\"ez-toc-container\" class=\"ez-toc-v2_0_80 counter-hierarchy ez-toc-counter ez-toc-transparent ez-toc-container-direction\">\n<div class=\"ez-toc-title-container\">\n<p class=\"ez-toc-title\" style=\"cursor:inherit\">Sezioni<\/p>\n<span class=\"ez-toc-title-toggle\"><a href=\"#\" class=\"ez-toc-pull-right ez-toc-btn ez-toc-btn-xs ez-toc-btn-default ez-toc-toggle\" aria-label=\"Allinea la tabella dei contenuti\"><span class=\"ez-toc-js-icon-con\"><span class=\"\"><span class=\"eztoc-hide\" style=\"display:none;\">Toggle<\/span><span class=\"ez-toc-icon-toggle-span\"><svg style=\"fill: #999;color:#999\" xmlns=\"http:\/\/www.w3.org\/2000\/svg\" class=\"list-377408\" width=\"20px\" height=\"20px\" viewbox=\"0 0 24 24\" fill=\"none\"><path d=\"M6 6H4v2h2V6zm14 0H8v2h12V6zM4 11h2v2H4v-2zm16 0H8v2h12v-2zM4 16h2v2H4v-2zm16 0H8v2h12v-2z\" fill=\"currentColor\"><\/path><\/svg><svg style=\"fill: #999;color:#999\" class=\"arrow-unsorted-368013\" xmlns=\"http:\/\/www.w3.org\/2000\/svg\" width=\"10px\" height=\"10px\" viewbox=\"0 0 24 24\" version=\"1.2\" baseprofile=\"tiny\"><path d=\"M18.2 9.3l-6.2-6.3-6.2 6.3c-.2.2-.3.4-.3.7s.1.5.3.7c.2.2.4.3.7.3h11c.3 0 .5-.1.7-.3.2-.2.3-.5.3-.7s-.1-.5-.3-.7zM5.8 14.7l6.2 6.3 6.2-6.3c.2-.2.3-.5.3-.7s-.1-.5-.3-.7c-.2-.2-.4-.3-.7-.3h-11c-.3 0-.5.1-.7.3-.2.2-.3.5-.3.7s.1.5.3.7z\"\/><\/svg><\/span><\/span><\/span><\/a><\/span><\/div>\n<nav><ul class='ez-toc-list ez-toc-list-level-1 eztoc-toggle-hide-by-default' ><li class='ez-toc-page-1 ez-toc-heading-level-2'><a class=\"ez-toc-link ez-toc-heading-1\" href=\"https:\/\/coinkickoff.com\/it\/bitcoin-casino\/how-are-bitcoin-casinos-different\/#Fundamental_Differences_Between_Bitcoin_and_Traditional_Casinos\" >Differenze fondamentali tra Bitcoin e casin\u00f2 tradizionali<\/a><ul class='ez-toc-list-level-3' ><li class='ez-toc-heading-level-3'><a class=\"ez-toc-link ez-toc-heading-2\" href=\"https:\/\/coinkickoff.com\/it\/bitcoin-casino\/how-are-bitcoin-casinos-different\/#Currency_Used_for_Transactions\" >Valuta utilizzata per le transazioni<\/a><\/li><li class='ez-toc-page-1 ez-toc-heading-level-3'><a class=\"ez-toc-link ez-toc-heading-3\" href=\"https:\/\/coinkickoff.com\/it\/bitcoin-casino\/how-are-bitcoin-casinos-different\/#Operational_Transparency\" >Trasparenza operativa<\/a><\/li><li class='ez-toc-page-1 ez-toc-heading-level-3'><a class=\"ez-toc-link ez-toc-heading-4\" href=\"https:\/\/coinkickoff.com\/it\/bitcoin-casino\/how-are-bitcoin-casinos-different\/#Legal_and_Regulatory_Landscape\" >Paesaggio legale e normativo<\/a><\/li><\/ul><\/li><li class='ez-toc-page-1 ez-toc-heading-level-2'><a class=\"ez-toc-link ez-toc-heading-5\" href=\"https:\/\/coinkickoff.com\/it\/bitcoin-casino\/how-are-bitcoin-casinos-different\/#Technological_Aspects_of_Bitcoin_Casinos\" >Aspetti tecnologici dei casin\u00f2 Bitcoin<\/a><ul class='ez-toc-list-level-3' ><li class='ez-toc-heading-level-3'><a class=\"ez-toc-link ez-toc-heading-6\" href=\"https:\/\/coinkickoff.com\/it\/bitcoin-casino\/how-are-bitcoin-casinos-different\/#Blockchain_Technology_Implementation\" >Implementazione della tecnologia Blockchain<\/a><\/li><li class='ez-toc-page-1 ez-toc-heading-level-3'><a class=\"ez-toc-link ez-toc-heading-7\" href=\"https:\/\/coinkickoff.com\/it\/bitcoin-casino\/how-are-bitcoin-casinos-different\/#Provably_Fair_Gaming_Mechanisms\" >Meccanismi di gioco provatamente equi<\/a><\/li><li class='ez-toc-page-1 ez-toc-heading-level-3'><a class=\"ez-toc-link ez-toc-heading-8\" href=\"https:\/\/coinkickoff.com\/it\/bitcoin-casino\/how-are-bitcoin-casinos-different\/#Anonymity_and_Security_Features\" >Caratteristiche di anonimato e sicurezza<\/a><\/li><\/ul><\/li><li class='ez-toc-page-1 ez-toc-heading-level-2'><a class=\"ez-toc-link ez-toc-heading-9\" href=\"https:\/\/coinkickoff.com\/it\/bitcoin-casino\/how-are-bitcoin-casinos-different\/#User_Experience_in_Bitcoin_versus_Regular_Casinos\" >Esperienza dell'utente in Bitcoin rispetto ai casin\u00f2 normali<\/a><ul class='ez-toc-list-level-3' ><li class='ez-toc-heading-level-3'><a class=\"ez-toc-link ez-toc-heading-10\" href=\"https:\/\/coinkickoff.com\/it\/bitcoin-casino\/how-are-bitcoin-casinos-different\/#Account_Funding_and_Withdrawal_Process\" >Processo di finanziamento e prelievo del conto<\/a><\/li><li class='ez-toc-page-1 ez-toc-heading-level-3'><a class=\"ez-toc-link ez-toc-heading-11\" href=\"https:\/\/coinkickoff.com\/it\/bitcoin-casino\/how-are-bitcoin-casinos-different\/#Bonuses_and_Incentives\" >Bonus e incentivi<\/a><\/li><li class='ez-toc-page-1 ez-toc-heading-level-3'><a class=\"ez-toc-link ez-toc-heading-12\" href=\"https:\/\/coinkickoff.com\/it\/bitcoin-casino\/how-are-bitcoin-casinos-different\/#Geographical_Accessibility_and_Restrictions\" >Accessibilit\u00e0 geografica e restrizioni<\/a><\/li><\/ul><\/li><li class='ez-toc-page-1 ez-toc-heading-level-2'><a class=\"ez-toc-link ez-toc-heading-13\" href=\"https:\/\/coinkickoff.com\/it\/bitcoin-casino\/how-are-bitcoin-casinos-different\/#Frequently_Asked_Questions\" >Domande frequenti<\/a><ul class='ez-toc-list-level-3' ><li class='ez-toc-heading-level-3'><a class=\"ez-toc-link ez-toc-heading-14\" href=\"https:\/\/coinkickoff.com\/it\/bitcoin-casino\/how-are-bitcoin-casinos-different\/#What_factors_make_crypto_casinos_more_advantageous_than_traditional_ones\" >Quali fattori rendono i casin\u00f2 cripto pi\u00f9 vantaggiosi di quelli tradizionali?<\/a><\/li><li class='ez-toc-page-1 ez-toc-heading-level-3'><a class=\"ez-toc-link ez-toc-heading-15\" href=\"https:\/\/coinkickoff.com\/it\/bitcoin-casino\/how-are-bitcoin-casinos-different\/#Are_there_any_risks_associated_with_using_Bitcoin_for_online_gambling\" >Ci sono rischi associati all'utilizzo di Bitcoin per il gioco d'azzardo online?<\/a><\/li><li class='ez-toc-page-1 ez-toc-heading-level-3'><a class=\"ez-toc-link ez-toc-heading-16\" href=\"https:\/\/coinkickoff.com\/it\/bitcoin-casino\/how-are-bitcoin-casinos-different\/#How_do_the_security_measures_in_Bitcoin_casinos_compare_to_those_in_traditional_casinos\" >Come sono le misure di sicurezza dei casin\u00f2 Bitcoin rispetto a quelle dei casin\u00f2 tradizionali?<\/a><\/li><li class='ez-toc-page-1 ez-toc-heading-level-3'><a class=\"ez-toc-link ez-toc-heading-17\" href=\"https:\/\/coinkickoff.com\/it\/bitcoin-casino\/how-are-bitcoin-casinos-different\/#Can_players_expect_provably_fair_gaming_in_Bitcoin_casinos\" >I giocatori possono aspettarsi un gioco provabilmente equo nei casin\u00f2 Bitcoin?<\/a><\/li><li class='ez-toc-page-1 ez-toc-heading-level-3'><a class=\"ez-toc-link ez-toc-heading-18\" href=\"https:\/\/coinkickoff.com\/it\/bitcoin-casino\/how-are-bitcoin-casinos-different\/#What_are_the_unique_benefits_of_gambling_with_Bitcoin\" >Quali sono i vantaggi unici del gioco d'azzardo con Bitcoin?<\/a><\/li><li class='ez-toc-page-1 ez-toc-heading-level-3'><a class=\"ez-toc-link ez-toc-heading-19\" href=\"https:\/\/coinkickoff.com\/it\/bitcoin-casino\/how-are-bitcoin-casinos-different\/#How_does_the_regulatory_landscape_for_Bitcoin_casinos_differ_from_traditional_gambling_venues\" >In che modo il panorama normativo dei casin\u00f2 Bitcoin differisce da quello delle sale da gioco tradizionali?<\/a><\/li><\/ul><\/li><\/ul><\/nav><\/div>\n<h2><span class=\"ez-toc-section\" id=\"Fundamental_Differences_Between_Bitcoin_and_Traditional_Casinos\"><\/span>Differenze fondamentali tra Bitcoin e casin\u00f2 tradizionali<span class=\"ez-toc-section-end\"><\/span><\/h2>\n<p><img decoding=\"async\" src=\"https:\/\/coinkickoff.com\/wp-content\/uploads\/v2-3dgrx-7h0pa.jpg\" alt=\"\"><\/p>\n<p><a href=\"https:\/\/coinkickoff.com\/it\/bitcoin-btc\/\" data-internallinksmanager029f6b8e52c=\"1\" title=\"Che cos&#039;\u00e8 il Bitcoin (BTC)? Prezzo, storia e dove acquistare\">Bitcoin<\/a> I casin\u00f2 tradizionali e i casin\u00f2 tradizionali differiscono principalmente per il mezzo di pagamento, i livelli di trasparenza e gli ambienti normativi in cui operano.<\/p>\n<h3><span class=\"ez-toc-section\" id=\"Currency_Used_for_Transactions\"><\/span>Valuta utilizzata per le transazioni<span class=\"ez-toc-section-end\"><\/span><\/h3>\n<p><strong>Bitcoin Casin\u00f2:<\/strong> Le transazioni vengono effettuate utilizzando criptovalute, come Bitcoin, <a href=\"https:\/\/coinkickoff.com\/it\/ethereum-eth\/\" data-internallinksmanager029f6b8e52c=\"2\" title=\"Che cosa \u00e8 Ethereum (ETH)? Prezzo, storia e dove si compra\">Ethereum<\/a>, o altre altcoins. Queste valute digitali facilitano le transazioni anonime, spesso con commissioni pi\u00f9 basse e tempi di elaborazione pi\u00f9 rapidi rispetto alle valute fiat.<\/p>\n<ul>\n<li><strong>Anonimato:<\/strong> Gli utenti possono effettuare transazioni senza rivelare informazioni personali.<\/li>\n<li><strong>Tasse:<\/strong> Spesso pi\u00f9 bassi di quelli associati alle carte di credito o ai bonifici bancari.<\/li>\n<li><strong>Velocit\u00e0:<\/strong> Le transazioni vengono elaborate rapidamente, a volte in pochi minuti.<\/li>\n<\/ul>\n<p><strong>Casin\u00f2 tradizionali:<\/strong> Questi istituti utilizzano tipicamente valute fiat, come USD, EUR o GBP per tutte le transazioni. Questo tipo di attivit\u00e0 bancaria tradizionale comporta una registrazione dettagliata e processi di verifica dell'identit\u00e0.<\/p>\n<ul>\n<li><strong>Dati personali:<\/strong> Le transazioni richiedono la comunicazione di dati personali.<\/li>\n<li><strong>Tasse:<\/strong> Possono essere applicate commissioni pi\u00f9 elevate per le transazioni.<\/li>\n<li><strong>Tempi di elaborazione:<\/strong> Possono essere necessari giorni per il trasferimento o la liquidazione dei fondi.<\/li>\n<\/ul>\n<h3><span class=\"ez-toc-section\" id=\"Operational_Transparency\"><\/span>Trasparenza operativa<span class=\"ez-toc-section-end\"><\/span><\/h3>\n<p><strong>Bitcoin Casin\u00f2:<\/strong> Tendono a offrire un maggior grado di trasparenza grazie alla tecnologia blockchain che \u00e8 alla base delle transazioni in criptovalute. La blockchain fornisce un sistema pubblico e immutabile <a href=\"https:\/\/coinkickoff.com\/it\/what-is-ledger-wallet\/\" data-internallinksmanager029f6b8e52c=\"167\" title=\"Recensioni sul portafoglio Ledger 2023: Costi, Caratteristiche, Sicurezza, Pro e Contro\">libro mastro<\/a>rendendo la cronologia delle transazioni facilmente disponibile e verificabile.<\/p>\n<ul>\n<li><strong>Provably Fair:<\/strong> Alcuni casin\u00f2 Bitcoin utilizzano algoritmi \"Provably Fair\", che consentono ai giocatori di verificare la correttezza di ogni risultato di gioco.<\/li>\n<\/ul>\n<p><strong>Casin\u00f2 tradizionali:<\/strong> La trasparenza \u00e8 regolamentata dalle autorit\u00e0 di gioco, ma il funzionamento interno e gli algoritmi di gioco non sono in genere accessibili per un controllo o una verifica pubblica.<\/p>\n<ul>\n<li><strong>Equit\u00e0 regolamentata:<\/strong> La correttezza del gioco \u00e8 certificata dagli enti regolatori, ma i meccanismi dettagliati del software non sono resi pubblici.<\/li>\n<\/ul>\n<h3><span class=\"ez-toc-section\" id=\"Legal_and_Regulatory_Landscape\"><\/span>Paesaggio legale e normativo<span class=\"ez-toc-section-end\"><\/span><\/h3>\n<p><strong>Bitcoin Casin\u00f2:<\/strong> Esse operano in un quadro normativo in rapida evoluzione. Molte regioni non hanno ancora definito una legislazione chiara che regoli l'uso delle criptovalute nel gioco d'azzardo, il che porta a un mosaico di requisiti di conformit\u00e0.<\/p>\n<ul>\n<li><strong>Regolazione variabile:<\/strong> Lo status giuridico pu\u00f2 cambiare rapidamente e la conformit\u00e0 varia a seconda della giurisdizione.<\/li>\n<li><strong>Accesso globale:<\/strong> Spesso accessibili in tutto il mondo, a seconda delle leggi locali.<\/li>\n<\/ul>\n<p><strong>Casin\u00f2 tradizionali:<\/strong> Sono sottoposte a una rigida regolamentazione da parte di enti governativi di tutto il mondo. Sono soggette a leggi e regolamenti severi che ne disciplinano l'autorizzazione, le pratiche operative e la rendicontazione finanziaria.<\/p>\n<ul>\n<li><strong>Supervisione rigorosa:<\/strong> La conformit\u00e0 a numerose normative legali e finanziarie \u00e8 obbligatoria.<\/li>\n<li><strong>Limitazioni geografiche:<\/strong> In genere sono tenuti a operare all'interno della giurisdizione dell'autorit\u00e0 che ha rilasciato la licenza.<\/li>\n<\/ul>\n<h2><span class=\"ez-toc-section\" id=\"Technological_Aspects_of_Bitcoin_Casinos\"><\/span>Aspetti tecnologici dei casin\u00f2 Bitcoin<span class=\"ez-toc-section-end\"><\/span><\/h2>\n<p><img decoding=\"async\" src=\"https:\/\/coinkickoff.com\/wp-content\/uploads\/v2-3dgss-o0d7k.jpg\" alt=\"\"><\/p>\n<p>I casin\u00f2 Bitcoin si distinguono per la tecnologia avanzata che offre maggiore sicurezza, correttezza e trasparenza. Questo vantaggio tecnologico \u00e8 evidente nel modo in cui gestiscono le transazioni, verificano l'equit\u00e0 e preservano la privacy.<\/p>\n<h3><span class=\"ez-toc-section\" id=\"Blockchain_Technology_Implementation\"><\/span>Implementazione della tecnologia Blockchain<span class=\"ez-toc-section-end\"><\/span><\/h3>\n<p><strong>Casin\u00f2 Bitcoin<\/strong> utilizzano la tecnologia blockchain per facilitare le transazioni in criptovaluta. Il <strong>blockchain<\/strong> \u00e8 un libro mastro decentralizzato che registra tutte le transazioni su una rete di computer. Questo garantisce che:<\/p>\n<ul>\n<li><strong>Transazioni<\/strong> sono <strong>trasparente<\/strong> e <strong>immutabile<\/strong>.<\/li>\n<li>I giocatori possono depositare e prelevare <strong>bitcoins<\/strong> direttamente, <strong>eliminare la necessit\u00e0 di istituti bancari terzi<\/strong>.<\/li>\n<\/ul>\n<h3><span class=\"ez-toc-section\" id=\"Provably_Fair_Gaming_Mechanisms\"><\/span>Meccanismi di gioco provatamente equi<span class=\"ez-toc-section-end\"><\/span><\/h3>\n<p>L'equit\u00e0 di gioco dimostrabile \u00e8 un tratto distintivo dei casin\u00f2 Bitcoin. Questo sistema impiega algoritmi crittografici per garantire l'equit\u00e0 di ogni gioco. I punti salienti sono:<\/p>\n<ul>\n<li>Permette ai giocatori di <strong>verificare la casualit\u00e0<\/strong> dei risultati delle partite.<\/li>\n<li>I casin\u00f2 offrono un <strong>chiave hash<\/strong> che possono essere analizzati dopo la partita per confermare la correttezza del gioco.<\/li>\n<\/ul>\n<h3><span class=\"ez-toc-section\" id=\"Anonymity_and_Security_Features\"><\/span>Caratteristiche di anonimato e sicurezza<span class=\"ez-toc-section-end\"><\/span><\/h3>\n<p>I casin\u00f2 Bitcoin offrono una maggiore <strong>anonimato<\/strong> e <strong>sicurezza<\/strong>. Implementano varie funzioni che proteggono sia l'identit\u00e0 che i fondi del giocatore, come ad esempio:<\/p>\n<ul>\n<li><strong>Autenticazione a due fattori (2FA)<\/strong> per proteggere gli account utente.<\/li>\n<li><strong>Informazioni personali minime<\/strong> richiesto per la creazione dell'account, preservando l'utente <strong>anonimato<\/strong>.<\/li>\n<\/ul>\n<h2><span class=\"ez-toc-section\" id=\"User_Experience_in_Bitcoin_versus_Regular_Casinos\"><\/span>Esperienza dell'utente in Bitcoin rispetto ai casin\u00f2 normali<span class=\"ez-toc-section-end\"><\/span><\/h2>\n<p><img decoding=\"async\" src=\"https:\/\/coinkickoff.com\/wp-content\/uploads\/v2-3dgt7-n76he.jpg\" alt=\"\"><\/p>\n<p>L'esperienza dell'utente nei casin\u00f2 Bitcoin offre caratteristiche distinte rispetto ai casin\u00f2 tradizionali, in particolare in termini di gestione del conto, bonus e accessibilit\u00e0 globale.<\/p>\n<h3><span class=\"ez-toc-section\" id=\"Account_Funding_and_Withdrawal_Process\"><\/span>Processo di finanziamento e prelievo del conto<span class=\"ez-toc-section-end\"><\/span><\/h3>\n<p>I casin\u00f2 Bitcoin consentono agli utenti di <strong>finanziare i loro conti<\/strong> direttamente con le criptovalute, in genere con il risultato di <em>tempi di transazione pi\u00f9 rapidi<\/em> e <em>tariffe pi\u00f9 basse<\/em> rispetto ai normali casin\u00f2, che si basano su metodi bancari tradizionali.<\/p>\n<p><strong>Tempi di ritiro<\/strong>al contrario, di solito sono anche <strong>pi\u00f9 veloce<\/strong> nei casin\u00f2 Bitcoin grazie all'eliminazione dei tempi di elaborazione bancaria. Questi casin\u00f2 spesso vantano un <strong>Pagamento istantaneo o quasi istantaneo<\/strong> in contrasto con i tempi di elaborazione ritardati che spesso si riscontrano nei normali casin\u00f2.<\/p>\n<h3><span class=\"ez-toc-section\" id=\"Bonuses_and_Incentives\"><\/span>Bonus e incentivi<span class=\"ez-toc-section-end\"><\/span><\/h3>\n<p>La struttura di <strong>bonus e incentivi<\/strong> possono variare in modo significativo. I casin\u00f2 Bitcoin possono offrire:<\/p>\n<ul>\n<li>Pi\u00f9 alto <strong>bonus di benvenuto<\/strong><\/li>\n<li><strong>Premi fedelt\u00e0<\/strong> sotto forma di Bitcoin o altre criptovalute<\/li>\n<\/ul>\n<p>I casin\u00f2 tradizionali offrono spesso una serie di bonus, ma potrebbero non essere all'altezza delle offerte lucrative che si trovano nei casin\u00f2 Bitcoin a causa dei minori costi operativi e di transazione delle valute digitali.<\/p>\n<h3><span class=\"ez-toc-section\" id=\"Geographical_Accessibility_and_Restrictions\"><\/span>Accessibilit\u00e0 geografica e restrizioni<span class=\"ez-toc-section-end\"><\/span><\/h3>\n<p>I casin\u00f2 Bitcoin offrono generalmente un <strong>un maggior grado di accessibilit\u00e0<\/strong> poich\u00e9 non sono soggetti agli stessi vincoli normativi che riguardano i casin\u00f2 regolari.<\/p>\n<ul>\n<li>Operazioni in <strong>giurisdizioni multiple<\/strong> senza la necessit\u00e0 di un'infrastruttura bancaria localizzata<\/li>\n<li>Si accettano giocatori da <strong>regioni con normative rigide sul gioco d'azzardo<\/strong>, soggetto alle leggi locali<\/li>\n<\/ul>\n<p>Tuttavia, si consiglia agli utenti di rimanere <strong>informati sulle leggi locali<\/strong> per garantire la conformit\u00e0 durante l'accesso ai casin\u00f2 Bitcoin, anche con una portata pi\u00f9 ampia.<\/p>\n<h2><span class=\"ez-toc-section\" id=\"Frequently_Asked_Questions\"><\/span>Domande frequenti<span class=\"ez-toc-section-end\"><\/span><\/h2>\n<p><img decoding=\"async\" src=\"https:\/\/coinkickoff.com\/wp-content\/uploads\/v2-3dgtr-7frp8.jpg\" alt=\"\"><\/p>\n<p>In questa sezione vengono affrontate le domande comunemente poste in merito alle differenze tra i casin\u00f2 Bitcoin e i casin\u00f2 tradizionali, per fornire una comprensione pi\u00f9 chiara dei due.<\/p>\n<h3><span class=\"ez-toc-section\" id=\"What_factors_make_crypto_casinos_more_advantageous_than_traditional_ones\"><\/span>Quali fattori rendono i casin\u00f2 cripto pi\u00f9 vantaggiosi di quelli tradizionali?<span class=\"ez-toc-section-end\"><\/span><\/h3>\n<p>I casin\u00f2 cripto offrono vantaggi unici, tra cui transazioni istantanee e commissioni di transazione ridotte. Inoltre, offrono un livello di anonimato superiore per gli utenti, che i casin\u00f2 tradizionali non possono eguagliare a causa della loro dipendenza dalle informazioni bancarie e personali.<\/p>\n<h3><span class=\"ez-toc-section\" id=\"Are_there_any_risks_associated_with_using_Bitcoin_for_online_gambling\"><\/span>Ci sono rischi associati all'utilizzo di Bitcoin per il gioco d'azzardo online?<span class=\"ez-toc-section-end\"><\/span><\/h3>\n<p>Gli utenti devono affrontare alcuni rischi, come l'elevata volatilit\u00e0 del valore dell'Bitcoin e le potenziali minacce alla sicurezza come l'hacking. Inoltre, la mancanza di regolamentazione pu\u00f2 essere un'arma a doppio taglio, che presenta sia libert\u00e0 che rischi.<\/p>\n<h3><span class=\"ez-toc-section\" id=\"How_do_the_security_measures_in_Bitcoin_casinos_compare_to_those_in_traditional_casinos\"><\/span>Come sono le misure di sicurezza dei casin\u00f2 Bitcoin rispetto a quelle dei casin\u00f2 tradizionali?<span class=\"ez-toc-section-end\"><\/span><\/h3>\n<p>I casin\u00f2 Bitcoin di solito implementano tecnologie di crittografia avanzate e sono costruiti su reti blockchain sicure. Ci\u00f2 contrasta con i casin\u00f2 tradizionali, che dipendono da sistemi di sicurezza e finanziari convenzionali, vulnerabili a diversi tipi di rischio.<\/p>\n<h3><span class=\"ez-toc-section\" id=\"Can_players_expect_provably_fair_gaming_in_Bitcoin_casinos\"><\/span>I giocatori possono aspettarsi un gioco provabilmente equo nei casin\u00f2 Bitcoin?<span class=\"ez-toc-section-end\"><\/span><\/h3>\n<p>Molti casin\u00f2 Bitcoin offrono giochi provabilmente equi, che consentono ai giocatori di verificare la correttezza di ogni gioco attraverso la tecnologia blockchain. Si tratta di un livello di trasparenza che i siti di gioco d'azzardo online tradizionali non possono offrire.<\/p>\n<h3><span class=\"ez-toc-section\" id=\"What_are_the_unique_benefits_of_gambling_with_Bitcoin\"><\/span>Quali sono i vantaggi unici del gioco d'azzardo con Bitcoin?<span class=\"ez-toc-section-end\"><\/span><\/h3>\n<p>Il gioco d'azzardo con Bitcoin assicura che le transazioni rimangano discrete e sicure grazie all'uso della tecnologia blockchain. Inoltre, offre il vantaggio di commissioni potenzialmente pi\u00f9 basse e garantisce che i giocatori possano giocare senza restrizioni geografiche.<\/p>\n<h3><span class=\"ez-toc-section\" id=\"How_does_the_regulatory_landscape_for_Bitcoin_casinos_differ_from_traditional_gambling_venues\"><\/span>In che modo il panorama normativo dei casin\u00f2 Bitcoin differisce da quello delle sale da gioco tradizionali?<span class=\"ez-toc-section-end\"><\/span><\/h3>\n<p>I casin\u00f2 Bitcoin spesso operano in un ambiente pi\u00f9 deregolamentato perch\u00e9 le criptovalute non sono riconosciute come valuta ufficiale da molti governi. Ci\u00f2 contrasta con i casin\u00f2 tradizionali, che sono soggetti a rigidi quadri normativi.<\/p>","protected":false},"excerpt":{"rendered":"<p>Disclaimer: il gioco d'azzardo comporta un rischio finanziario significativo. Si prega di giocare solo con il denaro che ci si pu\u00f2 permettere di perdere. Le informazioni fornite di seguito sono solo a scopo informativo. Potremmo ricevere una commissione se vi iscrivete e perdete denaro in uno dei seguenti casin\u00f2. Non tutti i casin\u00f2 sono disponibili in tutti i paesi. Tutte le informazioni [...]<\/p>","protected":false},"author":1,"featured_media":4576,"parent":4440,"menu_order":0,"comment_status":"closed","ping_status":"closed","template":"","meta":{"_genesis_hide_title":false,"_genesis_hide_breadcrumbs":false,"_genesis_hide_singular_image":false,"_genesis_hide_footer_widgets":false,"_genesis_custom_body_class":"","_genesis_custom_post_class":"","_genesis_layout":"","_glsr_average":0,"_glsr_ranking":0,"_glsr_reviews":0,"footnotes":""},"class_list":{"0":"post-4575","1":"page","2":"type-page","3":"status-publish","4":"has-post-thumbnail","6":"entry"},"featured_image_src":"https:\/\/coinkickoff.com\/wp-content\/uploads\/v2-3dgrx-7h0pa-600x400.jpg","featured_image_src_square":"https:\/\/coinkickoff.com\/wp-content\/uploads\/v2-3dgrx-7h0pa-600x600.jpg","_links":{"self":[{"href":"https:\/\/coinkickoff.com\/it\/wp-json\/wp\/v2\/pages\/4575","targetHints":{"allow":["GET"]}}],"collection":[{"href":"https:\/\/coinkickoff.com\/it\/wp-json\/wp\/v2\/pages"}],"about":[{"href":"https:\/\/coinkickoff.com\/it\/wp-json\/wp\/v2\/types\/page"}],"author":[{"embeddable":true,"href":"https:\/\/coinkickoff.com\/it\/wp-json\/wp\/v2\/users\/1"}],"replies":[{"embeddable":true,"href":"https:\/\/coinkickoff.com\/it\/wp-json\/wp\/v2\/comments?post=4575"}],"version-history":[{"count":3,"href":"https:\/\/coinkickoff.com\/it\/wp-json\/wp\/v2\/pages\/4575\/revisions"}],"predecessor-version":[{"id":4582,"href":"https:\/\/coinkickoff.com\/it\/wp-json\/wp\/v2\/pages\/4575\/revisions\/4582"}],"up":[{"embeddable":true,"href":"https:\/\/coinkickoff.com\/it\/wp-json\/wp\/v2\/pages\/4440"}],"wp:featuredmedia":[{"embeddable":true,"href":"https:\/\/coinkickoff.com\/it\/wp-json\/wp\/v2\/media\/4576"}],"wp:attachment":[{"href":"https:\/\/coinkickoff.com\/it\/wp-json\/wp\/v2\/media?parent=4575"}],"curies":[{"name":"wp","href":"https:\/\/api.w.org\/{rel}","templated":true}]}}