{"id":4404,"date":"2026-01-08T14:07:11","date_gmt":"2026-01-08T14:07:11","guid":{"rendered":"https:\/\/coinkickoff.com\/?page_id=4404"},"modified":"2026-01-08T14:07:11","modified_gmt":"2026-01-08T14:07:11","slug":"how-to-buy-litecoin-on-kucoin","status":"publish","type":"page","link":"https:\/\/coinkickoff.com\/it\/how-to-buy-litecoin\/how-to-buy-litecoin-on-kucoin\/","title":{"rendered":"Come acquistare Litecoin su Kucoin"},"content":{"rendered":"<div id=\"ez-toc-container\" class=\"ez-toc-v2_0_80 counter-hierarchy ez-toc-counter ez-toc-transparent ez-toc-container-direction\">\n<div class=\"ez-toc-title-container\">\n<p class=\"ez-toc-title\" style=\"cursor:inherit\">Sezioni<\/p>\n<span class=\"ez-toc-title-toggle\"><a href=\"#\" class=\"ez-toc-pull-right ez-toc-btn ez-toc-btn-xs ez-toc-btn-default ez-toc-toggle\" aria-label=\"Allinea la tabella dei contenuti\"><span class=\"ez-toc-js-icon-con\"><span class=\"\"><span class=\"eztoc-hide\" style=\"display:none;\">Toggle<\/span><span class=\"ez-toc-icon-toggle-span\"><svg style=\"fill: #999;color:#999\" xmlns=\"http:\/\/www.w3.org\/2000\/svg\" class=\"list-377408\" width=\"20px\" height=\"20px\" viewbox=\"0 0 24 24\" fill=\"none\"><path d=\"M6 6H4v2h2V6zm14 0H8v2h12V6zM4 11h2v2H4v-2zm16 0H8v2h12v-2zM4 16h2v2H4v-2zm16 0H8v2h12v-2z\" fill=\"currentColor\"><\/path><\/svg><svg style=\"fill: #999;color:#999\" class=\"arrow-unsorted-368013\" xmlns=\"http:\/\/www.w3.org\/2000\/svg\" width=\"10px\" height=\"10px\" viewbox=\"0 0 24 24\" version=\"1.2\" baseprofile=\"tiny\"><path d=\"M18.2 9.3l-6.2-6.3-6.2 6.3c-.2.2-.3.4-.3.7s.1.5.3.7c.2.2.4.3.7.3h11c.3 0 .5-.1.7-.3.2-.2.3-.5.3-.7s-.1-.5-.3-.7zM5.8 14.7l6.2 6.3 6.2-6.3c.2-.2.3-.5.3-.7s-.1-.5-.3-.7c-.2-.2-.4-.3-.7-.3h-11c-.3 0-.5.1-.7.3-.2.2-.3.5-.3.7s.1.5.3.7z\"\/><\/svg><\/span><\/span><\/span><\/a><\/span><\/div>\n<nav><ul class='ez-toc-list ez-toc-list-level-1 eztoc-toggle-hide-by-default' ><li class='ez-toc-page-1 ez-toc-heading-level-2'><a class=\"ez-toc-link ez-toc-heading-1\" href=\"https:\/\/coinkickoff.com\/it\/how-to-buy-litecoin\/how-to-buy-litecoin-on-kucoin\/#How_to_Buy_Litecoin_on_Kucoin\" >Come acquistare Litecoin su Kucoin<\/a><\/li><li class='ez-toc-page-1 ez-toc-heading-level-2'><a class=\"ez-toc-link ez-toc-heading-2\" href=\"https:\/\/coinkickoff.com\/it\/how-to-buy-litecoin\/how-to-buy-litecoin-on-kucoin\/#A_Step-By-Step_Guide_on_How_to_Buy_Litecoin_on_Kucoin\" >Una guida passo-passo su come acquistare Litecoin su Kucoin<\/a><ul class='ez-toc-list-level-3' ><li class='ez-toc-heading-level-3'><a class=\"ez-toc-link ez-toc-heading-3\" href=\"https:\/\/coinkickoff.com\/it\/how-to-buy-litecoin\/how-to-buy-litecoin-on-kucoin\/#1_Register_an_Account\" >1. Registrazione di un account<\/a><\/li><li class='ez-toc-page-1 ez-toc-heading-level-3'><a class=\"ez-toc-link ez-toc-heading-4\" href=\"https:\/\/coinkickoff.com\/it\/how-to-buy-litecoin\/how-to-buy-litecoin-on-kucoin\/#2_Verify_Your_Account\" >2. Verifica dell'account<\/a><\/li><li class='ez-toc-page-1 ez-toc-heading-level-3'><a class=\"ez-toc-link ez-toc-heading-5\" href=\"https:\/\/coinkickoff.com\/it\/how-to-buy-litecoin\/how-to-buy-litecoin-on-kucoin\/#3_Deposit_Crypto\" >3. Deposito di criptovalute<\/a><\/li><li class='ez-toc-page-1 ez-toc-heading-level-3'><a class=\"ez-toc-link ez-toc-heading-6\" href=\"https:\/\/coinkickoff.com\/it\/how-to-buy-litecoin\/how-to-buy-litecoin-on-kucoin\/#4_Navigate_to_the_Relevant_Screen_to_Buy\" >4. Passare alla schermata pertinente per l'acquisto<\/a><ul class='ez-toc-list-level-4' ><li class='ez-toc-heading-level-4'><a class=\"ez-toc-link ez-toc-heading-7\" href=\"https:\/\/coinkickoff.com\/it\/how-to-buy-litecoin\/how-to-buy-litecoin-on-kucoin\/#Fast_Trade\" >Commercio veloce<\/a><\/li><li class='ez-toc-page-1 ez-toc-heading-level-4'><a class=\"ez-toc-link ez-toc-heading-8\" href=\"https:\/\/coinkickoff.com\/it\/how-to-buy-litecoin\/how-to-buy-litecoin-on-kucoin\/#Third-Party\" >Terze parti<\/a><\/li><li class='ez-toc-page-1 ez-toc-heading-level-4'><a class=\"ez-toc-link ez-toc-heading-9\" href=\"https:\/\/coinkickoff.com\/it\/how-to-buy-litecoin\/how-to-buy-litecoin-on-kucoin\/#How_to_Buy_Litecoin_with_Crypto\" >Come acquistare Litecoin con Crypto<\/a><\/li><\/ul><\/li><\/ul><\/li><\/ul><\/nav><\/div>\n<h2><span class=\"ez-toc-section\" id=\"How_to_Buy_Litecoin_on_Kucoin\"><\/span><span style=\"font-weight: 400;\">Come acquistare Litecoin su Kucoin<\/span><span class=\"ez-toc-section-end\"><\/span><\/h2>\n<p><span style=\"font-weight: 400;\">Se avete bisogno di una guida su come acquistare <a href=\"https:\/\/coinkickoff.com\/it\/litecoin-ltc\/\" data-internallinksmanager029f6b8e52c=\"21\" title=\"Che cosa \u00e8 Litecoin (LTC)? Prezzo, storia e dove acquistare\">Litecoin<\/a> su <a href=\"https:\/\/coinkickoff.com\/it\/kucoin-review\/\" data-internallinksmanager029f6b8e52c=\"153\" title=\"KuCoin Recensioni 2023: Costi, sicurezza, pro e contro\">Kucoin<\/a>siete nel posto giusto! Vediamo come acquistare LTC su Kucoin in pochi semplici passi.<\/span><\/p>\n<h2><span class=\"ez-toc-section\" id=\"A_Step-By-Step_Guide_on_How_to_Buy_Litecoin_on_Kucoin\"><\/span><span style=\"font-weight: 400;\">Una guida passo-passo su come acquistare Litecoin su Kucoin<\/span><span class=\"ez-toc-section-end\"><\/span><\/h2>\n<h3><span class=\"ez-toc-section\" id=\"1_Register_an_Account\"><\/span><span style=\"font-weight: 400;\">1. Registrazione di un account<\/span><span class=\"ez-toc-section-end\"><\/span><\/h3>\n<p><img loading=\"lazy\" decoding=\"async\" class=\"alignnone wp-image-3269 size-full\" src=\"https:\/\/coinkickoff.com\/wp-content\/uploads\/kucoin-register.png\" alt=\"acquistare doge sul registro kucoin\" width=\"1421\" height=\"788\" srcset=\"https:\/\/coinkickoff.com\/wp-content\/uploads\/kucoin-register.png 1421w, https:\/\/coinkickoff.com\/wp-content\/uploads\/kucoin-register-300x166.png 300w, https:\/\/coinkickoff.com\/wp-content\/uploads\/kucoin-register-1024x568.png 1024w, https:\/\/coinkickoff.com\/wp-content\/uploads\/kucoin-register-768x426.png 768w, https:\/\/coinkickoff.com\/wp-content\/uploads\/kucoin-register-18x10.png 18w\" sizes=\"auto, (max-width: 1421px) 100vw, 1421px\" \/><\/p>\n<p><span style=\"font-weight: 400;\">Vai al sito <\/span><a href=\"https:\/\/www.kucoin.com\/r\/af\/rMJPV3B\" target=\"_blank\" rel=\"noopener\"><span style=\"font-weight: 400;\">Kucoin<\/span><\/a><span style=\"font-weight: 400;\"> e registrarsi con il proprio indirizzo e-mail o numero di telefono.\u00a0<\/span><\/p>\n<h3><span class=\"ez-toc-section\" id=\"2_Verify_Your_Account\"><\/span><span style=\"font-weight: 400;\">2. Verifica dell'account<\/span><span class=\"ez-toc-section-end\"><\/span><\/h3>\n<p><span style=\"font-weight: 400;\">Se si possiedono asset digitali che si possono scambiare con Litecoin, non \u00e8 necessario verificare la propria identit\u00e0. Potete passare alla fase successiva per vedere come depositare le attivit\u00e0 cripto su Kucoin.<\/span><\/p>\n<p><span style=\"font-weight: 400;\">Se non disponete ancora di beni digitali, non preoccupatevi! La verifica dell'identit\u00e0 \u00e8 molto semplice e pu\u00f2 essere completata in pochi minuti.<\/span><\/p>\n<p><span style=\"font-weight: 400;\">Il nome utente viene visualizzato nella parte superiore destra della pagina. Si accede cos\u00ec al proprio profilo utente.<\/span><\/p>\n<p><span style=\"font-weight: 400;\">Andate alla scheda \"Verifica dell'identit\u00e0\" nel vostro profilo e fate clic su \"Verifica\" per \"Funzioni avanzate\".<\/span><\/p>\n<p><img loading=\"lazy\" decoding=\"async\" class=\"alignnone wp-image-3272 size-full\" src=\"https:\/\/coinkickoff.com\/wp-content\/uploads\/kucoin-identity-verification.png\" alt=\"kucoin verifica id 1\" width=\"1420\" height=\"785\" srcset=\"https:\/\/coinkickoff.com\/wp-content\/uploads\/kucoin-identity-verification.png 1420w, https:\/\/coinkickoff.com\/wp-content\/uploads\/kucoin-identity-verification-300x166.png 300w, https:\/\/coinkickoff.com\/wp-content\/uploads\/kucoin-identity-verification-1024x566.png 1024w, https:\/\/coinkickoff.com\/wp-content\/uploads\/kucoin-identity-verification-768x425.png 768w, https:\/\/coinkickoff.com\/wp-content\/uploads\/kucoin-identity-verification-18x10.png 18w\" sizes=\"auto, (max-width: 1420px) 100vw, 1420px\" \/><\/p>\n<p><span style=\"font-weight: 400;\">Il completamento della verifica avanzata consente di depositare e prelevare denaro fiat su Kucoin. Inoltre, aumenter\u00e0 notevolmente i vostri limiti di trading e di prelievo.<\/span><\/p>\n<p><span style=\"font-weight: 400;\">Il sistema di verifica \u00e8 semplice: basta compilare un questionario di informazioni personali, caricare un documento d'identit\u00e0 rilasciato dal governo per verificare le informazioni e completare la verifica del volto.<\/span><\/p>\n<p><img loading=\"lazy\" decoding=\"async\" class=\"alignnone wp-image-3270 size-full\" src=\"https:\/\/coinkickoff.com\/wp-content\/uploads\/kucoin-id-verification-2.png\" alt=\"kucoin verifica identit\u00e0 2\" width=\"1407\" height=\"706\" srcset=\"https:\/\/coinkickoff.com\/wp-content\/uploads\/kucoin-id-verification-2.png 1407w, https:\/\/coinkickoff.com\/wp-content\/uploads\/kucoin-id-verification-2-300x151.png 300w, https:\/\/coinkickoff.com\/wp-content\/uploads\/kucoin-id-verification-2-1024x514.png 1024w, https:\/\/coinkickoff.com\/wp-content\/uploads\/kucoin-id-verification-2-768x385.png 768w, https:\/\/coinkickoff.com\/wp-content\/uploads\/kucoin-id-verification-2-18x9.png 18w\" sizes=\"auto, (max-width: 1407px) 100vw, 1407px\" \/><\/p>\n<p><span style=\"font-weight: 400;\">Per confermare il proprio documento d'identit\u00e0 \u00e8 possibile utilizzare la carta d'identit\u00e0 nazionale, la patente di guida o la pagina del passaporto. Preparate il vostro documento d'identit\u00e0 e fate clic su \"Accetta e continua\".<\/span><\/p>\n<p><img loading=\"lazy\" decoding=\"async\" class=\"alignnone wp-image-3271 size-full\" src=\"https:\/\/coinkickoff.com\/wp-content\/uploads\/kucoin-id-verification-3.png\" alt=\"kucoin verifica id 3 \" width=\"1412\" height=\"789\" srcset=\"https:\/\/coinkickoff.com\/wp-content\/uploads\/kucoin-id-verification-3.png 1412w, https:\/\/coinkickoff.com\/wp-content\/uploads\/kucoin-id-verification-3-300x168.png 300w, https:\/\/coinkickoff.com\/wp-content\/uploads\/kucoin-id-verification-3-1024x572.png 1024w, https:\/\/coinkickoff.com\/wp-content\/uploads\/kucoin-id-verification-3-768x429.png 768w, https:\/\/coinkickoff.com\/wp-content\/uploads\/kucoin-id-verification-3-18x10.png 18w\" sizes=\"auto, (max-width: 1412px) 100vw, 1412px\" \/><\/p>\n<p><span style=\"font-weight: 400;\">Immettere le informazioni e fare clic su \"Avanti\". Seguite le istruzioni sullo schermo per completare la verifica dell'identit\u00e0.<\/span><\/p>\n<h3><span class=\"ez-toc-section\" id=\"3_Deposit_Crypto\"><\/span><span style=\"font-weight: 400;\">3. Deposito di criptovalute<\/span><span class=\"ez-toc-section-end\"><\/span><\/h3>\n<p><span style=\"font-weight: 400;\">Se si dispone di attivit\u00e0 digitali in un portafoglio esterno, \u00e8 possibile trasferirle in Kucoin e scambiarle con LTC sul mercato a pronti. Se questa non \u00e8 un'opzione per voi, proseguite al passo successivo per vedere come acquistare Litecoin con denaro fiat.<\/span><\/p>\n<p><span style=\"font-weight: 400;\">Fare clic sul menu \"Attivit\u00e0\" in alto a destra della pagina web.<\/span><\/p>\n<p><img loading=\"lazy\" decoding=\"async\" class=\"alignnone wp-image-3273 size-full\" src=\"https:\/\/coinkickoff.com\/wp-content\/uploads\/kucoin-deposit.png\" alt=\"kucoin fondi di deposito 1\" width=\"1427\" height=\"758\" srcset=\"https:\/\/coinkickoff.com\/wp-content\/uploads\/kucoin-deposit.png 1427w, https:\/\/coinkickoff.com\/wp-content\/uploads\/kucoin-deposit-300x159.png 300w, https:\/\/coinkickoff.com\/wp-content\/uploads\/kucoin-deposit-1024x544.png 1024w, https:\/\/coinkickoff.com\/wp-content\/uploads\/kucoin-deposit-768x408.png 768w, https:\/\/coinkickoff.com\/wp-content\/uploads\/kucoin-deposit-18x10.png 18w\" sizes=\"auto, (max-width: 1427px) 100vw, 1427px\" \/><\/p>\n<p><span style=\"font-weight: 400;\">Qui \u00e8 possibile vedere tutti i saldi. Fare clic sul pulsante \"Deposito\" e selezionare la valuta digitale che si desidera trasferire a Kucoin.<\/span><\/p>\n<p><span style=\"font-weight: 400;\">Ad esempio, se avete dato <a href=\"https:\/\/coinkickoff.com\/it\/tether-usdt\/\" data-internallinksmanager029f6b8e52c=\"3\" title=\"Che cos&#039;\u00e8 l&#039;Tether (USDT)? Come funziona e dove si compra?\">USDT<\/a>, fare clic su USDT e si otterr\u00e0 un codice QR. Questo codice QR rappresenta il vostro indirizzo USDT su Kucoin. Quando si desidera trasferire USDT a Kucoin, utilizzare questo codice QR come indirizzo di prelievo.<\/span><\/p>\n<p><span style=\"font-weight: 400;\">Non utilizzare mai un indirizzo di portafoglio USDT per trasferire altre criptovalute. Ogni indirizzo di portafoglio \u00e8 specifico per la valuta: \u00e8 possibile trasferire solo BTC a un indirizzo di portafoglio USDT. <a href=\"https:\/\/coinkickoff.com\/it\/bitcoin-btc\/\" data-internallinksmanager029f6b8e52c=\"1\" title=\"Che cos&#039;\u00e8 il Bitcoin (BTC)? Prezzo, storia e dove acquistare\">Bitcoin<\/a> indirizzo, ETH ad un <a href=\"https:\/\/coinkickoff.com\/it\/ethereum-eth\/\" data-internallinksmanager029f6b8e52c=\"2\" title=\"Che cosa \u00e8 Ethereum (ETH)? Prezzo, storia e dove si compra\">Ethereum<\/a> indirizzo, <a href=\"https:\/\/coinkickoff.com\/it\/punto-polkadot\/\" data-internallinksmanager029f6b8e52c=\"12\" title=\"Che cos&#039;\u00e8 l&#039;Polkadot (DOT)? Come funziona e dove si compra?\">Polkadot<\/a> a un indirizzo DOT e cos\u00ec via.<\/span><\/p>\n<h3><span class=\"ez-toc-section\" id=\"4_Navigate_to_the_Relevant_Screen_to_Buy\"><\/span><span style=\"font-weight: 400;\">4. Passare alla schermata pertinente per l'acquisto<\/span><span class=\"ez-toc-section-end\"><\/span><\/h3>\n<p><span style=\"font-weight: 400;\">Sulla vostra homepage, fate clic sul menu \"Acquista cripto\". Vedrete diverse opzioni, come \"Fast Trade\", \"P2P\" e \"Third-Party\".<\/span><\/p>\n<p><span style=\"font-weight: 400;\">Non \u00e8 possibile acquistare l'Litecoin con le transazioni P2P, ma gli altri due sono perfettamente validi e abbastanza facili da usare.<\/span><\/p>\n<p><img loading=\"lazy\" decoding=\"async\" class=\"alignnone wp-image-3274 size-full\" src=\"https:\/\/coinkickoff.com\/wp-content\/uploads\/kucoin-buy-crypto.png\" alt=\"kucoin acquistare schermo\" width=\"1418\" height=\"692\" srcset=\"https:\/\/coinkickoff.com\/wp-content\/uploads\/kucoin-buy-crypto.png 1418w, https:\/\/coinkickoff.com\/wp-content\/uploads\/kucoin-buy-crypto-300x146.png 300w, https:\/\/coinkickoff.com\/wp-content\/uploads\/kucoin-buy-crypto-1024x500.png 1024w, https:\/\/coinkickoff.com\/wp-content\/uploads\/kucoin-buy-crypto-768x375.png 768w, https:\/\/coinkickoff.com\/wp-content\/uploads\/kucoin-buy-crypto-18x9.png 18w\" sizes=\"auto, (max-width: 1418px) 100vw, 1418px\" \/><\/p>\n<p><span style=\"font-weight: 400;\">La differenza principale tra una transazione veloce e una di terze parti \u00e8 il metodo di pagamento. Con il commercio veloce, \u00e8 possibile utilizzare la carta di credito per acquistare Litecoin, mentre con le terze parti \u00e8 possibile utilizzare processori di pagamento come Simplex e Banxa.<\/span><\/p>\n<h4><span class=\"ez-toc-section\" id=\"Fast_Trade\"><\/span><span style=\"font-weight: 400;\">Commercio veloce<\/span><span class=\"ez-toc-section-end\"><\/span><\/h4>\n<p><span style=\"font-weight: 400;\">Inserire l'importo che si desidera investire nella colonna \"Voglio spendere\".<\/span><\/p>\n<h4><img loading=\"lazy\" decoding=\"async\" class=\"alignnone wp-image-3275 size-full\" style=\"font-family: Muli, sans-serif;\" src=\"https:\/\/coinkickoff.com\/wp-content\/uploads\/kucoin-buy-crypto-one-click.png\" alt=\"kucoin acquistare con un clic\" width=\"1421\" height=\"770\" srcset=\"https:\/\/coinkickoff.com\/wp-content\/uploads\/kucoin-buy-crypto-one-click.png 1421w, https:\/\/coinkickoff.com\/wp-content\/uploads\/kucoin-buy-crypto-one-click-300x163.png 300w, https:\/\/coinkickoff.com\/wp-content\/uploads\/kucoin-buy-crypto-one-click-1024x555.png 1024w, https:\/\/coinkickoff.com\/wp-content\/uploads\/kucoin-buy-crypto-one-click-768x416.png 768w, https:\/\/coinkickoff.com\/wp-content\/uploads\/kucoin-buy-crypto-one-click-18x10.png 18w\" sizes=\"auto, (max-width: 1421px) 100vw, 1421px\" \/><\/h4>\n<p><span style=\"font-weight: 400;\">Impostare la colonna \"Ricezione\" su Litecoin.<\/span><\/p>\n<p><img loading=\"lazy\" decoding=\"async\" class=\"alignnone wp-image-3276 size-full\" src=\"https:\/\/coinkickoff.com\/wp-content\/uploads\/kucoin-select-paymnet-method.png\" alt=\"come acquistare Polygon su Kucoin\" width=\"1424\" height=\"794\" srcset=\"https:\/\/coinkickoff.com\/wp-content\/uploads\/kucoin-select-paymnet-method.png 1424w, https:\/\/coinkickoff.com\/wp-content\/uploads\/kucoin-select-paymnet-method-300x167.png 300w, https:\/\/coinkickoff.com\/wp-content\/uploads\/kucoin-select-paymnet-method-1024x571.png 1024w, https:\/\/coinkickoff.com\/wp-content\/uploads\/kucoin-select-paymnet-method-768x428.png 768w, https:\/\/coinkickoff.com\/wp-content\/uploads\/kucoin-select-paymnet-method-18x10.png 18w\" sizes=\"auto, (max-width: 1424px) 100vw, 1424px\" \/><\/p>\n<p><span style=\"font-weight: 400;\">Infine, aggiungere un metodo di pagamento. Come si pu\u00f2 vedere, \u00e8 possibile aggiungere una carta di debito o di credito al proprio account Kucoin. Una volta aggiunta una carta, \u00e8 possibile utilizzarla per i prossimi acquisti.<\/span><\/p>\n<p><span style=\"font-weight: 400;\">Immettere i dati della carta e premere \"Acquista LTC\". Verr\u00e0 visualizzata un'anteprima dei dettagli dell'ordine, comprese tutte le spese applicabili. Se tutto sembra a posto, fare clic su \"Conferma\". L'acquisto sar\u00e0 completato all'istante.<\/span><\/p>\n<p><span style=\"font-weight: 400;\">Cosa succede se non \u00e8 possibile utilizzare la carta di debito\/credito per acquistare Litecoin tramite Fast Trade? Questo pu\u00f2 accadere a causa di diversi problemi, tra cui le restrizioni implementate dalla vostra banca e\/o il fallimento di Fast Trade.<\/span><\/p>\n<p><span style=\"font-weight: 400;\">In alternativa, potreste sentirvi a disagio nel lasciare i dati della vostra carta di credito su Kucoin. In questo caso, si pu\u00f2 optare per l'acquisto da parte di terzi.<\/span><\/p>\n<h4><span class=\"ez-toc-section\" id=\"Third-Party\"><\/span><span style=\"font-weight: 400;\">Terze parti<\/span><span class=\"ez-toc-section-end\"><\/span><\/h4>\n<p><span style=\"font-weight: 400;\">L'acquisto da parte di terzi consente di pagare l'acquisto tramite canali di pagamento indipendenti. Questi canali di pagamento vendono le criptovalute alle proprie tariffe, che di solito sono pi\u00f9 alte rispetto a quelle del mercato a pronti, ma uguali ai prezzi del commercio veloce.<\/span><\/p>\n<p><img loading=\"lazy\" decoding=\"async\" class=\"alignnone wp-image-3278 size-full\" src=\"https:\/\/coinkickoff.com\/wp-content\/uploads\/kucoin-screenshot.png\" alt=\"Come acquistare Cardano su Kucoin come acquistare polkadot su kucoin come acquistare Litecoin su Kucoin\" width=\"1436\" height=\"673\" srcset=\"https:\/\/coinkickoff.com\/wp-content\/uploads\/kucoin-screenshot.png 1436w, https:\/\/coinkickoff.com\/wp-content\/uploads\/kucoin-screenshot-300x141.png 300w, https:\/\/coinkickoff.com\/wp-content\/uploads\/kucoin-screenshot-1024x480.png 1024w, https:\/\/coinkickoff.com\/wp-content\/uploads\/kucoin-screenshot-768x360.png 768w, https:\/\/coinkickoff.com\/wp-content\/uploads\/kucoin-screenshot-18x8.png 18w\" sizes=\"auto, (max-width: 1436px) 100vw, 1436px\" \/><\/p>\n<p><span style=\"font-weight: 400;\">L'acquisto da parte di terzi \u00e8 molto semplice: inserite l'importo che volete spendere e scegliete Litecoin come valuta da ricevere.<\/span><\/p>\n<p><span style=\"font-weight: 400;\">Selezionare un metodo di pagamento e un processore di pagamento. Fare clic su \"Conferma\" per continuare.<\/span><\/p>\n<p><span style=\"font-weight: 400;\">A questo punto, lascerete il sito web di Kucoin per il sito web del processore di pagamento. Se si dispone gi\u00e0 di un account, \u00e8 possibile completare immediatamente la transazione. Se non si dispone di un account, \u00e8 possibile crearlo rapidamente e completare la transazione.\u00a0<\/span><\/p>\n<h4><span class=\"ez-toc-section\" id=\"How_to_Buy_Litecoin_with_Crypto\"><\/span><span style=\"font-weight: 400;\">Come acquistare Litecoin con Crypto<\/span><span class=\"ez-toc-section-end\"><\/span><\/h4>\n<p><span style=\"font-weight: 400;\">Infine, \u00e8 possibile acquistare Litecoin sul mercato a pronti Kucoin con le criptovalute.\u00a0<\/span><\/p>\n<p><span style=\"font-weight: 400;\">Nel cruscotto, selezionare il menu \"Trading\" e premere \"Spot Trading\". Sulla pagina appariranno diverse coppie, come BTC\/USDT, ETH\/USDT, <a href=\"https:\/\/coinkickoff.com\/it\/dogecoin-doge\/\" data-internallinksmanager029f6b8e52c=\"14\" title=\"Che cos&#039;\u00e8 Dogecoin (DOGE)? Come funziona e dove si compra?\">DOGE<\/a>\/USDT, e cos\u00ec via.\u00a0<\/span><\/p>\n<p><span style=\"font-weight: 400;\">Una parte significativa di tutti gli scambi di criptovalute \u00e8 denominata in USDT, quindi \u00e8 possibile acquistare e vendere la maggior parte degli coins per USDT, compresi gli Litecoin.\u00a0<\/span><\/p>\n<p><span style=\"font-weight: 400;\">Ad esempio, se si dispone di Polkadot, non \u00e8 possibile scambiarlo direttamente con Litecoin, ma \u00e8 possibile scambiarlo con USDT e quindi utilizzare USDT per acquistare LTC.<\/span><\/p>\n<p><span style=\"font-weight: 400;\">Innanzitutto, selezionare la coppia di trading che si desidera scambiare (ad esempio, LTC\/USDT). Quindi, compilare il modulo d'ordine regolando l'importo di USDT che si desidera spendere in LTC.<\/span><\/p>\n<p><span style=\"font-weight: 400;\">Kucoin consente di piazzare ordini \"Market\" e \"Limit\". Per i principianti, suggeriamo di selezionare un ordine di mercato. Se si desidera esplorare altre opzioni, \u00e8 possibile saperne di pi\u00f9 su <\/span><a href=\"https:\/\/www.kucoin.com\/support\/900006714063\" target=\"_blank\" rel=\"noopener\"><span style=\"font-weight: 400;\">diversi tipi di ordine<\/span><\/a><span style=\"font-weight: 400;\"> prima di continuare<\/span><\/p>\n<p><span style=\"font-weight: 400;\">Al termine, fare clic su \"Acquista\".<\/span><\/p>\n<p><span style=\"font-weight: 400;\">Ora conoscete tre modi diversi per acquistare Litecoin su Kucoin! Se vi \u00e8 piaciuto il nostro \"<\/span><i><span style=\"font-weight: 400;\">Come acquistare Litecoin su Kucoin\".<\/span><\/i><span style=\"font-weight: 400;\"> guida, potrebbe piacervi anche la nostra <\/span><a href=\"https:\/\/coinkickoff.com\/it\/crypto-exchanges\/\"><span style=\"font-weight: 400;\">recensioni di scambio<\/span><\/a><span style=\"font-weight: 400;\"> e <a href=\"https:\/\/coinkickoff.com\/it\/how-to-buy-bitcoin\/\">altre guide<\/a>.<\/span><\/p>","protected":false},"excerpt":{"rendered":"<p>Come acquistare Litecoin su Kucoin Se avete bisogno di una guida su come acquistare Litecoin su Kucoin, siete nel posto giusto! Vediamo come acquistare LTC su Kucoin in pochi semplici passi. Guida passo-passo su come comprare Litecoin su Kucoin 1. Registra un account Vai al sito Kucoin [...]<\/p>","protected":false},"author":3,"featured_media":0,"parent":4392,"menu_order":0,"comment_status":"closed","ping_status":"closed","template":"","meta":{"_genesis_hide_title":false,"_genesis_hide_breadcrumbs":false,"_genesis_hide_singular_image":false,"_genesis_hide_footer_widgets":false,"_genesis_custom_body_class":"","_genesis_custom_post_class":"","_genesis_layout":"","_glsr_average":0,"_glsr_ranking":0,"_glsr_reviews":0,"footnotes":""},"class_list":{"0":"post-4404","1":"page","2":"type-page","3":"status-publish","5":"entry"},"featured_image_src":null,"featured_image_src_square":null,"_links":{"self":[{"href":"https:\/\/coinkickoff.com\/it\/wp-json\/wp\/v2\/pages\/4404","targetHints":{"allow":["GET"]}}],"collection":[{"href":"https:\/\/coinkickoff.com\/it\/wp-json\/wp\/v2\/pages"}],"about":[{"href":"https:\/\/coinkickoff.com\/it\/wp-json\/wp\/v2\/types\/page"}],"author":[{"embeddable":true,"href":"https:\/\/coinkickoff.com\/it\/wp-json\/wp\/v2\/users\/3"}],"replies":[{"embeddable":true,"href":"https:\/\/coinkickoff.com\/it\/wp-json\/wp\/v2\/comments?post=4404"}],"version-history":[{"count":2,"href":"https:\/\/coinkickoff.com\/it\/wp-json\/wp\/v2\/pages\/4404\/revisions"}],"predecessor-version":[{"id":4406,"href":"https:\/\/coinkickoff.com\/it\/wp-json\/wp\/v2\/pages\/4404\/revisions\/4406"}],"up":[{"embeddable":true,"href":"https:\/\/coinkickoff.com\/it\/wp-json\/wp\/v2\/pages\/4392"}],"wp:attachment":[{"href":"https:\/\/coinkickoff.com\/it\/wp-json\/wp\/v2\/media?parent=4404"}],"curies":[{"name":"wp","href":"https:\/\/api.w.org\/{rel}","templated":true}]}}