{"id":4242,"date":"2026-01-08T14:07:09","date_gmt":"2026-01-08T14:07:09","guid":{"rendered":"https:\/\/coinkickoff.com\/?page_id=4242"},"modified":"2026-01-08T14:07:09","modified_gmt":"2026-01-08T14:07:09","slug":"how-to-buy-polkadot-on-huobi","status":"publish","type":"page","link":"https:\/\/coinkickoff.com\/it\/how-to-buy-polkadot\/how-to-buy-polkadot-on-huobi\/","title":{"rendered":"Come acquistare Polkadot su HTX"},"content":{"rendered":"<div id=\"ez-toc-container\" class=\"ez-toc-v2_0_80 counter-hierarchy ez-toc-counter ez-toc-transparent ez-toc-container-direction\">\n<div class=\"ez-toc-title-container\">\n<p class=\"ez-toc-title\" style=\"cursor:inherit\">Sezioni<\/p>\n<span class=\"ez-toc-title-toggle\"><a href=\"#\" class=\"ez-toc-pull-right ez-toc-btn ez-toc-btn-xs ez-toc-btn-default ez-toc-toggle\" aria-label=\"Allinea la tabella dei contenuti\"><span class=\"ez-toc-js-icon-con\"><span class=\"\"><span class=\"eztoc-hide\" style=\"display:none;\">Toggle<\/span><span class=\"ez-toc-icon-toggle-span\"><svg style=\"fill: #999;color:#999\" xmlns=\"http:\/\/www.w3.org\/2000\/svg\" class=\"list-377408\" width=\"20px\" height=\"20px\" viewbox=\"0 0 24 24\" fill=\"none\"><path d=\"M6 6H4v2h2V6zm14 0H8v2h12V6zM4 11h2v2H4v-2zm16 0H8v2h12v-2zM4 16h2v2H4v-2zm16 0H8v2h12v-2z\" fill=\"currentColor\"><\/path><\/svg><svg style=\"fill: #999;color:#999\" class=\"arrow-unsorted-368013\" xmlns=\"http:\/\/www.w3.org\/2000\/svg\" width=\"10px\" height=\"10px\" viewbox=\"0 0 24 24\" version=\"1.2\" baseprofile=\"tiny\"><path d=\"M18.2 9.3l-6.2-6.3-6.2 6.3c-.2.2-.3.4-.3.7s.1.5.3.7c.2.2.4.3.7.3h11c.3 0 .5-.1.7-.3.2-.2.3-.5.3-.7s-.1-.5-.3-.7zM5.8 14.7l6.2 6.3 6.2-6.3c.2-.2.3-.5.3-.7s-.1-.5-.3-.7c-.2-.2-.4-.3-.7-.3h-11c-.3 0-.5.1-.7.3-.2.2-.3.5-.3.7s.1.5.3.7z\"\/><\/svg><\/span><\/span><\/span><\/a><\/span><\/div>\n<nav><ul class='ez-toc-list ez-toc-list-level-1 eztoc-toggle-hide-by-default' ><li class='ez-toc-page-1 ez-toc-heading-level-2'><a class=\"ez-toc-link ez-toc-heading-1\" href=\"https:\/\/coinkickoff.com\/it\/how-to-buy-polkadot\/how-to-buy-polkadot-on-huobi\/#How_to_Buy_Polkadot_on_HTX\" >Come acquistare Polkadot su HTX<\/a><ul class='ez-toc-list-level-3' ><li class='ez-toc-heading-level-3'><a class=\"ez-toc-link ez-toc-heading-2\" href=\"https:\/\/coinkickoff.com\/it\/how-to-buy-polkadot\/how-to-buy-polkadot-on-huobi\/#1_Register_an_Account_on_HTX\" >1. Registrare un account su HTX<\/a><\/li><li class='ez-toc-page-1 ez-toc-heading-level-3'><a class=\"ez-toc-link ez-toc-heading-3\" href=\"https:\/\/coinkickoff.com\/it\/how-to-buy-polkadot\/how-to-buy-polkadot-on-huobi\/#2_Get_Verified_on_HTX\" >2. Ottenere la verifica su HTX<\/a><\/li><li class='ez-toc-page-1 ez-toc-heading-level-3'><a class=\"ez-toc-link ez-toc-heading-4\" href=\"https:\/\/coinkickoff.com\/it\/how-to-buy-polkadot\/how-to-buy-polkadot-on-huobi\/#3_Deposit_FundsCrypto\" >3. Deposito di fondi\/cripto<\/a><\/li><li class='ez-toc-page-1 ez-toc-heading-level-3'><a class=\"ez-toc-link ez-toc-heading-5\" href=\"https:\/\/coinkickoff.com\/it\/how-to-buy-polkadot\/how-to-buy-polkadot-on-huobi\/#4_Navigate_to_the_Relevant_Screen_to_Buy\" >4. Passare alla schermata pertinente per l'acquisto<\/a><\/li><\/ul><\/li><\/ul><\/nav><\/div>\n<h2><span class=\"ez-toc-section\" id=\"How_to_Buy_Polkadot_on_HTX\"><\/span><span style=\"font-weight: 400;\">Come acquistare Polkadot su HTX<\/span><span class=\"ez-toc-section-end\"><\/span><\/h2>\n<p><span style=\"font-weight: 400;\">Oggi vi aiuteremo ad imparare come acquistare <a href=\"https:\/\/coinkickoff.com\/it\/punto-polkadot\/\" data-internallinksmanager029f6b8e52c=\"12\" title=\"Che cos&#039;\u00e8 l&#039;Polkadot (DOT)? Come funziona e dove si compra?\">Polkadot<\/a> su <a href=\"https:\/\/coinkickoff.com\/it\/huobi-review\/\" data-internallinksmanager029f6b8e52c=\"172\" title=\"Recensioni HTX 2023: Tariffe, Caratteristiche, Sicurezza, Pro e Contro\">HTX<\/a>. Prima di iniziare, per\u00f2, vi consigliamo di dare un'occhiata al nostro <\/span><a href=\"https:\/\/coinkickoff.com\/it\/huobi-review\/\"><span style=\"font-weight: 400;\">Recensione di HTX<\/span><\/a><span style=\"font-weight: 400;\"> per saperne di pi\u00f9 sulla borsa. HTX \u00e8 noto per la sua <\/span><a href=\"https:\/\/protos.com\/tag\/huobi\/\" target=\"_blank\" rel=\"noopener\"><span style=\"font-weight: 400;\">collegamenti misteriosi a Justin Sun<\/span><\/a><span style=\"font-weight: 400;\">, una figura controversa nell'ecosistema delle criptovalute.<\/span><\/p>\n<p><span style=\"font-weight: 400;\">Ecco come acquistare Polkadot su HTX.<\/span><\/p>\n<h3><span class=\"ez-toc-section\" id=\"1_Register_an_Account_on_HTX\"><\/span><span style=\"font-weight: 400;\">1. Registrare un account su HTX<\/span><span class=\"ez-toc-section-end\"><\/span><\/h3>\n<p><span style=\"font-weight: 400;\">Vai al sito <\/span><a href=\"https:\/\/www.huobi.com\/en-us\/v\/register\/double-invite\/?inviter_id=11345710&amp;amp;invite_code=znsn6223\" target=\"_blank\" rel=\"noopener\"><span style=\"font-weight: 400;\">HTX<\/span><\/a><span style=\"font-weight: 400;\"> e registrare un account.<\/span><\/p>\n<p><img loading=\"lazy\" decoding=\"async\" class=\"alignnone wp-image-3561 size-full\" src=\"https:\/\/coinkickoff.com\/wp-content\/uploads\/Screen-Shot-2023-04-10-at-6.39.38-AM-e1686311283917.png\" alt=\"come acquistare dogecoin su huobi\" width=\"1335\" height=\"777\" srcset=\"https:\/\/coinkickoff.com\/wp-content\/uploads\/Screen-Shot-2023-04-10-at-6.39.38-AM-e1686311283917.png 1335w, https:\/\/coinkickoff.com\/wp-content\/uploads\/Screen-Shot-2023-04-10-at-6.39.38-AM-e1686311283917-300x175.png 300w, https:\/\/coinkickoff.com\/wp-content\/uploads\/Screen-Shot-2023-04-10-at-6.39.38-AM-e1686311283917-1024x596.png 1024w, https:\/\/coinkickoff.com\/wp-content\/uploads\/Screen-Shot-2023-04-10-at-6.39.38-AM-e1686311283917-768x447.png 768w, https:\/\/coinkickoff.com\/wp-content\/uploads\/Screen-Shot-2023-04-10-at-6.39.38-AM-e1686311283917-18x10.png 18w\" sizes=\"auto, (max-width: 1335px) 100vw, 1335px\" \/><\/p>\n<h3><span class=\"ez-toc-section\" id=\"2_Get_Verified_on_HTX\"><\/span><span style=\"font-weight: 400;\">2. Ottenere la verifica su HTX<\/span><span class=\"ez-toc-section-end\"><\/span><\/h3>\n<p><span style=\"font-weight: 400;\">Selezionate il simbolo del profilo sulla vostra dashboard e premete \"<\/span><a href=\"https:\/\/www.huobi.com\/en-us\/kyc\/t3\/?app_id=b3Rj5Z&amp;source=1\" target=\"_blank\" rel=\"noopener\"><span style=\"font-weight: 400;\">Verifica<\/span><\/a><span style=\"font-weight: 400;\">.\"<\/span><\/p>\n<p><img loading=\"lazy\" decoding=\"async\" class=\"alignnone wp-image-3859 size-full\" src=\"https:\/\/coinkickoff.com\/wp-content\/uploads\/huobi3.png\" alt=\"\" width=\"920\" height=\"500\" srcset=\"https:\/\/coinkickoff.com\/wp-content\/uploads\/huobi3.png 920w, https:\/\/coinkickoff.com\/wp-content\/uploads\/huobi3-300x163.png 300w, https:\/\/coinkickoff.com\/wp-content\/uploads\/huobi3-768x417.png 768w, https:\/\/coinkickoff.com\/wp-content\/uploads\/huobi3-18x10.png 18w\" sizes=\"auto, (max-width: 920px) 100vw, 920px\" \/><\/p>\n<p><span style=\"font-weight: 400;\">HTX prevede uno schema di verifica in tre fasi. \u00c8 necessario selezionare il proprio Paese, caricare un documento d'identit\u00e0 valido e superare la verifica facciale.<\/span><\/p>\n<p><img loading=\"lazy\" decoding=\"async\" class=\"alignnone wp-image-3860 size-full\" src=\"https:\/\/coinkickoff.com\/wp-content\/uploads\/huobi4.png\" alt=\"\" width=\"324\" height=\"297\" srcset=\"https:\/\/coinkickoff.com\/wp-content\/uploads\/huobi4.png 324w, https:\/\/coinkickoff.com\/wp-content\/uploads\/huobi4-300x275.png 300w, https:\/\/coinkickoff.com\/wp-content\/uploads\/huobi4-13x12.png 13w\" sizes=\"auto, (max-width: 324px) 100vw, 324px\" \/><\/p>\n<p><span style=\"font-weight: 400;\">I tipi di documenti d'identit\u00e0 accettati variano a seconda del Paese. Scegliete il Paese di residenza e preparate il documento d'identit\u00e0 necessario.<\/span><\/p>\n<p><img loading=\"lazy\" decoding=\"async\" class=\"alignnone wp-image-3861 size-full\" src=\"https:\/\/coinkickoff.com\/wp-content\/uploads\/huobi5.png\" alt=\"\" width=\"352\" height=\"312\" srcset=\"https:\/\/coinkickoff.com\/wp-content\/uploads\/huobi5.png 352w, https:\/\/coinkickoff.com\/wp-content\/uploads\/huobi5-300x266.png 300w, https:\/\/coinkickoff.com\/wp-content\/uploads\/huobi5-14x12.png 14w\" sizes=\"auto, (max-width: 352px) 100vw, 352px\" \/><\/p>\n<p><span style=\"font-weight: 400;\">Una volta caricato il vostro ID, tutto ci\u00f2 che dovete fare \u00e8 superare la verifica del volto. Potete facilmente completare questa fase in pochi minuti se avete una webcam funzionante.\u00a0<\/span><\/p>\n<p><span style=\"font-weight: 400;\">Una volta verificati, potrete utilizzare le valute fiat per acquistare asset crittografici su HTX. \u00c8 possibile aumentare il livello di verifica per accedere a funzioni di trading avanzate, ma non \u00e8 obbligatorio.<\/span><\/p>\n<p><img loading=\"lazy\" decoding=\"async\" class=\"alignnone wp-image-3863 size-full\" src=\"https:\/\/coinkickoff.com\/wp-content\/uploads\/huobi7.png\" alt=\"\" width=\"935\" height=\"984\" srcset=\"https:\/\/coinkickoff.com\/wp-content\/uploads\/huobi7.png 935w, https:\/\/coinkickoff.com\/wp-content\/uploads\/huobi7-285x300.png 285w, https:\/\/coinkickoff.com\/wp-content\/uploads\/huobi7-768x808.png 768w, https:\/\/coinkickoff.com\/wp-content\/uploads\/huobi7-11x12.png 11w\" sizes=\"auto, (max-width: 935px) 100vw, 935px\" \/><\/p>\n<h3><span class=\"ez-toc-section\" id=\"3_Deposit_FundsCrypto\"><\/span><span style=\"font-weight: 400;\">3. Deposito di fondi\/cripto<\/span><span class=\"ez-toc-section-end\"><\/span><\/h3>\n<p><span style=\"font-weight: 400;\">Per effettuare un deposito, accedere alla scheda \"Saldi\". Verr\u00e0 visualizzata una panoramica delle attivit\u00e0. Selezionare la voce \"Scambio\" dal menu a sinistra dello schermo.<\/span><\/p>\n<p><span style=\"font-weight: 400;\">Questa pagina visualizza i saldi del vostro conto di scambio HTX e offre un elenco delle attivit\u00e0 supportate da HTX.\u00a0<\/span><\/p>\n<p><span style=\"font-weight: 400;\">In questa pagina \u00e8 possibile depositare criptovalute o valute fiat sul proprio conto. Cercate il bene che volete trasferire e cliccate su \"Deposito\".<\/span><\/p>\n<p><img loading=\"lazy\" decoding=\"async\" class=\"alignnone wp-image-3867 size-full\" src=\"https:\/\/coinkickoff.com\/wp-content\/uploads\/huobideposit1-1.png\" alt=\"\" width=\"1326\" height=\"555\" srcset=\"https:\/\/coinkickoff.com\/wp-content\/uploads\/huobideposit1-1.png 1326w, https:\/\/coinkickoff.com\/wp-content\/uploads\/huobideposit1-1-300x126.png 300w, https:\/\/coinkickoff.com\/wp-content\/uploads\/huobideposit1-1-1024x429.png 1024w, https:\/\/coinkickoff.com\/wp-content\/uploads\/huobideposit1-1-768x321.png 768w, https:\/\/coinkickoff.com\/wp-content\/uploads\/huobideposit1-1-18x8.png 18w\" sizes=\"auto, (max-width: 1326px) 100vw, 1326px\" \/><\/p>\n<p><span style=\"font-weight: 400;\">Se volete effettuare un deposito in contanti, non dovete fare altro che selezionare una valuta e un metodo di pagamento.<\/span><\/p>\n<p><img loading=\"lazy\" decoding=\"async\" class=\"alignnone wp-image-3866 size-full\" src=\"https:\/\/coinkickoff.com\/wp-content\/uploads\/huobideposit2.png\" alt=\"\" width=\"589\" height=\"582\" srcset=\"https:\/\/coinkickoff.com\/wp-content\/uploads\/huobideposit2.png 589w, https:\/\/coinkickoff.com\/wp-content\/uploads\/huobideposit2-300x296.png 300w, https:\/\/coinkickoff.com\/wp-content\/uploads\/huobideposit2-12x12.png 12w, https:\/\/coinkickoff.com\/wp-content\/uploads\/huobideposit2-80x80.png 80w\" sizes=\"auto, (max-width: 589px) 100vw, 589px\" \/><\/p>\n<p><span style=\"font-weight: 400;\">Si noti che \u00e8 possibile effettuare un deposito solo da un conto bancario a proprio nome.<\/span><\/p>\n<p><img loading=\"lazy\" decoding=\"async\" class=\"alignnone wp-image-3870 size-full\" src=\"https:\/\/coinkickoff.com\/wp-content\/uploads\/huobdeposit3-2.png\" alt=\"\" width=\"997\" height=\"613\" srcset=\"https:\/\/coinkickoff.com\/wp-content\/uploads\/huobdeposit3-2.png 997w, https:\/\/coinkickoff.com\/wp-content\/uploads\/huobdeposit3-2-300x184.png 300w, https:\/\/coinkickoff.com\/wp-content\/uploads\/huobdeposit3-2-768x472.png 768w, https:\/\/coinkickoff.com\/wp-content\/uploads\/huobdeposit3-2-18x12.png 18w\" sizes=\"auto, (max-width: 997px) 100vw, 997px\" \/><\/p>\n<p><span style=\"font-weight: 400;\">Fare clic su \"Conferma\" per completare il deposito.<\/span><\/p>\n<p><span style=\"font-weight: 400;\">Se si desidera depositare una criptovaluta, la procedura \u00e8 la stessa. Trovate la vostra attivit\u00e0 digitale nell'elenco e fate clic su \"Deposita\".<\/span><\/p>\n<p><span style=\"font-weight: 400;\">Invece di un modulo di deposito, riceverete un indirizzo di deposito per quella valuta. Potete usare questo indirizzo per inviare la vostra criptovaluta a <a href=\"https:\/\/coinkickoff.com\/it\/kucoin-review\/\" data-internallinksmanager029f6b8e52c=\"153\" title=\"KuCoin Recensioni 2023: Costi, sicurezza, pro e contro\">Kucoin<\/a>.<\/span><\/p>\n<h3><span class=\"ez-toc-section\" id=\"4_Navigate_to_the_Relevant_Screen_to_Buy\"><\/span><span style=\"font-weight: 400;\">4. Passare alla schermata pertinente per l'acquisto<\/span><span class=\"ez-toc-section-end\"><\/span><\/h3>\n<p><span style=\"font-weight: 400;\">Sia che abbiate depositato sul vostro conto valute fiat o criptovalute, potete scambiarle con Polkadot sul mercato a pronti.<\/span><\/p>\n<p><span style=\"font-weight: 400;\">Per iniziare, selezionare \"Spot Trading\" dal menu \"Trade\".<\/span><\/p>\n<figure id=\"attachment_3563\" aria-describedby=\"caption-attachment-3563\" style=\"width: 1411px\" class=\"wp-caption alignnone\"><img loading=\"lazy\" decoding=\"async\" class=\"wp-image-3563 size-full\" src=\"https:\/\/coinkickoff.com\/wp-content\/uploads\/Screen-Shot-2023-04-10-at-7.24.48-AM-e1683782590693.png\" alt=\"come acquistare shiba inu su huobi come acquistare polkadot su huobi\" width=\"1411\" height=\"737\" srcset=\"https:\/\/coinkickoff.com\/wp-content\/uploads\/Screen-Shot-2023-04-10-at-7.24.48-AM-e1683782590693.png 1411w, https:\/\/coinkickoff.com\/wp-content\/uploads\/Screen-Shot-2023-04-10-at-7.24.48-AM-e1683782590693-300x157.png 300w, https:\/\/coinkickoff.com\/wp-content\/uploads\/Screen-Shot-2023-04-10-at-7.24.48-AM-e1683782590693-1024x535.png 1024w, https:\/\/coinkickoff.com\/wp-content\/uploads\/Screen-Shot-2023-04-10-at-7.24.48-AM-e1683782590693-768x401.png 768w, https:\/\/coinkickoff.com\/wp-content\/uploads\/Screen-Shot-2023-04-10-at-7.24.48-AM-e1683782590693-18x9.png 18w\" sizes=\"auto, (max-width: 1411px) 100vw, 1411px\" \/><figcaption id=\"caption-attachment-3563\" class=\"wp-caption-text\">huobi<\/figcaption><\/figure>\n<p><span style=\"font-weight: 400;\">Sul lato sinistro della pagina viene visualizzato un elenco di tutte le coppie di trading disponibili. Dal momento che si vuole acquistare l'DOT, il nostro primo obiettivo \u00e8 quello di vedere quali valute si possono scambiare con l'DOT.<\/span><\/p>\n<p><span style=\"font-weight: 400;\">Per fortuna qui c'\u00e8 una comoda casella di ricerca. Digitate \"DOT\" nella casella di ricerca e potrete vedere tutti gli abbinamenti disponibili.<\/span><\/p>\n<p><span style=\"font-weight: 400;\">Se esiste una coppia di trading per una valuta in vostro possesso, il vostro lavoro \u00e8 facile. Supponiamo che abbiate depositato 100 euro sulla piattaforma. Se c'\u00e8 una coppia DOT\/EUR, potete cliccare su di essa e scorrere verso il basso per piazzare un ordine.<\/span><\/p>\n<p><span style=\"font-weight: 400;\">Lo stesso vale per qualsiasi altra coppia di valute. Ad esempio, se avete <a href=\"https:\/\/coinkickoff.com\/it\/tether-usdt\/\" data-internallinksmanager029f6b8e52c=\"3\" title=\"Che cos&#039;\u00e8 l&#039;Tether (USDT)? Come funziona e dove si compra?\">USDT<\/a>\u00e8 possibile fare clic sull'accoppiamento USDT\/DOR per effettuare l'acquisto.<\/span><\/p>\n<p><span style=\"font-weight: 400;\">Le cose si complicano un po' se si possiede una valuta che non si accoppia con l'DOT. In questo caso, \u00e8 necessario scambiare le proprie attivit\u00e0 con una criptovaluta che si accoppi con l'DOT. In queste situazioni, l'USDT \u00e8 sempre una scommessa sicura, ma potete accertarvene esaminando gli accoppiamenti disponibili.<\/span><\/p>\n<p><span style=\"font-weight: 400;\">Una volta trovato l'abbinamento giusto, scorrere verso il basso per visualizzare il modulo d'ordine. Qui \u00e8 possibile effettuare un ordine di acquisto compilando il modulo.<\/span><\/p>\n<p><img loading=\"lazy\" decoding=\"async\" class=\"alignnone wp-image-3916 size-full\" src=\"https:\/\/coinkickoff.com\/wp-content\/uploads\/huobi-buy-e1690369656886.png\" alt=\"come acquistare bitcoin su huobi\" width=\"1438\" height=\"737\" srcset=\"https:\/\/coinkickoff.com\/wp-content\/uploads\/huobi-buy-e1690369656886.png 1438w, https:\/\/coinkickoff.com\/wp-content\/uploads\/huobi-buy-e1690369656886-300x154.png 300w, https:\/\/coinkickoff.com\/wp-content\/uploads\/huobi-buy-e1690369656886-1024x525.png 1024w, https:\/\/coinkickoff.com\/wp-content\/uploads\/huobi-buy-e1690369656886-768x394.png 768w, https:\/\/coinkickoff.com\/wp-content\/uploads\/huobi-buy-e1690369656886-18x9.png 18w\" sizes=\"auto, (max-width: 1438px) 100vw, 1438px\" \/><\/p>\n<p><span style=\"font-weight: 400;\">Avrete due opzioni: Potete piazzare un ordine di mercato o un ordine limite. Con un ordine di mercato, HTX vi offre il miglior prezzo disponibile per Polkadot e il vostro ordine viene eseguito abbastanza velocemente.<\/span><\/p>\n<p><span style=\"font-weight: 400;\">Se piazzate un ordine limite, potete decidere il prezzo che volete pagare per DOT. L'ordine verr\u00e0 eseguito non appena un'altra persona immetter\u00e0 un ordine di vendita corrispondente al prezzo indicato.<\/span><\/p>\n<p><img loading=\"lazy\" decoding=\"async\" class=\"alignnone wp-image-3917 size-full\" src=\"https:\/\/coinkickoff.com\/wp-content\/uploads\/huobi-buy2-e1690369675505.png\" alt=\"Come acquistare Ethereum su HTX\" width=\"1438\" height=\"777\" srcset=\"https:\/\/coinkickoff.com\/wp-content\/uploads\/huobi-buy2-e1690369675505.png 1438w, https:\/\/coinkickoff.com\/wp-content\/uploads\/huobi-buy2-e1690369675505-300x162.png 300w, https:\/\/coinkickoff.com\/wp-content\/uploads\/huobi-buy2-e1690369675505-1024x553.png 1024w, https:\/\/coinkickoff.com\/wp-content\/uploads\/huobi-buy2-e1690369675505-768x415.png 768w, https:\/\/coinkickoff.com\/wp-content\/uploads\/huobi-buy2-e1690369675505-18x10.png 18w\" sizes=\"auto, (max-width: 1438px) 100vw, 1438px\" \/><\/p>\n<p><span style=\"font-weight: 400;\">Premete \"Acquista DOT\" e il gioco \u00e8 fatto!<\/span><\/p>\n<p><span style=\"font-weight: 400;\">Se vi \u00e8 piaciuta la nostra guida \"Come acquistare Polkadot su HTX\", potreste anche apprezzare la guida <a href=\"https:\/\/coinkickoff.com\/it\/crypto-exchanges\/\">recensioni di exchnage<\/a> e guide!<\/span><\/p>","protected":false},"excerpt":{"rendered":"<p>Come acquistare Polkadot su HTX Oggi vi aiuteremo a capire come acquistare Polkadot su HTX. Ma prima di iniziare, vi consigliamo di dare un'occhiata alla nostra recensione di HTX per saperne di pi\u00f9 sull'exchange. HTX \u00e8 noto per i suoi misteriosi legami con Justin Sun, una figura controversa [...]<\/p>","protected":false},"author":3,"featured_media":0,"parent":4215,"menu_order":0,"comment_status":"closed","ping_status":"closed","template":"","meta":{"_genesis_hide_title":false,"_genesis_hide_breadcrumbs":false,"_genesis_hide_singular_image":false,"_genesis_hide_footer_widgets":false,"_genesis_custom_body_class":"","_genesis_custom_post_class":"","_genesis_layout":"","_glsr_average":0,"_glsr_ranking":0,"_glsr_reviews":0,"footnotes":""},"class_list":{"0":"post-4242","1":"page","2":"type-page","3":"status-publish","5":"entry"},"featured_image_src":null,"featured_image_src_square":null,"_links":{"self":[{"href":"https:\/\/coinkickoff.com\/it\/wp-json\/wp\/v2\/pages\/4242","targetHints":{"allow":["GET"]}}],"collection":[{"href":"https:\/\/coinkickoff.com\/it\/wp-json\/wp\/v2\/pages"}],"about":[{"href":"https:\/\/coinkickoff.com\/it\/wp-json\/wp\/v2\/types\/page"}],"author":[{"embeddable":true,"href":"https:\/\/coinkickoff.com\/it\/wp-json\/wp\/v2\/users\/3"}],"replies":[{"embeddable":true,"href":"https:\/\/coinkickoff.com\/it\/wp-json\/wp\/v2\/comments?post=4242"}],"version-history":[{"count":2,"href":"https:\/\/coinkickoff.com\/it\/wp-json\/wp\/v2\/pages\/4242\/revisions"}],"predecessor-version":[{"id":4244,"href":"https:\/\/coinkickoff.com\/it\/wp-json\/wp\/v2\/pages\/4242\/revisions\/4244"}],"up":[{"embeddable":true,"href":"https:\/\/coinkickoff.com\/it\/wp-json\/wp\/v2\/pages\/4215"}],"wp:attachment":[{"href":"https:\/\/coinkickoff.com\/it\/wp-json\/wp\/v2\/media?parent=4242"}],"curies":[{"name":"wp","href":"https:\/\/api.w.org\/{rel}","templated":true}]}}