{"id":4172,"date":"2026-01-08T14:07:22","date_gmt":"2026-01-08T14:07:22","guid":{"rendered":"https:\/\/coinkickoff.com\/?page_id=4172"},"modified":"2026-01-08T14:07:22","modified_gmt":"2026-01-08T14:07:22","slug":"__trashed","status":"publish","type":"page","link":"https:\/\/coinkickoff.com\/it\/how-to-buy-ethereum\/__trashed\/","title":{"rendered":"Come acquistare Ethereum su Bitfinex"},"content":{"rendered":"<div id=\"ez-toc-container\" class=\"ez-toc-v2_0_80 counter-hierarchy ez-toc-counter ez-toc-transparent ez-toc-container-direction\">\n<div class=\"ez-toc-title-container\">\n<p class=\"ez-toc-title\" style=\"cursor:inherit\">Sezioni<\/p>\n<span class=\"ez-toc-title-toggle\"><a href=\"#\" class=\"ez-toc-pull-right ez-toc-btn ez-toc-btn-xs ez-toc-btn-default ez-toc-toggle\" aria-label=\"Allinea la tabella dei contenuti\"><span class=\"ez-toc-js-icon-con\"><span class=\"\"><span class=\"eztoc-hide\" style=\"display:none;\">Toggle<\/span><span class=\"ez-toc-icon-toggle-span\"><svg style=\"fill: #999;color:#999\" xmlns=\"http:\/\/www.w3.org\/2000\/svg\" class=\"list-377408\" width=\"20px\" height=\"20px\" viewbox=\"0 0 24 24\" fill=\"none\"><path d=\"M6 6H4v2h2V6zm14 0H8v2h12V6zM4 11h2v2H4v-2zm16 0H8v2h12v-2zM4 16h2v2H4v-2zm16 0H8v2h12v-2z\" fill=\"currentColor\"><\/path><\/svg><svg style=\"fill: #999;color:#999\" class=\"arrow-unsorted-368013\" xmlns=\"http:\/\/www.w3.org\/2000\/svg\" width=\"10px\" height=\"10px\" viewbox=\"0 0 24 24\" version=\"1.2\" baseprofile=\"tiny\"><path d=\"M18.2 9.3l-6.2-6.3-6.2 6.3c-.2.2-.3.4-.3.7s.1.5.3.7c.2.2.4.3.7.3h11c.3 0 .5-.1.7-.3.2-.2.3-.5.3-.7s-.1-.5-.3-.7zM5.8 14.7l6.2 6.3 6.2-6.3c.2-.2.3-.5.3-.7s-.1-.5-.3-.7c-.2-.2-.4-.3-.7-.3h-11c-.3 0-.5.1-.7.3-.2.2-.3.5-.3.7s.1.5.3.7z\"\/><\/svg><\/span><\/span><\/span><\/a><\/span><\/div>\n<nav><ul class='ez-toc-list ez-toc-list-level-1 eztoc-toggle-hide-by-default' ><li class='ez-toc-page-1 ez-toc-heading-level-1'><a class=\"ez-toc-link ez-toc-heading-1\" href=\"https:\/\/coinkickoff.com\/it\/how-to-buy-ethereum\/__trashed\/#How_to_Buy_Ethereum_on_Bitfinex\" >Come acquistare Ethereum su Bitfinex<\/a><ul class='ez-toc-list-level-2' ><li class='ez-toc-heading-level-2'><a class=\"ez-toc-link ez-toc-heading-2\" href=\"https:\/\/coinkickoff.com\/it\/how-to-buy-ethereum\/__trashed\/#A_Step-By-Step_Guide_on_How_to_Buy_Ethereum_on_Bitfinex\" >Una guida passo-passo su come acquistare Ethereum su Bitfinex<\/a><ul class='ez-toc-list-level-3' ><li class='ez-toc-heading-level-3'><a class=\"ez-toc-link ez-toc-heading-3\" href=\"https:\/\/coinkickoff.com\/it\/how-to-buy-ethereum\/__trashed\/#1_Register_an_Account_on_Bitfinex\" >1. Registrare un conto su Bitfinex<\/a><\/li><li class='ez-toc-page-1 ez-toc-heading-level-3'><a class=\"ez-toc-link ez-toc-heading-4\" href=\"https:\/\/coinkickoff.com\/it\/how-to-buy-ethereum\/__trashed\/#2_Get_Verified_on_Bitfinex\" >2. Ottenere la verifica su Bitfinex<\/a><\/li><li class='ez-toc-page-1 ez-toc-heading-level-3'><a class=\"ez-toc-link ez-toc-heading-5\" href=\"https:\/\/coinkickoff.com\/it\/how-to-buy-ethereum\/__trashed\/#3_Deposit_FundsCrypto\" >3. Deposito di fondi\/cripto<\/a><\/li><li class='ez-toc-page-1 ez-toc-heading-level-3'><a class=\"ez-toc-link ez-toc-heading-6\" href=\"https:\/\/coinkickoff.com\/it\/how-to-buy-ethereum\/__trashed\/#4_Navigate_to_the_Relevant_Screen_to_Buy\" >4. Passare alla schermata pertinente per l'acquisto<\/a><\/li><\/ul><\/li><\/ul><\/li><\/ul><\/nav><\/div>\n<h1><span class=\"ez-toc-section\" id=\"How_to_Buy_Ethereum_on_Bitfinex\"><\/span><span style=\"font-weight: 400;\">Come acquistare Ethereum su Bitfinex<\/span><span class=\"ez-toc-section-end\"><\/span><\/h1>\n<p><span style=\"font-weight: 400;\">Volete acquistare <a href=\"https:\/\/coinkickoff.com\/it\/ethereum-eth\/\" data-internallinksmanager029f6b8e52c=\"2\" title=\"Che cosa \u00e8 Ethereum (ETH)? Prezzo, storia e dove si compra\">Ethereum<\/a> su <a href=\"https:\/\/coinkickoff.com\/it\/bitfinex-review\/\">Bitfinex<\/a>? Abbiamo la guida giusta per voi con istruzioni passo-passo. Ecco come acquistare Ethereum su <a href=\"https:\/\/coinkickoff.com\/it\/bitfinex-review\/\" data-internallinksmanager029f6b8e52c=\"151\" title=\"Recensioni Bitfinex 2023: Commissioni, Caratteristiche, Sicurezza, Pro e Contro\">Bitfinex<\/a>.<\/span><\/p>\n<h2><span class=\"ez-toc-section\" id=\"A_Step-By-Step_Guide_on_How_to_Buy_Ethereum_on_Bitfinex\"><\/span><span style=\"font-weight: 400;\">Una guida passo-passo su come acquistare Ethereum su Bitfinex<\/span><span class=\"ez-toc-section-end\"><\/span><\/h2>\n<h3><span class=\"ez-toc-section\" id=\"1_Register_an_Account_on_Bitfinex\"><\/span><span style=\"font-weight: 400;\">1. Registrare un conto su Bitfinex<\/span><span class=\"ez-toc-section-end\"><\/span><\/h3>\n<p><span style=\"font-weight: 400;\">Per iniziare, \u00e8 necessario un <\/span><a href=\"https:\/\/www.bitfinex.com\/sign-up?refcode=kjCYk-CZD\" target=\"_blank\" rel=\"noopener\"><span style=\"font-weight: 400;\">Conto Bitfinex.<\/span><\/a><\/p>\n<p><img loading=\"lazy\" decoding=\"async\" class=\"alignnone wp-image-3138 size-full\" src=\"https:\/\/coinkickoff.com\/wp-content\/uploads\/bitfinex-exchange.jpg\" alt=\"Bitfinex Exchange Come acquistare Ethereum su Bitfinex\" width=\"1876\" height=\"916\" srcset=\"https:\/\/coinkickoff.com\/wp-content\/uploads\/bitfinex-exchange.jpg 1876w, https:\/\/coinkickoff.com\/wp-content\/uploads\/bitfinex-exchange-300x146.jpg 300w, https:\/\/coinkickoff.com\/wp-content\/uploads\/bitfinex-exchange-1024x500.jpg 1024w, https:\/\/coinkickoff.com\/wp-content\/uploads\/bitfinex-exchange-768x375.jpg 768w, https:\/\/coinkickoff.com\/wp-content\/uploads\/bitfinex-exchange-1536x750.jpg 1536w, https:\/\/coinkickoff.com\/wp-content\/uploads\/bitfinex-exchange-18x9.jpg 18w\" sizes=\"auto, (max-width: 1876px) 100vw, 1876px\" \/><\/p>\n<p><span style=\"font-weight: 400;\">Dopo l'iscrizione, attivate l'autenticazione a due fattori per proteggere il vostro account.<\/span><\/p>\n<p><span style=\"font-weight: 400;\">\u00c8 possibile disattivare la 2FA dopo il primo accesso, anche se si consiglia di mantenerla attiva per proteggere il proprio account dagli hacker.<\/span><\/p>\n<p><span style=\"font-weight: 400;\">Attivare l'autenticazione a due fattori \u00e8 piuttosto semplice: Selezionare uno dei metodi proposti e premere \u201cConfigura\u201d.\u201d<\/span><\/p>\n<p><span style=\"font-weight: 400;\">Naturalmente, \u00e8 necessaria l'applicazione Google Authenticator per farla funzionare. Seguite le istruzioni sullo schermo per procedere. Al termine, Bitfinex vi invier\u00e0 un'e-mail per confermare che avete attivato la 2FA.<\/span><\/p>\n<h3><span class=\"ez-toc-section\" id=\"2_Get_Verified_on_Bitfinex\"><\/span><span style=\"font-weight: 400;\">2. Ottenere la verifica su Bitfinex<\/span><span class=\"ez-toc-section-end\"><\/span><\/h3>\n<p><span style=\"font-weight: 400;\">Il passo successivo consiste nel verificare il vostro ID sulla piattaforma. Come la maggior parte delle borse, Bitfinex ha un processo di verifica dell'ID standard. Per iniziare, accedete al vostro profilo tramite il logo del profilo sulla vostra dashboard e selezionate \u201cVerifica\u201d.\u201d<\/span><\/p>\n<p><span style=\"font-weight: 400;\">\u00c8 necessario completare una verifica di livello almeno intermedio per acquistare beni digitali come Ethereum in borsa con denaro fiat. Naturalmente, se tutto ci\u00f2 che si vuole fare \u00e8 negoziare coppie di criptovalute, ad esempio, il trading di <a href=\"https:\/\/coinkickoff.com\/it\/bitcoin-btc\/\" data-internallinksmanager029f6b8e52c=\"1\" title=\"Che cos&#039;\u00e8 il Bitcoin (BTC)? Prezzo, storia e dove acquistare\">Bitcoin<\/a> per Ethereum, si pu\u00f2 saltare questo passaggio.<\/span><\/p>\n<p><span style=\"font-weight: 400;\">La verifica intermedia consente di acquistare ETH con una carta di credito tramite Bitfinex Pay Merchants o di effettuare depositi in contanti tramite SEPA. \u00c8 possibile effettuare depositi in contanti dopo aver completato la verifica completa.<\/span><\/p>\n<p><span style=\"font-weight: 400;\">Premete \u201cAvvia verifica\u201d per continuare.<\/span><\/p>\n<p><span style=\"font-weight: 400;\">Inserire il nome del Paese di residenza per visualizzare i tipi di ID consigliati. Scegliere l'ID che si desidera inviare e premere \u201cContinua\u201d.\u201d<\/span><\/p>\n<p><span style=\"font-weight: 400;\">Per continuare \u00e8 necessario un dispositivo mobile: Utilizzare la fotocamera del telefono per scansionare il codice e aprire la pagina di caricamento. Quindi, \u00e8 possibile inviare le immagini necessarie.<\/span><\/p>\n<h3><span class=\"ez-toc-section\" id=\"3_Deposit_FundsCrypto\"><\/span><span style=\"font-weight: 400;\">3. Deposito di fondi\/cripto<\/span><span class=\"ez-toc-section-end\"><\/span><\/h3>\n<p><span style=\"font-weight: 400;\">Ora \u00e8 il momento di effettuare un deposito: se si dispone di attivit\u00e0 digitali che si desidera scambiare con Ethereum su Bitfinex, \u00e8 necessario prima trasferire tali attivit\u00e0 sul proprio conto Bitfinex. Selezionate \u201cDeposito\u201d per vedere l'elenco degli asset che potete inviare alla piattaforma.<\/span><\/p>\n<p><span style=\"font-weight: 400;\">Una volta selezionata l'attivit\u00e0, Bitfinex generer\u00e0 un indirizzo di portafoglio per inviare la criptovaluta. Una volta completato il deposito, le attivit\u00e0 appariranno nella scheda \u201cSaldi\u201d.<\/span><\/p>\n<h3><span class=\"ez-toc-section\" id=\"4_Navigate_to_the_Relevant_Screen_to_Buy\"><\/span><span style=\"font-weight: 400;\">4. Passare alla schermata pertinente per l'acquisto<\/span><span class=\"ez-toc-section-end\"><\/span><\/h3>\n<p><span style=\"font-weight: 400;\">Potreste pensare di essere pronti ad acquistare asset digitali ora che il vostro deposito \u00e8 stato completato, ma c'\u00e8 ancora un altro passo da fare: Bitfinex invia automaticamente il deposito al vostro \u201cPortafoglio di finanziamento\u201d, ma noi lo vogliamo nel nostro \u201cPortafoglio di scambio\u201d.\u201d<\/span><\/p>\n<p><span style=\"font-weight: 400;\">Per fortuna, si tratta di un'operazione semplice: Nella scheda \u201cSaldi\u201d, selezionare i fondi che si desidera scambiare e fare clic su \u201cTrasferimento\u201d. Una volta inseriti nel portafoglio di scambio, \u00e8 possibile scambiarli con Ether.<\/span><\/p>\n<p><span style=\"font-weight: 400;\">Per iniziare, andare alla scheda \u201cTrading\u201d. Ora, se avete depositato beni digitali, dovete cercare il mercato Ethereum per quel bene. Ad esempio, se avete <a href=\"https:\/\/coinkickoff.com\/it\/tether-usdt\/\" data-internallinksmanager029f6b8e52c=\"3\" title=\"Che cos&#039;\u00e8 l&#039;Tether (USDT)? Come funziona e dove si compra?\">USDT<\/a>, cercare ETH\/USDT.\u00a0<\/span><\/p>\n<p><span style=\"font-weight: 400;\">Per la valuta fiat, cercare le coppie ETH\/USD o ETH\/EUR. Una volta ottenuta la coppia desiderata, cliccateci sopra per visualizzare l'interfaccia di trading.\u00a0<\/span><\/p>\n<p><span style=\"font-weight: 400;\">Basta inserire la quantit\u00e0 di Ethereum che si desidera acquistare per le proprie attivit\u00e0. \u00c8 possibile regolare manualmente il prezzo che si \u00e8 disposti a pagare. Una volta completato il modulo, premere \u201cScambia acquisto\u201d.\u201d<\/span><\/p>\n<p><span style=\"font-weight: 400;\">Ecco come acquistare Ethereum su Bitfinex. Se decidete di comprare Ethereum su un'altra borsa, potete anche dare un'occhiata alle nostre varie <a href=\"https:\/\/coinkickoff.com\/it\/crypto-exchanges\/\">recensioni di exchnage<\/a> e <a href=\"https:\/\/coinkickoff.com\/it\/how-to-buy-ethereum\/\">guide<\/a>.<\/span><\/p>","protected":false},"excerpt":{"rendered":"<p>Come acquistare Ethereum su Bitfinex Volete acquistare Ethereum su Bitfinex? Abbiamo la guida giusta per voi con istruzioni passo passo. Ecco come acquistare Ethereum su Bitfinex. Guida passo-passo su come acquistare Ethereum su Bitfinex 1. Registrare un account su Bitfinex Per iniziare, avrete bisogno di un [...]<\/p>","protected":false},"author":3,"featured_media":0,"parent":3937,"menu_order":0,"comment_status":"closed","ping_status":"closed","template":"","meta":{"_genesis_hide_title":false,"_genesis_hide_breadcrumbs":false,"_genesis_hide_singular_image":false,"_genesis_hide_footer_widgets":false,"_genesis_custom_body_class":"","_genesis_custom_post_class":"","_genesis_layout":"","_glsr_average":0,"_glsr_ranking":0,"_glsr_reviews":0,"footnotes":""},"class_list":{"0":"post-4172","1":"page","2":"type-page","3":"status-publish","5":"entry"},"featured_image_src":null,"featured_image_src_square":null,"_links":{"self":[{"href":"https:\/\/coinkickoff.com\/it\/wp-json\/wp\/v2\/pages\/4172","targetHints":{"allow":["GET"]}}],"collection":[{"href":"https:\/\/coinkickoff.com\/it\/wp-json\/wp\/v2\/pages"}],"about":[{"href":"https:\/\/coinkickoff.com\/it\/wp-json\/wp\/v2\/types\/page"}],"author":[{"embeddable":true,"href":"https:\/\/coinkickoff.com\/it\/wp-json\/wp\/v2\/users\/3"}],"replies":[{"embeddable":true,"href":"https:\/\/coinkickoff.com\/it\/wp-json\/wp\/v2\/comments?post=4172"}],"version-history":[{"count":1,"href":"https:\/\/coinkickoff.com\/it\/wp-json\/wp\/v2\/pages\/4172\/revisions"}],"predecessor-version":[{"id":4173,"href":"https:\/\/coinkickoff.com\/it\/wp-json\/wp\/v2\/pages\/4172\/revisions\/4173"}],"up":[{"embeddable":true,"href":"https:\/\/coinkickoff.com\/it\/wp-json\/wp\/v2\/pages\/3937"}],"wp:attachment":[{"href":"https:\/\/coinkickoff.com\/it\/wp-json\/wp\/v2\/media?parent=4172"}],"curies":[{"name":"wp","href":"https:\/\/api.w.org\/{rel}","templated":true}]}}