{"id":4045,"date":"2026-01-08T14:07:39","date_gmt":"2026-01-08T14:07:39","guid":{"rendered":"https:\/\/coinkickoff.com\/?page_id=4045"},"modified":"2026-01-08T14:07:39","modified_gmt":"2026-01-08T14:07:39","slug":"how-to-buy-cardano-on-kucoin","status":"publish","type":"page","link":"https:\/\/coinkickoff.com\/it\/how-to-buy-cardano\/how-to-buy-cardano-on-kucoin\/","title":{"rendered":"Come acquistare Cardano su Kucoin"},"content":{"rendered":"<div id=\"ez-toc-container\" class=\"ez-toc-v2_0_80 counter-hierarchy ez-toc-counter ez-toc-transparent ez-toc-container-direction\">\n<div class=\"ez-toc-title-container\">\n<p class=\"ez-toc-title\" style=\"cursor:inherit\">Sezioni<\/p>\n<span class=\"ez-toc-title-toggle\"><a href=\"#\" class=\"ez-toc-pull-right ez-toc-btn ez-toc-btn-xs ez-toc-btn-default ez-toc-toggle\" aria-label=\"Allinea la tabella dei contenuti\"><span class=\"ez-toc-js-icon-con\"><span class=\"\"><span class=\"eztoc-hide\" style=\"display:none;\">Toggle<\/span><span class=\"ez-toc-icon-toggle-span\"><svg style=\"fill: #999;color:#999\" xmlns=\"http:\/\/www.w3.org\/2000\/svg\" class=\"list-377408\" width=\"20px\" height=\"20px\" viewbox=\"0 0 24 24\" fill=\"none\"><path d=\"M6 6H4v2h2V6zm14 0H8v2h12V6zM4 11h2v2H4v-2zm16 0H8v2h12v-2zM4 16h2v2H4v-2zm16 0H8v2h12v-2z\" fill=\"currentColor\"><\/path><\/svg><svg style=\"fill: #999;color:#999\" class=\"arrow-unsorted-368013\" xmlns=\"http:\/\/www.w3.org\/2000\/svg\" width=\"10px\" height=\"10px\" viewbox=\"0 0 24 24\" version=\"1.2\" baseprofile=\"tiny\"><path d=\"M18.2 9.3l-6.2-6.3-6.2 6.3c-.2.2-.3.4-.3.7s.1.5.3.7c.2.2.4.3.7.3h11c.3 0 .5-.1.7-.3.2-.2.3-.5.3-.7s-.1-.5-.3-.7zM5.8 14.7l6.2 6.3 6.2-6.3c.2-.2.3-.5.3-.7s-.1-.5-.3-.7c-.2-.2-.4-.3-.7-.3h-11c-.3 0-.5.1-.7.3-.2.2-.3.5-.3.7s.1.5.3.7z\"\/><\/svg><\/span><\/span><\/span><\/a><\/span><\/div>\n<nav><ul class='ez-toc-list ez-toc-list-level-1 eztoc-toggle-hide-by-default' ><li class='ez-toc-page-1 ez-toc-heading-level-1'><a class=\"ez-toc-link ez-toc-heading-1\" href=\"https:\/\/coinkickoff.com\/it\/how-to-buy-cardano\/how-to-buy-cardano-on-kucoin\/#How_to_Buy_Cardano_on_Kucoin\" >Come acquistare Cardano su Kucoin<\/a><ul class='ez-toc-list-level-2' ><li class='ez-toc-heading-level-2'><a class=\"ez-toc-link ez-toc-heading-2\" href=\"https:\/\/coinkickoff.com\/it\/how-to-buy-cardano\/how-to-buy-cardano-on-kucoin\/#A_Step-By-Step_Guide_on_How_to_Buy_Cardano_on_Kucoin\" >Guida passo passo all'acquisto di Cardano su Kucoin<\/a><ul class='ez-toc-list-level-3' ><li class='ez-toc-heading-level-3'><a class=\"ez-toc-link ez-toc-heading-3\" href=\"https:\/\/coinkickoff.com\/it\/how-to-buy-cardano\/how-to-buy-cardano-on-kucoin\/#1_Register_an_Account\" >1. Registrazione di un account<\/a><\/li><li class='ez-toc-page-1 ez-toc-heading-level-3'><a class=\"ez-toc-link ez-toc-heading-4\" href=\"https:\/\/coinkickoff.com\/it\/how-to-buy-cardano\/how-to-buy-cardano-on-kucoin\/#2_Verify_Your_Account\" >2. Verifica dell'account<\/a><\/li><li class='ez-toc-page-1 ez-toc-heading-level-3'><a class=\"ez-toc-link ez-toc-heading-5\" href=\"https:\/\/coinkickoff.com\/it\/how-to-buy-cardano\/how-to-buy-cardano-on-kucoin\/#3_Deposit_Crypto\" >3. Deposito di criptovalute<\/a><\/li><li class='ez-toc-page-1 ez-toc-heading-level-3'><a class=\"ez-toc-link ez-toc-heading-6\" href=\"https:\/\/coinkickoff.com\/it\/how-to-buy-cardano\/how-to-buy-cardano-on-kucoin\/#4_Navigate_to_the_Relevant_Screen_to_Buy\" >4. Passare alla schermata pertinente per l'acquisto<\/a><ul class='ez-toc-list-level-4' ><li class='ez-toc-heading-level-4'><a class=\"ez-toc-link ez-toc-heading-7\" href=\"https:\/\/coinkickoff.com\/it\/how-to-buy-cardano\/how-to-buy-cardano-on-kucoin\/#Fast_Trade_allows_you_to_buy_ADA_with_credit_and_debit_cards_and_Third-party_buy_supports_payment_channels_such_as_Banxa_and_Simplex\" >Fast Trade consente di acquistare ADA con carte di credito e di debito, mentre Third-party buy supporta canali di pagamento come Banxa e Simplex.\u00a0<\/a><\/li><li class='ez-toc-page-1 ez-toc-heading-level-4'><a class=\"ez-toc-link ez-toc-heading-8\" href=\"https:\/\/coinkickoff.com\/it\/how-to-buy-cardano\/how-to-buy-cardano-on-kucoin\/#P2P_is_a_peer_network_where_you_can_use_bank_transfers_to_buy_digital_currencies_however_its_not_possible_to_buy_ADA_with_this_option\" >Il P2P \u00e8 una rete di peer in cui \u00e8 possibile utilizzare i bonifici bancari per acquistare valute digitali; tuttavia, non \u00e8 possibile acquistare ADA con questa opzione.<\/a><\/li><li class='ez-toc-page-1 ez-toc-heading-level-4'><a class=\"ez-toc-link ez-toc-heading-9\" href=\"https:\/\/coinkickoff.com\/it\/how-to-buy-cardano\/how-to-buy-cardano-on-kucoin\/#Fast_Trade\" >Commercio veloce<\/a><\/li><li class='ez-toc-page-1 ez-toc-heading-level-4'><a class=\"ez-toc-link ez-toc-heading-10\" href=\"https:\/\/coinkickoff.com\/it\/how-to-buy-cardano\/how-to-buy-cardano-on-kucoin\/#Third-Party\" >Terze parti<\/a><\/li><\/ul><\/li><\/ul><\/li><\/ul><\/li><\/ul><\/nav><\/div>\n<h1><span class=\"ez-toc-section\" id=\"How_to_Buy_Cardano_on_Kucoin\"><\/span><span style=\"font-weight: 400;\">Come acquistare Cardano su Kucoin<\/span><span class=\"ez-toc-section-end\"><\/span><\/h1>\n<p><span style=\"font-weight: 400;\">Se non si \u00e8 mai usato <a href=\"https:\/\/coinkickoff.com\/it\/kucoin-review\/\" data-internallinksmanager029f6b8e52c=\"153\" title=\"KuCoin Recensioni 2023: Costi, sicurezza, pro e contro\">Kucoin<\/a> per acquistare <a href=\"https:\/\/coinkickoff.com\/it\/cardano-ada\/\" data-internallinksmanager029f6b8e52c=\"9\" title=\"Che cos&#039;\u00e8 l&#039;Cardano (ADA)? Come funziona e dove si compra?\">Cardano<\/a> (ADA) prima d'ora, potreste essere in difficolt\u00e0 su come procedere. Ma non c'\u00e8 da preoccuparsi: vi mostreremo come acquistare Cardano su <\/span><a href=\"https:\/\/coinkickoff.com\/it\/kucoin-review\/\"><span style=\"font-weight: 400;\">Kucoin<\/span><\/a><span style=\"font-weight: 400;\"> con istruzioni passo-passo.<\/span><\/p>\n<h2><span class=\"ez-toc-section\" id=\"A_Step-By-Step_Guide_on_How_to_Buy_Cardano_on_Kucoin\"><\/span><span style=\"font-weight: 400;\">Guida passo passo all'acquisto di Cardano su Kucoin<\/span><span class=\"ez-toc-section-end\"><\/span><\/h2>\n<h3><span class=\"ez-toc-section\" id=\"1_Register_an_Account\"><\/span><span style=\"font-weight: 400;\">1. Registrazione di un account<\/span><span class=\"ez-toc-section-end\"><\/span><\/h3>\n<p><img loading=\"lazy\" decoding=\"async\" class=\"alignnone wp-image-3269 size-full\" src=\"https:\/\/coinkickoff.com\/wp-content\/uploads\/kucoin-register.png\" alt=\"acquistare doge sul registro kucoin\" width=\"1421\" height=\"788\" srcset=\"https:\/\/coinkickoff.com\/wp-content\/uploads\/kucoin-register.png 1421w, https:\/\/coinkickoff.com\/wp-content\/uploads\/kucoin-register-300x166.png 300w, https:\/\/coinkickoff.com\/wp-content\/uploads\/kucoin-register-1024x568.png 1024w, https:\/\/coinkickoff.com\/wp-content\/uploads\/kucoin-register-768x426.png 768w, https:\/\/coinkickoff.com\/wp-content\/uploads\/kucoin-register-18x10.png 18w\" sizes=\"auto, (max-width: 1421px) 100vw, 1421px\" \/><\/p>\n<p><span style=\"font-weight: 400;\">\u00c8 necessario un <\/span><a href=\"https:\/\/www.kucoin.com\/r\/af\/rMJPV3B\" target=\"_blank\" rel=\"noopener\"><span style=\"font-weight: 400;\">Kucoin<\/span><\/a><span style=\"font-weight: 400;\"> per acquistare l'ADA sulla piattaforma, quindi iniziate ad iscrivervi con la vostra e-mail e la vostra password.<\/span><\/p>\n<h3><span class=\"ez-toc-section\" id=\"2_Verify_Your_Account\"><\/span><span style=\"font-weight: 400;\">2. Verifica dell'account<\/span><span class=\"ez-toc-section-end\"><\/span><\/h3>\n<p><span style=\"font-weight: 400;\">Dopo l'iscrizione, \u00e8 possibile iniziare il processo di verifica. Come la maggior parte degli altri exchange globali, Kucoin consente ai trader di scambiare asset digitali sulla piattaforma senza verifica dell'ID, ma se non si possiede ancora alcun asset digitale, \u00e8 necessario completare questo passaggio per acquistare ADA sulla piattaforma.<\/span><\/p>\n<p><span style=\"font-weight: 400;\">\u00c8 una procedura semplice: selezionate la scheda \"Verifica dell'identit\u00e0\" nella pagina del vostro profilo.\u00a0<\/span><\/p>\n<p><img loading=\"lazy\" decoding=\"async\" class=\"alignnone wp-image-3272 size-full\" src=\"https:\/\/coinkickoff.com\/wp-content\/uploads\/kucoin-identity-verification.png\" alt=\"kucoin verifica id 1\" width=\"1420\" height=\"785\" srcset=\"https:\/\/coinkickoff.com\/wp-content\/uploads\/kucoin-identity-verification.png 1420w, https:\/\/coinkickoff.com\/wp-content\/uploads\/kucoin-identity-verification-300x166.png 300w, https:\/\/coinkickoff.com\/wp-content\/uploads\/kucoin-identity-verification-1024x566.png 1024w, https:\/\/coinkickoff.com\/wp-content\/uploads\/kucoin-identity-verification-768x425.png 768w, https:\/\/coinkickoff.com\/wp-content\/uploads\/kucoin-identity-verification-18x10.png 18w\" sizes=\"auto, (max-width: 1420px) 100vw, 1420px\" \/><\/p>\n<p><span style=\"font-weight: 400;\">Avete accesso alle funzioni di base, ma i depositi di denaro contano come funzione avanzata, quindi dovete verificare il vostro ID per farlo.<\/span><\/p>\n<p><img loading=\"lazy\" decoding=\"async\" class=\"alignnone wp-image-3270 size-full\" src=\"https:\/\/coinkickoff.com\/wp-content\/uploads\/kucoin-id-verification-2.png\" alt=\"kucoin verifica identit\u00e0 2\" width=\"1407\" height=\"706\" srcset=\"https:\/\/coinkickoff.com\/wp-content\/uploads\/kucoin-id-verification-2.png 1407w, https:\/\/coinkickoff.com\/wp-content\/uploads\/kucoin-id-verification-2-300x151.png 300w, https:\/\/coinkickoff.com\/wp-content\/uploads\/kucoin-id-verification-2-1024x514.png 1024w, https:\/\/coinkickoff.com\/wp-content\/uploads\/kucoin-id-verification-2-768x385.png 768w, https:\/\/coinkickoff.com\/wp-content\/uploads\/kucoin-id-verification-2-18x9.png 18w\" sizes=\"auto, (max-width: 1407px) 100vw, 1407px\" \/><\/p>\n<p><span style=\"font-weight: 400;\">Kucoin prevede un processo in tre fasi: informazioni personali, verifica del documento d'identit\u00e0 tramite l'ID ufficiale e riconoscimento del volto per assicurarsi di essere il proprietario della carta d'identit\u00e0.<\/span><\/p>\n<p><img loading=\"lazy\" decoding=\"async\" class=\"alignnone wp-image-3271 size-full\" src=\"https:\/\/coinkickoff.com\/wp-content\/uploads\/kucoin-id-verification-3.png\" alt=\"kucoin verifica id 3 \" width=\"1412\" height=\"789\" srcset=\"https:\/\/coinkickoff.com\/wp-content\/uploads\/kucoin-id-verification-3.png 1412w, https:\/\/coinkickoff.com\/wp-content\/uploads\/kucoin-id-verification-3-300x168.png 300w, https:\/\/coinkickoff.com\/wp-content\/uploads\/kucoin-id-verification-3-1024x572.png 1024w, https:\/\/coinkickoff.com\/wp-content\/uploads\/kucoin-id-verification-3-768x429.png 768w, https:\/\/coinkickoff.com\/wp-content\/uploads\/kucoin-id-verification-3-18x10.png 18w\" sizes=\"auto, (max-width: 1412px) 100vw, 1412px\" \/><\/p>\n<p><span style=\"font-weight: 400;\">Completate tutti e tre i passaggi per verificare il vostro documento d'identit\u00e0 e potrete passare al deposito dei fondi sul vostro conto.<\/span><\/p>\n<h3><span class=\"ez-toc-section\" id=\"3_Deposit_Crypto\"><\/span><span style=\"font-weight: 400;\">3. Deposito di criptovalute<\/span><span class=\"ez-toc-section-end\"><\/span><\/h3>\n<p><span style=\"font-weight: 400;\">Al momento non \u00e8 possibile inviare contanti a Kucoin tramite bonifici bancari, ma \u00e8 comunque possibile depositare criptovalute sulla piattaforma. Se questa non \u00e8 un'opzione per voi, andate alla sezione successiva, dove spieghiamo come acquistare Cardano su Kucoin con denaro fiat.<\/span><\/p>\n<p><span style=\"font-weight: 400;\">Se si dispone di attivit\u00e0 digitali che si desidera scambiare con ADA, \u00e8 necessario trasferirle prima a Kucoin. Per farlo, andate alla pagina \"Attivit\u00e0\" e selezionate \"Deposito\".<\/span><\/p>\n<p><img loading=\"lazy\" decoding=\"async\" class=\"alignnone wp-image-3273 size-full\" src=\"https:\/\/coinkickoff.com\/wp-content\/uploads\/kucoin-deposit.png\" alt=\"kucoin fondi di deposito 1\" width=\"1427\" height=\"758\" srcset=\"https:\/\/coinkickoff.com\/wp-content\/uploads\/kucoin-deposit.png 1427w, https:\/\/coinkickoff.com\/wp-content\/uploads\/kucoin-deposit-300x159.png 300w, https:\/\/coinkickoff.com\/wp-content\/uploads\/kucoin-deposit-1024x544.png 1024w, https:\/\/coinkickoff.com\/wp-content\/uploads\/kucoin-deposit-768x408.png 768w, https:\/\/coinkickoff.com\/wp-content\/uploads\/kucoin-deposit-18x10.png 18w\" sizes=\"auto, (max-width: 1427px) 100vw, 1427px\" \/><\/p>\n<p><span style=\"font-weight: 400;\">Selezionare il bene digitale che si desidera trasferire al proprio portafoglio Kucoin. Ad esempio, supponiamo di avere alcuni <a href=\"https:\/\/coinkickoff.com\/it\/bitcoin-btc\/\" data-internallinksmanager029f6b8e52c=\"1\" title=\"Che cos&#039;\u00e8 il Bitcoin (BTC)? Prezzo, storia e dove acquistare\">BTC<\/a> che si desidera depositare sulla piattaforma. Selezionare BTC dall'elenco e copiare l'indirizzo del portafoglio fornito da Kucoin.<\/span><\/p>\n<p><span style=\"font-weight: 400;\">Questo sar\u00e0 l'indirizzo unico del vostro portafoglio BTC sulla piattaforma Kucoin. \u00c8 possibile utilizzare l'indirizzo per trasferire il proprio BTC a Kucoin.\u00a0<\/span><\/p>\n<h3><span class=\"ez-toc-section\" id=\"4_Navigate_to_the_Relevant_Screen_to_Buy\"><\/span><span style=\"font-weight: 400;\">4. Passare alla schermata pertinente per l'acquisto<\/span><span class=\"ez-toc-section-end\"><\/span><\/h3>\n<p><span style=\"font-weight: 400;\">Fate clic sulla scheda \"Acquista criptovalute\" nella vostra dashboard.\u00a0<\/span><\/p>\n<p><img loading=\"lazy\" decoding=\"async\" class=\"alignnone wp-image-3274 size-full\" src=\"https:\/\/coinkickoff.com\/wp-content\/uploads\/kucoin-buy-crypto.png\" alt=\"kucoin acquistare schermo\" width=\"1418\" height=\"692\" srcset=\"https:\/\/coinkickoff.com\/wp-content\/uploads\/kucoin-buy-crypto.png 1418w, https:\/\/coinkickoff.com\/wp-content\/uploads\/kucoin-buy-crypto-300x146.png 300w, https:\/\/coinkickoff.com\/wp-content\/uploads\/kucoin-buy-crypto-1024x500.png 1024w, https:\/\/coinkickoff.com\/wp-content\/uploads\/kucoin-buy-crypto-768x375.png 768w, https:\/\/coinkickoff.com\/wp-content\/uploads\/kucoin-buy-crypto-18x9.png 18w\" sizes=\"auto, (max-width: 1418px) 100vw, 1418px\" \/><\/p>\n<h4><span class=\"ez-toc-section\" id=\"Fast_Trade_allows_you_to_buy_ADA_with_credit_and_debit_cards_and_Third-party_buy_supports_payment_channels_such_as_Banxa_and_Simplex\"><\/span><span style=\"font-weight: 400;\">Fast Trade consente di acquistare ADA con carte di credito e di debito, mentre Third-party buy supporta canali di pagamento come Banxa e Simplex.\u00a0<\/span><span class=\"ez-toc-section-end\"><\/span><\/h4>\n<h4><span class=\"ez-toc-section\" id=\"P2P_is_a_peer_network_where_you_can_use_bank_transfers_to_buy_digital_currencies_however_its_not_possible_to_buy_ADA_with_this_option\"><\/span><span style=\"font-weight: 400;\">Il P2P \u00e8 una rete di peer in cui \u00e8 possibile utilizzare i bonifici bancari per acquistare valute digitali; tuttavia, non \u00e8 possibile acquistare ADA con questa opzione.<\/span><span class=\"ez-toc-section-end\"><\/span><\/h4>\n<h4><span class=\"ez-toc-section\" id=\"Fast_Trade\"><\/span><span style=\"font-weight: 400;\">Commercio veloce<\/span><span class=\"ez-toc-section-end\"><\/span><\/h4>\n<p><span style=\"font-weight: 400;\">Con Fast Trade, \u00e8 possibile acquistare ADA con carte di debito e di credito Visa e Mastercard, oltre a diverse altre opzioni come SEPA e Paypal. Basta compilare il modulo d'ordine, selezionare ADA dall'elenco e scegliere un metodo di pagamento.\u00a0<\/span><\/p>\n<p><img loading=\"lazy\" decoding=\"async\" class=\"alignnone wp-image-3275 size-full\" src=\"https:\/\/coinkickoff.com\/wp-content\/uploads\/kucoin-buy-crypto-one-click.png\" alt=\"kucoin acquistare con un clic\" width=\"1421\" height=\"770\" srcset=\"https:\/\/coinkickoff.com\/wp-content\/uploads\/kucoin-buy-crypto-one-click.png 1421w, https:\/\/coinkickoff.com\/wp-content\/uploads\/kucoin-buy-crypto-one-click-300x163.png 300w, https:\/\/coinkickoff.com\/wp-content\/uploads\/kucoin-buy-crypto-one-click-1024x555.png 1024w, https:\/\/coinkickoff.com\/wp-content\/uploads\/kucoin-buy-crypto-one-click-768x416.png 768w, https:\/\/coinkickoff.com\/wp-content\/uploads\/kucoin-buy-crypto-one-click-18x10.png 18w\" sizes=\"auto, (max-width: 1421px) 100vw, 1421px\" \/><\/p>\n<p><span style=\"font-weight: 400;\">Se si desidera pagare con una carta di credito o di debito, \u00e8 necessario inserire i dati della carta prima di poter procedere.<\/span><\/p>\n<p><img loading=\"lazy\" decoding=\"async\" class=\"alignnone wp-image-3276 size-full\" src=\"https:\/\/coinkickoff.com\/wp-content\/uploads\/kucoin-select-paymnet-method.png\" alt=\"\" width=\"1424\" height=\"794\" srcset=\"https:\/\/coinkickoff.com\/wp-content\/uploads\/kucoin-select-paymnet-method.png 1424w, https:\/\/coinkickoff.com\/wp-content\/uploads\/kucoin-select-paymnet-method-300x167.png 300w, https:\/\/coinkickoff.com\/wp-content\/uploads\/kucoin-select-paymnet-method-1024x571.png 1024w, https:\/\/coinkickoff.com\/wp-content\/uploads\/kucoin-select-paymnet-method-768x428.png 768w, https:\/\/coinkickoff.com\/wp-content\/uploads\/kucoin-select-paymnet-method-18x10.png 18w\" sizes=\"auto, (max-width: 1424px) 100vw, 1424px\" \/><\/p>\n<p><span style=\"font-weight: 400;\">Altre opzioni includono Zelle, <a href=\"https:\/\/coinkickoff.com\/it\/uphold-review\/\" data-internallinksmanager029f6b8e52c=\"156\" title=\"Recensioni Uphold 2023: Costi, Caratteristiche, Sicurezza, Pro e Contro\">Sostenere<\/a>Advcash e Payeer. Una volta impostato il metodo di pagamento, procedere e premere il pulsante \"Acquista ADA\". Verr\u00e0 visualizzata un'anteprima dell'ordine che riassume la quantit\u00e0 di ADA che si ricever\u00e0 e tutte le commissioni applicabili.\u00a0\u00a0<\/span><\/p>\n<p><span style=\"font-weight: 400;\">Confermate l'ordine e i vostri ADA token appariranno nel vostro portafoglio in pochi minuti.<\/span><\/p>\n<h4><span class=\"ez-toc-section\" id=\"Third-Party\"><\/span><span style=\"font-weight: 400;\">Terze parti<\/span><span class=\"ez-toc-section-end\"><\/span><\/h4>\n<p><img loading=\"lazy\" decoding=\"async\" class=\"alignnone wp-image-3278 size-full\" src=\"https:\/\/coinkickoff.com\/wp-content\/uploads\/kucoin-screenshot.png\" alt=\"Come acquistare Cardano su Kucoin\" width=\"1436\" height=\"673\" srcset=\"https:\/\/coinkickoff.com\/wp-content\/uploads\/kucoin-screenshot.png 1436w, https:\/\/coinkickoff.com\/wp-content\/uploads\/kucoin-screenshot-300x141.png 300w, https:\/\/coinkickoff.com\/wp-content\/uploads\/kucoin-screenshot-1024x480.png 1024w, https:\/\/coinkickoff.com\/wp-content\/uploads\/kucoin-screenshot-768x360.png 768w, https:\/\/coinkickoff.com\/wp-content\/uploads\/kucoin-screenshot-18x8.png 18w\" sizes=\"auto, (max-width: 1436px) 100vw, 1436px\" \/><\/p>\n<p><span style=\"font-weight: 400;\">Se utilizzate gi\u00e0 un canale di pagamento di terze parti come <\/span><a href=\"https:\/\/banxa.com\/case-study\/kucoin\/\" target=\"_blank\" rel=\"noopener\"><span style=\"font-weight: 400;\">Banxa<\/span><\/a><span style=\"font-weight: 400;\"> o <\/span><a href=\"https:\/\/www.simplex.com\" target=\"_blank\" rel=\"noopener\"><span style=\"font-weight: 400;\">Simplex<\/span><\/a><span style=\"font-weight: 400;\">Questa pu\u00f2 essere un'opzione conveniente. Se non si dispone di un account Simplex o Banxa, \u00e8 possibile registrarlo al momento dell'ordine.<\/span><\/p>\n<p><span style=\"font-weight: 400;\">Iniziate compilando il modulo d'ordine: Selezionare ADA come bene desiderato, inserire l'importo che si desidera spendere e selezionare un metodo e un canale di pagamento.<\/span><\/p>\n<p><span style=\"font-weight: 400;\">Tutte le spese saranno visualizzate prima di poter proseguire con l'ordine.\u00a0<\/span><\/p>\n<p><span style=\"font-weight: 400;\">Una volta premuto \"Acquista\", Kucoin vi invia al sito Web di terzi per completare l'ordine.\u00a0<\/span><\/p>\n<p><span style=\"font-weight: 400;\">Questo \u00e8 praticamente tutto per quanto riguarda l'acquisto di Cardano su Kucoin. Come potete vedere, avete a disposizione un gran numero di opzioni, quindi il viaggio dovrebbe essere facile. Se avete delle domande, potete anche consultare il nostro sito <a href=\"https:\/\/coinkickoff.com\/it\/crypto-exchanges\/\">recensioni di scambio<\/a> e <a href=\"https:\/\/coinkickoff.com\/it\/how-to-buy-cardano\/\">come acquistare<\/a> per ulteriori informazioni.<\/span><\/p>","protected":false},"excerpt":{"rendered":"<p>Come acquistare Cardano su Kucoin Se non avete mai usato Kucoin per acquistare Cardano (ADA) prima d'ora, potreste essere in difficolt\u00e0 su come procedere. Ma non dovete preoccuparvi: vi mostreremo come acquistare Cardano su Kucoin con istruzioni passo-passo. Una guida passo-passo su come acquistare Cardano su Kucoin [...]<\/p>","protected":false},"author":3,"featured_media":0,"parent":4010,"menu_order":0,"comment_status":"closed","ping_status":"closed","template":"","meta":{"_genesis_hide_title":false,"_genesis_hide_breadcrumbs":false,"_genesis_hide_singular_image":false,"_genesis_hide_footer_widgets":false,"_genesis_custom_body_class":"","_genesis_custom_post_class":"","_genesis_layout":"","_glsr_average":0,"_glsr_ranking":0,"_glsr_reviews":0,"footnotes":""},"class_list":{"0":"post-4045","1":"page","2":"type-page","3":"status-publish","5":"entry"},"featured_image_src":null,"featured_image_src_square":null,"_links":{"self":[{"href":"https:\/\/coinkickoff.com\/it\/wp-json\/wp\/v2\/pages\/4045","targetHints":{"allow":["GET"]}}],"collection":[{"href":"https:\/\/coinkickoff.com\/it\/wp-json\/wp\/v2\/pages"}],"about":[{"href":"https:\/\/coinkickoff.com\/it\/wp-json\/wp\/v2\/types\/page"}],"author":[{"embeddable":true,"href":"https:\/\/coinkickoff.com\/it\/wp-json\/wp\/v2\/users\/3"}],"replies":[{"embeddable":true,"href":"https:\/\/coinkickoff.com\/it\/wp-json\/wp\/v2\/comments?post=4045"}],"version-history":[{"count":2,"href":"https:\/\/coinkickoff.com\/it\/wp-json\/wp\/v2\/pages\/4045\/revisions"}],"predecessor-version":[{"id":4047,"href":"https:\/\/coinkickoff.com\/it\/wp-json\/wp\/v2\/pages\/4045\/revisions\/4047"}],"up":[{"embeddable":true,"href":"https:\/\/coinkickoff.com\/it\/wp-json\/wp\/v2\/pages\/4010"}],"wp:attachment":[{"href":"https:\/\/coinkickoff.com\/it\/wp-json\/wp\/v2\/media?parent=4045"}],"curies":[{"name":"wp","href":"https:\/\/api.w.org\/{rel}","templated":true}]}}