{"id":3899,"date":"2026-01-08T14:07:44","date_gmt":"2026-01-08T14:07:44","guid":{"rendered":"https:\/\/coinkickoff.com\/?page_id=3899"},"modified":"2026-01-08T14:07:44","modified_gmt":"2026-01-08T14:07:44","slug":"how-to-buy-bitcoin-on-coinbase","status":"publish","type":"page","link":"https:\/\/coinkickoff.com\/it\/how-to-buy-bitcoin\/how-to-buy-bitcoin-on-coinbase\/","title":{"rendered":"Come acquistare Bitcoin su Coinbase"},"content":{"rendered":"<div id=\"ez-toc-container\" class=\"ez-toc-v2_0_80 counter-hierarchy ez-toc-counter ez-toc-transparent ez-toc-container-direction\">\n<div class=\"ez-toc-title-container\">\n<p class=\"ez-toc-title\" style=\"cursor:inherit\">Sezioni<\/p>\n<span class=\"ez-toc-title-toggle\"><a href=\"#\" class=\"ez-toc-pull-right ez-toc-btn ez-toc-btn-xs ez-toc-btn-default ez-toc-toggle\" aria-label=\"Allinea la tabella dei contenuti\"><span class=\"ez-toc-js-icon-con\"><span class=\"\"><span class=\"eztoc-hide\" style=\"display:none;\">Toggle<\/span><span class=\"ez-toc-icon-toggle-span\"><svg style=\"fill: #999;color:#999\" xmlns=\"http:\/\/www.w3.org\/2000\/svg\" class=\"list-377408\" width=\"20px\" height=\"20px\" viewbox=\"0 0 24 24\" fill=\"none\"><path d=\"M6 6H4v2h2V6zm14 0H8v2h12V6zM4 11h2v2H4v-2zm16 0H8v2h12v-2zM4 16h2v2H4v-2zm16 0H8v2h12v-2z\" fill=\"currentColor\"><\/path><\/svg><svg style=\"fill: #999;color:#999\" class=\"arrow-unsorted-368013\" xmlns=\"http:\/\/www.w3.org\/2000\/svg\" width=\"10px\" height=\"10px\" viewbox=\"0 0 24 24\" version=\"1.2\" baseprofile=\"tiny\"><path d=\"M18.2 9.3l-6.2-6.3-6.2 6.3c-.2.2-.3.4-.3.7s.1.5.3.7c.2.2.4.3.7.3h11c.3 0 .5-.1.7-.3.2-.2.3-.5.3-.7s-.1-.5-.3-.7zM5.8 14.7l6.2 6.3 6.2-6.3c.2-.2.3-.5.3-.7s-.1-.5-.3-.7c-.2-.2-.4-.3-.7-.3h-11c-.3 0-.5.1-.7.3-.2.2-.3.5-.3.7s.1.5.3.7z\"\/><\/svg><\/span><\/span><\/span><\/a><\/span><\/div>\n<nav><ul class='ez-toc-list ez-toc-list-level-1 eztoc-toggle-hide-by-default' ><li class='ez-toc-page-1 ez-toc-heading-level-2'><a class=\"ez-toc-link ez-toc-heading-1\" href=\"https:\/\/coinkickoff.com\/it\/how-to-buy-bitcoin\/how-to-buy-bitcoin-on-coinbase\/#How_to_Buy_Bitcoin_on_Coinbase\" >Come acquistare Bitcoin su Coinbase<\/a><\/li><li class='ez-toc-page-1 ez-toc-heading-level-2'><a class=\"ez-toc-link ez-toc-heading-2\" href=\"https:\/\/coinkickoff.com\/it\/how-to-buy-bitcoin\/how-to-buy-bitcoin-on-coinbase\/#A_Step-By-Step_Guide_on_How_to_Buy_Bitcoin_on_Coinbase\" >Una guida passo-passo su come acquistare Bitcoin su Coinbase<\/a><ul class='ez-toc-list-level-3' ><li class='ez-toc-heading-level-3'><a class=\"ez-toc-link ez-toc-heading-3\" href=\"https:\/\/coinkickoff.com\/it\/how-to-buy-bitcoin\/how-to-buy-bitcoin-on-coinbase\/#1_Register_an_Account\" >1. Registrazione di un account<\/a><\/li><li class='ez-toc-page-1 ez-toc-heading-level-3'><a class=\"ez-toc-link ez-toc-heading-4\" href=\"https:\/\/coinkickoff.com\/it\/how-to-buy-bitcoin\/how-to-buy-bitcoin-on-coinbase\/#2_Verify_Your_Account\" >2. Verifica dell'account<\/a><\/li><li class='ez-toc-page-1 ez-toc-heading-level-3'><a class=\"ez-toc-link ez-toc-heading-5\" href=\"https:\/\/coinkickoff.com\/it\/how-to-buy-bitcoin\/how-to-buy-bitcoin-on-coinbase\/#3_Deposit_FundsCrypto\" >3. Deposito di fondi\/cripto<\/a><\/li><li class='ez-toc-page-1 ez-toc-heading-level-3'><a class=\"ez-toc-link ez-toc-heading-6\" href=\"https:\/\/coinkickoff.com\/it\/how-to-buy-bitcoin\/how-to-buy-bitcoin-on-coinbase\/#4_Navigate_to_the_Relevant_Screen_to_Buy\" >4. Passare alla schermata pertinente per l'acquisto<\/a><\/li><\/ul><\/li><\/ul><\/nav><\/div>\n<h2><span class=\"ez-toc-section\" id=\"How_to_Buy_Bitcoin_on_Coinbase\"><\/span><span style=\"font-weight: 400;\">Come acquistare Bitcoin su Coinbase<\/span><span class=\"ez-toc-section-end\"><\/span><\/h2>\n<p><span style=\"font-weight: 400;\">Se conoscete un po' di <a href=\"https:\/\/coinkickoff.com\/it\/bitcoin-btc\/\" data-internallinksmanager029f6b8e52c=\"1\" title=\"Che cos&#039;\u00e8 il Bitcoin (BTC)? Prezzo, storia e dove acquistare\">Bitcoin<\/a>Forse avete gi\u00e0 sentito parlare di <a href=\"https:\/\/coinkickoff.com\/it\/coinbase-review\/\" data-internallinksmanager029f6b8e52c=\"142\" title=\"Coinbase Recensioni 2024: Caratteristiche, tariffe, sicurezza, pro e contro\">Coinbase<\/a>uno dei pi\u00f9 importanti <a href=\"https:\/\/coinkickoff.com\/it\/crypto-exchanges\/\" data-internallinksmanager029f6b8e52c=\"141\" title=\"21 Migliori scambi di criptovalute e app nel 2024\">scambi di criptovalute<\/a> nel mondo.<\/span><\/p>\n<p><span style=\"font-weight: 400;\">Coinbase \u00e8 uno scambio digitale con sede negli Stati Uniti noto per la sua facilit\u00e0 d'uso e per la conformit\u00e0 alle leggi e ai regolamenti dei Paesi in cui opera. In un mare di borse di criptovalute selvagge e spesso non regolamentate, rimane un faro di stabilit\u00e0 e quindi viene spesso raccomandato ai trader principianti come opzione affidabile.\u00a0<\/span><\/p>\n<p><span style=\"font-weight: 400;\">Se volete iniziare il vostro viaggio in criptovaluta per acquistare qualche BTC, <\/span><a href=\"https:\/\/coinkickoff.com\/it\/coinbase-review\/\"><span style=\"font-weight: 400;\">Coinbase<\/span><\/a><span style=\"font-weight: 400;\"> \u00e8 una scelta logica. In questa guida spiegheremo come acquistare Bitcoin su Coinbase con istruzioni passo passo.<\/span><\/p>\n<h2><span class=\"ez-toc-section\" id=\"A_Step-By-Step_Guide_on_How_to_Buy_Bitcoin_on_Coinbase\"><\/span><span style=\"font-weight: 400;\">Una guida passo-passo su come acquistare Bitcoin su Coinbase<\/span><span class=\"ez-toc-section-end\"><\/span><\/h2>\n<h3><span class=\"ez-toc-section\" id=\"1_Register_an_Account\"><\/span><span style=\"font-weight: 400;\">1. Registrazione di un account<\/span><span class=\"ez-toc-section-end\"><\/span><\/h3>\n<h2><img loading=\"lazy\" decoding=\"async\" class=\"alignnone wp-image-3527 size-large\" style=\"font-size: 18px; font-family: Muli, sans-serif;\" src=\"https:\/\/coinkickoff.com\/wp-content\/uploads\/Screen-Shot-2023-03-30-at-7.13.25-AM-e1686183370122-1024x538.png\" alt=\"\" width=\"1024\" height=\"538\" srcset=\"https:\/\/coinkickoff.com\/wp-content\/uploads\/Screen-Shot-2023-03-30-at-7.13.25-AM-e1686183370122-1024x538.png 1024w, https:\/\/coinkickoff.com\/wp-content\/uploads\/Screen-Shot-2023-03-30-at-7.13.25-AM-e1686183370122-300x158.png 300w, https:\/\/coinkickoff.com\/wp-content\/uploads\/Screen-Shot-2023-03-30-at-7.13.25-AM-e1686183370122-768x404.png 768w, https:\/\/coinkickoff.com\/wp-content\/uploads\/Screen-Shot-2023-03-30-at-7.13.25-AM-e1686183370122-18x9.png 18w, https:\/\/coinkickoff.com\/wp-content\/uploads\/Screen-Shot-2023-03-30-at-7.13.25-AM-e1686183370122.png 1277w\" sizes=\"auto, (max-width: 1024px) 100vw, 1024px\" \/><\/h2>\n<p><span style=\"font-weight: 400;\">Prima di tutto, utilizzate il nostro link per andare su <\/span><a href=\"https:\/\/coinbase-consumer.sjv.io\/ORPoaG\" target=\"_blank\" rel=\"noopener\"><span style=\"font-weight: 400;\">Sito web ufficiale di Coinbase<\/span><\/a><span style=\"font-weight: 400;\"> e aprire un conto di scambio.<\/span><\/p>\n<p><span style=\"font-weight: 400;\">\u00c8 necessario iscriversi con il proprio nome ufficiale. Poich\u00e9 Coinbase applica una rigorosa politica KYC, \u00e8 importante che i dati personali corrispondano al documento d'identit\u00e0 al momento dell'iscrizione.<\/span><\/p>\n<p><span style=\"font-weight: 400;\">Una volta compilato il modulo, fare clic su \"Crea account\". Coinbase invier\u00e0 per e-mail un link di verifica. Fare clic sul link per verificare l'indirizzo e-mail.\u00a0<\/span><\/p>\n<p><span style=\"font-weight: 400;\">Coinbase richiede anche la conferma del numero di cellulare per accedere al proprio account. Inserite le cifre quando vi viene richiesto e utilizzate il codice SMS ricevuto per accedere.<\/span><\/p>\n<h3><span class=\"ez-toc-section\" id=\"2_Verify_Your_Account\"><\/span><span style=\"font-weight: 400;\">2. Verifica dell'account<\/span><span class=\"ez-toc-section-end\"><\/span><\/h3>\n<p><span style=\"font-weight: 400;\">La verifica dell'identit\u00e0 \u00e8 d'obbligo su Coinbase. Fortunatamente, si tratta di un processo semplice. \u00c8 sufficiente fare clic sul pulsante \"Verifica il tuo ID\" che compare al primo accesso. <\/span><\/p>\n<p><img loading=\"lazy\" decoding=\"async\" class=\"alignnone wp-image-3526 size-large\" src=\"https:\/\/coinkickoff.com\/wp-content\/uploads\/Screen-Shot-2023-03-30-at-6.16.20-AM-e1683779340546-1024x470.png\" alt=\"\" width=\"1024\" height=\"470\" srcset=\"https:\/\/coinkickoff.com\/wp-content\/uploads\/Screen-Shot-2023-03-30-at-6.16.20-AM-e1683779340546-1024x470.png 1024w, https:\/\/coinkickoff.com\/wp-content\/uploads\/Screen-Shot-2023-03-30-at-6.16.20-AM-e1683779340546-300x138.png 300w, https:\/\/coinkickoff.com\/wp-content\/uploads\/Screen-Shot-2023-03-30-at-6.16.20-AM-e1683779340546-768x352.png 768w, https:\/\/coinkickoff.com\/wp-content\/uploads\/Screen-Shot-2023-03-30-at-6.16.20-AM-e1683779340546-18x8.png 18w, https:\/\/coinkickoff.com\/wp-content\/uploads\/Screen-Shot-2023-03-30-at-6.16.20-AM-e1683779340546.png 1389w\" sizes=\"auto, (max-width: 1024px) 100vw, 1024px\" \/><\/p>\n<p><span style=\"font-weight: 400;\">Se l'avviso di verifica \u00e8 stato chiuso per sbaglio, non preoccupatevi. Basta fare clic sulla scheda \"Compra e vendi\" evidenziata in blu per attivare un'altra richiesta di verifica. \u00c8 anche possibile fare clic sull'icona del proprio profilo e passare alla scheda \"Verifica\" per avviare manualmente il processo.<\/span><\/p>\n<p><img loading=\"lazy\" decoding=\"async\" class=\"alignnone wp-image-3525 size-full\" src=\"https:\/\/coinkickoff.com\/wp-content\/uploads\/Screen-Shot-2023-03-30-at-6.15.03-AM-e1683779367919.png\" alt=\"\" width=\"1436\" height=\"806\" srcset=\"https:\/\/coinkickoff.com\/wp-content\/uploads\/Screen-Shot-2023-03-30-at-6.15.03-AM-e1683779367919.png 1436w, https:\/\/coinkickoff.com\/wp-content\/uploads\/Screen-Shot-2023-03-30-at-6.15.03-AM-e1683779367919-300x168.png 300w, https:\/\/coinkickoff.com\/wp-content\/uploads\/Screen-Shot-2023-03-30-at-6.15.03-AM-e1683779367919-1024x575.png 1024w, https:\/\/coinkickoff.com\/wp-content\/uploads\/Screen-Shot-2023-03-30-at-6.15.03-AM-e1683779367919-768x431.png 768w, https:\/\/coinkickoff.com\/wp-content\/uploads\/Screen-Shot-2023-03-30-at-6.15.03-AM-e1683779367919-18x10.png 18w, https:\/\/coinkickoff.com\/wp-content\/uploads\/Screen-Shot-2023-03-30-at-6.15.03-AM-e1683779367919-600x338.png 600w\" sizes=\"auto, (max-width: 1436px) 100vw, 1436px\" \/><\/p>\n<p><span style=\"font-weight: 400;\">Coinbase fornisce un questionario dettagliato da compilare. Assicuratevi di compilare il modulo con informazioni accurate. Informazioni inesatte o mancanti possono causare ritardi nell'approvazione della verifica.\u00a0\u00a0<\/span><\/p>\n<p><span style=\"font-weight: 400;\">Una volta compilato il modulo, caricare sulla piattaforma un documento d'identit\u00e0 ufficiale con foto, come la pagina di un passaporto o una patente di guida. La verifica richiede solitamente pochi minuti e, una volta terminata, sar\u00e0 possibile depositare i fondi e acquistare BTC.<\/span><\/p>\n<h3><span class=\"ez-toc-section\" id=\"3_Deposit_FundsCrypto\"><\/span><span style=\"font-weight: 400;\">3. Deposito di fondi\/cripto<\/span><span class=\"ez-toc-section-end\"><\/span><\/h3>\n<p><span style=\"font-weight: 400;\">Il passo successivo consiste nell'aggiungere un metodo di pagamento al proprio account Coinbase. Fare clic sull'icona del profilo (angolo superiore destro) per accedere alle impostazioni dell'account. <\/span><\/p>\n<p><img loading=\"lazy\" decoding=\"async\" class=\"alignnone wp-image-3521 size-full\" src=\"https:\/\/coinkickoff.com\/wp-content\/uploads\/Screen-Shot-2023-03-29-at-10.44.01-PM-e1683779393247.png\" alt=\"\" width=\"1396\" height=\"673\" srcset=\"https:\/\/coinkickoff.com\/wp-content\/uploads\/Screen-Shot-2023-03-29-at-10.44.01-PM-e1683779393247.png 1396w, https:\/\/coinkickoff.com\/wp-content\/uploads\/Screen-Shot-2023-03-29-at-10.44.01-PM-e1683779393247-300x145.png 300w, https:\/\/coinkickoff.com\/wp-content\/uploads\/Screen-Shot-2023-03-29-at-10.44.01-PM-e1683779393247-1024x494.png 1024w, https:\/\/coinkickoff.com\/wp-content\/uploads\/Screen-Shot-2023-03-29-at-10.44.01-PM-e1683779393247-768x370.png 768w, https:\/\/coinkickoff.com\/wp-content\/uploads\/Screen-Shot-2023-03-29-at-10.44.01-PM-e1683779393247-18x9.png 18w\" sizes=\"auto, (max-width: 1396px) 100vw, 1396px\" \/><\/p>\n<p><span style=\"font-weight: 400;\">Cliccate sulla scheda \"Metodi di pagamento\".<\/span><\/p>\n<p><img loading=\"lazy\" decoding=\"async\" class=\"alignnone wp-image-3522 size-full\" src=\"https:\/\/coinkickoff.com\/wp-content\/uploads\/Screen-Shot-2023-03-29-at-10.44.08-PM-e1683779417928.png\" alt=\"\" width=\"1414\" height=\"719\" srcset=\"https:\/\/coinkickoff.com\/wp-content\/uploads\/Screen-Shot-2023-03-29-at-10.44.08-PM-e1683779417928.png 1414w, https:\/\/coinkickoff.com\/wp-content\/uploads\/Screen-Shot-2023-03-29-at-10.44.08-PM-e1683779417928-300x153.png 300w, https:\/\/coinkickoff.com\/wp-content\/uploads\/Screen-Shot-2023-03-29-at-10.44.08-PM-e1683779417928-1024x521.png 1024w, https:\/\/coinkickoff.com\/wp-content\/uploads\/Screen-Shot-2023-03-29-at-10.44.08-PM-e1683779417928-768x391.png 768w, https:\/\/coinkickoff.com\/wp-content\/uploads\/Screen-Shot-2023-03-29-at-10.44.08-PM-e1683779417928-18x9.png 18w\" sizes=\"auto, (max-width: 1414px) 100vw, 1414px\" \/><\/p>\n<p><span style=\"font-weight: 400;\">Ora premete il pulsante \"Aggiungi un metodo di pagamento\" per visualizzare le opzioni disponibili.<\/span><\/p>\n<p><img loading=\"lazy\" decoding=\"async\" class=\"alignnone wp-image-3523 size-full\" src=\"https:\/\/coinkickoff.com\/wp-content\/uploads\/Screen-Shot-2023-03-29-at-10.44.22-PM-e1683779442560.png\" alt=\"\" width=\"1403\" height=\"737\" srcset=\"https:\/\/coinkickoff.com\/wp-content\/uploads\/Screen-Shot-2023-03-29-at-10.44.22-PM-e1683779442560.png 1403w, https:\/\/coinkickoff.com\/wp-content\/uploads\/Screen-Shot-2023-03-29-at-10.44.22-PM-e1683779442560-300x158.png 300w, https:\/\/coinkickoff.com\/wp-content\/uploads\/Screen-Shot-2023-03-29-at-10.44.22-PM-e1683779442560-1024x538.png 1024w, https:\/\/coinkickoff.com\/wp-content\/uploads\/Screen-Shot-2023-03-29-at-10.44.22-PM-e1683779442560-768x403.png 768w, https:\/\/coinkickoff.com\/wp-content\/uploads\/Screen-Shot-2023-03-29-at-10.44.22-PM-e1683779442560-18x9.png 18w\" sizes=\"auto, (max-width: 1403px) 100vw, 1403px\" \/><\/p>\n<p><span style=\"font-weight: 400;\">I metodi di pagamento variano a seconda del Paese. Gli utenti statunitensi possono facilmente collegare il loro conto bancario statunitense alla piattaforma per effettuare depositi in valuta fiat. Gli utenti europei possono utilizzare anche i bonifici bancari e SEPA.<\/span><\/p>\n<p><span style=\"font-weight: 400;\">I metodi di pagamento pi\u00f9 comuni che quasi tutti possono utilizzare sono le carte di debito e di credito. L'acquisto di beni digitali con carte di debito e di credito \u00e8 molto semplice e veloce. Purtroppo, un aspetto negativo \u00e8 rappresentato dalle commissioni aggiunte per l'elaborazione dei pagamenti. Di solito, Coinbase addebita una commissione di 3-5% per tutti gli acquisti con carte di credito e di debito coin.<\/span><\/p>\n<p><span style=\"font-weight: 400;\">Fare clic sul metodo che si desidera utilizzare. Se si sceglie il bonifico bancario, seguire le istruzioni sullo schermo per collegare il conto bancario al conto Coinbase.<\/span><\/p>\n<p><span style=\"font-weight: 400;\">Potete anche selezionare l'opzione carta di credito\/debito e seguire le istruzioni riportate di seguito.<\/span><\/p>\n<p><img loading=\"lazy\" decoding=\"async\" class=\"alignnone wp-image-3524 size-full\" src=\"https:\/\/coinkickoff.com\/wp-content\/uploads\/Screen-Shot-2023-03-29-at-10.44.29-PM-e1683779464552.png\" alt=\"\" width=\"1407\" height=\"730\" srcset=\"https:\/\/coinkickoff.com\/wp-content\/uploads\/Screen-Shot-2023-03-29-at-10.44.29-PM-e1683779464552.png 1407w, https:\/\/coinkickoff.com\/wp-content\/uploads\/Screen-Shot-2023-03-29-at-10.44.29-PM-e1683779464552-300x156.png 300w, https:\/\/coinkickoff.com\/wp-content\/uploads\/Screen-Shot-2023-03-29-at-10.44.29-PM-e1683779464552-1024x531.png 1024w, https:\/\/coinkickoff.com\/wp-content\/uploads\/Screen-Shot-2023-03-29-at-10.44.29-PM-e1683779464552-768x398.png 768w, https:\/\/coinkickoff.com\/wp-content\/uploads\/Screen-Shot-2023-03-29-at-10.44.29-PM-e1683779464552-18x9.png 18w\" sizes=\"auto, (max-width: 1407px) 100vw, 1407px\" \/><\/p>\n<p><span style=\"font-weight: 400;\">Per prima cosa, inserite il vostro nome come scritto sulla carta. Il nome sulla carta deve corrispondere al nome ufficiale scritto sul documento d'identit\u00e0. Inserire il numero della carta, la data di scadenza e il CVC. Il CVC \u00e8 solitamente un codice di tre cifre scritto sul retro della carta. Infine, inserire il codice postale e premere il pulsante \"Aggiungi carta\".<\/span><\/p>\n<h3><span class=\"ez-toc-section\" id=\"4_Navigate_to_the_Relevant_Screen_to_Buy\"><\/span><span style=\"font-weight: 400;\">4. Passare alla schermata pertinente per l'acquisto<\/span><span class=\"ez-toc-section-end\"><\/span><\/h3>\n<p><span style=\"font-weight: 400;\">Andate alla vostra homepage e fate clic sul pulsante \"Compra e vendi\" evidenziato in blu. In questo modo si aprir\u00e0 il modulo di acquisto con un solo clic. <\/span><\/p>\n<p><img loading=\"lazy\" decoding=\"async\" class=\"alignnone wp-image-3811 size-full\" src=\"https:\/\/coinkickoff.com\/wp-content\/uploads\/Screen-Shot-2023-06-08-at-3.20.32-AM-1-e1686183860887.png\" alt=\"come acquistare shiba inu su coinbase\" width=\"1295\" height=\"655\" \/><\/p>\n<p><span style=\"font-weight: 400;\">\u00c8 sufficiente inserire l'importo che si desidera spendere. Il widget di acquisto \u00e8 impostato di default su BTC, ma \u00e8 possibile cambiarlo con altri beni digitali facendo clic sulla freccia accanto.<\/span><\/p>\n<p><span style=\"font-weight: 400;\">Fare clic sulla casella \"Paga con\" e scegliere la carta di credito o di debito come metodo di pagamento.<\/span><\/p>\n<p><span style=\"font-weight: 400;\">Se si guarda sotto l'importo inserito, si noter\u00e0 un'altra casella con la dicitura \"Acquisto una tantum\". Anche in questo caso si tratta dell'impostazione predefinita, ma \u00e8 possibile modificarla in modo che Coinbase effettui automaticamente acquisti ricorrenti ogni settimana o ogni mese.\u00a0<\/span><\/p>\n<p><span style=\"font-weight: 400;\">Dopo aver compilato il modulo, fare clic su \"Anteprima dell'acquisto\". <\/span><\/p>\n<p><img loading=\"lazy\" decoding=\"async\" class=\"alignnone wp-image-3519 size-full\" src=\"https:\/\/coinkickoff.com\/wp-content\/uploads\/Screen-Shot-2023-03-29-at-10.39.23-PM-e1683779487708.png\" alt=\"come acquistare dogecoin su coinbaseCome acquistare Bitcoin su Coinbase\" width=\"1439\" height=\"763\" srcset=\"https:\/\/coinkickoff.com\/wp-content\/uploads\/Screen-Shot-2023-03-29-at-10.39.23-PM-e1683779487708.png 1439w, https:\/\/coinkickoff.com\/wp-content\/uploads\/Screen-Shot-2023-03-29-at-10.39.23-PM-e1683779487708-300x159.png 300w, https:\/\/coinkickoff.com\/wp-content\/uploads\/Screen-Shot-2023-03-29-at-10.39.23-PM-e1683779487708-1024x543.png 1024w, https:\/\/coinkickoff.com\/wp-content\/uploads\/Screen-Shot-2023-03-29-at-10.39.23-PM-e1683779487708-768x407.png 768w, https:\/\/coinkickoff.com\/wp-content\/uploads\/Screen-Shot-2023-03-29-at-10.39.23-PM-e1683779487708-18x10.png 18w\" sizes=\"auto, (max-width: 1439px) 100vw, 1439px\" \/><\/p>\n<p><span style=\"font-weight: 400;\">Coinbase visualizzer\u00e0 la quantit\u00e0 di BTC che riceverete, nonch\u00e9 le eventuali spese a vostro carico. Se si \u00e8 soddisfatti dell'ordine, \u00e8 possibile fare clic su \"Acquista ora\" per completarlo.\u00a0<\/span><\/p>","protected":false},"excerpt":{"rendered":"<p>Come acquistare Bitcoin su Coinbase Se conoscete un po' di Bitcoin, forse avrete gi\u00e0 sentito parlare di Coinbase, uno dei principali exchange di criptovalute al mondo. Coinbase \u00e8 uno scambio digitale con sede negli Stati Uniti, noto per la sua facilit\u00e0 d'uso e per la conformit\u00e0 alle leggi e ai regolamenti dei Paesi in cui opera. [...]<\/p>","protected":false},"author":3,"featured_media":0,"parent":3885,"menu_order":0,"comment_status":"closed","ping_status":"closed","template":"","meta":{"_genesis_hide_title":false,"_genesis_hide_breadcrumbs":false,"_genesis_hide_singular_image":false,"_genesis_hide_footer_widgets":false,"_genesis_custom_body_class":"","_genesis_custom_post_class":"","_genesis_layout":"","_glsr_average":0,"_glsr_ranking":0,"_glsr_reviews":0,"footnotes":""},"class_list":{"0":"post-3899","1":"page","2":"type-page","3":"status-publish","5":"entry"},"featured_image_src":null,"featured_image_src_square":null,"_links":{"self":[{"href":"https:\/\/coinkickoff.com\/it\/wp-json\/wp\/v2\/pages\/3899","targetHints":{"allow":["GET"]}}],"collection":[{"href":"https:\/\/coinkickoff.com\/it\/wp-json\/wp\/v2\/pages"}],"about":[{"href":"https:\/\/coinkickoff.com\/it\/wp-json\/wp\/v2\/types\/page"}],"author":[{"embeddable":true,"href":"https:\/\/coinkickoff.com\/it\/wp-json\/wp\/v2\/users\/3"}],"replies":[{"embeddable":true,"href":"https:\/\/coinkickoff.com\/it\/wp-json\/wp\/v2\/comments?post=3899"}],"version-history":[{"count":1,"href":"https:\/\/coinkickoff.com\/it\/wp-json\/wp\/v2\/pages\/3899\/revisions"}],"predecessor-version":[{"id":3900,"href":"https:\/\/coinkickoff.com\/it\/wp-json\/wp\/v2\/pages\/3899\/revisions\/3900"}],"up":[{"embeddable":true,"href":"https:\/\/coinkickoff.com\/it\/wp-json\/wp\/v2\/pages\/3885"}],"wp:attachment":[{"href":"https:\/\/coinkickoff.com\/it\/wp-json\/wp\/v2\/media?parent=3899"}],"curies":[{"name":"wp","href":"https:\/\/api.w.org\/{rel}","templated":true}]}}