{"id":3877,"date":"2026-01-08T14:06:52","date_gmt":"2026-01-08T14:06:52","guid":{"rendered":"https:\/\/coinkickoff.com\/?page_id=3877"},"modified":"2026-01-08T14:06:52","modified_gmt":"2026-01-08T14:06:52","slug":"how-to-buy-shiba-inu-on-kraken","status":"publish","type":"page","link":"https:\/\/coinkickoff.com\/it\/how-to-buy-shiba-inu\/how-to-buy-shiba-inu-on-kraken\/","title":{"rendered":"Come acquistare Shiba Inu su Kraken"},"content":{"rendered":"<div id=\"ez-toc-container\" class=\"ez-toc-v2_0_80 counter-hierarchy ez-toc-counter ez-toc-transparent ez-toc-container-direction\">\n<div class=\"ez-toc-title-container\">\n<p class=\"ez-toc-title\" style=\"cursor:inherit\">Sezioni<\/p>\n<span class=\"ez-toc-title-toggle\"><a href=\"#\" class=\"ez-toc-pull-right ez-toc-btn ez-toc-btn-xs ez-toc-btn-default ez-toc-toggle\" aria-label=\"Allinea la tabella dei contenuti\"><span class=\"ez-toc-js-icon-con\"><span class=\"\"><span class=\"eztoc-hide\" style=\"display:none;\">Toggle<\/span><span class=\"ez-toc-icon-toggle-span\"><svg style=\"fill: #999;color:#999\" xmlns=\"http:\/\/www.w3.org\/2000\/svg\" class=\"list-377408\" width=\"20px\" height=\"20px\" viewbox=\"0 0 24 24\" fill=\"none\"><path d=\"M6 6H4v2h2V6zm14 0H8v2h12V6zM4 11h2v2H4v-2zm16 0H8v2h12v-2zM4 16h2v2H4v-2zm16 0H8v2h12v-2z\" fill=\"currentColor\"><\/path><\/svg><svg style=\"fill: #999;color:#999\" class=\"arrow-unsorted-368013\" xmlns=\"http:\/\/www.w3.org\/2000\/svg\" width=\"10px\" height=\"10px\" viewbox=\"0 0 24 24\" version=\"1.2\" baseprofile=\"tiny\"><path d=\"M18.2 9.3l-6.2-6.3-6.2 6.3c-.2.2-.3.4-.3.7s.1.5.3.7c.2.2.4.3.7.3h11c.3 0 .5-.1.7-.3.2-.2.3-.5.3-.7s-.1-.5-.3-.7zM5.8 14.7l6.2 6.3 6.2-6.3c.2-.2.3-.5.3-.7s-.1-.5-.3-.7c-.2-.2-.4-.3-.7-.3h-11c-.3 0-.5.1-.7.3-.2.2-.3.5-.3.7s.1.5.3.7z\"\/><\/svg><\/span><\/span><\/span><\/a><\/span><\/div>\n<nav><ul class='ez-toc-list ez-toc-list-level-1 eztoc-toggle-hide-by-default' ><li class='ez-toc-page-1 ez-toc-heading-level-2'><a class=\"ez-toc-link ez-toc-heading-1\" href=\"https:\/\/coinkickoff.com\/it\/how-to-buy-shiba-inu\/how-to-buy-shiba-inu-on-kraken\/#How_to_Buy_Shiba_Inu_on_Kraken_Exchange\" >Come acquistare Shiba Inu sullo scambio Kraken<\/a><\/li><li class='ez-toc-page-1 ez-toc-heading-level-2'><a class=\"ez-toc-link ez-toc-heading-2\" href=\"https:\/\/coinkickoff.com\/it\/how-to-buy-shiba-inu\/how-to-buy-shiba-inu-on-kraken\/#A_Step-By-Step_Guide_on_How_to_Buy_Shiba_Inu_on_Kraken\" >Una guida passo-passo su come acquistare Shiba Inu su Kraken<\/a><ul class='ez-toc-list-level-3' ><li class='ez-toc-heading-level-3'><a class=\"ez-toc-link ez-toc-heading-3\" href=\"https:\/\/coinkickoff.com\/it\/how-to-buy-shiba-inu\/how-to-buy-shiba-inu-on-kraken\/#1_Register_an_Account_on_Kraken\" >1. Registrare un account su Kraken<\/a><\/li><li class='ez-toc-page-1 ez-toc-heading-level-3'><a class=\"ez-toc-link ez-toc-heading-4\" href=\"https:\/\/coinkickoff.com\/it\/how-to-buy-shiba-inu\/how-to-buy-shiba-inu-on-kraken\/#2_Verify_Your_Account\" >2. Verifica dell'account<\/a><\/li><li class='ez-toc-page-1 ez-toc-heading-level-3'><a class=\"ez-toc-link ez-toc-heading-5\" href=\"https:\/\/coinkickoff.com\/it\/how-to-buy-shiba-inu\/how-to-buy-shiba-inu-on-kraken\/#3_Enable_2FA\" >3. Abilitare la 2FA<\/a><\/li><li class='ez-toc-page-1 ez-toc-heading-level-3'><a class=\"ez-toc-link ez-toc-heading-6\" href=\"https:\/\/coinkickoff.com\/it\/how-to-buy-shiba-inu\/how-to-buy-shiba-inu-on-kraken\/#4_Add_an_Instant_Payment_Method\" >4. Aggiungere un metodo di pagamento immediato<\/a><\/li><li class='ez-toc-page-1 ez-toc-heading-level-3'><a class=\"ez-toc-link ez-toc-heading-7\" href=\"https:\/\/coinkickoff.com\/it\/how-to-buy-shiba-inu\/how-to-buy-shiba-inu-on-kraken\/#4_Navigate_to_the_Relevant_Screen_to_Buy\" >4. Passare alla schermata pertinente per l'acquisto<\/a><\/li><\/ul><\/li><\/ul><\/nav><\/div>\n<h2><span class=\"ez-toc-section\" id=\"How_to_Buy_Shiba_Inu_on_Kraken_Exchange\"><\/span><span style=\"font-weight: 400;\">Come acquistare Shiba Inu sullo scambio Kraken<\/span><span class=\"ez-toc-section-end\"><\/span><\/h2>\n<p><span style=\"font-weight: 400;\">Come la maggior parte delle criptovalute, <a href=\"https:\/\/coinkickoff.com\/it\/shiba-inu-shib\/\">Shiba Inu (SHIB)<\/a> \u00e8 un bene speculativo: il suo prezzo pu\u00f2 salire e scendere a seconda dei capricci delle celebrit\u00e0, degli operatori di mercato e persino dei commentatori di Reddit. Come un meme coin senza un caso d'uso, <a href=\"https:\/\/coinkickoff.com\/it\/shiba-inu-shib\/\" data-internallinksmanager029f6b8e52c=\"16\" title=\"Che cos&#039;\u00e8 l&#039;Shiba Inu (SHIB)? Come funziona e dove si compra?\">SHIB<\/a> \u00e8 particolarmente vulnerabile a oscillazioni di prezzo enormi e improvvise, il che lo rende potenzialmente redditizio e rischioso.<\/span><\/p>\n<p><span style=\"font-weight: 400;\">\u00c8 possibile acquistare l'SHIB su diversi <a href=\"https:\/\/coinkickoff.com\/it\/crypto-exchanges\/\" data-internallinksmanager029f6b8e52c=\"141\" title=\"21 Migliori scambi di criptovalute e app nel 2024\">scambi di criptovalute<\/a>grazie alla sua popolarit\u00e0. In questa guida vi spiegheremo come acquistare Shiba Inu su <a href=\"https:\/\/coinkickoff.com\/it\/kraken-review\/\">Kraken<\/a>, una borsa veterana con sede negli Stati Uniti nota per i suoi elevati standard di sicurezza.<\/span><\/p>\n<h2><span class=\"ez-toc-section\" id=\"A_Step-By-Step_Guide_on_How_to_Buy_Shiba_Inu_on_Kraken\"><\/span><span style=\"font-weight: 400;\">Una guida passo-passo su come acquistare Shiba Inu su Kraken<\/span><span class=\"ez-toc-section-end\"><\/span><\/h2>\n<h3><span class=\"ez-toc-section\" id=\"1_Register_an_Account_on_Kraken\"><\/span><span style=\"font-weight: 400;\">1. Registrare un account su Kraken<\/span><span class=\"ez-toc-section-end\"><\/span><\/h3>\n<p><img loading=\"lazy\" decoding=\"async\" class=\"alignnone wp-image-3406 size-full\" src=\"https:\/\/coinkickoff.com\/wp-content\/uploads\/kraken1-e1682502957481.png\" alt=\"come acquistare Dogecoin su Kraken\" width=\"1339\" height=\"763\" srcset=\"https:\/\/coinkickoff.com\/wp-content\/uploads\/kraken1-e1682502957481.png 1339w, https:\/\/coinkickoff.com\/wp-content\/uploads\/kraken1-e1682502957481-300x171.png 300w, https:\/\/coinkickoff.com\/wp-content\/uploads\/kraken1-e1682502957481-1024x584.png 1024w, https:\/\/coinkickoff.com\/wp-content\/uploads\/kraken1-e1682502957481-768x438.png 768w, https:\/\/coinkickoff.com\/wp-content\/uploads\/kraken1-e1682502957481-18x10.png 18w\" sizes=\"auto, (max-width: 1339px) 100vw, 1339px\" \/><\/p>\n<p><span style=\"font-weight: 400;\">Prima di tutto: Vai a <a href=\"https:\/\/coinkickoff.com\/it\/kraken-review\/\" data-internallinksmanager029f6b8e52c=\"171\" title=\"Recensioni Kraken 2023: Tariffe, Caratteristiche, Sicurezza, Pro e Contro\">Kraken<\/a>e creare un account. Compilate il modulo di iscrizione inserendo tutte le informazioni necessarie. Assicuratevi di inserire un'e-mail valida: Kraken lo utilizzer\u00e0 per inviarvi un link di attivazione.<\/span><\/p>\n<h3><span class=\"ez-toc-section\" id=\"2_Verify_Your_Account\"><\/span><span style=\"font-weight: 400;\">2. Verifica dell'account<\/span><span class=\"ez-toc-section-end\"><\/span><\/h3>\n<p><span style=\"font-weight: 400;\">Una volta effettuato l'accesso, \u00e8 il momento di completare la verifica dell'identit\u00e0. Kraken \u00e8 piuttosto severo nella verifica dell'identit\u00e0, quindi non si pu\u00f2 saltare questo passaggio. Infatti, non appena si cerca di fare clic sulla scheda \"Acquista criptovalute\" nella parte superiore della dashboard, viene richiesto di verificare la propria identit\u00e0.<\/span><\/p>\n<p><img loading=\"lazy\" decoding=\"async\" class=\"alignnone wp-image-3407 size-full\" src=\"https:\/\/coinkickoff.com\/wp-content\/uploads\/kraken2-e1686524781685.png\" alt=\"Avviso di verifica kraken\" width=\"1360\" height=\"791\" srcset=\"https:\/\/coinkickoff.com\/wp-content\/uploads\/kraken2-e1686524781685.png 1360w, https:\/\/coinkickoff.com\/wp-content\/uploads\/kraken2-e1686524781685-300x174.png 300w, https:\/\/coinkickoff.com\/wp-content\/uploads\/kraken2-e1686524781685-1024x596.png 1024w, https:\/\/coinkickoff.com\/wp-content\/uploads\/kraken2-e1686524781685-768x447.png 768w, https:\/\/coinkickoff.com\/wp-content\/uploads\/kraken2-e1686524781685-18x10.png 18w\" sizes=\"auto, (max-width: 1360px) 100vw, 1360px\" \/><\/p>\n<p><span style=\"font-weight: 400;\">Lo schema di verifica di Kraken \u00e8 piuttosto standard: \u00e8 necessario inserire nome, indirizzo e dati personali e caricare i documenti di identit\u00e0.<\/span><\/p>\n<p><img loading=\"lazy\" decoding=\"async\" class=\"alignnone wp-image-3408 size-full\" src=\"https:\/\/coinkickoff.com\/wp-content\/uploads\/kraken3-e1682503223180.png\" alt=\"\" width=\"1375\" height=\"777\" srcset=\"https:\/\/coinkickoff.com\/wp-content\/uploads\/kraken3-e1682503223180.png 1375w, https:\/\/coinkickoff.com\/wp-content\/uploads\/kraken3-e1682503223180-300x170.png 300w, https:\/\/coinkickoff.com\/wp-content\/uploads\/kraken3-e1682503223180-1024x579.png 1024w, https:\/\/coinkickoff.com\/wp-content\/uploads\/kraken3-e1682503223180-768x434.png 768w, https:\/\/coinkickoff.com\/wp-content\/uploads\/kraken3-e1682503223180-18x10.png 18w, https:\/\/coinkickoff.com\/wp-content\/uploads\/kraken3-e1682503223180-600x338.png 600w\" sizes=\"auto, (max-width: 1375px) 100vw, 1375px\" \/><\/p>\n<p><span style=\"font-weight: 400;\">Immettere tutte le informazioni necessarie e fare clic su \"Continua\". Caricare i documenti necessari quando richiesto. Il processo pu\u00f2 essere completato in pochi minuti.\u00a0<\/span><\/p>\n<h3><span class=\"ez-toc-section\" id=\"3_Enable_2FA\"><\/span><span style=\"font-weight: 400;\">3. Abilitare la 2FA<\/span><span class=\"ez-toc-section-end\"><\/span><\/h3>\n<p><span style=\"font-weight: 400;\">Una volta che siete un utente verificato, potete depositare fondi su Kraken. Tuttavia, \u00e8 consigliabile attivare l'autenticazione a due fattori (2FA) prima di depositare fondi sul proprio conto. Il 2FA riduce le possibilit\u00e0 di furto del conto (e dei fondi).<\/span><\/p>\n<p><span style=\"font-weight: 400;\">Fare clic sul proprio nome utente visualizzato nell'angolo superiore destro dello schermo e accedere alle impostazioni 2FA.<\/span><\/p>\n<p><img loading=\"lazy\" decoding=\"async\" class=\"alignnone wp-image-3409 size-full\" src=\"https:\/\/coinkickoff.com\/wp-content\/uploads\/kraken4-e1682503267822.png\" alt=\"\" width=\"1360\" height=\"795\" srcset=\"https:\/\/coinkickoff.com\/wp-content\/uploads\/kraken4-e1682503267822.png 1360w, https:\/\/coinkickoff.com\/wp-content\/uploads\/kraken4-e1682503267822-300x175.png 300w, https:\/\/coinkickoff.com\/wp-content\/uploads\/kraken4-e1682503267822-1024x599.png 1024w, https:\/\/coinkickoff.com\/wp-content\/uploads\/kraken4-e1682503267822-768x449.png 768w, https:\/\/coinkickoff.com\/wp-content\/uploads\/kraken4-e1682503267822-18x12.png 18w\" sizes=\"auto, (max-width: 1360px) 100vw, 1360px\" \/><\/p>\n<p><span style=\"font-weight: 400;\">\u00c8 necessario attivare la 2FA per l'accesso al conto, ma \u00e8 possibile attivarla anche per altre operazioni come il trading e i finanziamenti. Per iniziare, fate clic sul pulsante evidenziato \"Attiva ora\".<\/span><\/p>\n<p><span style=\"font-weight: 400;\"><img loading=\"lazy\" decoding=\"async\" class=\"alignnone wp-image-3405 size-full\" src=\"https:\/\/coinkickoff.com\/wp-content\/uploads\/kraken-5-e1682503294785.png\" alt=\"\" width=\"1357\" height=\"770\" srcset=\"https:\/\/coinkickoff.com\/wp-content\/uploads\/kraken-5-e1682503294785.png 1357w, https:\/\/coinkickoff.com\/wp-content\/uploads\/kraken-5-e1682503294785-300x170.png 300w, https:\/\/coinkickoff.com\/wp-content\/uploads\/kraken-5-e1682503294785-1024x581.png 1024w, https:\/\/coinkickoff.com\/wp-content\/uploads\/kraken-5-e1682503294785-768x436.png 768w, https:\/\/coinkickoff.com\/wp-content\/uploads\/kraken-5-e1682503294785-18x10.png 18w\" sizes=\"auto, (max-width: 1357px) 100vw, 1357px\" \/><\/span><\/p>\n<p><span style=\"font-weight: 400;\">Il sito web di Kraken spiega come funziona la 2FA in modo molto dettagliato e fornisce istruzioni su come procedere. In pratica, tutto ci\u00f2 che dovete fare \u00e8 procurarvi l'app Google Authenticator e usarla per scansionare il codice QR che Kraken genera per voi. L'app vi fornir\u00e0 un codice di autenticazione per confermare la vostra sicurezza. Inserite il codice dall'app e fate clic su \"Conferma\".<\/span><\/p>\n<p><img loading=\"lazy\" decoding=\"async\" class=\"alignnone wp-image-3410 size-full\" src=\"https:\/\/coinkickoff.com\/wp-content\/uploads\/kraken6-e1682503322525.png\" alt=\"\" width=\"1357\" height=\"791\" \/><\/p>\n<p><span style=\"font-weight: 400;\">Utilizzerete l'applicazione Google Authenticator ogni volta che accederete al vostro account.\u00a0<\/span><\/p>\n<h3><span class=\"ez-toc-section\" id=\"4_Add_an_Instant_Payment_Method\"><\/span><span style=\"font-weight: 400;\">4. Aggiungere un metodo di pagamento immediato<\/span><span class=\"ez-toc-section-end\"><\/span><\/h3>\n<p><span style=\"font-weight: 400;\">Il modo pi\u00f9 veloce per acquistare Shiba Inu (o qualsiasi altra criptovaluta) su Kraken \u00e8 aggiungere un metodo di pagamento istantaneo al proprio conto. \u00c8 possibile collegare carte di credito e di debito o il proprio conto bancario online per lo scambio.<\/span><\/p>\n<p><span style=\"font-weight: 400;\">Fare clic sulla scheda \"Acquista Crypto\" per collegare una carta al proprio conto. Verrete reindirizzati alla pagina dei metodi di acquisto di criptovalute, dove potrete aggiungere un metodo di pagamento.<\/span><\/p>\n<p><img loading=\"lazy\" decoding=\"async\" class=\"alignnone wp-image-3412 size-full\" src=\"https:\/\/coinkickoff.com\/wp-content\/uploads\/kraken8-e1682503364155.png\" alt=\"come acquistare Shiba Inu su Kraken\" width=\"1206\" height=\"781\" srcset=\"https:\/\/coinkickoff.com\/wp-content\/uploads\/kraken8-e1682503364155.png 1206w, https:\/\/coinkickoff.com\/wp-content\/uploads\/kraken8-e1682503364155-300x194.png 300w, https:\/\/coinkickoff.com\/wp-content\/uploads\/kraken8-e1682503364155-1024x663.png 1024w, https:\/\/coinkickoff.com\/wp-content\/uploads\/kraken8-e1682503364155-768x497.png 768w, https:\/\/coinkickoff.com\/wp-content\/uploads\/kraken8-e1682503364155-18x12.png 18w\" sizes=\"auto, (max-width: 1206px) 100vw, 1206px\" \/><\/p>\n<p><span style=\"font-weight: 400;\">Fare clic su \"Aggiungi metodi di pagamento\". <\/span><\/p>\n<p><img loading=\"lazy\" decoding=\"async\" class=\"alignnone wp-image-3413 size-full\" src=\"https:\/\/coinkickoff.com\/wp-content\/uploads\/kraken9-e1682503407337.png\" alt=\"\" width=\"1196\" height=\"776\" srcset=\"https:\/\/coinkickoff.com\/wp-content\/uploads\/kraken9-e1682503407337.png 1196w, https:\/\/coinkickoff.com\/wp-content\/uploads\/kraken9-e1682503407337-300x195.png 300w, https:\/\/coinkickoff.com\/wp-content\/uploads\/kraken9-e1682503407337-1024x664.png 1024w, https:\/\/coinkickoff.com\/wp-content\/uploads\/kraken9-e1682503407337-768x498.png 768w, https:\/\/coinkickoff.com\/wp-content\/uploads\/kraken9-e1682503407337-18x12.png 18w\" sizes=\"auto, (max-width: 1196px) 100vw, 1196px\" \/><\/p>\n<p><span style=\"font-weight: 400;\">\u00c8 possibile aggiungere una carta di debito o di credito inserendo semplicemente i dati della carta. \u00c8 anche possibile depositare contanti tramite l'online banking, anche se non \u00e8 cos\u00ec veloce come la prima opzione.<\/span><\/p>\n<h3><span class=\"ez-toc-section\" id=\"4_Navigate_to_the_Relevant_Screen_to_Buy\"><\/span><span style=\"font-weight: 400;\">4. Passare alla schermata pertinente per l'acquisto<\/span><span class=\"ez-toc-section-end\"><\/span><\/h3>\n<p><span style=\"font-weight: 400;\">Una volta aggiunto un metodo di pagamento al vostro conto Kraken, acquistare SHIB \u00e8 molto semplice. Nella pagina \"Acquista criptovaluta\", cliccate su \"Acquista\".<\/span><\/p>\n<p><span style=\"font-weight: 400;\">Nel menu a discesa si possono vedere le risorse offerte. Selezionate Shiba Inu dall'elenco (potete trovarlo elencato come SHIB). Inserite l'importo che volete spendere su Shib, selezionate il metodo di pagamento e cliccate su conferma.<\/span><\/p>\n<p><span style=\"font-weight: 400;\">Sebbene questa opzione sia molto veloce, gli acquisti con carta di credito e di debito tramite il widget easy buy possono essere molto costosi. Se non volete pagare commissioni elevate per l'acquisto di Shiba Inu, potete utilizzare il secondo metodo che descriveremo di seguito.<\/span><\/p>\n<p><span style=\"font-weight: 400;\">\u00c8 possibile scambiare valute fiat selezionate, tra cui USD, per Shiba Inu su Kraken. Attenzione: per usufruire delle commissioni pi\u00f9 basse di Kraken \u00e8 necessario depositare fondi sul proprio conto. Non \u00e8 possibile utilizzare carte di debito o di credito per il trading su Kraken.<\/span><\/p>\n<p><span style=\"font-weight: 400;\">Ci sono due modi per convertire il vostro USD in Shiba Inu su Kraken: \u00c8 possibile utilizzare <\/span><a href=\"https:\/\/kraken.pxf.io\/B0Rny4convert\/shib\/usd\" target=\"_blank\" rel=\"noopener\"><span style=\"font-weight: 400;\">Il convertitore automatico di Kraken<\/span><\/a><span style=\"font-weight: 400;\"> o eseguire un'operazione piazzando un ordine per Shiba Inu.<\/span><\/p>\n<p><span style=\"font-weight: 400;\">Il convertitore automatico \u00e8 il modo pi\u00f9 semplice per negoziare USD su Kraken, ma se si desidera determinare il proprio prezzo, \u00e8 necessario effettuare un ordine.<\/span><\/p>\n<p><span style=\"font-weight: 400;\">Se volete piazzare un ordine, andate alla scheda \"Trade\" e cliccate su \"New Order\". Scegliete la coppia di trading USD\/SHIB.<\/span><\/p>\n<p><span style=\"font-weight: 400;\">Il modulo d'ordine pu\u00f2 sembrare confuso, ma \u00e8 semplicissimo: Basta inserire l'importo che si desidera spendere. \u00c8 possibile accettare il prezzo di mercato per SHIB o impostare un prezzo per s\u00e9. Se si imposta un prezzo troppo basso, l'ordine potrebbe tardare ad essere evaso.<\/span><\/p>\n<p><span style=\"font-weight: 400;\">Congratulazioni! Ora sapete come acquistare Shiba Inu su Kraken.<\/span><\/p>","protected":false},"excerpt":{"rendered":"<p>Come acquistare l'Shiba Inu su Kraken Exchange Come la maggior parte delle criptovalute, l'Shiba Inu (SHIB) \u00e8 un bene speculativo: il suo prezzo pu\u00f2 salire e scendere a seconda dei capricci di celebrit\u00e0, marketer e persino dei commentatori di Reddit. Essendo un meme coin senza un caso d'uso, l'SHIB \u00e8 particolarmente vulnerabile a oscillazioni di prezzo enormi e improvvise, che lo rendono [...]<\/p>","protected":false},"author":3,"featured_media":0,"parent":3709,"menu_order":0,"comment_status":"closed","ping_status":"closed","template":"","meta":{"_genesis_hide_title":false,"_genesis_hide_breadcrumbs":false,"_genesis_hide_singular_image":false,"_genesis_hide_footer_widgets":false,"_genesis_custom_body_class":"","_genesis_custom_post_class":"","_genesis_layout":"","_glsr_average":0,"_glsr_ranking":0,"_glsr_reviews":0,"footnotes":""},"class_list":{"0":"post-3877","1":"page","2":"type-page","3":"status-publish","5":"entry"},"featured_image_src":null,"featured_image_src_square":null,"_links":{"self":[{"href":"https:\/\/coinkickoff.com\/it\/wp-json\/wp\/v2\/pages\/3877","targetHints":{"allow":["GET"]}}],"collection":[{"href":"https:\/\/coinkickoff.com\/it\/wp-json\/wp\/v2\/pages"}],"about":[{"href":"https:\/\/coinkickoff.com\/it\/wp-json\/wp\/v2\/types\/page"}],"author":[{"embeddable":true,"href":"https:\/\/coinkickoff.com\/it\/wp-json\/wp\/v2\/users\/3"}],"replies":[{"embeddable":true,"href":"https:\/\/coinkickoff.com\/it\/wp-json\/wp\/v2\/comments?post=3877"}],"version-history":[{"count":3,"href":"https:\/\/coinkickoff.com\/it\/wp-json\/wp\/v2\/pages\/3877\/revisions"}],"predecessor-version":[{"id":3880,"href":"https:\/\/coinkickoff.com\/it\/wp-json\/wp\/v2\/pages\/3877\/revisions\/3880"}],"up":[{"embeddable":true,"href":"https:\/\/coinkickoff.com\/it\/wp-json\/wp\/v2\/pages\/3709"}],"wp:attachment":[{"href":"https:\/\/coinkickoff.com\/it\/wp-json\/wp\/v2\/media?parent=3877"}],"curies":[{"name":"wp","href":"https:\/\/api.w.org\/{rel}","templated":true}]}}