{"id":3709,"date":"2026-01-08T14:06:54","date_gmt":"2026-01-08T14:06:54","guid":{"rendered":"https:\/\/coinkickoff.com\/?page_id=3709"},"modified":"2026-01-08T14:06:54","modified_gmt":"2026-01-08T14:06:54","slug":"how-to-buy-shiba-inu","status":"publish","type":"page","link":"https:\/\/coinkickoff.com\/it\/how-to-buy-shiba-inu\/","title":{"rendered":"Come acquistare Shiba Inu (SHIB)"},"content":{"rendered":"<div id=\"ez-toc-container\" class=\"ez-toc-v2_0_80 counter-hierarchy ez-toc-counter ez-toc-transparent ez-toc-container-direction\">\n<div class=\"ez-toc-title-container\">\n<p class=\"ez-toc-title\" style=\"cursor:inherit\">Sezioni<\/p>\n<span class=\"ez-toc-title-toggle\"><a href=\"#\" class=\"ez-toc-pull-right ez-toc-btn ez-toc-btn-xs ez-toc-btn-default ez-toc-toggle\" aria-label=\"Allinea la tabella dei contenuti\"><span class=\"ez-toc-js-icon-con\"><span class=\"\"><span class=\"eztoc-hide\" style=\"display:none;\">Toggle<\/span><span class=\"ez-toc-icon-toggle-span\"><svg style=\"fill: #999;color:#999\" xmlns=\"http:\/\/www.w3.org\/2000\/svg\" class=\"list-377408\" width=\"20px\" height=\"20px\" viewbox=\"0 0 24 24\" fill=\"none\"><path d=\"M6 6H4v2h2V6zm14 0H8v2h12V6zM4 11h2v2H4v-2zm16 0H8v2h12v-2zM4 16h2v2H4v-2zm16 0H8v2h12v-2z\" fill=\"currentColor\"><\/path><\/svg><svg style=\"fill: #999;color:#999\" class=\"arrow-unsorted-368013\" xmlns=\"http:\/\/www.w3.org\/2000\/svg\" width=\"10px\" height=\"10px\" viewbox=\"0 0 24 24\" version=\"1.2\" baseprofile=\"tiny\"><path d=\"M18.2 9.3l-6.2-6.3-6.2 6.3c-.2.2-.3.4-.3.7s.1.5.3.7c.2.2.4.3.7.3h11c.3 0 .5-.1.7-.3.2-.2.3-.5.3-.7s-.1-.5-.3-.7zM5.8 14.7l6.2 6.3 6.2-6.3c.2-.2.3-.5.3-.7s-.1-.5-.3-.7c-.2-.2-.4-.3-.7-.3h-11c-.3 0-.5.1-.7.3-.2.2-.3.5-.3.7s.1.5.3.7z\"\/><\/svg><\/span><\/span><\/span><\/a><\/span><\/div>\n<nav><ul class='ez-toc-list ez-toc-list-level-1 eztoc-toggle-hide-by-default' ><li class='ez-toc-page-1 ez-toc-heading-level-2'><a class=\"ez-toc-link ez-toc-heading-1\" href=\"https:\/\/coinkickoff.com\/it\/how-to-buy-shiba-inu\/#How_to_Buy_Shiba_Inu\" >Come acquistare Shiba Inu<\/a><\/li><li class='ez-toc-page-1 ez-toc-heading-level-2'><a class=\"ez-toc-link ez-toc-heading-2\" href=\"https:\/\/coinkickoff.com\/it\/how-to-buy-shiba-inu\/#What_Is_Shiba_Inu\" >Che cos'\u00e8 l'Shiba Inu?<\/a><\/li><li class='ez-toc-page-1 ez-toc-heading-level-2'><a class=\"ez-toc-link ez-toc-heading-3\" href=\"https:\/\/coinkickoff.com\/it\/how-to-buy-shiba-inu\/#Where_Can_I_Buy_Shiba_Inu\" >Dove posso acquistare Shiba Inu?<\/a><\/li><li class='ez-toc-page-1 ez-toc-heading-level-2'><a class=\"ez-toc-link ez-toc-heading-4\" href=\"https:\/\/coinkickoff.com\/it\/how-to-buy-shiba-inu\/#How_to_Buy_Shiba_Inu-2\" >Come acquistare Shiba Inu<\/a><ul class='ez-toc-list-level-3' ><li class='ez-toc-heading-level-3'><a class=\"ez-toc-link ez-toc-heading-5\" href=\"https:\/\/coinkickoff.com\/it\/how-to-buy-shiba-inu\/#Choose_Your_Exchange\" >Scegliete il vostro scambio<\/a><\/li><li class='ez-toc-page-1 ez-toc-heading-level-3'><a class=\"ez-toc-link ez-toc-heading-6\" href=\"https:\/\/coinkickoff.com\/it\/how-to-buy-shiba-inu\/#Store_Your_SHIB\" >Conservare l'SHIB<\/a><ul class='ez-toc-list-level-4' ><li class='ez-toc-heading-level-4'><a class=\"ez-toc-link ez-toc-heading-7\" href=\"https:\/\/coinkickoff.com\/it\/how-to-buy-shiba-inu\/#Exchange_Wallet\" >Portafoglio di scambio<\/a><\/li><li class='ez-toc-page-1 ez-toc-heading-level-4'><a class=\"ez-toc-link ez-toc-heading-8\" href=\"https:\/\/coinkickoff.com\/it\/how-to-buy-shiba-inu\/#Self-Custody_Hot_Wallets\" >Portafogli caldi in autocustodia<\/a><\/li><li class='ez-toc-page-1 ez-toc-heading-level-4'><a class=\"ez-toc-link ez-toc-heading-9\" href=\"https:\/\/coinkickoff.com\/it\/how-to-buy-shiba-inu\/#Cold_Wallets\" >Portafogli freddi<\/a><\/li><\/ul><\/li><\/ul><\/li><\/ul><\/nav><\/div>\n<h2><span class=\"ez-toc-section\" id=\"How_to_Buy_Shiba_Inu\"><\/span><span style=\"font-weight: 400;\">Come acquistare Shiba Inu<\/span><span class=\"ez-toc-section-end\"><\/span><\/h2>\n<p><img loading=\"lazy\" decoding=\"async\" class=\"alignnone wp-image-168 size-full\" src=\"https:\/\/coinkickoff.com\/wp-content\/uploads\/2022\/06\/Shiba-Inu-SHIB.jpg\" alt=\"come acquistare uno shiba inu\" width=\"1000\" height=\"1000\" srcset=\"https:\/\/coinkickoff.com\/wp-content\/uploads\/2022\/06\/Shiba-Inu-SHIB.jpg 1000w, https:\/\/coinkickoff.com\/wp-content\/uploads\/2022\/06\/Shiba-Inu-SHIB-300x300.jpg 300w, https:\/\/coinkickoff.com\/wp-content\/uploads\/2022\/06\/Shiba-Inu-SHIB-150x150.jpg 150w, https:\/\/coinkickoff.com\/wp-content\/uploads\/2022\/06\/Shiba-Inu-SHIB-768x768.jpg 768w, https:\/\/coinkickoff.com\/wp-content\/uploads\/2022\/06\/Shiba-Inu-SHIB-12x12.jpg 12w, https:\/\/coinkickoff.com\/wp-content\/uploads\/2022\/06\/Shiba-Inu-SHIB-80x80.jpg 80w, https:\/\/coinkickoff.com\/wp-content\/uploads\/2022\/06\/Shiba-Inu-SHIB-600x600.jpg 600w\" sizes=\"auto, (max-width: 1000px) 100vw, 1000px\" \/><\/p>\n<p><span style=\"font-weight: 400;\">Siete interessati ad acquistare <a href=\"https:\/\/coinkickoff.com\/it\/shiba-inu-shib\/\" data-internallinksmanager029f6b8e52c=\"16\" title=\"Che cos&#039;\u00e8 l&#039;Shiba Inu (SHIB)? Come funziona e dove si compra?\">Shiba Inu<\/a> ma non sapete da dove cominciare? Siete nel posto giusto. Ecco tutto quello che c'\u00e8 da sapere sull'acquisto di Shiba Inu.\u00a0<\/span><\/p>\n<h2><span class=\"ez-toc-section\" id=\"What_Is_Shiba_Inu\"><\/span><span style=\"font-weight: 400;\">Che cos'\u00e8 l'Shiba Inu?<\/span><span class=\"ez-toc-section-end\"><\/span><\/h2>\n<p><span style=\"font-weight: 400;\">Shiba Inu token (SHIB) \u00e8 stato creato nell'agosto 2020 come meme coin da uno sviluppatore pseudo-anonimo chiamato \"Ryoshi\". Il coin \u00e8 diventato popolare dopo che \"Ryoshi\" ha inviato la met\u00e0 della fornitura totale al <a href=\"https:\/\/coinkickoff.com\/it\/ethereum-eth\/\" data-internallinksmanager029f6b8e52c=\"2\" title=\"Che cosa \u00e8 Ethereum (ETH)? Prezzo, storia e dove si compra\">Ethereum<\/a> Vitalik Buterin, fondatore della societ\u00e0, come modo per commercializzare l'coin alle masse. Buterin ha bruciato <\/span><a href=\"https:\/\/www.coindesk.com\/markets\/2021\/05\/17\/vitalik-buterin-burns-6b-in-shib-tokens-says-he-doesnt-want-the-power\/\" target=\"_blank\" rel=\"noopener\"><span style=\"font-weight: 400;\">90% della fornitura e ha donato le restanti 10% a un ente di beneficenza.<\/span><\/a><span style=\"font-weight: 400;\"> in India durante la pandemia di Covid-19.<\/span><\/p>\n<p><img loading=\"lazy\" decoding=\"async\" class=\"alignnone wp-image-3712 size-full\" src=\"https:\/\/coinkickoff.com\/wp-content\/uploads\/Screen-Shot-2023-05-24-at-2.12.50-PM-e1684926889358.png\" alt=\"\" width=\"759\" height=\"629\" srcset=\"https:\/\/coinkickoff.com\/wp-content\/uploads\/Screen-Shot-2023-05-24-at-2.12.50-PM-e1684926889358.png 759w, https:\/\/coinkickoff.com\/wp-content\/uploads\/Screen-Shot-2023-05-24-at-2.12.50-PM-e1684926889358-300x249.png 300w, https:\/\/coinkickoff.com\/wp-content\/uploads\/Screen-Shot-2023-05-24-at-2.12.50-PM-e1684926889358-14x12.png 14w\" sizes=\"auto, (max-width: 759px) 100vw, 759px\" \/><\/p>\n<p><span style=\"font-weight: 400;\">Shiba Inu assomiglia molto al suo meme rivale token <a href=\"https:\/\/coinkickoff.com\/it\/dogecoin-doge\/\" data-internallinksmanager029f6b8e52c=\"14\" title=\"Che cos&#039;\u00e8 Dogecoin (DOGE)? Come funziona e dove si compra?\">Dogecoin<\/a>Entrambi i progetti utilizzano l'immagine del cane Shiba Inu (che ha ispirato il meme Doge) e sono essenzialmente considerati uno scherzo dell'coins. SHIB \u00e8 stato soprannominato \"DOGEKILLER\" dal team di creatori e dalla comunit\u00e0 Shiba Inu, poich\u00e9 il progetto mira a superare la popolarit\u00e0 di DOGE.<\/span><\/p>\n<p><img loading=\"lazy\" decoding=\"async\" class=\"alignnone wp-image-3711 size-full\" src=\"https:\/\/coinkickoff.com\/wp-content\/uploads\/elon-musk-shiba.png\" alt=\"\" width=\"447\" height=\"794\" srcset=\"https:\/\/coinkickoff.com\/wp-content\/uploads\/elon-musk-shiba.png 447w, https:\/\/coinkickoff.com\/wp-content\/uploads\/elon-musk-shiba-169x300.png 169w, https:\/\/coinkickoff.com\/wp-content\/uploads\/elon-musk-shiba-7x12.png 7w\" sizes=\"auto, (max-width: 447px) 100vw, 447px\" \/><\/p>\n<p><span style=\"font-weight: 400;\">Come l'Dogecoin, <\/span><b>Shiba Inu non ha un vero e proprio caso d'uso<\/b><span style=\"font-weight: 400;\">. La sua popolarit\u00e0 \u00e8 dovuta principalmente alla cultura di internet e alle speculazioni. Nel 2021, il prezzo dell'coin si \u00e8 impennato di 10 volte dopo che <\/span><a href=\"https:\/\/www.news.com.au\/finance\/markets\/world-markets\/shib-coin-why-shiba-inu-price-is-surging\/news-story\/a1bb8332cda46430f3093582e62ade73\" target=\"_blank\" rel=\"noopener\"><span style=\"font-weight: 400;\">Elon Musk ha twittato <\/span><\/a><span style=\"font-weight: 400;\">una foto del proprio cane di razza Shiba Inu, anche se in seguito il prezzo della token \u00e8 tornato ai livelli precedenti.<\/span><\/p>\n<p><img loading=\"lazy\" decoding=\"async\" class=\"alignnone wp-image-3710 size-full\" src=\"https:\/\/coinkickoff.com\/wp-content\/uploads\/shiba-inu-price-e1684926920831.png\" alt=\"\" width=\"766\" height=\"500\" srcset=\"https:\/\/coinkickoff.com\/wp-content\/uploads\/shiba-inu-price-e1684926920831.png 766w, https:\/\/coinkickoff.com\/wp-content\/uploads\/shiba-inu-price-e1684926920831-300x196.png 300w, https:\/\/coinkickoff.com\/wp-content\/uploads\/shiba-inu-price-e1684926920831-18x12.png 18w\" sizes=\"auto, (max-width: 766px) 100vw, 766px\" \/><\/p>\n<p><span style=\"font-weight: 400;\">Nel complesso, i meme coins come Shiba Inu e Dogecoin possono essere considerati coins pump-and-dump perch\u00e9 non sono utili. Le persone spesso li acquistano sperando di poter scaricare i loro beni a un improvviso aumento di prezzo.<\/span><\/p>\n<p><span style=\"font-weight: 400;\">Tuttavia, come l'DOGE, l'Shiba Inu \u00e8 incredibilmente economico e piuttosto popolare. Con un centinaio di dollari si pu\u00f2 facilmente acquistare un'enorme quantit\u00e0 di SH\u0130B. Nel complesso, la loro facile accessibilit\u00e0, l'alta visibilit\u00e0 e la volatilit\u00e0 dei prezzi rendono questi coins attraenti per coloro che non si preoccupano di fare investimenti rischiosi nella speranza di ottenere alti profitti.\u00a0<\/span><\/p>\n<h2><span class=\"ez-toc-section\" id=\"Where_Can_I_Buy_Shiba_Inu\"><\/span><span style=\"font-weight: 400;\">Dove posso acquistare Shiba Inu?<\/span><span class=\"ez-toc-section-end\"><\/span><\/h2>\n<p><a href=\"https:\/\/coinmarketcap.com\/currencies\/shiba-inu\/\" target=\"_blank\" rel=\"noopener\"><span style=\"font-weight: 400;\">SHIB \u00e8 il 14\u00b0 pi\u00f9 grande criptovaluta<\/span><\/a><span style=\"font-weight: 400;\"> per capitalizzazione di mercato, quindi quasi tutte le borse popolari consentono di negoziarlo.<\/span><\/p>\n<p><span style=\"font-weight: 400;\">\u00c8 possibile acquistare l'SHIB con valute fiat presso gli uffici centralizzati di <a href=\"https:\/\/coinkickoff.com\/it\/crypto-exchanges\/\" data-internallinksmanager029f6b8e52c=\"141\" title=\"21 Migliori scambi di criptovalute e app nel 2024\">scambi di criptovalute<\/a> come <\/span><a href=\"https:\/\/coinkickoff.com\/it\/binance-review\/\"><span style=\"font-weight: 400;\">Binance<\/span><\/a><span style=\"font-weight: 400;\">, <\/span><a href=\"https:\/\/coinkickoff.com\/it\/kraken-review\/\"><span style=\"font-weight: 400;\">Kraken<\/span><\/a><span style=\"font-weight: 400;\">, <\/span><a href=\"https:\/\/coinkickoff.com\/it\/coinbase-review\/\"><span style=\"font-weight: 400;\">Coinbase<\/span><\/a><span style=\"font-weight: 400;\">, <\/span><a href=\"https:\/\/www.kucoin.com\/r\/af\/rMJPV3B\" target=\"_blank\" rel=\"noopener\"><span style=\"font-weight: 400;\">Kucoin<\/span><\/a><span style=\"font-weight: 400;\">, <\/span><a href=\"https:\/\/www.bitfinex.com\/sign-up?refcode=kjCYk-CZD\" target=\"_blank\" rel=\"noopener\"><span style=\"font-weight: 400;\">Bitfinex<\/span><\/a><span style=\"font-weight: 400;\">, e <\/span><a href=\"https:\/\/www.okx.com\/join\/65358827\" target=\"_blank\" rel=\"noopener\"><span style=\"font-weight: 400;\">OKX<\/span><\/a><span style=\"font-weight: 400;\">.<\/span><\/p>\n<p><span style=\"font-weight: 400;\">\u00c8 anche possibile negoziare SHIB su scambi decentralizzati come <a href=\"https:\/\/coinkickoff.com\/it\/uniswap-uni\/\" data-internallinksmanager029f6b8e52c=\"34\" title=\"Cos&#039;\u00e8 Uniswap (UNI), come funziona e dove si compra?\">Uniswap<\/a> e Sushiswap. Non \u00e8 possibile acquistare criptovalute con valuta fiat su questi exchange, ma se si possiedono gi\u00e0 criptovalute, \u00e8 possibile scambiarle con SHIB.<\/span><\/p>\n<h2><span class=\"ez-toc-section\" id=\"How_to_Buy_Shiba_Inu-2\"><\/span><span style=\"font-weight: 400;\">Come acquistare Shiba Inu<\/span><span class=\"ez-toc-section-end\"><\/span><\/h2>\n<p><span style=\"font-weight: 400;\">Avete deciso di fare il grande passo e di acquistare un Shiba Inu. Ottimo, ma prima dovete prendere due decisioni: In primo luogo, decidere quale borsa valori utilizzare per acquistare l'coin. Poi, decidere il metodo di conservazione. Una volta deciso questo, siete pronti ad acquistare il vostro SHIB.\u00a0<\/span><\/p>\n<p><span style=\"font-weight: 400;\">Ecco una descrizione di ogni fase per facilitare l'acquisto.<\/span><\/p>\n<h3><span class=\"ez-toc-section\" id=\"Choose_Your_Exchange\"><\/span><span style=\"font-weight: 400;\">Scegliete il vostro scambio<\/span><span class=\"ez-toc-section-end\"><\/span><\/h3>\n<p><span style=\"font-weight: 400;\">Poich\u00e9 Shiba Inu \u00e8 molto popolare, \u00e8 possibile trovarlo su quasi tutti gli exchange di criptovalute. Tuttavia, poich\u00e9 ci sono molti exchange in circolazione, scegliere quello giusto pu\u00f2 essere scoraggiante. Non preoccupatevi, per\u00f2, perch\u00e9 abbiamo <\/span><a href=\"https:\/\/coinkickoff.com\/it\/crypto-exchanges\/\"><span style=\"font-weight: 400;\">una breve guida sui migliori scambi di criptovalute<\/span><\/a><span style=\"font-weight: 400;\"> \u00e8 possibile utilizzare.<\/span><\/p>\n<p><span style=\"font-weight: 400;\">Quando si sceglie un exchange, ci sono alcuni aspetti da considerare. Se si vuole investire in vari altcoins, si pu\u00f2 preferire un <\/span><b>piattaforma pi\u00f9 grande<\/b><span style=\"font-weight: 400;\"> che offre diversi beni digitali, come <a href=\"https:\/\/coinkickoff.com\/it\/binance-review\/\" data-internallinksmanager029f6b8e52c=\"152\" title=\"Binance Recensioni 2024: Caratteristiche, tariffe, sicurezza, pro e contro\">Binance<\/a> o <a href=\"https:\/\/coinkickoff.com\/it\/coinbase-review\/\" data-internallinksmanager029f6b8e52c=\"142\" title=\"Coinbase Recensioni 2024: Caratteristiche, tariffe, sicurezza, pro e contro\">Coinbase<\/a>.\u00a0<\/span><\/p>\n<p><span style=\"font-weight: 400;\">Dovete anche pensare a<\/span><b> commissioni di cambio<\/b><span style=\"font-weight: 400;\">. La maggior parte delle borse offre due sistemi di prezzi separati: Uno \u00e8 un programma di commissioni a livelli e quindi pi\u00f9 economico per il trading professionale, l'altro \u00e8 una semplice funzione di acquisto pi\u00f9 costosa.\u00a0<\/span><\/p>\n<p><span style=\"font-weight: 400;\">Se siete principianti e volete acquistare facilmente coins, la funzione di acquisto semplice \u00e8 la scelta migliore. Quando confrontate le borse, controllate le loro tariffe per le operazioni di acquisto semplice. Di solito, le tariffe variano da %1 a %5, a seconda dell'exchange e del metodo di pagamento.<\/span><\/p>\n<h3><span class=\"ez-toc-section\" id=\"Store_Your_SHIB\"><\/span><span style=\"font-weight: 400;\">Conservare l'SHIB<\/span><span class=\"ez-toc-section-end\"><\/span><\/h3>\n<p><span style=\"font-weight: 400;\">\u00c8 una buona idea fare una ricerca sui portafogli di criptovalute prima di acquistare un coins. La conservazione delle criptovalute \u00e8 una questione seria: poich\u00e9 le attivit\u00e0 in criptovaluta esistono solo sulla catena, l'unico modo per accedere ai fondi \u00e8 il portafoglio di criptovalute.\u00a0\u00a0<\/span><\/p>\n<p><span style=\"font-weight: 400;\">Esistono due tipi principali di portafogli per criptovalute: <\/span><b>portafogli caldi e freddi<\/b><span style=\"font-weight: 400;\">. Tra i due tipi di portafogli c'\u00e8 una distinzione semplice ma importante: i portafogli caldi sono collegati a Internet, mentre i portafogli freddi conservano i vostri beni offline.<\/span><\/p>\n<p><span style=\"font-weight: 400;\">I portafogli caldi sono portafogli di scambio e portafogli software, mentre i portafogli freddi sono portafogli cartacei e portafogli hardware.<\/span><\/p>\n<h4><span class=\"ez-toc-section\" id=\"Exchange_Wallet\"><\/span><span style=\"font-weight: 400;\">Portafoglio di scambio<\/span><span class=\"ez-toc-section-end\"><\/span><\/h4>\n<p><span style=\"font-weight: 400;\">I portafogli di scambio sono una soluzione popolare per la conservazione delle criptovalute semplicemente perch\u00e9 sono molto convenienti. Quando si acquistano criptovalute su un exchange centralizzato come <\/span><a href=\"https:\/\/coinkickoff.com\/it\/coinbase-review\/\"><span style=\"font-weight: 400;\">Coinbase<\/span><\/a><span style=\"font-weight: 400;\"> o <\/span><a href=\"https:\/\/coinkickoff.com\/it\/binance-review\/\"><span style=\"font-weight: 400;\">Binance<\/span><\/a><span style=\"font-weight: 400;\">I vostri coins vengono immediatamente depositati in un portafoglio ospitato dalla borsa. Ci\u00f2 consente di vendere o scambiare i propri coins in borsa in modo semplice e rapido.<\/span><\/p>\n<p><span style=\"font-weight: 400;\">L'aspetto negativo dei portafogli exchange \u00e8 la mancanza di una sicurezza sufficiente. Poich\u00e9 il portafoglio \u00e8 ospitato dalla borsa, non avete il controllo diretto dei vostri fondi. Se la borsa fallisce o viene violata, i vostri fondi possono andare persi per sempre.<\/span><\/p>\n<p><span style=\"font-weight: 400;\">Alcune borse offrono sistemi di protezione limitati contro le violazioni della sicurezza, ma il risarcimento non \u00e8 mai garantito poich\u00e9 la decisione spetta in ultima analisi ai proprietari e ai gestori della borsa.<\/span><\/p>\n<p><span style=\"font-weight: 400;\">Gli appassionati di criptovalute spesso affermano che \"non le tue chiavi, non il tuo coins\" per mettere in guardia i trader di criptovalute sui pericoli di lasciare grandi quantit\u00e0 di criptovalute nei portafogli di scambio. Ad esempio, quando FTX ha dichiarato bancarotta, <\/span><a href=\"https:\/\/www.npr.org\/2022\/11\/17\/1137501882\/ftx-investors-are-unable-to-access-their-money-shaking-crypto-investors-confiden\" target=\"_blank\" rel=\"noopener\"><span style=\"font-weight: 400;\">gli utenti non sono riusciti a spostare le loro attivit\u00e0<\/span><\/a><span style=\"font-weight: 400;\"> dai portafogli di scambio perch\u00e9 non avevano accesso alle chiavi dei portafogli di scambio.<\/span><\/p>\n<p><span style=\"font-weight: 400;\">Se non vi sentite a vostro agio a lasciare i vostri beni in un portafoglio di scambio, prendete in considerazione la possibilit\u00e0 di spostarli in un portafoglio di autocustodia.<\/span><\/p>\n<h4><span class=\"ez-toc-section\" id=\"Self-Custody_Hot_Wallets\"><\/span><span style=\"font-weight: 400;\">Portafogli caldi in autocustodia<\/span><span class=\"ez-toc-section-end\"><\/span><\/h4>\n<p><span style=\"font-weight: 400;\">Se non si desidera utilizzare un portafoglio di scambio per conservare il proprio coins, \u00e8 possibile scaricare un portafoglio a caldo auto-custodito sul proprio dispositivo mobile o desktop. Esistono diverse soluzioni software di portafoglio che consentono di gestire le proprie chiavi di portafoglio in modo da avere sempre il controllo del proprio coins.\u00a0<\/span><\/p>\n<p><span style=\"font-weight: 400;\">Ad esempio, \u00e8 possibile memorizzare SHIB in <\/span><a href=\"https:\/\/coinkickoff.com\/it\/exodus-review\/\"><span style=\"font-weight: 400;\">Esodo<\/span><\/a><span style=\"font-weight: 400;\">, <\/span><a href=\"https:\/\/www.coinomi.com\/en\/\" target=\"_blank\" rel=\"noopener\"><span style=\"font-weight: 400;\">Coinomi<\/span><\/a><span style=\"font-weight: 400;\">, o <\/span><a href=\"https:\/\/atomicwallet.io\/\" target=\"_blank\" rel=\"noopener\"><span style=\"font-weight: 400;\">Portafoglio atomico<\/span><\/a><span style=\"font-weight: 400;\">. Tuttavia, gli hot wallet autocustoditi hanno un inconveniente: essendo ospitati su dispositivi connessi a Internet, sono piuttosto vulnerabili ai tentativi di hacking. In effetti, avrete visto o sentito al telegiornale che gli hacker prendono spesso di mira sia i trader al dettaglio che i progetti professionali di criptovalute che utilizzano gli hot wallet.<\/span><\/p>\n<p><span style=\"font-weight: 400;\">Se non siete esperti di sicurezza informatica, tenere un portafoglio caldo potrebbe non essere una grande idea. I ladri di criptovalute sono molto creativi e strategici: utilizzano metodi complessi come il social hijacking, il phishing e altri metodi per accedere ai vostri fondi e prosciugarli. Se il vostro dispositivo connesso a Internet viene compromesso (e pu\u00f2 accadere facilmente se cliccate su un link sbagliato, per esempio), anche i vostri fondi sono compromessi.<\/span><\/p>\n<h4><span class=\"ez-toc-section\" id=\"Cold_Wallets\"><\/span><span style=\"font-weight: 400;\">Portafogli freddi<\/span><span class=\"ez-toc-section-end\"><\/span><\/h4>\n<p><span style=\"font-weight: 400;\">I portafogli a freddo non sono collegati a Internet e sono quindi considerati insensibili alle violazioni.\u00a0<\/span><\/p>\n<p><span style=\"font-weight: 400;\">Esistono due tipi principali di portafogli freddi: I portafogli hardware, che hanno l'aspetto di chiavette USB con il software del portafoglio preinstallato, e i portafogli cartacei, che sono fondamentalmente pezzi di carta su cui sono scritti la chiave privata e l'indirizzo del portafoglio.<\/span><\/p>\n<p><span style=\"font-weight: 400;\">I portafogli cartacei sono generalmente considerati molto sicuri ma difficili da usare. \u00c8 necessario utilizzare con attenzione un generatore di portafogli cartacei, quindi stampare le informazioni e conservarle in un luogo sicuro.\u00a0<\/span><\/p>\n<p><span style=\"font-weight: 400;\">Un grande svantaggio dei portafogli cartacei \u00e8 che sono macchinosi da usare: non \u00e8 possibile effettuare transazioni parziali con i propri fondi, quindi non sono pratici.<\/span><\/p>\n<p><span style=\"font-weight: 400;\">I portafogli hardware, invece, sono incredibilmente pratici e molto sicuri, ma hanno un grosso svantaggio: sono molto pi\u00f9 costosi di altre opzioni.\u00a0<\/span><\/p>\n<p><span style=\"font-weight: 400;\">Normalmente i portafogli di criptovalute sono gratuiti, ma i portafogli hardware sono un'eccezione alla regola. Pagare da 80 a 200 USD per un portafoglio pu\u00f2 essere un investimento costoso per un trader di criptovalute principiante.<\/span><\/p>\n<p><a href=\"https:\/\/www.ledger.com\/\" target=\"_blank\" rel=\"noopener\"><span style=\"font-weight: 400;\">Libro mastro<\/span><\/a><span style=\"font-weight: 400;\"> e <\/span><a href=\"https:\/\/trezor.io\/\" target=\"_blank\" rel=\"noopener\"><span style=\"font-weight: 400;\">Trezor<\/span><\/a><span style=\"font-weight: 400;\"> sono due delle aziende di portafogli rigidi pi\u00f9 famose del settore ed entrambe vendono un modello di base a una fascia di prezzo decente per l'investitore curioso.<\/span><\/p>","protected":false},"excerpt":{"rendered":"<p>Come acquistare Shiba Inu Siete interessati ad acquistare Shiba Inu ma non sapete da dove cominciare? Siete nel posto giusto. Ecco tutto quello che c'\u00e8 da sapere sull'acquisto di Shiba Inu.  Che cos'\u00e8 l'Shiba Inu? Shiba Inu token (SHIB) \u00e8 stato creato nell'agosto 2020 come meme coin da uno pseudo-anonimo [...]<\/p>","protected":false},"author":3,"featured_media":0,"parent":0,"menu_order":0,"comment_status":"closed","ping_status":"closed","template":"","meta":{"_genesis_hide_title":false,"_genesis_hide_breadcrumbs":false,"_genesis_hide_singular_image":false,"_genesis_hide_footer_widgets":false,"_genesis_custom_body_class":"","_genesis_custom_post_class":"","_genesis_layout":"","_glsr_average":0,"_glsr_ranking":0,"_glsr_reviews":0,"footnotes":""},"class_list":{"0":"post-3709","1":"page","2":"type-page","3":"status-publish","5":"entry","6":"has-post-thumbnail"},"featured_image_src":null,"featured_image_src_square":null,"_links":{"self":[{"href":"https:\/\/coinkickoff.com\/it\/wp-json\/wp\/v2\/pages\/3709","targetHints":{"allow":["GET"]}}],"collection":[{"href":"https:\/\/coinkickoff.com\/it\/wp-json\/wp\/v2\/pages"}],"about":[{"href":"https:\/\/coinkickoff.com\/it\/wp-json\/wp\/v2\/types\/page"}],"author":[{"embeddable":true,"href":"https:\/\/coinkickoff.com\/it\/wp-json\/wp\/v2\/users\/3"}],"replies":[{"embeddable":true,"href":"https:\/\/coinkickoff.com\/it\/wp-json\/wp\/v2\/comments?post=3709"}],"version-history":[{"count":2,"href":"https:\/\/coinkickoff.com\/it\/wp-json\/wp\/v2\/pages\/3709\/revisions"}],"predecessor-version":[{"id":4474,"href":"https:\/\/coinkickoff.com\/it\/wp-json\/wp\/v2\/pages\/3709\/revisions\/4474"}],"wp:attachment":[{"href":"https:\/\/coinkickoff.com\/it\/wp-json\/wp\/v2\/media?parent=3709"}],"curies":[{"name":"wp","href":"https:\/\/api.w.org\/{rel}","templated":true}]}}