{"id":3404,"date":"2026-01-08T14:07:29","date_gmt":"2026-01-08T14:07:29","guid":{"rendered":"https:\/\/coinkickoff.com\/?page_id=3404"},"modified":"2026-01-08T14:07:29","modified_gmt":"2026-01-08T14:07:29","slug":"how-to-buy-dogecoin-on-kraken","status":"publish","type":"page","link":"https:\/\/coinkickoff.com\/it\/how-to-buy-dogecoin\/how-to-buy-dogecoin-on-kraken\/","title":{"rendered":"Come acquistare Dogecoin (DOGE) su Kraken"},"content":{"rendered":"<div id=\"ez-toc-container\" class=\"ez-toc-v2_0_80 counter-hierarchy ez-toc-counter ez-toc-transparent ez-toc-container-direction\">\n<div class=\"ez-toc-title-container\">\n<p class=\"ez-toc-title\" style=\"cursor:inherit\">Sezioni<\/p>\n<span class=\"ez-toc-title-toggle\"><a href=\"#\" class=\"ez-toc-pull-right ez-toc-btn ez-toc-btn-xs ez-toc-btn-default ez-toc-toggle\" aria-label=\"Allinea la tabella dei contenuti\"><span class=\"ez-toc-js-icon-con\"><span class=\"\"><span class=\"eztoc-hide\" style=\"display:none;\">Toggle<\/span><span class=\"ez-toc-icon-toggle-span\"><svg style=\"fill: #999;color:#999\" xmlns=\"http:\/\/www.w3.org\/2000\/svg\" class=\"list-377408\" width=\"20px\" height=\"20px\" viewbox=\"0 0 24 24\" fill=\"none\"><path d=\"M6 6H4v2h2V6zm14 0H8v2h12V6zM4 11h2v2H4v-2zm16 0H8v2h12v-2zM4 16h2v2H4v-2zm16 0H8v2h12v-2z\" fill=\"currentColor\"><\/path><\/svg><svg style=\"fill: #999;color:#999\" class=\"arrow-unsorted-368013\" xmlns=\"http:\/\/www.w3.org\/2000\/svg\" width=\"10px\" height=\"10px\" viewbox=\"0 0 24 24\" version=\"1.2\" baseprofile=\"tiny\"><path d=\"M18.2 9.3l-6.2-6.3-6.2 6.3c-.2.2-.3.4-.3.7s.1.5.3.7c.2.2.4.3.7.3h11c.3 0 .5-.1.7-.3.2-.2.3-.5.3-.7s-.1-.5-.3-.7zM5.8 14.7l6.2 6.3 6.2-6.3c.2-.2.3-.5.3-.7s-.1-.5-.3-.7c-.2-.2-.4-.3-.7-.3h-11c-.3 0-.5.1-.7.3-.2.2-.3.5-.3.7s.1.5.3.7z\"\/><\/svg><\/span><\/span><\/span><\/a><\/span><\/div>\n<nav><ul class='ez-toc-list ez-toc-list-level-1 eztoc-toggle-hide-by-default' ><li class='ez-toc-page-1 ez-toc-heading-level-2'><a class=\"ez-toc-link ez-toc-heading-1\" href=\"https:\/\/coinkickoff.com\/it\/how-to-buy-dogecoin\/how-to-buy-dogecoin-on-kraken\/#How_to_Buy_Dogecoin_on_Kraken\" >Come acquistare Dogecoin su Kraken<\/a><\/li><li class='ez-toc-page-1 ez-toc-heading-level-2'><a class=\"ez-toc-link ez-toc-heading-2\" href=\"https:\/\/coinkickoff.com\/it\/how-to-buy-dogecoin\/how-to-buy-dogecoin-on-kraken\/#A_Step-By-Step_Guide_on_How_to_Buy_Dogecoin_on_Kraken\" >Una guida passo-passo su come acquistare Dogecoin su Kraken<\/a><ul class='ez-toc-list-level-3' ><li class='ez-toc-heading-level-3'><a class=\"ez-toc-link ez-toc-heading-3\" href=\"https:\/\/coinkickoff.com\/it\/how-to-buy-dogecoin\/how-to-buy-dogecoin-on-kraken\/#1_Register_an_Account_on_Kraken\" >1. Registrare un account su Kraken<\/a><\/li><li class='ez-toc-page-1 ez-toc-heading-level-3'><a class=\"ez-toc-link ez-toc-heading-4\" href=\"https:\/\/coinkickoff.com\/it\/how-to-buy-dogecoin\/how-to-buy-dogecoin-on-kraken\/#2_Verify_Your_Account\" >2. Verifica dell'account<\/a><\/li><li class='ez-toc-page-1 ez-toc-heading-level-3'><a class=\"ez-toc-link ez-toc-heading-5\" href=\"https:\/\/coinkickoff.com\/it\/how-to-buy-dogecoin\/how-to-buy-dogecoin-on-kraken\/#3_Deposit_FundsCrypto\" >3. Deposito di fondi\/cripto<\/a><\/li><li class='ez-toc-page-1 ez-toc-heading-level-3'><a class=\"ez-toc-link ez-toc-heading-6\" href=\"https:\/\/coinkickoff.com\/it\/how-to-buy-dogecoin\/how-to-buy-dogecoin-on-kraken\/#4_Navigate_to_the_Relevant_Screen_to_Buy\" >4. Passare alla schermata pertinente per l'acquisto<\/a><\/li><\/ul><\/li><\/ul><\/nav><\/div>\n<h2><span class=\"ez-toc-section\" id=\"How_to_Buy_Dogecoin_on_Kraken\"><\/span><span style=\"font-weight: 400;\">Come acquistare Dogecoin su Kraken<\/span><span class=\"ez-toc-section-end\"><\/span><\/h2>\n<p><span style=\"font-weight: 400;\"><a href=\"https:\/\/coinkickoff.com\/it\/dogecoin-doge\/\" data-internallinksmanager029f6b8e52c=\"14\" title=\"Che cos&#039;\u00e8 Dogecoin (DOGE)? Come funziona e dove si compra?\">Dogecoin<\/a> (DOGE) \u00e8 una delle criptovalute pi\u00f9 grandi per capitalizzazione di mercato, nonostante o forse proprio per il suo status di primo meme coin al mondo. L'token \u00e8 stato lanciato principalmente per scherzo, ispirandosi al \"doge meme\", ma ha rapidamente guadagnato popolarit\u00e0 grazie a Internet e ai social media.<\/span><\/p>\n<p><span style=\"font-weight: 400;\">Se volete acquistare <a href=\"https:\/\/coinkickoff.com\/it\/dogecoin-doge\/\">Dogecoin<\/a> su <a href=\"https:\/\/coinkickoff.com\/it\/kraken-review\/\">Kraken<\/a> ma non siete sicuri di come, siete nel posto giusto. Ecco una spiegazione passo per passo di come acquistare Dogecoin su <a href=\"https:\/\/coinkickoff.com\/it\/kraken-review\/\" data-internallinksmanager029f6b8e52c=\"171\" title=\"Recensioni Kraken 2023: Tariffe, Caratteristiche, Sicurezza, Pro e Contro\">Kraken<\/a>.<\/span><\/p>\n<h2><span class=\"ez-toc-section\" id=\"A_Step-By-Step_Guide_on_How_to_Buy_Dogecoin_on_Kraken\"><\/span><span style=\"font-weight: 400;\">Una guida passo-passo su come acquistare Dogecoin su Kraken<\/span><span class=\"ez-toc-section-end\"><\/span><\/h2>\n<h3><span class=\"ez-toc-section\" id=\"1_Register_an_Account_on_Kraken\"><\/span><span style=\"font-weight: 400;\">1. Registrare un account su Kraken<\/span><span class=\"ez-toc-section-end\"><\/span><\/h3>\n<p><img loading=\"lazy\" decoding=\"async\" class=\"alignnone wp-image-3406 size-full\" src=\"https:\/\/coinkickoff.com\/wp-content\/uploads\/kraken1-e1682502957481.png\" alt=\"come acquistare Dogecoin su Kraken\" width=\"1339\" height=\"763\" srcset=\"https:\/\/coinkickoff.com\/wp-content\/uploads\/kraken1-e1682502957481.png 1339w, https:\/\/coinkickoff.com\/wp-content\/uploads\/kraken1-e1682502957481-300x171.png 300w, https:\/\/coinkickoff.com\/wp-content\/uploads\/kraken1-e1682502957481-1024x584.png 1024w, https:\/\/coinkickoff.com\/wp-content\/uploads\/kraken1-e1682502957481-768x438.png 768w, https:\/\/coinkickoff.com\/wp-content\/uploads\/kraken1-e1682502957481-18x10.png 18w\" sizes=\"auto, (max-width: 1339px) 100vw, 1339px\" \/> I<span style=\"font-weight: 400;\">Se non avete ancora un conto Kraken, visitate il sito <a href=\"https:\/\/kraken.pxf.io\/B0Rny4\" rel=\"nofollow noopener\" target=\"_blank\">Il sito ufficiale di Kraken<\/a> e fare clic su \"Crea un account\". Inserite il vostro indirizzo e-mail, il nome utente e una password forte con caratteri numerici e speciali. Selezionate il Paese e lo Stato di residenza e create il vostro account.\u00a0<\/span><\/p>\n<p><span style=\"font-weight: 400;\">Kraken vi invier\u00e0 un'e-mail di verifica e un link di attivazione dell'account. Seguite il link per accedere al vostro account.<\/span><\/p>\n<h3><span class=\"ez-toc-section\" id=\"2_Verify_Your_Account\"><\/span><span style=\"font-weight: 400;\">2. Verifica dell'account<\/span><span class=\"ez-toc-section-end\"><\/span><\/h3>\n<p><span style=\"font-weight: 400;\">Per acquistare criptovalute su Kraken, \u00e8 necessario soddisfare i loro requisiti KYC e fornire alcune informazioni personali e un documento d'identit\u00e0. Il secondo passo consiste quindi nel verificare la vostra identit\u00e0.<\/span><\/p>\n<p><span style=\"font-weight: 400;\">Alcune borse permettono di depositare criptovalute sulla loro piattaforma senza completare la verifica dell'ID. Si noti che Kraken \u00e8 <\/span><i><span style=\"font-weight: 400;\">non <\/span><\/i><span style=\"font-weight: 400;\">uno di questi scambi. <\/span><b>\u00c8 necessario verificare la propria identit\u00e0 prima di depositare sulla piattaforma.<\/b><\/p>\n<p><span style=\"font-weight: 400;\">Kraken vi invier\u00e0 un'e-mail per ricordarvi di verificare il vostro account. Potete anche cliccare sull'icona \"Acquista\" sul lato sinistro della pagina principale, dove Kraken vi chieder\u00e0 immediatamente di completare la verifica dell'ID.<\/span><\/p>\n<p><img loading=\"lazy\" decoding=\"async\" class=\"alignnone wp-image-3407 size-full\" src=\"https:\/\/coinkickoff.com\/wp-content\/uploads\/kraken2-e1682502904796.png\" alt=\"Avviso di verifica kraken\" width=\"1378\" height=\"770\" \/><\/p>\n<p><span style=\"font-weight: 400;\">\u00c8 sufficiente fare clic su Verifica per essere reindirizzati alla pagina corrispondente. Inserite il vostro nome legale, la data di nascita, l'indirizzo e il numero di telefono per avviare il processo di verifica. Fare clic su Continua.<\/span><\/p>\n<p><img loading=\"lazy\" decoding=\"async\" class=\"alignnone wp-image-3408 size-full\" src=\"https:\/\/coinkickoff.com\/wp-content\/uploads\/kraken3-e1682503223180.png\" alt=\"\" width=\"1375\" height=\"777\" srcset=\"https:\/\/coinkickoff.com\/wp-content\/uploads\/kraken3-e1682503223180.png 1375w, https:\/\/coinkickoff.com\/wp-content\/uploads\/kraken3-e1682503223180-300x170.png 300w, https:\/\/coinkickoff.com\/wp-content\/uploads\/kraken3-e1682503223180-1024x579.png 1024w, https:\/\/coinkickoff.com\/wp-content\/uploads\/kraken3-e1682503223180-768x434.png 768w, https:\/\/coinkickoff.com\/wp-content\/uploads\/kraken3-e1682503223180-18x10.png 18w, https:\/\/coinkickoff.com\/wp-content\/uploads\/kraken3-e1682503223180-600x338.png 600w\" sizes=\"auto, (max-width: 1375px) 100vw, 1375px\" \/><\/p>\n<p><span style=\"font-weight: 400;\">Nella pagina successiva, vi verr\u00e0 chiesto di fornire ulteriori documenti, tra cui un documento d'identit\u00e0 con foto, come una pagina del passaporto o una patente di guida.<\/span><\/p>\n<h3><span class=\"ez-toc-section\" id=\"3_Deposit_FundsCrypto\"><\/span><span style=\"font-weight: 400;\">3. Deposito di fondi\/cripto<\/span><span class=\"ez-toc-section-end\"><\/span><\/h3>\n<p><span style=\"font-weight: 400;\">Se possedete gi\u00e0 delle criptovalute, potete depositare i vostri coins su Kraken e scambiarli con DOGE. Altrimenti, \u00e8 sufficiente acquistare DOGE su Kraken con valuta fiat.\u00a0<\/span><\/p>\n<p><span style=\"font-weight: 400;\">Vi consigliamo vivamente di proteggere il vostro conto con l'autenticazione a due fattori (2FA) prima di aggiungere un metodo di pagamento o di effettuare depositi in valuta. La 2FA aggiunge un ulteriore livello di sicurezza al vostro conto.<\/span><\/p>\n<p><span style=\"font-weight: 400;\">Per attivare la 2FA, fare clic sul nome del proprio profilo (in alto a destra) e selezionare \"Sicurezza\" dal menu a discesa. Fare clic su \"Impostazioni 2FA\" per regolare le impostazioni.<\/span><\/p>\n<p><img loading=\"lazy\" decoding=\"async\" class=\"alignnone wp-image-3409 size-full\" src=\"https:\/\/coinkickoff.com\/wp-content\/uploads\/kraken4-e1682503267822.png\" alt=\"\" width=\"1360\" height=\"795\" srcset=\"https:\/\/coinkickoff.com\/wp-content\/uploads\/kraken4-e1682503267822.png 1360w, https:\/\/coinkickoff.com\/wp-content\/uploads\/kraken4-e1682503267822-300x175.png 300w, https:\/\/coinkickoff.com\/wp-content\/uploads\/kraken4-e1682503267822-1024x599.png 1024w, https:\/\/coinkickoff.com\/wp-content\/uploads\/kraken4-e1682503267822-768x449.png 768w, https:\/\/coinkickoff.com\/wp-content\/uploads\/kraken4-e1682503267822-18x12.png 18w\" sizes=\"auto, (max-width: 1360px) 100vw, 1360px\" \/><\/p>\n<p><span style=\"font-weight: 400;\">Kraken offre diverse opzioni 2FA. \u00c8 possibile attivare la 2FA per diverse azioni come l'accesso, il finanziamento, il trading e i prelievi.<\/span><\/p>\n<p><span style=\"font-weight: 400;\"><img loading=\"lazy\" decoding=\"async\" class=\"alignnone wp-image-3405 size-full\" src=\"https:\/\/coinkickoff.com\/wp-content\/uploads\/kraken-5-e1682503294785.png\" alt=\"\" width=\"1357\" height=\"770\" srcset=\"https:\/\/coinkickoff.com\/wp-content\/uploads\/kraken-5-e1682503294785.png 1357w, https:\/\/coinkickoff.com\/wp-content\/uploads\/kraken-5-e1682503294785-300x170.png 300w, https:\/\/coinkickoff.com\/wp-content\/uploads\/kraken-5-e1682503294785-1024x581.png 1024w, https:\/\/coinkickoff.com\/wp-content\/uploads\/kraken-5-e1682503294785-768x436.png 768w, https:\/\/coinkickoff.com\/wp-content\/uploads\/kraken-5-e1682503294785-18x10.png 18w\" sizes=\"auto, (max-width: 1357px) 100vw, 1357px\" \/><\/span><\/p>\n<p><span style=\"font-weight: 400;\">L'impostazione di 2FA \u00e8 piuttosto semplice. Scaricate l'app Google Authenticator e scansionate il codice QR sullo schermo. L'app generer\u00e0 un codice da inserire per abilitare la 2FA.\u00a0<\/span><\/p>\n<p><img loading=\"lazy\" decoding=\"async\" class=\"alignnone wp-image-3410 size-full\" src=\"https:\/\/coinkickoff.com\/wp-content\/uploads\/kraken6-e1682503322525.png\" alt=\"\" width=\"1357\" height=\"791\" \/><\/p>\n<p><span style=\"font-weight: 400;\">Una volta attivata la 2FA, \u00e8 necessario utilizzare l'app Google Authenticator per accedere al proprio account. L'app generer\u00e0 una password unica per ogni accesso.<\/span><\/p>\n<p><span style=\"font-weight: 400;\">Dopo aver abilitato la 2FA, siete pronti a finanziare il vostro conto Kraken. Ci sono due modi per acquistare DOGE su Kraken. Potete aggiungere un metodo di pagamento istantaneo come una carta di credito al vostro conto o collegare il vostro conto bancario a Kraken per trasferire facilmente i fondi.<\/span><\/p>\n<p><span style=\"font-weight: 400;\">Aggiungere un metodo di pagamento istantaneo \u00e8 pi\u00f9 facile e veloce. Basta cliccare su \"Acquista cripto\" nel menu in alto.<\/span><\/p>\n<p><img loading=\"lazy\" decoding=\"async\" class=\"alignnone wp-image-3412 size-full\" src=\"https:\/\/coinkickoff.com\/wp-content\/uploads\/kraken8-e1682503364155.png\" alt=\"\" width=\"1206\" height=\"781\" srcset=\"https:\/\/coinkickoff.com\/wp-content\/uploads\/kraken8-e1682503364155.png 1206w, https:\/\/coinkickoff.com\/wp-content\/uploads\/kraken8-e1682503364155-300x194.png 300w, https:\/\/coinkickoff.com\/wp-content\/uploads\/kraken8-e1682503364155-1024x663.png 1024w, https:\/\/coinkickoff.com\/wp-content\/uploads\/kraken8-e1682503364155-768x497.png 768w, https:\/\/coinkickoff.com\/wp-content\/uploads\/kraken8-e1682503364155-18x12.png 18w\" sizes=\"auto, (max-width: 1206px) 100vw, 1206px\" \/><\/p>\n<p><span style=\"font-weight: 400;\">Nella nuova pagina, selezionare \"Metodi di pagamento\".<\/span><\/p>\n<p><span style=\"font-weight: 400;\">Cliccate su \"Aggiungi metodi di pagamento\". \u00c8 possibile aggiungere un <\/span><a href=\"https:\/\/support.kraken.com\/hc\/en-us\/articles\/360048212832-Visa-and-MasterCard-purchases\" target=\"_blank\" rel=\"noopener\"><span style=\"font-weight: 400;\">Carta di debito\/credito Visa e Mastercard<\/span><\/a><span style=\"font-weight: 400;\"> o depositare contanti sul vostro conto tramite l'online banking.<\/span><\/p>\n<p><img loading=\"lazy\" decoding=\"async\" class=\"alignnone wp-image-3413 size-full\" src=\"https:\/\/coinkickoff.com\/wp-content\/uploads\/kraken9-e1682503407337.png\" alt=\"\" width=\"1196\" height=\"776\" srcset=\"https:\/\/coinkickoff.com\/wp-content\/uploads\/kraken9-e1682503407337.png 1196w, https:\/\/coinkickoff.com\/wp-content\/uploads\/kraken9-e1682503407337-300x195.png 300w, https:\/\/coinkickoff.com\/wp-content\/uploads\/kraken9-e1682503407337-1024x664.png 1024w, https:\/\/coinkickoff.com\/wp-content\/uploads\/kraken9-e1682503407337-768x498.png 768w, https:\/\/coinkickoff.com\/wp-content\/uploads\/kraken9-e1682503407337-18x12.png 18w\" sizes=\"auto, (max-width: 1196px) 100vw, 1196px\" \/><\/p>\n<p><span style=\"font-weight: 400;\">Cliccate sul metodo preferito e inserite le informazioni pertinenti.\u00a0<\/span><\/p>\n<p><span style=\"font-weight: 400;\">Gli acquisti con carta di credito e di debito sono pi\u00f9 veloci, ma di solito pi\u00f9 costosi perch\u00e9 i fornitori di carte applicano commissioni aggiuntive.<\/span><\/p>\n<p><span style=\"font-weight: 400;\">Se si seleziona il deposito in contanti, \u00e8 possibile alimentare il conto con l'online banking. Scegliete la valuta che desiderate depositare e selezionate il metodo di deposito.<\/span><\/p>\n<p><img loading=\"lazy\" decoding=\"async\" class=\"alignnone wp-image-3414 size-full\" src=\"https:\/\/coinkickoff.com\/wp-content\/uploads\/kraken-deposit.png\" alt=\"\" width=\"752\" height=\"298\" srcset=\"https:\/\/coinkickoff.com\/wp-content\/uploads\/kraken-deposit.png 752w, https:\/\/coinkickoff.com\/wp-content\/uploads\/kraken-deposit-300x119.png 300w, https:\/\/coinkickoff.com\/wp-content\/uploads\/kraken-deposit-18x7.png 18w\" sizes=\"auto, (max-width: 752px) 100vw, 752px\" \/> <img loading=\"lazy\" decoding=\"async\" class=\"alignnone wp-image-3415 size-full\" src=\"https:\/\/coinkickoff.com\/wp-content\/uploads\/kraken-deposit-2.png\" alt=\"\" width=\"808\" height=\"547\" srcset=\"https:\/\/coinkickoff.com\/wp-content\/uploads\/kraken-deposit-2.png 808w, https:\/\/coinkickoff.com\/wp-content\/uploads\/kraken-deposit-2-300x203.png 300w, https:\/\/coinkickoff.com\/wp-content\/uploads\/kraken-deposit-2-768x520.png 768w, https:\/\/coinkickoff.com\/wp-content\/uploads\/kraken-deposit-2-18x12.png 18w\" sizes=\"auto, (max-width: 808px) 100vw, 808px\" \/><\/p>\n<p><span style=\"font-weight: 400;\">Leggere attentamente tutte le istruzioni per l'invio di fondi al proprio conto Kraken. Potrebbe essere necessario inserire un codice di riferimento per assicurarsi che il deposito raggiunga Kraken.<\/span><\/p>\n<p><span style=\"font-weight: 400;\">I fondi dovrebbero arrivare sul vostro conto in un paio di giorni, ma fate attenzione alle festivit\u00e0 bancarie e ad altri possibili ritardi. Potete verificare se i fondi sono arrivati cliccando sulle schede \"Trade\" o \"Funding\".<\/span><\/p>\n<h3><span class=\"ez-toc-section\" id=\"4_Navigate_to_the_Relevant_Screen_to_Buy\"><\/span><span style=\"font-weight: 400;\">4. Passare alla schermata pertinente per l'acquisto<\/span><span class=\"ez-toc-section-end\"><\/span><\/h3>\n<p><span style=\"font-weight: 400;\">Ci sono due modi per acquistare DOGE su Kraken. Il primo e pi\u00f9 semplice \u00e8 quello di utilizzare il semplice widget Compra\/Vendi. Cliccate sulla scheda \"Acquista criptovalute\" nella dashboard (in alto al centro) e selezionate \"Acquista\".<\/span><\/p>\n<p><span style=\"font-weight: 400;\">Selezionare DOGE dal menu a discesa sul widget e inserire l'importo che si desidera spendere. Scegliere un metodo di pagamento (carta di credito\/debito o contanti).<\/span><\/p>\n<p><span style=\"font-weight: 400;\">Kraken visualizza l'importo DOGE che riceverete per il vostro denaro e le eventuali commissioni applicabili all'acquisto. Fate clic su conferma e il gioco \u00e8 fatto.\u00a0<\/span><\/p>\n<p><span style=\"font-weight: 400;\">Sebbene questo metodo sia ottimo per gli utenti alle prime armi, esiste un metodo pi\u00f9 economico per acquistare DOGE su Kraken.<\/span><\/p>\n<p><img loading=\"lazy\" decoding=\"async\" class=\"alignnone wp-image-3416 size-full\" src=\"https:\/\/coinkickoff.com\/wp-content\/uploads\/kraken-trade1.png\" alt=\"\" width=\"1139\" height=\"206\" srcset=\"https:\/\/coinkickoff.com\/wp-content\/uploads\/kraken-trade1.png 1139w, https:\/\/coinkickoff.com\/wp-content\/uploads\/kraken-trade1-300x54.png 300w, https:\/\/coinkickoff.com\/wp-content\/uploads\/kraken-trade1-1024x185.png 1024w, https:\/\/coinkickoff.com\/wp-content\/uploads\/kraken-trade1-768x139.png 768w, https:\/\/coinkickoff.com\/wp-content\/uploads\/kraken-trade1-18x3.png 18w\" sizes=\"auto, (max-width: 1139px) 100vw, 1139px\" \/><\/p>\n<p><span style=\"font-weight: 400;\">Nella dashboard principale, selezionare \"Commercio\". Fare clic sulla scheda \"Nuovo ordine\" e scegliere \"Ordine semplice\".\u00a0<\/span>\u00a0\u00a0<img loading=\"lazy\" decoding=\"async\" class=\"alignnone wp-image-3419 size-full\" src=\"https:\/\/coinkickoff.com\/wp-content\/uploads\/kraken-trade4-e1682504018815.png\" alt=\"\" width=\"1220\" height=\"309\" srcset=\"https:\/\/coinkickoff.com\/wp-content\/uploads\/kraken-trade4-e1682504018815.png 1220w, https:\/\/coinkickoff.com\/wp-content\/uploads\/kraken-trade4-e1682504018815-300x76.png 300w, https:\/\/coinkickoff.com\/wp-content\/uploads\/kraken-trade4-e1682504018815-1024x259.png 1024w, https:\/\/coinkickoff.com\/wp-content\/uploads\/kraken-trade4-e1682504018815-768x195.png 768w, https:\/\/coinkickoff.com\/wp-content\/uploads\/kraken-trade4-e1682504018815-18x5.png 18w\" sizes=\"auto, (max-width: 1220px) 100vw, 1220px\" \/><span style=\"font-weight: 400;\">Regolare i tipi di valuta nel modulo d'ordine. Ad esempio, \u00e8 possibile impostare la colonna delle spese su USD e la colonna degli acquisti su DOGE.<\/span><\/p>\n<p><span style=\"font-weight: 400;\">Immettere l'importo che si desidera spendere nella colonna delle spese. Nella scheda prezzo, inserite il prezzo a cui desiderate acquistare l'DOGE. Vi verr\u00e0 proposto automaticamente un prezzo di mercato fisso, ma potete anche impostarlo voi stessi.<\/span><\/p>\n<p><span style=\"font-weight: 400;\">Quando si accetta il prezzo di mercato offerto, si effettua un ordine di mercato. Significa semplicemente che il vostro ordine verr\u00e0 evaso abbastanza velocemente perch\u00e9 state accettando l'offerta di qualcun altro di vendervi DOGE al prezzo da loro stabilito.\u00a0<\/span><\/p>\n<p><span style=\"font-weight: 400;\">Quando si stabilisce un prezzo, l'esecuzione della vendita potrebbe richiedere un po' pi\u00f9 di tempo perch\u00e9 qualcun altro deve accettare di vendervi DOGE a quel prezzo. Questo \u00e8 altrimenti noto come ordine limite.<\/span><\/p>\n<p><span style=\"font-weight: 400;\">Esaminare l'ordine e fare clic su \"Acquista\".<\/span><\/p>\n<p><span style=\"font-weight: 400;\">\u00c8 possibile fare clic sulla scheda ordini per vedere se la transazione \u00e8 stata completata. Se l'ordine \u00e8 chiuso, avete acquistato con successo l'coin. Se l'ordine \u00e8 aperto, state ancora aspettando che qualcuno vi venda l'DOGE.<\/span><\/p>\n<p><span style=\"font-weight: 400;\">Ecco fatto. Congratulazioni!\u00a0<\/span><\/p>","protected":false},"excerpt":{"rendered":"<p>Come acquistare l'Dogecoin su Kraken L'Dogecoin (DOGE) \u00e8 una delle criptovalute pi\u00f9 grandi per capitalizzazione di mercato, nonostante o forse a causa del suo status di primo meme al mondo coin. L'token \u00e8 stato lanciato principalmente per scherzo, ispirandosi al \"doge meme\", ma ha rapidamente guadagnato popolarit\u00e0 grazie a Internet e ai social media. Se [...]<\/p>","protected":false},"author":3,"featured_media":155,"parent":3196,"menu_order":0,"comment_status":"closed","ping_status":"closed","template":"","meta":{"_genesis_hide_title":false,"_genesis_hide_breadcrumbs":false,"_genesis_hide_singular_image":false,"_genesis_hide_footer_widgets":false,"_genesis_custom_body_class":"","_genesis_custom_post_class":"","_genesis_layout":"","_glsr_average":0,"_glsr_ranking":0,"_glsr_reviews":0,"footnotes":""},"class_list":{"0":"post-3404","1":"page","2":"type-page","3":"status-publish","4":"has-post-thumbnail","6":"entry"},"featured_image_src":"https:\/\/coinkickoff.com\/wp-content\/uploads\/2022\/06\/Dogecoin-DOGE-600x400.jpg","featured_image_src_square":"https:\/\/coinkickoff.com\/wp-content\/uploads\/2022\/06\/Dogecoin-DOGE-600x600.jpg","_links":{"self":[{"href":"https:\/\/coinkickoff.com\/it\/wp-json\/wp\/v2\/pages\/3404","targetHints":{"allow":["GET"]}}],"collection":[{"href":"https:\/\/coinkickoff.com\/it\/wp-json\/wp\/v2\/pages"}],"about":[{"href":"https:\/\/coinkickoff.com\/it\/wp-json\/wp\/v2\/types\/page"}],"author":[{"embeddable":true,"href":"https:\/\/coinkickoff.com\/it\/wp-json\/wp\/v2\/users\/3"}],"replies":[{"embeddable":true,"href":"https:\/\/coinkickoff.com\/it\/wp-json\/wp\/v2\/comments?post=3404"}],"version-history":[{"count":3,"href":"https:\/\/coinkickoff.com\/it\/wp-json\/wp\/v2\/pages\/3404\/revisions"}],"predecessor-version":[{"id":4494,"href":"https:\/\/coinkickoff.com\/it\/wp-json\/wp\/v2\/pages\/3404\/revisions\/4494"}],"up":[{"embeddable":true,"href":"https:\/\/coinkickoff.com\/it\/wp-json\/wp\/v2\/pages\/3196"}],"wp:featuredmedia":[{"embeddable":true,"href":"https:\/\/coinkickoff.com\/it\/wp-json\/wp\/v2\/media\/155"}],"wp:attachment":[{"href":"https:\/\/coinkickoff.com\/it\/wp-json\/wp\/v2\/media?parent=3404"}],"curies":[{"name":"wp","href":"https:\/\/api.w.org\/{rel}","templated":true}]}}