{"id":3394,"date":"2026-01-08T14:07:29","date_gmt":"2026-01-08T14:07:29","guid":{"rendered":"https:\/\/coinkickoff.com\/?page_id=3394"},"modified":"2026-01-08T14:07:29","modified_gmt":"2026-01-08T14:07:29","slug":"how-to-buy-dogecoin-on-poloniex","status":"publish","type":"page","link":"https:\/\/coinkickoff.com\/it\/how-to-buy-dogecoin\/how-to-buy-dogecoin-on-poloniex\/","title":{"rendered":"Come acquistare Dogecoin (DOGE) su Poloniex"},"content":{"rendered":"<h2><span style=\"font-weight: 400;\"><img loading=\"lazy\" decoding=\"async\" class=\"alignnone wp-image-155 size-full\" src=\"https:\/\/coinkickoff.com\/wp-content\/uploads\/2022\/06\/Dogecoin-DOGE.jpg\" alt=\"come acquistare dogecoin su poloniex\" width=\"1000\" height=\"800\" srcset=\"https:\/\/coinkickoff.com\/wp-content\/uploads\/2022\/06\/Dogecoin-DOGE.jpg 1000w, https:\/\/coinkickoff.com\/wp-content\/uploads\/2022\/06\/Dogecoin-DOGE-300x240.jpg 300w, https:\/\/coinkickoff.com\/wp-content\/uploads\/2022\/06\/Dogecoin-DOGE-768x614.jpg 768w, https:\/\/coinkickoff.com\/wp-content\/uploads\/2022\/06\/Dogecoin-DOGE-15x12.jpg 15w\" sizes=\"auto, (max-width: 1000px) 100vw, 1000px\" \/><\/span><\/h2>\n<div id=\"ez-toc-container\" class=\"ez-toc-v2_0_80 counter-hierarchy ez-toc-counter ez-toc-transparent ez-toc-container-direction\">\n<div class=\"ez-toc-title-container\">\n<p class=\"ez-toc-title\" style=\"cursor:inherit\">Sezioni<\/p>\n<span class=\"ez-toc-title-toggle\"><a href=\"#\" class=\"ez-toc-pull-right ez-toc-btn ez-toc-btn-xs ez-toc-btn-default ez-toc-toggle\" aria-label=\"Allinea la tabella dei contenuti\"><span class=\"ez-toc-js-icon-con\"><span class=\"\"><span class=\"eztoc-hide\" style=\"display:none;\">Toggle<\/span><span class=\"ez-toc-icon-toggle-span\"><svg style=\"fill: #999;color:#999\" xmlns=\"http:\/\/www.w3.org\/2000\/svg\" class=\"list-377408\" width=\"20px\" height=\"20px\" viewbox=\"0 0 24 24\" fill=\"none\"><path d=\"M6 6H4v2h2V6zm14 0H8v2h12V6zM4 11h2v2H4v-2zm16 0H8v2h12v-2zM4 16h2v2H4v-2zm16 0H8v2h12v-2z\" fill=\"currentColor\"><\/path><\/svg><svg style=\"fill: #999;color:#999\" class=\"arrow-unsorted-368013\" xmlns=\"http:\/\/www.w3.org\/2000\/svg\" width=\"10px\" height=\"10px\" viewbox=\"0 0 24 24\" version=\"1.2\" baseprofile=\"tiny\"><path d=\"M18.2 9.3l-6.2-6.3-6.2 6.3c-.2.2-.3.4-.3.7s.1.5.3.7c.2.2.4.3.7.3h11c.3 0 .5-.1.7-.3.2-.2.3-.5.3-.7s-.1-.5-.3-.7zM5.8 14.7l6.2 6.3 6.2-6.3c.2-.2.3-.5.3-.7s-.1-.5-.3-.7c-.2-.2-.4-.3-.7-.3h-11c-.3 0-.5.1-.7.3-.2.2-.3.5-.3.7s.1.5.3.7z\"\/><\/svg><\/span><\/span><\/span><\/a><\/span><\/div>\n<nav><ul class='ez-toc-list ez-toc-list-level-1 eztoc-toggle-hide-by-default' ><li class='ez-toc-page-1 ez-toc-heading-level-2'><a class=\"ez-toc-link ez-toc-heading-1\" href=\"https:\/\/coinkickoff.com\/it\/how-to-buy-dogecoin\/how-to-buy-dogecoin-on-poloniex\/#How_to_Buy_Dogecoin_on_Poloniex\" >Come acquistare Dogecoin su Poloniex<\/a><\/li><li class='ez-toc-page-1 ez-toc-heading-level-2'><a class=\"ez-toc-link ez-toc-heading-2\" href=\"https:\/\/coinkickoff.com\/it\/how-to-buy-dogecoin\/how-to-buy-dogecoin-on-poloniex\/#A_Step-By-Step_Guide_on_How_to_Buy_Dogecoin_on_Poloniex\" >Guida passo passo su come acquistare Dogecoin su Poloniex<\/a><ul class='ez-toc-list-level-3' ><li class='ez-toc-heading-level-3'><a class=\"ez-toc-link ez-toc-heading-3\" href=\"https:\/\/coinkickoff.com\/it\/how-to-buy-dogecoin\/how-to-buy-dogecoin-on-poloniex\/#1_Register_an_Account\" >1. Registrazione di un account<\/a><\/li><li class='ez-toc-page-1 ez-toc-heading-level-3'><a class=\"ez-toc-link ez-toc-heading-4\" href=\"https:\/\/coinkickoff.com\/it\/how-to-buy-dogecoin\/how-to-buy-dogecoin-on-poloniex\/#2_Verify_Your_Account\" >2. Verifica dell'account<\/a><\/li><li class='ez-toc-page-1 ez-toc-heading-level-3'><a class=\"ez-toc-link ez-toc-heading-5\" href=\"https:\/\/coinkickoff.com\/it\/how-to-buy-dogecoin\/how-to-buy-dogecoin-on-poloniex\/#3_Buy_Crypto\" >3. Acquistare criptovalute<\/a><\/li><li class='ez-toc-page-1 ez-toc-heading-level-3'><a class=\"ez-toc-link ez-toc-heading-6\" href=\"https:\/\/coinkickoff.com\/it\/how-to-buy-dogecoin\/how-to-buy-dogecoin-on-poloniex\/#4_Trade_USDT_for_DOGE\" >4. Scambio USDT con DOGE<\/a><\/li><\/ul><\/li><\/ul><\/nav><\/div>\n<h2><span class=\"ez-toc-section\" id=\"How_to_Buy_Dogecoin_on_Poloniex\"><\/span><span style=\"font-weight: 400;\">Come acquistare Dogecoin su Poloniex<\/span><span class=\"ez-toc-section-end\"><\/span><\/h2>\n<p><span style=\"font-weight: 400;\">Anche se <a href=\"https:\/\/coinkickoff.com\/it\/dogecoin-doge\/\">DOGE<\/a> non ha un caso d'uso, ma \u00e8 piuttosto popolare e si trova nella maggior parte dei siti di <a href=\"https:\/\/coinkickoff.com\/it\/crypto-exchanges\/\" data-internallinksmanager029f6b8e52c=\"141\" title=\"21 Migliori scambi di criptovalute e app nel 2024\">scambi di criptovalute<\/a>, tra cui <a href=\"https:\/\/coinkickoff.com\/it\/poloniex-review\/\">Poloniex<\/a>. L'coin \u00e8 molto economico e praticamente inutile.\u00a0<\/span><\/p>\n<p><span style=\"font-weight: 400;\">Se volete partecipare allo scherzo acquistando alcuni <a href=\"https:\/\/coinkickoff.com\/it\/dogecoin-doge\/\" data-internallinksmanager029f6b8e52c=\"14\" title=\"Che cos&#039;\u00e8 Dogecoin (DOGE)? Come funziona e dove si compra?\">Dogecoin<\/a> ma non sapete da dove cominciare, siete nel posto giusto. Abbiamo una guida passo passo su come acquistare Dogecoin su <a href=\"https:\/\/coinkickoff.com\/it\/poloniex-review\/\" data-internallinksmanager029f6b8e52c=\"164\" title=\"Recensioni Poloniex 2023: Tariffe, Caratteristiche, Sicurezza, Pro e Contro\">Poloniex<\/a>. Ecco qui.<\/span><\/p>\n<h2><span class=\"ez-toc-section\" id=\"A_Step-By-Step_Guide_on_How_to_Buy_Dogecoin_on_Poloniex\"><\/span><span style=\"font-weight: 400;\">Guida passo passo su come acquistare Dogecoin su Poloniex<\/span><span class=\"ez-toc-section-end\"><\/span><\/h2>\n<h3><span class=\"ez-toc-section\" id=\"1_Register_an_Account\"><\/span><span style=\"font-weight: 400;\">1. Registrazione di un account<\/span><span class=\"ez-toc-section-end\"><\/span><\/h3>\n<p><span style=\"font-weight: 400;\">Per prima cosa, andare alla pagina <a href=\"https:\/\/poloniex.com\/signup?c=NLAGMVE5\" target=\"_blank\" rel=\"noopener\">Poloniex<\/a> e fare clic su \"Iscriviti\" per creare un account.\u00a0<\/span><\/p>\n<p><img loading=\"lazy\" decoding=\"async\" class=\"alignnone wp-image-3397 size-full\" src=\"https:\/\/coinkickoff.com\/wp-content\/uploads\/poloniex-sign-up.png\" alt=\"Iscriviti a poloniex\" width=\"1436\" height=\"653\" srcset=\"https:\/\/coinkickoff.com\/wp-content\/uploads\/poloniex-sign-up.png 1436w, https:\/\/coinkickoff.com\/wp-content\/uploads\/poloniex-sign-up-300x136.png 300w, https:\/\/coinkickoff.com\/wp-content\/uploads\/poloniex-sign-up-1024x466.png 1024w, https:\/\/coinkickoff.com\/wp-content\/uploads\/poloniex-sign-up-768x349.png 768w, https:\/\/coinkickoff.com\/wp-content\/uploads\/poloniex-sign-up-18x8.png 18w\" sizes=\"auto, (max-width: 1436px) 100vw, 1436px\" \/><\/p>\n<p><span style=\"font-weight: 400;\">Per iscriversi \u00e8 sufficiente inserire un indirizzo e-mail valido e una password. Riceverete un codice di verifica nel vostro indirizzo e-mail. Utilizzate il codice per accedere al vostro account.\u00a0\u00a0<\/span><\/p>\n<h3><span class=\"ez-toc-section\" id=\"2_Verify_Your_Account\"><\/span><span style=\"font-weight: 400;\">2. Verifica dell'account<\/span><span class=\"ez-toc-section-end\"><\/span><\/h3>\n<p><span style=\"font-weight: 400;\">\u00c8 possibile fare trading su Poloniex senza verificare la propria identit\u00e0. Poloniex consente di depositare e prelevare criptovalute senza verifica. Potete anche utilizzare fornitori di pagamenti terzi per acquistare criptovalute con valuta fiat, ma dovete rispettare le politiche KYC di queste terze parti.<\/span><\/p>\n<p><img loading=\"lazy\" decoding=\"async\" class=\"alignnone wp-image-3398 size-full\" src=\"https:\/\/coinkickoff.com\/wp-content\/uploads\/poloniex-verification.png\" alt=\"verifica poloniex\" width=\"1437\" height=\"679\" srcset=\"https:\/\/coinkickoff.com\/wp-content\/uploads\/poloniex-verification.png 1437w, https:\/\/coinkickoff.com\/wp-content\/uploads\/poloniex-verification-300x142.png 300w, https:\/\/coinkickoff.com\/wp-content\/uploads\/poloniex-verification-1024x484.png 1024w, https:\/\/coinkickoff.com\/wp-content\/uploads\/poloniex-verification-768x363.png 768w, https:\/\/coinkickoff.com\/wp-content\/uploads\/poloniex-verification-18x9.png 18w\" sizes=\"auto, (max-width: 1437px) 100vw, 1437px\" \/><\/p>\n<p><span style=\"font-weight: 400;\">Tuttavia, \u00e8 possibile completare la verifica dell'identit\u00e0 per aumentare i limiti di prelievo. Cliccate sull'icona del profilo in alto a destra del sito e selezionate \"Profilo\".<\/span><\/p>\n<p><span style=\"font-weight: 400;\">Nella pagina del vostro profilo, vedrete il vostro livello di verifica come \"livello 1\" verificato, che vale per tutti i nuovi account. Nella pagina si possono vedere i limiti del proprio livello di verifica, che non sono molti. Un'ulteriore verifica consente di aumentare il limite di prelievo giornaliero a 500.000 USD.\u00a0<\/span><\/p>\n<p><span style=\"font-weight: 400;\">Se volete aumentare il vostro limite, cliccate su \"Inizia\", ma potete acquistare l'DOGE sulla piattaforma anche senza farlo.<\/span><\/p>\n<h3><span class=\"ez-toc-section\" id=\"3_Buy_Crypto\"><\/span><span style=\"font-weight: 400;\">3. Acquistare criptovalute<\/span><span class=\"ez-toc-section-end\"><\/span><\/h3>\n<p><span style=\"font-weight: 400;\">\u00c8 possibile acquistare criptovalute selezionate con valuta fiat su Poloniex. Cliccare su \"Acquista criptovalute\" in alto a sinistra del cruscotto. Inserite l'importo di USD che volete spendere e scegliete un coin che volete acquistare. Con questo strumento \u00e8 possibile acquistare beni digitali come <a href=\"https:\/\/coinkickoff.com\/it\/bitcoin-btc\/\" data-internallinksmanager029f6b8e52c=\"1\" title=\"Che cos&#039;\u00e8 il Bitcoin (BTC)? Prezzo, storia e dove acquistare\">Bitcoin<\/a>, <a href=\"https:\/\/coinkickoff.com\/it\/ethereum-eth\/\" data-internallinksmanager029f6b8e52c=\"2\" title=\"Che cosa \u00e8 Ethereum (ETH)? Prezzo, storia e dove si compra\">Ethereum<\/a>, <a href=\"https:\/\/coinkickoff.com\/it\/tether-usdt\/\" data-internallinksmanager029f6b8e52c=\"3\" title=\"Che cos&#039;\u00e8 l&#039;Tether (USDT)? Come funziona e dove si compra?\">USDT<\/a>, e <a href=\"https:\/\/coinkickoff.com\/it\/usd-coin-usdc\/\" data-internallinksmanager029f6b8e52c=\"8\" title=\"Che cos&#039;\u00e8 l&#039;USD Coin (USDC)? Come funziona e dove si compra?\">USDC<\/a>.\u00a0<\/span><\/p>\n<p><span style=\"font-weight: 400;\">Poich\u00e9 Poloniex dispone di mercati USDT\/DOGE e USDC\/DOGE, \u00e8 una buona idea acquistare uno degli stabilicoins.<\/span><\/p>\n<p><span style=\"font-weight: 400;\">Una volta inserito l'importo che si desidera spendere, \u00e8 necessario selezionare un fornitore di pagamenti. I fornitori variano a seconda del Paese.<\/span><\/p>\n<p><span style=\"font-weight: 400;\">Rivedere i dettagli dell'ordine, approvare i termini e le condizioni e fare clic su \"Invia\". Verrete indirizzati a un nuovo sito per confermare l'ordine e completare la verifica dell'identit\u00e0 secondo le regole del fornitore di pagamenti.<\/span><\/p>\n<p><img loading=\"lazy\" decoding=\"async\" class=\"alignnone wp-image-3399 size-full\" src=\"https:\/\/coinkickoff.com\/wp-content\/uploads\/poloniex-buy-crypto.png\" alt=\"\" width=\"1436\" height=\"793\" srcset=\"https:\/\/coinkickoff.com\/wp-content\/uploads\/poloniex-buy-crypto.png 1436w, https:\/\/coinkickoff.com\/wp-content\/uploads\/poloniex-buy-crypto-300x166.png 300w, https:\/\/coinkickoff.com\/wp-content\/uploads\/poloniex-buy-crypto-1024x565.png 1024w, https:\/\/coinkickoff.com\/wp-content\/uploads\/poloniex-buy-crypto-768x424.png 768w, https:\/\/coinkickoff.com\/wp-content\/uploads\/poloniex-buy-crypto-18x10.png 18w\" sizes=\"auto, (max-width: 1436px) 100vw, 1436px\" \/><\/p>\n<h3><span class=\"ez-toc-section\" id=\"4_Trade_USDT_for_DOGE\"><\/span><span style=\"font-weight: 400;\">4. Scambio USDT con DOGE<\/span><span class=\"ez-toc-section-end\"><\/span><\/h3>\n<p><span style=\"font-weight: 400;\">In questa fase si scambier\u00e0 la stablecoin con la Dogecoin. Cliccate su Trade nel menu in alto e selezionate \"spot trading\".<\/span><\/p>\n<p><span style=\"font-weight: 400;\">Nella nuova pagina, fare clic sull'accoppiamento BTC\/USDT nell'angolo superiore sinistro della pagina (proprio sopra il grafico) e cercare DOGE. Scegliere una coppia DOGE\/stabilecoin. Se avete acquistato un USDT, potete scegliere un USDT\/DOGE.<\/span><\/p>\n<p><img loading=\"lazy\" decoding=\"async\" class=\"alignnone wp-image-3401 size-full\" src=\"https:\/\/coinkickoff.com\/wp-content\/uploads\/poloniex-usdt-doge-trade2.png\" alt=\"\" width=\"1438\" height=\"651\" srcset=\"https:\/\/coinkickoff.com\/wp-content\/uploads\/poloniex-usdt-doge-trade2.png 1438w, https:\/\/coinkickoff.com\/wp-content\/uploads\/poloniex-usdt-doge-trade2-300x136.png 300w, https:\/\/coinkickoff.com\/wp-content\/uploads\/poloniex-usdt-doge-trade2-1024x464.png 1024w, https:\/\/coinkickoff.com\/wp-content\/uploads\/poloniex-usdt-doge-trade2-768x348.png 768w, https:\/\/coinkickoff.com\/wp-content\/uploads\/poloniex-usdt-doge-trade2-18x8.png 18w\" sizes=\"auto, (max-width: 1438px) 100vw, 1438px\" \/><\/p>\n<p><span style=\"font-weight: 400;\">A questo punto non resta che inserire la quantit\u00e0 di DOGE che si desidera acquistare (o la quantit\u00e0 di USDT che si desidera vendere) nella piccola casella sul lato destro dello schermo. Quando siete pronti a effettuare l'ordine, fate clic su Acquista DOGE.<\/span><\/p>\n<p><img loading=\"lazy\" decoding=\"async\" class=\"alignnone wp-image-3400 size-full\" src=\"https:\/\/coinkickoff.com\/wp-content\/uploads\/POLONIEX-DOGE-USDT-TRADE.png\" alt=\"commercio poloniex\" width=\"1432\" height=\"637\" srcset=\"https:\/\/coinkickoff.com\/wp-content\/uploads\/POLONIEX-DOGE-USDT-TRADE.png 1432w, https:\/\/coinkickoff.com\/wp-content\/uploads\/POLONIEX-DOGE-USDT-TRADE-300x133.png 300w, https:\/\/coinkickoff.com\/wp-content\/uploads\/POLONIEX-DOGE-USDT-TRADE-1024x456.png 1024w, https:\/\/coinkickoff.com\/wp-content\/uploads\/POLONIEX-DOGE-USDT-TRADE-768x342.png 768w, https:\/\/coinkickoff.com\/wp-content\/uploads\/POLONIEX-DOGE-USDT-TRADE-18x8.png 18w\" sizes=\"auto, (max-width: 1432px) 100vw, 1432px\" \/><br \/>\n<span style=\"font-weight: 400;\">Ecco fatto, congratulazioni! Ora sapete come acquistare Dogecoin su Poloniex. Per saperne di pi\u00f9, assicuratevi di dare un'occhiata al nostro <a href=\"https:\/\/coinkickoff.com\/it\/crypto-exchanges\/\">guide di revisione exchnage<\/a>.<\/span><\/p>\n<p>&nbsp;<\/p>","protected":false},"excerpt":{"rendered":"<p>Come acquistare l'Dogecoin su Poloniex Anche se l'DOGE non ha un caso d'uso, \u00e8 abbastanza popolare e si pu\u00f2 trovare sulla maggior parte delle borse di criptovalute, compresa Poloniex. L'coin \u00e8 molto economico e praticamente inutile.  Se volete partecipare allo scherzo acquistando qualche Dogecoin ma non sapete da dove cominciare, [...]<\/p>","protected":false},"author":3,"featured_media":155,"parent":3196,"menu_order":0,"comment_status":"closed","ping_status":"closed","template":"","meta":{"_genesis_hide_title":false,"_genesis_hide_breadcrumbs":false,"_genesis_hide_singular_image":false,"_genesis_hide_footer_widgets":false,"_genesis_custom_body_class":"","_genesis_custom_post_class":"","_genesis_layout":"","_glsr_average":0,"_glsr_ranking":0,"_glsr_reviews":0,"footnotes":""},"class_list":{"0":"post-3394","1":"page","2":"type-page","3":"status-publish","4":"has-post-thumbnail","6":"entry"},"featured_image_src":"https:\/\/coinkickoff.com\/wp-content\/uploads\/2022\/06\/Dogecoin-DOGE-600x400.jpg","featured_image_src_square":"https:\/\/coinkickoff.com\/wp-content\/uploads\/2022\/06\/Dogecoin-DOGE-600x600.jpg","_links":{"self":[{"href":"https:\/\/coinkickoff.com\/it\/wp-json\/wp\/v2\/pages\/3394","targetHints":{"allow":["GET"]}}],"collection":[{"href":"https:\/\/coinkickoff.com\/it\/wp-json\/wp\/v2\/pages"}],"about":[{"href":"https:\/\/coinkickoff.com\/it\/wp-json\/wp\/v2\/types\/page"}],"author":[{"embeddable":true,"href":"https:\/\/coinkickoff.com\/it\/wp-json\/wp\/v2\/users\/3"}],"replies":[{"embeddable":true,"href":"https:\/\/coinkickoff.com\/it\/wp-json\/wp\/v2\/comments?post=3394"}],"version-history":[{"count":6,"href":"https:\/\/coinkickoff.com\/it\/wp-json\/wp\/v2\/pages\/3394\/revisions"}],"predecessor-version":[{"id":4498,"href":"https:\/\/coinkickoff.com\/it\/wp-json\/wp\/v2\/pages\/3394\/revisions\/4498"}],"up":[{"embeddable":true,"href":"https:\/\/coinkickoff.com\/it\/wp-json\/wp\/v2\/pages\/3196"}],"wp:featuredmedia":[{"embeddable":true,"href":"https:\/\/coinkickoff.com\/it\/wp-json\/wp\/v2\/media\/155"}],"wp:attachment":[{"href":"https:\/\/coinkickoff.com\/it\/wp-json\/wp\/v2\/media?parent=3394"}],"curies":[{"name":"wp","href":"https:\/\/api.w.org\/{rel}","templated":true}]}}