{"id":3244,"date":"2026-01-08T14:07:32","date_gmt":"2026-01-08T14:07:32","guid":{"rendered":"https:\/\/coinkickoff.com\/?page_id=3244"},"modified":"2026-01-08T14:07:32","modified_gmt":"2026-01-08T14:07:32","slug":"how-to-buy-dogecoin-on-binance","status":"publish","type":"page","link":"https:\/\/coinkickoff.com\/it\/how-to-buy-dogecoin\/how-to-buy-dogecoin-on-binance\/","title":{"rendered":"Come acquistare Dogecoin (DOGE) su Binance"},"content":{"rendered":"<div id=\"ez-toc-container\" class=\"ez-toc-v2_0_80 counter-hierarchy ez-toc-counter ez-toc-transparent ez-toc-container-direction\">\n<div class=\"ez-toc-title-container\">\n<p class=\"ez-toc-title\" style=\"cursor:inherit\">Sezioni<\/p>\n<span class=\"ez-toc-title-toggle\"><a href=\"#\" class=\"ez-toc-pull-right ez-toc-btn ez-toc-btn-xs ez-toc-btn-default ez-toc-toggle\" aria-label=\"Allinea la tabella dei contenuti\"><span class=\"ez-toc-js-icon-con\"><span class=\"\"><span class=\"eztoc-hide\" style=\"display:none;\">Toggle<\/span><span class=\"ez-toc-icon-toggle-span\"><svg style=\"fill: #999;color:#999\" xmlns=\"http:\/\/www.w3.org\/2000\/svg\" class=\"list-377408\" width=\"20px\" height=\"20px\" viewbox=\"0 0 24 24\" fill=\"none\"><path d=\"M6 6H4v2h2V6zm14 0H8v2h12V6zM4 11h2v2H4v-2zm16 0H8v2h12v-2zM4 16h2v2H4v-2zm16 0H8v2h12v-2z\" fill=\"currentColor\"><\/path><\/svg><svg style=\"fill: #999;color:#999\" class=\"arrow-unsorted-368013\" xmlns=\"http:\/\/www.w3.org\/2000\/svg\" width=\"10px\" height=\"10px\" viewbox=\"0 0 24 24\" version=\"1.2\" baseprofile=\"tiny\"><path d=\"M18.2 9.3l-6.2-6.3-6.2 6.3c-.2.2-.3.4-.3.7s.1.5.3.7c.2.2.4.3.7.3h11c.3 0 .5-.1.7-.3.2-.2.3-.5.3-.7s-.1-.5-.3-.7zM5.8 14.7l6.2 6.3 6.2-6.3c.2-.2.3-.5.3-.7s-.1-.5-.3-.7c-.2-.2-.4-.3-.7-.3h-11c-.3 0-.5.1-.7.3-.2.2-.3.5-.3.7s.1.5.3.7z\"\/><\/svg><\/span><\/span><\/span><\/a><\/span><\/div>\n<nav><ul class='ez-toc-list ez-toc-list-level-1 eztoc-toggle-hide-by-default' ><li class='ez-toc-page-1 ez-toc-heading-level-2'><a class=\"ez-toc-link ez-toc-heading-1\" href=\"https:\/\/coinkickoff.com\/it\/how-to-buy-dogecoin\/how-to-buy-dogecoin-on-binance\/#How_to_Buy_Dogecoin_on_Binance\" >Come acquistare Dogecoin su Binance<\/a><\/li><li class='ez-toc-page-1 ez-toc-heading-level-2'><a class=\"ez-toc-link ez-toc-heading-2\" href=\"https:\/\/coinkickoff.com\/it\/how-to-buy-dogecoin\/how-to-buy-dogecoin-on-binance\/#A_Step-By-Step_Guide_on_How_to_Buy_Dogecoin_on_Binance\" >Una guida passo-passo su come acquistare Dogecoin su Binance<\/a><ul class='ez-toc-list-level-3' ><li class='ez-toc-heading-level-3'><a class=\"ez-toc-link ez-toc-heading-3\" href=\"https:\/\/coinkickoff.com\/it\/how-to-buy-dogecoin\/how-to-buy-dogecoin-on-binance\/#1_Register_an_Account\" >1. Registrazione di un account<\/a><\/li><li class='ez-toc-page-1 ez-toc-heading-level-3'><a class=\"ez-toc-link ez-toc-heading-4\" href=\"https:\/\/coinkickoff.com\/it\/how-to-buy-dogecoin\/how-to-buy-dogecoin-on-binance\/#2_Verify_Your_Account\" >2. Verifica dell'account<\/a><\/li><li class='ez-toc-page-1 ez-toc-heading-level-3'><a class=\"ez-toc-link ez-toc-heading-5\" href=\"https:\/\/coinkickoff.com\/it\/how-to-buy-dogecoin\/how-to-buy-dogecoin-on-binance\/#3_Deposit_FundsCrypto\" >3. Deposito di fondi\/cripto<\/a><\/li><li class='ez-toc-page-1 ez-toc-heading-level-3'><a class=\"ez-toc-link ez-toc-heading-6\" href=\"https:\/\/coinkickoff.com\/it\/how-to-buy-dogecoin\/how-to-buy-dogecoin-on-binance\/#Once_you_complete_identity_verification_you_can_easily_deposit_funds_to_your_Binance_account_There_are_a_couple_of_different_ways_to_fund_your_account_on_Binance\" >Una volta completata la verifica dell'identit\u00e0, potete facilmente depositare fondi sul vostro conto Binance. Ci sono un paio di modi diversi per finanziare il vostro conto su Binance.<\/a><\/li><li class='ez-toc-page-1 ez-toc-heading-level-3'><a class=\"ez-toc-link ez-toc-heading-7\" href=\"https:\/\/coinkickoff.com\/it\/how-to-buy-dogecoin\/how-to-buy-dogecoin-on-binance\/#4_Navigate_to_the_Relevant_Screen_to_Buy\" >4. Passare alla schermata pertinente per l'acquisto<\/a><\/li><\/ul><\/li><\/ul><\/nav><\/div>\n<h2><span class=\"ez-toc-section\" id=\"How_to_Buy_Dogecoin_on_Binance\"><\/span>Come acquistare Dogecoin su Binance<span class=\"ez-toc-section-end\"><\/span><\/h2>\n<p><span style=\"font-weight: 400;\"><a href=\"https:\/\/coinkickoff.com\/it\/dogecoin-doge\/\" data-internallinksmanager029f6b8e52c=\"14\" title=\"Che cos&#039;\u00e8 Dogecoin (DOGE)? Come funziona e dove si compra?\">Dogecoin<\/a> \u00e8 una famosa criptovaluta che si pu\u00f2 negoziare su tutti i pi\u00f9 popolari <a href=\"https:\/\/coinkickoff.com\/it\/crypto-exchanges\/\" data-internallinksmanager029f6b8e52c=\"141\" title=\"21 Migliori scambi di criptovalute e app nel 2024\">scambi di criptovalute<\/a>. DOGE \u00e8 noto soprattutto come <\/span><i><span style=\"font-weight: 400;\">meme o scherzo coin<\/span><\/i><span style=\"font-weight: 400;\">. Il motivo \u00e8 che l'asset non \u00e8 stato progettato per trasferire valore o per colmare un vuoto di mercato per un caso d'uso specifico. Ciononostante, l'asset \u00e8 diventato piuttosto popolare su Internet grazie a <\/span><a href=\"https:\/\/www.businessinsider.com\/history-elon-musk-love-affair-dogecoin-2022-7\" target=\"_blank\" rel=\"noopener\"><span style=\"font-weight: 400;\">sponsorizzazioni di celebrit\u00e0<\/span><\/a><span style=\"font-weight: 400;\">soprattutto da parte di Elon Musk.<\/span><\/p>\n<p><span style=\"font-weight: 400;\">Se si desidera acquistare Dogecoin sulla <a href=\"https:\/\/coinkickoff.com\/it\/binance-review\/\" data-internallinksmanager029f6b8e52c=\"152\" title=\"Binance Recensioni 2024: Caratteristiche, tariffe, sicurezza, pro e contro\">Binance<\/a> ma non sapete da dove cominciare, abbiamo pensato a voi. Ecco una descrizione passo passo di come acquistare Dogecoin su Binance.<\/span><\/p>\n<h2><span class=\"ez-toc-section\" id=\"A_Step-By-Step_Guide_on_How_to_Buy_Dogecoin_on_Binance\"><\/span><span style=\"font-weight: 400;\">Una guida passo-passo su come acquistare Dogecoin su Binance<\/span><span class=\"ez-toc-section-end\"><\/span><\/h2>\n<h3><span class=\"ez-toc-section\" id=\"1_Register_an_Account\"><\/span><span style=\"font-weight: 400;\">1. Registrazione di un account<\/span><span class=\"ez-toc-section-end\"><\/span><\/h3>\n<p><span style=\"font-weight: 400;\">Se non si dispone gi\u00e0 di un account Binance, il primo passo \u00e8 andare su <\/span><a href=\"https:\/\/accounts.binance.com\/register?ref=BLJQ60RW\" target=\"_blank\" rel=\"noopener\"><span style=\"font-weight: 400;\">Sito web ufficiale di Binance<\/span><\/a><span style=\"font-weight: 400;\"> per registrare un account.\u00a0<\/span><\/p>\n<p><img loading=\"lazy\" decoding=\"async\" class=\"alignnone wp-image-3245 size-full\" src=\"https:\/\/coinkickoff.com\/wp-content\/uploads\/binance-register.png\" alt=\"acquistare doge su binance registrarsi\" width=\"1430\" height=\"798\" srcset=\"https:\/\/coinkickoff.com\/wp-content\/uploads\/binance-register.png 1430w, https:\/\/coinkickoff.com\/wp-content\/uploads\/binance-register-300x167.png 300w, https:\/\/coinkickoff.com\/wp-content\/uploads\/binance-register-1024x571.png 1024w, https:\/\/coinkickoff.com\/wp-content\/uploads\/binance-register-768x429.png 768w, https:\/\/coinkickoff.com\/wp-content\/uploads\/binance-register-18x10.png 18w\" sizes=\"auto, (max-width: 1430px) 100vw, 1430px\" \/><\/p>\n<p><span style=\"font-weight: 400;\">Aprire un account Binance \u00e8 molto semplice: tutto ci\u00f2 che dovete fare \u00e8 registrarvi con il vostro indirizzo e-mail o numero di telefono. Binance vi invier\u00e0 un codice di verifica per accedere al vostro nuovo account.<\/span><\/p>\n<h3><span class=\"ez-toc-section\" id=\"2_Verify_Your_Account\"><\/span><span style=\"font-weight: 400;\">2. Verifica dell'account<\/span><span class=\"ez-toc-section-end\"><\/span><\/h3>\n<p><span style=\"font-weight: 400;\">Una volta effettuato l'accesso, Binance vi chieder\u00e0 di verificare la vostra identit\u00e0 per poter iniziare a operare sulla piattaforma. Non \u00e8 possibile depositare fondi sul proprio conto Binance senza verificare la propria identit\u00e0, quindi questo \u00e8 un passo fondamentale.<\/span><\/p>\n<p><img loading=\"lazy\" decoding=\"async\" class=\"alignnone wp-image-3247 size-full\" src=\"https:\/\/coinkickoff.com\/wp-content\/uploads\/binance-verification-0-e1680852870897.png\" alt=\"verifica binance \" width=\"1410\" height=\"572\" \/><\/p>\n<p><span style=\"font-weight: 400;\">Se si salta la verifica al primo accesso, non preoccupatevi. Binance vi chieder\u00e0 costantemente di verificare la vostra identit\u00e0, oppure potete semplicemente navigare nella sezione del profilo della dashboard (icona del profilo in alto a destra).<\/span><\/p>\n<p><img loading=\"lazy\" decoding=\"async\" class=\"alignnone wp-image-3246 size-full\" src=\"https:\/\/coinkickoff.com\/wp-content\/uploads\/binance-verification.png\" alt=\"verifica binance\" width=\"1239\" height=\"752\" srcset=\"https:\/\/coinkickoff.com\/wp-content\/uploads\/binance-verification.png 1239w, https:\/\/coinkickoff.com\/wp-content\/uploads\/binance-verification-300x182.png 300w, https:\/\/coinkickoff.com\/wp-content\/uploads\/binance-verification-1024x622.png 1024w, https:\/\/coinkickoff.com\/wp-content\/uploads\/binance-verification-768x466.png 768w, https:\/\/coinkickoff.com\/wp-content\/uploads\/binance-verification-18x12.png 18w\" sizes=\"auto, (max-width: 1239px) 100vw, 1239px\" \/><\/p>\n<p><span style=\"font-weight: 400;\">\u00c8 sufficiente fare clic su \"Ottieni la verifica\" per avviare il processo di verifica.<\/span><\/p>\n<p><span style=\"font-weight: 400;\">Nella nuova pagina di verifica, selezionare il Paese e la regione di residenza. I requisiti di verifica dell'identit\u00e0 variano a seconda della regione, quindi \u00e8 importante scegliere il Paese giusto.<\/span><\/p>\n<p><img loading=\"lazy\" decoding=\"async\" class=\"alignnone wp-image-3248 size-full\" src=\"https:\/\/coinkickoff.com\/wp-content\/uploads\/binance-verification-2.png\" alt=\"\" width=\"563\" height=\"686\" srcset=\"https:\/\/coinkickoff.com\/wp-content\/uploads\/binance-verification-2.png 563w, https:\/\/coinkickoff.com\/wp-content\/uploads\/binance-verification-2-246x300.png 246w, https:\/\/coinkickoff.com\/wp-content\/uploads\/binance-verification-2-10x12.png 10w\" sizes=\"auto, (max-width: 563px) 100vw, 563px\" \/><\/p>\n<p><span style=\"font-weight: 400;\">Una volta selezionato il Paese, \u00e8 possibile inserire ulteriori informazioni. In genere, l'Binance richiede l'inserimento del nome legale, della data di nascita e del Paese. \u00c8 inoltre necessario presentare un documento d'identit\u00e0 con foto, come la pagina del passaporto o la patente di guida.<\/span><\/p>\n<h3><span class=\"ez-toc-section\" id=\"3_Deposit_FundsCrypto\"><\/span><span style=\"font-weight: 400;\">3. Deposito di fondi\/cripto<\/span><span class=\"ez-toc-section-end\"><\/span><\/h3>\n<h3><img loading=\"lazy\" decoding=\"async\" class=\"alignnone wp-image-3254 size-full\" src=\"https:\/\/coinkickoff.com\/wp-content\/uploads\/binance-deposit-2.png\" alt=\"\" width=\"926\" height=\"796\" srcset=\"https:\/\/coinkickoff.com\/wp-content\/uploads\/binance-deposit-2.png 926w, https:\/\/coinkickoff.com\/wp-content\/uploads\/binance-deposit-2-300x258.png 300w, https:\/\/coinkickoff.com\/wp-content\/uploads\/binance-deposit-2-768x660.png 768w, https:\/\/coinkickoff.com\/wp-content\/uploads\/binance-deposit-2-14x12.png 14w\" sizes=\"auto, (max-width: 926px) 100vw, 926px\" \/><\/h3>\n<h3><span class=\"ez-toc-section\" id=\"Once_you_complete_identity_verification_you_can_easily_deposit_funds_to_your_Binance_account_There_are_a_couple_of_different_ways_to_fund_your_account_on_Binance\"><\/span><span style=\"font-weight: 400;\">Una volta completata la verifica dell'identit\u00e0, potete facilmente depositare fondi sul vostro conto Binance. Ci sono un paio di modi diversi per finanziare il vostro conto su Binance.<\/span><span class=\"ez-toc-section-end\"><\/span><\/h3>\n<p><span style=\"font-weight: 400;\">Iniziate cliccando su \"Deposito\" (nell'angolo in alto a destra). Binance vi offre quattro modi per ricevere fondi sul vostro conto.\u00a0<\/span><\/p>\n<p><span style=\"font-weight: 400;\">Se si dispone gi\u00e0 di criptovalute in un altro portafoglio, \u00e8 possibile inviare le attivit\u00e0 al proprio portafoglio Binance scegliendo \"Deposita cripto\" o ricevere criptovalute da altri mittenti selezionando \"Ricevi cripto\".<\/span><\/p>\n<p><span style=\"font-weight: 400;\">Se non si possiedono criptovalute, \u00e8 possibile acquistare DOGE su Binance aggiungendo fondi al proprio conto o collegando un metodo di pagamento come carte di credito, Google Pay o Apple Pay.<\/span><\/p>\n<p><span style=\"font-weight: 400;\">Per depositare valuta fiat sul proprio conto Binance, selezionare \"Deposito Fiat\". Nella pagina di deposito, selezionare la valuta e il metodo di deposito preferiti.\u00a0<\/span><\/p>\n<p><img loading=\"lazy\" decoding=\"async\" class=\"alignnone wp-image-3256 size-full\" src=\"https:\/\/coinkickoff.com\/wp-content\/uploads\/binance-fiat-deposit-3.png\" alt=\"\" width=\"1052\" height=\"778\" srcset=\"https:\/\/coinkickoff.com\/wp-content\/uploads\/binance-fiat-deposit-3.png 1052w, https:\/\/coinkickoff.com\/wp-content\/uploads\/binance-fiat-deposit-3-300x222.png 300w, https:\/\/coinkickoff.com\/wp-content\/uploads\/binance-fiat-deposit-3-1024x757.png 1024w, https:\/\/coinkickoff.com\/wp-content\/uploads\/binance-fiat-deposit-3-768x568.png 768w, https:\/\/coinkickoff.com\/wp-content\/uploads\/binance-fiat-deposit-3-16x12.png 16w\" sizes=\"auto, (max-width: 1052px) 100vw, 1052px\" \/><\/p>\n<p><span style=\"font-weight: 400;\">I metodi di pagamento variano da Paese a Paese, ma la maggior parte degli utenti pu\u00f2 facilmente depositare fondi sul proprio conto tramite bonifico bancario. Possono essere disponibili anche altre opzioni, come PayPal e gli acquisti con carta di credito e di debito, ma spesso sono pi\u00f9 costose. Per una ripartizione delle commissioni dell'Binance, consultare la nostra recensione dell'Binance.<\/span><\/p>\n<p><span style=\"font-weight: 400;\">Una volta selezionato il metodo di pagamento che si desidera utilizzare, fare clic su \"Continua\".<\/span><\/p>\n<h3><span class=\"ez-toc-section\" id=\"4_Navigate_to_the_Relevant_Screen_to_Buy\"><\/span><span style=\"font-weight: 400;\">4. Passare alla schermata pertinente per l'acquisto<\/span><span class=\"ez-toc-section-end\"><\/span><\/h3>\n<p><span style=\"font-weight: 400;\">Il modo pi\u00f9 semplice in assoluto per acquistare DOGE su Binance \u00e8 quello di navigare nella pagina \"Acquista cripto\".\u00a0<\/span><\/p>\n<p><img loading=\"lazy\" decoding=\"async\" class=\"alignnone wp-image-3249 size-full\" src=\"https:\/\/coinkickoff.com\/wp-content\/uploads\/binance-buy-sell-crypto.png\" alt=\"\" width=\"1056\" height=\"642\" srcset=\"https:\/\/coinkickoff.com\/wp-content\/uploads\/binance-buy-sell-crypto.png 1056w, https:\/\/coinkickoff.com\/wp-content\/uploads\/binance-buy-sell-crypto-300x182.png 300w, https:\/\/coinkickoff.com\/wp-content\/uploads\/binance-buy-sell-crypto-1024x623.png 1024w, https:\/\/coinkickoff.com\/wp-content\/uploads\/binance-buy-sell-crypto-768x467.png 768w, https:\/\/coinkickoff.com\/wp-content\/uploads\/binance-buy-sell-crypto-18x12.png 18w\" sizes=\"auto, (max-width: 1056px) 100vw, 1056px\" \/><\/p>\n<p><span style=\"font-weight: 400;\">Una volta entrati nella pagina di acquisto\/vendita, \u00e8 possibile acquistare o vendere facilmente criptovalute inserendo la somma di denaro che si desidera spendere o la quantit\u00e0 di criptovalute che si desidera acquistare.<\/span><\/p>\n<p><img loading=\"lazy\" decoding=\"async\" class=\"alignnone wp-image-3250 size-full\" src=\"https:\/\/coinkickoff.com\/wp-content\/uploads\/binance-buy-sell-crypto-2.png\" alt=\"\" width=\"1079\" height=\"634\" srcset=\"https:\/\/coinkickoff.com\/wp-content\/uploads\/binance-buy-sell-crypto-2.png 1079w, https:\/\/coinkickoff.com\/wp-content\/uploads\/binance-buy-sell-crypto-2-300x176.png 300w, https:\/\/coinkickoff.com\/wp-content\/uploads\/binance-buy-sell-crypto-2-1024x602.png 1024w, https:\/\/coinkickoff.com\/wp-content\/uploads\/binance-buy-sell-crypto-2-768x451.png 768w, https:\/\/coinkickoff.com\/wp-content\/uploads\/binance-buy-sell-crypto-2-18x12.png 18w\" sizes=\"auto, (max-width: 1079px) 100vw, 1079px\" \/><\/p>\n<p><span style=\"font-weight: 400;\">Una volta inserito l'importo che si desidera spendere, si vedr\u00e0 la quantit\u00e0 di criptovalute che si ricever\u00e0.<\/span><\/p>\n<p><img loading=\"lazy\" decoding=\"async\" class=\"alignnone wp-image-3252 size-full\" src=\"https:\/\/coinkickoff.com\/wp-content\/uploads\/binance-crypto-buy-sell-5.png\" alt=\"\" width=\"1047\" height=\"640\" srcset=\"https:\/\/coinkickoff.com\/wp-content\/uploads\/binance-crypto-buy-sell-5.png 1047w, https:\/\/coinkickoff.com\/wp-content\/uploads\/binance-crypto-buy-sell-5-300x183.png 300w, https:\/\/coinkickoff.com\/wp-content\/uploads\/binance-crypto-buy-sell-5-1024x626.png 1024w, https:\/\/coinkickoff.com\/wp-content\/uploads\/binance-crypto-buy-sell-5-768x469.png 768w, https:\/\/coinkickoff.com\/wp-content\/uploads\/binance-crypto-buy-sell-5-18x12.png 18w\" sizes=\"auto, (max-width: 1047px) 100vw, 1047px\" \/><\/p>\n<p><span style=\"font-weight: 400;\">Poich\u00e9 si desidera acquistare Dogecoin, fare clic sul pulsante <a href=\"https:\/\/coinkickoff.com\/it\/bitcoin-btc\/\" data-internallinksmanager029f6b8e52c=\"1\" title=\"Che cos&#039;\u00e8 il Bitcoin (BTC)? Prezzo, storia e dove acquistare\">BTC<\/a> simbolo sulla scheda \"Ricevi\". Si aprir\u00e0 un menu con tutti i diversi beni che \u00e8 possibile acquistare. Scrivete DOGE nella barra di ricerca del menu per trovarlo facilmente.<\/span><\/p>\n<p><img loading=\"lazy\" decoding=\"async\" class=\"alignnone wp-image-3255 size-full\" src=\"https:\/\/coinkickoff.com\/wp-content\/uploads\/BINANCE-DOGE-SELECT.png\" alt=\"\" width=\"1195\" height=\"649\" srcset=\"https:\/\/coinkickoff.com\/wp-content\/uploads\/BINANCE-DOGE-SELECT.png 1195w, https:\/\/coinkickoff.com\/wp-content\/uploads\/BINANCE-DOGE-SELECT-300x163.png 300w, https:\/\/coinkickoff.com\/wp-content\/uploads\/BINANCE-DOGE-SELECT-1024x556.png 1024w, https:\/\/coinkickoff.com\/wp-content\/uploads\/BINANCE-DOGE-SELECT-768x417.png 768w, https:\/\/coinkickoff.com\/wp-content\/uploads\/BINANCE-DOGE-SELECT-18x10.png 18w\" sizes=\"auto, (max-width: 1195px) 100vw, 1195px\" \/><\/p>\n<p><span style=\"font-weight: 400;\">Selezionandolo, la pagina visualizzer\u00e0 la quantit\u00e0 di DOGE che \u00e8 possibile acquistare per la cifra che si desidera spendere.<\/span><\/p>\n<p><img loading=\"lazy\" decoding=\"async\" class=\"alignnone wp-image-3261 size-large\" src=\"https:\/\/coinkickoff.com\/wp-content\/uploads\/buy-doge-on-binance-2-1024x573.png\" alt=\"acquistare dogecoin su binance\" width=\"1024\" height=\"573\" srcset=\"https:\/\/coinkickoff.com\/wp-content\/uploads\/buy-doge-on-binance-2-1024x573.png 1024w, https:\/\/coinkickoff.com\/wp-content\/uploads\/buy-doge-on-binance-2-300x168.png 300w, https:\/\/coinkickoff.com\/wp-content\/uploads\/buy-doge-on-binance-2-768x430.png 768w, https:\/\/coinkickoff.com\/wp-content\/uploads\/buy-doge-on-binance-2-18x10.png 18w, https:\/\/coinkickoff.com\/wp-content\/uploads\/buy-doge-on-binance-2.png 1432w\" sizes=\"auto, (max-width: 1024px) 100vw, 1024px\" \/><\/p>\n<p><span style=\"font-weight: 400;\">Infine, fare clic su ACQUISTA DOGE. \u00c8 cos\u00ec facile acquistare Dogecoin su Binance.<\/span><\/p>\n<p><span style=\"font-weight: 400;\">Se vuoi comprare Dogecoin o altri beni digitali su diversi exchange, dai un'occhiata al nostro <\/span><a href=\"https:\/\/coinkickoff.com\/it\/crypto-exchanges\/\"><span style=\"font-weight: 400;\">recensioni dei migliori 22 exchange di criptovalute<\/span><\/a><span style=\"font-weight: 400;\"> e altre otto alternative.<\/span><\/p>","protected":false},"excerpt":{"rendered":"<p>Come acquistare Dogecoin su Binance Dogecoin \u00e8 una famosa criptovaluta che pu\u00f2 essere scambiata su tutti i pi\u00f9 popolari exchange di criptovalute. L'DOGE \u00e8 noto soprattutto come meme o scherzo dell'coin. Il motivo \u00e8 che l'asset non \u00e8 stato progettato per trasferire valore o per colmare un vuoto di mercato per un caso d'uso specifico. Ciononostante, l'asset [...]<\/p>","protected":false},"author":3,"featured_media":3261,"parent":3196,"menu_order":0,"comment_status":"closed","ping_status":"closed","template":"","meta":{"_genesis_hide_title":false,"_genesis_hide_breadcrumbs":false,"_genesis_hide_singular_image":false,"_genesis_hide_footer_widgets":false,"_genesis_custom_body_class":"","_genesis_custom_post_class":"","_genesis_layout":"","_glsr_average":0,"_glsr_ranking":0,"_glsr_reviews":0,"footnotes":""},"class_list":{"0":"post-3244","1":"page","2":"type-page","3":"status-publish","4":"has-post-thumbnail","6":"entry"},"featured_image_src":"https:\/\/coinkickoff.com\/wp-content\/uploads\/buy-doge-on-binance-2-600x400.png","featured_image_src_square":"https:\/\/coinkickoff.com\/wp-content\/uploads\/buy-doge-on-binance-2-600x600.png","_links":{"self":[{"href":"https:\/\/coinkickoff.com\/it\/wp-json\/wp\/v2\/pages\/3244","targetHints":{"allow":["GET"]}}],"collection":[{"href":"https:\/\/coinkickoff.com\/it\/wp-json\/wp\/v2\/pages"}],"about":[{"href":"https:\/\/coinkickoff.com\/it\/wp-json\/wp\/v2\/types\/page"}],"author":[{"embeddable":true,"href":"https:\/\/coinkickoff.com\/it\/wp-json\/wp\/v2\/users\/3"}],"replies":[{"embeddable":true,"href":"https:\/\/coinkickoff.com\/it\/wp-json\/wp\/v2\/comments?post=3244"}],"version-history":[{"count":4,"href":"https:\/\/coinkickoff.com\/it\/wp-json\/wp\/v2\/pages\/3244\/revisions"}],"predecessor-version":[{"id":4487,"href":"https:\/\/coinkickoff.com\/it\/wp-json\/wp\/v2\/pages\/3244\/revisions\/4487"}],"up":[{"embeddable":true,"href":"https:\/\/coinkickoff.com\/it\/wp-json\/wp\/v2\/pages\/3196"}],"wp:featuredmedia":[{"embeddable":true,"href":"https:\/\/coinkickoff.com\/it\/wp-json\/wp\/v2\/media\/3261"}],"wp:attachment":[{"href":"https:\/\/coinkickoff.com\/it\/wp-json\/wp\/v2\/media?parent=3244"}],"curies":[{"name":"wp","href":"https:\/\/api.w.org\/{rel}","templated":true}]}}