{"id":3196,"date":"2026-01-08T14:07:36","date_gmt":"2026-01-08T14:07:36","guid":{"rendered":"https:\/\/coinkickoff.com\/?page_id=3196"},"modified":"2026-01-08T14:07:36","modified_gmt":"2026-01-08T14:07:36","slug":"how-to-buy-dogecoin","status":"publish","type":"page","link":"https:\/\/coinkickoff.com\/it\/how-to-buy-dogecoin\/","title":{"rendered":"Come acquistare Dogecoin (DOGE)"},"content":{"rendered":"<p><span style=\"font-weight: 400;\"><img loading=\"lazy\" decoding=\"async\" class=\"aligncenter wp-image-155 size-full\" src=\"https:\/\/coinkickoff.com\/wp-content\/uploads\/2022\/06\/Dogecoin-DOGE.jpg\" alt=\"come acquistare dogecoin\" width=\"1000\" height=\"800\" srcset=\"https:\/\/coinkickoff.com\/wp-content\/uploads\/2022\/06\/Dogecoin-DOGE.jpg 1000w, https:\/\/coinkickoff.com\/wp-content\/uploads\/2022\/06\/Dogecoin-DOGE-300x240.jpg 300w, https:\/\/coinkickoff.com\/wp-content\/uploads\/2022\/06\/Dogecoin-DOGE-768x614.jpg 768w, https:\/\/coinkickoff.com\/wp-content\/uploads\/2022\/06\/Dogecoin-DOGE-15x12.jpg 15w\" sizes=\"auto, (max-width: 1000px) 100vw, 1000px\" \/>Se volete acquistare <a href=\"https:\/\/coinkickoff.com\/it\/dogecoin-doge\/\" data-internallinksmanager029f6b8e52c=\"14\" title=\"Che cos&#039;\u00e8 Dogecoin (DOGE)? Come funziona e dove si compra?\">Dogecoin<\/a> e non sapete da dove cominciare, siete nel posto giusto. Vi mostreremo come e dove acquistare DOGE con istruzioni passo passo.<\/span><\/p>\n<div id=\"ez-toc-container\" class=\"ez-toc-v2_0_80 counter-hierarchy ez-toc-counter ez-toc-transparent ez-toc-container-direction\">\n<div class=\"ez-toc-title-container\">\n<p class=\"ez-toc-title\" style=\"cursor:inherit\">Sezioni<\/p>\n<span class=\"ez-toc-title-toggle\"><a href=\"#\" class=\"ez-toc-pull-right ez-toc-btn ez-toc-btn-xs ez-toc-btn-default ez-toc-toggle\" aria-label=\"Allinea la tabella dei contenuti\"><span class=\"ez-toc-js-icon-con\"><span class=\"\"><span class=\"eztoc-hide\" style=\"display:none;\">Toggle<\/span><span class=\"ez-toc-icon-toggle-span\"><svg style=\"fill: #999;color:#999\" xmlns=\"http:\/\/www.w3.org\/2000\/svg\" class=\"list-377408\" width=\"20px\" height=\"20px\" viewbox=\"0 0 24 24\" fill=\"none\"><path d=\"M6 6H4v2h2V6zm14 0H8v2h12V6zM4 11h2v2H4v-2zm16 0H8v2h12v-2zM4 16h2v2H4v-2zm16 0H8v2h12v-2z\" fill=\"currentColor\"><\/path><\/svg><svg style=\"fill: #999;color:#999\" class=\"arrow-unsorted-368013\" xmlns=\"http:\/\/www.w3.org\/2000\/svg\" width=\"10px\" height=\"10px\" viewbox=\"0 0 24 24\" version=\"1.2\" baseprofile=\"tiny\"><path d=\"M18.2 9.3l-6.2-6.3-6.2 6.3c-.2.2-.3.4-.3.7s.1.5.3.7c.2.2.4.3.7.3h11c.3 0 .5-.1.7-.3.2-.2.3-.5.3-.7s-.1-.5-.3-.7zM5.8 14.7l6.2 6.3 6.2-6.3c.2-.2.3-.5.3-.7s-.1-.5-.3-.7c-.2-.2-.4-.3-.7-.3h-11c-.3 0-.5.1-.7.3-.2.2-.3.5-.3.7s.1.5.3.7z\"\/><\/svg><\/span><\/span><\/span><\/a><\/span><\/div>\n<nav><ul class='ez-toc-list ez-toc-list-level-1 eztoc-toggle-hide-by-default' ><li class='ez-toc-page-1 ez-toc-heading-level-2'><a class=\"ez-toc-link ez-toc-heading-1\" href=\"https:\/\/coinkickoff.com\/it\/how-to-buy-dogecoin\/#What_Is_Dogecoin\" >Che cos'\u00e8 l'Dogecoin?<\/a><\/li><li class='ez-toc-page-1 ez-toc-heading-level-2'><a class=\"ez-toc-link ez-toc-heading-2\" href=\"https:\/\/coinkickoff.com\/it\/how-to-buy-dogecoin\/#Where_Can_I_Buy_Dogecoin\" >Dove posso acquistare Dogecoin?<\/a><\/li><li class='ez-toc-page-1 ez-toc-heading-level-2'><a class=\"ez-toc-link ez-toc-heading-3\" href=\"https:\/\/coinkickoff.com\/it\/how-to-buy-dogecoin\/#How_to_Buy_Dogecoin\" >Come acquistare Dogecoin<\/a><ul class='ez-toc-list-level-3' ><li class='ez-toc-heading-level-3'><a class=\"ez-toc-link ez-toc-heading-4\" href=\"https:\/\/coinkickoff.com\/it\/how-to-buy-dogecoin\/#Choose_Your_Exchange\" >Scegliete il vostro scambio<\/a><\/li><li class='ez-toc-page-1 ez-toc-heading-level-3'><a class=\"ez-toc-link ez-toc-heading-5\" href=\"https:\/\/coinkickoff.com\/it\/how-to-buy-dogecoin\/#Buy_DOGE\" >Acquista DOGE<\/a><\/li><li class='ez-toc-page-1 ez-toc-heading-level-3'><a class=\"ez-toc-link ez-toc-heading-6\" href=\"https:\/\/coinkickoff.com\/it\/how-to-buy-dogecoin\/#Store_Your_DOGE\" >Conservare l'DOGE<\/a><ul class='ez-toc-list-level-4' ><li class='ez-toc-heading-level-4'><a class=\"ez-toc-link ez-toc-heading-7\" href=\"https:\/\/coinkickoff.com\/it\/how-to-buy-dogecoin\/#Exchange_Wallet\" >Portafoglio di scambio<\/a><\/li><li class='ez-toc-page-1 ez-toc-heading-level-4'><a class=\"ez-toc-link ez-toc-heading-8\" href=\"https:\/\/coinkickoff.com\/it\/how-to-buy-dogecoin\/#Self-Custody_Hot_Wallets\" >Portafogli caldi in autocustodia<\/a><\/li><li class='ez-toc-page-1 ez-toc-heading-level-4'><a class=\"ez-toc-link ez-toc-heading-9\" href=\"https:\/\/coinkickoff.com\/it\/how-to-buy-dogecoin\/#Cold_Wallets\" >Portafogli freddi<\/a><\/li><\/ul><\/li><\/ul><\/li><\/ul><\/nav><\/div>\n<h2><span class=\"ez-toc-section\" id=\"What_Is_Dogecoin\"><\/span><span style=\"font-weight: 400;\">Che cos'\u00e8 l'Dogecoin?<\/span><span class=\"ez-toc-section-end\"><\/span><\/h2>\n<p><span style=\"font-weight: 400;\">Vi sar\u00e0 capitato di sentir parlare di <\/span><a href=\"https:\/\/coinkickoff.com\/it\/dogecoin-doge\/\"><span style=\"font-weight: 400;\">Dogecoin<\/span><\/a><span style=\"font-weight: 400;\"> come meme coin. \u00c8 vero: i fondatori di Dogecoin, Billy Marcus e Jackson Palmer, sono stati ispirati da un'idea di un <\/span><a href=\"https:\/\/knowyourmeme.com\/memes\/doge\" target=\"_blank\" rel=\"noopener\"><span style=\"font-weight: 400;\">meme con un cane Shiba Inu<\/span><\/a><span style=\"font-weight: 400;\"> e ha lanciato Dogecoin principalmente per scherzo.<\/span><\/p>\n<p><span style=\"font-weight: 400;\">L'coin \u00e8 diventato popolare grazie al clamore suscitato su Reddit dopo aver attirato l'attenzione del CEO di Tesla Elon Musk, il quale <\/span><a href=\"https:\/\/uk.finance.yahoo.com\/news\/dogecoin-elon-musk-tweet-reddit-100947312.html\" target=\"_blank\" rel=\"noopener\"><span style=\"font-weight: 400;\">ha twittato sull'coin nel 2021<\/span><\/a><span style=\"font-weight: 400;\">. Il coinvolgimento di Musk ha provocato una breve impennata dei prezzi dell'DOGE, anche se poco dopo l'asset ha perso gran parte del suo valore.<\/span><\/p>\n<p><img loading=\"lazy\" decoding=\"async\" class=\"alignnone size-medium\" src=\"https:\/\/coinkickoff.com\/wp-content\/uploads\/1612461300-elon-musk-lion-king.jpg\" alt=\"ELON MUSK DOGE\" width=\"675\" height=\"380\" \/><\/p>\n<p><span style=\"font-weight: 400;\">Dogecoin non ha un vero e proprio caso d'uso: non \u00e8 un ottimo modo per trasferire valore come <\/span><a href=\"https:\/\/coinkickoff.com\/it\/tether-usdt\/\"><span style=\"font-weight: 400;\">stabilecoins<\/span><\/a><span style=\"font-weight: 400;\">poich\u00e9 i prezzi non sono stabili. L'offerta \u00e8 infinita (a differenza di quanto avviene, ad esempio, per i prodotti di consumo, <\/span><a href=\"https:\/\/coinkickoff.com\/it\/bitcoin-btc\/\"><span style=\"font-weight: 400;\">Bitcoin<\/span><\/a><span style=\"font-weight: 400;\">), quindi non diventa meno disponibile o pi\u00f9 prezioso con il passare del tempo.\u00a0<\/span><\/p>\n<p><span style=\"font-weight: 400;\">Ci sono miliardi di DOGE sul mercato e l'Dogecoin rimane una delle criptovalute pi\u00f9 grandi per capitalizzazione di mercato, ma questo non si traduce in valore monetario.<\/span><\/p>\n<p><img loading=\"lazy\" decoding=\"async\" class=\"alignnone wp-image-3198 size-full\" src=\"https:\/\/coinkickoff.com\/wp-content\/uploads\/dogemarketcap.png\" alt=\"doge marketcap\" width=\"977\" height=\"573\" srcset=\"https:\/\/coinkickoff.com\/wp-content\/uploads\/dogemarketcap.png 977w, https:\/\/coinkickoff.com\/wp-content\/uploads\/dogemarketcap-300x176.png 300w, https:\/\/coinkickoff.com\/wp-content\/uploads\/dogemarketcap-768x450.png 768w, https:\/\/coinkickoff.com\/wp-content\/uploads\/dogemarketcap-18x12.png 18w\" sizes=\"auto, (max-width: 977px) 100vw, 977px\" \/><\/p>\n<p><span style=\"font-weight: 400;\">\u00c8 possibile estrarre l'coin a grandi cifre, il che lo rende non cos\u00ec prezioso. Di tanto in tanto si verificano brevi impennate del suo prezzo, di solito grazie a commenti inopportuni di celebrit\u00e0 come Musk.<\/span><\/p>\n<p><img loading=\"lazy\" decoding=\"async\" class=\"alignnone wp-image-3197 size-full\" src=\"https:\/\/coinkickoff.com\/wp-content\/uploads\/doge-price.png\" alt=\"Prezzo DOGE\" width=\"973\" height=\"559\" srcset=\"https:\/\/coinkickoff.com\/wp-content\/uploads\/doge-price.png 973w, https:\/\/coinkickoff.com\/wp-content\/uploads\/doge-price-300x172.png 300w, https:\/\/coinkickoff.com\/wp-content\/uploads\/doge-price-768x441.png 768w, https:\/\/coinkickoff.com\/wp-content\/uploads\/doge-price-18x10.png 18w\" sizes=\"auto, (max-width: 973px) 100vw, 973px\" \/><\/p>\n<p><span style=\"font-weight: 400;\">Nel complesso, \u00e8 corretto definirlo uno scherzo coin.<\/span><\/p>\n<h2><span class=\"ez-toc-section\" id=\"Where_Can_I_Buy_Dogecoin\"><\/span><span style=\"font-weight: 400;\">Dove posso acquistare Dogecoin?<\/span><span class=\"ez-toc-section-end\"><\/span><\/h2>\n<p><span style=\"font-weight: 400;\">\u00c8 possibile acquistare l'Dogecoin sulla maggior parte <a href=\"https:\/\/coinkickoff.com\/it\/crypto-exchanges\/\" data-internallinksmanager029f6b8e52c=\"141\" title=\"21 Migliori scambi di criptovalute e app nel 2024\">scambi di criptovalute<\/a>. <\/span><a href=\"https:\/\/coinmarketcap.com\/currencies\/dogecoin\/\" target=\"_blank\" rel=\"noopener\"><span style=\"font-weight: 400;\">Doge \u00e8 la 16esima criptovaluta pi\u00f9 grande<\/span><\/a><span style=\"font-weight: 400;\"> per capitalizzazione di mercato, quindi \u00e8 generalmente disponibile sulle borse pi\u00f9 diffuse.<\/span><\/p>\n<p><img loading=\"lazy\" decoding=\"async\" class=\"alignnone wp-image-3199 size-full\" src=\"https:\/\/coinkickoff.com\/wp-content\/uploads\/doge-on-binance.png\" alt=\"DOGE su Binance\" width=\"1366\" height=\"584\" srcset=\"https:\/\/coinkickoff.com\/wp-content\/uploads\/doge-on-binance.png 1366w, https:\/\/coinkickoff.com\/wp-content\/uploads\/doge-on-binance-300x128.png 300w, https:\/\/coinkickoff.com\/wp-content\/uploads\/doge-on-binance-1024x438.png 1024w, https:\/\/coinkickoff.com\/wp-content\/uploads\/doge-on-binance-768x328.png 768w, https:\/\/coinkickoff.com\/wp-content\/uploads\/doge-on-binance-18x8.png 18w\" sizes=\"auto, (max-width: 1366px) 100vw, 1366px\" \/><\/p>\n<p><span style=\"font-weight: 400;\">\u00c8 possibile acquistare DOGE con valute fiat presso gli scambi centralizzati di criptovalute come <\/span><a href=\"https:\/\/coinkickoff.com\/it\/coinbase-review\/\"><span style=\"font-weight: 400;\">Coinbase<\/span><\/a><span style=\"font-weight: 400;\">, <\/span><a href=\"https:\/\/coinkickoff.com\/it\/binance-review\/\"><span style=\"font-weight: 400;\">Binance<\/span><\/a><span style=\"font-weight: 400;\">, <\/span><a href=\"https:\/\/coinkickoff.com\/it\/kraken-review\/\"><span style=\"font-weight: 400;\">Kraken<\/span><\/a><span style=\"font-weight: 400;\">, e <\/span><a href=\"https:\/\/coinkickoff.com\/it\/etoro-review\/\"><span style=\"font-weight: 400;\">eToro<\/span><\/a><span style=\"font-weight: 400;\">.<\/span><\/p>\n<p><span style=\"font-weight: 400;\">Se avete gi\u00e0 delle criptovalute, potete anche acquistare DOGE e altri asset digitali su exchange decentralizzati come <\/span><a href=\"https:\/\/www.sushi.com\/\" target=\"_blank\" rel=\"noopener\"><span style=\"font-weight: 400;\">SushiSwap<\/span><\/a><span style=\"font-weight: 400;\"> o <\/span><a href=\"https:\/\/uniswap.org\/\" target=\"_blank\" rel=\"noopener\"><span style=\"font-weight: 400;\">Uniswap<\/span><\/a><span style=\"font-weight: 400;\">. Questi scambi facilitano le transazioni peer-to-peer senza intermediari.<\/span><\/p>\n<p><span style=\"font-weight: 400;\">Sebbene siano spesso pi\u00f9 economiche delle borse centralizzate, possono essere pi\u00f9 difficili da navigare e non sono molto adatte ai principianti. Naturalmente \u00e8 possibile imparare facilmente a utilizzare una borsa decentralizzata se ci si dedica un po' di tempo.<\/span><\/p>\n<h2><span class=\"ez-toc-section\" id=\"How_to_Buy_Dogecoin\"><\/span><span style=\"font-weight: 400;\">Come acquistare Dogecoin<\/span><span class=\"ez-toc-section-end\"><\/span><\/h2>\n<p><span style=\"font-weight: 400;\">Ci sono tre fasi per acquistare qualsiasi criptovaluta, compreso l'Dogecoin. In primo luogo, decidere quale borsa valori si desidera utilizzare. Poi, considerare dove conservare le criptovalute. Una volta presa questa decisione, procedete all'acquisto dell'DOGE.\u00a0<\/span><\/p>\n<p><span style=\"font-weight: 400;\">Ecco un approccio pi\u00f9 dettagliato per i principianti assoluti:<\/span><\/p>\n<h3><span class=\"ez-toc-section\" id=\"Choose_Your_Exchange\"><\/span><span style=\"font-weight: 400;\">Scegliete il vostro scambio<\/span><span class=\"ez-toc-section-end\"><\/span><\/h3>\n<p><span style=\"font-weight: 400;\">I diversi exchange offrono caratteristiche diverse e hanno disponibilit\u00e0 di criptovalute e commissioni variabili. \u00c8 possibile confrontare alcuni degli exchange pi\u00f9 noti per capire quale sia il pi\u00f9 adatto alle proprie esigenze prima di prendere una decisione.<\/span><\/p>\n<p><span style=\"font-weight: 400;\">Ad esempio, <a href=\"https:\/\/coinkickoff.com\/it\/coinbase-review\/\" data-internallinksmanager029f6b8e52c=\"142\" title=\"Coinbase Recensioni 2024: Caratteristiche, tariffe, sicurezza, pro e contro\">Coinbase<\/a> e <a href=\"https:\/\/coinkickoff.com\/it\/binance-review\/\" data-internallinksmanager029f6b8e52c=\"152\" title=\"Binance Recensioni 2024: Caratteristiche, tariffe, sicurezza, pro e contro\">Binance<\/a> Entrambi gli Stati Uniti offrono beni digitali simili (compreso l'DOGE), ma l'Binance offre commissioni pi\u00f9 basse. Tuttavia, Coinbase \u00e8 considerato pi\u00f9 sicuro e adatto ai principianti. Fate le vostre ricerche prima di scegliere una piattaforma, perch\u00e9 le criptovalute possono essere un investimento rischioso.<\/span><\/p>\n<p><span style=\"font-weight: 400;\">Per un'analisi pi\u00f9 completa della borsa \u00e8 possibile consultare la nostra guida alle recensioni. <\/span><a href=\"https:\/\/coinkickoff.com\/it\/crypto-exchanges\/\"><span style=\"font-weight: 400;\">le borse di criptovalute pi\u00f9 popolari<\/span><\/a><span style=\"font-weight: 400;\">.<\/span><\/p>\n<h3><span class=\"ez-toc-section\" id=\"Buy_DOGE\"><\/span><span style=\"font-weight: 400;\">Acquista DOGE<\/span><span class=\"ez-toc-section-end\"><\/span><\/h3>\n<p><span style=\"font-weight: 400;\">Una volta scelta la piattaforma, procedete con l'iscrizione. La maggior parte degli scambi centralizzati di criptovalute consente di acquistare criptovalute con valuta fiat (come USD o EUR). Potete collegare il vostro conto bancario alla piattaforma e trasferire il denaro sul vostro conto di scambio.<\/span><\/p>\n<p><img loading=\"lazy\" decoding=\"async\" class=\"alignnone wp-image-3201 size-full\" src=\"https:\/\/coinkickoff.com\/wp-content\/uploads\/buy-doge-on-binance-1.png\" alt=\"acquistare doge su binance\" width=\"1432\" height=\"802\" srcset=\"https:\/\/coinkickoff.com\/wp-content\/uploads\/buy-doge-on-binance-1.png 1432w, https:\/\/coinkickoff.com\/wp-content\/uploads\/buy-doge-on-binance-1-300x168.png 300w, https:\/\/coinkickoff.com\/wp-content\/uploads\/buy-doge-on-binance-1-1024x573.png 1024w, https:\/\/coinkickoff.com\/wp-content\/uploads\/buy-doge-on-binance-1-768x430.png 768w, https:\/\/coinkickoff.com\/wp-content\/uploads\/buy-doge-on-binance-1-18x10.png 18w\" sizes=\"auto, (max-width: 1432px) 100vw, 1432px\" \/><\/p>\n<p><span style=\"font-weight: 400;\">Alcune borse permettono anche di acquistare criptovalute con carte di credito, carte di debito, PayPal, Google Pay e Apple Pay. Se avete un conto di scambio o altri beni digitali, potete anche scambiarli con l'DOGE.<\/span><\/p>\n<p><span style=\"font-weight: 400;\">Alcune borse vi permetteranno di acquistare DOGE direttamente con fiat, mentre altre potrebbero offrire solo coins stabili come <a href=\"https:\/\/coinkickoff.com\/it\/tether-usdt\/\" data-internallinksmanager029f6b8e52c=\"3\" title=\"Che cos&#039;\u00e8 l&#039;Tether (USDT)? Come funziona e dove si compra?\">USDT<\/a> o <a href=\"https:\/\/coinkickoff.com\/it\/usd-coin-usdc\/\" data-internallinksmanager029f6b8e52c=\"8\" title=\"Che cos&#039;\u00e8 l&#039;USD Coin (USDC)? Come funziona e dove si compra?\">USDC<\/a>. In questi casi, \u00e8 necessario acquistare prima un coin stabile e poi scambiarlo con un DOGE.<\/span><\/p>\n<h3><span class=\"ez-toc-section\" id=\"Store_Your_DOGE\"><\/span><span style=\"font-weight: 400;\">Conservare l'DOGE<\/span><span class=\"ez-toc-section-end\"><\/span><\/h3>\n<p><span style=\"font-weight: 400;\">Una volta acquistato l'DOGE, \u00e8 necessario decidere dove conservarlo. A tale scopo avete un paio di opzioni.<\/span><\/p>\n<h4><span class=\"ez-toc-section\" id=\"Exchange_Wallet\"><\/span><span style=\"font-weight: 400;\">Portafoglio di scambio<\/span><span class=\"ez-toc-section-end\"><\/span><\/h4>\n<p><span style=\"font-weight: 400;\">Quando si acquistano criptovalute su una borsa, le attivit\u00e0 vengono automaticamente memorizzate nel portafoglio della borsa. Questi portafogli sono noti come portafogli di custodia perch\u00e9 le piattaforme li controllano e li gestiscono.<\/span><\/p>\n<p><span style=\"font-weight: 400;\">Sebbene sia possibile scambiare le attivit\u00e0 nel portafoglio attraverso il proprio conto di scambio, non si ha un controllo completo su di esse. Se la borsa subisce un attacco o va in bancarotta, le vostre attivit\u00e0 potrebbero andare perse per sempre.<\/span><\/p>\n<h4><span class=\"ez-toc-section\" id=\"Self-Custody_Hot_Wallets\"><\/span><span style=\"font-weight: 400;\">Portafogli caldi in autocustodia<\/span><span class=\"ez-toc-section-end\"><\/span><\/h4>\n<p><span style=\"font-weight: 400;\">Sul mercato esistono diversi portafogli hot autocustoditi: Alcuni sono portafogli software che si possono scaricare sui dispositivi mobili e sui computer, mentre altri sono accessibili tramite browser. Si chiamano hot wallet perch\u00e9 sono connessi a Internet attraverso il dispositivo (computer o dispositivo mobile).\u00a0<\/span><\/p>\n<p><span style=\"font-weight: 400;\">Se da un lato i portafogli self-custody consentono il pieno controllo dei propri beni, dall'altro sono vulnerabili alle violazioni della sicurezza e sono spesso presi di mira dagli hacker. Se non si dispone di un'approfondita conoscenza della protezione dei dispositivi connessi a Internet da malware e tentativi di hacking, si possono mettere a rischio i propri fondi conservandoli in un portafoglio a caldo.<\/span><\/p>\n<h4><span class=\"ez-toc-section\" id=\"Cold_Wallets\"><\/span><span style=\"font-weight: 400;\">Portafogli freddi<\/span><span class=\"ez-toc-section-end\"><\/span><\/h4>\n<p><span style=\"font-weight: 400;\">I portafogli a freddo sono generalmente considerati l'opzione di archiviazione pi\u00f9 sicura per le criptovalute. Non sono collegati a Internet, quindi sono impermeabili ai tentativi di hacking. Un portafoglio freddo pu\u00f2 essere un portafoglio cartaceo o un portafoglio hardware.<\/span><\/p>\n<p><span style=\"font-weight: 400;\">Un portafoglio cartaceo \u00e8 semplicemente un pezzo di carta che contiene la vostra chiave privata, che vi permette di accedere ai vostri fondi tramite un'interfaccia del portafoglio. Tuttavia, i portafogli cartacei possono essere difficili da usare e non sono adatti se si desidera scambiare facilmente le proprie attivit\u00e0.<\/span><\/p>\n<p><span style=\"font-weight: 400;\">I portafogli hardware sono dispositivi simili a USB che memorizzano le chiavi private. Poich\u00e9 il dispositivo non \u00e8 direttamente collegato a Internet, non pu\u00f2 essere violato. <\/span><a href=\"https:\/\/trezor.io\/\" target=\"_blank\" rel=\"noopener\"><span style=\"font-weight: 400;\">Trezor<\/span><\/a><span style=\"font-weight: 400;\"> e <\/span><a href=\"https:\/\/www.ledger.com\/\" target=\"_blank\" rel=\"noopener\"><span style=\"font-weight: 400;\">Libro mastro<\/span><\/a><span style=\"font-weight: 400;\"> sono due produttori di portafogli hardware considerati i migliori del settore. Entrambe le aziende offrono diversi portafogli hardware per l'archiviazione di criptovalute, anche se possono essere piuttosto costosi.<\/span><\/p>\n<p><span style=\"font-weight: 400;\">Se si fa trading in modo occasionale con importi bassi, l'acquisto di un portafoglio hardware potrebbe essere eccessivo. Tuttavia, se si tiene alla sicurezza, l'acquisto di un portafoglio hardware \u00e8 la scelta migliore a lungo termine.\u00a0\u00a0<\/span><\/p>\n<p>Vedere anche Come acquistare Dogecoin (DOGE) su:<\/p>\n<p><a href=\"https:\/\/coinkickoff.com\/it\/how-to-buy-dogecoin\/how-to-buy-dogecoin-on-coinbase\/\">Coinbase<\/a><br \/>\n<a href=\"https:\/\/coinkickoff.com\/it\/how-to-buy-dogecoin\/how-to-buy-dogecoin-on-kraken\/\">Kraken<\/a><br \/>\n<a href=\"https:\/\/coinkickoff.com\/it\/how-to-buy-dogecoin\/how-to-buy-dogecoin-on-binance\/\">Binance<\/a><br \/>\n<a href=\"https:\/\/coinkickoff.com\/it\/how-to-buy-dogecoin\/how-to-buy-dogecoin-on-bitmart\/\">Bitmart<\/a><br \/>\n<a href=\"https:\/\/coinkickoff.com\/it\/how-to-buy-dogecoin\/how-to-buy-dogecoin-on-bybit\/\">Bybit<\/a><br \/>\n<a href=\"https:\/\/coinkickoff.com\/it\/how-to-buy-dogecoin\/how-to-buy-dogecoin-on-gate-io\/\">Gate.io<\/a><br \/>\n<a href=\"https:\/\/coinkickoff.com\/it\/how-to-buy-dogecoin\/how-to-buy-dogecoin-on-gemini\/\">Gemelli<\/a><br \/>\n<a href=\"https:\/\/coinkickoff.com\/it\/how-to-buy-dogecoin\/how-to-buy-dogecoin-on-kucoin\/\">Kucoin<\/a><br \/>\n<a href=\"https:\/\/coinkickoff.com\/it\/how-to-buy-dogecoin\/how-to-buy-dogecoin-on-mexc\/\">MEXC<\/a><br \/>\n<a href=\"https:\/\/coinkickoff.com\/it\/how-to-buy-dogecoin\/how-to-buy-dogecoin-on-okx\/\">OKX<\/a><br \/>\n<a href=\"https:\/\/coinkickoff.com\/it\/how-to-buy-dogecoin\/how-to-buy-dogecoin-on-poloniex\/\">Poloniex<\/a><\/p>","protected":false},"excerpt":{"rendered":"<p>Se volete acquistare Dogecoin e non sapete da dove cominciare, siete nel posto giusto. Vi mostreremo come e dove acquistare l'DOGE con istruzioni passo dopo passo. Che cos'\u00e8 l'Dogecoin? Forse avete sentito parlare dell'Dogecoin come di un meme coin. \u00c8 vero: i fondatori di Dogecoin, Billy Marcus e Jackson Palmer, erano [...]<\/p>","protected":false},"author":3,"featured_media":155,"parent":0,"menu_order":0,"comment_status":"closed","ping_status":"closed","template":"","meta":{"_genesis_hide_title":false,"_genesis_hide_breadcrumbs":false,"_genesis_hide_singular_image":false,"_genesis_hide_footer_widgets":false,"_genesis_custom_body_class":"","_genesis_custom_post_class":"","_genesis_layout":"","_glsr_average":0,"_glsr_ranking":0,"_glsr_reviews":0,"footnotes":""},"class_list":{"0":"post-3196","1":"page","2":"type-page","3":"status-publish","4":"has-post-thumbnail","6":"entry"},"featured_image_src":"https:\/\/coinkickoff.com\/wp-content\/uploads\/2022\/06\/Dogecoin-DOGE-600x400.jpg","featured_image_src_square":"https:\/\/coinkickoff.com\/wp-content\/uploads\/2022\/06\/Dogecoin-DOGE-600x600.jpg","_links":{"self":[{"href":"https:\/\/coinkickoff.com\/it\/wp-json\/wp\/v2\/pages\/3196","targetHints":{"allow":["GET"]}}],"collection":[{"href":"https:\/\/coinkickoff.com\/it\/wp-json\/wp\/v2\/pages"}],"about":[{"href":"https:\/\/coinkickoff.com\/it\/wp-json\/wp\/v2\/types\/page"}],"author":[{"embeddable":true,"href":"https:\/\/coinkickoff.com\/it\/wp-json\/wp\/v2\/users\/3"}],"replies":[{"embeddable":true,"href":"https:\/\/coinkickoff.com\/it\/wp-json\/wp\/v2\/comments?post=3196"}],"version-history":[{"count":5,"href":"https:\/\/coinkickoff.com\/it\/wp-json\/wp\/v2\/pages\/3196\/revisions"}],"predecessor-version":[{"id":4940,"href":"https:\/\/coinkickoff.com\/it\/wp-json\/wp\/v2\/pages\/3196\/revisions\/4940"}],"wp:featuredmedia":[{"embeddable":true,"href":"https:\/\/coinkickoff.com\/it\/wp-json\/wp\/v2\/media\/155"}],"wp:attachment":[{"href":"https:\/\/coinkickoff.com\/it\/wp-json\/wp\/v2\/media?parent=3196"}],"curies":[{"name":"wp","href":"https:\/\/api.w.org\/{rel}","templated":true}]}}