{"id":9,"date":"2026-01-08T14:07:51","date_gmt":"2026-01-08T14:07:51","guid":{"rendered":"https:\/\/coinkickoff.com\/?page_id=9"},"modified":"2026-01-08T14:07:51","modified_gmt":"2026-01-08T14:07:51","slug":"rolunk","status":"publish","type":"page","link":"https:\/\/coinkickoff.com\/hu\/rolunk\/","title":{"rendered":"A  oldalr\u00f3l"},"content":{"rendered":"<h1 class=\"wp-block-genesis-blocks-gb-spacer gb-block-spacer gb-divider-solid gb-divider-size-1\" style=\"color: #ddd;\">Az Coin Kickoffr\u00f3l\u00a0<\/h1>\r\n<div class=\"wp-block-columns has-2-columns\">\r\n<div class=\"wp-block-column\">\r\n<p>Az\u00e9rt hoztam l\u00e9tre az Coin Kickoff-ot, mert \u00fagy gondolom, hogy a kripto\/<a href=\"https:\/\/coinkickoff.com\/hu\/what-is-web-3-0\/\" data-internallinksmanager029f6b8e52c=\"184\" title=\"Mi a Web 3.0?\">web3<\/a> t\u00fal bonyolult.<\/p>\r\n\r\n\r\n\r\n<p>A nevem Ian Wright, \u00e9s elkezdtem a kriptovalut\u00e1val foglalkozni m\u00e9g a <strong>2017<\/strong> amikor <a href=\"https:\/\/coinkickoff.com\/hu\/bitcoin-btc\/\" data-internallinksmanager029f6b8e52c=\"1\" title=\"Mi az Bitcoin (BTC)? \u00c1r, t\u00f6rt\u00e9net \u00e9s hol lehet megv\u00e1s\u00e1rolni\">Bitcoin<\/a> az els\u0151 bikafut\u00e1s\u00e1t k\u00f6zel <strong>$20,000<\/strong> minden egyes.<\/p>\r\n\r\n\r\n\r\n<p>El\u00e9g szerencs\u00e9s voltam, hogy akkoriban siker\u00fclt egy kis p\u00e9nzt keresnem. Azt\u00e1n azonnal elfelejtettem a kript\u00f3t.<\/p>\r\n\r\n\r\n\r\n<p>Felt\u00e9teleztem, hogy a bubor\u00e9k kipukkadt. Szerencs\u00e9snek \u00e9reztem magam, hogy akkor sz\u00e1lltam ki, amikor kijutottam.<\/p>\r\n\r\n\r\n\r\n<p>Az eg\u00e9szet egy hatalmas \u00e1tver\u00e9snek \u00e9reztem, \u00e9s v\u00e9g\u00fcl csak \u00fagy elt\u0171nik.<\/p>\r\n\r\n\r\n\r\n<p><strong>Azt\u00e1n valami furcsa dolog t\u00f6rt\u00e9nt.<\/strong><\/p>\r\n\r\n\r\n\r\n<p>\u0150sszel <strong>2020<\/strong> \u00dajra hallottam, hogy az emberek az Bitcoin-r\u0151l \u00e9s a kript\u00f3r\u00f3l besz\u00e9lnek.<\/p>\r\n\r\n\r\n\r\n<p>El\u0151sz\u00f6r elutas\u00edtottam. Bitcoin annyira <strong>2017<\/strong>.<\/p>\r\n\r\n\r\n\r\n<p>R\u00e1ad\u00e1sul am\u00fagy is \u00e1tver\u00e9s volt.<\/p>\r\n\r\n\r\n\r\n<p>De v\u00e9g\u00fcl meggondoltam magam, amikor az Bitcoin \u00e1ra a kor\u00e1bbi cs\u00facs\u00e1ra emelkedett.<\/p>\r\n\r\n\r\n\r\n<p>Az \u00e9n fejemben ennek nem lett volna szabad megt\u00f6rt\u00e9nnie.<\/p>\r\n\r\n\r\n\r\n<p>Szkeptikus voltam \u00e9s vagyok az Bitcoin, a kripto, a web3 \u00e9s a Blockchain \u00e9rt\u00e9k\u00e9vel kapcsolatban.<\/p>\r\n\r\n\r\n\r\n<p>De m\u00e1r nem \u00e9rzem, hogy egyhamar el fognak t\u0171nni.<\/p>\r\n\r\n\r\n\r\n<p><strong>\u00dagy d\u00f6nt\u00f6ttem, hogy \u00fajra befektetek. <\/strong><\/p>\r\n\r\n\r\n\r\n<p>De a m\u00faltkorival ellent\u00e9tben most p\u00e9nzt vesztettem. Egy bikapiacon!<\/p>\r\n\r\n\r\n\r\n<p>Ez\u00e9rt \u00fagy d\u00f6nt\u00f6ttem, hogy k\u00e9pezem magam.<\/p>\r\n\r\n\r\n\r\n<p>Ez\u00e9rt hoztam l\u00e9tre az Coin Kickoff-ot.<\/p>\r\n\r\n\r\n\r\n<p>A c\u00e9l egyszer\u0171: elmagyar\u00e1zni, hogy mik a k\u00fcl\u00f6nb\u00f6z\u0151 coin-k, mit tudnak, \u00e9s hol lehet \u0151ket megv\u00e1s\u00e1rolni.<\/p>\r\n\r\n\r\n\r\n<p>Mindezt egyszer\u0171 \u00e9s k\u00f6nnyen \u00e9rthet\u0151 m\u00f3don.<\/p>\r\n\r\n\r\n\r\n<p>\u00c9s hogy tiszt\u00e1zzuk, fogalmam sincs, mit csin\u00e1lok. Ezen a weboldalon semmi sem tekinthet\u0151 \u00fagy, mintha b\u00e1rmilyen befektet\u00e9st t\u00e1mogatn\u00e9k.<\/p>\r\n\r\n\r\n\r\n<p>Azt v\u00e1rom, hogy a legt\u00f6bb coin <strong>null\u00e1ra fog cs\u00f6kkenni<\/strong>.<\/p>\r\n\r\n\r\n\r\n<p>Gondoljon az Coin Kickoff-ra \u00fagy, mint egy kiindul\u00f3pontra, hogy m\u00e9g t\u00f6bbet tudjon meg a k\u00fcl\u00f6nb\u00f6z\u0151 kriptop\u00e9nzekr\u0151l.<\/p>\r\n\r\n\r\n\r\n<p>Minden hozz\u00e1sz\u00f3l\u00e1s \u00e9s \u00fatmutat\u00f3 csak t\u00e1j\u00e9koztat\u00f3 jelleg\u0171.<\/p>\r\n\r\n\r\n\r\n<p>\u00c9s soha, de soha ne tegyen be t\u00f6bb p\u00e9nzt, mint amennyit elvesz\u00edthet.<\/p>\r\n\r\n\r\n\r\n<p>&nbsp;<\/p>\r\n<\/div>\r\n<!-- \/wp:post-content --><\/div>\r\n<!-- \/wp:columns -->\r\n\r\n<!-- wp:paragraph -->\r\n<p>&nbsp;<\/p>\r\n<!-- \/wp:paragraph -->","protected":false},"excerpt":{"rendered":"<p>A nevem Ian Wright, \u00e9s 2017-ben kezdtem el foglalkozni a kriptovalut\u00e1kkal, amikor az Bitcoin az els\u0151 bikafut\u00e1s\u00e1t k\u00f6zel $20,000 darabra emelte. El\u00e9g szerencs\u00e9s voltam, hogy akkoriban siker\u00fclt egy kis p\u00e9nzt keresnem. Ezut\u00e1n azonnal elfelejtettem a kript\u00f3t. Felt\u00e9teleztem, hogy a bubor\u00e9k kipukkadt. I [...]<\/p>","protected":false},"author":1,"featured_media":10,"parent":0,"menu_order":0,"comment_status":"closed","ping_status":"closed","template":"","meta":{"_genesis_hide_title":true,"_genesis_hide_breadcrumbs":true,"_genesis_hide_singular_image":true,"_genesis_hide_footer_widgets":false,"_genesis_custom_body_class":"","_genesis_custom_post_class":"","_genesis_layout":"full-width-content","_glsr_average":0,"_glsr_ranking":0,"_glsr_reviews":0,"footnotes":""},"class_list":{"0":"post-9","1":"page","2":"type-page","3":"status-publish","4":"has-post-thumbnail","6":"entry"},"featured_image_src":"https:\/\/coinkickoff.com\/wp-content\/uploads\/2022\/03\/about-600x400.jpg","featured_image_src_square":"https:\/\/coinkickoff.com\/wp-content\/uploads\/2022\/03\/about-600x600.jpg","_links":{"self":[{"href":"https:\/\/coinkickoff.com\/hu\/wp-json\/wp\/v2\/pages\/9","targetHints":{"allow":["GET"]}}],"collection":[{"href":"https:\/\/coinkickoff.com\/hu\/wp-json\/wp\/v2\/pages"}],"about":[{"href":"https:\/\/coinkickoff.com\/hu\/wp-json\/wp\/v2\/types\/page"}],"author":[{"embeddable":true,"href":"https:\/\/coinkickoff.com\/hu\/wp-json\/wp\/v2\/users\/1"}],"replies":[{"embeddable":true,"href":"https:\/\/coinkickoff.com\/hu\/wp-json\/wp\/v2\/comments?post=9"}],"version-history":[{"count":6,"href":"https:\/\/coinkickoff.com\/hu\/wp-json\/wp\/v2\/pages\/9\/revisions"}],"predecessor-version":[{"id":79,"href":"https:\/\/coinkickoff.com\/hu\/wp-json\/wp\/v2\/pages\/9\/revisions\/79"}],"wp:featuredmedia":[{"embeddable":true,"href":"https:\/\/coinkickoff.com\/hu\/wp-json\/wp\/v2\/media\/10"}],"wp:attachment":[{"href":"https:\/\/coinkickoff.com\/hu\/wp-json\/wp\/v2\/media?parent=9"}],"curies":[{"name":"wp","href":"https:\/\/api.w.org\/{rel}","templated":true}]}}