{"id":827,"date":"2026-01-08T14:06:31","date_gmt":"2026-01-08T14:06:31","guid":{"rendered":"https:\/\/coinkickoff.com\/?page_id=827"},"modified":"2026-01-08T14:06:31","modified_gmt":"2026-01-08T14:06:31","slug":"prices-huf","status":"publish","type":"page","link":"https:\/\/coinkickoff.com\/hu\/prices\/prices-huf\/","title":{"rendered":"Top 100 \u00e9l\u0151 kriptop\u00e9nz \u00e1rak magyar forintban (HUF)"},"content":{"rendered":"<p>N\u00e9zze meg a val\u00f3s idej\u0171 \u00e1rfriss\u00edt\u00e9seket magyar forintban (HUF) a k\u00f6vetkez\u0151kr\u0151l <a href=\"https:\/\/coinkickoff.com\/hu\/bitcoin-btc\/\" data-internallinksmanager029f6b8e52c=\"1\" title=\"Mi az Bitcoin (BTC)? \u00c1r, t\u00f6rt\u00e9net \u00e9s hol lehet megv\u00e1s\u00e1rolni\">bitcoin<\/a> \u00e9s a t\u00f6bbi top 100 kriptovaluta al\u00e1bb. <\/p>\n<!-- Cryptocurrency Widgets PRO 4.1.2  !--><div  class=\"ccpw-widget\" id=\"ccpw-list-widget-1365\" ><div class=\"ccpw_react_widget\" id=\"ccpw_react_widgets_136518738095\" data-attribute=\"{&quot;type&quot;:&quot;list-widget&quot;,&quot;selected_currency&quot;:&quot;HUF&quot;,&quot;design&quot;:&quot;style-4&quot;,&quot;header&quot;:&quot;&quot;,&quot;show_chart&quot;:&quot;&quot;,&quot;custom_currency&quot;:&quot;&quot;,&quot;show_coins&quot;:&quot;100&quot;,&quot;MbFormating&quot;:&quot;on&quot;,&quot;live_changes&quot;:&quot;&quot;,&quot;display_changes&quot;:&quot;on&quot;}\"><\/div><\/div><style type='text\/css'>\r\n\t\t\t  .ccpw-widget #ccpw-list-widget-1365{background-color:#ffffff;color:#000;}\r\n\t\t\t  .ccpw-widget .ccpw_table tr #ccpw-list-widget-1365 {background-color:#ffffff;}\r\n\t\t\t  .ccpw-widget #ccpw-list-widget-1365.table {background-color:#ffffff;color:#000; box-shadow:inset 0px 0px 0px 3px rgba(0,0,0,0.25);}\r\n\t\t\t  #ccpw-list-widget-1365 .ccpw_table > tbody > tr > td,\r\n\t\t\t  #ccpw-list-widget-1365 .ccpw_table > tbody > tr > td .ticker-price,\r\n\t\t\t  #ccpw-list-widget-1365 .ccpw_table > tbody > tr > td.price,\r\n\t\t\t  #ccpw-list-widget-1365 .ccpw_table.table tr ,\r\n\t\t\t  #ccpw-list-widget-1365 .ccpw_table.table > thead > tr > th {border-color:rgba(0,0,0,0.25) !important;color:#000;background-color:#ffffff;}\r\n\t\t\t   .ccpw_table span.symbol { position:initial !Important; }<\/style>\n<div class=\"cg-choice-box-six   cg-blue\" ><div class=\"cg-cb-row\"><div class=\"cg-cb-items\" id=\"product-265843\"><div class=\"cg-cb-top-head\"><div class=\"cg-cb-top-pick\">Legt\u00f6bb Coins<\/div><\/div><a href=\"https:\/\/accounts.binance.com\/register?ref=BLJQ60RW\" target=\"_blank\" rel=\"nofollow noopener\" class=\"cg-aff-link cg-cb-img\" data-post-title=\"Binance\" data-aff-link=\"https:\/\/accounts.binance.com\/register?ref=BLJQ60RW\" data-post-type=\"top\" data-post-id=\"127750\"><img decoding=\"async\" src=\"https:\/\/coinkickoff.com\/wp-content\/uploads\/2022\/10\/Binance_logo.png\" class=\"cg-img-1\" alt=\"Binance\" style=\"\"><\/a><div class=\"cg-cb-title\"><a href=\"https:\/\/accounts.binance.com\/register?ref=BLJQ60RW\" class=\"cg-aff-link\" data-post-id=\"127750\" data-post-type=\"top\" data-aff-link=\"https:\/\/accounts.binance.com\/register?ref=BLJQ60RW\" data-post-title=\"Binance\" target=\"\" rel=\"nofollow noopener\">Binance<\/a><\/span><\/div><div class=\"cg-cb-content\"><ul><li><strong>350+<\/strong> Kriptovalut\u00e1k list\u00e1zva<\/li><li><strong>&lt;0.10%<\/strong> Tranzakci\u00f3s d\u00edjak<\/li><li><strong>120 milli\u00f3<\/strong> Regisztr\u00e1lt felhaszn\u00e1l\u00f3k<\/li><li>Biztons\u00e1gos eszk\u00f6zalap a felhaszn\u00e1l\u00f3k sz\u00e1m\u00e1ra<\/li><li>A bet\u00e9teken keresni<\/li><\/ul><\/div><div class=\"cg-cb-btn\"><span class='cta-copy'><a href=\"https:\/\/accounts.binance.com\/register?ref=BLJQ60RW\" class=\"cg-one-button cg-btn cg-red  cg-aff-link cg-btn-lg\" data-post-id=\"127750\" data-post-type=\"top\" data-aff-link=\"https:\/\/accounts.binance.com\/register?ref=BLJQ60RW\" data-style=\"default\" data-post-title=\"Binance\" data-extra=\"arrow\" style=\"\" target=\"\" rel=\"nofollow noopener\">Kezdje el<\/a><\/span><\/span><\/div><\/div><div class=\"cg-cb-items\" id=\"product-265829\"><div class=\"cg-cb-top-head\"><div class=\"cg-cb-top-pick\">A legt\u00f6bb orsz\u00e1g<\/div><\/div><a href=\"https:\/\/kraken.pxf.io\/756J3y\" target=\"_blank\" rel=\"nofollow noopener\" class=\"cg-aff-link cg-cb-img\" data-post-title=\"Kraken\" data-aff-link=\"https:\/\/kraken.pxf.io\/756J3y\" data-post-type=\"top\" data-post-id=\"127750\"><img decoding=\"async\" src=\"https:\/\/coinkickoff.com\/wp-content\/uploads\/Kraken-logo.webp\" class=\"cg-img-1\" alt=\"Kraken\" style=\"\"><\/a><div class=\"cg-cb-title\"><a href=\"https:\/\/kraken.pxf.io\/756J3y\" class=\"cg-aff-link\" data-post-id=\"127750\" data-post-type=\"top\" data-aff-link=\"https:\/\/kraken.pxf.io\/756J3y\" data-post-title=\"Kraken\" target=\"\" rel=\"nofollow noopener\">Kraken<\/a><\/span><\/div><div class=\"cg-cb-content\"><ul><li>Amerikai sz\u00e9khely\u0171<\/li><li>Kezdje olyan kev\u00e9ssel, mint <strong>$10<\/strong><\/li><li>V\u00e1s\u00e1rl\u00e1s \u00e9s elad\u00e1s <strong>200+<\/strong> kriptovalut\u00e1k<\/li><li>Pro megold\u00e1s nagyobb keresked\u0151k sz\u00e1m\u00e1ra<\/li><li>El\u00e9rhet\u0151 <strong>190+<\/strong> orsz\u00e1gok<\/li><\/ul><\/div><div class=\"cg-cb-btn\"><span class='cta-copy'><a href=\"https:\/\/kraken.pxf.io\/756J3y\" class=\"cg-one-button cg-btn cg-red  cg-aff-link cg-btn-lg\" data-post-id=\"127750\" data-post-type=\"top\" data-aff-link=\"https:\/\/kraken.pxf.io\/756J3y\" data-style=\"default\" data-post-title=\"Kraken\" data-extra=\"arrow\" style=\"\" target=\"\" rel=\"nofollow noopener\">Kezdje el<\/a><\/span><\/span><\/div><\/div><div class=\"cg-cb-items\" id=\"product-265822\"><div class=\"cg-cb-top-head\"><div class=\"cg-cb-top-pick\">Amerikai sz\u00e9khely\u0171<\/div><\/div><a href=\"https:\/\/coinbase-consumer.sjv.io\/ORPoaG\" target=\"_blank\" rel=\"nofollow noopener\" class=\"cg-aff-link cg-cb-img\" data-post-title=\"Coinbase\" data-aff-link=\"https:\/\/coinbase-consumer.sjv.io\/ORPoaG\" data-post-type=\"top\" data-post-id=\"127750\"><img decoding=\"async\" src=\"https:\/\/coinkickoff.com\/wp-content\/uploads\/2022\/10\/Coinbase.png\" class=\"cg-img-1\" alt=\"Coinbase\" style=\"\"><\/a><div class=\"cg-cb-title\"><a href=\"https:\/\/coinbase-consumer.sjv.io\/ORPoaG\" class=\"cg-aff-link\" data-post-id=\"127750\" data-post-type=\"top\" data-aff-link=\"https:\/\/coinbase-consumer.sjv.io\/ORPoaG\" data-post-title=\"Coinbase\" target=\"\" rel=\"nofollow noopener\">Coinbase<\/a><\/span><\/div><div class=\"cg-cb-content\"><ul><li><strong>200+<\/strong> Kriptovalut\u00e1k list\u00e1zva<\/li><li>Get Crypto az els\u0151 v\u00e1s\u00e1rl\u00e1s ut\u00e1n<\/li><li>Biztos\u00edt\u00e1ssal v\u00e9dve&nbsp;<\/li><li>Biztons\u00e1gos t\u00e1rol\u00e1s p\u00e1nc\u00e9lszekr\u00e9nyes v\u00e9delemmel<\/li><li>A legmegb\u00edzhat\u00f3bb kriptop\u00e9nz platform<\/li><\/ul><\/div><div class=\"cg-cb-btn\"><span class='cta-copy'><a href=\"https:\/\/coinbase-consumer.sjv.io\/ORPoaG\" class=\"cg-one-button cg-btn cg-red  cg-aff-link cg-btn-lg\" data-post-id=\"127750\" data-post-type=\"top\" data-aff-link=\"https:\/\/coinbase-consumer.sjv.io\/ORPoaG\" data-style=\"default\" data-post-title=\"Coinbase\" data-extra=\"arrow\" style=\"\" target=\"\" rel=\"nofollow noopener\">Kezdje el<\/a><\/span><\/span><\/div><\/div><\/div><\/div>\n\n<h2>Kriptovaluta \u00e1rfolyam kalkul\u00e1tor (HUF)<\/h2>\n<p>Haszn\u00e1lja az al\u00e1bbi kalkul\u00e1tort a HUF \u00e9s sz\u00e1mos n\u00e9pszer\u0171 kriptovaluta k\u00f6z\u00f6tti val\u00f3s idej\u0171 \u00e1tv\u00e1lt\u00e1si \u00e1rfolyamokhoz<\/p>\n<div class=\"ccpw_react_widget ccpw_calculator\" id=\"ccpw_react_widgets_1366_69deca1b1ade8\" data-attribute=\"{&quot;type&quot;:&quot;calculator&quot;,&quot;baseCurrency&quot;:&quot;bitcoin&quot;,&quot;targetCurrency&quot;:&quot;HUF&quot;}\"><\/div><style type='text\/css'>\r\n\t\t\t  #ccpw_react_widgets_1366 .ccpw-Converter {\r\n\t\t\t\t  background-color: #ffffff;\r\n\t\t\t\t  color: #000;\r\n\t\t\t  }<\/style>\n<h2>\u00c1rv\u00e1ltoz\u00e1s h\u0151t\u00e9rk\u00e9p: Top 20 kriptovaluta<\/h2>\n<!-- Cryptocurrency Widgets PRO 4.1.2  !--><div class=\"ccpw-coingecko-widget\" style=\"width:100%;\"> \r\n    <gecko-coin-heatmap-widget  height=\"400\"  locale=\"en\" outlined=\"true\" top=\"20\"><\/gecko-coin-heatmap-widget>\r\n    <\/div><style type='text\/css'><\/style>\n<p>L\u00e1sd m\u00e9g az al\u00e1bbi \u00e1rakat:<\/p>\n<ul>\n<li> <a href=\"https:\/\/coinkickoff.com\/hu\/prices\/\">Amerikai doll\u00e1r (USD)<\/a><\/li>\n<li> <a href=\"https:\/\/coinkickoff.com\/hu\/prices\/prices-euros\/\">Eur\u00f3 (EUD)<\/li>\n<li> <a href=\"https:\/\/coinkickoff.com\/hu\/prices\/prices-gbp\/\">Angol font sterling (GBP)<\/a><\/li>\n<li> <a href=\"https:\/\/coinkickoff.com\/hu\/prices\/prices-cad\/\">Kanadai doll\u00e1r (CAD)<\/a><\/li>\n<li> <a href=\"https:\/\/coinkickoff.com\/hu\/prices\/prices-aud\/\" data-internallinksmanager029f6b8e52c=\"116\" title=\"Top 100 \u00e9l\u0151 kriptop\u00e9nz \u00e1rak Ausztr\u00e1l doll\u00e1r (AUD)\">Ausztr\u00e1l doll\u00e1r (AUD)<\/a><\/li>\n<li> <a href=\"https:\/\/coinkickoff.com\/hu\/prices\/prices-jpy\/\" data-internallinksmanager029f6b8e52c=\"118\" title=\"Top 100 \u00e9l\u0151 kriptop\u00e9nz \u00e1rak jap\u00e1n jenben (JPY)\">Jap\u00e1n jen (JPY)<\/a><\/li>\n<li> <a href=\"https:\/\/coinkickoff.com\/hu\/prices\/prices-mxn\/\" data-internallinksmanager029f6b8e52c=\"119\" title=\"Top 100 \u00e9l\u0151 kriptop\u00e9nz \u00e1rak mexik\u00f3i peso (MXN)\">Mexik\u00f3i peso (MXN)<\/a><\/li>\n<li> <a href=\"https:\/\/coinkickoff.com\/hu\/prices\/prices-brl\/\" data-internallinksmanager029f6b8e52c=\"120\" title=\"Top 100 \u00e9l\u0151 kriptovaluta \u00e1rak brazil re\u00e1lban (BRL)\">Brazil re\u00e1l (BRL)<\/a><\/li>\n<li> <a href=\"https:\/\/coinkickoff.com\/hu\/prices\/prices-cny\/\" data-internallinksmanager029f6b8e52c=\"121\" title=\"Top 100 \u00e9l\u0151 kriptop\u00e9nz \u00e1rak k\u00ednai renminbi (CNY)\">K\u00ednai renminbi (CNY)<\/a><\/li>\n<li> <a href=\"https:\/\/coinkickoff.com\/hu\/prices\/prices-chf\/\" data-internallinksmanager029f6b8e52c=\"122\" title=\"Top 100 \u00e9l\u0151 kriptovaluta \u00e1rak sv\u00e1jci frankban (CHF)\">Sv\u00e1jci frank (CHF)<\/a><\/li>\n<li> <a href=\"https:\/\/coinkickoff.com\/hu\/prices\/prices-hkd\/\" data-internallinksmanager029f6b8e52c=\"123\" title=\"Top 100 \u00e9l\u0151 kriptop\u00e9nz \u00e1rak Hong Kong doll\u00e1rban (HKD)\">Hongkongi doll\u00e1r (HKD)<\/a><\/li>\n<li> <a href=\"https:\/\/coinkickoff.com\/hu\/prices\/prices-sgd\/\" data-internallinksmanager029f6b8e52c=\"124\" title=\"Top 100 \u00e9l\u0151 kriptovaluta \u00e1rak szingap\u00fari doll\u00e1rban (SGD)\">Szingap\u00fari doll\u00e1r (SGD)<\/a><\/li>\n<li> <a href=\"https:\/\/coinkickoff.com\/hu\/prices\/prices-sek\/\" data-internallinksmanager029f6b8e52c=\"125\" title=\"Top 100 \u00e9l\u0151 kriptop\u00e9nz \u00e1rak sv\u00e9d koron\u00e1ban (SEK)\">Sv\u00e9d korona (SEK)<\/a><\/li>\n<li> <a href=\"https:\/\/coinkickoff.com\/hu\/prices\/prices-nzd\/\" data-internallinksmanager029f6b8e52c=\"126\" title=\"Top 100 \u00e9l\u0151 kriptovaluta \u00e1rak \u00daj-z\u00e9landi doll\u00e1rban (NZD)\">\u00daj-z\u00e9landi doll\u00e1r (NZD)<\/a><\/li>\n<li> <a href=\"https:\/\/coinkickoff.com\/hu\/prices\/prices-inr\/\" data-internallinksmanager029f6b8e52c=\"127\" title=\"Top 100 \u00e9l\u0151 kriptovaluta \u00e1rak indiai r\u00fapi\u00e1ban (INR)\">Indiai r\u00fapia (INR)<\/a><\/li>\n<li> <a href=\"https:\/\/coinkickoff.com\/hu\/prices\/prices-twd\/\" data-internallinksmanager029f6b8e52c=\"128\" title=\"Top 100 \u00e9l\u0151 kriptop\u00e9nz \u00e1rak \u00faj tajvani doll\u00e1rban (TWD)\">\u00daj tajvani doll\u00e1r (TWD)<\/a><\/li>\n<li> <a href=\"https:\/\/coinkickoff.com\/hu\/prices\/prices-zar\/\" data-internallinksmanager029f6b8e52c=\"129\" title=\"Top 100 \u00e9l\u0151 kriptovaluta \u00e1rak d\u00e9l-afrikai randban (ZAR)\">D\u00e9l-afrikai rand (ZAR)<\/a><\/li>\n<li> <a href=\"https:\/\/coinkickoff.com\/hu\/prices\/prices-dkk\/\" data-internallinksmanager029f6b8e52c=\"130\" title=\"Top 100 \u00e9l\u0151 kriptovaluta \u00e1rak d\u00e1n koron\u00e1ban (DKK)\">D\u00e1n korona (DKK)<\/a><\/li>\n<li> <a href=\"https:\/\/coinkickoff.com\/hu\/prices\/prices-pln\/\" data-internallinksmanager029f6b8e52c=\"131\" title=\"Top 100 \u00e9l\u0151 kriptovaluta \u00e1rak lengyel Z\u0142oty (PLN)\">Lengyel Z\u0142oty (PLN)<\/a><\/li>\n<li> <a href=\"https:\/\/coinkickoff.com\/hu\/prices\/prices-czk\/\" data-internallinksmanager029f6b8e52c=\"132\" title=\"Top 100 \u00e9l\u0151 kriptovaluta \u00e1rak cseh korona (CZK)\">Cseh korona (CZK)<\/a><\/li>\n<li> Magyar forint (HUF)<\/li>\n<li> <a href=\"https:\/\/coinkickoff.com\/hu\/prices\/prices-rub\/\" data-internallinksmanager029f6b8e52c=\"134\" title=\"Top 100 \u00e9l\u0151 kriptovaluta \u00e1rak orosz rubelben (RUB)\">Orosz rubel (RUB)<\/a><\/li>\n<\/ul>","protected":false},"excerpt":{"rendered":"<p>N\u00e9zze meg a bitcoin \u00e9s a t\u00f6bbi top 100 kriptovaluta val\u00f3s idej\u0171 \u00e1rfolyam-friss\u00edt\u00e9seit magyar forintban (HUF) az al\u00e1bbiakban. Kriptovaluta \u00e1rfolyam-kalkul\u00e1tor (HUF) Haszn\u00e1lja az al\u00e1bbi kalkul\u00e1tort a HUF \u00e9s sz\u00e1mos n\u00e9pszer\u0171 kriptovaluta k\u00f6z\u00f6tti val\u00f3s idej\u0171 \u00e1rfolyamok\u00e9rt \u00c1rfolyamv\u00e1ltoz\u00e1s h\u0151t\u00e9rk\u00e9p: Top 20 kriptovaluta L\u00e1sd m\u00e9g az \u00e1rfolyamokat a k\u00f6vetkez\u0151 p\u00e9nznemekben: Amerikai doll\u00e1r (USD) Eur\u00f3 (EUD) Angol font sterling (GBP) Kanadai [...]<\/p>","protected":false},"author":1,"featured_media":738,"parent":708,"menu_order":0,"comment_status":"closed","ping_status":"closed","template":"","meta":{"_genesis_hide_title":false,"_genesis_hide_breadcrumbs":false,"_genesis_hide_singular_image":false,"_genesis_hide_footer_widgets":false,"_genesis_custom_body_class":"","_genesis_custom_post_class":"","_genesis_layout":"","_glsr_average":0,"_glsr_ranking":0,"_glsr_reviews":0,"footnotes":""},"class_list":{"0":"post-827","1":"page","2":"type-page","3":"status-publish","4":"has-post-thumbnail","6":"entry"},"featured_image_src":"https:\/\/coinkickoff.com\/wp-content\/uploads\/crypto-prices-600x400.jpg","featured_image_src_square":"https:\/\/coinkickoff.com\/wp-content\/uploads\/crypto-prices-600x586.jpg","_links":{"self":[{"href":"https:\/\/coinkickoff.com\/hu\/wp-json\/wp\/v2\/pages\/827","targetHints":{"allow":["GET"]}}],"collection":[{"href":"https:\/\/coinkickoff.com\/hu\/wp-json\/wp\/v2\/pages"}],"about":[{"href":"https:\/\/coinkickoff.com\/hu\/wp-json\/wp\/v2\/types\/page"}],"author":[{"embeddable":true,"href":"https:\/\/coinkickoff.com\/hu\/wp-json\/wp\/v2\/users\/1"}],"replies":[{"embeddable":true,"href":"https:\/\/coinkickoff.com\/hu\/wp-json\/wp\/v2\/comments?post=827"}],"version-history":[{"count":4,"href":"https:\/\/coinkickoff.com\/hu\/wp-json\/wp\/v2\/pages\/827\/revisions"}],"predecessor-version":[{"id":1368,"href":"https:\/\/coinkickoff.com\/hu\/wp-json\/wp\/v2\/pages\/827\/revisions\/1368"}],"up":[{"embeddable":true,"href":"https:\/\/coinkickoff.com\/hu\/wp-json\/wp\/v2\/pages\/708"}],"wp:featuredmedia":[{"embeddable":true,"href":"https:\/\/coinkickoff.com\/hu\/wp-json\/wp\/v2\/media\/738"}],"wp:attachment":[{"href":"https:\/\/coinkickoff.com\/hu\/wp-json\/wp\/v2\/media?parent=827"}],"curies":[{"name":"wp","href":"https:\/\/api.w.org\/{rel}","templated":true}]}}