{"id":4628,"date":"2026-01-08T14:08:02","date_gmt":"2026-01-08T14:08:02","guid":{"rendered":"https:\/\/coinkickoff.com\/?page_id=4628"},"modified":"2026-01-08T14:08:02","modified_gmt":"2026-01-08T14:08:02","slug":"how-are-bitcoin-slots-different","status":"publish","type":"page","link":"https:\/\/coinkickoff.com\/hu\/bitcoin-casino\/how-are-bitcoin-slots-different\/","title":{"rendered":"Miben k\u00fcl\u00f6nb\u00f6zik az Bitcoin nyer\u0151g\u00e9p a hagyom\u00e1nyos kaszin\u00f3 nyer\u0151g\u00e9pekt\u0151l?"},"content":{"rendered":"<p><em>Jogi nyilatkozat: A szerencsej\u00e1t\u00e9kok jelent\u0151s p\u00e9nz\u00fcgyi kock\u00e1zattal j\u00e1rnak. K\u00e9rj\u00fck, csak olyan p\u00e9nzzel j\u00e1tsszon, amelyet megengedheti mag\u00e1nak, hogy elvesz\u00edtsen. Az al\u00e1bbi inform\u00e1ci\u00f3k csak t\u00e1j\u00e9koztat\u00f3 jelleg\u0171ek. Jutal\u00e9kot kaphatunk, ha \u00d6n regisztr\u00e1l \u00e9s p\u00e9nzt vesz\u00edt az al\u00e1bbiak b\u00e1rmelyik\u00e9n\u00e9l <a href=\"https:\/\/coinkickoff.com\/hu\/bitcoin-casino\/\" data-internallinksmanager029f6b8e52c=\"200\" title=\"3 Legjobb Bitcoin kriptokazin\u00f3k b\u00f3nuszokkal\">kaszin\u00f3k<\/a>. Nem minden kaszin\u00f3 \u00e9rhet\u0151 el minden orsz\u00e1gban. Minden inform\u00e1ci\u00f3 a k\u00f6zz\u00e9t\u00e9tel id\u0151pontj\u00e1ban helyesnek v\u00e9lt\u00fck, de az\u00f3ta v\u00e1ltozhatott.<\/em><\/p>\n<div id=\"ez-toc-container\" class=\"ez-toc-v2_0_80 counter-hierarchy ez-toc-counter ez-toc-transparent ez-toc-container-direction\">\n<div class=\"ez-toc-title-container\">\n<p class=\"ez-toc-title\" style=\"cursor:inherit\">Szakaszok<\/p>\n<span class=\"ez-toc-title-toggle\"><a href=\"#\" class=\"ez-toc-pull-right ez-toc-btn ez-toc-btn-xs ez-toc-btn-default ez-toc-toggle\" aria-label=\"Toggle Tartalomjegyz\u00e9k\"><span class=\"ez-toc-js-icon-con\"><span class=\"\"><span class=\"eztoc-hide\" style=\"display:none;\">Toggle<\/span><span class=\"ez-toc-icon-toggle-span\"><svg style=\"fill: #999;color:#999\" xmlns=\"http:\/\/www.w3.org\/2000\/svg\" class=\"list-377408\" width=\"20px\" height=\"20px\" viewbox=\"0 0 24 24\" fill=\"none\"><path d=\"M6 6H4v2h2V6zm14 0H8v2h12V6zM4 11h2v2H4v-2zm16 0H8v2h12v-2zM4 16h2v2H4v-2zm16 0H8v2h12v-2z\" fill=\"currentColor\"><\/path><\/svg><svg style=\"fill: #999;color:#999\" class=\"arrow-unsorted-368013\" xmlns=\"http:\/\/www.w3.org\/2000\/svg\" width=\"10px\" height=\"10px\" viewbox=\"0 0 24 24\" version=\"1.2\" baseprofile=\"tiny\"><path d=\"M18.2 9.3l-6.2-6.3-6.2 6.3c-.2.2-.3.4-.3.7s.1.5.3.7c.2.2.4.3.7.3h11c.3 0 .5-.1.7-.3.2-.2.3-.5.3-.7s-.1-.5-.3-.7zM5.8 14.7l6.2 6.3 6.2-6.3c.2-.2.3-.5.3-.7s-.1-.5-.3-.7c-.2-.2-.4-.3-.7-.3h-11c-.3 0-.5.1-.7.3-.2.2-.3.5-.3.7s.1.5.3.7z\"\/><\/svg><\/span><\/span><\/span><\/a><\/span><\/div>\n<nav><ul class='ez-toc-list ez-toc-list-level-1 eztoc-toggle-hide-by-default' ><li class='ez-toc-page-1 ez-toc-heading-level-2'><a class=\"ez-toc-link ez-toc-heading-1\" href=\"https:\/\/coinkickoff.com\/hu\/bitcoin-casino\/how-are-bitcoin-slots-different\/#Overview_of_Bitcoin_Slots\" >Az Bitcoin b\u0151v\u00edt\u0151helyek \u00e1ttekint\u00e9se<\/a><ul class='ez-toc-list-level-3' ><li class='ez-toc-heading-level-3'><a class=\"ez-toc-link ez-toc-heading-2\" href=\"https:\/\/coinkickoff.com\/hu\/bitcoin-casino\/how-are-bitcoin-slots-different\/#Definition_of_Bitcoin_Slots\" >Az Bitcoin-ny\u00edl\u00e1sok meghat\u00e1roz\u00e1sa<\/a><\/li><li class='ez-toc-page-1 ez-toc-heading-level-3'><a class=\"ez-toc-link ez-toc-heading-3\" href=\"https:\/\/coinkickoff.com\/hu\/bitcoin-casino\/how-are-bitcoin-slots-different\/#Primary_Characteristics\" >Els\u0151dleges jellemz\u0151k<\/a><\/li><li class='ez-toc-page-1 ez-toc-heading-level-3'><a class=\"ez-toc-link ez-toc-heading-4\" href=\"https:\/\/coinkickoff.com\/hu\/bitcoin-casino\/how-are-bitcoin-slots-different\/#Comparison_with_Traditional_Slots\" >\u00d6sszehasonl\u00edt\u00e1s a hagyom\u00e1nyos nyer\u0151g\u00e9pekkel<\/a><\/li><\/ul><\/li><li class='ez-toc-page-1 ez-toc-heading-level-2'><a class=\"ez-toc-link ez-toc-heading-5\" href=\"https:\/\/coinkickoff.com\/hu\/bitcoin-casino\/how-are-bitcoin-slots-different\/#Operational_Mechanisms\" >M\u0171k\u00f6d\u00e9si mechanizmusok<\/a><ul class='ez-toc-list-level-3' ><li class='ez-toc-heading-level-3'><a class=\"ez-toc-link ez-toc-heading-6\" href=\"https:\/\/coinkickoff.com\/hu\/bitcoin-casino\/how-are-bitcoin-slots-different\/#Underlying_Technology\" >Alapj\u00e1ul szolg\u00e1l\u00f3 technol\u00f3gia<\/a><\/li><li class='ez-toc-page-1 ez-toc-heading-level-3'><a class=\"ez-toc-link ez-toc-heading-7\" href=\"https:\/\/coinkickoff.com\/hu\/bitcoin-casino\/how-are-bitcoin-slots-different\/#Random_Number_Generation\" >V\u00e9letlensz\u00e1m gener\u00e1l\u00e1s<\/a><\/li><li class='ez-toc-page-1 ez-toc-heading-level-3'><a class=\"ez-toc-link ez-toc-heading-8\" href=\"https:\/\/coinkickoff.com\/hu\/bitcoin-casino\/how-are-bitcoin-slots-different\/#Transaction_Process\" >Tranzakci\u00f3s folyamat<\/a><\/li><\/ul><\/li><li class='ez-toc-page-1 ez-toc-heading-level-2'><a class=\"ez-toc-link ez-toc-heading-9\" href=\"https:\/\/coinkickoff.com\/hu\/bitcoin-casino\/how-are-bitcoin-slots-different\/#User_Experience_and_Accessibility\" >Felhaszn\u00e1l\u00f3i \u00e9lm\u00e9ny \u00e9s akad\u00e1lymentes\u00edt\u00e9s<\/a><ul class='ez-toc-list-level-3' ><li class='ez-toc-heading-level-3'><a class=\"ez-toc-link ez-toc-heading-10\" href=\"https:\/\/coinkickoff.com\/hu\/bitcoin-casino\/how-are-bitcoin-slots-different\/#Interface_and_Design_Differences\" >Interf\u00e9sz \u00e9s diz\u00e1jn k\u00fcl\u00f6nbs\u00e9gek<\/a><\/li><li class='ez-toc-page-1 ez-toc-heading-level-3'><a class=\"ez-toc-link ez-toc-heading-11\" href=\"https:\/\/coinkickoff.com\/hu\/bitcoin-casino\/how-are-bitcoin-slots-different\/#Payment_and_Withdrawal_Methods\" >Fizet\u00e9si \u00e9s p\u00e9nzkiv\u00e9teli m\u00f3dszerek<\/a><\/li><li class='ez-toc-page-1 ez-toc-heading-level-3'><a class=\"ez-toc-link ez-toc-heading-12\" href=\"https:\/\/coinkickoff.com\/hu\/bitcoin-casino\/how-are-bitcoin-slots-different\/#Anonymity_and_Security\" >Anonimit\u00e1s \u00e9s biztons\u00e1g<\/a><\/li><\/ul><\/li><li class='ez-toc-page-1 ez-toc-heading-level-2'><a class=\"ez-toc-link ez-toc-heading-13\" href=\"https:\/\/coinkickoff.com\/hu\/bitcoin-casino\/how-are-bitcoin-slots-different\/#Frequently_Asked_Questions\" >Gyakran ism\u00e9telt k\u00e9rd\u00e9sek<\/a><ul class='ez-toc-list-level-3' ><li class='ez-toc-heading-level-3'><a class=\"ez-toc-link ez-toc-heading-14\" href=\"https:\/\/coinkickoff.com\/hu\/bitcoin-casino\/how-are-bitcoin-slots-different\/#What_advantages_do_Bitcoin_slots_offer_over_traditional_slot_machines\" >Milyen el\u0151ny\u00f6ket k\u00edn\u00e1lnak az Bitcoin nyer\u0151g\u00e9pek a hagyom\u00e1nyos nyer\u0151g\u00e9pekkel szemben?<\/a><\/li><li class='ez-toc-page-1 ez-toc-heading-level-3'><a class=\"ez-toc-link ez-toc-heading-15\" href=\"https:\/\/coinkickoff.com\/hu\/bitcoin-casino\/how-are-bitcoin-slots-different\/#How_do_crypto-based_slot_games_ensure_fairness\" >Hogyan biztos\u00edtj\u00e1k a kripto-alap\u00fa nyer\u0151g\u00e9pes j\u00e1t\u00e9kok a tisztess\u00e9gess\u00e9get?<\/a><\/li><li class='ez-toc-page-1 ez-toc-heading-level-3'><a class=\"ez-toc-link ez-toc-heading-16\" href=\"https:\/\/coinkickoff.com\/hu\/bitcoin-casino\/how-are-bitcoin-slots-different\/#Can_players_use_Bitcoin_on_all_online_slot_platforms\" >Haszn\u00e1lhatj\u00e1k a j\u00e1t\u00e9kosok az Bitcoin-t minden online nyer\u0151g\u00e9pes platformon?<\/a><\/li><li class='ez-toc-page-1 ez-toc-heading-level-3'><a class=\"ez-toc-link ez-toc-heading-17\" href=\"https:\/\/coinkickoff.com\/hu\/bitcoin-casino\/how-are-bitcoin-slots-different\/#What_are_the_legal_implications_of_using_Bitcoin_for_gambling\" >Milyen jogi k\u00f6vetkezm\u00e9nyei vannak az Bitcoin szerencsej\u00e1t\u00e9kra val\u00f3 haszn\u00e1lat\u00e1nak?<\/a><\/li><li class='ez-toc-page-1 ez-toc-heading-level-3'><a class=\"ez-toc-link ez-toc-heading-18\" href=\"https:\/\/coinkickoff.com\/hu\/bitcoin-casino\/how-are-bitcoin-slots-different\/#Why_might_Bitcoin_slots_offer_more_privacy_than_regular_slots\" >Mi\u00e9rt lehet, hogy az Bitcoin-ny\u00edl\u00e1sok t\u00f6bb adatv\u00e9delmet ny\u00fajtanak, mint a norm\u00e1l ny\u00edl\u00e1sok?<\/a><\/li><li class='ez-toc-page-1 ez-toc-heading-level-3'><a class=\"ez-toc-link ez-toc-heading-19\" href=\"https:\/\/coinkickoff.com\/hu\/bitcoin-casino\/how-are-bitcoin-slots-different\/#In_what_ways_can_the_payouts_differ_between_Bitcoin_slots_and_conventional_slots\" >Miben k\u00fcl\u00f6nb\u00f6zhetnek a kifizet\u00e9sek az Bitcoin \u00e9s a hagyom\u00e1nyos nyer\u0151g\u00e9pek k\u00f6z\u00f6tt?<\/a><\/li><\/ul><\/li><\/ul><\/nav><\/div>\n<h2><span class=\"ez-toc-section\" id=\"Overview_of_Bitcoin_Slots\"><\/span>Az Bitcoin b\u0151v\u00edt\u0151helyek \u00e1ttekint\u00e9se<span class=\"ez-toc-section-end\"><\/span><\/h2>\n<p><img decoding=\"async\" src=\"https:\/\/coinkickoff.com\/wp-content\/uploads\/v2-3dh2w-v0uhq.jpg\" alt=\"\"><\/p>\n<p><a href=\"https:\/\/coinkickoff.com\/hu\/bitcoin-casino\/how-to-play-crypto-slots\/\" data-internallinksmanager029f6b8e52c=\"205\" title=\"Hogyan j\u00e1tsszon kripto-nyer\u0151g\u00e9pet: A l\u00e9p\u00e9sr\u0151l-l\u00e9p\u00e9sre \u00fatmutat\u00f3\">Bitcoin b\u0151v\u00edt\u0151helyek<\/a> integr\u00e1lja a kriptop\u00e9nz haszn\u00e1lat\u00e1t a fogad\u00e1sokhoz \u00e9s a tranzakci\u00f3khoz, modern csavart adva a nyer\u0151g\u00e9pes j\u00e1t\u00e9koknak.<\/p>\n<h3><span class=\"ez-toc-section\" id=\"Definition_of_Bitcoin_Slots\"><\/span>Az Bitcoin-ny\u00edl\u00e1sok meghat\u00e1roz\u00e1sa<span class=\"ez-toc-section-end\"><\/span><\/h3>\n<p>Az Bitcoin nyer\u0151g\u00e9pek olyan kaszin\u00f3 nyer\u0151g\u00e9pes j\u00e1t\u00e9kok, amelyek Bitcoin-valut\u00e1val m\u0171k\u00f6dnek. Ezek a nyer\u0151g\u00e9pek olyan online platformokon tal\u00e1lhat\u00f3ak, amelyek t\u00e1mogatj\u00e1k a blokkl\u00e1nc technol\u00f3gi\u00e1t, \u00e9s kifejezetten a kriptovaluta-felhaszn\u00e1l\u00f3kat szolg\u00e1lj\u00e1k ki.<\/p>\n<h3><span class=\"ez-toc-section\" id=\"Primary_Characteristics\"><\/span>Els\u0151dleges jellemz\u0151k<span class=\"ez-toc-section-end\"><\/span><\/h3>\n<p><strong>Decentraliz\u00e1ci\u00f3<\/strong>: Az Bitcoin slotok egy decentraliz\u00e1lt h\u00e1l\u00f3zaton m\u0171k\u00f6dnek, amely f\u00fcggetlen a hagyom\u00e1nyos banki rendszerekt\u0151l.<br \/>\n<strong>Adatv\u00e9delem<\/strong>: A felhaszn\u00e1l\u00f3k \u00e9lvezhetik a fokozott adatv\u00e9delmet, mivel a szem\u00e9lyes adatok nem k\u00f6t\u0151dnek tranzakci\u00f3khoz.<br \/>\n<strong>Bizony\u00edtottan tisztess\u00e9ges<\/strong>: Ezek bizony\u00edthat\u00f3an igazs\u00e1gos algoritmusokat tartalmaznak, amelyek lehet\u0151v\u00e9 teszik a j\u00e1t\u00e9kosok sz\u00e1m\u00e1ra, hogy minden egyes p\u00f6rget\u00e9s igazs\u00e1goss\u00e1g\u00e1t f\u00fcggetlen\u00fcl ellen\u0151rizz\u00e9k.<br \/>\n<strong>Gyors tranzakci\u00f3k<\/strong>: A blokkl\u00e1nc jelleg\u00e9b\u0151l ad\u00f3d\u00f3an a befizet\u00e9sek \u00e9s a kifizet\u00e9sek \u00e1ltal\u00e1ban gyorsabbak, mint a hagyom\u00e1nyos p\u00e9nznemek.<br \/>\n<strong>Exkluz\u00edv b\u00f3nuszok<\/strong>: N\u00e9h\u00e1ny Bitcoin nyer\u0151g\u00e9p speci\u00e1lis b\u00f3nuszokat k\u00edn\u00e1l a kriptovalut\u00e1val j\u00e1tsz\u00f3 felhaszn\u00e1l\u00f3knak.<\/p>\n<h3><span class=\"ez-toc-section\" id=\"Comparison_with_Traditional_Slots\"><\/span>\u00d6sszehasonl\u00edt\u00e1s a hagyom\u00e1nyos nyer\u0151g\u00e9pekkel<span class=\"ez-toc-section-end\"><\/span><\/h3>\n<ul>\n<li><strong>P\u00e9nznem<\/strong>: Az Bitcoin slotok kriptovalut\u00e1t haszn\u00e1lnak.<\/li>\n<li><strong>Fizet\u00e9s feldolgoz\u00e1sa<\/strong>: A hagyom\u00e1nyos r\u00e9sek a hagyom\u00e1nyos banki m\u00f3dszerekre t\u00e1maszkodnak; az Bitcoin r\u00e9sek blokkl\u00e1ncot haszn\u00e1lnak, ami gyorsabb feldolgoz\u00e1si id\u0151t eredm\u00e9nyezhet.<\/li>\n<li><strong>Szab\u00e1lyoz\u00e1s<\/strong>: Bitcoin r\u00e9sek k\u00fcl\u00f6nb\u00f6z\u0151 szab\u00e1lyoz\u00e1sokkal szembes\u00fclhetnek a kriptop\u00e9nz decentraliz\u00e1lt jellege miatt.<\/li>\n<\/ul>\n<h2><span class=\"ez-toc-section\" id=\"Operational_Mechanisms\"><\/span>M\u0171k\u00f6d\u00e9si mechanizmusok<span class=\"ez-toc-section-end\"><\/span><\/h2>\n<p><img decoding=\"async\" src=\"https:\/\/coinkickoff.com\/wp-content\/uploads\/v2-3dh39-38urg.jpg\" alt=\"\"><\/p>\n<p>Az Bitcoin nyer\u0151g\u00e9pek kifejezetten a kriptop\u00e9nz technol\u00f3giai k\u00e9pess\u00e9geit haszn\u00e1lj\u00e1k ki, m\u00edg a hagyom\u00e1nyos nyer\u0151g\u00e9pek hagyom\u00e1nyosan a fiat p\u00e9nznemekhez k\u00f6t\u0151dnek. Ezek a m\u0171k\u00f6d\u00e9si k\u00fcl\u00f6nbs\u00e9gek kiemelik az Bitcoin nyer\u0151g\u00e9pek egyedis\u00e9g\u00e9t a szerencsej\u00e1t\u00e9k-iparban.<\/p>\n<h3><span class=\"ez-toc-section\" id=\"Underlying_Technology\"><\/span>Alapj\u00e1ul szolg\u00e1l\u00f3 technol\u00f3gia<span class=\"ez-toc-section-end\"><\/span><\/h3>\n<p>Az Bitcoin b\u0151v\u00edt\u0151helyek <strong>blokkl\u00e1nc technol\u00f3gia<\/strong>, \u00e1tl\u00e1that\u00f3s\u00e1got \u00e9s megv\u00e1ltoztathatatlans\u00e1got biztos\u00edtva. A tranzakci\u00f3kat ezeken a r\u00e9seken bel\u00fcl egy elosztott <a href=\"https:\/\/coinkickoff.com\/hu\/what-is-ledger-wallet\/\" data-internallinksmanager029f6b8e52c=\"167\" title=\"Ledger Wallet V\u00e9lem\u00e9nyek 2023: D\u00edjak, jellemz\u0151k, biztons\u00e1g, el\u0151ny\u00f6k \u00e9s h\u00e1tr\u00e1nyok\">f\u0151k\u00f6nyv<\/a>, mindenki sz\u00e1m\u00e1ra l\u00e1that\u00f3, de senki sem v\u00e1ltoztathatja meg, ami nagyfok\u00fa bizalomra ad okot. A hagyom\u00e1nyos nyer\u0151g\u00e9pek ezzel szemben priv\u00e1t szervereken elhelyezett j\u00e1t\u00e9kszoftverre t\u00e1maszkodnak, ahol a j\u00e1t\u00e9kosoknak a kaszin\u00f3 tisztess\u00e9ges \u00e9s biztons\u00e1gos h\u00edrnev\u00e9re kell hagyatkozniuk.<\/p>\n<h3><span class=\"ez-toc-section\" id=\"Random_Number_Generation\"><\/span>V\u00e9letlensz\u00e1m gener\u00e1l\u00e1s<span class=\"ez-toc-section-end\"><\/span><\/h3>\n<p>Mind az Bitcoin, mind a norm\u00e1l slotok a k\u00f6vetkez\u0151 m\u00f3dszereket haszn\u00e1lj\u00e1k <strong>V\u00e9letlensz\u00e1m-gener\u00e1torok (RNG)<\/strong> hogy az egyes p\u00f6rget\u00e9sek kimenetele teljesen v\u00e9letlenszer\u0171 legyen. Az Bitcoin nyer\u0151g\u00e9pek azonban gyakran haszn\u00e1lnak <strong>bizony\u00edthat\u00f3an igazs\u00e1gos algoritmusok<\/strong>, amelyek lehet\u0151v\u00e9 teszik a j\u00e1t\u00e9kosok sz\u00e1m\u00e1ra, hogy egym\u00e1st\u00f3l f\u00fcggetlen\u00fcl ellen\u0151rizz\u00e9k az egyes eredm\u00e9nyek v\u00e9letlenszer\u0171s\u00e9g\u00e9t. Ez ellent\u00e9tben \u00e1ll a hagyom\u00e1nyos nyer\u0151g\u00e9pekkel, amelyek saj\u00e1t RNG-ket haszn\u00e1lnak, amelyeket f\u00fcggetlen c\u00e9gek ellen\u0151riznek a tisztess\u00e9gess\u00e9g szempontj\u00e1b\u00f3l.<\/p>\n<ul>\n<li><strong>Bizony\u00edthat\u00f3an igazs\u00e1gos algoritmus<\/strong>: A j\u00e1t\u00e9k igazs\u00e1goss\u00e1g\u00e1t biztos\u00edt\u00f3 kriptogr\u00e1fiai m\u00f3dszer.<\/li>\n<li><strong>Saj\u00e1t RNG-k<\/strong>: Rendszeres r\u00e9sekben haszn\u00e1lt z\u00e1rt rendszerek, amelyek audit\u00e1l\u00e1sra szorulnak.<\/li>\n<\/ul>\n<h3><span class=\"ez-toc-section\" id=\"Transaction_Process\"><\/span>Tranzakci\u00f3s folyamat<span class=\"ez-toc-section-end\"><\/span><\/h3>\n<p>A tranzakci\u00f3s folyamat az Bitcoin slotokn\u00e1l jelent\u0151sen elt\u00e9r, \u00e9s a k\u00f6vetkez\u0151kkel rendelkezik <strong>azonnali, egyenrang\u00fa tranzakci\u00f3k<\/strong> amelyek lehet\u0151v\u00e9 teszik a j\u00e1t\u00e9kosok sz\u00e1m\u00e1ra, hogy szinte azonnal befizessenek \u00e9s kivegyenek.<\/p>\n<ul>\n<li><strong>Bet\u00e9tek<\/strong>: K\u00f6zvetlen\u00fcl a j\u00e1t\u00e9kos Bitcoin p\u00e9nzt\u00e1rc\u00e1j\u00e1r\u00f3l a kaszin\u00f3 p\u00e9nzt\u00e1rc\u00e1j\u00e1ba.<\/li>\n<li><strong>Visszavon\u00e1sok<\/strong>: Visszautalj\u00e1k a j\u00e1t\u00e9kos p\u00e9nzt\u00e1rc\u00e1j\u00e1ba, gyakran a banki int\u00e9zm\u00e9ny j\u00f3v\u00e1hagy\u00e1sa n\u00e9lk\u00fcl.<\/li>\n<\/ul>\n<p>A rendszeres r\u00e9sek viszont bankokat vagy m\u00e1s p\u00e9nz\u00fcgyi k\u00f6zvet\u00edt\u0151ket vonnak be, amelyek a tranzakci\u00f3kat feldolgoz\u00e1si id\u0151vel \u00e9s tov\u00e1bbi d\u00edjakkal k\u00e9sleltethetik.<\/p>\n<h2><span class=\"ez-toc-section\" id=\"User_Experience_and_Accessibility\"><\/span>Felhaszn\u00e1l\u00f3i \u00e9lm\u00e9ny \u00e9s akad\u00e1lymentes\u00edt\u00e9s<span class=\"ez-toc-section-end\"><\/span><\/h2>\n<p><img decoding=\"async\" src=\"https:\/\/coinkickoff.com\/wp-content\/uploads\/v2-3dh3q-bmbhr.jpg\" alt=\"\"><\/p>\n<p>Az Bitcoin nyer\u0151g\u00e9pek a felhaszn\u00e1l\u00f3i interakci\u00f3kat \u00e9s az online szerencsej\u00e1t\u00e9kok hozz\u00e1f\u00e9rhet\u0151s\u00e9g\u00e9t a k\u00fcl\u00f6nb\u00f6z\u0151 interf\u00e9szek, fizet\u00e9si m\u00f3dok \u00e9s a fokozott adatv\u00e9delem r\u00e9v\u00e9n alak\u00edtott\u00e1k \u00e1t.<\/p>\n<h3><span class=\"ez-toc-section\" id=\"Interface_and_Design_Differences\"><\/span>Interf\u00e9sz \u00e9s diz\u00e1jn k\u00fcl\u00f6nbs\u00e9gek<span class=\"ez-toc-section-end\"><\/span><\/h3>\n<p>Az Bitcoin slotok gyakran rendelkeznek <strong>modern \u00e9s intuit\u00edv fel\u00fclet<\/strong>, a webdesign trendek felkarol\u00e1sa. A j\u00e1t\u00e9kosok olyan interakt\u00edv elemekkel tal\u00e1lkozhatnak, mint p\u00e9ld\u00e1ul:<\/p>\n<ul>\n<li>Halad\u00e1sk\u00f6vet\u0151 b\u00f3nuszok.<\/li>\n<li>Val\u00f3s idej\u0171 <a href=\"https:\/\/coinkickoff.com\/hu\/crypto-exchanges\/\" data-internallinksmanager029f6b8e52c=\"141\" title=\"21 A legjobb kriptovaluta t\u0151zsd\u00e9k \u00e9s alkalmaz\u00e1sok 2024-ben\">kriptovaluta t\u0151zsde<\/a> \u00e1rak.<\/li>\n<\/ul>\n<p>A rendszeres r\u00e9sek \u00e1ltal\u00e1ban <a href=\"https:\/\/coinkickoff.com\/hu\/uphold-review\/\" data-internallinksmanager029f6b8e52c=\"156\" title=\"Uphold Reviews 2023: D\u00edjak, jellemz\u0151k, biztons\u00e1g, el\u0151ny\u00f6k \u00e9s h\u00e1tr\u00e1nyok\">fenntartani<\/a> a <strong>klasszikus tervez\u00e9si etika<\/strong>, az ismerts\u00e9get \u00e9s egyszer\u0171s\u00e9get el\u0151t\u00e9rbe helyez\u0151 fel\u00fcletekkel, p\u00e9ld\u00e1ul statikus jackpot-kijelz\u0151kkel.<\/p>\n<h3><span class=\"ez-toc-section\" id=\"Payment_and_Withdrawal_Methods\"><\/span>Fizet\u00e9si \u00e9s p\u00e9nzkiv\u00e9teli m\u00f3dszerek<span class=\"ez-toc-section-end\"><\/span><\/h3>\n<table>\n<thead>\n<tr>\n<th>M\u00f3dszer<\/th>\n<th>Bitcoin ny\u00edl\u00e1sok<\/th>\n<th>Rendszeres slotok<\/th>\n<\/tr>\n<\/thead>\n<tbody>\n<tr>\n<td>Bet\u00e9tek<\/td>\n<td>K\u00f6zvetlen\u00fcl a kriptot\u00e1rc\u00e1kb\u00f3l, szinte azonnal.<\/td>\n<td>Bankk\u00e1rty\u00e1kon, e-p\u00e9nzt\u00e1rc\u00e1kon vagy banki \u00e1tutal\u00e1sokon kereszt\u00fcl, v\u00e1ltoz\u00f3 feldolgoz\u00e1si id\u0151vel.<\/td>\n<\/tr>\n<tr>\n<td>Visszavon\u00e1sok<\/td>\n<td>\u00c1ltal\u00e1ban perceken \u00e9s \u00f3r\u00e1kon bel\u00fcl feldolgozz\u00e1k.<\/td>\n<td>Napokig is eltarthat, \u00e9s gyakran van minim\u00e1lis kifizet\u00e9si korl\u00e1t.<\/td>\n<\/tr>\n<\/tbody>\n<\/table>\n<p>Az Bitcoin slot platformok \u00e1ltal\u00e1ban a k\u00f6vetkez\u0151ket k\u00edn\u00e1lj\u00e1k <strong>s\u00farl\u00f3d\u00e1smentes tranzakci\u00f3k<\/strong> a blokkl\u00e1nc technol\u00f3gia term\u00e9szete miatt.<\/p>\n<h3><span class=\"ez-toc-section\" id=\"Anonymity_and_Security\"><\/span>Anonimit\u00e1s \u00e9s biztons\u00e1g<span class=\"ez-toc-section-end\"><\/span><\/h3>\n<p>Az Bitcoin r\u00e9sekben a j\u00e1t\u00e9kosok nagyobb fok\u00fa <strong>anonimit\u00e1s<\/strong>. \u0150k:<\/p>\n<ul>\n<li>Nem kell annyi szem\u00e9lyes adatot megosztaniuk.<\/li>\n<li>Haszn\u00e1lja ki a blokkl\u00e1nc-technol\u00f3gia eredend\u0151 biztons\u00e1gi jellemz\u0151it.<\/li>\n<\/ul>\n<p>A rendszeres r\u00e9sid\u0151knek ezzel szemben szigor\u00faan k\u00f6vetni\u00fck kell a <strong>szab\u00e1lyoz\u00e1si \u00e9s ellen\u0151rz\u00e9si folyamatok<\/strong>, amihez gyakran sz\u00fcks\u00e9g van a felhaszn\u00e1l\u00f3k r\u00e9szletes szem\u00e9lyes adataira.<\/p>\n<h2><span class=\"ez-toc-section\" id=\"Frequently_Asked_Questions\"><\/span>Gyakran ism\u00e9telt k\u00e9rd\u00e9sek<span class=\"ez-toc-section-end\"><\/span><\/h2>\n<p><img decoding=\"async\" src=\"https:\/\/coinkickoff.com\/wp-content\/uploads\/v2-3dh42-3zxyj.jpg\" alt=\"\"><\/p>\n<p>Ez a szakasz az Bitcoin nyer\u0151g\u00e9pek \u00e9s a hagyom\u00e1nyos nyer\u0151g\u00e9pes j\u00e1t\u00e9kok k\u00f6z\u00f6tti k\u00fcl\u00f6nbs\u00e9gekkel kapcsolatos gyakori k\u00e9rd\u00e9sekkel foglalkozik, olyan szempontokra \u00f6sszpontos\u00edtva, mint az el\u0151ny\u00f6k, a m\u00e9lt\u00e1nyoss\u00e1g, a hozz\u00e1f\u00e9rhet\u0151s\u00e9g, a jogi megfontol\u00e1sok, a mag\u00e1n\u00e9let v\u00e9delme \u00e9s a kifizet\u00e9si vari\u00e1ci\u00f3k.<\/p>\n<h3><span class=\"ez-toc-section\" id=\"What_advantages_do_Bitcoin_slots_offer_over_traditional_slot_machines\"><\/span>Milyen el\u0151ny\u00f6ket k\u00edn\u00e1lnak az Bitcoin nyer\u0151g\u00e9pek a hagyom\u00e1nyos nyer\u0151g\u00e9pekkel szemben?<span class=\"ez-toc-section-end\"><\/span><\/h3>\n<p>Az Bitcoin-ny\u00edl\u00e1sok jellemz\u0151en fokozott adatv\u00e9delmet biztos\u00edtanak a felhaszn\u00e1l\u00f3k sz\u00e1m\u00e1ra, mivel a tranzakci\u00f3khoz nem mindig van sz\u00fcks\u00e9g szem\u00e9lyes adatokra. A hagyom\u00e1nyos banki m\u00f3dszerekhez k\u00e9pest gyorsabb tranzakci\u00f3s id\u0151t is k\u00edn\u00e1lnak, mivel az Bitcoin tranzakci\u00f3kat gyorsan, k\u00f6zponti hat\u00f3s\u00e1g ig\u00e9nybev\u00e9tele n\u00e9lk\u00fcl lehet feldolgozni.<\/p>\n<h3><span class=\"ez-toc-section\" id=\"How_do_crypto-based_slot_games_ensure_fairness\"><\/span>Hogyan biztos\u00edtj\u00e1k a kripto-alap\u00fa nyer\u0151g\u00e9pes j\u00e1t\u00e9kok a tisztess\u00e9gess\u00e9get?<span class=\"ez-toc-section-end\"><\/span><\/h3>\n<p>A kripto-alap\u00fa nyer\u0151g\u00e9pes j\u00e1t\u00e9kok gyakran haszn\u00e1lnak bizony\u00edthat\u00f3an tisztess\u00e9ges algoritmusokat, amelyek lehet\u0151v\u00e9 teszik a j\u00e1t\u00e9kosok sz\u00e1m\u00e1ra, hogy minden egyes p\u00f6rget\u00e9s tisztess\u00e9gess\u00e9g\u00e9t f\u00fcggetlen\u00fcl ellen\u0151rizz\u00e9k. Ez a rendszer \u00e1tl\u00e1that\u00f3s\u00e1got biztos\u00edt, mivel kriptogr\u00e1fiai technik\u00e1k seg\u00edts\u00e9g\u00e9vel bizony\u00edtja, hogy a j\u00e1t\u00e9k kimenetel\u00e9t nem manipul\u00e1lt\u00e1k.<\/p>\n<h3><span class=\"ez-toc-section\" id=\"Can_players_use_Bitcoin_on_all_online_slot_platforms\"><\/span>Haszn\u00e1lhatj\u00e1k a j\u00e1t\u00e9kosok az Bitcoin-t minden online nyer\u0151g\u00e9pes platformon?<span class=\"ez-toc-section-end\"><\/span><\/h3>\n<p>Nem minden online nyer\u0151g\u00e9pes platform fogadja el az Bitcoin-t. B\u00e1r a kriptovalut\u00e1kat t\u00e1mogat\u00f3 platformok sz\u00e1ma egyre n\u0151, a j\u00e1t\u00e9kosoknak minden egyes oldal fizet\u00e9si lehet\u0151s\u00e9geit ellen\u0151rizni\u00fck kell, hogy meg\u00e1llap\u00edts\u00e1k, elfogadj\u00e1k-e az Bitcoin-t.<\/p>\n<h3><span class=\"ez-toc-section\" id=\"What_are_the_legal_implications_of_using_Bitcoin_for_gambling\"><\/span>Milyen jogi k\u00f6vetkezm\u00e9nyei vannak az Bitcoin szerencsej\u00e1t\u00e9kra val\u00f3 haszn\u00e1lat\u00e1nak?<span class=\"ez-toc-section-end\"><\/span><\/h3>\n<p>Az Bitcoin szerencsej\u00e1t\u00e9kra val\u00f3 haszn\u00e1lat\u00e1nak jogi k\u00f6vetkezm\u00e9nyei joghat\u00f3s\u00e1gonk\u00e9nt elt\u00e9r\u0151ek. A j\u00e1t\u00e9kosok felel\u0151sek az online szerencsej\u00e1t\u00e9kra \u00e9s a kriptop\u00e9nz haszn\u00e1lat\u00e1ra vonatkoz\u00f3 helyi t\u00f6rv\u00e9nyek meg\u00e9rt\u00e9s\u00e9\u00e9rt \u00e9s betart\u00e1s\u00e1\u00e9rt.<\/p>\n<h3><span class=\"ez-toc-section\" id=\"Why_might_Bitcoin_slots_offer_more_privacy_than_regular_slots\"><\/span>Mi\u00e9rt lehet, hogy az Bitcoin-ny\u00edl\u00e1sok t\u00f6bb adatv\u00e9delmet ny\u00fajtanak, mint a norm\u00e1l ny\u00edl\u00e1sok?<span class=\"ez-toc-section-end\"><\/span><\/h3>\n<p>Az Bitcoin-nyer\u0151g\u00e9pek nagyobb mag\u00e1n\u00e9letet biztos\u00edthatnak, mivel az Bitcoin-vel v\u00e9gzett tranzakci\u00f3k nem felt\u00e9tlen\u00fcl j\u00e1rnak szem\u00e9lyes banki adatok megoszt\u00e1s\u00e1val. Ez lehet\u0151v\u00e9 teszi a j\u00e1t\u00e9kosok sz\u00e1m\u00e1ra, hogy an\u00e9lk\u00fcl j\u00e1tsszanak, hogy tev\u00e9kenys\u00e9g\u00fcket a p\u00e9nzint\u00e9zetek k\u00f6nnyen visszavezethetn\u00e9k hozz\u00e1juk.<\/p>\n<h3><span class=\"ez-toc-section\" id=\"In_what_ways_can_the_payouts_differ_between_Bitcoin_slots_and_conventional_slots\"><\/span>Miben k\u00fcl\u00f6nb\u00f6zhetnek a kifizet\u00e9sek az Bitcoin \u00e9s a hagyom\u00e1nyos nyer\u0151g\u00e9pek k\u00f6z\u00f6tt?<span class=\"ez-toc-section-end\"><\/span><\/h3>\n<p>Az Bitcoin nyer\u0151g\u00e9pek kifizet\u00e9sei jelent\u0151sebbek lehetnek a kriptop\u00e9nz tranzakci\u00f3k potenci\u00e1lisan alacsonyabb m\u0171k\u00f6d\u00e9si k\u00f6lts\u00e9gei miatt. Emellett egyes Bitcoin nyer\u0151g\u00e9pek egyedi jackpotokat k\u00edn\u00e1lnak, amelyeket kriptop\u00e9nzben fizetnek ki, amelyek \u00e9rt\u00e9ke ingadozhat, ami n\u00e9ha megn\u00f6veli a kifizet\u00e9s \u00e9rt\u00e9k\u00e9t fiat valut\u00e1ban kifejezve.<\/p>","protected":false},"excerpt":{"rendered":"<p>Jogi nyilatkozat: A szerencsej\u00e1t\u00e9kok jelent\u0151s p\u00e9nz\u00fcgyi kock\u00e1zattal j\u00e1rnak. K\u00e9rj\u00fck, csak olyan p\u00e9nzzel j\u00e1tsszon, amelyet megengedheti mag\u00e1nak, hogy elvesz\u00edtsen. Az al\u00e1bbi inform\u00e1ci\u00f3k csak t\u00e1j\u00e9koztat\u00f3 jelleg\u0171ek. Jutal\u00e9kot kaphatunk, ha \u00d6n regisztr\u00e1l \u00e9s p\u00e9nzt vesz\u00edt az al\u00e1bbi kaszin\u00f3k b\u00e1rmelyik\u00e9ben. Nem minden kaszin\u00f3 \u00e9rhet\u0151 el minden orsz\u00e1gban. Minden inform\u00e1ci\u00f3, amit [...]<\/p>","protected":false},"author":1,"featured_media":4631,"parent":4440,"menu_order":0,"comment_status":"closed","ping_status":"closed","template":"","meta":{"_genesis_hide_title":false,"_genesis_hide_breadcrumbs":false,"_genesis_hide_singular_image":false,"_genesis_hide_footer_widgets":false,"_genesis_custom_body_class":"","_genesis_custom_post_class":"","_genesis_layout":"","_glsr_average":0,"_glsr_ranking":0,"_glsr_reviews":0,"footnotes":""},"class_list":{"0":"post-4628","1":"page","2":"type-page","3":"status-publish","4":"has-post-thumbnail","6":"entry"},"featured_image_src":"https:\/\/coinkickoff.com\/wp-content\/uploads\/v2-3dh3q-bmbhr-600x400.jpg","featured_image_src_square":"https:\/\/coinkickoff.com\/wp-content\/uploads\/v2-3dh3q-bmbhr-600x600.jpg","_links":{"self":[{"href":"https:\/\/coinkickoff.com\/hu\/wp-json\/wp\/v2\/pages\/4628","targetHints":{"allow":["GET"]}}],"collection":[{"href":"https:\/\/coinkickoff.com\/hu\/wp-json\/wp\/v2\/pages"}],"about":[{"href":"https:\/\/coinkickoff.com\/hu\/wp-json\/wp\/v2\/types\/page"}],"author":[{"embeddable":true,"href":"https:\/\/coinkickoff.com\/hu\/wp-json\/wp\/v2\/users\/1"}],"replies":[{"embeddable":true,"href":"https:\/\/coinkickoff.com\/hu\/wp-json\/wp\/v2\/comments?post=4628"}],"version-history":[{"count":3,"href":"https:\/\/coinkickoff.com\/hu\/wp-json\/wp\/v2\/pages\/4628\/revisions"}],"predecessor-version":[{"id":4635,"href":"https:\/\/coinkickoff.com\/hu\/wp-json\/wp\/v2\/pages\/4628\/revisions\/4635"}],"up":[{"embeddable":true,"href":"https:\/\/coinkickoff.com\/hu\/wp-json\/wp\/v2\/pages\/4440"}],"wp:featuredmedia":[{"embeddable":true,"href":"https:\/\/coinkickoff.com\/hu\/wp-json\/wp\/v2\/media\/4631"}],"wp:attachment":[{"href":"https:\/\/coinkickoff.com\/hu\/wp-json\/wp\/v2\/media?parent=4628"}],"curies":[{"name":"wp","href":"https:\/\/api.w.org\/{rel}","templated":true}]}}