{"id":4595,"date":"2026-01-08T14:07:58","date_gmt":"2026-01-08T14:07:58","guid":{"rendered":"https:\/\/coinkickoff.com\/?page_id=4595"},"modified":"2026-01-08T14:07:58","modified_gmt":"2026-01-08T14:07:58","slug":"how-is-bitcoin-roulette-different","status":"publish","type":"page","link":"https:\/\/coinkickoff.com\/hu\/bitcoin-casino\/how-is-bitcoin-roulette-different\/","title":{"rendered":"Miben k\u00fcl\u00f6nb\u00f6zik az Bitcoin rulett a hagyom\u00e1nyos kaszin\u00f3 rulett\u0151l?"},"content":{"rendered":"<p>Jogi nyilatkozat: A szerencsej\u00e1t\u00e9kok jelent\u0151s p\u00e9nz\u00fcgyi kock\u00e1zattal j\u00e1rnak. K\u00e9rj\u00fck, csak olyan p\u00e9nzzel j\u00e1tsszon, amelyet megengedheti mag\u00e1nak, hogy elvesz\u00edtsen. Az al\u00e1bbi inform\u00e1ci\u00f3k csak t\u00e1j\u00e9koztat\u00f3 jelleg\u0171ek. Jutal\u00e9kot kaphatunk, ha \u00d6n regisztr\u00e1l \u00e9s p\u00e9nzt vesz\u00edt az al\u00e1bbiak b\u00e1rmelyik\u00e9n\u00e9l <a href=\"https:\/\/coinkickoff.com\/hu\/bitcoin-casino\/\" data-internallinksmanager029f6b8e52c=\"200\" title=\"3 Legjobb Bitcoin kriptokazin\u00f3k b\u00f3nuszokkal\">kaszin\u00f3k<\/a>. Nem minden kaszin\u00f3 \u00e9rhet\u0151 el minden orsz\u00e1gban. Minden inform\u00e1ci\u00f3 a k\u00f6zz\u00e9t\u00e9tel id\u0151pontj\u00e1ban helyesnek v\u00e9lt\u00fck, de az\u00f3ta v\u00e1ltozhatott.<\/p>\n<div id=\"ez-toc-container\" class=\"ez-toc-v2_0_80 counter-hierarchy ez-toc-counter ez-toc-transparent ez-toc-container-direction\">\n<div class=\"ez-toc-title-container\">\n<p class=\"ez-toc-title\" style=\"cursor:inherit\">Szakaszok<\/p>\n<span class=\"ez-toc-title-toggle\"><a href=\"#\" class=\"ez-toc-pull-right ez-toc-btn ez-toc-btn-xs ez-toc-btn-default ez-toc-toggle\" aria-label=\"Toggle Tartalomjegyz\u00e9k\"><span class=\"ez-toc-js-icon-con\"><span class=\"\"><span class=\"eztoc-hide\" style=\"display:none;\">Toggle<\/span><span class=\"ez-toc-icon-toggle-span\"><svg style=\"fill: #999;color:#999\" xmlns=\"http:\/\/www.w3.org\/2000\/svg\" class=\"list-377408\" width=\"20px\" height=\"20px\" viewbox=\"0 0 24 24\" fill=\"none\"><path d=\"M6 6H4v2h2V6zm14 0H8v2h12V6zM4 11h2v2H4v-2zm16 0H8v2h12v-2zM4 16h2v2H4v-2zm16 0H8v2h12v-2z\" fill=\"currentColor\"><\/path><\/svg><svg style=\"fill: #999;color:#999\" class=\"arrow-unsorted-368013\" xmlns=\"http:\/\/www.w3.org\/2000\/svg\" width=\"10px\" height=\"10px\" viewbox=\"0 0 24 24\" version=\"1.2\" baseprofile=\"tiny\"><path d=\"M18.2 9.3l-6.2-6.3-6.2 6.3c-.2.2-.3.4-.3.7s.1.5.3.7c.2.2.4.3.7.3h11c.3 0 .5-.1.7-.3.2-.2.3-.5.3-.7s-.1-.5-.3-.7zM5.8 14.7l6.2 6.3 6.2-6.3c.2-.2.3-.5.3-.7s-.1-.5-.3-.7c-.2-.2-.4-.3-.7-.3h-11c-.3 0-.5.1-.7.3-.2.2-.3.5-.3.7s.1.5.3.7z\"\/><\/svg><\/span><\/span><\/span><\/a><\/span><\/div>\n<nav><ul class='ez-toc-list ez-toc-list-level-1 eztoc-toggle-hide-by-default' ><li class='ez-toc-page-1 ez-toc-heading-level-2'><a class=\"ez-toc-link ez-toc-heading-1\" href=\"https:\/\/coinkickoff.com\/hu\/bitcoin-casino\/how-is-bitcoin-roulette-different\/#Fundamentals_of_Bitcoin_Roulette\" >Az Bitcoin rulett alapjai<\/a><ul class='ez-toc-list-level-3' ><li class='ez-toc-heading-level-3'><a class=\"ez-toc-link ez-toc-heading-2\" href=\"https:\/\/coinkickoff.com\/hu\/bitcoin-casino\/how-is-bitcoin-roulette-different\/#Definition_and_Mechanism\" >Meghat\u00e1roz\u00e1s \u00e9s mechanizmus<\/a><\/li><li class='ez-toc-page-1 ez-toc-heading-level-3'><a class=\"ez-toc-link ez-toc-heading-3\" href=\"https:\/\/coinkickoff.com\/hu\/bitcoin-casino\/how-is-bitcoin-roulette-different\/#Basic_Rules_Comparison\" >Alapvet\u0151 szab\u00e1lyok \u00f6sszehasonl\u00edt\u00e1sa<\/a><\/li><\/ul><\/li><li class='ez-toc-page-1 ez-toc-heading-level-2'><a class=\"ez-toc-link ez-toc-heading-4\" href=\"https:\/\/coinkickoff.com\/hu\/bitcoin-casino\/how-is-bitcoin-roulette-different\/#Technological_Aspects\" >Technol\u00f3giai szempontok<\/a><ul class='ez-toc-list-level-3' ><li class='ez-toc-heading-level-3'><a class=\"ez-toc-link ez-toc-heading-5\" href=\"https:\/\/coinkickoff.com\/hu\/bitcoin-casino\/how-is-bitcoin-roulette-different\/#Software_and_Fairness\" >Szoftver \u00e9s m\u00e9lt\u00e1nyoss\u00e1g<\/a><\/li><li class='ez-toc-page-1 ez-toc-heading-level-3'><a class=\"ez-toc-link ez-toc-heading-6\" href=\"https:\/\/coinkickoff.com\/hu\/bitcoin-casino\/how-is-bitcoin-roulette-different\/#Transaction_Security_and_Anonymity\" >Tranzakci\u00f3biztons\u00e1g \u00e9s anonimit\u00e1s<\/a><\/li><\/ul><\/li><li class='ez-toc-page-1 ez-toc-heading-level-2'><a class=\"ez-toc-link ez-toc-heading-7\" href=\"https:\/\/coinkickoff.com\/hu\/bitcoin-casino\/how-is-bitcoin-roulette-different\/#Practical_Considerations\" >Gyakorlati megfontol\u00e1sok<\/a><ul class='ez-toc-list-level-3' ><li class='ez-toc-heading-level-3'><a class=\"ez-toc-link ez-toc-heading-8\" href=\"https:\/\/coinkickoff.com\/hu\/bitcoin-casino\/how-is-bitcoin-roulette-different\/#Accessibility_and_Jurisdiction\" >Hozz\u00e1f\u00e9rhet\u0151s\u00e9g \u00e9s joghat\u00f3s\u00e1g<\/a><\/li><li class='ez-toc-page-1 ez-toc-heading-level-3'><a class=\"ez-toc-link ez-toc-heading-9\" href=\"https:\/\/coinkickoff.com\/hu\/bitcoin-casino\/how-is-bitcoin-roulette-different\/#Payment_Processing_Times\" >Fizet\u00e9si feldolgoz\u00e1si id\u0151k<\/a><\/li><li class='ez-toc-page-1 ez-toc-heading-level-3'><a class=\"ez-toc-link ez-toc-heading-10\" href=\"https:\/\/coinkickoff.com\/hu\/bitcoin-casino\/how-is-bitcoin-roulette-different\/#Casino_Bonuses_and_Incentives\" >Kaszin\u00f3 b\u00f3nuszok \u00e9s \u00f6szt\u00f6nz\u0151k<\/a><\/li><\/ul><\/li><li class='ez-toc-page-1 ez-toc-heading-level-2'><a class=\"ez-toc-link ez-toc-heading-11\" href=\"https:\/\/coinkickoff.com\/hu\/bitcoin-casino\/how-is-bitcoin-roulette-different\/#Frequently_Asked_Questions\" >Gyakran ism\u00e9telt k\u00e9rd\u00e9sek<\/a><ul class='ez-toc-list-level-3' ><li class='ez-toc-heading-level-3'><a class=\"ez-toc-link ez-toc-heading-12\" href=\"https:\/\/coinkickoff.com\/hu\/bitcoin-casino\/how-is-bitcoin-roulette-different\/#What_are_the_distinctive_features_of_Bitcoin_roulette_compared_to_traditional_roulette\" >Mik az Bitcoin rulett megk\u00fcl\u00f6nb\u00f6ztet\u0151 jegyei a hagyom\u00e1nyos ruletthez k\u00e9pest?<\/a><\/li><li class='ez-toc-page-1 ez-toc-heading-level-3'><a class=\"ez-toc-link ez-toc-heading-13\" href=\"https:\/\/coinkickoff.com\/hu\/bitcoin-casino\/how-is-bitcoin-roulette-different\/#Can_you_use_Bitcoin_to_play_any_version_of_roulette\" >Haszn\u00e1lhatja az Bitcoin-t a rulett b\u00e1rmelyik v\u00e1ltozat\u00e1nak lej\u00e1tsz\u00e1s\u00e1hoz?<\/a><\/li><li class='ez-toc-page-1 ez-toc-heading-level-3'><a class=\"ez-toc-link ez-toc-heading-14\" href=\"https:\/\/coinkickoff.com\/hu\/bitcoin-casino\/how-is-bitcoin-roulette-different\/#What_advantages_do_Bitcoin_casinos_offer_for_roulette_players\" >Milyen el\u0151ny\u00f6ket k\u00edn\u00e1lnak az Bitcoin kaszin\u00f3k a rulettj\u00e1t\u00e9kosok sz\u00e1m\u00e1ra?<\/a><\/li><li class='ez-toc-page-1 ez-toc-heading-level-3'><a class=\"ez-toc-link ez-toc-heading-15\" href=\"https:\/\/coinkickoff.com\/hu\/bitcoin-casino\/how-is-bitcoin-roulette-different\/#How_does_the_integration_of_Bitcoin_affect_the_gameplay_of_roulette\" >Hogyan befoly\u00e1solja az Bitcoin integr\u00e1ci\u00f3ja a rulett j\u00e1t\u00e9kmenet\u00e9t?<\/a><\/li><li class='ez-toc-page-1 ez-toc-heading-level-3'><a class=\"ez-toc-link ez-toc-heading-16\" href=\"https:\/\/coinkickoff.com\/hu\/bitcoin-casino\/how-is-bitcoin-roulette-different\/#Are_there_any_unique_betting_options_available_in_Bitcoin_roulette\" >Vannak egyedi fogad\u00e1si lehet\u0151s\u00e9gek az Bitcoin rulettben?<\/a><\/li><li class='ez-toc-page-1 ez-toc-heading-level-3'><a class=\"ez-toc-link ez-toc-heading-17\" href=\"https:\/\/coinkickoff.com\/hu\/bitcoin-casino\/how-is-bitcoin-roulette-different\/#What_should_players_know_about_the_security_of_Bitcoin_roulette_games\" >Mit kell tudniuk a j\u00e1t\u00e9kosoknak az Bitcoin rulettj\u00e1t\u00e9kok biztons\u00e1g\u00e1r\u00f3l?<\/a><\/li><\/ul><\/li><\/ul><\/nav><\/div>\n<h2><span class=\"ez-toc-section\" id=\"Fundamentals_of_Bitcoin_Roulette\"><\/span>Az Bitcoin rulett alapjai<span class=\"ez-toc-section-end\"><\/span><\/h2>\n<p><img decoding=\"async\" src=\"https:\/\/coinkickoff.com\/wp-content\/uploads\/v2-3dgyd-6ia5o.jpg\" alt=\"\"><\/p>\n<p><a href=\"https:\/\/coinkickoff.com\/hu\/bitcoin-casino\/how-to-play-crypto-roulette\/\" data-internallinksmanager029f6b8e52c=\"206\" title=\"Hogyan j\u00e1tsszon kriptorulettet: A blokkl\u00e1nc fogad\u00e1sok \u00fatmutat\u00f3ja\">Bitcoin Rulett<\/a> ugyanazokkal az alapelvekkel m\u0171k\u00f6dik, mint a hagyom\u00e1nyos rulett, de a tranzakci\u00f3k sebess\u00e9g\u00e9t \u00e9s anonimit\u00e1s\u00e1t befoly\u00e1sol\u00f3 Bitcoin helyett fiat valut\u00e1val j\u00e1tszik.<\/p>\n<h3><span class=\"ez-toc-section\" id=\"Definition_and_Mechanism\"><\/span>Meghat\u00e1roz\u00e1s \u00e9s mechanizmus<span class=\"ez-toc-section-end\"><\/span><\/h3>\n<p>Az Bitcoin rulett a klasszikus kaszin\u00f3j\u00e1t\u00e9k digit\u00e1lis v\u00e1ltozata, amely Bitcoin-t haszn\u00e1l a fogad\u00e1sokhoz \u00e9s a tranzakci\u00f3khoz. A j\u00e1t\u00e9kosok arra fogadnak, hogy a goly\u00f3 hol fog landolni a sz\u00e1mozott \u00e9s sz\u00ednes r\u00e9szekre osztott forg\u00f3 ker\u00e9ken. A mechanizmus hasonl\u00f3 a hagyom\u00e1nyos ruletthez, a f\u0151 k\u00fcl\u00f6nbs\u00e9g a felhaszn\u00e1lt p\u00e9nznem. Az Bitcoin rulettben minden tranzakci\u00f3t a blokkl\u00e1ncon kereszt\u00fcl dolgoznak fel, ami \u00e1tl\u00e1that\u00f3s\u00e1got \u00e9s a csal\u00e1s val\u00f3sz\u00edn\u0171s\u00e9g\u00e9nek cs\u00f6kken\u00e9s\u00e9t biztos\u00edtja.<\/p>\n<ul>\n<li><strong>Tranzakci\u00f3 sebess\u00e9ge<\/strong>: Az Bitcoin-vel v\u00e9gzett tranzakci\u00f3k gyorsabbak, jellemz\u0151en n\u00e9h\u00e1ny percet vesznek ig\u00e9nybe.<\/li>\n<li><strong>Anonimit\u00e1s<\/strong>: A j\u00e1t\u00e9kosok meg\u0151rizhetik anonimit\u00e1sukat, mivel az Bitcoin tranzakci\u00f3khoz nincs sz\u00fcks\u00e9g szem\u00e9lyes adatokra.<\/li>\n<\/ul>\n<h3><span class=\"ez-toc-section\" id=\"Basic_Rules_Comparison\"><\/span>Alapvet\u0151 szab\u00e1lyok \u00f6sszehasonl\u00edt\u00e1sa<span class=\"ez-toc-section-end\"><\/span><\/h3>\n<p>Az Bitcoin rulett \u00e9s a hagyom\u00e1nyos rulett alapvet\u0151 szab\u00e1lyai alapvet\u0151en megegyeznek. A j\u00e1t\u00e9kosok egyetlen sz\u00e1mra, k\u00fcl\u00f6nb\u00f6z\u0151 sz\u00e1mcsoportokra, a piros vagy fekete sz\u00ednre, p\u00e1ratlan vagy p\u00e1ros, illetve magas (19-36) vagy alacsony (1-18) sz\u00e1mokra tehetnek t\u00e9tet.<\/p>\n<ul>\n<li><strong>Fogad\u00e1si lehet\u0151s\u00e9gek<\/strong>:\n<ul>\n<li><strong>Egyetlen sz\u00e1m<\/strong>: Magasabb kifizet\u00e9s; alacsonyabb es\u00e9lyek.<\/li>\n<li><strong>Csoport sz\u00e1mok<\/strong>: Sz\u00e1mklaszterekre tett fogad\u00e1sok; v\u00e1ltoz\u00f3 kifizet\u00e9sek.<\/li>\n<li><strong>Sz\u00ednek<\/strong>: Fogadjon a pirosra vagy a feket\u00e9re; majdnem 50\/50 es\u00e9ly.<\/li>\n<li><strong>P\u00e1ratlan vagy p\u00e1ros<\/strong>: Fogadjunk, hogy a sz\u00e1m p\u00e1ratlan vagy p\u00e1ros.<\/li>\n<li><strong>Magas vagy alacsony<\/strong>: Fogadjon magas (19-36) vagy alacsony (1-18) sz\u00e1mokra.<\/li>\n<\/ul>\n<\/li>\n<\/ul>\n<p>A szab\u00e1lyok egy\u00e9rtelm\u0171 megk\u00fcl\u00f6nb\u00f6ztet\u00e9se a valuta \u00e9s a lehets\u00e9ges kifizet\u00e9sek kezel\u00e9s\u00e9re vonatkozik. Az Bitcoin \u00e1rfolyam-ingadoz\u00e1sa befoly\u00e1solhatja a t\u00e9nyleges \u00e9rt\u00e9ket. <a href=\"https:\/\/coinkickoff.com\/hu\/bitcoin-casino\/cash-in-bitcoin-casino-winnings\/\" data-internallinksmanager029f6b8e52c=\"211\" title=\"Hogyan lehet bev\u00e1ltani az Bitcoin kaszin\u00f3 nyerem\u00e9nyeket: A Step-by-Step Guide\">nyerem\u00e9nyek<\/a> vagy vesztes\u00e9gek, \u00e9s a minim\u00e1lis \u00e9s maxim\u00e1lis t\u00e9tek a j\u00e1t\u00e9kt\u00f3l f\u00fcgg\u0151en v\u00e1ltozhatnak. <a href=\"https:\/\/coinkickoff.com\/hu\/bitcoin-casino\/what-is-a-bitcoin-casino\/\" data-internallinksmanager029f6b8e52c=\"201\" title=\"Mi az az Bitcoin kaszin\u00f3? A Crytpo fogad\u00e1si platformok meg\u00e9rt\u00e9se\">Bitcoin kaszin\u00f3<\/a>politik\u00e1j\u00e1t.<\/p>\n<h2><span class=\"ez-toc-section\" id=\"Technological_Aspects\"><\/span>Technol\u00f3giai szempontok<span class=\"ez-toc-section-end\"><\/span><\/h2>\n<p><img decoding=\"async\" src=\"https:\/\/coinkickoff.com\/wp-content\/uploads\/v2-3dgyu-2s6kd.jpg\" alt=\"\"><\/p>\n<p>Az Bitcoin rulett \u00e9s a hagyom\u00e1nyos rulett \u00f6sszehasonl\u00edt\u00e1sakor k\u00e9t kulcsfontoss\u00e1g\u00fa technol\u00f3giai szempont ker\u00fcl el\u0151t\u00e9rbe: a szoftver igazs\u00e1goss\u00e1g\u00e1t biztos\u00edt\u00f3 mechanizmusok \u00e9s a tranzakci\u00f3k biztons\u00e1g\u00e1t \u00e9s anonimit\u00e1s\u00e1t fenntart\u00f3 protokollok.<\/p>\n<h3><span class=\"ez-toc-section\" id=\"Software_and_Fairness\"><\/span>Szoftver \u00e9s m\u00e9lt\u00e1nyoss\u00e1g<span class=\"ez-toc-section-end\"><\/span><\/h3>\n<p>Az Bitcoin rulett j\u00e1t\u00e9kok a k\u00f6vetkez\u0151kre t\u00e1maszkodnak <strong>Bizony\u00edtottan tisztess\u00e9ges<\/strong> technol\u00f3gia, amely lehet\u0151v\u00e9 teszi a j\u00e1t\u00e9kosok sz\u00e1m\u00e1ra, hogy ellen\u0151rizz\u00e9k az egyes j\u00e1t\u00e9kok eredm\u00e9nyeit. Ez a rendszer kriptogr\u00e1fiai algoritmusokat haszn\u00e1l <strong>v\u00e9letlenszer\u0171 magok gener\u00e1l\u00e1sa<\/strong>\u00edgy biztos\u00edtva, hogy minden p\u00f6rget\u00e9s v\u00e9letlenszer\u0171 \u00e9s igazs\u00e1gos legyen. A j\u00e1t\u00e9kosok jellemz\u0151en egy <strong>ellen\u0151rz\u0151 eszk\u00f6z<\/strong> a kaszin\u00f3 \u00e1ltal biztos\u00edtott.<\/p>\n<ul>\n<li>V\u00e9letlensz\u00e1m-gener\u00e1l\u00e1s (RNG): Algoritmikusan kisz\u00e1m\u00edthatatlan eredm\u00e9nyeket hoz l\u00e9tre.<\/li>\n<li>Ellen\u0151rz\u0151 eszk\u00f6z\u00f6k: \u00c1tl\u00e1that\u00f3 \u00e9s ellen\u0151rizhet\u0151 j\u00e1t\u00e9keredm\u00e9nyeket k\u00edn\u00e1lnak.<\/li>\n<\/ul>\n<h3><span class=\"ez-toc-section\" id=\"Transaction_Security_and_Anonymity\"><\/span>Tranzakci\u00f3biztons\u00e1g \u00e9s anonimit\u00e1s<span class=\"ez-toc-section-end\"><\/span><\/h3>\n<p>Bitcoin tranzakci\u00f3k felhaszn\u00e1l\u00e1sa <strong>blokkl\u00e1nc technol\u00f3gia<\/strong>, amely a bet\u00e9teket \u00e9s a kifizet\u00e9seket egy megv\u00e1ltoztathatatlan <a href=\"https:\/\/coinkickoff.com\/hu\/what-is-ledger-wallet\/\" data-internallinksmanager029f6b8e52c=\"167\" title=\"Ledger Wallet V\u00e9lem\u00e9nyek 2023: D\u00edjak, jellemz\u0151k, biztons\u00e1g, el\u0151ny\u00f6k \u00e9s h\u00e1tr\u00e1nyok\">f\u0151k\u00f6nyv<\/a>, fokozza a biztons\u00e1got \u00e9s bizonyos fok\u00fa anonimit\u00e1st biztos\u00edt.<\/p>\n<ul>\n<li><strong>Biztons\u00e1g<\/strong>: A blokkl\u00e1nc-technol\u00f3gia \u00e1ltal v\u00e9dett, titkos\u00edtott tranzakci\u00f3k.<\/li>\n<li><strong>Anonimit\u00e1s<\/strong>: A hagyom\u00e1nyos fizet\u00e9si m\u00f3dokhoz k\u00e9pest kevesebb szem\u00e9lyes adat nyilv\u00e1noss\u00e1gra hozatala.<\/li>\n<\/ul>\n<table>\n<thead>\n<tr>\n<th>Aspect<\/th>\n<th>El\u0151ny<\/th>\n<\/tr>\n<\/thead>\n<tbody>\n<tr>\n<td>Titkos\u00edtott tranzakci\u00f3k<\/td>\n<td>Hozz\u00e1ad egy r\u00e9teg biztons\u00e1got a csal\u00e1s ellen<\/td>\n<\/tr>\n<tr>\n<td>Megv\u00e1ltoztathatatlan f\u0151k\u00f6nyv<\/td>\n<td>Biztos\u00edtja a tranzakci\u00f3k \u00e1lland\u00f3s\u00e1g\u00e1t \u00e9s nyomon k\u00f6vethet\u0151s\u00e9g\u00e9t.<\/td>\n<\/tr>\n<tr>\n<td>Cs\u00f6kkentett adatk\u00f6zl\u00e9s<\/td>\n<td>A j\u00e1t\u00e9kosok szem\u00e9lyes adatai kev\u00e9sb\u00e9 vannak kit\u00e9ve<\/td>\n<\/tr>\n<\/tbody>\n<\/table>\n<h2><span class=\"ez-toc-section\" id=\"Practical_Considerations\"><\/span>Gyakorlati megfontol\u00e1sok<span class=\"ez-toc-section-end\"><\/span><\/h2>\n<p><img decoding=\"async\" src=\"https:\/\/coinkickoff.com\/wp-content\/uploads\/v2-3dgz8-pee1q.jpg\" alt=\"\"><\/p>\n<p>Az Bitcoin rulett haszn\u00e1lat\u00e1val kapcsolatban a felhaszn\u00e1l\u00f3knak figyelembe kell venni\u00fck a hozz\u00e1f\u00e9rhet\u0151s\u00e9g, a feldolgoz\u00e1si id\u0151 \u00e9s a k\u00edn\u00e1lt egyedi b\u00f3nuszok k\u00f6z\u00f6tti k\u00fcl\u00f6nbs\u00e9geket, amelyek elt\u00e9rnek a hagyom\u00e1nyos rulett-\u00e9lm\u00e9nyekt\u0151l.<\/p>\n<h3><span class=\"ez-toc-section\" id=\"Accessibility_and_Jurisdiction\"><\/span>Hozz\u00e1f\u00e9rhet\u0151s\u00e9g \u00e9s joghat\u00f3s\u00e1g<span class=\"ez-toc-section-end\"><\/span><\/h3>\n<p>Az Bitcoin rulett gyakran el\u00e9rhet\u0151 olyan orsz\u00e1gokban, ahol az online szerencsej\u00e1t\u00e9kok korl\u00e1tozottak, vagy ahol a hagyom\u00e1nyos fizet\u00e9si m\u00f3dok nem lehets\u00e9gesek. <strong>Kriptovaluta<\/strong> mint m\u00e9dium sz\u00e1mos szab\u00e1lyoz\u00e1si korl\u00e1toz\u00e1st megker\u00fcl, \u00edgy sz\u00e9lesebb k\u00f6rben hozz\u00e1f\u00e9rhet\u0151v\u00e9 teszi. A felhaszn\u00e1l\u00f3knak azonban tiszt\u00e1ban kell lenni\u00fck a helyi t\u00f6rv\u00e9nyekkel, mivel a kriptovalut\u00e1kkal t\u00f6rt\u00e9n\u0151 szerencsej\u00e1t\u00e9kok jogszer\u0171s\u00e9ge r\u00e9gi\u00f3nk\u00e9nt jelent\u0151sen elt\u00e9rhet.<\/p>\n<h3><span class=\"ez-toc-section\" id=\"Payment_Processing_Times\"><\/span>Fizet\u00e9si feldolgoz\u00e1si id\u0151k<span class=\"ez-toc-section-end\"><\/span><\/h3>\n<ul>\n<li><strong>Bitcoin Bet\u00e9tek:<\/strong> \u00c1ltal\u00e1ban azonnal vagy perceken bel\u00fcl.<\/li>\n<li><strong>Bitcoin Visszavon\u00e1sok:<\/strong> Percekt\u0151l t\u00f6bb \u00f3r\u00e1ig terjedhet.<\/li>\n<li><strong>Hagyom\u00e1nyos banki m\u00f3dszerek:<\/strong> Gyakran t\u00f6bb napot vesz ig\u00e9nybe mind a befizet\u00e9sek, mind a kifizet\u00e9sek.<\/li>\n<\/ul>\n<p>Az Bitcoin haszn\u00e1lata dr\u00e1maian cs\u00f6kkentheti az online szerencsej\u00e1t\u00e9kok fizet\u00e9si folyamataihoz kapcsol\u00f3d\u00f3 v\u00e1rakoz\u00e1si id\u0151t. A j\u00e1t\u00e9kosok a hagyom\u00e1nyos fizet\u00e9si m\u00f3dokhoz k\u00e9pest gyakran hamarabb kezdhetnek el j\u00e1tszani, \u00e9s gyorsabban felvehetik nyerem\u00e9nyeiket.<\/p>\n<h3><span class=\"ez-toc-section\" id=\"Casino_Bonuses_and_Incentives\"><\/span>Kaszin\u00f3 b\u00f3nuszok \u00e9s \u00f6szt\u00f6nz\u0151k<span class=\"ez-toc-section-end\"><\/span><\/h3>\n<ul>\n<li><strong>\u00dcdv\u00f6zl\u0151 b\u00f3nuszok:<\/strong> Sok Bitcoin kaszin\u00f3 jelent\u0151s \u00fcdv\u00f6zl\u0151 b\u00f3nuszokat k\u00edn\u00e1l az \u00faj j\u00e1t\u00e9kosoknak.<\/li>\n<li><strong>H\u0171s\u00e9gjutalmak:<\/strong> A rendszeres felhaszn\u00e1l\u00f3knak ny\u00fajtott el\u0151ny\u00f6k gyakran magasabb b\u00f3nuszokat vagy VIP-kezel\u00e9st tartalmaznak.<\/li>\n<li><strong>Exkluz\u00edv prom\u00f3ci\u00f3k:<\/strong> Egyes kaszin\u00f3k kifejezetten az Bitcoin felhaszn\u00e1l\u00f3kra szabott prom\u00f3ci\u00f3kat k\u00edn\u00e1lnak.<\/li>\n<\/ul>\n<p>Az Bitcoin rulett platformok a hagyom\u00e1nyos online kaszin\u00f3khoz k\u00e9pest b\u0151kez\u0171bb b\u00f3nuszokat \u00e9s \u00f6szt\u00f6nz\u0151ket k\u00edn\u00e1lhatnak. Ezeket a b\u00f3nuszokat \u00fagy tervezt\u00e9k, hogy vonzz\u00e1k \u00e9s megtarts\u00e1k azokat a j\u00e1t\u00e9kosokat, akik a kriptop\u00e9nz haszn\u00e1lat\u00e1t r\u00e9szes\u00edtik el\u0151nyben. Fontos, hogy a j\u00e1t\u00e9kosok elolvass\u00e1k az ezekkel a b\u00f3nuszokkal kapcsolatos felt\u00e9teleket, hogy teljes m\u00e9rt\u00e9kben meg\u00e9rts\u00e9k, hogyan lehet azokat felhaszn\u00e1lni.<\/p>\n<h2><span class=\"ez-toc-section\" id=\"Frequently_Asked_Questions\"><\/span>Gyakran ism\u00e9telt k\u00e9rd\u00e9sek<span class=\"ez-toc-section-end\"><\/span><\/h2>\n<p><img decoding=\"async\" src=\"https:\/\/coinkickoff.com\/wp-content\/uploads\/v2-3dgzp-ju7x7.jpg\" alt=\"\"><\/p>\n<p>Ez a szakasz az Bitcoin rulett \u00e9s a hagyom\u00e1nyos rulett k\u00f6z\u00f6tti k\u00fcl\u00f6nbs\u00e9gekkel kapcsolatos gyakori k\u00e9rd\u00e9sekre v\u00e1laszol, a k\u00e9rd\u00e9s tiszt\u00e1z\u00e1s\u00e1ra t\u00f6rekv\u0151 j\u00e1t\u00e9kosok sz\u00e1m\u00e1ra.<\/p>\n<h3><span class=\"ez-toc-section\" id=\"What_are_the_distinctive_features_of_Bitcoin_roulette_compared_to_traditional_roulette\"><\/span>Mik az Bitcoin rulett megk\u00fcl\u00f6nb\u00f6ztet\u0151 jegyei a hagyom\u00e1nyos ruletthez k\u00e9pest?<span class=\"ez-toc-section-end\"><\/span><\/h3>\n<p>Az Bitcoin rulett j\u00e1t\u00e9kmenet\u00e9t tekintve a hagyom\u00e1nyos ruletthez hasonl\u00f3an m\u0171k\u00f6dik. Az els\u0151dleges k\u00fcl\u00f6nbs\u00e9g az Bitcoin p\u00e9nznemben rejlik, amely gyakran gyorsabb tranzakci\u00f3s id\u0151t \u00e9s nagyobb anonimit\u00e1st biztos\u00edt a j\u00e1t\u00e9kosok sz\u00e1m\u00e1ra.<\/p>\n<h3><span class=\"ez-toc-section\" id=\"Can_you_use_Bitcoin_to_play_any_version_of_roulette\"><\/span>Haszn\u00e1lhatja az Bitcoin-t a rulett b\u00e1rmelyik v\u00e1ltozat\u00e1nak lej\u00e1tsz\u00e1s\u00e1hoz?<span class=\"ez-toc-section-end\"><\/span><\/h3>\n<p>A legt\u00f6bb Bitcoin kaszin\u00f3 t\u00f6bbf\u00e9le rulettv\u00e1ltozatot k\u00edn\u00e1l, bele\u00e9rtve az amerikai, az eur\u00f3pai \u00e9s a francia rulettet. A j\u00e1t\u00e9kosok a kaszin\u00f3 k\u00edn\u00e1lat\u00e1t\u00f3l f\u00fcgg\u0151en ezekben a k\u00fcl\u00f6nb\u00f6z\u0151 verzi\u00f3kban is elhelyezhetnek t\u00e9teket az Bitcoin seg\u00edts\u00e9g\u00e9vel.<\/p>\n<h3><span class=\"ez-toc-section\" id=\"What_advantages_do_Bitcoin_casinos_offer_for_roulette_players\"><\/span>Milyen el\u0151ny\u00f6ket k\u00edn\u00e1lnak az Bitcoin kaszin\u00f3k a rulettj\u00e1t\u00e9kosok sz\u00e1m\u00e1ra?<span class=\"ez-toc-section-end\"><\/span><\/h3>\n<p>Az Bitcoin kaszin\u00f3k gyakran olyan el\u0151ny\u00f6ket biztos\u00edtanak a j\u00e1t\u00e9kosoknak, mint az alacsonyabb tranzakci\u00f3s d\u00edjak, a bizony\u00edtottan tisztess\u00e9ges j\u00e1t\u00e9k, valamint a szem\u00e9lyes p\u00e9nz\u00fcgyi adatok megad\u00e1sa n\u00e9lk\u00fcl j\u00e1tszhatnak \u00e9s vehetnek ki p\u00e9nzt.<\/p>\n<h3><span class=\"ez-toc-section\" id=\"How_does_the_integration_of_Bitcoin_affect_the_gameplay_of_roulette\"><\/span>Hogyan befoly\u00e1solja az Bitcoin integr\u00e1ci\u00f3ja a rulett j\u00e1t\u00e9kmenet\u00e9t?<span class=\"ez-toc-section-end\"><\/span><\/h3>\n<p>Az Bitcoin integr\u00e1l\u00e1sa jellemz\u0151en nem v\u00e1ltoztatja meg a rulett alapvet\u0151 j\u00e1t\u00e9kmenet\u00e9t. Lehet\u0151v\u00e9 teheti azonban a gyorsabb fogad\u00e1si \u00e9s bev\u00e1lt\u00e1si folyamatokat, n\u00f6velve ezzel a j\u00e1t\u00e9k \u00e1ltal\u00e1nos temp\u00f3j\u00e1t.<\/p>\n<h3><span class=\"ez-toc-section\" id=\"Are_there_any_unique_betting_options_available_in_Bitcoin_roulette\"><\/span>Vannak egyedi fogad\u00e1si lehet\u0151s\u00e9gek az Bitcoin rulettben?<span class=\"ez-toc-section-end\"><\/span><\/h3>\n<p>Az Bitcoin rulett \u00e1ltal\u00e1ban ugyanazokat a fogad\u00e1si lehet\u0151s\u00e9geket k\u00edn\u00e1lja, mint a hagyom\u00e1nyos rulett. N\u00e9h\u00e1ny Bitcoin kaszin\u00f3 azonban egyedi prom\u00f3ci\u00f3kat vagy fogad\u00e1sokat vezethet be, hogy a kriptovaluta-rajong\u00f3k sz\u00e9lesebb k\u00f6z\u00f6ns\u00e9g\u00e9t vonzza.<\/p>\n<h3><span class=\"ez-toc-section\" id=\"What_should_players_know_about_the_security_of_Bitcoin_roulette_games\"><\/span>Mit kell tudniuk a j\u00e1t\u00e9kosoknak az Bitcoin rulettj\u00e1t\u00e9kok biztons\u00e1g\u00e1r\u00f3l?<span class=\"ez-toc-section-end\"><\/span><\/h3>\n<p>Az Bitcoin rulett biztons\u00e1ga az Bitcoin m\u00f6g\u00f6tt \u00e1ll\u00f3 kriptogr\u00e1fiai technol\u00f3gia robusztuss\u00e1g\u00e1t\u00f3l \u00e9s az egyes kaszin\u00f3k \u00e1ltal bevezetett biztons\u00e1gi int\u00e9zked\u00e9sekt\u0151l f\u00fcgg. A j\u00e1t\u00e9kosok sz\u00e1m\u00e1ra l\u00e9tfontoss\u00e1g\u00fa, hogy meggy\u0151z\u0151djenek a kaszin\u00f3 hiteless\u00e9g\u00e9r\u0151l \u00e9s a j\u00e1t\u00e9kok tisztess\u00e9gess\u00e9g\u00e9r\u0151l.<\/p>","protected":false},"excerpt":{"rendered":"<p>Jogi nyilatkozat: A szerencsej\u00e1t\u00e9kok jelent\u0151s p\u00e9nz\u00fcgyi kock\u00e1zattal j\u00e1rnak. K\u00e9rj\u00fck, csak olyan p\u00e9nzzel j\u00e1tsszon, amelyet megengedheti mag\u00e1nak, hogy elvesz\u00edtsen. Az al\u00e1bbi inform\u00e1ci\u00f3k csak t\u00e1j\u00e9koztat\u00f3 jelleg\u0171ek. Jutal\u00e9kot kaphatunk, ha \u00d6n regisztr\u00e1l \u00e9s p\u00e9nzt vesz\u00edt az al\u00e1bbi kaszin\u00f3k b\u00e1rmelyik\u00e9ben. Nem minden kaszin\u00f3 \u00e9rhet\u0151 el minden orsz\u00e1gban. Minden inform\u00e1ci\u00f3, amit [...]<\/p>","protected":false},"author":1,"featured_media":4599,"parent":4440,"menu_order":0,"comment_status":"closed","ping_status":"closed","template":"","meta":{"_genesis_hide_title":false,"_genesis_hide_breadcrumbs":false,"_genesis_hide_singular_image":false,"_genesis_hide_footer_widgets":false,"_genesis_custom_body_class":"","_genesis_custom_post_class":"","_genesis_layout":"","_glsr_average":0,"_glsr_ranking":0,"_glsr_reviews":0,"footnotes":""},"class_list":{"0":"post-4595","1":"page","2":"type-page","3":"status-publish","4":"has-post-thumbnail","6":"entry"},"featured_image_src":"https:\/\/coinkickoff.com\/wp-content\/uploads\/v2-3dgz8-pee1q-600x400.jpg","featured_image_src_square":"https:\/\/coinkickoff.com\/wp-content\/uploads\/v2-3dgz8-pee1q-600x600.jpg","_links":{"self":[{"href":"https:\/\/coinkickoff.com\/hu\/wp-json\/wp\/v2\/pages\/4595","targetHints":{"allow":["GET"]}}],"collection":[{"href":"https:\/\/coinkickoff.com\/hu\/wp-json\/wp\/v2\/pages"}],"about":[{"href":"https:\/\/coinkickoff.com\/hu\/wp-json\/wp\/v2\/types\/page"}],"author":[{"embeddable":true,"href":"https:\/\/coinkickoff.com\/hu\/wp-json\/wp\/v2\/users\/1"}],"replies":[{"embeddable":true,"href":"https:\/\/coinkickoff.com\/hu\/wp-json\/wp\/v2\/comments?post=4595"}],"version-history":[{"count":3,"href":"https:\/\/coinkickoff.com\/hu\/wp-json\/wp\/v2\/pages\/4595\/revisions"}],"predecessor-version":[{"id":4602,"href":"https:\/\/coinkickoff.com\/hu\/wp-json\/wp\/v2\/pages\/4595\/revisions\/4602"}],"up":[{"embeddable":true,"href":"https:\/\/coinkickoff.com\/hu\/wp-json\/wp\/v2\/pages\/4440"}],"wp:featuredmedia":[{"embeddable":true,"href":"https:\/\/coinkickoff.com\/hu\/wp-json\/wp\/v2\/media\/4599"}],"wp:attachment":[{"href":"https:\/\/coinkickoff.com\/hu\/wp-json\/wp\/v2\/media?parent=4595"}],"curies":[{"name":"wp","href":"https:\/\/api.w.org\/{rel}","templated":true}]}}