{"id":4239,"date":"2026-01-08T14:07:08","date_gmt":"2026-01-08T14:07:08","guid":{"rendered":"https:\/\/coinkickoff.com\/?page_id=4239"},"modified":"2026-01-08T14:07:08","modified_gmt":"2026-01-08T14:07:08","slug":"how-to-buy-polkadot-on-kucoin","status":"publish","type":"page","link":"https:\/\/coinkickoff.com\/hu\/how-to-buy-polkadot\/how-to-buy-polkadot-on-kucoin\/","title":{"rendered":"Hogyan v\u00e1s\u00e1rolhat Polkadot-t a Kucoin oldalon?"},"content":{"rendered":"<div id=\"ez-toc-container\" class=\"ez-toc-v2_0_80 counter-hierarchy ez-toc-counter ez-toc-transparent ez-toc-container-direction\">\n<div class=\"ez-toc-title-container\">\n<p class=\"ez-toc-title\" style=\"cursor:inherit\">Szakaszok<\/p>\n<span class=\"ez-toc-title-toggle\"><a href=\"#\" class=\"ez-toc-pull-right ez-toc-btn ez-toc-btn-xs ez-toc-btn-default ez-toc-toggle\" aria-label=\"Toggle Tartalomjegyz\u00e9k\"><span class=\"ez-toc-js-icon-con\"><span class=\"\"><span class=\"eztoc-hide\" style=\"display:none;\">Toggle<\/span><span class=\"ez-toc-icon-toggle-span\"><svg style=\"fill: #999;color:#999\" xmlns=\"http:\/\/www.w3.org\/2000\/svg\" class=\"list-377408\" width=\"20px\" height=\"20px\" viewbox=\"0 0 24 24\" fill=\"none\"><path d=\"M6 6H4v2h2V6zm14 0H8v2h12V6zM4 11h2v2H4v-2zm16 0H8v2h12v-2zM4 16h2v2H4v-2zm16 0H8v2h12v-2z\" fill=\"currentColor\"><\/path><\/svg><svg style=\"fill: #999;color:#999\" class=\"arrow-unsorted-368013\" xmlns=\"http:\/\/www.w3.org\/2000\/svg\" width=\"10px\" height=\"10px\" viewbox=\"0 0 24 24\" version=\"1.2\" baseprofile=\"tiny\"><path d=\"M18.2 9.3l-6.2-6.3-6.2 6.3c-.2.2-.3.4-.3.7s.1.5.3.7c.2.2.4.3.7.3h11c.3 0 .5-.1.7-.3.2-.2.3-.5.3-.7s-.1-.5-.3-.7zM5.8 14.7l6.2 6.3 6.2-6.3c.2-.2.3-.5.3-.7s-.1-.5-.3-.7c-.2-.2-.4-.3-.7-.3h-11c-.3 0-.5.1-.7.3-.2.2-.3.5-.3.7s.1.5.3.7z\"\/><\/svg><\/span><\/span><\/span><\/a><\/span><\/div>\n<nav><ul class='ez-toc-list ez-toc-list-level-1 eztoc-toggle-hide-by-default' ><li class='ez-toc-page-1 ez-toc-heading-level-2'><a class=\"ez-toc-link ez-toc-heading-1\" href=\"https:\/\/coinkickoff.com\/hu\/how-to-buy-polkadot\/how-to-buy-polkadot-on-kucoin\/#How_to_Buy_Polkadot_on_Kucoin\" >Hogyan v\u00e1s\u00e1rolhat Polkadot-t a Kucoin oldalon?<\/a><\/li><li class='ez-toc-page-1 ez-toc-heading-level-2'><a class=\"ez-toc-link ez-toc-heading-2\" href=\"https:\/\/coinkickoff.com\/hu\/how-to-buy-polkadot\/how-to-buy-polkadot-on-kucoin\/#A_Step-By-Step_Guide_on_How_to_Buy_Polkadot_on_Kucoin\" >L\u00e9p\u00e9sr\u0151l l\u00e9p\u00e9sre \u00fatmutat\u00f3 az Polkadot megv\u00e1s\u00e1rl\u00e1s\u00e1hoz a Kucoin oldalon<\/a><ul class='ez-toc-list-level-3' ><li class='ez-toc-heading-level-3'><a class=\"ez-toc-link ez-toc-heading-3\" href=\"https:\/\/coinkickoff.com\/hu\/how-to-buy-polkadot\/how-to-buy-polkadot-on-kucoin\/#1_Register_an_Account\" >1. Regisztr\u00e1ljon egy fi\u00f3kot<\/a><\/li><li class='ez-toc-page-1 ez-toc-heading-level-3'><a class=\"ez-toc-link ez-toc-heading-4\" href=\"https:\/\/coinkickoff.com\/hu\/how-to-buy-polkadot\/how-to-buy-polkadot-on-kucoin\/#2_Verify_Your_Account\" >2. Ellen\u0151rizze a fi\u00f3kj\u00e1t<\/a><\/li><li class='ez-toc-page-1 ez-toc-heading-level-3'><a class=\"ez-toc-link ez-toc-heading-5\" href=\"https:\/\/coinkickoff.com\/hu\/how-to-buy-polkadot\/how-to-buy-polkadot-on-kucoin\/#3_Deposit_Crypto\" >3. Deposit Crypto<\/a><\/li><li class='ez-toc-page-1 ez-toc-heading-level-3'><a class=\"ez-toc-link ez-toc-heading-6\" href=\"https:\/\/coinkickoff.com\/hu\/how-to-buy-polkadot\/how-to-buy-polkadot-on-kucoin\/#4_Navigate_to_the_Relevant_Screen_to_Buy\" >4. Navig\u00e1ljon a megfelel\u0151 k\u00e9perny\u0151re a v\u00e1s\u00e1rl\u00e1shoz<\/a><ul class='ez-toc-list-level-4' ><li class='ez-toc-heading-level-4'><a class=\"ez-toc-link ez-toc-heading-7\" href=\"https:\/\/coinkickoff.com\/hu\/how-to-buy-polkadot\/how-to-buy-polkadot-on-kucoin\/#Fast_Trade\" >Gyors kereskedelem<\/a><\/li><li class='ez-toc-page-1 ez-toc-heading-level-4'><a class=\"ez-toc-link ez-toc-heading-8\" href=\"https:\/\/coinkickoff.com\/hu\/how-to-buy-polkadot\/how-to-buy-polkadot-on-kucoin\/#Third-Party\" >Harmadik f\u00e9l<\/a><\/li><li class='ez-toc-page-1 ez-toc-heading-level-4'><a class=\"ez-toc-link ez-toc-heading-9\" href=\"https:\/\/coinkickoff.com\/hu\/how-to-buy-polkadot\/how-to-buy-polkadot-on-kucoin\/#How_to_Buy_Polkadot_with_Crypto\" >Hogyan v\u00e1s\u00e1rolhat Polkadot-t kriptovalut\u00e1val?<\/a><\/li><\/ul><\/li><\/ul><\/li><\/ul><\/nav><\/div>\n<h2><span class=\"ez-toc-section\" id=\"How_to_Buy_Polkadot_on_Kucoin\"><\/span><span style=\"font-weight: 400;\">Hogyan v\u00e1s\u00e1rolhat Polkadot-t a Kucoin oldalon?<\/span><span class=\"ez-toc-section-end\"><\/span><\/h2>\n<p><span style=\"font-weight: 400;\">Hogyan v\u00e1s\u00e1rolhat <a href=\"https:\/\/coinkickoff.com\/hu\/pottyos-pottyos\/\" data-internallinksmanager029f6b8e52c=\"12\" title=\"Mi az az Polkadot (DOT)? Hogyan m\u0171k\u00f6dik \u00e9s hol lehet megv\u00e1s\u00e1rolni?\">Polkadot<\/a> a  oldalon <a href=\"https:\/\/coinkickoff.com\/hu\/kucoin-review\/\" data-internallinksmanager029f6b8e52c=\"153\" title=\"KuCoin V\u00e9lem\u00e9nyek 2023: Pro \u00e9s kontra: D\u00edjak, biztons\u00e1g, Pro \u00e9s kontra\">Kucoin<\/a>, k\u00e9rdezi? Nagyon sokf\u00e9lek\u00e9ppen! \u00cdme egy \u00fatmutat\u00f3 arr\u00f3l, hogyan v\u00e1s\u00e1rolhat DOT a Kucoin-en fiat p\u00e9nzzel \u00e9s\/vagy digit\u00e1lis valut\u00e1kkal.<\/span><\/p>\n<h2><span class=\"ez-toc-section\" id=\"A_Step-By-Step_Guide_on_How_to_Buy_Polkadot_on_Kucoin\"><\/span><span style=\"font-weight: 400;\">L\u00e9p\u00e9sr\u0151l l\u00e9p\u00e9sre \u00fatmutat\u00f3 az Polkadot megv\u00e1s\u00e1rl\u00e1s\u00e1hoz a Kucoin oldalon<\/span><span class=\"ez-toc-section-end\"><\/span><\/h2>\n<h3><span class=\"ez-toc-section\" id=\"1_Register_an_Account\"><\/span><span style=\"font-weight: 400;\">1. Regisztr\u00e1ljon egy fi\u00f3kot<\/span><span class=\"ez-toc-section-end\"><\/span><\/h3>\n<p><img loading=\"lazy\" decoding=\"async\" class=\"alignnone wp-image-3269 size-full\" src=\"https:\/\/coinkickoff.com\/wp-content\/uploads\/kucoin-register.png\" alt=\"v\u00e1s\u00e1rolni doge a kucoin regiszteren\" width=\"1421\" height=\"788\" srcset=\"https:\/\/coinkickoff.com\/wp-content\/uploads\/kucoin-register.png 1421w, https:\/\/coinkickoff.com\/wp-content\/uploads\/kucoin-register-300x166.png 300w, https:\/\/coinkickoff.com\/wp-content\/uploads\/kucoin-register-1024x568.png 1024w, https:\/\/coinkickoff.com\/wp-content\/uploads\/kucoin-register-768x426.png 768w, https:\/\/coinkickoff.com\/wp-content\/uploads\/kucoin-register-18x10.png 18w\" sizes=\"auto, (max-width: 1421px) 100vw, 1421px\" \/><\/p>\n<p><span style=\"font-weight: 400;\">Kezdje egy ingyenes <\/span><a href=\"https:\/\/www.kucoin.com\/r\/af\/rMJPV3B\" target=\"_blank\" rel=\"noopener\"><span style=\"font-weight: 400;\">Kucoin<\/span><\/a><span style=\"font-weight: 400;\"> sz\u00e1mla.\u00a0<\/span><\/p>\n<h3><span class=\"ez-toc-section\" id=\"2_Verify_Your_Account\"><\/span><span style=\"font-weight: 400;\">2. Ellen\u0151rizze a fi\u00f3kj\u00e1t<\/span><span class=\"ez-toc-section-end\"><\/span><\/h3>\n<p><span style=\"font-weight: 400;\">Ezt a l\u00e9p\u00e9st kihagyhatja, ha az Polkadot-t m\u00e1s kriptovalut\u00e1kkal k\u00edv\u00e1nja megv\u00e1s\u00e1rolni.\u00a0<\/span><\/p>\n<p><span style=\"font-weight: 400;\">Ha fiatp\u00e9nzt (nemzeti valut\u00e1kat, p\u00e9ld\u00e1ul USD, AUD, EUR, GBP, stb.) szeretne haszn\u00e1lni, igazolnia kell a sz\u00e1ml\u00e1j\u00e1t.\u00a0\u00a0<\/span><\/p>\n<p><span style=\"font-weight: 400;\">Kattintson a felhaszn\u00e1l\u00f3nev\u00e9re a felhaszn\u00e1l\u00f3i profilj\u00e1hoz. Ezut\u00e1n kattintson a \"Szem\u00e9lyazonoss\u00e1g ellen\u0151rz\u00e9se\" f\u00fclre.<\/span><\/p>\n<p><img loading=\"lazy\" decoding=\"async\" class=\"alignnone wp-image-3272 size-full\" src=\"https:\/\/coinkickoff.com\/wp-content\/uploads\/kucoin-identity-verification.png\" alt=\"kucoin azonos\u00edt\u00f3 ellen\u0151rz\u00e9se 1\" width=\"1420\" height=\"785\" srcset=\"https:\/\/coinkickoff.com\/wp-content\/uploads\/kucoin-identity-verification.png 1420w, https:\/\/coinkickoff.com\/wp-content\/uploads\/kucoin-identity-verification-300x166.png 300w, https:\/\/coinkickoff.com\/wp-content\/uploads\/kucoin-identity-verification-1024x566.png 1024w, https:\/\/coinkickoff.com\/wp-content\/uploads\/kucoin-identity-verification-768x425.png 768w, https:\/\/coinkickoff.com\/wp-content\/uploads\/kucoin-identity-verification-18x10.png 18w\" sizes=\"auto, (max-width: 1420px) 100vw, 1420px\" \/><\/p>\n<p><span style=\"font-weight: 400;\">M\u00e1r hozz\u00e1f\u00e9rhet az \u00f6sszes alapfunkci\u00f3hoz, bele\u00e9rtve a kriptokereskedelmet is. A fejlett funkci\u00f3k el\u00e9r\u00e9s\u00e9vel nagyobb mennyis\u00e9g\u0171 kriptoval kereskedhet \u00e9s vehet ki nagyobb mennyis\u00e9g\u0171 kript\u00f3t, emellett kript\u00f3t is v\u00e1s\u00e1rolhat fiat p\u00e9nzzel. <\/span><\/p>\n<p><img loading=\"lazy\" decoding=\"async\" class=\"alignnone wp-image-3270 size-full\" src=\"https:\/\/coinkickoff.com\/wp-content\/uploads\/kucoin-id-verification-2.png\" alt=\"kucoin szem\u00e9lyazonoss\u00e1g ellen\u0151rz\u00e9se 2\" width=\"1407\" height=\"706\" srcset=\"https:\/\/coinkickoff.com\/wp-content\/uploads\/kucoin-id-verification-2.png 1407w, https:\/\/coinkickoff.com\/wp-content\/uploads\/kucoin-id-verification-2-300x151.png 300w, https:\/\/coinkickoff.com\/wp-content\/uploads\/kucoin-id-verification-2-1024x514.png 1024w, https:\/\/coinkickoff.com\/wp-content\/uploads\/kucoin-id-verification-2-768x385.png 768w, https:\/\/coinkickoff.com\/wp-content\/uploads\/kucoin-id-verification-2-18x9.png 18w\" sizes=\"auto, (max-width: 1407px) 100vw, 1407px\" \/><\/p>\n<p><span style=\"font-weight: 400;\">K\u00e9sz\u00edtsen hivatalos szem\u00e9lyazonos\u00edt\u00f3 okm\u00e1nyt, p\u00e9ld\u00e1ul \u00fatlevelet vagy jogos\u00edtv\u00e1nyt. Az ellen\u0151rz\u00e9si folyamat meglehet\u0151sen r\u00f6vid, \u00e9s csak n\u00e9h\u00e1ny percet vesz ig\u00e9nybe. <\/span><\/p>\n<p><img loading=\"lazy\" decoding=\"async\" class=\"alignnone wp-image-3271 size-full\" src=\"https:\/\/coinkickoff.com\/wp-content\/uploads\/kucoin-id-verification-3.png\" alt=\"kucoin azonos\u00edt\u00f3 ellen\u0151rz\u00e9se 3 \" width=\"1412\" height=\"789\" srcset=\"https:\/\/coinkickoff.com\/wp-content\/uploads\/kucoin-id-verification-3.png 1412w, https:\/\/coinkickoff.com\/wp-content\/uploads\/kucoin-id-verification-3-300x168.png 300w, https:\/\/coinkickoff.com\/wp-content\/uploads\/kucoin-id-verification-3-1024x572.png 1024w, https:\/\/coinkickoff.com\/wp-content\/uploads\/kucoin-id-verification-3-768x429.png 768w, https:\/\/coinkickoff.com\/wp-content\/uploads\/kucoin-id-verification-3-18x10.png 18w\" sizes=\"auto, (max-width: 1412px) 100vw, 1412px\" \/><\/p>\n<p><span style=\"font-weight: 400;\">T\u00f6ltse ki az adatlapot, \u00e9s gy\u0151z\u0151dj\u00f6n meg arr\u00f3l, hogy szem\u00e9lyes adatai megegyeznek a hivatalos szem\u00e9lyi igazolv\u00e1ny\u00e1n szerepl\u0151 adatokkal. Kattintson a \"Tov\u00e1bb\" gombra. A l\u00e9p\u00e9s befejez\u00e9s\u00e9hez fel kell t\u00f6ltenie egy f\u00e9nyk\u00e9pet a szem\u00e9lyazonos\u00edt\u00f3 okm\u00e1ny\u00e1r\u00f3l, \u00e9s be kell k\u00fcldenie az arck\u00e9pes ellen\u0151rz\u00e9sre.<\/span><\/p>\n<h3><span class=\"ez-toc-section\" id=\"3_Deposit_Crypto\"><\/span><span style=\"font-weight: 400;\">3. Deposit Crypto<\/span><span class=\"ez-toc-section-end\"><\/span><\/h3>\n<p><span style=\"font-weight: 400;\">Mint m\u00e1r eml\u00edtett\u00fck, v\u00e1s\u00e1rolhat Polkadot a Kucoin m\u00e1s digit\u00e1lis valut\u00e1kkal. Ha digit\u00e1lis eszk\u00f6z\u00f6kkel rendelkezik, \u00e9s \u00e9rdekli ez a lehet\u0151s\u00e9g, folytassa az olvas\u00e1st. Ha nem, akkor ezt a l\u00e9p\u00e9st \u00e1tugorhatja.\u00a0<\/span><\/p>\n<p><span style=\"font-weight: 400;\">A m\u0171szerfalon az \"Eszk\u00f6z\u00f6k\" f\u00fclre kattintva \u00e1ttekint\u00e9st kaphat az egyenlegeir\u0151l. Kattintson a \"Befizet\u00e9s\" gombra, \u00e9s v\u00e1lassza ki a Kucoin-nek \u00e1tutaland\u00f3 digit\u00e1lis eszk\u00f6zt.<\/span><\/p>\n<p><img loading=\"lazy\" decoding=\"async\" class=\"alignnone wp-image-3273 size-full\" src=\"https:\/\/coinkickoff.com\/wp-content\/uploads\/kucoin-deposit.png\" alt=\"kucoin let\u00e9ti alapok 1\" width=\"1427\" height=\"758\" srcset=\"https:\/\/coinkickoff.com\/wp-content\/uploads\/kucoin-deposit.png 1427w, https:\/\/coinkickoff.com\/wp-content\/uploads\/kucoin-deposit-300x159.png 300w, https:\/\/coinkickoff.com\/wp-content\/uploads\/kucoin-deposit-1024x544.png 1024w, https:\/\/coinkickoff.com\/wp-content\/uploads\/kucoin-deposit-768x408.png 768w, https:\/\/coinkickoff.com\/wp-content\/uploads\/kucoin-deposit-18x10.png 18w\" sizes=\"auto, (max-width: 1427px) 100vw, 1427px\" \/><\/p>\n<p><span style=\"font-weight: 400;\">A kiv\u00e1lasztott coin-hez kap egy visszavon\u00e1si c\u00edmet. Menj a k\u00fcls\u0151 p\u00e9nzt\u00e1rc\u00e1dhoz, \u00e9s haszn\u00e1ld ezt a c\u00edmet az coins kivon\u00e1s\u00e1hoz Kucoin-re!<\/span><\/p>\n<p><span style=\"font-weight: 400;\">Van azonban egy szab\u00e1ly, amit mindig \u00e9szben kell tartania: minden kriptop\u00e9nzhez k\u00fcl\u00f6n t\u00e1rcac\u00edmre van sz\u00fcks\u00e9ge. Tegy\u00fck fel, hogy gener\u00e1lt\u00e1l egy c\u00edmet a <a href=\"https:\/\/coinkickoff.com\/hu\/tether-usdt\/\" data-internallinksmanager029f6b8e52c=\"3\" title=\"Mi az Tether (USDT)? Hogyan m\u0171k\u00f6dik \u00e9s hol lehet megv\u00e1s\u00e1rolni?\">USDT<\/a>. Ezt a c\u00edmet csak USDT \u00e1tutal\u00e1sokhoz szabad haszn\u00e1lni. Ha m\u00e1s kriptovalut\u00e1t pr\u00f3b\u00e1l k\u00fcldeni, az elveszhet, \u00e9s elvesz\u00edtheti a p\u00e9nz\u00e9t.\u00a0<\/span><\/p>\n<h3><span class=\"ez-toc-section\" id=\"4_Navigate_to_the_Relevant_Screen_to_Buy\"><\/span><span style=\"font-weight: 400;\">4. Navig\u00e1ljon a megfelel\u0151 k\u00e9perny\u0151re a v\u00e1s\u00e1rl\u00e1shoz<\/span><span class=\"ez-toc-section-end\"><\/span><\/h3>\n<p><span style=\"font-weight: 400;\">Az Polkadot fiat valut\u00e1val t\u00f6rt\u00e9n\u0151 megv\u00e1s\u00e1rl\u00e1s\u00e1hoz nyomja meg a \"Buy Crypto\" gombot, \u00e9s v\u00e1lassza a \"Fast Trade\" vagy a \"Third-Party\" lehet\u0151s\u00e9get. A P2P tranzakci\u00f3k nem \u00e1llnak rendelkez\u00e9sre az Polkadot eset\u00e9ben.<\/span><\/p>\n<p><img loading=\"lazy\" decoding=\"async\" class=\"alignnone wp-image-3274 size-full\" src=\"https:\/\/coinkickoff.com\/wp-content\/uploads\/kucoin-buy-crypto.png\" alt=\"kucoin k\u00e9perny\u0151 v\u00e1s\u00e1rl\u00e1s\" width=\"1418\" height=\"692\" srcset=\"https:\/\/coinkickoff.com\/wp-content\/uploads\/kucoin-buy-crypto.png 1418w, https:\/\/coinkickoff.com\/wp-content\/uploads\/kucoin-buy-crypto-300x146.png 300w, https:\/\/coinkickoff.com\/wp-content\/uploads\/kucoin-buy-crypto-1024x500.png 1024w, https:\/\/coinkickoff.com\/wp-content\/uploads\/kucoin-buy-crypto-768x375.png 768w, https:\/\/coinkickoff.com\/wp-content\/uploads\/kucoin-buy-crypto-18x9.png 18w\" sizes=\"auto, (max-width: 1418px) 100vw, 1418px\" \/><\/p>\n<p><span style=\"font-weight: 400;\">A Fast Trade funkci\u00f3val hitel- vagy bankk\u00e1rty\u00e1t kapcsolhat Kucoin sz\u00e1ml\u00e1j\u00e1hoz, hogy azonnali v\u00e1s\u00e1rl\u00e1sokat hajthasson v\u00e9gre.\u00a0<\/span><\/p>\n<p><span style=\"font-weight: 400;\">A harmadik f\u00e9l lehet\u0151v\u00e9 teszi, hogy az DOT-t olyan harmadik f\u00e9l csatorn\u00e1kon kereszt\u00fcl v\u00e1s\u00e1rolja meg, mint a Banxa, a Simplex, \u00e9s a <a href=\"https:\/\/coinkickoff.com\/hu\/bitcoin-btc\/\" data-internallinksmanager029f6b8e52c=\"1\" title=\"Mi az Bitcoin (BTC)? \u00c1r, t\u00f6rt\u00e9net \u00e9s hol lehet megv\u00e1s\u00e1rolni\">BTC<\/a> K\u00f6zvetlen.<\/span><\/p>\n<h4><span class=\"ez-toc-section\" id=\"Fast_Trade\"><\/span><span style=\"font-weight: 400;\">Gyors kereskedelem<\/span><span class=\"ez-toc-section-end\"><\/span><\/h4>\n<p><span style=\"font-weight: 400;\">Ha a gyors kereskedelmet v\u00e1lasztja, akkor az Polkadot-t egy egyszer\u0171 megrendel\u0151lap kit\u00f6lt\u00e9s\u00e9vel v\u00e1s\u00e1rolhatja meg. <\/span><\/p>\n<h4><img loading=\"lazy\" decoding=\"async\" class=\"alignnone wp-image-3275 size-full\" style=\"font-family: Muli, sans-serif;\" src=\"https:\/\/coinkickoff.com\/wp-content\/uploads\/kucoin-buy-crypto-one-click.png\" alt=\"kucoin egy kattint\u00e1ssal megv\u00e1s\u00e1rolhat\u00f3\" width=\"1421\" height=\"770\" srcset=\"https:\/\/coinkickoff.com\/wp-content\/uploads\/kucoin-buy-crypto-one-click.png 1421w, https:\/\/coinkickoff.com\/wp-content\/uploads\/kucoin-buy-crypto-one-click-300x163.png 300w, https:\/\/coinkickoff.com\/wp-content\/uploads\/kucoin-buy-crypto-one-click-1024x555.png 1024w, https:\/\/coinkickoff.com\/wp-content\/uploads\/kucoin-buy-crypto-one-click-768x416.png 768w, https:\/\/coinkickoff.com\/wp-content\/uploads\/kucoin-buy-crypto-one-click-18x10.png 18w\" sizes=\"auto, (max-width: 1421px) 100vw, 1421px\" \/><\/h4>\n<p><span style=\"font-weight: 400;\">Rengeteg fizet\u00e9si m\u00f3d van, bele\u00e9rtve a hitel- \u00e9s bet\u00e9ti k\u00e1rty\u00e1kat is.<\/span><\/p>\n<p><img loading=\"lazy\" decoding=\"async\" class=\"alignnone wp-image-3276 size-full\" src=\"https:\/\/coinkickoff.com\/wp-content\/uploads\/kucoin-select-paymnet-method.png\" alt=\"hogyan lehet megv\u00e1s\u00e1rolni az Polygon-t a Kucoin-n\u00e9l\" width=\"1424\" height=\"794\" srcset=\"https:\/\/coinkickoff.com\/wp-content\/uploads\/kucoin-select-paymnet-method.png 1424w, https:\/\/coinkickoff.com\/wp-content\/uploads\/kucoin-select-paymnet-method-300x167.png 300w, https:\/\/coinkickoff.com\/wp-content\/uploads\/kucoin-select-paymnet-method-1024x571.png 1024w, https:\/\/coinkickoff.com\/wp-content\/uploads\/kucoin-select-paymnet-method-768x428.png 768w, https:\/\/coinkickoff.com\/wp-content\/uploads\/kucoin-select-paymnet-method-18x10.png 18w\" sizes=\"auto, (max-width: 1424px) 100vw, 1424px\" \/><\/p>\n<p><span style=\"font-weight: 400;\">V\u00e1lassza ki a haszn\u00e1lni k\u00edv\u00e1nt fizet\u00e9si m\u00f3dot. Ha a \"K\u00e1rtya hozz\u00e1ad\u00e1sa\" gombra kattint, megadhatja a k\u00e1rtya adatait, \u00e9s haszn\u00e1lhatja azt a v\u00e1s\u00e1rl\u00e1shoz.<\/span><\/p>\n<p><span style=\"font-weight: 400;\">Kattintson a \"V\u00e1s\u00e1rl\u00e1s DOT\" gombra a tranzakci\u00f3 befejez\u00e9s\u00e9hez. A v\u00e9gleges\u00edt\u00e9s el\u0151tt l\u00e1that egy becsl\u00e9st arr\u00f3l, hogy mennyi DOT-t fog kapni, valamint az \u00f6sszes felmer\u00fcl\u0151 d\u00edjat.<\/span><\/p>\n<h4><span class=\"ez-toc-section\" id=\"Third-Party\"><\/span><span style=\"font-weight: 400;\">Harmadik f\u00e9l<\/span><span class=\"ez-toc-section-end\"><\/span><\/h4>\n<p><span style=\"font-weight: 400;\">Ha b\u00e1rmilyen okb\u00f3l nem tudja megv\u00e1s\u00e1rolni az DOT-t az Easy Buy-on kereszt\u00fcl, akkor mindig haszn\u00e1lhat egy harmadik f\u00e9lt\u0151l sz\u00e1rmaz\u00f3 szolg\u00e1ltat\u00e1st, mint p\u00e9ld\u00e1ul a Banxa vagy a Simplex.<\/span><\/p>\n<p><span style=\"font-weight: 400;\">Ezek a harmadik f\u00e9lt\u0151l sz\u00e1rmaz\u00f3 feldolgoz\u00f3k meghat\u00e1rozott \u00e1rfolyamon \u00e9rt\u00e9kes\u00edtik a kript\u00f3t, \u00e9s hozz\u00e1adnak egy kis feldolgoz\u00e1si d\u00edjat. Az \u00e1rfolyamaik azonban a magas spreadek miatt \u00e1ltal\u00e1ban dr\u00e1g\u00e1bbak a t\u0151zsdei \u00e1rakhoz k\u00e9pest.<\/span><\/p>\n<p><span style=\"font-weight: 400;\">T\u00f6ltse ki a harmadik f\u00e9lt\u0151l sz\u00e1rmaz\u00f3 megrendel\u0151lapot. El\u0151sz\u00f6r v\u00e1lassza ki az DOT-t, mint az eszk\u00f6zt, amelyet szeretne megkapni, \u00e9s adja meg az \u00f6sszeget, amelyet szeretne befektetni az Polkadot-be.<\/span><\/p>\n<p><img loading=\"lazy\" decoding=\"async\" class=\"alignnone wp-image-3278 size-full\" src=\"https:\/\/coinkickoff.com\/wp-content\/uploads\/kucoin-screenshot.png\" alt=\"Hogyan lehet megv\u00e1s\u00e1rolni Cardano a Kucoin hogyan lehet megv\u00e1s\u00e1rolni polkadot a kucoin-n\u00e9l\" width=\"1436\" height=\"673\" srcset=\"https:\/\/coinkickoff.com\/wp-content\/uploads\/kucoin-screenshot.png 1436w, https:\/\/coinkickoff.com\/wp-content\/uploads\/kucoin-screenshot-300x141.png 300w, https:\/\/coinkickoff.com\/wp-content\/uploads\/kucoin-screenshot-1024x480.png 1024w, https:\/\/coinkickoff.com\/wp-content\/uploads\/kucoin-screenshot-768x360.png 768w, https:\/\/coinkickoff.com\/wp-content\/uploads\/kucoin-screenshot-18x8.png 18w\" sizes=\"auto, (max-width: 1436px) 100vw, 1436px\" \/><\/p>\n<p><span style=\"font-weight: 400;\">N\u00e9zze meg a rendelkez\u00e9sre \u00e1ll\u00f3 fizet\u00e9si m\u00f3dokat. Egyes fizet\u00e9si szolg\u00e1ltat\u00f3k kedvez\u0151bb \u00e1rakat vagy olcs\u00f3bb d\u00edjakat k\u00edn\u00e1lhatnak.<\/span><\/p>\n<p>&nbsp;<\/p>\n<p><span style=\"font-weight: 400;\">Amikor a \"Meger\u0151s\u00edt\u00e9s\" gombra kattint, a fizet\u00e9si oldalra ker\u00fcl \u00e1tir\u00e1ny\u00edt\u00e1sra. J\u00f3v\u00e1hagyja a tranzakci\u00f3t, \u00e9s m\u00e1r k\u00e9sz is van.<\/span><\/p>\n<h4><span class=\"ez-toc-section\" id=\"How_to_Buy_Polkadot_with_Crypto\"><\/span><span style=\"font-weight: 400;\">Hogyan v\u00e1s\u00e1rolhat Polkadot-t kriptovalut\u00e1val?<\/span><span class=\"ez-toc-section-end\"><\/span><\/h4>\n<p><span style=\"font-weight: 400;\">Ha a Kucoin-re utalsz digit\u00e1lis eszk\u00f6z\u00f6ket, akkor azokat az azonnali piacon Polkadot-re cser\u00e9lheted. A Kucoin, sok m\u00e1s t\u0151zsd\u00e9hez hasonl\u00f3an, stabilcoin p\u00e1rokat k\u00edn\u00e1l a legt\u00f6bb altcoins-hez, bele\u00e9rtve az Polkadot-t is. Teh\u00e1t ha van USDT vagy <a href=\"https:\/\/coinkickoff.com\/hu\/usd-coin-usdc\/\" data-internallinksmanager029f6b8e52c=\"8\" title=\"Mi az USD Coin (USDC)? Hogyan m\u0171k\u00f6dik \u00e9s hol lehet megv\u00e1s\u00e1rolni?\">USDC<\/a>, el\u00e9g k\u00f6nnyen kicser\u00e9lheti \u0151ket DOT-re.<\/span><\/p>\n<p><span style=\"font-weight: 400;\">Ha rendelkezik m\u00e1s digit\u00e1lis eszk\u00f6zzel, akkor azt el\u0151sz\u00f6r USDT-re vagy USDC-re cser\u00e9lheti.\u00a0<\/span><\/p>\n<p><span style=\"font-weight: 400;\">Kattintson a \"Keresked\u00e9s\" gombra, \u00e9s l\u00e9pjen a \"Spot keresked\u00e9s\" men\u00fcpontra. A fel\u00fcleten a piacok panelen \u00edrja be az \"DOT\" sz\u00f3t a p\u00e1ros\u00edt\u00e1s kiv\u00e1laszt\u00e1s\u00e1hoz.<\/span><\/p>\n<p><span style=\"font-weight: 400;\">Ezut\u00e1n megrendelheti az DOT megv\u00e1s\u00e1rl\u00e1s\u00e1t. Egyszer\u0171en adja meg a k\u00edv\u00e1nt \u00f6sszeget, \u00e9s nyomja meg a \"V\u00e1s\u00e1rl\u00e1s\" gombot a v\u00e1s\u00e1rl\u00e1s befejez\u00e9s\u00e9hez.<\/span><\/p>\n<p><span style=\"font-weight: 400;\">Ha \"piaci\" megb\u00edz\u00e1st ad, akkor a v\u00e1s\u00e1rl\u00e1s\u00e1t nagyon hamar, a piaci \u00e1ron hajtj\u00e1k v\u00e9gre. Ha limit\u00e1ras megb\u00edz\u00e1st ad, akkor megadhatja az DOT-\u00e9rt fizetni k\u00edv\u00e1nt \u00e1rat, \u00e9s megb\u00edz\u00e1sa akkor ker\u00fcl v\u00e9grehajt\u00e1sra, amikor az eszk\u00f6z\u00e1rak cs\u00f6kkennek.<\/span><\/p>\n<p><span style=\"font-weight: 400;\">\u00c9s ez <\/span><i><span style=\"font-weight: 400;\">Hogyan v\u00e1s\u00e1rolhat Polkadot-t a Kucoin oldalon?<\/span><\/i><span style=\"font-weight: 400;\"> \u00fatmutat\u00f3! Ha hasznosnak tal\u00e1lta, n\u00e9zze meg a mi <\/span><a href=\"https:\/\/coinkickoff.com\/hu\/crypto-exchanges\/\"><span style=\"font-weight: 400;\">csere\u00e9rt\u00e9kel\u00e9sek<\/span><\/a><span style=\"font-weight: 400;\"> \u00e9s egy\u00e9b <a href=\"https:\/\/coinkickoff.com\/hu\/how-to-buy-ethereum\/\">\u00fatmutat\u00f3k<\/a>.<\/span><\/p>","protected":false},"excerpt":{"rendered":"<p>Hogyan v\u00e1s\u00e1rolhatok Polkadot-t a Kucoin-n?Hogyan v\u00e1s\u00e1rolhatok Polkadot-t a Kucoin-n, k\u00e9rdezi? Nagyon sokf\u00e9lek\u00e9ppen! \u00cdme egy \u00fatmutat\u00f3 arr\u00f3l, hogyan v\u00e1s\u00e1rolhat DOT-t a Kucoin-n fiat p\u00e9nzzel \u00e9s\/vagy digit\u00e1lis valut\u00e1val. L\u00e9p\u00e9sr\u0151l l\u00e9p\u00e9sre \u00fatmutat\u00f3 az Polkadot megv\u00e1s\u00e1rl\u00e1s\u00e1hoz a Kucoin-n 1. Regisztr\u00e1ljon egy fi\u00f3kot Kezdje egy ingyenes [...]<\/p>","protected":false},"author":3,"featured_media":0,"parent":4215,"menu_order":0,"comment_status":"closed","ping_status":"closed","template":"","meta":{"_genesis_hide_title":false,"_genesis_hide_breadcrumbs":false,"_genesis_hide_singular_image":false,"_genesis_hide_footer_widgets":false,"_genesis_custom_body_class":"","_genesis_custom_post_class":"","_genesis_layout":"","_glsr_average":0,"_glsr_ranking":0,"_glsr_reviews":0,"footnotes":""},"class_list":{"0":"post-4239","1":"page","2":"type-page","3":"status-publish","5":"entry"},"featured_image_src":null,"featured_image_src_square":null,"_links":{"self":[{"href":"https:\/\/coinkickoff.com\/hu\/wp-json\/wp\/v2\/pages\/4239","targetHints":{"allow":["GET"]}}],"collection":[{"href":"https:\/\/coinkickoff.com\/hu\/wp-json\/wp\/v2\/pages"}],"about":[{"href":"https:\/\/coinkickoff.com\/hu\/wp-json\/wp\/v2\/types\/page"}],"author":[{"embeddable":true,"href":"https:\/\/coinkickoff.com\/hu\/wp-json\/wp\/v2\/users\/3"}],"replies":[{"embeddable":true,"href":"https:\/\/coinkickoff.com\/hu\/wp-json\/wp\/v2\/comments?post=4239"}],"version-history":[{"count":2,"href":"https:\/\/coinkickoff.com\/hu\/wp-json\/wp\/v2\/pages\/4239\/revisions"}],"predecessor-version":[{"id":4241,"href":"https:\/\/coinkickoff.com\/hu\/wp-json\/wp\/v2\/pages\/4239\/revisions\/4241"}],"up":[{"embeddable":true,"href":"https:\/\/coinkickoff.com\/hu\/wp-json\/wp\/v2\/pages\/4215"}],"wp:attachment":[{"href":"https:\/\/coinkickoff.com\/hu\/wp-json\/wp\/v2\/media?parent=4239"}],"curies":[{"name":"wp","href":"https:\/\/api.w.org\/{rel}","templated":true}]}}