{"id":4172,"date":"2026-01-08T14:07:22","date_gmt":"2026-01-08T14:07:22","guid":{"rendered":"https:\/\/coinkickoff.com\/?page_id=4172"},"modified":"2026-01-08T14:07:22","modified_gmt":"2026-01-08T14:07:22","slug":"__trashed","status":"publish","type":"page","link":"https:\/\/coinkickoff.com\/hu\/how-to-buy-ethereum\/__trashed\/","title":{"rendered":"Hogyan v\u00e1s\u00e1roljunk Ethereum-t a Bitfinexen?"},"content":{"rendered":"<div id=\"ez-toc-container\" class=\"ez-toc-v2_0_80 counter-hierarchy ez-toc-counter ez-toc-transparent ez-toc-container-direction\">\n<div class=\"ez-toc-title-container\">\n<p class=\"ez-toc-title\" style=\"cursor:inherit\">Szakaszok<\/p>\n<span class=\"ez-toc-title-toggle\"><a href=\"#\" class=\"ez-toc-pull-right ez-toc-btn ez-toc-btn-xs ez-toc-btn-default ez-toc-toggle\" aria-label=\"Toggle Tartalomjegyz\u00e9k\"><span class=\"ez-toc-js-icon-con\"><span class=\"\"><span class=\"eztoc-hide\" style=\"display:none;\">Toggle<\/span><span class=\"ez-toc-icon-toggle-span\"><svg style=\"fill: #999;color:#999\" xmlns=\"http:\/\/www.w3.org\/2000\/svg\" class=\"list-377408\" width=\"20px\" height=\"20px\" viewbox=\"0 0 24 24\" fill=\"none\"><path d=\"M6 6H4v2h2V6zm14 0H8v2h12V6zM4 11h2v2H4v-2zm16 0H8v2h12v-2zM4 16h2v2H4v-2zm16 0H8v2h12v-2z\" fill=\"currentColor\"><\/path><\/svg><svg style=\"fill: #999;color:#999\" class=\"arrow-unsorted-368013\" xmlns=\"http:\/\/www.w3.org\/2000\/svg\" width=\"10px\" height=\"10px\" viewbox=\"0 0 24 24\" version=\"1.2\" baseprofile=\"tiny\"><path d=\"M18.2 9.3l-6.2-6.3-6.2 6.3c-.2.2-.3.4-.3.7s.1.5.3.7c.2.2.4.3.7.3h11c.3 0 .5-.1.7-.3.2-.2.3-.5.3-.7s-.1-.5-.3-.7zM5.8 14.7l6.2 6.3 6.2-6.3c.2-.2.3-.5.3-.7s-.1-.5-.3-.7c-.2-.2-.4-.3-.7-.3h-11c-.3 0-.5.1-.7.3-.2.2-.3.5-.3.7s.1.5.3.7z\"\/><\/svg><\/span><\/span><\/span><\/a><\/span><\/div>\n<nav><ul class='ez-toc-list ez-toc-list-level-1 eztoc-toggle-hide-by-default' ><li class='ez-toc-page-1 ez-toc-heading-level-1'><a class=\"ez-toc-link ez-toc-heading-1\" href=\"https:\/\/coinkickoff.com\/hu\/how-to-buy-ethereum\/__trashed\/#How_to_Buy_Ethereum_on_Bitfinex\" >Hogyan v\u00e1s\u00e1roljunk Ethereum-t a Bitfinexen?<\/a><ul class='ez-toc-list-level-2' ><li class='ez-toc-heading-level-2'><a class=\"ez-toc-link ez-toc-heading-2\" href=\"https:\/\/coinkickoff.com\/hu\/how-to-buy-ethereum\/__trashed\/#A_Step-By-Step_Guide_on_How_to_Buy_Ethereum_on_Bitfinex\" >L\u00e9p\u00e9sr\u0151l l\u00e9p\u00e9sre \u00fatmutat\u00f3 az Ethereum megv\u00e1s\u00e1rl\u00e1s\u00e1hoz a Bitfinexen<\/a><ul class='ez-toc-list-level-3' ><li class='ez-toc-heading-level-3'><a class=\"ez-toc-link ez-toc-heading-3\" href=\"https:\/\/coinkickoff.com\/hu\/how-to-buy-ethereum\/__trashed\/#1_Register_an_Account_on_Bitfinex\" >1. Regisztr\u00e1ljon egy sz\u00e1ml\u00e1t a Bitfinexen<\/a><\/li><li class='ez-toc-page-1 ez-toc-heading-level-3'><a class=\"ez-toc-link ez-toc-heading-4\" href=\"https:\/\/coinkickoff.com\/hu\/how-to-buy-ethereum\/__trashed\/#2_Get_Verified_on_Bitfinex\" >2. Ellen\u0151rz\u00e9s a Bitfinexen<\/a><\/li><li class='ez-toc-page-1 ez-toc-heading-level-3'><a class=\"ez-toc-link ez-toc-heading-5\" href=\"https:\/\/coinkickoff.com\/hu\/how-to-buy-ethereum\/__trashed\/#3_Deposit_FundsCrypto\" >3. Let\u00e9tbe helyezett alapok\/kripto<\/a><\/li><li class='ez-toc-page-1 ez-toc-heading-level-3'><a class=\"ez-toc-link ez-toc-heading-6\" href=\"https:\/\/coinkickoff.com\/hu\/how-to-buy-ethereum\/__trashed\/#4_Navigate_to_the_Relevant_Screen_to_Buy\" >4. Navig\u00e1ljon a megfelel\u0151 k\u00e9perny\u0151re a v\u00e1s\u00e1rl\u00e1shoz<\/a><\/li><\/ul><\/li><\/ul><\/li><\/ul><\/nav><\/div>\n<h1><span class=\"ez-toc-section\" id=\"How_to_Buy_Ethereum_on_Bitfinex\"><\/span><span style=\"font-weight: 400;\">Hogyan v\u00e1s\u00e1roljunk Ethereum-t a Bitfinexen?<\/span><span class=\"ez-toc-section-end\"><\/span><\/h1>\n<p><span style=\"font-weight: 400;\">Szeretne v\u00e1s\u00e1rolni <a href=\"https:\/\/coinkickoff.com\/hu\/ethereum-eth\/\" data-internallinksmanager029f6b8e52c=\"2\" title=\"Mi az Ethereum (ETH)? \u00c1r, t\u00f6rt\u00e9nelem \u00e9s hol lehet megv\u00e1s\u00e1rolni\">Ethereum<\/a> a  oldalon <a href=\"https:\/\/coinkickoff.com\/hu\/bitfinex-review\/\">Bitfinex<\/a>? Megvan a megfelel\u0151 \u00fatmutat\u00f3 l\u00e9p\u00e9sr\u0151l-l\u00e9p\u00e9sre t\u00f6rt\u00e9n\u0151 \u00fatmutat\u00e1ssal. \u00cdgy v\u00e1s\u00e1rolhat Ethereum-t a k\u00f6vetkez\u0151 weboldalon <a href=\"https:\/\/coinkickoff.com\/hu\/bitfinex-review\/\" data-internallinksmanager029f6b8e52c=\"151\" title=\"Bitfinex V\u00e9lem\u00e9nyek 2023: Pro \u00e9s kontra: D\u00edjak, jellemz\u0151k, biztons\u00e1g, Pro \u00e9s kontra\">Bitfinex<\/a>.<\/span><\/p>\n<h2><span class=\"ez-toc-section\" id=\"A_Step-By-Step_Guide_on_How_to_Buy_Ethereum_on_Bitfinex\"><\/span><span style=\"font-weight: 400;\">L\u00e9p\u00e9sr\u0151l l\u00e9p\u00e9sre \u00fatmutat\u00f3 az Ethereum megv\u00e1s\u00e1rl\u00e1s\u00e1hoz a Bitfinexen<\/span><span class=\"ez-toc-section-end\"><\/span><\/h2>\n<h3><span class=\"ez-toc-section\" id=\"1_Register_an_Account_on_Bitfinex\"><\/span><span style=\"font-weight: 400;\">1. Regisztr\u00e1ljon egy sz\u00e1ml\u00e1t a Bitfinexen<\/span><span class=\"ez-toc-section-end\"><\/span><\/h3>\n<p><span style=\"font-weight: 400;\">A kezd\u00e9shez sz\u00fcks\u00e9ged lesz egy <\/span><a href=\"https:\/\/www.bitfinex.com\/sign-up?refcode=kjCYk-CZD\" target=\"_blank\" rel=\"noopener\"><span style=\"font-weight: 400;\">Bitfinex sz\u00e1mla.<\/span><\/a><\/p>\n<p><img loading=\"lazy\" decoding=\"async\" class=\"alignnone wp-image-3138 size-full\" src=\"https:\/\/coinkickoff.com\/wp-content\/uploads\/bitfinex-exchange.jpg\" alt=\"Bitfinex Exchange Hogyan lehet megv\u00e1s\u00e1rolni Ethereum a Bitfinex-en\" width=\"1876\" height=\"916\" srcset=\"https:\/\/coinkickoff.com\/wp-content\/uploads\/bitfinex-exchange.jpg 1876w, https:\/\/coinkickoff.com\/wp-content\/uploads\/bitfinex-exchange-300x146.jpg 300w, https:\/\/coinkickoff.com\/wp-content\/uploads\/bitfinex-exchange-1024x500.jpg 1024w, https:\/\/coinkickoff.com\/wp-content\/uploads\/bitfinex-exchange-768x375.jpg 768w, https:\/\/coinkickoff.com\/wp-content\/uploads\/bitfinex-exchange-1536x750.jpg 1536w, https:\/\/coinkickoff.com\/wp-content\/uploads\/bitfinex-exchange-18x9.jpg 18w\" sizes=\"auto, (max-width: 1876px) 100vw, 1876px\" \/><\/p>\n<p><span style=\"font-weight: 400;\">A regisztr\u00e1ci\u00f3 ut\u00e1n enged\u00e9lyezze a k\u00e9tfaktoros hiteles\u00edt\u00e9st a fi\u00f3kja biztons\u00e1ga \u00e9rdek\u00e9ben.<\/span><\/p>\n<p><span style=\"font-weight: 400;\">A 2FA-t az els\u0151 bejelentkez\u00e9s ut\u00e1n kikapcsolhatja, de aj\u00e1nlott bekapcsolva tartani, hogy megv\u00e9dje fi\u00f3kj\u00e1t a hackerekt\u0151l.<\/span><\/p>\n<p><span style=\"font-weight: 400;\">A k\u00e9tfaktoros hiteles\u00edt\u00e9s enged\u00e9lyez\u00e9se nagyon egyszer\u0171: V\u00e1lassza ki a felk\u00edn\u00e1lt m\u00f3dszerek egyik\u00e9t, \u00e9s nyomja meg a \u201cBe\u00e1ll\u00edt\u00e1s\u201d gombot.\u201d<\/span><\/p>\n<p><span style=\"font-weight: 400;\">Term\u00e9szetesen a Google Authenticator alkalmaz\u00e1sra van sz\u00fcks\u00e9ge a m\u0171k\u00f6d\u00e9shez. K\u00f6vesse a k\u00e9perny\u0151n megjelen\u0151 utas\u00edt\u00e1sokat a folytat\u00e1shoz. Ha v\u00e9gzett, a Bitfinex k\u00fcld egy e-mailt, amelyben meger\u0151s\u00edti, hogy enged\u00e9lyezte a 2FA-t.<\/span><\/p>\n<h3><span class=\"ez-toc-section\" id=\"2_Get_Verified_on_Bitfinex\"><\/span><span style=\"font-weight: 400;\">2. Ellen\u0151rz\u00e9s a Bitfinexen<\/span><span class=\"ez-toc-section-end\"><\/span><\/h3>\n<p><span style=\"font-weight: 400;\">A k\u00f6vetkez\u0151 l\u00e9p\u00e9s a szem\u00e9lyazonoss\u00e1god ellen\u0151rz\u00e9se a platformon. A legt\u00f6bb t\u0151zsd\u00e9hez hasonl\u00f3an a Bitfinex is rendelkezik egy szabv\u00e1nyos szem\u00e9lyazonoss\u00e1g-ellen\u0151rz\u00e9si elj\u00e1r\u00e1ssal. A kezd\u00e9shez l\u00e9pjen be a profilj\u00e1ba a m\u0171szerfalon tal\u00e1lhat\u00f3 profillog\u00f3n kereszt\u00fcl, \u00e9s v\u00e1lassza az \u201cEllen\u0151rz\u00e9s\u201d lehet\u0151s\u00e9get.\u201d<\/span><\/p>\n<p><span style=\"font-weight: 400;\">Legal\u00e1bb k\u00f6z\u00e9pszint\u0171 ellen\u0151rz\u00e9st kell v\u00e9geznie ahhoz, hogy digit\u00e1lis eszk\u00f6z\u00f6ket, p\u00e9ld\u00e1ul Ethereum-t v\u00e1s\u00e1rolhasson a t\u0151zsd\u00e9n fiat p\u00e9nzzel. Term\u00e9szetesen, ha csak kriptovaluta-p\u00e1rokkal akarsz kereskedni, p\u00e9ld\u00e1ul a keresked\u00e9si <a href=\"https:\/\/coinkickoff.com\/hu\/bitcoin-btc\/\" data-internallinksmanager029f6b8e52c=\"1\" title=\"Mi az Bitcoin (BTC)? \u00c1r, t\u00f6rt\u00e9net \u00e9s hol lehet megv\u00e1s\u00e1rolni\">Bitcoin<\/a> Ethereum eset\u00e9ben ezt a l\u00e9p\u00e9st kihagyhatja.<\/span><\/p>\n<p><span style=\"font-weight: 400;\">A k\u00f6ztes ellen\u0151rz\u00e9s lehet\u0151v\u00e9 teszi, hogy ETH-t v\u00e1s\u00e1roljon hitelk\u00e1rty\u00e1val a Bitfinex Pay Merchants-on kereszt\u00fcl, vagy k\u00e9szp\u00e9nzes befizet\u00e9seket eszk\u00f6z\u00f6lj\u00f6n SEPA-n kereszt\u00fcl. A teljes verifik\u00e1ci\u00f3 elv\u00e9gz\u00e9se ut\u00e1n tudsz \u00e1tutal\u00e1ssal befizetni.<\/span><\/p>\n<p><span style=\"font-weight: 400;\">A folytat\u00e1shoz nyomja meg a \u201cStart Verification\u201d gombot.<\/span><\/p>\n<p><span style=\"font-weight: 400;\">Adja meg a lak\u00f3helye szerinti orsz\u00e1g nev\u00e9t az aj\u00e1nlott szem\u00e9lyazonos\u00edt\u00f3 igazolv\u00e1nyt\u00edpusok megtekint\u00e9s\u00e9hez. V\u00e1lassza ki a beny\u00fajtani k\u00edv\u00e1nt azonos\u00edt\u00f3t, \u00e9s nyomja meg a \u201cFolytat\u00e1s\u201d gombot.\u201d<\/span><\/p>\n<p><span style=\"font-weight: 400;\">A folytat\u00e1shoz mobileszk\u00f6zre lesz sz\u00fcks\u00e9ge: Haszn\u00e1lja a telefonja kamer\u00e1j\u00e1t a k\u00f3d beolvas\u00e1s\u00e1hoz \u00e9s a felt\u00f6lt\u00e9si oldal megnyit\u00e1s\u00e1hoz. Ezut\u00e1n elk\u00fcldheti a sz\u00fcks\u00e9ges k\u00e9peket.<\/span><\/p>\n<h3><span class=\"ez-toc-section\" id=\"3_Deposit_FundsCrypto\"><\/span><span style=\"font-weight: 400;\">3. Let\u00e9tbe helyezett alapok\/kripto<\/span><span class=\"ez-toc-section-end\"><\/span><\/h3>\n<p><span style=\"font-weight: 400;\">Most itt az ideje, hogy befizessen: Ha rendelkezik olyan digit\u00e1lis eszk\u00f6z\u00f6kkel, amelyeket Ethereum-\u00e9rt szeretne kereskedni a Bitfinexen, akkor el\u0151sz\u00f6r \u00e1t kell utalnia ezeket az eszk\u00f6z\u00f6ket a Bitfinex sz\u00e1ml\u00e1j\u00e1ra. V\u00e1lassza a \u201cBefizet\u00e9s\u201d lehet\u0151s\u00e9get, hogy megtekinthesse a platformra k\u00fcldhet\u0151 eszk\u00f6z\u00f6k list\u00e1j\u00e1t.<\/span><\/p>\n<p><span style=\"font-weight: 400;\">Miut\u00e1n kiv\u00e1lasztotta az eszk\u00f6zt, a Bitfinex l\u00e9trehoz egy t\u00e1rcac\u00edmet a kriptop\u00e9nz elk\u00fcld\u00e9s\u00e9hez. Miut\u00e1n befejezte a befizet\u00e9st, az eszk\u00f6zei megjelennek az \u201cEgyenlegek\u201d f\u00fcl\u00f6n.<\/span><\/p>\n<h3><span class=\"ez-toc-section\" id=\"4_Navigate_to_the_Relevant_Screen_to_Buy\"><\/span><span style=\"font-weight: 400;\">4. Navig\u00e1ljon a megfelel\u0151 k\u00e9perny\u0151re a v\u00e1s\u00e1rl\u00e1shoz<\/span><span class=\"ez-toc-section-end\"><\/span><\/h3>\n<p><span style=\"font-weight: 400;\">Azt gondolhatja, hogy most, hogy a let\u00e9tje elk\u00e9sz\u00fclt, k\u00e9szen \u00e1ll a digit\u00e1lis eszk\u00f6z\u00f6k megv\u00e1s\u00e1rl\u00e1s\u00e1ra, de el\u0151tte m\u00e9g egy l\u00e9p\u00e9s van h\u00e1tra: A Bitfinex automatikusan elk\u00fcldi a befizet\u00e9sedet a \u201cFunding Wallet\u201d-be, de mi a \u201cExchange Wallet\u201d-be akarjuk \u0151ket.\u201d<\/span><\/p>\n<p><span style=\"font-weight: 400;\">Szerencs\u00e9re ez egy egyszer\u0171 m\u0171velet: V\u00e1lassza ki az \u201cEgyenlegek\u201d f\u00fcl\u00f6n a cser\u00e9lni k\u00edv\u00e1nt \u00f6sszeget, \u00e9s kattintson az \u201c\u00c1tutal\u00e1s\u201d gombra. Amint a cserep\u00e9nzt\u00e1rc\u00e1ban vannak, elcser\u00e9lheted \u0151ket Etherre.<\/span><\/p>\n<p><span style=\"font-weight: 400;\">A kezd\u00e9shez l\u00e9pjen a \u201cKeresked\u00e9s\u201d f\u00fclre. Most, ha digit\u00e1lis eszk\u00f6z\u00f6ket helyezett let\u00e9tbe, akkor keresse meg az adott eszk\u00f6z Ethereum piac\u00e1t. P\u00e9ld\u00e1ul, ha van <a href=\"https:\/\/coinkickoff.com\/hu\/tether-usdt\/\" data-internallinksmanager029f6b8e52c=\"3\" title=\"Mi az Tether (USDT)? Hogyan m\u0171k\u00f6dik \u00e9s hol lehet megv\u00e1s\u00e1rolni?\">USDT<\/a>, keresse az ETH\/USDT keres\u0151sz\u00e1mot.\u00a0<\/span><\/p>\n<p><span style=\"font-weight: 400;\">Fiat valuta eset\u00e9n keresse az ETH\/USD vagy ETH\/EUR p\u00e1ros\u00edt\u00e1sokat. Ha megtal\u00e1lta a k\u00edv\u00e1nt p\u00e1ros\u00edt\u00e1st, kattintson r\u00e1 a keresked\u00e9si fel\u00fclet megjelen\u00edt\u00e9s\u00e9hez.\u00a0<\/span><\/p>\n<p><span style=\"font-weight: 400;\">Egyszer\u0171en adja meg, hogy mennyi Ethereum-t szeretne v\u00e1s\u00e1rolni az eszk\u00f6zeihez. K\u00e9zzel is m\u00f3dos\u00edthatja a fizetni k\u00edv\u00e1nt \u00e1rat. Az \u0171rlap kit\u00f6lt\u00e9se ut\u00e1n nyomja meg a \u201cV\u00e1lt\u00e1s-v\u00e1s\u00e1rl\u00e1s\u201d gombot.\u201d<\/span><\/p>\n<p><span style=\"font-weight: 400;\">\u00cdgy v\u00e1s\u00e1rolhatsz Ethereum-t a Bitfinexen. Ha \u00fagy d\u00f6nt, hogy v\u00e1s\u00e1rolni Ethereum egy m\u00e1sik t\u0151zsd\u00e9n, akkor is n\u00e9zd meg a k\u00fcl\u00f6nb\u00f6z\u0151 <a href=\"https:\/\/coinkickoff.com\/hu\/crypto-exchanges\/\">exchnage v\u00e9lem\u00e9nyek<\/a> \u00e9s <a href=\"https:\/\/coinkickoff.com\/hu\/how-to-buy-ethereum\/\">\u00fatmutat\u00f3k<\/a>.<\/span><\/p>","protected":false},"excerpt":{"rendered":"<p>Hogyan lehet megv\u00e1s\u00e1rolni Ethereum a Bitfinex-en Szeretne v\u00e1s\u00e1rolni Ethereum a Bitfinex-en? Megvan a megfelel\u0151 \u00fatmutat\u00f3 az \u00d6n sz\u00e1m\u00e1ra l\u00e9p\u00e9sr\u0151l l\u00e9p\u00e9sre t\u00f6rt\u00e9n\u0151 \u00fatmutat\u00e1sokkal. \u00cdme, hogyan v\u00e1s\u00e1rolhat Ethereum-t a Bitfinexen. L\u00e9p\u00e9sr\u0151l l\u00e9p\u00e9sre \u00fatmutat\u00f3 az Ethereum megv\u00e1s\u00e1rl\u00e1s\u00e1hoz a Bitfinexen 1. Regisztr\u00e1ljon egy fi\u00f3kot a Bitfinexen Kezdetnek sz\u00fcks\u00e9ge lesz egy [...]<\/p>","protected":false},"author":3,"featured_media":0,"parent":3937,"menu_order":0,"comment_status":"closed","ping_status":"closed","template":"","meta":{"_genesis_hide_title":false,"_genesis_hide_breadcrumbs":false,"_genesis_hide_singular_image":false,"_genesis_hide_footer_widgets":false,"_genesis_custom_body_class":"","_genesis_custom_post_class":"","_genesis_layout":"","_glsr_average":0,"_glsr_ranking":0,"_glsr_reviews":0,"footnotes":""},"class_list":{"0":"post-4172","1":"page","2":"type-page","3":"status-publish","5":"entry"},"featured_image_src":null,"featured_image_src_square":null,"_links":{"self":[{"href":"https:\/\/coinkickoff.com\/hu\/wp-json\/wp\/v2\/pages\/4172","targetHints":{"allow":["GET"]}}],"collection":[{"href":"https:\/\/coinkickoff.com\/hu\/wp-json\/wp\/v2\/pages"}],"about":[{"href":"https:\/\/coinkickoff.com\/hu\/wp-json\/wp\/v2\/types\/page"}],"author":[{"embeddable":true,"href":"https:\/\/coinkickoff.com\/hu\/wp-json\/wp\/v2\/users\/3"}],"replies":[{"embeddable":true,"href":"https:\/\/coinkickoff.com\/hu\/wp-json\/wp\/v2\/comments?post=4172"}],"version-history":[{"count":1,"href":"https:\/\/coinkickoff.com\/hu\/wp-json\/wp\/v2\/pages\/4172\/revisions"}],"predecessor-version":[{"id":4173,"href":"https:\/\/coinkickoff.com\/hu\/wp-json\/wp\/v2\/pages\/4172\/revisions\/4173"}],"up":[{"embeddable":true,"href":"https:\/\/coinkickoff.com\/hu\/wp-json\/wp\/v2\/pages\/3937"}],"wp:attachment":[{"href":"https:\/\/coinkickoff.com\/hu\/wp-json\/wp\/v2\/media?parent=4172"}],"curies":[{"name":"wp","href":"https:\/\/api.w.org\/{rel}","templated":true}]}}