{"id":4050,"date":"2026-01-08T14:07:40","date_gmt":"2026-01-08T14:07:40","guid":{"rendered":"https:\/\/coinkickoff.com\/?page_id=4050"},"modified":"2026-01-08T14:07:40","modified_gmt":"2026-01-08T14:07:40","slug":"how-to-buy-cardano-on-bybit","status":"publish","type":"page","link":"https:\/\/coinkickoff.com\/hu\/how-to-buy-cardano\/how-to-buy-cardano-on-bybit\/","title":{"rendered":"Hogyan lehet megv\u00e1s\u00e1rolni Cardano a Bybit-en"},"content":{"rendered":"<div id=\"ez-toc-container\" class=\"ez-toc-v2_0_80 counter-hierarchy ez-toc-counter ez-toc-transparent ez-toc-container-direction\">\n<div class=\"ez-toc-title-container\">\n<p class=\"ez-toc-title\" style=\"cursor:inherit\">Szakaszok<\/p>\n<span class=\"ez-toc-title-toggle\"><a href=\"#\" class=\"ez-toc-pull-right ez-toc-btn ez-toc-btn-xs ez-toc-btn-default ez-toc-toggle\" aria-label=\"Toggle Tartalomjegyz\u00e9k\"><span class=\"ez-toc-js-icon-con\"><span class=\"\"><span class=\"eztoc-hide\" style=\"display:none;\">Toggle<\/span><span class=\"ez-toc-icon-toggle-span\"><svg style=\"fill: #999;color:#999\" xmlns=\"http:\/\/www.w3.org\/2000\/svg\" class=\"list-377408\" width=\"20px\" height=\"20px\" viewbox=\"0 0 24 24\" fill=\"none\"><path d=\"M6 6H4v2h2V6zm14 0H8v2h12V6zM4 11h2v2H4v-2zm16 0H8v2h12v-2zM4 16h2v2H4v-2zm16 0H8v2h12v-2z\" fill=\"currentColor\"><\/path><\/svg><svg style=\"fill: #999;color:#999\" class=\"arrow-unsorted-368013\" xmlns=\"http:\/\/www.w3.org\/2000\/svg\" width=\"10px\" height=\"10px\" viewbox=\"0 0 24 24\" version=\"1.2\" baseprofile=\"tiny\"><path d=\"M18.2 9.3l-6.2-6.3-6.2 6.3c-.2.2-.3.4-.3.7s.1.5.3.7c.2.2.4.3.7.3h11c.3 0 .5-.1.7-.3.2-.2.3-.5.3-.7s-.1-.5-.3-.7zM5.8 14.7l6.2 6.3 6.2-6.3c.2-.2.3-.5.3-.7s-.1-.5-.3-.7c-.2-.2-.4-.3-.7-.3h-11c-.3 0-.5.1-.7.3-.2.2-.3.5-.3.7s.1.5.3.7z\"\/><\/svg><\/span><\/span><\/span><\/a><\/span><\/div>\n<nav><ul class='ez-toc-list ez-toc-list-level-1 eztoc-toggle-hide-by-default' ><li class='ez-toc-page-1 ez-toc-heading-level-1'><a class=\"ez-toc-link ez-toc-heading-1\" href=\"https:\/\/coinkickoff.com\/hu\/how-to-buy-cardano\/how-to-buy-cardano-on-bybit\/#How_to_Buy_Cardano_on_Bybit\" >Hogyan lehet megv\u00e1s\u00e1rolni Cardano a Bybit-en<\/a><ul class='ez-toc-list-level-2' ><li class='ez-toc-heading-level-2'><a class=\"ez-toc-link ez-toc-heading-2\" href=\"https:\/\/coinkickoff.com\/hu\/how-to-buy-cardano\/how-to-buy-cardano-on-bybit\/#A_Step-By-Step_Guide_on_How_to_Buy_Cardano_on_Bybit\" >Egy l\u00e9p\u00e9sr\u0151l l\u00e9p\u00e9sre \u00fatmutat\u00f3 arr\u00f3l, hogyan lehet megv\u00e1s\u00e1rolni Cardano a Bybit-en<\/a><ul class='ez-toc-list-level-3' ><li class='ez-toc-heading-level-3'><a class=\"ez-toc-link ez-toc-heading-3\" href=\"https:\/\/coinkickoff.com\/hu\/how-to-buy-cardano\/how-to-buy-cardano-on-bybit\/#2_Verify_Your_Account\" >2. Ellen\u0151rizze a fi\u00f3kj\u00e1t<\/a><\/li><li class='ez-toc-page-1 ez-toc-heading-level-3'><a class=\"ez-toc-link ez-toc-heading-4\" href=\"https:\/\/coinkickoff.com\/hu\/how-to-buy-cardano\/how-to-buy-cardano-on-bybit\/#3_Deposit_FundsCrypto\" >3. Let\u00e9tbe helyezett alapok\/kripto<\/a><\/li><li class='ez-toc-page-1 ez-toc-heading-level-3'><a class=\"ez-toc-link ez-toc-heading-5\" href=\"https:\/\/coinkickoff.com\/hu\/how-to-buy-cardano\/how-to-buy-cardano-on-bybit\/#4_Navigate_to_the_Relevant_Screen_to_Buy\" >4. Navig\u00e1ljon a megfelel\u0151 k\u00e9perny\u0151re a v\u00e1s\u00e1rl\u00e1shoz<\/a><\/li><\/ul><\/li><\/ul><\/li><\/ul><\/nav><\/div>\n<h1><span class=\"ez-toc-section\" id=\"How_to_Buy_Cardano_on_Bybit\"><\/span><span style=\"font-weight: 400;\">Hogyan lehet megv\u00e1s\u00e1rolni Cardano a Bybit-en<\/span><span class=\"ez-toc-section-end\"><\/span><\/h1>\n<p><span style=\"font-weight: 400;\">Szeretn\u00e9 felfedezni, hogyan lehet megv\u00e1s\u00e1rolni <a href=\"https:\/\/coinkickoff.com\/hu\/cardano-ada\/\" data-internallinksmanager029f6b8e52c=\"9\" title=\"Mi az az Cardano (ADA)? Hogyan m\u0171k\u00f6dik \u00e9s hol lehet megv\u00e1s\u00e1rolni?\">Cardano<\/a> a  oldalon <a href=\"https:\/\/coinkickoff.com\/hu\/bybit-review\/\" data-internallinksmanager029f6b8e52c=\"157\" title=\"Bybit V\u00e9lem\u00e9nyek 2024: Jellemz\u0151k, d\u00edjak, biztons\u00e1g, el\u0151ny\u00f6k \u00e9s h\u00e1tr\u00e1nyok\">Bybit<\/a>? J\u00f3 helyen j\u00e1rsz: Itt van, hogyan v\u00e1s\u00e1rolhat Cardano-t a Bybit-en r\u00e9szletes utas\u00edt\u00e1sokkal.<\/span><\/p>\n<h2><span class=\"ez-toc-section\" id=\"A_Step-By-Step_Guide_on_How_to_Buy_Cardano_on_Bybit\"><\/span><span style=\"font-weight: 400;\">Egy l\u00e9p\u00e9sr\u0151l l\u00e9p\u00e9sre \u00fatmutat\u00f3 arr\u00f3l, hogyan lehet megv\u00e1s\u00e1rolni Cardano a Bybit-en<\/span><span class=\"ez-toc-section-end\"><\/span><\/h2>\n<p><span style=\"font-weight: 400;\">1. Regisztr\u00e1ljon egy fi\u00f3kot<\/span><\/p>\n<p><span style=\"font-weight: 400;\">El\u0151sz\u00f6r is, hozzon l\u00e9tre egy <\/span><a href=\"https:\/\/www.bybit.com\/en-US\/register?irclickid=zLJWgJTKIxyNWiW0o%3AzEUxRnUkAWQmSxHzEAWw0&amp;irgwc=1&amp;srcexid=469064&amp;utmsource=impact&amp;srcplatform=1&amp;Sharedid=\" target=\"_blank\" rel=\"noopener\"><span style=\"font-weight: 400;\">Bybit<\/span><\/a><span style=\"font-weight: 400;\"> sz\u00e1mla.<\/span><\/p>\n<p><img loading=\"lazy\" decoding=\"async\" class=\"alignnone wp-image-3213 size-full\" src=\"https:\/\/coinkickoff.com\/wp-content\/uploads\/bybit-create-account.png\" alt=\"hogyan lehet megv\u00e1s\u00e1rolni dogecoin a bybit-en fi\u00f3kot l\u00e9trehozni\" width=\"1437\" height=\"723\" srcset=\"https:\/\/coinkickoff.com\/wp-content\/uploads\/bybit-create-account.png 1437w, https:\/\/coinkickoff.com\/wp-content\/uploads\/bybit-create-account-300x151.png 300w, https:\/\/coinkickoff.com\/wp-content\/uploads\/bybit-create-account-1024x515.png 1024w, https:\/\/coinkickoff.com\/wp-content\/uploads\/bybit-create-account-768x386.png 768w, https:\/\/coinkickoff.com\/wp-content\/uploads\/bybit-create-account-18x9.png 18w\" sizes=\"auto, (max-width: 1437px) 100vw, 1437px\" \/><\/p>\n<h3><span class=\"ez-toc-section\" id=\"2_Verify_Your_Account\"><\/span><span style=\"font-weight: 400;\">2. Ellen\u0151rizze a fi\u00f3kj\u00e1t<\/span><span class=\"ez-toc-section-end\"><\/span><\/h3>\n<p><span style=\"font-weight: 400;\">A legt\u00f6bb kezd\u0151nek nincs olyan digit\u00e1lis eszk\u00f6ze, amit ADA-re tudna cser\u00e9lni, ez\u00e9rt azt fiat valut\u00e1val, p\u00e9ld\u00e1ul USD-vel vagy EUR-val kell megv\u00e1s\u00e1rolnia. \u00c9s miel\u0151tt ezt megtehetn\u00e9d, a t\u00f6rv\u00e9nyek \u00e9s el\u0151\u00edr\u00e1sok szerinti szem\u00e9lyazonoss\u00e1gi ellen\u0151rz\u00e9st kell elv\u00e9gezned.<\/span><\/p>\n<p><span style=\"font-weight: 400;\">A kezd\u00e9shez l\u00e9pjen a \"Profil\" men\u00fcpontra, \u00e9s kattintson a \"Szem\u00e9lyazonoss\u00e1g ellen\u0151rz\u00e9se\" gombra.<\/span><\/p>\n<h3><span style=\"font-weight: 400;\"><img loading=\"lazy\" decoding=\"async\" class=\"alignnone wp-image-3212 size-full\" style=\"font-family: Muli, sans-serif; font-size: 18px;\" src=\"https:\/\/coinkickoff.com\/wp-content\/uploads\/bybit-identity-verification.png\" alt=\"bybit szem\u00e9lyazonoss\u00e1g-ellen\u0151rz\u00e9s\" width=\"1432\" height=\"792\" srcset=\"https:\/\/coinkickoff.com\/wp-content\/uploads\/bybit-identity-verification.png 1432w, https:\/\/coinkickoff.com\/wp-content\/uploads\/bybit-identity-verification-300x166.png 300w, https:\/\/coinkickoff.com\/wp-content\/uploads\/bybit-identity-verification-1024x566.png 1024w, https:\/\/coinkickoff.com\/wp-content\/uploads\/bybit-identity-verification-768x425.png 768w, https:\/\/coinkickoff.com\/wp-content\/uploads\/bybit-identity-verification-18x10.png 18w\" sizes=\"auto, (max-width: 1432px) 100vw, 1432px\" \/><\/span><\/h3>\n<p><span style=\"font-weight: 400;\">Az Cardano megv\u00e1s\u00e1rl\u00e1s\u00e1hoz a Bybit-en csak az 1. szint\u0171 ellen\u0151rz\u00e9st kell elv\u00e9geznie. Az igazol\u00e1si k\u00f6vetelm\u00e9nyek egy hivatalos szem\u00e9lyi igazolv\u00e1ny \u00e9s egy szelfi felt\u00f6lt\u00e9se. Miut\u00e1n igazoltad az azonos\u00edt\u00f3dat, fiatot fizethetsz be a sz\u00e1ml\u00e1dra, vagy m\u00e1s fizet\u00e9si m\u00f3dokat is hozz\u00e1adhatsz.<\/span><\/p>\n<h3><span class=\"ez-toc-section\" id=\"3_Deposit_FundsCrypto\"><\/span><span style=\"font-weight: 400;\">3. Let\u00e9tbe helyezett alapok\/kripto<\/span><span class=\"ez-toc-section-end\"><\/span><\/h3>\n<p><span style=\"font-weight: 400;\">Ha az \"Eszk\u00f6z\u00f6k\" oldalra l\u00e9p, digit\u00e1lis valut\u00e1kat helyezhet el a sz\u00e1ml\u00e1j\u00e1n. Csak v\u00e1lassza a \"Befizet\u00e9s\" lehet\u0151s\u00e9get, \u00e9s keresse meg azt a digit\u00e1lis valut\u00e1t, amelyet \u00e1t szeretne helyezni a Bybitre. Miut\u00e1n meger\u0151s\u00edtette a befizet\u00e9s adatait, kap egy QR-k\u00f3dot az \u00e1tutal\u00e1shoz.<\/span><\/p>\n<p><img loading=\"lazy\" decoding=\"async\" class=\"alignnone wp-image-3215 size-full\" src=\"https:\/\/coinkickoff.com\/wp-content\/uploads\/bybit-crypto-deposit.png\" alt=\"\" width=\"1372\" height=\"659\" srcset=\"https:\/\/coinkickoff.com\/wp-content\/uploads\/bybit-crypto-deposit.png 1372w, https:\/\/coinkickoff.com\/wp-content\/uploads\/bybit-crypto-deposit-300x144.png 300w, https:\/\/coinkickoff.com\/wp-content\/uploads\/bybit-crypto-deposit-1024x492.png 1024w, https:\/\/coinkickoff.com\/wp-content\/uploads\/bybit-crypto-deposit-768x369.png 768w, https:\/\/coinkickoff.com\/wp-content\/uploads\/bybit-crypto-deposit-18x9.png 18w\" sizes=\"auto, (max-width: 1372px) 100vw, 1372px\" \/><\/p>\n<p><span style=\"font-weight: 400;\">Ha fiat befizet\u00e9st szeretne tenni (USD, EUR \u00e9s m\u00e1s nemzeti valut\u00e1k), menjen a \"Crypto megv\u00e1s\u00e1rl\u00e1sa\" men\u00fcpontra, \u00e9s kattintson a \"Fiat befizet\u00e9s\" gombra.<\/span><\/p>\n<p><img loading=\"lazy\" decoding=\"async\" class=\"alignnone wp-image-3208 size-full\" src=\"https:\/\/coinkickoff.com\/wp-content\/uploads\/bybit-fiat-deposit.png\" alt=\"bybit fiat bet\u00e9t\" width=\"1432\" height=\"630\" srcset=\"https:\/\/coinkickoff.com\/wp-content\/uploads\/bybit-fiat-deposit.png 1432w, https:\/\/coinkickoff.com\/wp-content\/uploads\/bybit-fiat-deposit-300x132.png 300w, https:\/\/coinkickoff.com\/wp-content\/uploads\/bybit-fiat-deposit-1024x451.png 1024w, https:\/\/coinkickoff.com\/wp-content\/uploads\/bybit-fiat-deposit-768x338.png 768w, https:\/\/coinkickoff.com\/wp-content\/uploads\/bybit-fiat-deposit-18x8.png 18w\" sizes=\"auto, (max-width: 1432px) 100vw, 1432px\" \/><\/p>\n<p><span style=\"font-weight: 400;\">Adja meg a Bybitnek k\u00fcldend\u0151 \u00f6sszeget, \u00e9s v\u00e1lassza ki az \u00e1tutal\u00e1s m\u00f3dj\u00e1t. Kattintson a \"Folytat\u00e1s\" gombra, \u00e9s k\u00f6vesse az utas\u00edt\u00e1sokat a folyamat befejez\u00e9s\u00e9hez.<\/span><\/p>\n<p><img loading=\"lazy\" decoding=\"async\" class=\"alignnone wp-image-3209 size-full\" src=\"https:\/\/coinkickoff.com\/wp-content\/uploads\/bybitfiatdeposit2.png\" alt=\"bybit fiat bet\u00e9t\" width=\"1418\" height=\"783\" srcset=\"https:\/\/coinkickoff.com\/wp-content\/uploads\/bybitfiatdeposit2.png 1418w, https:\/\/coinkickoff.com\/wp-content\/uploads\/bybitfiatdeposit2-300x166.png 300w, https:\/\/coinkickoff.com\/wp-content\/uploads\/bybitfiatdeposit2-1024x565.png 1024w, https:\/\/coinkickoff.com\/wp-content\/uploads\/bybitfiatdeposit2-768x424.png 768w, https:\/\/coinkickoff.com\/wp-content\/uploads\/bybitfiatdeposit2-18x10.png 18w\" sizes=\"auto, (max-width: 1418px) 100vw, 1418px\" \/><\/p>\n<h3><span class=\"ez-toc-section\" id=\"4_Navigate_to_the_Relevant_Screen_to_Buy\"><\/span><span style=\"font-weight: 400;\">4. Navig\u00e1ljon a megfelel\u0151 k\u00e9perny\u0151re a v\u00e1s\u00e1rl\u00e1shoz<\/span><span class=\"ez-toc-section-end\"><\/span><\/h3>\n<p><span style=\"font-weight: 400;\">Most az \"Egy kattint\u00e1s v\u00e1s\u00e1rl\u00e1s\" funkci\u00f3t fogjuk haszn\u00e1lni az ADA megv\u00e1s\u00e1rl\u00e1s\u00e1hoz a fiat befizet\u00e9seddel.\u00a0<\/span><\/p>\n<p><img loading=\"lazy\" decoding=\"async\" class=\"alignnone wp-image-3211 size-full\" src=\"https:\/\/coinkickoff.com\/wp-content\/uploads\/bybit-one-click-buy-2.png\" alt=\"Bybit egy kattint\u00e1ssal v\u00e1s\u00e1rolni 2 Hogyan lehet megv\u00e1s\u00e1rolni Shiba Inu a Bybit Hogyan lehet megv\u00e1s\u00e1rolni Bitcoin a Bybit Hogyan lehet megv\u00e1s\u00e1rolni Cardano a Bybit Hogyan lehet megv\u00e1s\u00e1rolni Cardano a Bybit \" width=\"1433\" height=\"795\" srcset=\"https:\/\/coinkickoff.com\/wp-content\/uploads\/bybit-one-click-buy-2.png 1433w, https:\/\/coinkickoff.com\/wp-content\/uploads\/bybit-one-click-buy-2-300x166.png 300w, https:\/\/coinkickoff.com\/wp-content\/uploads\/bybit-one-click-buy-2-1024x568.png 1024w, https:\/\/coinkickoff.com\/wp-content\/uploads\/bybit-one-click-buy-2-768x426.png 768w, https:\/\/coinkickoff.com\/wp-content\/uploads\/bybit-one-click-buy-2-18x10.png 18w\" sizes=\"auto, (max-width: 1433px) 100vw, 1433px\" \/><\/p>\n<p><span style=\"font-weight: 400;\">Amint l\u00e1thatja, a megrendel\u0151lap nagyon egyszer\u0171: Ne feledje, hogy a \"Receive\" oszlopban az Cardano (ADA) \u00e9rt\u00e9ket kell be\u00e1ll\u00edtani. Fizet\u00e9si m\u00f3dk\u00e9nt haszn\u00e1lhatja az USD egyenleg\u00e9t.<\/span><\/p>\n<p><span style=\"font-weight: 400;\">Nyomja meg a \"V\u00e1s\u00e1rl\u00e1s USD-vel\" gombot a rendel\u00e9s lead\u00e1s\u00e1hoz. Az ADA token-k hamarosan megjelennek az eszk\u00f6zei k\u00f6z\u00f6tt.<\/span><\/p>\n<p><span style=\"font-weight: 400;\">Rem\u00e9lhet\u0151leg seg\u00edtett\u00fcnk meg\u00e9rteni, hogyan v\u00e1s\u00e1rolhat Cardano-t a Bybit-en. Ha meg akarja tanulni, hogyan lehet megv\u00e1s\u00e1rolni Cardano a <a href=\"https:\/\/coinkickoff.com\/hu\/crypto-exchanges\/\">egy\u00e9b cser\u00e9k<\/a>, a k\u00fcl\u00f6nb\u00f6z\u0151 \u00fatmutat\u00f3kat a <a href=\"https:\/\/coinkickoff.com\/hu\/how-to-buy-cardano\/\">Hogyan v\u00e1s\u00e1rolhat Cardano<\/a> oldal.<\/span><\/p>","protected":false},"excerpt":{"rendered":"<p>Hogyan lehet megv\u00e1s\u00e1rolni Cardano a Bybit-en Szeretn\u00e9 felfedezni, hogyan lehet megv\u00e1s\u00e1rolni Cardano a Bybit-en? A legjobb helyen j\u00e1rsz: Itt van, hogyan v\u00e1s\u00e1rolhat Cardano-t a Bybit-en r\u00e9szletes utas\u00edt\u00e1sokkal. L\u00e9p\u00e9sr\u0151l l\u00e9p\u00e9sre \u00fatmutat\u00f3 arr\u00f3l, hogyan v\u00e1s\u00e1roljon Cardano-t a Bybit-en 1. Regisztr\u00e1ljon egy fi\u00f3kot El\u0151sz\u00f6r is, menjen el\u0151re \u00e9s hozzon l\u00e9tre egy Bybit [...]<\/p>","protected":false},"author":3,"featured_media":0,"parent":4010,"menu_order":0,"comment_status":"closed","ping_status":"closed","template":"","meta":{"_genesis_hide_title":false,"_genesis_hide_breadcrumbs":false,"_genesis_hide_singular_image":false,"_genesis_hide_footer_widgets":false,"_genesis_custom_body_class":"","_genesis_custom_post_class":"","_genesis_layout":"","_glsr_average":0,"_glsr_ranking":0,"_glsr_reviews":0,"footnotes":""},"class_list":{"0":"post-4050","1":"page","2":"type-page","3":"status-publish","5":"entry"},"featured_image_src":null,"featured_image_src_square":null,"_links":{"self":[{"href":"https:\/\/coinkickoff.com\/hu\/wp-json\/wp\/v2\/pages\/4050","targetHints":{"allow":["GET"]}}],"collection":[{"href":"https:\/\/coinkickoff.com\/hu\/wp-json\/wp\/v2\/pages"}],"about":[{"href":"https:\/\/coinkickoff.com\/hu\/wp-json\/wp\/v2\/types\/page"}],"author":[{"embeddable":true,"href":"https:\/\/coinkickoff.com\/hu\/wp-json\/wp\/v2\/users\/3"}],"replies":[{"embeddable":true,"href":"https:\/\/coinkickoff.com\/hu\/wp-json\/wp\/v2\/comments?post=4050"}],"version-history":[{"count":4,"href":"https:\/\/coinkickoff.com\/hu\/wp-json\/wp\/v2\/pages\/4050\/revisions"}],"predecessor-version":[{"id":4073,"href":"https:\/\/coinkickoff.com\/hu\/wp-json\/wp\/v2\/pages\/4050\/revisions\/4073"}],"up":[{"embeddable":true,"href":"https:\/\/coinkickoff.com\/hu\/wp-json\/wp\/v2\/pages\/4010"}],"wp:attachment":[{"href":"https:\/\/coinkickoff.com\/hu\/wp-json\/wp\/v2\/media?parent=4050"}],"curies":[{"name":"wp","href":"https:\/\/api.w.org\/{rel}","templated":true}]}}