{"id":4045,"date":"2026-01-08T14:07:39","date_gmt":"2026-01-08T14:07:39","guid":{"rendered":"https:\/\/coinkickoff.com\/?page_id=4045"},"modified":"2026-01-08T14:07:39","modified_gmt":"2026-01-08T14:07:39","slug":"how-to-buy-cardano-on-kucoin","status":"publish","type":"page","link":"https:\/\/coinkickoff.com\/hu\/how-to-buy-cardano\/how-to-buy-cardano-on-kucoin\/","title":{"rendered":"Hogyan v\u00e1s\u00e1rolhat Cardano-t a Kucoin-n\u00e9l"},"content":{"rendered":"<div id=\"ez-toc-container\" class=\"ez-toc-v2_0_80 counter-hierarchy ez-toc-counter ez-toc-transparent ez-toc-container-direction\">\n<div class=\"ez-toc-title-container\">\n<p class=\"ez-toc-title\" style=\"cursor:inherit\">Szakaszok<\/p>\n<span class=\"ez-toc-title-toggle\"><a href=\"#\" class=\"ez-toc-pull-right ez-toc-btn ez-toc-btn-xs ez-toc-btn-default ez-toc-toggle\" aria-label=\"Toggle Tartalomjegyz\u00e9k\"><span class=\"ez-toc-js-icon-con\"><span class=\"\"><span class=\"eztoc-hide\" style=\"display:none;\">Toggle<\/span><span class=\"ez-toc-icon-toggle-span\"><svg style=\"fill: #999;color:#999\" xmlns=\"http:\/\/www.w3.org\/2000\/svg\" class=\"list-377408\" width=\"20px\" height=\"20px\" viewbox=\"0 0 24 24\" fill=\"none\"><path d=\"M6 6H4v2h2V6zm14 0H8v2h12V6zM4 11h2v2H4v-2zm16 0H8v2h12v-2zM4 16h2v2H4v-2zm16 0H8v2h12v-2z\" fill=\"currentColor\"><\/path><\/svg><svg style=\"fill: #999;color:#999\" class=\"arrow-unsorted-368013\" xmlns=\"http:\/\/www.w3.org\/2000\/svg\" width=\"10px\" height=\"10px\" viewbox=\"0 0 24 24\" version=\"1.2\" baseprofile=\"tiny\"><path d=\"M18.2 9.3l-6.2-6.3-6.2 6.3c-.2.2-.3.4-.3.7s.1.5.3.7c.2.2.4.3.7.3h11c.3 0 .5-.1.7-.3.2-.2.3-.5.3-.7s-.1-.5-.3-.7zM5.8 14.7l6.2 6.3 6.2-6.3c.2-.2.3-.5.3-.7s-.1-.5-.3-.7c-.2-.2-.4-.3-.7-.3h-11c-.3 0-.5.1-.7.3-.2.2-.3.5-.3.7s.1.5.3.7z\"\/><\/svg><\/span><\/span><\/span><\/a><\/span><\/div>\n<nav><ul class='ez-toc-list ez-toc-list-level-1 eztoc-toggle-hide-by-default' ><li class='ez-toc-page-1 ez-toc-heading-level-1'><a class=\"ez-toc-link ez-toc-heading-1\" href=\"https:\/\/coinkickoff.com\/hu\/how-to-buy-cardano\/how-to-buy-cardano-on-kucoin\/#How_to_Buy_Cardano_on_Kucoin\" >Hogyan v\u00e1s\u00e1rolhat Cardano-t a Kucoin-n\u00e9l<\/a><ul class='ez-toc-list-level-2' ><li class='ez-toc-heading-level-2'><a class=\"ez-toc-link ez-toc-heading-2\" href=\"https:\/\/coinkickoff.com\/hu\/how-to-buy-cardano\/how-to-buy-cardano-on-kucoin\/#A_Step-By-Step_Guide_on_How_to_Buy_Cardano_on_Kucoin\" >L\u00e9p\u00e9sr\u0151l l\u00e9p\u00e9sre \u00fatmutat\u00f3 az Cardano megv\u00e1s\u00e1rl\u00e1s\u00e1hoz a Kucoin oldalon<\/a><ul class='ez-toc-list-level-3' ><li class='ez-toc-heading-level-3'><a class=\"ez-toc-link ez-toc-heading-3\" href=\"https:\/\/coinkickoff.com\/hu\/how-to-buy-cardano\/how-to-buy-cardano-on-kucoin\/#1_Register_an_Account\" >1. Regisztr\u00e1ljon egy fi\u00f3kot<\/a><\/li><li class='ez-toc-page-1 ez-toc-heading-level-3'><a class=\"ez-toc-link ez-toc-heading-4\" href=\"https:\/\/coinkickoff.com\/hu\/how-to-buy-cardano\/how-to-buy-cardano-on-kucoin\/#2_Verify_Your_Account\" >2. Ellen\u0151rizze a fi\u00f3kj\u00e1t<\/a><\/li><li class='ez-toc-page-1 ez-toc-heading-level-3'><a class=\"ez-toc-link ez-toc-heading-5\" href=\"https:\/\/coinkickoff.com\/hu\/how-to-buy-cardano\/how-to-buy-cardano-on-kucoin\/#3_Deposit_Crypto\" >3. Deposit Crypto<\/a><\/li><li class='ez-toc-page-1 ez-toc-heading-level-3'><a class=\"ez-toc-link ez-toc-heading-6\" href=\"https:\/\/coinkickoff.com\/hu\/how-to-buy-cardano\/how-to-buy-cardano-on-kucoin\/#4_Navigate_to_the_Relevant_Screen_to_Buy\" >4. Navig\u00e1ljon a megfelel\u0151 k\u00e9perny\u0151re a v\u00e1s\u00e1rl\u00e1shoz<\/a><ul class='ez-toc-list-level-4' ><li class='ez-toc-heading-level-4'><a class=\"ez-toc-link ez-toc-heading-7\" href=\"https:\/\/coinkickoff.com\/hu\/how-to-buy-cardano\/how-to-buy-cardano-on-kucoin\/#Fast_Trade_allows_you_to_buy_ADA_with_credit_and_debit_cards_and_Third-party_buy_supports_payment_channels_such_as_Banxa_and_Simplex\" >A Fast Trade lehet\u0151v\u00e9 teszi az ADA megv\u00e1s\u00e1rl\u00e1s\u00e1t hitel- \u00e9s bankk\u00e1rty\u00e1val, a Third-party buy pedig t\u00e1mogatja az olyan fizet\u00e9si csatorn\u00e1kat, mint a Banxa \u00e9s a Simplex.\u00a0<\/a><\/li><li class='ez-toc-page-1 ez-toc-heading-level-4'><a class=\"ez-toc-link ez-toc-heading-8\" href=\"https:\/\/coinkickoff.com\/hu\/how-to-buy-cardano\/how-to-buy-cardano-on-kucoin\/#P2P_is_a_peer_network_where_you_can_use_bank_transfers_to_buy_digital_currencies_however_its_not_possible_to_buy_ADA_with_this_option\" >A P2P egy olyan egyenrang\u00fa h\u00e1l\u00f3zat, ahol banki \u00e1tutal\u00e1ssal v\u00e1s\u00e1rolhat digit\u00e1lis valut\u00e1kat, azonban ezzel a lehet\u0151s\u00e9ggel nem lehet ADA-t v\u00e1s\u00e1rolni.<\/a><\/li><li class='ez-toc-page-1 ez-toc-heading-level-4'><a class=\"ez-toc-link ez-toc-heading-9\" href=\"https:\/\/coinkickoff.com\/hu\/how-to-buy-cardano\/how-to-buy-cardano-on-kucoin\/#Fast_Trade\" >Gyors kereskedelem<\/a><\/li><li class='ez-toc-page-1 ez-toc-heading-level-4'><a class=\"ez-toc-link ez-toc-heading-10\" href=\"https:\/\/coinkickoff.com\/hu\/how-to-buy-cardano\/how-to-buy-cardano-on-kucoin\/#Third-Party\" >Harmadik f\u00e9l<\/a><\/li><\/ul><\/li><\/ul><\/li><\/ul><\/li><\/ul><\/nav><\/div>\n<h1><span class=\"ez-toc-section\" id=\"How_to_Buy_Cardano_on_Kucoin\"><\/span><span style=\"font-weight: 400;\">Hogyan v\u00e1s\u00e1rolhat Cardano-t a Kucoin-n\u00e9l<\/span><span class=\"ez-toc-section-end\"><\/span><\/h1>\n<p><span style=\"font-weight: 400;\">Ha m\u00e9g nem haszn\u00e1lta a <a href=\"https:\/\/coinkickoff.com\/hu\/kucoin-review\/\" data-internallinksmanager029f6b8e52c=\"153\" title=\"KuCoin V\u00e9lem\u00e9nyek 2023: Pro \u00e9s kontra: D\u00edjak, biztons\u00e1g, Pro \u00e9s kontra\">Kucoin<\/a> v\u00e1s\u00e1rolni <a href=\"https:\/\/coinkickoff.com\/hu\/cardano-ada\/\" data-internallinksmanager029f6b8e52c=\"9\" title=\"Mi az az Cardano (ADA)? Hogyan m\u0171k\u00f6dik \u00e9s hol lehet megv\u00e1s\u00e1rolni?\">Cardano<\/a> (ADA), akkor lehet, hogy tan\u00e1cstalan lesz, hogyan tov\u00e1bb. De nem kell agg\u00f3dnia: megmutatjuk, hogyan v\u00e1s\u00e1rolhat Cardano-t a k\u00f6vetkez\u0151 oldalakon <\/span><a href=\"https:\/\/coinkickoff.com\/hu\/kucoin-review\/\"><span style=\"font-weight: 400;\">Kucoin<\/span><\/a><span style=\"font-weight: 400;\"> l\u00e9p\u00e9sr\u0151l-l\u00e9p\u00e9sre t\u00f6rt\u00e9n\u0151 \u00fatmutat\u00e1ssal.<\/span><\/p>\n<h2><span class=\"ez-toc-section\" id=\"A_Step-By-Step_Guide_on_How_to_Buy_Cardano_on_Kucoin\"><\/span><span style=\"font-weight: 400;\">L\u00e9p\u00e9sr\u0151l l\u00e9p\u00e9sre \u00fatmutat\u00f3 az Cardano megv\u00e1s\u00e1rl\u00e1s\u00e1hoz a Kucoin oldalon<\/span><span class=\"ez-toc-section-end\"><\/span><\/h2>\n<h3><span class=\"ez-toc-section\" id=\"1_Register_an_Account\"><\/span><span style=\"font-weight: 400;\">1. Regisztr\u00e1ljon egy fi\u00f3kot<\/span><span class=\"ez-toc-section-end\"><\/span><\/h3>\n<p><img loading=\"lazy\" decoding=\"async\" class=\"alignnone wp-image-3269 size-full\" src=\"https:\/\/coinkickoff.com\/wp-content\/uploads\/kucoin-register.png\" alt=\"v\u00e1s\u00e1rolni doge a kucoin regiszteren\" width=\"1421\" height=\"788\" srcset=\"https:\/\/coinkickoff.com\/wp-content\/uploads\/kucoin-register.png 1421w, https:\/\/coinkickoff.com\/wp-content\/uploads\/kucoin-register-300x166.png 300w, https:\/\/coinkickoff.com\/wp-content\/uploads\/kucoin-register-1024x568.png 1024w, https:\/\/coinkickoff.com\/wp-content\/uploads\/kucoin-register-768x426.png 768w, https:\/\/coinkickoff.com\/wp-content\/uploads\/kucoin-register-18x10.png 18w\" sizes=\"auto, (max-width: 1421px) 100vw, 1421px\" \/><\/p>\n<p><span style=\"font-weight: 400;\">Sz\u00fcks\u00e9ge van egy <\/span><a href=\"https:\/\/www.kucoin.com\/r\/af\/rMJPV3B\" target=\"_blank\" rel=\"noopener\"><span style=\"font-weight: 400;\">Kucoin<\/span><\/a><span style=\"font-weight: 400;\"> fi\u00f3kot, hogy megv\u00e1s\u00e1rolhassa az ADA-t a platformon, ez\u00e9rt kezdje a regisztr\u00e1ci\u00f3t az e-mail c\u00edm\u00e9vel \u00e9s jelszav\u00e1val.<\/span><\/p>\n<h3><span class=\"ez-toc-section\" id=\"2_Verify_Your_Account\"><\/span><span style=\"font-weight: 400;\">2. Ellen\u0151rizze a fi\u00f3kj\u00e1t<\/span><span class=\"ez-toc-section-end\"><\/span><\/h3>\n<p><span style=\"font-weight: 400;\">A regisztr\u00e1ci\u00f3 ut\u00e1n megkezdheti az ellen\u0151rz\u00e9si folyamatot. A legt\u00f6bb m\u00e1s glob\u00e1lis t\u0151zsd\u00e9hez hasonl\u00f3an a Kucoin is lehet\u0151v\u00e9 teszi a keresked\u0151k sz\u00e1m\u00e1ra, hogy digit\u00e1lis eszk\u00f6z\u00f6ket cser\u00e9ljenek a platformon szem\u00e9lyazonoss\u00e1gi ellen\u0151rz\u00e9s n\u00e9lk\u00fcl, de ha m\u00e9g nem rendelkezik digit\u00e1lis eszk\u00f6z\u00f6kkel, akkor ezt a l\u00e9p\u00e9st be kell fejeznie, ha ADA-t szeretne v\u00e1s\u00e1rolni a platformon.<\/span><\/p>\n<p><span style=\"font-weight: 400;\">A folyamat egyszer\u0171: v\u00e1lassza a \"Szem\u00e9lyazonoss\u00e1g ellen\u0151rz\u00e9se\" f\u00fclet a profiloldal\u00e1n.\u00a0<\/span><\/p>\n<p><img loading=\"lazy\" decoding=\"async\" class=\"alignnone wp-image-3272 size-full\" src=\"https:\/\/coinkickoff.com\/wp-content\/uploads\/kucoin-identity-verification.png\" alt=\"kucoin azonos\u00edt\u00f3 ellen\u0151rz\u00e9se 1\" width=\"1420\" height=\"785\" srcset=\"https:\/\/coinkickoff.com\/wp-content\/uploads\/kucoin-identity-verification.png 1420w, https:\/\/coinkickoff.com\/wp-content\/uploads\/kucoin-identity-verification-300x166.png 300w, https:\/\/coinkickoff.com\/wp-content\/uploads\/kucoin-identity-verification-1024x566.png 1024w, https:\/\/coinkickoff.com\/wp-content\/uploads\/kucoin-identity-verification-768x425.png 768w, https:\/\/coinkickoff.com\/wp-content\/uploads\/kucoin-identity-verification-18x10.png 18w\" sizes=\"auto, (max-width: 1420px) 100vw, 1420px\" \/><\/p>\n<p><span style=\"font-weight: 400;\">Hozz\u00e1f\u00e9r\u00e9sed van az alapfunkci\u00f3khoz, de a fiat befizet\u00e9sek fejlett funkci\u00f3nak sz\u00e1m\u00edtanak, \u00edgy ahhoz, hogy ez megt\u00f6rt\u00e9njen, igazolnod kell a szem\u00e9lyazonoss\u00e1godat.<\/span><\/p>\n<p><img loading=\"lazy\" decoding=\"async\" class=\"alignnone wp-image-3270 size-full\" src=\"https:\/\/coinkickoff.com\/wp-content\/uploads\/kucoin-id-verification-2.png\" alt=\"kucoin szem\u00e9lyazonoss\u00e1g ellen\u0151rz\u00e9se 2\" width=\"1407\" height=\"706\" srcset=\"https:\/\/coinkickoff.com\/wp-content\/uploads\/kucoin-id-verification-2.png 1407w, https:\/\/coinkickoff.com\/wp-content\/uploads\/kucoin-id-verification-2-300x151.png 300w, https:\/\/coinkickoff.com\/wp-content\/uploads\/kucoin-id-verification-2-1024x514.png 1024w, https:\/\/coinkickoff.com\/wp-content\/uploads\/kucoin-id-verification-2-768x385.png 768w, https:\/\/coinkickoff.com\/wp-content\/uploads\/kucoin-id-verification-2-18x9.png 18w\" sizes=\"auto, (max-width: 1407px) 100vw, 1407px\" \/><\/p>\n<p><span style=\"font-weight: 400;\">A Kucoin h\u00e1roml\u00e9pcs\u0151s folyamatot tartalmaz: szem\u00e9lyes adatok, szem\u00e9lyazonoss\u00e1gi ellen\u0151rz\u00e9s hivatalos szem\u00e9lyazonos\u00edt\u00f3 igazolv\u00e1nyon kereszt\u00fcl, \u00e9s arcfelismer\u00e9s, amely biztos\u00edtja, hogy \u00d6n a szem\u00e9lyi igazolv\u00e1ny tulajdonosa.<\/span><\/p>\n<p><img loading=\"lazy\" decoding=\"async\" class=\"alignnone wp-image-3271 size-full\" src=\"https:\/\/coinkickoff.com\/wp-content\/uploads\/kucoin-id-verification-3.png\" alt=\"kucoin azonos\u00edt\u00f3 ellen\u0151rz\u00e9se 3 \" width=\"1412\" height=\"789\" srcset=\"https:\/\/coinkickoff.com\/wp-content\/uploads\/kucoin-id-verification-3.png 1412w, https:\/\/coinkickoff.com\/wp-content\/uploads\/kucoin-id-verification-3-300x168.png 300w, https:\/\/coinkickoff.com\/wp-content\/uploads\/kucoin-id-verification-3-1024x572.png 1024w, https:\/\/coinkickoff.com\/wp-content\/uploads\/kucoin-id-verification-3-768x429.png 768w, https:\/\/coinkickoff.com\/wp-content\/uploads\/kucoin-id-verification-3-18x10.png 18w\" sizes=\"auto, (max-width: 1412px) 100vw, 1412px\" \/><\/p>\n<p><span style=\"font-weight: 400;\">T\u00f6ltse ki mindh\u00e1rom l\u00e9p\u00e9st a szem\u00e9lyazonoss\u00e1g\u00e1nak ellen\u0151rz\u00e9s\u00e9hez, \u00e9s m\u00e1ris folytathatja a sz\u00e1ml\u00e1j\u00e1ra t\u00f6rt\u00e9n\u0151 befizet\u00e9st.<\/span><\/p>\n<h3><span class=\"ez-toc-section\" id=\"3_Deposit_Crypto\"><\/span><span style=\"font-weight: 400;\">3. Deposit Crypto<\/span><span class=\"ez-toc-section-end\"><\/span><\/h3>\n<p><span style=\"font-weight: 400;\">Jelenleg nem tudsz k\u00e9szp\u00e9nzt k\u00fcldeni a Kucoin-nek banki \u00e1tutal\u00e1ssal, de kriptovalut\u00e1t tov\u00e1bbra is befizethetsz a platformra. Ha ez nem opci\u00f3 sz\u00e1modra, akkor menj a k\u00f6vetkez\u0151 r\u00e9szhez, ahol elmagyar\u00e1zzuk, hogyan v\u00e1s\u00e1rolhatsz Cardano-t a Kucoin-n fiat p\u00e9nzzel.<\/span><\/p>\n<p><span style=\"font-weight: 400;\">Ha van olyan digit\u00e1lis eszk\u00f6ze, amelyet ADA-re szeretne cser\u00e9lni, akkor el\u0151sz\u00f6r \u00e1t kell helyeznie azt a Kucoin-re. Ehhez menj az \"Eszk\u00f6z\u00f6k\" oldaladra, \u00e9s v\u00e1laszd a \"Befizet\u00e9s\" lehet\u0151s\u00e9get.<\/span><\/p>\n<p><img loading=\"lazy\" decoding=\"async\" class=\"alignnone wp-image-3273 size-full\" src=\"https:\/\/coinkickoff.com\/wp-content\/uploads\/kucoin-deposit.png\" alt=\"kucoin let\u00e9ti alapok 1\" width=\"1427\" height=\"758\" srcset=\"https:\/\/coinkickoff.com\/wp-content\/uploads\/kucoin-deposit.png 1427w, https:\/\/coinkickoff.com\/wp-content\/uploads\/kucoin-deposit-300x159.png 300w, https:\/\/coinkickoff.com\/wp-content\/uploads\/kucoin-deposit-1024x544.png 1024w, https:\/\/coinkickoff.com\/wp-content\/uploads\/kucoin-deposit-768x408.png 768w, https:\/\/coinkickoff.com\/wp-content\/uploads\/kucoin-deposit-18x10.png 18w\" sizes=\"auto, (max-width: 1427px) 100vw, 1427px\" \/><\/p>\n<p><span style=\"font-weight: 400;\">V\u00e1lassza ki a Kucoin p\u00e9nzt\u00e1rc\u00e1j\u00e1ba \u00e1tvinni k\u00edv\u00e1nt digit\u00e1lis eszk\u00f6zt. P\u00e9ld\u00e1ul, mondjuk, hogy van n\u00e9h\u00e1ny <a href=\"https:\/\/coinkickoff.com\/hu\/bitcoin-btc\/\" data-internallinksmanager029f6b8e52c=\"1\" title=\"Mi az Bitcoin (BTC)? \u00c1r, t\u00f6rt\u00e9net \u00e9s hol lehet megv\u00e1s\u00e1rolni\">BTC<\/a> szeretne befizetni a platformra. V\u00e1lassza ki az BTC-t a list\u00e1b\u00f3l, \u00e9s m\u00e1solja ki a Kucoin \u00e1ltal megadott t\u00e1rcac\u00edmet.<\/span><\/p>\n<p><span style=\"font-weight: 400;\">Ez lesz az \u00d6n egyedi BTC t\u00e1rc\u00e1j\u00e1nak c\u00edme a Kucoin platformon. Ezt a c\u00edmet haszn\u00e1lhatja az BTC \u00e1tutal\u00e1s\u00e1hoz a Kucoin-re.\u00a0<\/span><\/p>\n<h3><span class=\"ez-toc-section\" id=\"4_Navigate_to_the_Relevant_Screen_to_Buy\"><\/span><span style=\"font-weight: 400;\">4. Navig\u00e1ljon a megfelel\u0151 k\u00e9perny\u0151re a v\u00e1s\u00e1rl\u00e1shoz<\/span><span class=\"ez-toc-section-end\"><\/span><\/h3>\n<p><span style=\"font-weight: 400;\">Kattintson a \"Buy Crypto\" f\u00fclre a m\u0171szerfalon.\u00a0<\/span><\/p>\n<p><img loading=\"lazy\" decoding=\"async\" class=\"alignnone wp-image-3274 size-full\" src=\"https:\/\/coinkickoff.com\/wp-content\/uploads\/kucoin-buy-crypto.png\" alt=\"kucoin k\u00e9perny\u0151 v\u00e1s\u00e1rl\u00e1s\" width=\"1418\" height=\"692\" srcset=\"https:\/\/coinkickoff.com\/wp-content\/uploads\/kucoin-buy-crypto.png 1418w, https:\/\/coinkickoff.com\/wp-content\/uploads\/kucoin-buy-crypto-300x146.png 300w, https:\/\/coinkickoff.com\/wp-content\/uploads\/kucoin-buy-crypto-1024x500.png 1024w, https:\/\/coinkickoff.com\/wp-content\/uploads\/kucoin-buy-crypto-768x375.png 768w, https:\/\/coinkickoff.com\/wp-content\/uploads\/kucoin-buy-crypto-18x9.png 18w\" sizes=\"auto, (max-width: 1418px) 100vw, 1418px\" \/><\/p>\n<h4><span class=\"ez-toc-section\" id=\"Fast_Trade_allows_you_to_buy_ADA_with_credit_and_debit_cards_and_Third-party_buy_supports_payment_channels_such_as_Banxa_and_Simplex\"><\/span><span style=\"font-weight: 400;\">A Fast Trade lehet\u0151v\u00e9 teszi az ADA megv\u00e1s\u00e1rl\u00e1s\u00e1t hitel- \u00e9s bankk\u00e1rty\u00e1val, a Third-party buy pedig t\u00e1mogatja az olyan fizet\u00e9si csatorn\u00e1kat, mint a Banxa \u00e9s a Simplex.\u00a0<\/span><span class=\"ez-toc-section-end\"><\/span><\/h4>\n<h4><span class=\"ez-toc-section\" id=\"P2P_is_a_peer_network_where_you_can_use_bank_transfers_to_buy_digital_currencies_however_its_not_possible_to_buy_ADA_with_this_option\"><\/span><span style=\"font-weight: 400;\">A P2P egy olyan egyenrang\u00fa h\u00e1l\u00f3zat, ahol banki \u00e1tutal\u00e1ssal v\u00e1s\u00e1rolhat digit\u00e1lis valut\u00e1kat, azonban ezzel a lehet\u0151s\u00e9ggel nem lehet ADA-t v\u00e1s\u00e1rolni.<\/span><span class=\"ez-toc-section-end\"><\/span><\/h4>\n<h4><span class=\"ez-toc-section\" id=\"Fast_Trade\"><\/span><span style=\"font-weight: 400;\">Gyors kereskedelem<\/span><span class=\"ez-toc-section-end\"><\/span><\/h4>\n<p><span style=\"font-weight: 400;\">A Fast Trade seg\u00edts\u00e9g\u00e9vel az ADA-t Visa \u00e9s Mastercard bankk\u00e1rty\u00e1val \u00e9s hitelk\u00e1rty\u00e1val, valamint sz\u00e1mos m\u00e1s lehet\u0151s\u00e9ggel, p\u00e9ld\u00e1ul SEPA \u00e9s Paypal k\u00e1rty\u00e1val is megv\u00e1s\u00e1rolhatja. Egyszer\u0171en t\u00f6ltse ki a v\u00e1s\u00e1rl\u00e1si megrendel\u0151lapot, v\u00e1lassza ki az ADA-t a list\u00e1b\u00f3l, \u00e9s v\u00e1lassza ki a fizet\u00e9si m\u00f3dot.\u00a0<\/span><\/p>\n<p><img loading=\"lazy\" decoding=\"async\" class=\"alignnone wp-image-3275 size-full\" src=\"https:\/\/coinkickoff.com\/wp-content\/uploads\/kucoin-buy-crypto-one-click.png\" alt=\"kucoin egy kattint\u00e1ssal megv\u00e1s\u00e1rolhat\u00f3\" width=\"1421\" height=\"770\" srcset=\"https:\/\/coinkickoff.com\/wp-content\/uploads\/kucoin-buy-crypto-one-click.png 1421w, https:\/\/coinkickoff.com\/wp-content\/uploads\/kucoin-buy-crypto-one-click-300x163.png 300w, https:\/\/coinkickoff.com\/wp-content\/uploads\/kucoin-buy-crypto-one-click-1024x555.png 1024w, https:\/\/coinkickoff.com\/wp-content\/uploads\/kucoin-buy-crypto-one-click-768x416.png 768w, https:\/\/coinkickoff.com\/wp-content\/uploads\/kucoin-buy-crypto-one-click-18x10.png 18w\" sizes=\"auto, (max-width: 1421px) 100vw, 1421px\" \/><\/p>\n<p><span style=\"font-weight: 400;\">Ha hitelk\u00e1rty\u00e1val vagy bankk\u00e1rty\u00e1val szeretne fizetni, a folytat\u00e1s el\u0151tt meg kell adnia a k\u00e1rtya adatait.<\/span><\/p>\n<p><img loading=\"lazy\" decoding=\"async\" class=\"alignnone wp-image-3276 size-full\" src=\"https:\/\/coinkickoff.com\/wp-content\/uploads\/kucoin-select-paymnet-method.png\" alt=\"\" width=\"1424\" height=\"794\" srcset=\"https:\/\/coinkickoff.com\/wp-content\/uploads\/kucoin-select-paymnet-method.png 1424w, https:\/\/coinkickoff.com\/wp-content\/uploads\/kucoin-select-paymnet-method-300x167.png 300w, https:\/\/coinkickoff.com\/wp-content\/uploads\/kucoin-select-paymnet-method-1024x571.png 1024w, https:\/\/coinkickoff.com\/wp-content\/uploads\/kucoin-select-paymnet-method-768x428.png 768w, https:\/\/coinkickoff.com\/wp-content\/uploads\/kucoin-select-paymnet-method-18x10.png 18w\" sizes=\"auto, (max-width: 1424px) 100vw, 1424px\" \/><\/p>\n<p><span style=\"font-weight: 400;\">Tov\u00e1bbi lehet\u0151s\u00e9gek k\u00f6z\u00e9 tartozik a Zelle, <a href=\"https:\/\/coinkickoff.com\/hu\/uphold-review\/\" data-internallinksmanager029f6b8e52c=\"156\" title=\"Uphold Reviews 2023: D\u00edjak, jellemz\u0151k, biztons\u00e1g, el\u0151ny\u00f6k \u00e9s h\u00e1tr\u00e1nyok\">Tartsa fenn a  c\u00edmet.<\/a>, Advcash \u00e9s Payeer. Miut\u00e1n be\u00e1ll\u00edtotta a fizet\u00e9si m\u00f3dot, menjen el\u0151re \u00e9s nyomja meg a \"Buy ADA\" gombot. L\u00e1tni fog egy rendel\u00e9si el\u0151n\u00e9zetet, amely \u00f6sszefoglalja, hogy mennyi ADA-t fog kapni, \u00e9s az \u00f6sszes vonatkoz\u00f3 d\u00edjat.\u00a0\u00a0<\/span><\/p>\n<p><span style=\"font-weight: 400;\">Er\u0151s\u00edtse meg megrendel\u00e9s\u00e9t, \u00e9s az ADA token-k n\u00e9h\u00e1ny percen bel\u00fcl megjelennek a p\u00e9nzt\u00e1rc\u00e1j\u00e1ban.<\/span><\/p>\n<h4><span class=\"ez-toc-section\" id=\"Third-Party\"><\/span><span style=\"font-weight: 400;\">Harmadik f\u00e9l<\/span><span class=\"ez-toc-section-end\"><\/span><\/h4>\n<p><img loading=\"lazy\" decoding=\"async\" class=\"alignnone wp-image-3278 size-full\" src=\"https:\/\/coinkickoff.com\/wp-content\/uploads\/kucoin-screenshot.png\" alt=\"Hogyan v\u00e1s\u00e1rolhat Cardano-t a Kucoin-n\u00e9l\" width=\"1436\" height=\"673\" srcset=\"https:\/\/coinkickoff.com\/wp-content\/uploads\/kucoin-screenshot.png 1436w, https:\/\/coinkickoff.com\/wp-content\/uploads\/kucoin-screenshot-300x141.png 300w, https:\/\/coinkickoff.com\/wp-content\/uploads\/kucoin-screenshot-1024x480.png 1024w, https:\/\/coinkickoff.com\/wp-content\/uploads\/kucoin-screenshot-768x360.png 768w, https:\/\/coinkickoff.com\/wp-content\/uploads\/kucoin-screenshot-18x8.png 18w\" sizes=\"auto, (max-width: 1436px) 100vw, 1436px\" \/><\/p>\n<p><span style=\"font-weight: 400;\">Ha m\u00e1r haszn\u00e1l egy harmadik f\u00e9lt\u0151l sz\u00e1rmaz\u00f3 fizet\u00e9si csatorn\u00e1t, mint p\u00e9ld\u00e1ul a <\/span><a href=\"https:\/\/banxa.com\/case-study\/kucoin\/\" target=\"_blank\" rel=\"noopener\"><span style=\"font-weight: 400;\">Banxa<\/span><\/a><span style=\"font-weight: 400;\"> vagy <\/span><a href=\"https:\/\/www.simplex.com\" target=\"_blank\" rel=\"noopener\"><span style=\"font-weight: 400;\">Simplex<\/span><\/a><span style=\"font-weight: 400;\">, ez egy k\u00e9nyelmes lehet\u0151s\u00e9g lehet. Ha m\u00e9g nincs Simplex vagy Banxa fi\u00f3kja, akkor a megrendel\u00e9s lead\u00e1sakor regisztr\u00e1lhat.<\/span><\/p>\n<p><span style=\"font-weight: 400;\">Kezdje a v\u00e1s\u00e1rl\u00e1si megrendel\u0151lap kit\u00f6lt\u00e9s\u00e9vel: V\u00e1lassza ki a k\u00edv\u00e1nt eszk\u00f6zk\u00e9nt az ADA-t, adja meg a k\u00edv\u00e1nt \u00f6sszeget, \u00e9s v\u00e1lassza ki a fizet\u00e9si m\u00f3dot \u00e9s csatorn\u00e1t.<\/span><\/p>\n<p><span style=\"font-weight: 400;\">Minden d\u00edj megjelenik, miel\u0151tt folytathatn\u00e1 a megrendel\u00e9st.\u00a0<\/span><\/p>\n<p><span style=\"font-weight: 400;\">Amint a \"V\u00e1s\u00e1rl\u00e1s\" gombra kattint, a Kucoin elk\u00fcldi \u00d6nt a harmadik f\u00e9l weboldal\u00e1ra a megrendel\u00e9s befejez\u00e9s\u00e9hez.\u00a0<\/span><\/p>\n<p><span style=\"font-weight: 400;\">Nagyj\u00e1b\u00f3l ennyi az Cardano megv\u00e1s\u00e1rl\u00e1s\u00e1nak m\u00f3dja a Kucoin-n. Amint l\u00e1tja, el\u00e9g sok lehet\u0151s\u00e9g van, \u00edgy ez egy z\u00f6kken\u0151mentes utaz\u00e1s lesz. Ha b\u00e1rmilyen k\u00e9rd\u00e9se van, akkor is n\u00e9zze meg a mi <a href=\"https:\/\/coinkickoff.com\/hu\/crypto-exchanges\/\">csere\u00e9rt\u00e9kel\u00e9sek<\/a> \u00e9s <a href=\"https:\/\/coinkickoff.com\/hu\/how-to-buy-cardano\/\">how-to-buy<\/a> \u00fatmutat\u00f3k tov\u00e1bbi inform\u00e1ci\u00f3k\u00e9rt.<\/span><\/p>","protected":false},"excerpt":{"rendered":"<p>Hogyan v\u00e1s\u00e1roljon Cardano-t a Kucoin-n Ha m\u00e9g nem haszn\u00e1lta a Kucoin-t Cardano (ADA) v\u00e1s\u00e1rl\u00e1s\u00e1hoz, akkor lehet, hogy tan\u00e1cstalan lesz, hogyan kell elj\u00e1rni. De nem kell agg\u00f3dnia: l\u00e9p\u00e9sr\u0151l-l\u00e9p\u00e9sre megmutatjuk, hogyan v\u00e1s\u00e1rolhat Cardano-t a Kucoin-en. A l\u00e9p\u00e9sr\u0151l l\u00e9p\u00e9sre \u00fatmutat\u00f3 arr\u00f3l, hogyan v\u00e1s\u00e1roljon Cardano-t a Kucoin-n [...]<\/p>","protected":false},"author":3,"featured_media":0,"parent":4010,"menu_order":0,"comment_status":"closed","ping_status":"closed","template":"","meta":{"_genesis_hide_title":false,"_genesis_hide_breadcrumbs":false,"_genesis_hide_singular_image":false,"_genesis_hide_footer_widgets":false,"_genesis_custom_body_class":"","_genesis_custom_post_class":"","_genesis_layout":"","_glsr_average":0,"_glsr_ranking":0,"_glsr_reviews":0,"footnotes":""},"class_list":{"0":"post-4045","1":"page","2":"type-page","3":"status-publish","5":"entry"},"featured_image_src":null,"featured_image_src_square":null,"_links":{"self":[{"href":"https:\/\/coinkickoff.com\/hu\/wp-json\/wp\/v2\/pages\/4045","targetHints":{"allow":["GET"]}}],"collection":[{"href":"https:\/\/coinkickoff.com\/hu\/wp-json\/wp\/v2\/pages"}],"about":[{"href":"https:\/\/coinkickoff.com\/hu\/wp-json\/wp\/v2\/types\/page"}],"author":[{"embeddable":true,"href":"https:\/\/coinkickoff.com\/hu\/wp-json\/wp\/v2\/users\/3"}],"replies":[{"embeddable":true,"href":"https:\/\/coinkickoff.com\/hu\/wp-json\/wp\/v2\/comments?post=4045"}],"version-history":[{"count":2,"href":"https:\/\/coinkickoff.com\/hu\/wp-json\/wp\/v2\/pages\/4045\/revisions"}],"predecessor-version":[{"id":4047,"href":"https:\/\/coinkickoff.com\/hu\/wp-json\/wp\/v2\/pages\/4045\/revisions\/4047"}],"up":[{"embeddable":true,"href":"https:\/\/coinkickoff.com\/hu\/wp-json\/wp\/v2\/pages\/4010"}],"wp:attachment":[{"href":"https:\/\/coinkickoff.com\/hu\/wp-json\/wp\/v2\/media?parent=4045"}],"curies":[{"name":"wp","href":"https:\/\/api.w.org\/{rel}","templated":true}]}}