{"id":3968,"date":"2026-01-08T14:07:21","date_gmt":"2026-01-08T14:07:21","guid":{"rendered":"https:\/\/coinkickoff.com\/?page_id=3968"},"modified":"2026-01-08T14:07:21","modified_gmt":"2026-01-08T14:07:21","slug":"how-to-buy-ethereum-on-poloniex","status":"publish","type":"page","link":"https:\/\/coinkickoff.com\/hu\/how-to-buy-ethereum\/how-to-buy-ethereum-on-poloniex\/","title":{"rendered":"Hogyan v\u00e1s\u00e1rolhatsz Ethereum-t a Poloniexen?"},"content":{"rendered":"<div id=\"ez-toc-container\" class=\"ez-toc-v2_0_80 counter-hierarchy ez-toc-counter ez-toc-transparent ez-toc-container-direction\">\n<div class=\"ez-toc-title-container\">\n<p class=\"ez-toc-title\" style=\"cursor:inherit\">Szakaszok<\/p>\n<span class=\"ez-toc-title-toggle\"><a href=\"#\" class=\"ez-toc-pull-right ez-toc-btn ez-toc-btn-xs ez-toc-btn-default ez-toc-toggle\" aria-label=\"Toggle Tartalomjegyz\u00e9k\"><span class=\"ez-toc-js-icon-con\"><span class=\"\"><span class=\"eztoc-hide\" style=\"display:none;\">Toggle<\/span><span class=\"ez-toc-icon-toggle-span\"><svg style=\"fill: #999;color:#999\" xmlns=\"http:\/\/www.w3.org\/2000\/svg\" class=\"list-377408\" width=\"20px\" height=\"20px\" viewbox=\"0 0 24 24\" fill=\"none\"><path d=\"M6 6H4v2h2V6zm14 0H8v2h12V6zM4 11h2v2H4v-2zm16 0H8v2h12v-2zM4 16h2v2H4v-2zm16 0H8v2h12v-2z\" fill=\"currentColor\"><\/path><\/svg><svg style=\"fill: #999;color:#999\" class=\"arrow-unsorted-368013\" xmlns=\"http:\/\/www.w3.org\/2000\/svg\" width=\"10px\" height=\"10px\" viewbox=\"0 0 24 24\" version=\"1.2\" baseprofile=\"tiny\"><path d=\"M18.2 9.3l-6.2-6.3-6.2 6.3c-.2.2-.3.4-.3.7s.1.5.3.7c.2.2.4.3.7.3h11c.3 0 .5-.1.7-.3.2-.2.3-.5.3-.7s-.1-.5-.3-.7zM5.8 14.7l6.2 6.3 6.2-6.3c.2-.2.3-.5.3-.7s-.1-.5-.3-.7c-.2-.2-.4-.3-.7-.3h-11c-.3 0-.5.1-.7.3-.2.2-.3.5-.3.7s.1.5.3.7z\"\/><\/svg><\/span><\/span><\/span><\/a><\/span><\/div>\n<nav><ul class='ez-toc-list ez-toc-list-level-1 eztoc-toggle-hide-by-default' ><li class='ez-toc-page-1 ez-toc-heading-level-1'><a class=\"ez-toc-link ez-toc-heading-1\" href=\"https:\/\/coinkickoff.com\/hu\/how-to-buy-ethereum\/how-to-buy-ethereum-on-poloniex\/#How_to_Buy_Ethereum_on_Poloniex\" >Hogyan v\u00e1s\u00e1rolhatsz Ethereum-t a Poloniexen?<\/a><ul class='ez-toc-list-level-2' ><li class='ez-toc-heading-level-2'><a class=\"ez-toc-link ez-toc-heading-2\" href=\"https:\/\/coinkickoff.com\/hu\/how-to-buy-ethereum\/how-to-buy-ethereum-on-poloniex\/#A_Step-By-Step_Guide_on_How_to_Buy_Ethereum_on_Poloniex\" >L\u00e9p\u00e9sr\u0151l l\u00e9p\u00e9sre \u00fatmutat\u00f3 az Ethereum megv\u00e1s\u00e1rl\u00e1s\u00e1hoz a Poloniexen<\/a><ul class='ez-toc-list-level-3' ><li class='ez-toc-heading-level-3'><a class=\"ez-toc-link ez-toc-heading-3\" href=\"https:\/\/coinkickoff.com\/hu\/how-to-buy-ethereum\/how-to-buy-ethereum-on-poloniex\/#1_Register_an_Account\" >1. Regisztr\u00e1ljon egy fi\u00f3kot<\/a><\/li><li class='ez-toc-page-1 ez-toc-heading-level-3'><a class=\"ez-toc-link ez-toc-heading-4\" href=\"https:\/\/coinkickoff.com\/hu\/how-to-buy-ethereum\/how-to-buy-ethereum-on-poloniex\/#2_Verify_Your_Account\" >2. Ellen\u0151rizze a fi\u00f3kj\u00e1t<\/a><\/li><li class='ez-toc-page-1 ez-toc-heading-level-3'><a class=\"ez-toc-link ez-toc-heading-5\" href=\"https:\/\/coinkickoff.com\/hu\/how-to-buy-ethereum\/how-to-buy-ethereum-on-poloniex\/#3_Buy_Crypto\" >3. V\u00e1s\u00e1roljon kript\u00f3t<\/a><\/li><\/ul><\/li><\/ul><\/li><\/ul><\/nav><\/div>\n<h1><span class=\"ez-toc-section\" id=\"How_to_Buy_Ethereum_on_Poloniex\"><\/span><span style=\"font-weight: 400;\">Hogyan v\u00e1s\u00e1rolhatsz Ethereum-t a Poloniexen?<\/span><span class=\"ez-toc-section-end\"><\/span><\/h1>\n<p><span style=\"font-weight: 400;\">Megv\u00e1s\u00e1rolhatja <a href=\"https:\/\/coinkickoff.com\/hu\/ethereum-eth\/\" data-internallinksmanager029f6b8e52c=\"2\" title=\"Mi az Ethereum (ETH)? \u00c1r, t\u00f6rt\u00e9nelem \u00e9s hol lehet megv\u00e1s\u00e1rolni\">Ethereum<\/a> gyakorlatilag b\u00e1rmelyik t\u0151zsd\u00e9n, mivel ez az egyik legn\u00e9pszer\u0171bb \u00e9s legjelent\u0151sebb digit\u00e1lis valuta a piacon. <a href=\"https:\/\/coinkickoff.com\/hu\/poloniex-review\/\" data-internallinksmanager029f6b8e52c=\"164\" title=\"Poloniex V\u00e9lem\u00e9nyek 2024: Fees, Features, Safety, Pros &amp; Cons\">Poloniex<\/a> egyike ezeknek a t\u0151zsd\u00e9knek, legal\u00e1bbis az USA-n k\u00edv\u00fcli felhaszn\u00e1l\u00f3k sz\u00e1m\u00e1ra.<\/span><\/p>\n<p><span style=\"font-weight: 400;\">Azonban arra k\u00e9rj\u00fck, hogy olvassa el a <a href=\"https:\/\/coinkickoff.com\/hu\/poloniex-review\/\">\u00fatmutat\u00f3 a Poloniexen<\/a> miel\u0151tt b\u00e1rmilyen v\u00e1s\u00e1rl\u00e1st v\u00e9gez a platformon, mivel voltak m\u00e1r <\/span><a href=\"https:\/\/www.coindesk.com\/policy\/2023\/05\/01\/crypto-exchange-poloniex-agrees-to-76m-fine-settle-sanctions-violation-charges\/\" target=\"_blank\" rel=\"noopener\"><span style=\"font-weight: 400;\">t\u00f6bb k\u00e9rd\u00e9s<\/span><\/a><span style=\"font-weight: 400;\"> a t\u0151zsd\u00e9hez, valamint annak tulajdonos\u00e1hoz kapcsol\u00f3dik. <\/span><a href=\"https:\/\/www.cnbc.com\/2023\/03\/22\/sec-hits-jake-paul-lindsey-lohan-justin-sun-with-crypto-violations.html\" target=\"_blank\" rel=\"noopener\"><span style=\"font-weight: 400;\">Justin Sun<\/span><\/a><span style=\"font-weight: 400;\">.<\/span><\/p>\n<p><span style=\"font-weight: 400;\">Ha a t\u0151zsd\u00e9n van, itt van, hogyan lehet v\u00e1s\u00e1rolni Ethereum a Poloniexen.<\/span><\/p>\n<h2><span class=\"ez-toc-section\" id=\"A_Step-By-Step_Guide_on_How_to_Buy_Ethereum_on_Poloniex\"><\/span><span style=\"font-weight: 400;\">L\u00e9p\u00e9sr\u0151l l\u00e9p\u00e9sre \u00fatmutat\u00f3 az Ethereum megv\u00e1s\u00e1rl\u00e1s\u00e1hoz a Poloniexen<\/span><span class=\"ez-toc-section-end\"><\/span><\/h2>\n<h3><span class=\"ez-toc-section\" id=\"1_Register_an_Account\"><\/span><span style=\"font-weight: 400;\">1. Regisztr\u00e1ljon egy fi\u00f3kot<\/span><span class=\"ez-toc-section-end\"><\/span><\/h3>\n<p><span style=\"font-weight: 400;\">El\u0151sz\u00f6r is, l\u00e1togasson el a Poloniex weboldal\u00e1ra, \u00e9s hozzon l\u00e9tre egy fi\u00f3kot. <\/span><\/p>\n<p><img loading=\"lazy\" decoding=\"async\" class=\"alignnone wp-image-3397 size-full\" src=\"https:\/\/coinkickoff.com\/wp-content\/uploads\/poloniex-sign-up.png\" alt=\"poloniex feliratkoz\u00e1s\" width=\"1436\" height=\"653\" srcset=\"https:\/\/coinkickoff.com\/wp-content\/uploads\/poloniex-sign-up.png 1436w, https:\/\/coinkickoff.com\/wp-content\/uploads\/poloniex-sign-up-300x136.png 300w, https:\/\/coinkickoff.com\/wp-content\/uploads\/poloniex-sign-up-1024x466.png 1024w, https:\/\/coinkickoff.com\/wp-content\/uploads\/poloniex-sign-up-768x349.png 768w, https:\/\/coinkickoff.com\/wp-content\/uploads\/poloniex-sign-up-18x8.png 18w\" sizes=\"auto, (max-width: 1436px) 100vw, 1436px\" \/><\/p>\n<h3><span class=\"ez-toc-section\" id=\"2_Verify_Your_Account\"><\/span><span style=\"font-weight: 400;\">2. Ellen\u0151rizze a fi\u00f3kj\u00e1t<\/span><span class=\"ez-toc-section-end\"><\/span><\/h3>\n<p><span style=\"font-weight: 400;\">Technikailag nem kell igazolnia szem\u00e9lyazonoss\u00e1g\u00e1t a Poloniexen. A regisztr\u00e1ci\u00f3kor minden felhaszn\u00e1l\u00f3 1. szint\u0171 ellen\u0151rz\u00e9st kap, \u00e9s hitelk\u00e1rty\u00e1val v\u00e1s\u00e1rolhat eszk\u00f6z\u00f6ket. A 2. szint\u0171 ellen\u0151rz\u00e9s magasabb kifizet\u00e9si limiteket tesz lehet\u0151v\u00e9, de a legt\u00f6bb kiskeresked\u0151 sz\u00e1m\u00e1ra nem sz\u00fcks\u00e9ges.<\/span><\/p>\n<p><span style=\"font-weight: 400;\">Mindazon\u00e1ltal, ha meg akarja er\u0151s\u00edteni a szem\u00e9lyazonoss\u00e1g\u00e1t, menjen a profilj\u00e1hoz a m\u0171szerfalon tal\u00e1lhat\u00f3 profil szimb\u00f3lumra kattintva. <\/span><\/p>\n<p><img loading=\"lazy\" decoding=\"async\" class=\"alignnone wp-image-3398 size-full\" src=\"https:\/\/coinkickoff.com\/wp-content\/uploads\/poloniex-verification.png\" alt=\"poloniex ellen\u0151rz\u00e9s\" width=\"1437\" height=\"679\" srcset=\"https:\/\/coinkickoff.com\/wp-content\/uploads\/poloniex-verification.png 1437w, https:\/\/coinkickoff.com\/wp-content\/uploads\/poloniex-verification-300x142.png 300w, https:\/\/coinkickoff.com\/wp-content\/uploads\/poloniex-verification-1024x484.png 1024w, https:\/\/coinkickoff.com\/wp-content\/uploads\/poloniex-verification-768x363.png 768w, https:\/\/coinkickoff.com\/wp-content\/uploads\/poloniex-verification-18x9.png 18w\" sizes=\"auto, (max-width: 1437px) 100vw, 1437px\" \/><\/p>\n<p><span style=\"font-weight: 400;\">T\u00f6ltse ki az inform\u00e1ci\u00f3s \u0171rlapot, \u00e9s t\u00f6lts\u00f6n fel egy hivatalos f\u00e9nyk\u00e9pes igazolv\u00e1nyt, p\u00e9ld\u00e1ul \u00fatlevelet vagy jogos\u00edtv\u00e1nyt. A 2. szint\u0171 ellen\u0151rz\u00e9shez nyomja meg a \"Get Started\" gombot. Fel kell t\u00f6ltenie egy f\u00e9nyk\u00e9pes igazolv\u00e1nyt.<\/span><\/p>\n<h3><span class=\"ez-toc-section\" id=\"3_Buy_Crypto\"><\/span><span style=\"font-weight: 400;\">3. V\u00e1s\u00e1roljon kript\u00f3t<\/span><span class=\"ez-toc-section-end\"><\/span><\/h3>\n<p><span style=\"font-weight: 400;\">Nyomja meg a \"Buy Crypto\" gombot az azonnali megrendel\u0151lap megnyit\u00e1s\u00e1hoz. V\u00e1lassza ki a k\u00f6lteni k\u00edv\u00e1nt p\u00e9nznemet (p\u00e9ld\u00e1ul USD) \u00e9s a v\u00e1s\u00e1rolni k\u00edv\u00e1nt p\u00e9nznemet (ebben az esetben Ethereum vagy ETH). Adja meg a v\u00e1s\u00e1rl\u00e1s\u00e9rt fizetni k\u00edv\u00e1nt \u00f6sszeget.<\/span><\/p>\n<p><img loading=\"lazy\" decoding=\"async\" class=\"alignnone wp-image-3399 size-full\" src=\"https:\/\/coinkickoff.com\/wp-content\/uploads\/poloniex-buy-crypto.png\" alt=\"Hogyan v\u00e1s\u00e1rolhatsz Ethereum-t a Poloniexen?\" width=\"1436\" height=\"793\" srcset=\"https:\/\/coinkickoff.com\/wp-content\/uploads\/poloniex-buy-crypto.png 1436w, https:\/\/coinkickoff.com\/wp-content\/uploads\/poloniex-buy-crypto-300x166.png 300w, https:\/\/coinkickoff.com\/wp-content\/uploads\/poloniex-buy-crypto-1024x565.png 1024w, https:\/\/coinkickoff.com\/wp-content\/uploads\/poloniex-buy-crypto-768x424.png 768w, https:\/\/coinkickoff.com\/wp-content\/uploads\/poloniex-buy-crypto-18x10.png 18w\" sizes=\"auto, (max-width: 1436px) 100vw, 1436px\" \/><\/p>\n<p><span style=\"font-weight: 400;\">A d\u00edjak a jobb oldali panelen jelennek meg. Simplex vagy Mercuryo sz\u00e1ml\u00e1ra lesz sz\u00fcks\u00e9ge a v\u00e1s\u00e1rl\u00e1sunk befejez\u00e9s\u00e9hez. Ha egyik sem \u00e1ll rendelkez\u00e9s\u00e9re, ne agg\u00f3djon, hiszen a \"K\u00fcld\u00e9s\" gombra kattint\u00e1s ut\u00e1n is regisztr\u00e1lhat.<\/span><\/p>\n<p><span style=\"font-weight: 400;\">Ha m\u00e1r rendelkezik fi\u00f3kkal, akkor jelentkezzen be, \u00e9s a v\u00e1s\u00e1rl\u00e1s m\u00e1ris teljes lesz!<\/span><\/p>\n<p><span style=\"font-weight: 400;\">Ennyit arr\u00f3l, hogyan lehet Ethereum a Poloniexen! Ha ellen\u0151rzi az eszk\u00f6zeit, l\u00e1tni fogja az ETH-t a p\u00e9nzt\u00e1rc\u00e1j\u00e1ban.<\/span><\/p>","protected":false},"excerpt":{"rendered":"<p>Hogyan v\u00e1s\u00e1rolhat Ethereum-t a Poloniex-en Az Ethereum-t gyakorlatilag b\u00e1rmelyik t\u0151zsd\u00e9n megv\u00e1s\u00e1rolhatja, mivel ez az egyik legn\u00e9pszer\u0171bb \u00e9s legjelent\u0151sebb digit\u00e1lis valuta a piacon. A Poloniex egyike ezeknek a t\u0151zsd\u00e9knek, legal\u00e1bbis az USA-n k\u00edv\u00fcli felhaszn\u00e1l\u00f3k sz\u00e1m\u00e1ra. Azonban azt javasoljuk, hogy olvassa el a Poloniexr\u0151l sz\u00f3l\u00f3 \u00fatmutat\u00f3nkat, miel\u0151tt [...]<\/p>","protected":false},"author":3,"featured_media":0,"parent":3937,"menu_order":0,"comment_status":"closed","ping_status":"closed","template":"","meta":{"_genesis_hide_title":false,"_genesis_hide_breadcrumbs":false,"_genesis_hide_singular_image":false,"_genesis_hide_footer_widgets":false,"_genesis_custom_body_class":"","_genesis_custom_post_class":"","_genesis_layout":"","_glsr_average":0,"_glsr_ranking":0,"_glsr_reviews":0,"footnotes":""},"class_list":{"0":"post-3968","1":"page","2":"type-page","3":"status-publish","5":"entry"},"featured_image_src":null,"featured_image_src_square":null,"_links":{"self":[{"href":"https:\/\/coinkickoff.com\/hu\/wp-json\/wp\/v2\/pages\/3968","targetHints":{"allow":["GET"]}}],"collection":[{"href":"https:\/\/coinkickoff.com\/hu\/wp-json\/wp\/v2\/pages"}],"about":[{"href":"https:\/\/coinkickoff.com\/hu\/wp-json\/wp\/v2\/types\/page"}],"author":[{"embeddable":true,"href":"https:\/\/coinkickoff.com\/hu\/wp-json\/wp\/v2\/users\/3"}],"replies":[{"embeddable":true,"href":"https:\/\/coinkickoff.com\/hu\/wp-json\/wp\/v2\/comments?post=3968"}],"version-history":[{"count":1,"href":"https:\/\/coinkickoff.com\/hu\/wp-json\/wp\/v2\/pages\/3968\/revisions"}],"predecessor-version":[{"id":3969,"href":"https:\/\/coinkickoff.com\/hu\/wp-json\/wp\/v2\/pages\/3968\/revisions\/3969"}],"up":[{"embeddable":true,"href":"https:\/\/coinkickoff.com\/hu\/wp-json\/wp\/v2\/pages\/3937"}],"wp:attachment":[{"href":"https:\/\/coinkickoff.com\/hu\/wp-json\/wp\/v2\/media?parent=3968"}],"curies":[{"name":"wp","href":"https:\/\/api.w.org\/{rel}","templated":true}]}}