{"id":3951,"date":"2026-01-08T14:07:25","date_gmt":"2026-01-08T14:07:25","guid":{"rendered":"https:\/\/coinkickoff.com\/?page_id=3951"},"modified":"2026-01-08T14:07:25","modified_gmt":"2026-01-08T14:07:25","slug":"how-to-buy-ethereum-on-binance","status":"publish","type":"page","link":"https:\/\/coinkickoff.com\/hu\/how-to-buy-ethereum\/how-to-buy-ethereum-on-binance\/","title":{"rendered":"Hogyan v\u00e1s\u00e1rolhat Ethereum-t az Binance-n\u00e9l"},"content":{"rendered":"<h1><img loading=\"lazy\" decoding=\"async\" class=\"alignnone wp-image-3662 size-full\" src=\"https:\/\/coinkickoff.com\/wp-content\/uploads\/how-many-eth-are-there.jpg\" alt=\"H\u00e1ny Ethereum (ETH) van?\" width=\"1000\" height=\"666\" srcset=\"https:\/\/coinkickoff.com\/wp-content\/uploads\/how-many-eth-are-there.jpg 1000w, https:\/\/coinkickoff.com\/wp-content\/uploads\/how-many-eth-are-there-300x200.jpg 300w, https:\/\/coinkickoff.com\/wp-content\/uploads\/how-many-eth-are-there-768x511.jpg 768w, https:\/\/coinkickoff.com\/wp-content\/uploads\/how-many-eth-are-there-18x12.jpg 18w, https:\/\/coinkickoff.com\/wp-content\/uploads\/how-many-eth-are-there-600x400.jpg 600w\" sizes=\"auto, (max-width: 1000px) 100vw, 1000px\" \/><\/h1>\n<div id=\"ez-toc-container\" class=\"ez-toc-v2_0_80 counter-hierarchy ez-toc-counter ez-toc-transparent ez-toc-container-direction\">\n<div class=\"ez-toc-title-container\">\n<p class=\"ez-toc-title\" style=\"cursor:inherit\">Szakaszok<\/p>\n<span class=\"ez-toc-title-toggle\"><a href=\"#\" class=\"ez-toc-pull-right ez-toc-btn ez-toc-btn-xs ez-toc-btn-default ez-toc-toggle\" aria-label=\"Toggle Tartalomjegyz\u00e9k\"><span class=\"ez-toc-js-icon-con\"><span class=\"\"><span class=\"eztoc-hide\" style=\"display:none;\">Toggle<\/span><span class=\"ez-toc-icon-toggle-span\"><svg style=\"fill: #999;color:#999\" xmlns=\"http:\/\/www.w3.org\/2000\/svg\" class=\"list-377408\" width=\"20px\" height=\"20px\" viewbox=\"0 0 24 24\" fill=\"none\"><path d=\"M6 6H4v2h2V6zm14 0H8v2h12V6zM4 11h2v2H4v-2zm16 0H8v2h12v-2zM4 16h2v2H4v-2zm16 0H8v2h12v-2z\" fill=\"currentColor\"><\/path><\/svg><svg style=\"fill: #999;color:#999\" class=\"arrow-unsorted-368013\" xmlns=\"http:\/\/www.w3.org\/2000\/svg\" width=\"10px\" height=\"10px\" viewbox=\"0 0 24 24\" version=\"1.2\" baseprofile=\"tiny\"><path d=\"M18.2 9.3l-6.2-6.3-6.2 6.3c-.2.2-.3.4-.3.7s.1.5.3.7c.2.2.4.3.7.3h11c.3 0 .5-.1.7-.3.2-.2.3-.5.3-.7s-.1-.5-.3-.7zM5.8 14.7l6.2 6.3 6.2-6.3c.2-.2.3-.5.3-.7s-.1-.5-.3-.7c-.2-.2-.4-.3-.7-.3h-11c-.3 0-.5.1-.7.3-.2.2-.3.5-.3.7s.1.5.3.7z\"\/><\/svg><\/span><\/span><\/span><\/a><\/span><\/div>\n<nav><ul class='ez-toc-list ez-toc-list-level-1 eztoc-toggle-hide-by-default' ><li class='ez-toc-page-1 ez-toc-heading-level-2'><a class=\"ez-toc-link ez-toc-heading-1\" href=\"https:\/\/coinkickoff.com\/hu\/how-to-buy-ethereum\/how-to-buy-ethereum-on-binance\/#How_to_Buy_Ethereum_on_Binance\" >Hogyan v\u00e1s\u00e1rolhat Ethereum-t az Binance-n\u00e9l<\/a><\/li><li class='ez-toc-page-1 ez-toc-heading-level-2'><a class=\"ez-toc-link ez-toc-heading-2\" href=\"https:\/\/coinkickoff.com\/hu\/how-to-buy-ethereum\/how-to-buy-ethereum-on-binance\/#A_Step-By-Step_Guide_on_How_to_Buy_Ethereum_on_Binance\" >L\u00e9p\u00e9sr\u0151l l\u00e9p\u00e9sre \u00fatmutat\u00f3 az Ethereum megv\u00e1s\u00e1rl\u00e1s\u00e1hoz az Binance-n\u00e9l<\/a><ul class='ez-toc-list-level-3' ><li class='ez-toc-heading-level-3'><a class=\"ez-toc-link ez-toc-heading-3\" href=\"https:\/\/coinkickoff.com\/hu\/how-to-buy-ethereum\/how-to-buy-ethereum-on-binance\/#1_Register_an_Account_on_Binance\" >1. Regisztr\u00e1ljon egy fi\u00f3kot az Binance oldalon<\/a><\/li><li class='ez-toc-page-1 ez-toc-heading-level-3'><a class=\"ez-toc-link ez-toc-heading-4\" href=\"https:\/\/coinkickoff.com\/hu\/how-to-buy-ethereum\/how-to-buy-ethereum-on-binance\/#2_Verify_Your_Account\" >2. Ellen\u0151rizze a fi\u00f3kj\u00e1t<\/a><\/li><li class='ez-toc-page-1 ez-toc-heading-level-3'><a class=\"ez-toc-link ez-toc-heading-5\" href=\"https:\/\/coinkickoff.com\/hu\/how-to-buy-ethereum\/how-to-buy-ethereum-on-binance\/#3_Deposit_FundsCrypto\" >3. Let\u00e9tbe helyezett alapok\/kripto<\/a><\/li><li class='ez-toc-page-1 ez-toc-heading-level-3'><a class=\"ez-toc-link ez-toc-heading-6\" href=\"https:\/\/coinkickoff.com\/hu\/how-to-buy-ethereum\/how-to-buy-ethereum-on-binance\/#Click_on_%E2%80%9CDeposit%E2%80%9D_to_see_all_the_deposit_options_The_three_options_are_depositing_crypto_depositing_fiat_currencies_and_adding_credit_cards_or_other_payment_methods\" >Kattintson a \"Befizet\u00e9s\" gombra az \u00f6sszes befizet\u00e9si lehet\u0151s\u00e9g megtekint\u00e9s\u00e9hez. A h\u00e1rom lehet\u0151s\u00e9g a kriptop\u00e9nzek befizet\u00e9se, a fiat valut\u00e1k befizet\u00e9se \u00e9s a hitelk\u00e1rty\u00e1k vagy m\u00e1s fizet\u00e9si m\u00f3dok hozz\u00e1ad\u00e1sa.<\/a><\/li><li class='ez-toc-page-1 ez-toc-heading-level-3'><a class=\"ez-toc-link ez-toc-heading-7\" href=\"https:\/\/coinkickoff.com\/hu\/how-to-buy-ethereum\/how-to-buy-ethereum-on-binance\/#4_Navigate_to_the_Relevant_Screen_to_Buy\" >4. Navig\u00e1ljon a megfelel\u0151 k\u00e9perny\u0151re a v\u00e1s\u00e1rl\u00e1shoz<\/a><\/li><\/ul><\/li><\/ul><\/nav><\/div>\n<h2><span class=\"ez-toc-section\" id=\"How_to_Buy_Ethereum_on_Binance\"><\/span><span style=\"font-weight: 400;\">Hogyan v\u00e1s\u00e1rolhat Ethereum-t az Binance-n\u00e9l<\/span><span class=\"ez-toc-section-end\"><\/span><\/h2>\n<p><span style=\"font-weight: 400;\"><a href=\"https:\/\/coinkickoff.com\/hu\/binance-review\/\" data-internallinksmanager029f6b8e52c=\"152\" title=\"Binance V\u00e9lem\u00e9nyek 2024: Jellemz\u0151k, d\u00edjak, biztons\u00e1g, el\u0151ny\u00f6k \u00e9s h\u00e1tr\u00e1nyok\">Binance<\/a> a vil\u00e1g legnagyobb <a href=\"https:\/\/coinkickoff.com\/hu\/crypto-exchanges\/\" data-internallinksmanager029f6b8e52c=\"141\" title=\"21 A legjobb kriptovaluta t\u0151zsd\u00e9k \u00e9s alkalmaz\u00e1sok 2024-ben\">kriptovaluta t\u0151zsde<\/a> a keresked\u00e9si volumen alapj\u00e1n, \u00e9s vil\u00e1gszerte milli\u00f3k haszn\u00e1lj\u00e1k a n\u00e9pszer\u0171 kriptoeszk\u00f6z\u00f6k megv\u00e1s\u00e1rl\u00e1s\u00e1ra, mint p\u00e9ld\u00e1ul a <a href=\"https:\/\/coinkickoff.com\/hu\/bitcoin-btc\/\" data-internallinksmanager029f6b8e52c=\"1\" title=\"Mi az Bitcoin (BTC)? \u00c1r, t\u00f6rt\u00e9net \u00e9s hol lehet megv\u00e1s\u00e1rolni\">Bitcoin<\/a> \u00e9s <a href=\"https:\/\/coinkickoff.com\/hu\/ethereum-eth\/\" data-internallinksmanager029f6b8e52c=\"2\" title=\"Mi az Ethereum (ETH)? \u00c1r, t\u00f6rt\u00e9nelem \u00e9s hol lehet megv\u00e1s\u00e1rolni\">Ethereum<\/a>.<\/span><\/p>\n<p><span style=\"font-weight: 400;\">Ebben az \u00fatmutat\u00f3ban l\u00e9p\u00e9sr\u0151l l\u00e9p\u00e9sre ismertetj\u00fck, hogyan v\u00e1s\u00e1rolhat Ethereum-t az Binance-r\u0151l.<\/span><\/p>\n<p><span style=\"font-weight: 400;\">Ha \u00d6n amerikai felhaszn\u00e1l\u00f3, k\u00e9rj\u00fck, tekintse meg az Ethereum megv\u00e1s\u00e1rl\u00e1s\u00e1r\u00f3l sz\u00f3l\u00f3 \u00fatmutat\u00f3nkat az Binance US oldalon.<\/span><\/p>\n<h2><span class=\"ez-toc-section\" id=\"A_Step-By-Step_Guide_on_How_to_Buy_Ethereum_on_Binance\"><\/span><span style=\"font-weight: 400;\">L\u00e9p\u00e9sr\u0151l l\u00e9p\u00e9sre \u00fatmutat\u00f3 az Ethereum megv\u00e1s\u00e1rl\u00e1s\u00e1hoz az Binance-n\u00e9l<\/span><span class=\"ez-toc-section-end\"><\/span><\/h2>\n<h3><span class=\"ez-toc-section\" id=\"1_Register_an_Account_on_Binance\"><\/span><span style=\"font-weight: 400;\">1. Regisztr\u00e1ljon egy fi\u00f3kot az Binance oldalon<\/span><span class=\"ez-toc-section-end\"><\/span><\/h3>\n<h2><img loading=\"lazy\" decoding=\"async\" class=\"alignnone wp-image-3245 size-full\" style=\"font-size: 18px; font-family: Muli, sans-serif;\" src=\"https:\/\/coinkickoff.com\/wp-content\/uploads\/binance-register.png\" alt=\"v\u00e1s\u00e1rolni doge a binance regisztr\u00e1ci\u00f3\" width=\"1430\" height=\"798\" srcset=\"https:\/\/coinkickoff.com\/wp-content\/uploads\/binance-register.png 1430w, https:\/\/coinkickoff.com\/wp-content\/uploads\/binance-register-300x167.png 300w, https:\/\/coinkickoff.com\/wp-content\/uploads\/binance-register-1024x571.png 1024w, https:\/\/coinkickoff.com\/wp-content\/uploads\/binance-register-768x429.png 768w, https:\/\/coinkickoff.com\/wp-content\/uploads\/binance-register-18x10.png 18w\" sizes=\"auto, (max-width: 1430px) 100vw, 1430px\" \/><\/h2>\n<p><span style=\"font-weight: 400;\">Ha m\u00e9g nincs Binance-fi\u00f3kja, menjen a k\u00f6vetkez\u0151 oldalra <\/span><a href=\"https:\/\/accounts.binance.com\/register?ref=BLJQ60RW\" target=\"_blank\" rel=\"noopener\"><span style=\"font-weight: 400;\">Binance hivatalos honlapja<\/span><\/a><span style=\"font-weight: 400;\"> \u00e9s jelentkezzen. Regisztr\u00e1lhat telefonsz\u00e1m\u00e1val vagy e-mail c\u00edm\u00e9vel. Az \u00fczeneteidben kapni fogsz egy fi\u00f3kod meger\u0151s\u00edt\u0151 k\u00f3dot. Ezzel a k\u00f3ddal jelentkezzen be az Binance-be.\u00a0<\/span><\/p>\n<h3><span class=\"ez-toc-section\" id=\"2_Verify_Your_Account\"><\/span><span style=\"font-weight: 400;\">2. Ellen\u0151rizze a fi\u00f3kj\u00e1t<\/span><span class=\"ez-toc-section-end\"><\/span><\/h3>\n<p><img loading=\"lazy\" decoding=\"async\" class=\"alignnone wp-image-3247 size-full\" src=\"https:\/\/coinkickoff.com\/wp-content\/uploads\/binance-verification-0-e1686527478138.png\" alt=\"binance ellen\u0151rz\u00e9s \" width=\"1438\" height=\"730\" srcset=\"https:\/\/coinkickoff.com\/wp-content\/uploads\/binance-verification-0-e1686527478138.png 1438w, https:\/\/coinkickoff.com\/wp-content\/uploads\/binance-verification-0-e1686527478138-300x152.png 300w, https:\/\/coinkickoff.com\/wp-content\/uploads\/binance-verification-0-e1686527478138-1024x520.png 1024w, https:\/\/coinkickoff.com\/wp-content\/uploads\/binance-verification-0-e1686527478138-768x390.png 768w, https:\/\/coinkickoff.com\/wp-content\/uploads\/binance-verification-0-e1686527478138-18x9.png 18w\" sizes=\"auto, (max-width: 1438px) 100vw, 1438px\" \/><\/p>\n<p><span style=\"font-weight: 400;\">Az oldal jobb fels\u0151 sark\u00e1ban (k\u00f6zvetlen\u00fcl a \"Rendel\u00e9sek\" f\u00fcl mellett) tal\u00e1lhat\u00f3 a profil ikonja. Kattintson r\u00e1 az ellen\u0151rz\u0151 oldal megnyit\u00e1s\u00e1hoz. Kattintson a \"Get Verified\" (Hiteles\u00edt\u00e9s) gombra.<\/span><\/p>\n<p><img loading=\"lazy\" decoding=\"async\" class=\"alignnone wp-image-3246 size-full\" src=\"https:\/\/coinkickoff.com\/wp-content\/uploads\/binance-verification.png\" alt=\"binance ellen\u0151rz\u00e9s\" width=\"1239\" height=\"752\" srcset=\"https:\/\/coinkickoff.com\/wp-content\/uploads\/binance-verification.png 1239w, https:\/\/coinkickoff.com\/wp-content\/uploads\/binance-verification-300x182.png 300w, https:\/\/coinkickoff.com\/wp-content\/uploads\/binance-verification-1024x622.png 1024w, https:\/\/coinkickoff.com\/wp-content\/uploads\/binance-verification-768x466.png 768w, https:\/\/coinkickoff.com\/wp-content\/uploads\/binance-verification-18x12.png 18w\" sizes=\"auto, (max-width: 1239px) 100vw, 1239px\" \/><\/p>\n<p><span style=\"font-weight: 400;\">V\u00e1lassza ki a lak\u00f3helye szerinti orsz\u00e1got vagy r\u00e9gi\u00f3t az oldal tetej\u00e9n tal\u00e1lhat\u00f3 list\u00e1b\u00f3l. Miut\u00e1n kiv\u00e1lasztotta a r\u00e9gi\u00f3t vagy orsz\u00e1got, l\u00e1thatja az ellen\u0151rz\u00e9si k\u00f6vetelm\u00e9nyeket. Kattintson az \"Ellen\u0151rz\u00e9s\" gombra a kezd\u00e9shez.<\/span><\/p>\n<p><img loading=\"lazy\" decoding=\"async\" class=\"alignnone wp-image-3248 size-full\" src=\"https:\/\/coinkickoff.com\/wp-content\/uploads\/binance-verification-2.png\" alt=\"hogyan lehet v\u00e1s\u00e1rolni Ethereum az Binance-n\u00e9l\" width=\"563\" height=\"686\" srcset=\"https:\/\/coinkickoff.com\/wp-content\/uploads\/binance-verification-2.png 563w, https:\/\/coinkickoff.com\/wp-content\/uploads\/binance-verification-2-246x300.png 246w, https:\/\/coinkickoff.com\/wp-content\/uploads\/binance-verification-2-10x12.png 10w\" sizes=\"auto, (max-width: 563px) 100vw, 563px\" \/><\/p>\n<p><span style=\"font-weight: 400;\">Adja meg a sz\u00fcks\u00e9ges inform\u00e1ci\u00f3kat, \u00e9s kattintson a \"Folytat\u00e1s\" gombra. Megk\u00e9rj\u00fck, hogy t\u00f6lts\u00f6n fel egy f\u00e9nyk\u00e9pes igazolv\u00e1nyt, hogy meger\u0151s\u00edtse adatait. Fontos, hogy a n\u00e9v \u00e9s a sz\u00fclet\u00e9si d\u00e1tum egyezzen a platformra bek\u00fcld\u00f6tt szem\u00e9lyi igazolv\u00e1nnyal.<\/span><\/p>\n<h3><span class=\"ez-toc-section\" id=\"3_Deposit_FundsCrypto\"><\/span><span style=\"font-weight: 400;\">3. Let\u00e9tbe helyezett alapok\/kripto<\/span><span class=\"ez-toc-section-end\"><\/span><\/h3>\n<p><img loading=\"lazy\" decoding=\"async\" class=\"alignnone wp-image-3254 size-full\" style=\"font-family: 'Helvetica Neue', Helvetica, Arial, sans-serif; font-size: 20px;\" src=\"https:\/\/coinkickoff.com\/wp-content\/uploads\/binance-deposit-2.png\" alt=\"\" width=\"926\" height=\"796\" srcset=\"https:\/\/coinkickoff.com\/wp-content\/uploads\/binance-deposit-2.png 926w, https:\/\/coinkickoff.com\/wp-content\/uploads\/binance-deposit-2-300x258.png 300w, https:\/\/coinkickoff.com\/wp-content\/uploads\/binance-deposit-2-768x660.png 768w, https:\/\/coinkickoff.com\/wp-content\/uploads\/binance-deposit-2-14x12.png 14w\" sizes=\"auto, (max-width: 926px) 100vw, 926px\" \/><\/p>\n<h3><span class=\"ez-toc-section\" id=\"Click_on_%E2%80%9CDeposit%E2%80%9D_to_see_all_the_deposit_options_The_three_options_are_depositing_crypto_depositing_fiat_currencies_and_adding_credit_cards_or_other_payment_methods\"><\/span><span style=\"font-weight: 400;\">Kattintson a \"Befizet\u00e9s\" gombra az \u00f6sszes befizet\u00e9si lehet\u0151s\u00e9g megtekint\u00e9s\u00e9hez. A h\u00e1rom lehet\u0151s\u00e9g a kriptop\u00e9nzek befizet\u00e9se, a fiat valut\u00e1k befizet\u00e9se \u00e9s a hitelk\u00e1rty\u00e1k vagy m\u00e1s fizet\u00e9si m\u00f3dok hozz\u00e1ad\u00e1sa.<\/span><span class=\"ez-toc-section-end\"><\/span><\/h3>\n<p><span style=\"font-weight: 400;\">Ha rendelkezik kriptovalut\u00e1val, \u00e9s azt ETH-re szeretn\u00e9 cser\u00e9lni, akkor kattintson a \"Deposit Crypto\" gombra, hogy megkapja a befizet\u00e9si c\u00edmet.\u00a0<\/span><\/p>\n<p><span style=\"font-weight: 400;\">A legt\u00f6bb kezd\u0151nek azonban nincs ilyen lehet\u0151s\u00e9ge, \u00e9s vagy hozz\u00e1 kell adnia egy fizet\u00e9si m\u00f3dot, vagy banki \u00e1tutal\u00e1ssal kell fiatot befizetnie.<\/span><\/p>\n<p><span style=\"font-weight: 400;\">Kattintson a \"Fiat bet\u00e9t\" gombra. A k\u00f6vetkez\u0151 oldalon v\u00e1lassza ki a befizetni k\u00edv\u00e1nt p\u00e9nznemet. Az Binance sz\u00e1mos helyi p\u00e9nznemet elfogad, \u00edgy nem lesz gondod a megfelel\u0151 opci\u00f3 kiv\u00e1laszt\u00e1s\u00e1val.<\/span><\/p>\n<h3><img loading=\"lazy\" decoding=\"async\" class=\"alignnone wp-image-3256 size-full\" style=\"font-size: 18px; font-family: Muli, sans-serif;\" src=\"https:\/\/coinkickoff.com\/wp-content\/uploads\/binance-fiat-deposit-3.png\" alt=\"\" width=\"1052\" height=\"778\" srcset=\"https:\/\/coinkickoff.com\/wp-content\/uploads\/binance-fiat-deposit-3.png 1052w, https:\/\/coinkickoff.com\/wp-content\/uploads\/binance-fiat-deposit-3-300x222.png 300w, https:\/\/coinkickoff.com\/wp-content\/uploads\/binance-fiat-deposit-3-1024x757.png 1024w, https:\/\/coinkickoff.com\/wp-content\/uploads\/binance-fiat-deposit-3-768x568.png 768w, https:\/\/coinkickoff.com\/wp-content\/uploads\/binance-fiat-deposit-3-16x12.png 16w\" sizes=\"auto, (max-width: 1052px) 100vw, 1052px\" \/><\/h3>\n<p><span style=\"font-weight: 400;\">Az Binance k\u00fcl\u00f6nb\u00f6z\u0151 m\u00f3dokat k\u00edn\u00e1l a befizet\u00e9s teljes\u00edt\u00e9s\u00e9re, \u00e9s \u00e1ltal\u00e1ban van n\u00e9h\u00e1ny aj\u00e1nlott m\u00f3dszer. A d\u00edjjal kapcsolatos r\u00e9szleteket az egyes lehet\u0151s\u00e9gek alatt l\u00e1thatja.<\/span><\/p>\n<p><span style=\"font-weight: 400;\">Amint l\u00e1thatja, a platformon SEPA vagy online banki \u00e1tutal\u00e1sokat v\u00e9gezhet, illetve bankk\u00e1rty\u00e1t adhat hozz\u00e1 a kriptov\u00e1s\u00e1rl\u00e1shoz.<\/span><\/p>\n<p><span style=\"font-weight: 400;\">Ha az \"Egy\u00e9b m\u00f3dszerek\" lehet\u0151s\u00e9get v\u00e1lasztja, csatlakozhat olyan harmadik f\u00e9lt\u0151l sz\u00e1rmaz\u00f3 alkalmaz\u00e1sokhoz, mint a Banxa vagy a Simplex. Az Binance t\u00e1mogatja a Google Pay \u00e9s Apple Pay v\u00e1s\u00e1rl\u00e1sokat is.<\/span><\/p>\n<p><span style=\"font-weight: 400;\">\u00a0V\u00e1lassza ki a k\u00edv\u00e1nt befizet\u00e9si m\u00f3dot, \u00e9s kattintson a \"Folytat\u00e1s\" gombra. A rendszer \u00e1tir\u00e1ny\u00edthatja \u00d6nt banksz\u00e1ml\u00e1j\u00e1ra vagy online banki szolg\u00e1ltat\u00f3j\u00e1hoz. K\u00f6vesse a k\u00e9perny\u0151n megjelen\u0151 utas\u00edt\u00e1sokat a befizet\u00e9s befejez\u00e9s\u00e9hez.<\/span><\/p>\n<h3><span class=\"ez-toc-section\" id=\"4_Navigate_to_the_Relevant_Screen_to_Buy\"><\/span><span style=\"font-weight: 400;\">4. Navig\u00e1ljon a megfelel\u0151 k\u00e9perny\u0151re a v\u00e1s\u00e1rl\u00e1shoz<\/span><span class=\"ez-toc-section-end\"><\/span><\/h3>\n<p><span style=\"font-weight: 400;\">Amint hozz\u00e1ad egy fizet\u00e9si m\u00f3dot vagy befizet\u00e9st, k\u00e9szen \u00e1ll az Ethereum megv\u00e1s\u00e1rl\u00e1s\u00e1ra. Kattintson a \"Buy Crypto\" gombra a f\u0151k\u00e9perny\u0151n.<\/span><\/p>\n<p><span style=\"font-weight: 400;\">A \"Buy Crypto\" oldal nagyon k\u00f6nnyen navig\u00e1lhat\u00f3: A \"Spend\" oszlopban v\u00e1lassza ki a k\u00f6lteni k\u00edv\u00e1nt valut\u00e1t, \u00e9s adja meg az \u00f6sszeget.<\/span><\/p>\n<p><img loading=\"lazy\" decoding=\"async\" class=\"alignnone wp-image-3249 size-full\" src=\"https:\/\/coinkickoff.com\/wp-content\/uploads\/binance-buy-sell-crypto.png\" alt=\"\" width=\"1056\" height=\"642\" srcset=\"https:\/\/coinkickoff.com\/wp-content\/uploads\/binance-buy-sell-crypto.png 1056w, https:\/\/coinkickoff.com\/wp-content\/uploads\/binance-buy-sell-crypto-300x182.png 300w, https:\/\/coinkickoff.com\/wp-content\/uploads\/binance-buy-sell-crypto-1024x623.png 1024w, https:\/\/coinkickoff.com\/wp-content\/uploads\/binance-buy-sell-crypto-768x467.png 768w, https:\/\/coinkickoff.com\/wp-content\/uploads\/binance-buy-sell-crypto-18x12.png 18w\" sizes=\"auto, (max-width: 1056px) 100vw, 1056px\" \/><\/p>\n<p><span style=\"font-weight: 400;\">\u00c1ll\u00edtsa a v\u00e9teli oszlopot ETH \u00e9rt\u00e9kre. Itt l\u00e1thatod, hogy mennyi \u00e9tert kapsz a p\u00e9nzed\u00e9rt.<\/span><\/p>\n<p><img loading=\"lazy\" decoding=\"async\" class=\"alignnone wp-image-3250 size-full\" src=\"https:\/\/coinkickoff.com\/wp-content\/uploads\/binance-buy-sell-crypto-2.png\" alt=\"\" width=\"1079\" height=\"634\" srcset=\"https:\/\/coinkickoff.com\/wp-content\/uploads\/binance-buy-sell-crypto-2.png 1079w, https:\/\/coinkickoff.com\/wp-content\/uploads\/binance-buy-sell-crypto-2-300x176.png 300w, https:\/\/coinkickoff.com\/wp-content\/uploads\/binance-buy-sell-crypto-2-1024x602.png 1024w, https:\/\/coinkickoff.com\/wp-content\/uploads\/binance-buy-sell-crypto-2-768x451.png 768w, https:\/\/coinkickoff.com\/wp-content\/uploads\/binance-buy-sell-crypto-2-18x12.png 18w\" sizes=\"auto, (max-width: 1079px) 100vw, 1079px\" \/><\/p>\n<p><span style=\"font-weight: 400;\">Most menjen el\u0151re, \u00e9s kattintson az \"ETH megv\u00e1s\u00e1rl\u00e1sa\" gombra. A k\u00f6vetkez\u0151 oldalon kiv\u00e1laszthatja a fizet\u00e9si m\u00f3dot, \u00e9s megtekintheti a megrendel\u00e9s r\u00e9szleteit, bele\u00e9rtve az esetlegesen felmer\u00fcl\u0151 d\u00edjakat is.<\/span><\/p>\n<p><img loading=\"lazy\" decoding=\"async\" class=\"alignnone wp-image-3252 size-full\" src=\"https:\/\/coinkickoff.com\/wp-content\/uploads\/binance-crypto-buy-sell-5.png\" alt=\"Hogyan v\u00e1s\u00e1rolhat Bitcoin-t az Binance-n\u00e9l\" width=\"1047\" height=\"640\" srcset=\"https:\/\/coinkickoff.com\/wp-content\/uploads\/binance-crypto-buy-sell-5.png 1047w, https:\/\/coinkickoff.com\/wp-content\/uploads\/binance-crypto-buy-sell-5-300x183.png 300w, https:\/\/coinkickoff.com\/wp-content\/uploads\/binance-crypto-buy-sell-5-1024x626.png 1024w, https:\/\/coinkickoff.com\/wp-content\/uploads\/binance-crypto-buy-sell-5-768x469.png 768w, https:\/\/coinkickoff.com\/wp-content\/uploads\/binance-crypto-buy-sell-5-18x12.png 18w\" sizes=\"auto, (max-width: 1047px) 100vw, 1047px\" \/><\/p>\n<p><span style=\"font-weight: 400;\">Ez az! Rem\u00e9lhet\u0151leg seg\u00edtett\u00fcnk megtanulni, hogyan v\u00e1s\u00e1roljon Ethereum-t az Binance-r\u0151l. Megn\u00e9zheti az al\u00e1bbi \u00fatmutat\u00f3kat is <a href=\"https:\/\/coinkickoff.com\/hu\/how-to-buy-ethereum\/\">hogyan lehet megv\u00e1s\u00e1rolni az Ethereum-t<\/a> m\u00e1s t\u0151zsd\u00e9ken.<\/span><\/p>","protected":false},"excerpt":{"rendered":"<p>Hogyan v\u00e1s\u00e1rolhat Ethereum-t az Binance-en Az Binance a vil\u00e1g legnagyobb kriptop\u00e9nz t\u0151zsd\u00e9je a keresked\u00e9si volumen alapj\u00e1n, \u00e9s vil\u00e1gszerte milli\u00f3k haszn\u00e1lj\u00e1k a n\u00e9pszer\u0171 kriptoeszk\u00f6z\u00f6k, p\u00e9ld\u00e1ul az Bitcoin \u00e9s az Ethereum megv\u00e1s\u00e1rl\u00e1s\u00e1ra. Ebben az \u00fatmutat\u00f3ban l\u00e9p\u00e9sr\u0151l-l\u00e9p\u00e9sre ismertetj\u00fck, hogyan v\u00e1s\u00e1rolhat Ethereum-t az Binance-n, l\u00e9p\u00e9sr\u0151l-l\u00e9p\u00e9sre k\u00f6vethet\u0151 utas\u00edt\u00e1sokkal. Ha \u00d6n amerikai felhaszn\u00e1l\u00f3, k\u00e9rj\u00fck, [...]<\/p>","protected":false},"author":3,"featured_media":0,"parent":3937,"menu_order":0,"comment_status":"closed","ping_status":"closed","template":"","meta":{"_genesis_hide_title":false,"_genesis_hide_breadcrumbs":false,"_genesis_hide_singular_image":false,"_genesis_hide_footer_widgets":false,"_genesis_custom_body_class":"","_genesis_custom_post_class":"","_genesis_layout":"","_glsr_average":0,"_glsr_ranking":0,"_glsr_reviews":0,"footnotes":""},"class_list":{"0":"post-3951","1":"page","2":"type-page","3":"status-publish","5":"entry"},"featured_image_src":null,"featured_image_src_square":null,"_links":{"self":[{"href":"https:\/\/coinkickoff.com\/hu\/wp-json\/wp\/v2\/pages\/3951","targetHints":{"allow":["GET"]}}],"collection":[{"href":"https:\/\/coinkickoff.com\/hu\/wp-json\/wp\/v2\/pages"}],"about":[{"href":"https:\/\/coinkickoff.com\/hu\/wp-json\/wp\/v2\/types\/page"}],"author":[{"embeddable":true,"href":"https:\/\/coinkickoff.com\/hu\/wp-json\/wp\/v2\/users\/3"}],"replies":[{"embeddable":true,"href":"https:\/\/coinkickoff.com\/hu\/wp-json\/wp\/v2\/comments?post=3951"}],"version-history":[{"count":1,"href":"https:\/\/coinkickoff.com\/hu\/wp-json\/wp\/v2\/pages\/3951\/revisions"}],"predecessor-version":[{"id":3953,"href":"https:\/\/coinkickoff.com\/hu\/wp-json\/wp\/v2\/pages\/3951\/revisions\/3953"}],"up":[{"embeddable":true,"href":"https:\/\/coinkickoff.com\/hu\/wp-json\/wp\/v2\/pages\/3937"}],"wp:attachment":[{"href":"https:\/\/coinkickoff.com\/hu\/wp-json\/wp\/v2\/media?parent=3951"}],"curies":[{"name":"wp","href":"https:\/\/api.w.org\/{rel}","templated":true}]}}