{"id":3932,"date":"2026-01-08T14:07:49","date_gmt":"2026-01-08T14:07:49","guid":{"rendered":"https:\/\/coinkickoff.com\/?page_id=3932"},"modified":"2026-01-08T14:07:49","modified_gmt":"2026-01-08T14:07:49","slug":"how-to-buy-bitcoin-on-poloniex","status":"publish","type":"page","link":"https:\/\/coinkickoff.com\/hu\/how-to-buy-bitcoin\/how-to-buy-bitcoin-on-poloniex\/","title":{"rendered":"Hogyan v\u00e1s\u00e1rolhat Bitcoin-t a Poloniexen?"},"content":{"rendered":"<div id=\"ez-toc-container\" class=\"ez-toc-v2_0_80 counter-hierarchy ez-toc-counter ez-toc-transparent ez-toc-container-direction\">\n<div class=\"ez-toc-title-container\">\n<p class=\"ez-toc-title\" style=\"cursor:inherit\">Szakaszok<\/p>\n<span class=\"ez-toc-title-toggle\"><a href=\"#\" class=\"ez-toc-pull-right ez-toc-btn ez-toc-btn-xs ez-toc-btn-default ez-toc-toggle\" aria-label=\"Toggle Tartalomjegyz\u00e9k\"><span class=\"ez-toc-js-icon-con\"><span class=\"\"><span class=\"eztoc-hide\" style=\"display:none;\">Toggle<\/span><span class=\"ez-toc-icon-toggle-span\"><svg style=\"fill: #999;color:#999\" xmlns=\"http:\/\/www.w3.org\/2000\/svg\" class=\"list-377408\" width=\"20px\" height=\"20px\" viewbox=\"0 0 24 24\" fill=\"none\"><path d=\"M6 6H4v2h2V6zm14 0H8v2h12V6zM4 11h2v2H4v-2zm16 0H8v2h12v-2zM4 16h2v2H4v-2zm16 0H8v2h12v-2z\" fill=\"currentColor\"><\/path><\/svg><svg style=\"fill: #999;color:#999\" class=\"arrow-unsorted-368013\" xmlns=\"http:\/\/www.w3.org\/2000\/svg\" width=\"10px\" height=\"10px\" viewbox=\"0 0 24 24\" version=\"1.2\" baseprofile=\"tiny\"><path d=\"M18.2 9.3l-6.2-6.3-6.2 6.3c-.2.2-.3.4-.3.7s.1.5.3.7c.2.2.4.3.7.3h11c.3 0 .5-.1.7-.3.2-.2.3-.5.3-.7s-.1-.5-.3-.7zM5.8 14.7l6.2 6.3 6.2-6.3c.2-.2.3-.5.3-.7s-.1-.5-.3-.7c-.2-.2-.4-.3-.7-.3h-11c-.3 0-.5.1-.7.3-.2.2-.3.5-.3.7s.1.5.3.7z\"\/><\/svg><\/span><\/span><\/span><\/a><\/span><\/div>\n<nav><ul class='ez-toc-list ez-toc-list-level-1 eztoc-toggle-hide-by-default' ><li class='ez-toc-page-1 ez-toc-heading-level-1'><a class=\"ez-toc-link ez-toc-heading-1\" href=\"https:\/\/coinkickoff.com\/hu\/how-to-buy-bitcoin\/how-to-buy-bitcoin-on-poloniex\/#How_to_Buy_Bitcoin_on_Poloniex\" >Hogyan v\u00e1s\u00e1rolhat Bitcoin-t a Poloniexen?<\/a><ul class='ez-toc-list-level-2' ><li class='ez-toc-heading-level-2'><a class=\"ez-toc-link ez-toc-heading-2\" href=\"https:\/\/coinkickoff.com\/hu\/how-to-buy-bitcoin\/how-to-buy-bitcoin-on-poloniex\/#A_Step-By-Step_Guide_on_How_to_Buy_Bitcoin_on_Poloniex\" >L\u00e9p\u00e9sr\u0151l l\u00e9p\u00e9sre \u00fatmutat\u00f3 az Bitcoin megv\u00e1s\u00e1rl\u00e1s\u00e1hoz a Poloniexen<\/a><ul class='ez-toc-list-level-3' ><li class='ez-toc-heading-level-3'><a class=\"ez-toc-link ez-toc-heading-3\" href=\"https:\/\/coinkickoff.com\/hu\/how-to-buy-bitcoin\/how-to-buy-bitcoin-on-poloniex\/#1_Register_an_Account\" >1. Regisztr\u00e1ljon egy fi\u00f3kot<\/a><\/li><li class='ez-toc-page-1 ez-toc-heading-level-3'><a class=\"ez-toc-link ez-toc-heading-4\" href=\"https:\/\/coinkickoff.com\/hu\/how-to-buy-bitcoin\/how-to-buy-bitcoin-on-poloniex\/#2_Verify_Your_Account\" >2. Ellen\u0151rizze a fi\u00f3kj\u00e1t<\/a><\/li><li class='ez-toc-page-1 ez-toc-heading-level-3'><a class=\"ez-toc-link ez-toc-heading-5\" href=\"https:\/\/coinkickoff.com\/hu\/how-to-buy-bitcoin\/how-to-buy-bitcoin-on-poloniex\/#3_Buy_Crypto\" >3. V\u00e1s\u00e1roljon kript\u00f3t<\/a><\/li><li class='ez-toc-page-1 ez-toc-heading-level-3'><a class=\"ez-toc-link ez-toc-heading-6\" href=\"https:\/\/coinkickoff.com\/hu\/how-to-buy-bitcoin\/how-to-buy-bitcoin-on-poloniex\/#Now_you_know_how_to_Bitcoin_on_Poloniex_Your_Bitcoin_will_show_up_in_your_wallet_as_soon_as_your_order_is_processed\" >Most m\u00e1r tudod, hogyan kell Bitcoin a Poloniexen! Az Bitcoin megjelenik a p\u00e9nzt\u00e1rc\u00e1j\u00e1ban, amint a megrendel\u00e9s\u00e9t feldolgozt\u00e1k. \u00a0\u00a0<\/a><\/li><\/ul><\/li><\/ul><\/li><\/ul><\/nav><\/div>\n<h1><span class=\"ez-toc-section\" id=\"How_to_Buy_Bitcoin_on_Poloniex\"><\/span><span style=\"font-weight: 400;\">Hogyan v\u00e1s\u00e1rolhat Bitcoin-t a Poloniexen?<\/span><span class=\"ez-toc-section-end\"><\/span><\/h1>\n<p><img loading=\"lazy\" decoding=\"async\" class=\"alignnone wp-image-52 size-full\" src=\"https:\/\/coinkickoff.com\/wp-content\/uploads\/2022\/05\/bitcoin-btc.jpg\" alt=\"Hogyan v\u00e1s\u00e1rolhat Bitcoin-t a Poloniexen?\" width=\"1000\" height=\"667\" srcset=\"https:\/\/coinkickoff.com\/wp-content\/uploads\/2022\/05\/bitcoin-btc.jpg 1000w, https:\/\/coinkickoff.com\/wp-content\/uploads\/2022\/05\/bitcoin-btc-300x200.jpg 300w, https:\/\/coinkickoff.com\/wp-content\/uploads\/2022\/05\/bitcoin-btc-768x512.jpg 768w, https:\/\/coinkickoff.com\/wp-content\/uploads\/2022\/05\/bitcoin-btc-600x400.jpg 600w\" sizes=\"auto, (max-width: 1000px) 100vw, 1000px\" \/><\/p>\n<p><span style=\"font-weight: 400;\"><a href=\"https:\/\/coinkickoff.com\/hu\/poloniex-review\/\">Poloniex<\/a> egy meglehet\u0151sen ellentmond\u00e1sos csere, mivel a felhaszn\u00e1l\u00f3k gyakran panaszkodnak arra, hogy <a href=\"https:\/\/cointelegraph.com\/news\/mysterious-poloniex-downtime-prompts-community-frustration\" target=\"_blank\" rel=\"noopener\">nem tudj\u00e1k felvenni p\u00e9nzeszk\u00f6zeiket<\/a> a platformr\u00f3l. Ismert, hogy sok \u00e1tver\u00e9s coins. \u00d6sszess\u00e9g\u00e9ben ragadoz\u00f3 t\u0151zsdei h\u00edrn\u00e9vvel rendelkezik, b\u00e1r egyesek el\u0151nyben r\u00e9szes\u00edthetik a viszonylag magas keresked\u00e9si volumen miatt, amelyet jelent.\u00a0<\/span><\/p>\n<p><span style=\"font-weight: 400;\">Ebben a cikkben elmagyar\u00e1zzuk, hogyan v\u00e1s\u00e1rolhat <a href=\"https:\/\/coinkickoff.com\/hu\/bitcoin-btc\/\">Bitcoin<\/a> a  oldalon <a href=\"https:\/\/coinkickoff.com\/hu\/poloniex-review\/\" data-internallinksmanager029f6b8e52c=\"164\" title=\"Poloniex V\u00e9lem\u00e9nyek 2024: Fees, Features, Safety, Pros &amp; Cons\">Poloniex<\/a>.<\/span><\/p>\n<h2><span class=\"ez-toc-section\" id=\"A_Step-By-Step_Guide_on_How_to_Buy_Bitcoin_on_Poloniex\"><\/span><span style=\"font-weight: 400;\">L\u00e9p\u00e9sr\u0151l l\u00e9p\u00e9sre \u00fatmutat\u00f3 az Bitcoin megv\u00e1s\u00e1rl\u00e1s\u00e1hoz a Poloniexen<\/span><span class=\"ez-toc-section-end\"><\/span><\/h2>\n<h3><span class=\"ez-toc-section\" id=\"1_Register_an_Account\"><\/span><span style=\"font-weight: 400;\">1. Regisztr\u00e1ljon egy fi\u00f3kot<\/span><span class=\"ez-toc-section-end\"><\/span><\/h3>\n<p><span style=\"font-weight: 400;\">L\u00e1togasson el a Poloniex hivatalos weboldal\u00e1ra, \u00e9s regisztr\u00e1ljon.<\/span><\/p>\n<p><img loading=\"lazy\" decoding=\"async\" class=\"alignnone wp-image-3397 size-full\" src=\"https:\/\/coinkickoff.com\/wp-content\/uploads\/poloniex-sign-up.png\" alt=\"poloniex feliratkoz\u00e1s\" width=\"1436\" height=\"653\" srcset=\"https:\/\/coinkickoff.com\/wp-content\/uploads\/poloniex-sign-up.png 1436w, https:\/\/coinkickoff.com\/wp-content\/uploads\/poloniex-sign-up-300x136.png 300w, https:\/\/coinkickoff.com\/wp-content\/uploads\/poloniex-sign-up-1024x466.png 1024w, https:\/\/coinkickoff.com\/wp-content\/uploads\/poloniex-sign-up-768x349.png 768w, https:\/\/coinkickoff.com\/wp-content\/uploads\/poloniex-sign-up-18x8.png 18w\" sizes=\"auto, (max-width: 1436px) 100vw, 1436px\" \/><\/p>\n<p><span style=\"font-weight: 400;\">A fi\u00f3k l\u00e9trehoz\u00e1s\u00e1t k\u00f6vet\u0151en kapni fog egy aktiv\u00e1l\u00f3 k\u00f3dot e-mailben. A k\u00f3dot haszn\u00e1lhatja a bejelentkez\u00e9shez.<\/span><\/p>\n<h3><span class=\"ez-toc-section\" id=\"2_Verify_Your_Account\"><\/span><span style=\"font-weight: 400;\">2. Ellen\u0151rizze a fi\u00f3kj\u00e1t<\/span><span class=\"ez-toc-section-end\"><\/span><\/h3>\n<p><span style=\"font-weight: 400;\">A Poloniexen az 1. szintre leszel verifik\u00e1lva a regisztr\u00e1ci\u00f3kor. A 2. szint\u0171 verifik\u00e1ci\u00f3t elv\u00e9gezheti, hogy n\u00f6velje a kifizet\u00e9si \u00e9s keresked\u00e9si limiteket.<\/span><\/p>\n<p><span style=\"font-weight: 400;\">Kattintson az oldal jobb fels\u0151 sark\u00e1ban l\u00e9v\u0151 profil ikonra, \u00e9s l\u00e9pjen a \"Profil\" men\u00fcpontra.<\/span><\/p>\n<p><span style=\"font-weight: 400;\">Kattintson a \"Get Started\" gombra a 2. szint\u0171 ellen\u0151rz\u00e9sre val\u00f3 friss\u00edt\u00e9shez. <\/span><\/p>\n<p><img loading=\"lazy\" decoding=\"async\" class=\"alignnone wp-image-3398 size-full\" src=\"https:\/\/coinkickoff.com\/wp-content\/uploads\/poloniex-verification.png\" alt=\"poloniex ellen\u0151rz\u00e9s\" width=\"1437\" height=\"679\" srcset=\"https:\/\/coinkickoff.com\/wp-content\/uploads\/poloniex-verification.png 1437w, https:\/\/coinkickoff.com\/wp-content\/uploads\/poloniex-verification-300x142.png 300w, https:\/\/coinkickoff.com\/wp-content\/uploads\/poloniex-verification-1024x484.png 1024w, https:\/\/coinkickoff.com\/wp-content\/uploads\/poloniex-verification-768x363.png 768w, https:\/\/coinkickoff.com\/wp-content\/uploads\/poloniex-verification-18x9.png 18w\" sizes=\"auto, (max-width: 1437px) 100vw, 1437px\" \/><\/p>\n<p><span style=\"font-weight: 400;\">T\u00f6ltse ki az inform\u00e1ci\u00f3s \u0171rlapot, \u00e9s t\u00f6lts\u00f6n fel egy hivatalos f\u00e9nyk\u00e9pes igazolv\u00e1nyt, p\u00e9ld\u00e1ul \u00fatlevelet vagy jogos\u00edtv\u00e1nyt.<\/span><\/p>\n<h3><span class=\"ez-toc-section\" id=\"3_Buy_Crypto\"><\/span><span style=\"font-weight: 400;\">3. V\u00e1s\u00e1roljon kript\u00f3t<\/span><span class=\"ez-toc-section-end\"><\/span><\/h3>\n<p><span style=\"font-weight: 400;\">A Poloniex lehet\u0151v\u00e9 teszi, hogy kriptovalut\u00e1kat v\u00e1s\u00e1roljon egyetlen kattint\u00e1ssal olyan harmadik f\u00e9lt\u0151l sz\u00e1rmaz\u00f3 fizet\u00e9si csatorn\u00e1kon kereszt\u00fcl, mint a Simplex \u00e9s a Mercuryo. Csak kattintson a \"Crypto megv\u00e1s\u00e1rl\u00e1sa\" gombra.\u00a0<\/span><\/p>\n<p><span style=\"font-weight: 400;\">Az easy-buy oldalon hozza l\u00e9tre az BTC megrendel\u00e9s\u00e9t. T\u00f6ltse ki a rendel\u00e9si \u0171rlapot, \u00e9s adja meg az \u00f6sszeget, amelyet a k\u00f6vetkez\u0151kre szeretne k\u00f6lteni <a href=\"https:\/\/coinkickoff.com\/hu\/bitcoin-btc\/\" data-internallinksmanager029f6b8e52c=\"1\" title=\"Mi az Bitcoin (BTC)? \u00c1r, t\u00f6rt\u00e9net \u00e9s hol lehet megv\u00e1s\u00e1rolni\">Bitcoin<\/a>. \u00c1ltal\u00e1ban legal\u00e1bb 20 USD limit van.<\/span><\/p>\n<p><span style=\"font-weight: 400;\">V\u00e1lassza ki a felk\u00edn\u00e1lt fizet\u00e9si m\u00f3dok egyik\u00e9t. Az oldal jobb oldal\u00e1n megjelennek a rendel\u00e9s r\u00e9szletei, bele\u00e9rtve a felsz\u00e1m\u00edtott d\u00edjakat is. Ha a megrendel\u00e9se megfelel\u0151nek t\u0171nik, kattintson a \"K\u00fcld\u00e9s\" gombra.\u00a0<\/span><\/p>\n<p><span style=\"font-weight: 400;\">A Simplex vagy Mercuryo fi\u00f3kj\u00e1ba fog \u00e1tir\u00e1ny\u00edtani, hogy meger\u0151s\u00edtse a v\u00e1s\u00e1rl\u00e1st.<\/span><\/p>\n<p><img loading=\"lazy\" decoding=\"async\" class=\"alignnone wp-image-3399 size-full\" src=\"https:\/\/coinkickoff.com\/wp-content\/uploads\/poloniex-buy-crypto.png\" alt=\"\" width=\"1436\" height=\"793\" srcset=\"https:\/\/coinkickoff.com\/wp-content\/uploads\/poloniex-buy-crypto.png 1436w, https:\/\/coinkickoff.com\/wp-content\/uploads\/poloniex-buy-crypto-300x166.png 300w, https:\/\/coinkickoff.com\/wp-content\/uploads\/poloniex-buy-crypto-1024x565.png 1024w, https:\/\/coinkickoff.com\/wp-content\/uploads\/poloniex-buy-crypto-768x424.png 768w, https:\/\/coinkickoff.com\/wp-content\/uploads\/poloniex-buy-crypto-18x10.png 18w\" sizes=\"auto, (max-width: 1436px) 100vw, 1436px\" \/><\/p>\n<h3><span class=\"ez-toc-section\" id=\"Now_you_know_how_to_Bitcoin_on_Poloniex_Your_Bitcoin_will_show_up_in_your_wallet_as_soon_as_your_order_is_processed\"><\/span><span style=\"font-size: 18px; font-family: Muli, sans-serif;\"><span style=\"font-weight: 400;\">Most m\u00e1r tudod, hogyan kell Bitcoin a Poloniexen! Az Bitcoin megjelenik a p\u00e9nzt\u00e1rc\u00e1j\u00e1ban, amint a megrendel\u00e9s\u00e9t feldolgozt\u00e1k. <\/span>\u00a0<\/span><span style=\"font-size: 18px; font-family: Muli, sans-serif;\">\u00a0<\/span><span class=\"ez-toc-section-end\"><\/span><\/h3>\n<p>&nbsp;<\/p>","protected":false},"excerpt":{"rendered":"<p>Hogyan lehet megv\u00e1s\u00e1rolni az Bitcoin-t a Poloniex-en A Poloniex meglehet\u0151sen ellentmond\u00e1sos t\u0151zsde, mivel a felhaszn\u00e1l\u00f3k gyakran panaszkodnak arra, hogy nem tudj\u00e1k kivenni a p\u00e9nz\u00fcket a platformr\u00f3l. K\u00f6zismert arr\u00f3l, hogy sok \u00e1tver\u00e9ses coins-t fogad. \u00d6sszess\u00e9g\u00e9ben ragadoz\u00f3 t\u0151zsdei h\u00edrneve van, b\u00e1r egyesek a viszonylag magas keresked\u00e9si volumen miatt el\u0151nyben r\u00e9szes\u00edthetik [...]<\/p>","protected":false},"author":3,"featured_media":0,"parent":3885,"menu_order":0,"comment_status":"closed","ping_status":"closed","template":"","meta":{"_genesis_hide_title":false,"_genesis_hide_breadcrumbs":false,"_genesis_hide_singular_image":false,"_genesis_hide_footer_widgets":false,"_genesis_custom_body_class":"","_genesis_custom_post_class":"","_genesis_layout":"","_glsr_average":0,"_glsr_ranking":0,"_glsr_reviews":0,"footnotes":""},"class_list":{"0":"post-3932","1":"page","2":"type-page","3":"status-publish","5":"entry"},"featured_image_src":null,"featured_image_src_square":null,"_links":{"self":[{"href":"https:\/\/coinkickoff.com\/hu\/wp-json\/wp\/v2\/pages\/3932","targetHints":{"allow":["GET"]}}],"collection":[{"href":"https:\/\/coinkickoff.com\/hu\/wp-json\/wp\/v2\/pages"}],"about":[{"href":"https:\/\/coinkickoff.com\/hu\/wp-json\/wp\/v2\/types\/page"}],"author":[{"embeddable":true,"href":"https:\/\/coinkickoff.com\/hu\/wp-json\/wp\/v2\/users\/3"}],"replies":[{"embeddable":true,"href":"https:\/\/coinkickoff.com\/hu\/wp-json\/wp\/v2\/comments?post=3932"}],"version-history":[{"count":2,"href":"https:\/\/coinkickoff.com\/hu\/wp-json\/wp\/v2\/pages\/3932\/revisions"}],"predecessor-version":[{"id":4120,"href":"https:\/\/coinkickoff.com\/hu\/wp-json\/wp\/v2\/pages\/3932\/revisions\/4120"}],"up":[{"embeddable":true,"href":"https:\/\/coinkickoff.com\/hu\/wp-json\/wp\/v2\/pages\/3885"}],"wp:attachment":[{"href":"https:\/\/coinkickoff.com\/hu\/wp-json\/wp\/v2\/media?parent=3932"}],"curies":[{"name":"wp","href":"https:\/\/api.w.org\/{rel}","templated":true}]}}