{"id":3920,"date":"2026-01-08T14:07:48","date_gmt":"2026-01-08T14:07:48","guid":{"rendered":"https:\/\/coinkickoff.com\/?page_id=3920"},"modified":"2026-01-08T14:07:48","modified_gmt":"2026-01-08T14:07:48","slug":"how-to-buy-bitcoin-on-kraken","status":"publish","type":"page","link":"https:\/\/coinkickoff.com\/hu\/how-to-buy-bitcoin\/how-to-buy-bitcoin-on-kraken\/","title":{"rendered":"Hogyan v\u00e1s\u00e1rolhat Bitcoin-t a Kraken-en?"},"content":{"rendered":"<div id=\"ez-toc-container\" class=\"ez-toc-v2_0_80 counter-hierarchy ez-toc-counter ez-toc-transparent ez-toc-container-direction\">\n<div class=\"ez-toc-title-container\">\n<p class=\"ez-toc-title\" style=\"cursor:inherit\">Szakaszok<\/p>\n<span class=\"ez-toc-title-toggle\"><a href=\"#\" class=\"ez-toc-pull-right ez-toc-btn ez-toc-btn-xs ez-toc-btn-default ez-toc-toggle\" aria-label=\"Toggle Tartalomjegyz\u00e9k\"><span class=\"ez-toc-js-icon-con\"><span class=\"\"><span class=\"eztoc-hide\" style=\"display:none;\">Toggle<\/span><span class=\"ez-toc-icon-toggle-span\"><svg style=\"fill: #999;color:#999\" xmlns=\"http:\/\/www.w3.org\/2000\/svg\" class=\"list-377408\" width=\"20px\" height=\"20px\" viewbox=\"0 0 24 24\" fill=\"none\"><path d=\"M6 6H4v2h2V6zm14 0H8v2h12V6zM4 11h2v2H4v-2zm16 0H8v2h12v-2zM4 16h2v2H4v-2zm16 0H8v2h12v-2z\" fill=\"currentColor\"><\/path><\/svg><svg style=\"fill: #999;color:#999\" class=\"arrow-unsorted-368013\" xmlns=\"http:\/\/www.w3.org\/2000\/svg\" width=\"10px\" height=\"10px\" viewbox=\"0 0 24 24\" version=\"1.2\" baseprofile=\"tiny\"><path d=\"M18.2 9.3l-6.2-6.3-6.2 6.3c-.2.2-.3.4-.3.7s.1.5.3.7c.2.2.4.3.7.3h11c.3 0 .5-.1.7-.3.2-.2.3-.5.3-.7s-.1-.5-.3-.7zM5.8 14.7l6.2 6.3 6.2-6.3c.2-.2.3-.5.3-.7s-.1-.5-.3-.7c-.2-.2-.4-.3-.7-.3h-11c-.3 0-.5.1-.7.3-.2.2-.3.5-.3.7s.1.5.3.7z\"\/><\/svg><\/span><\/span><\/span><\/a><\/span><\/div>\n<nav><ul class='ez-toc-list ez-toc-list-level-1 eztoc-toggle-hide-by-default' ><li class='ez-toc-page-1 ez-toc-heading-level-1'><a class=\"ez-toc-link ez-toc-heading-1\" href=\"https:\/\/coinkickoff.com\/hu\/how-to-buy-bitcoin\/how-to-buy-bitcoin-on-kraken\/#How_to_Buy_Bitcoin_on_Kraken\" >Hogyan v\u00e1s\u00e1rolhat Bitcoin-t a Kraken-en?<\/a><ul class='ez-toc-list-level-2' ><li class='ez-toc-heading-level-2'><a class=\"ez-toc-link ez-toc-heading-2\" href=\"https:\/\/coinkickoff.com\/hu\/how-to-buy-bitcoin\/how-to-buy-bitcoin-on-kraken\/#A_Step-By-Step_Guide_on_How_to_Buy_Bitcoin_on_Kraken\" >L\u00e9p\u00e9sr\u0151l l\u00e9p\u00e9sre \u00fatmutat\u00f3 az Bitcoin v\u00e1s\u00e1rl\u00e1s\u00e1hoz a Kraken-en<\/a><ul class='ez-toc-list-level-3' ><li class='ez-toc-heading-level-3'><a class=\"ez-toc-link ez-toc-heading-3\" href=\"https:\/\/coinkickoff.com\/hu\/how-to-buy-bitcoin\/how-to-buy-bitcoin-on-kraken\/#1_Register_an_Account_on_Kraken\" >1. Regisztr\u00e1ljon egy fi\u00f3kot a Kraken-en<\/a><\/li><li class='ez-toc-page-1 ez-toc-heading-level-3'><a class=\"ez-toc-link ez-toc-heading-4\" href=\"https:\/\/coinkickoff.com\/hu\/how-to-buy-bitcoin\/how-to-buy-bitcoin-on-kraken\/#2_Verify_Your_Account\" >2. Ellen\u0151rizze a fi\u00f3kj\u00e1t<\/a><\/li><li class='ez-toc-page-1 ez-toc-heading-level-3'><a class=\"ez-toc-link ez-toc-heading-5\" href=\"https:\/\/coinkickoff.com\/hu\/how-to-buy-bitcoin\/how-to-buy-bitcoin-on-kraken\/#3_Enable_2FA\" >3. 2FA enged\u00e9lyez\u00e9se<\/a><\/li><li class='ez-toc-page-1 ez-toc-heading-level-3'><a class=\"ez-toc-link ez-toc-heading-6\" href=\"https:\/\/coinkickoff.com\/hu\/how-to-buy-bitcoin\/how-to-buy-bitcoin-on-kraken\/#4_Add_an_Instant_Payment_Method\" >4. Azonnali fizet\u00e9si m\u00f3d hozz\u00e1ad\u00e1sa<\/a><\/li><li class='ez-toc-page-1 ez-toc-heading-level-3'><a class=\"ez-toc-link ez-toc-heading-7\" href=\"https:\/\/coinkickoff.com\/hu\/how-to-buy-bitcoin\/how-to-buy-bitcoin-on-kraken\/#4_Navigate_to_the_Relevant_Screen_to_Buy\" >4. Navig\u00e1ljon a megfelel\u0151 k\u00e9perny\u0151re a v\u00e1s\u00e1rl\u00e1shoz<\/a><\/li><\/ul><\/li><\/ul><\/li><\/ul><\/nav><\/div>\n<h1><span class=\"ez-toc-section\" id=\"How_to_Buy_Bitcoin_on_Kraken\"><\/span><span style=\"font-weight: 400;\">Hogyan v\u00e1s\u00e1rolhat Bitcoin-t a Kraken-en?<\/span><span class=\"ez-toc-section-end\"><\/span><\/h1>\n<p><span style=\"font-weight: 400;\"><a href=\"https:\/\/coinkickoff.com\/hu\/kraken-review\/\">Kraken<\/a> egy veter\u00e1n amerikai sz\u00e9khely\u0171 t\u0151zsde, amely magas szint\u0171 biztons\u00e1g\u00e1r\u00f3l h\u00edres. Megv\u00e1s\u00e1rolhat t\u00f6bb altcoins valamint <a href=\"https:\/\/coinkickoff.com\/hu\/bitcoin-btc\/\">Bitcoin<\/a> a platformon. Itt van az \u00fatmutat\u00f3 a v\u00e1s\u00e1rl\u00e1shoz <a href=\"https:\/\/coinkickoff.com\/hu\/bitcoin-btc\/\" data-internallinksmanager029f6b8e52c=\"1\" title=\"Mi az Bitcoin (BTC)? \u00c1r, t\u00f6rt\u00e9net \u00e9s hol lehet megv\u00e1s\u00e1rolni\">Bitcoin<\/a> a  oldalon <a href=\"https:\/\/coinkickoff.com\/hu\/kraken-review\/\" data-internallinksmanager029f6b8e52c=\"171\" title=\"Kraken V\u00e9lem\u00e9nyek 2023: Kraken: D\u00edjak, jellemz\u0151k, biztons\u00e1g, el\u0151ny\u00f6k \u00e9s h\u00e1tr\u00e1nyok\">Kraken<\/a>.<\/span><\/p>\n<h2><span class=\"ez-toc-section\" id=\"A_Step-By-Step_Guide_on_How_to_Buy_Bitcoin_on_Kraken\"><\/span><span style=\"font-weight: 400;\">L\u00e9p\u00e9sr\u0151l l\u00e9p\u00e9sre \u00fatmutat\u00f3 az Bitcoin v\u00e1s\u00e1rl\u00e1s\u00e1hoz a Kraken-en<\/span><span class=\"ez-toc-section-end\"><\/span><\/h2>\n<h3><span class=\"ez-toc-section\" id=\"1_Register_an_Account_on_Kraken\"><\/span><span style=\"font-weight: 400;\">1. Regisztr\u00e1ljon egy fi\u00f3kot a Kraken-en<\/span><span class=\"ez-toc-section-end\"><\/span><\/h3>\n<p><a href=\"https:\/\/kraken.pxf.io\/B0Rny4\" rel=\"nofollow noopener\" target=\"_blank\"><img loading=\"lazy\" decoding=\"async\" class=\"alignnone wp-image-3406 size-full\" src=\"https:\/\/coinkickoff.com\/wp-content\/uploads\/kraken1-e1682502957481.png\" alt=\"hogyan lehet megv\u00e1s\u00e1rolni az Dogecoin-t a Kraken-en\" width=\"1339\" height=\"763\" srcset=\"https:\/\/coinkickoff.com\/wp-content\/uploads\/kraken1-e1682502957481.png 1339w, https:\/\/coinkickoff.com\/wp-content\/uploads\/kraken1-e1682502957481-300x171.png 300w, https:\/\/coinkickoff.com\/wp-content\/uploads\/kraken1-e1682502957481-1024x584.png 1024w, https:\/\/coinkickoff.com\/wp-content\/uploads\/kraken1-e1682502957481-768x438.png 768w, https:\/\/coinkickoff.com\/wp-content\/uploads\/kraken1-e1682502957481-18x10.png 18w\" sizes=\"auto, (max-width: 1339px) 100vw, 1339px\" \/><\/a><\/p>\n<p><span style=\"font-weight: 400;\"><a href=\"https:\/\/kraken.pxf.io\/B0Rny4\" rel=\"nofollow noopener\" target=\"_blank\">Kezdje a Kraken weboldal\u00e1n, \u00e9s nyisson egy sz\u00e1ml\u00e1t.<\/a>. A Kraken k\u00fcld egy aktiv\u00e1l\u00f3 linket az \u00d6n e-mail c\u00edm\u00e9re a regisztr\u00e1ci\u00f3 befejez\u00e9s\u00e9hez. Haszn\u00e1lja a linket a fi\u00f3kj\u00e1ba val\u00f3 bejelentkez\u00e9shez.<\/span><\/p>\n<h3><span class=\"ez-toc-section\" id=\"2_Verify_Your_Account\"><\/span><span style=\"font-weight: 400;\">2. Ellen\u0151rizze a fi\u00f3kj\u00e1t<\/span><span class=\"ez-toc-section-end\"><\/span><\/h3>\n<p><span style=\"font-weight: 400;\">A Kraken-en t\u00f6rt\u00e9n\u0151 kriptov\u00e1s\u00e1rl\u00e1shoz \u00e9s -kereskedelemhez teljes k\u00f6r\u0171 szem\u00e9lyazonoss\u00e1g-ellen\u0151rz\u00e9st kell v\u00e9geznie. Az ellen\u0151rz\u0151 k\u00e9r\u00e9st a \"Crypto v\u00e1s\u00e1rl\u00e1s\" gombra kattintva ind\u00edthatja el.<\/span><\/p>\n<p><a href=\"https:\/\/kraken.pxf.io\/B0Rny4\" rel=\"nofollow noopener\" target=\"_blank\"><img loading=\"lazy\" decoding=\"async\" class=\"alignnone wp-image-3407 size-full\" src=\"https:\/\/coinkickoff.com\/wp-content\/uploads\/kraken2-e1686524781685.png\" alt=\"kraken ellen\u0151rz\u00e9si figyelmeztet\u00e9s\" width=\"1360\" height=\"791\" srcset=\"https:\/\/coinkickoff.com\/wp-content\/uploads\/kraken2-e1686524781685.png 1360w, https:\/\/coinkickoff.com\/wp-content\/uploads\/kraken2-e1686524781685-300x174.png 300w, https:\/\/coinkickoff.com\/wp-content\/uploads\/kraken2-e1686524781685-1024x596.png 1024w, https:\/\/coinkickoff.com\/wp-content\/uploads\/kraken2-e1686524781685-768x447.png 768w, https:\/\/coinkickoff.com\/wp-content\/uploads\/kraken2-e1686524781685-18x10.png 18w\" sizes=\"auto, (max-width: 1360px) 100vw, 1360px\" \/><\/a><\/p>\n<p><span style=\"font-weight: 400;\">T\u00f6ltse ki az azonos\u00edt\u00f3 \u0171rlapot. Gy\u0151z\u0151dj\u00f6n meg r\u00f3la, hogy adatai megegyeznek a szem\u00e9lyazonos\u00edt\u00f3 okm\u00e1nyokkal. Kattintson a \"Folytat\u00e1s\" gombra.<\/span><\/p>\n<p><a href=\"https:\/\/kraken.pxf.io\/B0Rny4\" rel=\"nofollow noopener\" target=\"_blank\"><img loading=\"lazy\" decoding=\"async\" class=\"alignnone wp-image-3408 size-full\" src=\"https:\/\/coinkickoff.com\/wp-content\/uploads\/kraken3-e1682503223180.png\" alt=\"\" width=\"1375\" height=\"777\" srcset=\"https:\/\/coinkickoff.com\/wp-content\/uploads\/kraken3-e1682503223180.png 1375w, https:\/\/coinkickoff.com\/wp-content\/uploads\/kraken3-e1682503223180-300x170.png 300w, https:\/\/coinkickoff.com\/wp-content\/uploads\/kraken3-e1682503223180-1024x579.png 1024w, https:\/\/coinkickoff.com\/wp-content\/uploads\/kraken3-e1682503223180-768x434.png 768w, https:\/\/coinkickoff.com\/wp-content\/uploads\/kraken3-e1682503223180-18x10.png 18w, https:\/\/coinkickoff.com\/wp-content\/uploads\/kraken3-e1682503223180-600x338.png 600w\" sizes=\"auto, (max-width: 1375px) 100vw, 1375px\" \/><\/a><\/p>\n<p><span style=\"font-weight: 400;\">A k\u00f6vetkez\u0151 oldalon fel kell t\u00f6ltenie egy hivatalos f\u00e9nyk\u00e9pes igazolv\u00e1nyt. Felt\u00f6ltheti a nemzeti szem\u00e9lyazonos\u00edt\u00f3 igazolv\u00e1ny, az \u00fatlev\u00e9l oldal\u00e1nak vagy a jogos\u00edtv\u00e1ny\u00e1nak f\u00e9nyk\u00e9p\u00e9t.<\/span><\/p>\n<h3><span class=\"ez-toc-section\" id=\"3_Enable_2FA\"><\/span><span style=\"font-weight: 400;\">3. 2FA enged\u00e9lyez\u00e9se<\/span><span class=\"ez-toc-section-end\"><\/span><\/h3>\n<p><span style=\"font-weight: 400;\">Miel\u0151tt befizetne a Krakenre, l\u00e9pjen be a Profil \u00e9s a biztons\u00e1gi be\u00e1ll\u00edt\u00e1sok k\u00f6z\u00e9, \u00e9s kapcsolja be a 2FA-t. Ez biztos\u00edtja, hogy a fi\u00f3kja akkor is v\u00e9dve legyen, ha a jelszava vesz\u00e9lybe ker\u00fcl.\u00a0<\/span><\/p>\n<p><img loading=\"lazy\" decoding=\"async\" class=\"alignnone wp-image-3409 size-full\" src=\"https:\/\/coinkickoff.com\/wp-content\/uploads\/kraken4-e1682503267822.png\" alt=\"\" width=\"1360\" height=\"795\" srcset=\"https:\/\/coinkickoff.com\/wp-content\/uploads\/kraken4-e1682503267822.png 1360w, https:\/\/coinkickoff.com\/wp-content\/uploads\/kraken4-e1682503267822-300x175.png 300w, https:\/\/coinkickoff.com\/wp-content\/uploads\/kraken4-e1682503267822-1024x599.png 1024w, https:\/\/coinkickoff.com\/wp-content\/uploads\/kraken4-e1682503267822-768x449.png 768w, https:\/\/coinkickoff.com\/wp-content\/uploads\/kraken4-e1682503267822-18x12.png 18w\" sizes=\"auto, (max-width: 1360px) 100vw, 1360px\" \/><\/p>\n<p><span style=\"font-weight: 400;\">A Kraken megk\u00f6veteli a 2FA enged\u00e9lyez\u00e9s\u00e9t a bejelentkez\u00e9sekhez, de m\u00e1s m\u0171veletekhez, p\u00e9ld\u00e1ul a finansz\u00edroz\u00e1shoz \u00e9s a keresked\u00e9shez is enged\u00e9lyezheti. A folyamat elind\u00edt\u00e1s\u00e1hoz egyszer\u0171en kattintson az \"Aktiv\u00e1l\u00e1s most\" gombra.<\/span><\/p>\n<p><a href=\"https:\/\/kraken.pxf.io\/B0Rny4\" rel=\"nofollow noopener\" target=\"_blank\"><span style=\"font-weight: 400;\"><img loading=\"lazy\" decoding=\"async\" class=\"alignnone wp-image-3405 size-full\" src=\"https:\/\/coinkickoff.com\/wp-content\/uploads\/kraken-5-e1682503294785.png\" alt=\"\" width=\"1357\" height=\"770\" srcset=\"https:\/\/coinkickoff.com\/wp-content\/uploads\/kraken-5-e1682503294785.png 1357w, https:\/\/coinkickoff.com\/wp-content\/uploads\/kraken-5-e1682503294785-300x170.png 300w, https:\/\/coinkickoff.com\/wp-content\/uploads\/kraken-5-e1682503294785-1024x581.png 1024w, https:\/\/coinkickoff.com\/wp-content\/uploads\/kraken-5-e1682503294785-768x436.png 768w, https:\/\/coinkickoff.com\/wp-content\/uploads\/kraken-5-e1682503294785-18x10.png 18w\" sizes=\"auto, (max-width: 1357px) 100vw, 1357px\" \/><\/span><\/a><\/p>\n<p><span style=\"font-weight: 400;\">El\u0151sz\u00f6r t\u00f6ltse le a Google Authenticator alkalmaz\u00e1st. Az alkalmaz\u00e1s l\u00e9trehoz egy biztons\u00e1gi k\u00f3dot, amikor beolvassa a QR-k\u00f3dot a 2FA be\u00e1ll\u00edt\u00e1sa oldalon. \u00cdrja be a k\u00f3dot, \u00e9s kattintson a \"Meger\u0151s\u00edt\u00e9s\" gombra.<\/span><\/p>\n<p><img loading=\"lazy\" decoding=\"async\" class=\"alignnone wp-image-3410 size-full\" src=\"https:\/\/coinkickoff.com\/wp-content\/uploads\/kraken6-e1682503322525.png\" alt=\"\" width=\"1357\" height=\"791\" \/><\/p>\n<h3><span class=\"ez-toc-section\" id=\"4_Add_an_Instant_Payment_Method\"><\/span><span style=\"font-weight: 400;\">4. Azonnali fizet\u00e9si m\u00f3d hozz\u00e1ad\u00e1sa<\/span><span class=\"ez-toc-section-end\"><\/span><\/h3>\n<p><span style=\"font-weight: 400;\">Azonnali fizet\u00e9si m\u00f3d hozz\u00e1ad\u00e1s\u00e1val egy kattint\u00e1ssal v\u00e1s\u00e1rolhat Bitcoin-t vagy m\u00e1s digit\u00e1lis valut\u00e1kat a Kraken-en. Ehhez csak kattintson a \"Crypto megv\u00e1s\u00e1rl\u00e1sa\" gombra. A k\u00f6vetkez\u0151 oldalon v\u00e1lassza a \"Fizet\u00e9si m\u00f3dok hozz\u00e1ad\u00e1sa\" lehet\u0151s\u00e9get.\u00a0<\/span><\/p>\n<p><img loading=\"lazy\" decoding=\"async\" class=\"alignnone wp-image-3412 size-full\" src=\"https:\/\/coinkickoff.com\/wp-content\/uploads\/kraken8-e1682503364155.png\" alt=\"hogyan lehet megv\u00e1s\u00e1rolni az Shiba Inu-t a Krakenen\" width=\"1206\" height=\"781\" srcset=\"https:\/\/coinkickoff.com\/wp-content\/uploads\/kraken8-e1682503364155.png 1206w, https:\/\/coinkickoff.com\/wp-content\/uploads\/kraken8-e1682503364155-300x194.png 300w, https:\/\/coinkickoff.com\/wp-content\/uploads\/kraken8-e1682503364155-1024x663.png 1024w, https:\/\/coinkickoff.com\/wp-content\/uploads\/kraken8-e1682503364155-768x497.png 768w, https:\/\/coinkickoff.com\/wp-content\/uploads\/kraken8-e1682503364155-18x12.png 18w\" sizes=\"auto, (max-width: 1206px) 100vw, 1206px\" \/><\/p>\n<p><span style=\"font-weight: 400;\">V\u00e1lassza ki a \"Fizet\u0151k\u00e1rtya hozz\u00e1ad\u00e1sa\" lehet\u0151s\u00e9get.<\/span><\/p>\n<p><img loading=\"lazy\" decoding=\"async\" class=\"alignnone wp-image-3413 size-full\" src=\"https:\/\/coinkickoff.com\/wp-content\/uploads\/kraken9-e1682503407337.png\" alt=\"Hogyan v\u00e1s\u00e1rolhat Bitcoin-t a Kraken-en?\" width=\"1196\" height=\"776\" srcset=\"https:\/\/coinkickoff.com\/wp-content\/uploads\/kraken9-e1682503407337.png 1196w, https:\/\/coinkickoff.com\/wp-content\/uploads\/kraken9-e1682503407337-300x195.png 300w, https:\/\/coinkickoff.com\/wp-content\/uploads\/kraken9-e1682503407337-1024x664.png 1024w, https:\/\/coinkickoff.com\/wp-content\/uploads\/kraken9-e1682503407337-768x498.png 768w, https:\/\/coinkickoff.com\/wp-content\/uploads\/kraken9-e1682503407337-18x12.png 18w\" sizes=\"auto, (max-width: 1196px) 100vw, 1196px\" \/><\/p>\n<p><span style=\"font-weight: 400;\">A k\u00f6vetkez\u0151 oldalon adja meg a k\u00e1rtya adatait. Miut\u00e1n hozz\u00e1adta a k\u00e1rty\u00e1j\u00e1t, azonnal megv\u00e1s\u00e1rolhatja az Bitcoin-t a platformr\u00f3l.<\/span><\/p>\n<h3><span class=\"ez-toc-section\" id=\"4_Navigate_to_the_Relevant_Screen_to_Buy\"><\/span><span style=\"font-weight: 400;\">4. Navig\u00e1ljon a megfelel\u0151 k\u00e9perny\u0151re a v\u00e1s\u00e1rl\u00e1shoz<\/span><span class=\"ez-toc-section-end\"><\/span><\/h3>\n<p><span style=\"font-weight: 400;\">Az Bitcoin k\u00e9tf\u00e9lek\u00e9ppen v\u00e1s\u00e1rolhat\u00f3 meg a k\u00f6vetkez\u0151 weboldalon <a href=\"https:\/\/coinkickoff.com\/hu\/binance-review\/\" data-internallinksmanager029f6b8e52c=\"152\" title=\"Binance V\u00e9lem\u00e9nyek 2024: Jellemz\u0151k, d\u00edjak, biztons\u00e1g, el\u0151ny\u00f6k \u00e9s h\u00e1tr\u00e1nyok\">Binance<\/a>. Ha hitel- vagy bankk\u00e1rty\u00e1t adott hozz\u00e1 a sz\u00e1ml\u00e1j\u00e1hoz, akkor haszn\u00e1lhatja az azonnali v\u00e1s\u00e1rl\u00e1s funkci\u00f3t. Ha k\u00e9szp\u00e9nzt helyezett el a sz\u00e1ml\u00e1j\u00e1n, akkor USD-t BTC-re v\u00e1lthat \u00e1t.<\/span><\/p>\n<p><span style=\"font-weight: 400;\">Kezdj\u00fck a hitelk\u00e1rty\u00e1s v\u00e1s\u00e1rl\u00e1sokkal. Kattintsunk ism\u00e9t a \"Buy Crypto\" gombra, \u00e9s v\u00e1lasszuk a \"Buy\" lehet\u0151s\u00e9get.<\/span><\/p>\n<p><span style=\"font-weight: 400;\">A Kraken lehet\u0151v\u00e9 teszi sz\u00e1mos digit\u00e1lis eszk\u00f6z k\u00f6zvetlen megv\u00e1s\u00e1rl\u00e1s\u00e1t fiat p\u00e9nzzel, bele\u00e9rtve az Bitcoin-t is. Csak \u00edrja be az BTC-t a keres\u0151s\u00e1vba, \u00e9s v\u00e1lassza ki az Bitcoin-t a list\u00e1b\u00f3l.\u00a0<\/span><\/p>\n<p><span style=\"font-weight: 400;\">A megrendel\u0151lapon adja meg, hogy mennyit szeretne k\u00f6lteni az BTC-re, \u00e9s v\u00e1lassza ki a k\u00e1rty\u00e1j\u00e1t fizet\u00e9si m\u00f3dk\u00e9nt.<\/span><\/p>\n<p><span style=\"font-weight: 400;\">Amikor a \"Meger\u0151s\u00edt\u00e9s\" gombra kattint, a Kraken megjelen\u00edti a v\u00e1s\u00e1rl\u00e1shoz hozz\u00e1adott d\u00edjakat. A hitelk\u00e1rty\u00e1s \u00e9s bankk\u00e1rty\u00e1s v\u00e1s\u00e1rl\u00e1sok 3-5% d\u00edjat adnak a megrendel\u00e9shez, \u00edgy ez egy kicsit dr\u00e1ga lehet. Ez azonban szinte minden t\u0151zsd\u00e9n ugyanannyi.<\/span><\/p>\n<p><span style=\"font-weight: 400;\">Ha k\u00e9szp\u00e9nzt helyezett el a Kraken sz\u00e1ml\u00e1j\u00e1n, akkor USD-t BTC-re cser\u00e9lhet, vagy USD-t BTC-re konvert\u00e1lhat a <\/span><a href=\"https:\/\/kraken.pxf.io\/B0Rny4convert\/shib\/usd\" target=\"_blank\" rel=\"noopener\"><span style=\"font-weight: 400;\">automatikus \u00e1talak\u00edt\u00f3<\/span><\/a><span style=\"font-weight: 400;\">. Ez nem olyan egyszer\u0171 \u00e9s gyors, mint az egy kattint\u00e1ssal t\u00f6rt\u00e9n\u0151 v\u00e1s\u00e1rl\u00e1s, de a d\u00edjak sokkal alacsonyabbak.<\/span><\/p>\n<p><span style=\"font-weight: 400;\">Az automatikus konverter nagyon k\u00f6nnyen haszn\u00e1lhat\u00f3, de van egy be\u00e1ll\u00edtott keresked\u00e9si ar\u00e1nya. M\u00e1s sz\u00f3val a Kraken hat\u00e1rozza meg az BTC \u00e1r\u00e1t, amikor ezt a m\u00f3dszert haszn\u00e1lja.<\/span><\/p>\n<p><span style=\"font-weight: 400;\">Ha \u00e1rat szeretne alkudni, akkor a keresked\u00e9si fel\u00fcleten saj\u00e1t keresked\u00e9st ind\u00edthat. Kattintson a \"Keresked\u00e9s\" gombra, \u00e9s v\u00e1lassza az \"\u00daj megb\u00edz\u00e1s\" lehet\u0151s\u00e9get. \u00c1ll\u00edtsa be a keresked\u00e9si p\u00e1rost us USD\/BTC.<\/span><\/p>\n<p><span style=\"font-weight: 400;\">Most adja meg az Bitcoin-re k\u00f6lteni k\u00edv\u00e1nt \u00f6sszeget. A Kraken az BTC piaci \u00e1rfolyam\u00e1t k\u00edn\u00e1lja fel, de az \u00e1rat m\u00f3dos\u00edthatja. Ha az \u00e1ltalad be\u00e1ll\u00edtott \u00e1r alacsonyabb a piaci \u00e1rn\u00e1l, akkor meg kell v\u00e1rnod, am\u00edg valaki elfogadja az aj\u00e1nlatodat, miel\u0151tt megkapod az Bitcoin-t.<\/span><\/p>","protected":false},"excerpt":{"rendered":"<p>Hogyan v\u00e1s\u00e1rolhat Bitcoin-t a Kraken-en A Kraken egy veter\u00e1n amerikai sz\u00e9khely\u0171 t\u0151zsde, amely h\u00edres a magas szint\u0171 biztons\u00e1g\u00e1r\u00f3l. A platformon t\u00f6bb altcoins, valamint Bitcoin is v\u00e1s\u00e1rolhat\u00f3. \u00cdme az \u00fatmutat\u00f3nk arr\u00f3l, hogyan v\u00e1s\u00e1rolhat Bitcoin-t a Krakenen. L\u00e9p\u00e9sr\u0151l l\u00e9p\u00e9sre \u00fatmutat\u00f3 az Bitcoin megv\u00e1s\u00e1rl\u00e1s\u00e1hoz a Krakenen 1. [...]<\/p>","protected":false},"author":3,"featured_media":0,"parent":3885,"menu_order":0,"comment_status":"closed","ping_status":"closed","template":"","meta":{"_genesis_hide_title":false,"_genesis_hide_breadcrumbs":false,"_genesis_hide_singular_image":false,"_genesis_hide_footer_widgets":false,"_genesis_custom_body_class":"","_genesis_custom_post_class":"","_genesis_layout":"","_glsr_average":0,"_glsr_ranking":0,"_glsr_reviews":0,"footnotes":""},"class_list":{"0":"post-3920","1":"page","2":"type-page","3":"status-publish","5":"entry"},"featured_image_src":null,"featured_image_src_square":null,"_links":{"self":[{"href":"https:\/\/coinkickoff.com\/hu\/wp-json\/wp\/v2\/pages\/3920","targetHints":{"allow":["GET"]}}],"collection":[{"href":"https:\/\/coinkickoff.com\/hu\/wp-json\/wp\/v2\/pages"}],"about":[{"href":"https:\/\/coinkickoff.com\/hu\/wp-json\/wp\/v2\/types\/page"}],"author":[{"embeddable":true,"href":"https:\/\/coinkickoff.com\/hu\/wp-json\/wp\/v2\/users\/3"}],"replies":[{"embeddable":true,"href":"https:\/\/coinkickoff.com\/hu\/wp-json\/wp\/v2\/comments?post=3920"}],"version-history":[{"count":3,"href":"https:\/\/coinkickoff.com\/hu\/wp-json\/wp\/v2\/pages\/3920\/revisions"}],"predecessor-version":[{"id":4245,"href":"https:\/\/coinkickoff.com\/hu\/wp-json\/wp\/v2\/pages\/3920\/revisions\/4245"}],"up":[{"embeddable":true,"href":"https:\/\/coinkickoff.com\/hu\/wp-json\/wp\/v2\/pages\/3885"}],"wp:attachment":[{"href":"https:\/\/coinkickoff.com\/hu\/wp-json\/wp\/v2\/media?parent=3920"}],"curies":[{"name":"wp","href":"https:\/\/api.w.org\/{rel}","templated":true}]}}