{"id":3899,"date":"2026-01-08T14:07:44","date_gmt":"2026-01-08T14:07:44","guid":{"rendered":"https:\/\/coinkickoff.com\/?page_id=3899"},"modified":"2026-01-08T14:07:44","modified_gmt":"2026-01-08T14:07:44","slug":"how-to-buy-bitcoin-on-coinbase","status":"publish","type":"page","link":"https:\/\/coinkickoff.com\/hu\/how-to-buy-bitcoin\/how-to-buy-bitcoin-on-coinbase\/","title":{"rendered":"Hogyan v\u00e1s\u00e1rolhat Bitcoin-t az Coinbase-on?"},"content":{"rendered":"<div id=\"ez-toc-container\" class=\"ez-toc-v2_0_80 counter-hierarchy ez-toc-counter ez-toc-transparent ez-toc-container-direction\">\n<div class=\"ez-toc-title-container\">\n<p class=\"ez-toc-title\" style=\"cursor:inherit\">Szakaszok<\/p>\n<span class=\"ez-toc-title-toggle\"><a href=\"#\" class=\"ez-toc-pull-right ez-toc-btn ez-toc-btn-xs ez-toc-btn-default ez-toc-toggle\" aria-label=\"Toggle Tartalomjegyz\u00e9k\"><span class=\"ez-toc-js-icon-con\"><span class=\"\"><span class=\"eztoc-hide\" style=\"display:none;\">Toggle<\/span><span class=\"ez-toc-icon-toggle-span\"><svg style=\"fill: #999;color:#999\" xmlns=\"http:\/\/www.w3.org\/2000\/svg\" class=\"list-377408\" width=\"20px\" height=\"20px\" viewbox=\"0 0 24 24\" fill=\"none\"><path d=\"M6 6H4v2h2V6zm14 0H8v2h12V6zM4 11h2v2H4v-2zm16 0H8v2h12v-2zM4 16h2v2H4v-2zm16 0H8v2h12v-2z\" fill=\"currentColor\"><\/path><\/svg><svg style=\"fill: #999;color:#999\" class=\"arrow-unsorted-368013\" xmlns=\"http:\/\/www.w3.org\/2000\/svg\" width=\"10px\" height=\"10px\" viewbox=\"0 0 24 24\" version=\"1.2\" baseprofile=\"tiny\"><path d=\"M18.2 9.3l-6.2-6.3-6.2 6.3c-.2.2-.3.4-.3.7s.1.5.3.7c.2.2.4.3.7.3h11c.3 0 .5-.1.7-.3.2-.2.3-.5.3-.7s-.1-.5-.3-.7zM5.8 14.7l6.2 6.3 6.2-6.3c.2-.2.3-.5.3-.7s-.1-.5-.3-.7c-.2-.2-.4-.3-.7-.3h-11c-.3 0-.5.1-.7.3-.2.2-.3.5-.3.7s.1.5.3.7z\"\/><\/svg><\/span><\/span><\/span><\/a><\/span><\/div>\n<nav><ul class='ez-toc-list ez-toc-list-level-1 eztoc-toggle-hide-by-default' ><li class='ez-toc-page-1 ez-toc-heading-level-2'><a class=\"ez-toc-link ez-toc-heading-1\" href=\"https:\/\/coinkickoff.com\/hu\/how-to-buy-bitcoin\/how-to-buy-bitcoin-on-coinbase\/#How_to_Buy_Bitcoin_on_Coinbase\" >Hogyan v\u00e1s\u00e1rolhat Bitcoin-t az Coinbase-on?<\/a><\/li><li class='ez-toc-page-1 ez-toc-heading-level-2'><a class=\"ez-toc-link ez-toc-heading-2\" href=\"https:\/\/coinkickoff.com\/hu\/how-to-buy-bitcoin\/how-to-buy-bitcoin-on-coinbase\/#A_Step-By-Step_Guide_on_How_to_Buy_Bitcoin_on_Coinbase\" >L\u00e9p\u00e9sr\u0151l l\u00e9p\u00e9sre \u00fatmutat\u00f3 az Bitcoin megv\u00e1s\u00e1rl\u00e1s\u00e1hoz az Coinbase-on<\/a><ul class='ez-toc-list-level-3' ><li class='ez-toc-heading-level-3'><a class=\"ez-toc-link ez-toc-heading-3\" href=\"https:\/\/coinkickoff.com\/hu\/how-to-buy-bitcoin\/how-to-buy-bitcoin-on-coinbase\/#1_Register_an_Account\" >1. Regisztr\u00e1ljon egy fi\u00f3kot<\/a><\/li><li class='ez-toc-page-1 ez-toc-heading-level-3'><a class=\"ez-toc-link ez-toc-heading-4\" href=\"https:\/\/coinkickoff.com\/hu\/how-to-buy-bitcoin\/how-to-buy-bitcoin-on-coinbase\/#2_Verify_Your_Account\" >2. Ellen\u0151rizze a fi\u00f3kj\u00e1t<\/a><\/li><li class='ez-toc-page-1 ez-toc-heading-level-3'><a class=\"ez-toc-link ez-toc-heading-5\" href=\"https:\/\/coinkickoff.com\/hu\/how-to-buy-bitcoin\/how-to-buy-bitcoin-on-coinbase\/#3_Deposit_FundsCrypto\" >3. Let\u00e9tbe helyezett alapok\/kripto<\/a><\/li><li class='ez-toc-page-1 ez-toc-heading-level-3'><a class=\"ez-toc-link ez-toc-heading-6\" href=\"https:\/\/coinkickoff.com\/hu\/how-to-buy-bitcoin\/how-to-buy-bitcoin-on-coinbase\/#4_Navigate_to_the_Relevant_Screen_to_Buy\" >4. Navig\u00e1ljon a megfelel\u0151 k\u00e9perny\u0151re a v\u00e1s\u00e1rl\u00e1shoz<\/a><\/li><\/ul><\/li><\/ul><\/nav><\/div>\n<h2><span class=\"ez-toc-section\" id=\"How_to_Buy_Bitcoin_on_Coinbase\"><\/span><span style=\"font-weight: 400;\">Hogyan v\u00e1s\u00e1rolhat Bitcoin-t az Coinbase-on?<\/span><span class=\"ez-toc-section-end\"><\/span><\/h2>\n<p><span style=\"font-weight: 400;\">Ha tudsz egy kicsit a <a href=\"https:\/\/coinkickoff.com\/hu\/bitcoin-btc\/\" data-internallinksmanager029f6b8e52c=\"1\" title=\"Mi az Bitcoin (BTC)? \u00c1r, t\u00f6rt\u00e9net \u00e9s hol lehet megv\u00e1s\u00e1rolni\">Bitcoin<\/a>, tal\u00e1n m\u00e1r hallott\u00e1l a <a href=\"https:\/\/coinkickoff.com\/hu\/coinbase-review\/\" data-internallinksmanager029f6b8e52c=\"142\" title=\"Coinbase V\u00e9lem\u00e9nyek 2024: Tulajdons\u00e1gok, d\u00edjak, biztons\u00e1g, el\u0151ny\u00f6k \u00e9s h\u00e1tr\u00e1nyok\">Coinbase<\/a>, az egyik legjelent\u0151sebb <a href=\"https:\/\/coinkickoff.com\/hu\/crypto-exchanges\/\" data-internallinksmanager029f6b8e52c=\"141\" title=\"21 A legjobb kriptovaluta t\u0151zsd\u00e9k \u00e9s alkalmaz\u00e1sok 2024-ben\">kriptovaluta t\u0151zsd\u00e9k<\/a> a vil\u00e1gon.<\/span><\/p>\n<p><span style=\"font-weight: 400;\">Az Coinbase egy amerikai sz\u00e9khely\u0171 digit\u00e1lis t\u0151zsde, amely az egyszer\u0171 haszn\u00e1lat\u00e1r\u00f3l \u00e9s az \u00e1ltala \u00fczemeltetett orsz\u00e1gok t\u00f6rv\u00e9nyeinek \u00e9s rendeleteinek val\u00f3 megfelel\u00e9s\u00e9r\u0151l ismert. A vad \u00e9s gyakran szab\u00e1lyozatlan kriptot\u0151zsd\u00e9k tenger\u00e9ben a stabilit\u00e1s jelz\u0151f\u00e9nye marad, ez\u00e9rt gyakran aj\u00e1nlj\u00e1k a kezd\u0151 keresked\u0151knek, mint megb\u00edzhat\u00f3 lehet\u0151s\u00e9get.\u00a0<\/span><\/p>\n<p><span style=\"font-weight: 400;\">Ha azt szeretn\u00e9, hogy kezdje el a saj\u00e1t kripto utaz\u00e1s v\u00e1s\u00e1rolni n\u00e9h\u00e1ny BTC, <\/span><a href=\"https:\/\/coinkickoff.com\/hu\/coinbase-review\/\"><span style=\"font-weight: 400;\">Coinbase<\/span><\/a><span style=\"font-weight: 400;\"> logikus v\u00e1laszt\u00e1s. Ebben az \u00fatmutat\u00f3ban l\u00e9p\u00e9sr\u0151l l\u00e9p\u00e9sre ismertetj\u00fck, hogyan v\u00e1s\u00e1rolhat Bitcoin-t az Coinbase-en.<\/span><\/p>\n<h2><span class=\"ez-toc-section\" id=\"A_Step-By-Step_Guide_on_How_to_Buy_Bitcoin_on_Coinbase\"><\/span><span style=\"font-weight: 400;\">L\u00e9p\u00e9sr\u0151l l\u00e9p\u00e9sre \u00fatmutat\u00f3 az Bitcoin megv\u00e1s\u00e1rl\u00e1s\u00e1hoz az Coinbase-on<\/span><span class=\"ez-toc-section-end\"><\/span><\/h2>\n<h3><span class=\"ez-toc-section\" id=\"1_Register_an_Account\"><\/span><span style=\"font-weight: 400;\">1. Regisztr\u00e1ljon egy fi\u00f3kot<\/span><span class=\"ez-toc-section-end\"><\/span><\/h3>\n<h2><img loading=\"lazy\" decoding=\"async\" class=\"alignnone wp-image-3527 size-large\" style=\"font-size: 18px; font-family: Muli, sans-serif;\" src=\"https:\/\/coinkickoff.com\/wp-content\/uploads\/Screen-Shot-2023-03-30-at-7.13.25-AM-e1686183370122-1024x538.png\" alt=\"\" width=\"1024\" height=\"538\" srcset=\"https:\/\/coinkickoff.com\/wp-content\/uploads\/Screen-Shot-2023-03-30-at-7.13.25-AM-e1686183370122-1024x538.png 1024w, https:\/\/coinkickoff.com\/wp-content\/uploads\/Screen-Shot-2023-03-30-at-7.13.25-AM-e1686183370122-300x158.png 300w, https:\/\/coinkickoff.com\/wp-content\/uploads\/Screen-Shot-2023-03-30-at-7.13.25-AM-e1686183370122-768x404.png 768w, https:\/\/coinkickoff.com\/wp-content\/uploads\/Screen-Shot-2023-03-30-at-7.13.25-AM-e1686183370122-18x9.png 18w, https:\/\/coinkickoff.com\/wp-content\/uploads\/Screen-Shot-2023-03-30-at-7.13.25-AM-e1686183370122.png 1277w\" sizes=\"auto, (max-width: 1024px) 100vw, 1024px\" \/><\/h2>\n<p><span style=\"font-weight: 400;\">El\u0151sz\u00f6r is, haszn\u00e1lja a link\u00fcnket, hogy elmenjen a <\/span><a href=\"https:\/\/coinbase-consumer.sjv.io\/ORPoaG\" target=\"_blank\" rel=\"noopener\"><span style=\"font-weight: 400;\">Coinbase hivatalos honlapja<\/span><\/a><span style=\"font-weight: 400;\"> \u00e9s nyisson egy csere sz\u00e1ml\u00e1t.<\/span><\/p>\n<p><span style=\"font-weight: 400;\">A hivatalos neveddel kell regisztr\u00e1lnod. Mivel az Coinbase szigor\u00fa KYC politik\u00e1t alkalmaz, fontos, hogy szem\u00e9lyes adatai az els\u0151 regisztr\u00e1ci\u00f3kor egyezzenek az azonos\u00edt\u00f3j\u00e1val.<\/span><\/p>\n<p><span style=\"font-weight: 400;\">Miut\u00e1n kit\u00f6lt\u00f6tte az \u0171rlapot, kattintson a \"Fi\u00f3k l\u00e9trehoz\u00e1sa\" gombra. Az Coinbase e-mailben k\u00fcld egy ellen\u0151rz\u0151 linket \u00d6nnek. Kattintson a linkre az e-mail c\u00edm\u00e9nek ellen\u0151rz\u00e9s\u00e9hez.\u00a0<\/span><\/p>\n<p><span style=\"font-weight: 400;\">Az Coinbase azt is megk\u00f6veteli, hogy meger\u0151s\u00edtse mobilsz\u00e1m\u00e1t a fi\u00f3kj\u00e1ba val\u00f3 bejelentkez\u00e9shez. Adja meg a sz\u00e1mokat, amikor erre felsz\u00f3l\u00edtj\u00e1k, \u00e9s a bejelentkez\u00e9shez haszn\u00e1lja a kapott SMS-k\u00f3dot.<\/span><\/p>\n<h3><span class=\"ez-toc-section\" id=\"2_Verify_Your_Account\"><\/span><span style=\"font-weight: 400;\">2. Ellen\u0151rizze a fi\u00f3kj\u00e1t<\/span><span class=\"ez-toc-section-end\"><\/span><\/h3>\n<p><span style=\"font-weight: 400;\">A szem\u00e9lyazonoss\u00e1g ellen\u0151rz\u00e9se k\u00f6telez\u0151 az Coinbase-en. Szerencs\u00e9re ez egy egyszer\u0171 folyamat. Egyszer\u0171en kattintson az els\u0151 bejelentkez\u00e9skor felbukkan\u00f3 \"Azonos\u00edt\u00f3 ellen\u0151rz\u00e9se\" gombra. <\/span><\/p>\n<p><img loading=\"lazy\" decoding=\"async\" class=\"alignnone wp-image-3526 size-large\" src=\"https:\/\/coinkickoff.com\/wp-content\/uploads\/Screen-Shot-2023-03-30-at-6.16.20-AM-e1683779340546-1024x470.png\" alt=\"\" width=\"1024\" height=\"470\" srcset=\"https:\/\/coinkickoff.com\/wp-content\/uploads\/Screen-Shot-2023-03-30-at-6.16.20-AM-e1683779340546-1024x470.png 1024w, https:\/\/coinkickoff.com\/wp-content\/uploads\/Screen-Shot-2023-03-30-at-6.16.20-AM-e1683779340546-300x138.png 300w, https:\/\/coinkickoff.com\/wp-content\/uploads\/Screen-Shot-2023-03-30-at-6.16.20-AM-e1683779340546-768x352.png 768w, https:\/\/coinkickoff.com\/wp-content\/uploads\/Screen-Shot-2023-03-30-at-6.16.20-AM-e1683779340546-18x8.png 18w, https:\/\/coinkickoff.com\/wp-content\/uploads\/Screen-Shot-2023-03-30-at-6.16.20-AM-e1683779340546.png 1389w\" sizes=\"auto, (max-width: 1024px) 100vw, 1024px\" \/><\/p>\n<p><span style=\"font-weight: 400;\">Ha v\u00e9letlen\u00fcl bez\u00e1rta az ellen\u0151rz\u0151 felugr\u00f3 figyelmeztet\u00e9st, ne agg\u00f3djon. Egyszer\u0171en kattintson a k\u00e9kkel kiemelt \"V\u00e1s\u00e1rl\u00e1s \u00e9s elad\u00e1s\" f\u00fclre, \u00e9s \u00fajabb hiteles\u00edt\u00e9si k\u00e9r\u00e9st ind\u00edt. A folyamat manu\u00e1lis elind\u00edt\u00e1s\u00e1hoz a profil ikonj\u00e1ra is kattinthat, \u00e9s az \"Ellen\u0151rz\u00e9s\" f\u00fclre navig\u00e1lhat.<\/span><\/p>\n<p><img loading=\"lazy\" decoding=\"async\" class=\"alignnone wp-image-3525 size-full\" src=\"https:\/\/coinkickoff.com\/wp-content\/uploads\/Screen-Shot-2023-03-30-at-6.15.03-AM-e1683779367919.png\" alt=\"\" width=\"1436\" height=\"806\" srcset=\"https:\/\/coinkickoff.com\/wp-content\/uploads\/Screen-Shot-2023-03-30-at-6.15.03-AM-e1683779367919.png 1436w, https:\/\/coinkickoff.com\/wp-content\/uploads\/Screen-Shot-2023-03-30-at-6.15.03-AM-e1683779367919-300x168.png 300w, https:\/\/coinkickoff.com\/wp-content\/uploads\/Screen-Shot-2023-03-30-at-6.15.03-AM-e1683779367919-1024x575.png 1024w, https:\/\/coinkickoff.com\/wp-content\/uploads\/Screen-Shot-2023-03-30-at-6.15.03-AM-e1683779367919-768x431.png 768w, https:\/\/coinkickoff.com\/wp-content\/uploads\/Screen-Shot-2023-03-30-at-6.15.03-AM-e1683779367919-18x10.png 18w, https:\/\/coinkickoff.com\/wp-content\/uploads\/Screen-Shot-2023-03-30-at-6.15.03-AM-e1683779367919-600x338.png 600w\" sizes=\"auto, (max-width: 1436px) 100vw, 1436px\" \/><\/p>\n<p><span style=\"font-weight: 400;\">Az Coinbase r\u00e9szletes k\u00e9rd\u0151\u00edvet ad \u00d6nnek kit\u00f6lt\u00e9sre. Gy\u0151z\u0151dj\u00f6n meg r\u00f3la, hogy az \u0171rlapot pontos adatokkal t\u00f6lti ki. A pontatlan vagy hi\u00e1nyz\u00f3 adatok k\u00e9sleltethetik az ellen\u0151rz\u00e9s j\u00f3v\u00e1hagy\u00e1s\u00e1t.\u00a0\u00a0<\/span><\/p>\n<p><span style=\"font-weight: 400;\">Miut\u00e1n kit\u00f6lt\u00f6tte az \u0171rlapot, t\u00f6lts\u00f6n fel a platformra egy hivatalos f\u00e9nyk\u00e9pes igazolv\u00e1nyt, p\u00e9ld\u00e1ul egy \u00fatlev\u00e9loldalt vagy egy jogos\u00edtv\u00e1nyt. Az ellen\u0151rz\u00e9s \u00e1ltal\u00e1ban n\u00e9h\u00e1ny percet vesz ig\u00e9nybe, \u00e9s amint ez megt\u00f6rt\u00e9nt, befizethet p\u00e9nzt, \u00e9s megv\u00e1s\u00e1rolhatja az BTC-t.<\/span><\/p>\n<h3><span class=\"ez-toc-section\" id=\"3_Deposit_FundsCrypto\"><\/span><span style=\"font-weight: 400;\">3. Let\u00e9tbe helyezett alapok\/kripto<\/span><span class=\"ez-toc-section-end\"><\/span><\/h3>\n<p><span style=\"font-weight: 400;\">A k\u00f6vetkez\u0151 l\u00e9p\u00e9s a fizet\u00e9si m\u00f3d hozz\u00e1ad\u00e1sa az Coinbase sz\u00e1ml\u00e1j\u00e1hoz. Kattintson a profil ikonj\u00e1ra (jobb fels\u0151 sarokban), hogy bel\u00e9pjen a fi\u00f3k be\u00e1ll\u00edt\u00e1saihoz. <\/span><\/p>\n<p><img loading=\"lazy\" decoding=\"async\" class=\"alignnone wp-image-3521 size-full\" src=\"https:\/\/coinkickoff.com\/wp-content\/uploads\/Screen-Shot-2023-03-29-at-10.44.01-PM-e1683779393247.png\" alt=\"\" width=\"1396\" height=\"673\" srcset=\"https:\/\/coinkickoff.com\/wp-content\/uploads\/Screen-Shot-2023-03-29-at-10.44.01-PM-e1683779393247.png 1396w, https:\/\/coinkickoff.com\/wp-content\/uploads\/Screen-Shot-2023-03-29-at-10.44.01-PM-e1683779393247-300x145.png 300w, https:\/\/coinkickoff.com\/wp-content\/uploads\/Screen-Shot-2023-03-29-at-10.44.01-PM-e1683779393247-1024x494.png 1024w, https:\/\/coinkickoff.com\/wp-content\/uploads\/Screen-Shot-2023-03-29-at-10.44.01-PM-e1683779393247-768x370.png 768w, https:\/\/coinkickoff.com\/wp-content\/uploads\/Screen-Shot-2023-03-29-at-10.44.01-PM-e1683779393247-18x9.png 18w\" sizes=\"auto, (max-width: 1396px) 100vw, 1396px\" \/><\/p>\n<p><span style=\"font-weight: 400;\">Kattintson a \"Fizet\u00e9si m\u00f3dok\" f\u00fclre.<\/span><\/p>\n<p><img loading=\"lazy\" decoding=\"async\" class=\"alignnone wp-image-3522 size-full\" src=\"https:\/\/coinkickoff.com\/wp-content\/uploads\/Screen-Shot-2023-03-29-at-10.44.08-PM-e1683779417928.png\" alt=\"\" width=\"1414\" height=\"719\" srcset=\"https:\/\/coinkickoff.com\/wp-content\/uploads\/Screen-Shot-2023-03-29-at-10.44.08-PM-e1683779417928.png 1414w, https:\/\/coinkickoff.com\/wp-content\/uploads\/Screen-Shot-2023-03-29-at-10.44.08-PM-e1683779417928-300x153.png 300w, https:\/\/coinkickoff.com\/wp-content\/uploads\/Screen-Shot-2023-03-29-at-10.44.08-PM-e1683779417928-1024x521.png 1024w, https:\/\/coinkickoff.com\/wp-content\/uploads\/Screen-Shot-2023-03-29-at-10.44.08-PM-e1683779417928-768x391.png 768w, https:\/\/coinkickoff.com\/wp-content\/uploads\/Screen-Shot-2023-03-29-at-10.44.08-PM-e1683779417928-18x9.png 18w\" sizes=\"auto, (max-width: 1414px) 100vw, 1414px\" \/><\/p>\n<p><span style=\"font-weight: 400;\">Most nyomja meg a \"Fizet\u00e9si m\u00f3d hozz\u00e1ad\u00e1sa\" gombot a lehet\u0151s\u00e9gek megtekint\u00e9s\u00e9hez.<\/span><\/p>\n<p><img loading=\"lazy\" decoding=\"async\" class=\"alignnone wp-image-3523 size-full\" src=\"https:\/\/coinkickoff.com\/wp-content\/uploads\/Screen-Shot-2023-03-29-at-10.44.22-PM-e1683779442560.png\" alt=\"\" width=\"1403\" height=\"737\" srcset=\"https:\/\/coinkickoff.com\/wp-content\/uploads\/Screen-Shot-2023-03-29-at-10.44.22-PM-e1683779442560.png 1403w, https:\/\/coinkickoff.com\/wp-content\/uploads\/Screen-Shot-2023-03-29-at-10.44.22-PM-e1683779442560-300x158.png 300w, https:\/\/coinkickoff.com\/wp-content\/uploads\/Screen-Shot-2023-03-29-at-10.44.22-PM-e1683779442560-1024x538.png 1024w, https:\/\/coinkickoff.com\/wp-content\/uploads\/Screen-Shot-2023-03-29-at-10.44.22-PM-e1683779442560-768x403.png 768w, https:\/\/coinkickoff.com\/wp-content\/uploads\/Screen-Shot-2023-03-29-at-10.44.22-PM-e1683779442560-18x9.png 18w\" sizes=\"auto, (max-width: 1403px) 100vw, 1403px\" \/><\/p>\n<p><span style=\"font-weight: 400;\">A fizet\u00e9si m\u00f3dok orsz\u00e1gonk\u00e9nt elt\u00e9r\u0151ek. Az amerikai felhaszn\u00e1l\u00f3k k\u00f6nnyen csatlakoztathatj\u00e1k amerikai banksz\u00e1ml\u00e1jukat a platformhoz, hogy fiat valut\u00e1s befizet\u00e9seket eszk\u00f6z\u00f6lhessenek. Az eur\u00f3pai sz\u00e9khely\u0171 felhaszn\u00e1l\u00f3k SEPA \u00e9s \u00e1tutal\u00e1sokat is haszn\u00e1lhatnak.<\/span><\/p>\n<p><span style=\"font-weight: 400;\">A leggyakoribb fizet\u00e9si m\u00f3dok, amelyeket szinte b\u00e1rki haszn\u00e1lhat, a bankk\u00e1rty\u00e1k \u00e9s a hitelk\u00e1rty\u00e1k. A digit\u00e1lis eszk\u00f6z\u00f6k v\u00e1s\u00e1rl\u00e1sa bankk\u00e1rty\u00e1val \u00e9s hitelk\u00e1rty\u00e1val szuper egyszer\u0171 \u00e9s nagyon gyors. Sajnos, az egyik h\u00e1tr\u00e1nya a fizet\u00e9si m\u0171veletek\u00e9rt fizetend\u0151 plusz d\u00edjak. \u00c1ltal\u00e1ban az Coinbase 3-5% d\u00edjat sz\u00e1m\u00edt fel minden hitel- \u00e9s bet\u00e9ti coin v\u00e1s\u00e1rl\u00e1s\u00e9rt.<\/span><\/p>\n<p><span style=\"font-weight: 400;\">Kattintson a haszn\u00e1lni k\u00edv\u00e1nt m\u00f3dszerre. Ha a banki \u00e1tutal\u00e1st v\u00e1lasztja, k\u00f6vesse a k\u00e9perny\u0151n megjelen\u0151 utas\u00edt\u00e1sokat, hogy banksz\u00e1ml\u00e1j\u00e1t \u00f6sszekapcsolja az Coinbase sz\u00e1ml\u00e1j\u00e1val.<\/span><\/p>\n<p><span style=\"font-weight: 400;\">Kiv\u00e1laszthatja a hitelk\u00e1rtya\/bet\u00e9ti k\u00e1rtya opci\u00f3t is, \u00e9s k\u00f6vetheti az al\u00e1bbi utas\u00edt\u00e1sokat.<\/span><\/p>\n<p><img loading=\"lazy\" decoding=\"async\" class=\"alignnone wp-image-3524 size-full\" src=\"https:\/\/coinkickoff.com\/wp-content\/uploads\/Screen-Shot-2023-03-29-at-10.44.29-PM-e1683779464552.png\" alt=\"\" width=\"1407\" height=\"730\" srcset=\"https:\/\/coinkickoff.com\/wp-content\/uploads\/Screen-Shot-2023-03-29-at-10.44.29-PM-e1683779464552.png 1407w, https:\/\/coinkickoff.com\/wp-content\/uploads\/Screen-Shot-2023-03-29-at-10.44.29-PM-e1683779464552-300x156.png 300w, https:\/\/coinkickoff.com\/wp-content\/uploads\/Screen-Shot-2023-03-29-at-10.44.29-PM-e1683779464552-1024x531.png 1024w, https:\/\/coinkickoff.com\/wp-content\/uploads\/Screen-Shot-2023-03-29-at-10.44.29-PM-e1683779464552-768x398.png 768w, https:\/\/coinkickoff.com\/wp-content\/uploads\/Screen-Shot-2023-03-29-at-10.44.29-PM-e1683779464552-18x9.png 18w\" sizes=\"auto, (max-width: 1407px) 100vw, 1407px\" \/><\/p>\n<p><span style=\"font-weight: 400;\">El\u0151sz\u00f6r adja meg a k\u00e1rty\u00e1n szerepl\u0151 nev\u00e9t. K\u00e9rj\u00fck, vegye figyelembe, hogy a k\u00e1rty\u00e1n szerepl\u0151 n\u00e9vnek meg kell egyeznie a szem\u00e9lyi igazolv\u00e1ny\u00e1ban szerepl\u0151 hivatalos nev\u00e9vel. Adja meg a k\u00e1rtyasz\u00e1mot, a lej\u00e1rati d\u00e1tumot \u00e9s a CVC-t. A CVC \u00e1ltal\u00e1ban egy h\u00e1romjegy\u0171 k\u00f3d, amely a k\u00e1rtya h\u00e1toldal\u00e1n tal\u00e1lhat\u00f3. V\u00e9g\u00fcl adja meg az ir\u00e1ny\u00edt\u00f3sz\u00e1m\u00e1t, \u00e9s nyomja meg a \"K\u00e1rtya hozz\u00e1ad\u00e1sa\" gombot.<\/span><\/p>\n<h3><span class=\"ez-toc-section\" id=\"4_Navigate_to_the_Relevant_Screen_to_Buy\"><\/span><span style=\"font-weight: 400;\">4. Navig\u00e1ljon a megfelel\u0151 k\u00e9perny\u0151re a v\u00e1s\u00e1rl\u00e1shoz<\/span><span class=\"ez-toc-section-end\"><\/span><\/h3>\n<p><span style=\"font-weight: 400;\">Menjen a kezd\u0151lapj\u00e1ra, \u00e9s kattintson a k\u00e9kkel kiemelt \"V\u00e1s\u00e1rl\u00e1s \u00e9s elad\u00e1s\" gombra. Ez megnyitja az egykattint\u00e1sos v\u00e1s\u00e1rl\u00e1si \u0171rlapot. <\/span><\/p>\n<p><img loading=\"lazy\" decoding=\"async\" class=\"alignnone wp-image-3811 size-full\" src=\"https:\/\/coinkickoff.com\/wp-content\/uploads\/Screen-Shot-2023-06-08-at-3.20.32-AM-1-e1686183860887.png\" alt=\"hogyan lehet v\u00e1s\u00e1rolni shiba inu az coinbase-on\" width=\"1295\" height=\"655\" \/><\/p>\n<p><span style=\"font-weight: 400;\">Egyszer\u0171en adja meg a k\u00f6lteni k\u00edv\u00e1nt \u00f6sszeget. A v\u00e1s\u00e1rl\u00e1si widget alap\u00e9rtelmez\u00e9s szerint BTC-re van be\u00e1ll\u00edtva, de a mellette l\u00e9v\u0151 ny\u00edlra kattintva m\u00e1s digit\u00e1lis eszk\u00f6z\u00f6kre is \u00e1t\u00e1ll\u00edthatja.<\/span><\/p>\n<p><span style=\"font-weight: 400;\">Kattintson a \"Fizet\u00e9s\" mez\u0151re, \u00e9s v\u00e1lassza a hitel- vagy bankk\u00e1rty\u00e1t fizet\u00e9si m\u00f3dk\u00e9nt.<\/span><\/p>\n<p><span style=\"font-weight: 400;\">Ha megn\u00e9zi a megadott \u00f6sszeg alatt, \u00e9szrevesz egy m\u00e1sik mez\u0151t, amelyen az \"Egyszeri v\u00e1s\u00e1rl\u00e1s\" felirat szerepel. Ism\u00e9t ez az alap\u00e9rtelmezett, de megv\u00e1ltoztathatja, hogy az Coinbase hetente vagy havonta automatikusan ism\u00e9tl\u0151d\u0151 v\u00e1s\u00e1rl\u00e1sokat v\u00e9gezzen az \u00d6n sz\u00e1m\u00e1ra.\u00a0<\/span><\/p>\n<p><span style=\"font-weight: 400;\">Miut\u00e1n kit\u00f6lt\u00f6tte az \u0171rlapot, kattintson az \"El\u0151zetes v\u00e1s\u00e1rl\u00e1s\" gombra. <\/span><\/p>\n<p><img loading=\"lazy\" decoding=\"async\" class=\"alignnone wp-image-3519 size-full\" src=\"https:\/\/coinkickoff.com\/wp-content\/uploads\/Screen-Shot-2023-03-29-at-10.39.23-PM-e1683779487708.png\" alt=\"hogyan lehet megv\u00e1s\u00e1rolni dogecoin az coinbase-enHogyan lehet megv\u00e1s\u00e1rolni Bitcoin az Coinbase-en\" width=\"1439\" height=\"763\" srcset=\"https:\/\/coinkickoff.com\/wp-content\/uploads\/Screen-Shot-2023-03-29-at-10.39.23-PM-e1683779487708.png 1439w, https:\/\/coinkickoff.com\/wp-content\/uploads\/Screen-Shot-2023-03-29-at-10.39.23-PM-e1683779487708-300x159.png 300w, https:\/\/coinkickoff.com\/wp-content\/uploads\/Screen-Shot-2023-03-29-at-10.39.23-PM-e1683779487708-1024x543.png 1024w, https:\/\/coinkickoff.com\/wp-content\/uploads\/Screen-Shot-2023-03-29-at-10.39.23-PM-e1683779487708-768x407.png 768w, https:\/\/coinkickoff.com\/wp-content\/uploads\/Screen-Shot-2023-03-29-at-10.39.23-PM-e1683779487708-18x10.png 18w\" sizes=\"auto, (max-width: 1439px) 100vw, 1439px\" \/><\/p>\n<p><span style=\"font-weight: 400;\">Az Coinbase megjelen\u00edti az \u00d6n \u00e1ltal kapott BTC \u00f6sszeg\u00e9t, valamint az esetlegesen felsz\u00e1m\u00edtott d\u00edjakat. Ha el\u00e9gedett a megrendel\u00e9ssel, akkor a \"V\u00e1s\u00e1rl\u00e1s most\" gombra kattintva fejezheti be.\u00a0<\/span><\/p>","protected":false},"excerpt":{"rendered":"<p>Hogyan v\u00e1s\u00e1rolhat Bitcoin-t az Coinbase-en Ha egy kicsit is ismeri az Bitcoin-t, akkor m\u00e1r hallhatott az Coinbase-r\u0151l, a vil\u00e1g egyik vezet\u0151 kriptop\u00e9nzv\u00e1lt\u00f3j\u00e1r\u00f3l. Az Coinbase egy amerikai sz\u00e9khely\u0171 digit\u00e1lis t\u0151zsde, amely az egyszer\u0171 haszn\u00e1lat\u00e1r\u00f3l \u00e9s az \u00e1ltala \u00fczemeltetett orsz\u00e1gok t\u00f6rv\u00e9nyeinek \u00e9s rendeleteinek val\u00f3 megfelel\u00e9s\u00e9r\u0151l ismert. [...]<\/p>","protected":false},"author":3,"featured_media":0,"parent":3885,"menu_order":0,"comment_status":"closed","ping_status":"closed","template":"","meta":{"_genesis_hide_title":false,"_genesis_hide_breadcrumbs":false,"_genesis_hide_singular_image":false,"_genesis_hide_footer_widgets":false,"_genesis_custom_body_class":"","_genesis_custom_post_class":"","_genesis_layout":"","_glsr_average":0,"_glsr_ranking":0,"_glsr_reviews":0,"footnotes":""},"class_list":{"0":"post-3899","1":"page","2":"type-page","3":"status-publish","5":"entry"},"featured_image_src":null,"featured_image_src_square":null,"_links":{"self":[{"href":"https:\/\/coinkickoff.com\/hu\/wp-json\/wp\/v2\/pages\/3899","targetHints":{"allow":["GET"]}}],"collection":[{"href":"https:\/\/coinkickoff.com\/hu\/wp-json\/wp\/v2\/pages"}],"about":[{"href":"https:\/\/coinkickoff.com\/hu\/wp-json\/wp\/v2\/types\/page"}],"author":[{"embeddable":true,"href":"https:\/\/coinkickoff.com\/hu\/wp-json\/wp\/v2\/users\/3"}],"replies":[{"embeddable":true,"href":"https:\/\/coinkickoff.com\/hu\/wp-json\/wp\/v2\/comments?post=3899"}],"version-history":[{"count":1,"href":"https:\/\/coinkickoff.com\/hu\/wp-json\/wp\/v2\/pages\/3899\/revisions"}],"predecessor-version":[{"id":3900,"href":"https:\/\/coinkickoff.com\/hu\/wp-json\/wp\/v2\/pages\/3899\/revisions\/3900"}],"up":[{"embeddable":true,"href":"https:\/\/coinkickoff.com\/hu\/wp-json\/wp\/v2\/pages\/3885"}],"wp:attachment":[{"href":"https:\/\/coinkickoff.com\/hu\/wp-json\/wp\/v2\/media?parent=3899"}],"curies":[{"name":"wp","href":"https:\/\/api.w.org\/{rel}","templated":true}]}}