{"id":3877,"date":"2026-01-08T14:06:52","date_gmt":"2026-01-08T14:06:52","guid":{"rendered":"https:\/\/coinkickoff.com\/?page_id=3877"},"modified":"2026-01-08T14:06:52","modified_gmt":"2026-01-08T14:06:52","slug":"how-to-buy-shiba-inu-on-kraken","status":"publish","type":"page","link":"https:\/\/coinkickoff.com\/hu\/how-to-buy-shiba-inu\/how-to-buy-shiba-inu-on-kraken\/","title":{"rendered":"Hogyan v\u00e1s\u00e1rolhatsz Shiba Inu-t a Kraken-en?"},"content":{"rendered":"<div id=\"ez-toc-container\" class=\"ez-toc-v2_0_80 counter-hierarchy ez-toc-counter ez-toc-transparent ez-toc-container-direction\">\n<div class=\"ez-toc-title-container\">\n<p class=\"ez-toc-title\" style=\"cursor:inherit\">Szakaszok<\/p>\n<span class=\"ez-toc-title-toggle\"><a href=\"#\" class=\"ez-toc-pull-right ez-toc-btn ez-toc-btn-xs ez-toc-btn-default ez-toc-toggle\" aria-label=\"Toggle Tartalomjegyz\u00e9k\"><span class=\"ez-toc-js-icon-con\"><span class=\"\"><span class=\"eztoc-hide\" style=\"display:none;\">Toggle<\/span><span class=\"ez-toc-icon-toggle-span\"><svg style=\"fill: #999;color:#999\" xmlns=\"http:\/\/www.w3.org\/2000\/svg\" class=\"list-377408\" width=\"20px\" height=\"20px\" viewbox=\"0 0 24 24\" fill=\"none\"><path d=\"M6 6H4v2h2V6zm14 0H8v2h12V6zM4 11h2v2H4v-2zm16 0H8v2h12v-2zM4 16h2v2H4v-2zm16 0H8v2h12v-2z\" fill=\"currentColor\"><\/path><\/svg><svg style=\"fill: #999;color:#999\" class=\"arrow-unsorted-368013\" xmlns=\"http:\/\/www.w3.org\/2000\/svg\" width=\"10px\" height=\"10px\" viewbox=\"0 0 24 24\" version=\"1.2\" baseprofile=\"tiny\"><path d=\"M18.2 9.3l-6.2-6.3-6.2 6.3c-.2.2-.3.4-.3.7s.1.5.3.7c.2.2.4.3.7.3h11c.3 0 .5-.1.7-.3.2-.2.3-.5.3-.7s-.1-.5-.3-.7zM5.8 14.7l6.2 6.3 6.2-6.3c.2-.2.3-.5.3-.7s-.1-.5-.3-.7c-.2-.2-.4-.3-.7-.3h-11c-.3 0-.5.1-.7.3-.2.2-.3.5-.3.7s.1.5.3.7z\"\/><\/svg><\/span><\/span><\/span><\/a><\/span><\/div>\n<nav><ul class='ez-toc-list ez-toc-list-level-1 eztoc-toggle-hide-by-default' ><li class='ez-toc-page-1 ez-toc-heading-level-2'><a class=\"ez-toc-link ez-toc-heading-1\" href=\"https:\/\/coinkickoff.com\/hu\/how-to-buy-shiba-inu\/how-to-buy-shiba-inu-on-kraken\/#How_to_Buy_Shiba_Inu_on_Kraken_Exchange\" >Hogyan v\u00e1s\u00e1roljunk Shiba Inu-t a Kraken t\u0151zsd\u00e9n?<\/a><\/li><li class='ez-toc-page-1 ez-toc-heading-level-2'><a class=\"ez-toc-link ez-toc-heading-2\" href=\"https:\/\/coinkickoff.com\/hu\/how-to-buy-shiba-inu\/how-to-buy-shiba-inu-on-kraken\/#A_Step-By-Step_Guide_on_How_to_Buy_Shiba_Inu_on_Kraken\" >L\u00e9p\u00e9sr\u0151l l\u00e9p\u00e9sre \u00fatmutat\u00f3 az Shiba Inu megv\u00e1s\u00e1rl\u00e1s\u00e1hoz a Krakenen<\/a><ul class='ez-toc-list-level-3' ><li class='ez-toc-heading-level-3'><a class=\"ez-toc-link ez-toc-heading-3\" href=\"https:\/\/coinkickoff.com\/hu\/how-to-buy-shiba-inu\/how-to-buy-shiba-inu-on-kraken\/#1_Register_an_Account_on_Kraken\" >1. Regisztr\u00e1ljon egy fi\u00f3kot a Kraken-en<\/a><\/li><li class='ez-toc-page-1 ez-toc-heading-level-3'><a class=\"ez-toc-link ez-toc-heading-4\" href=\"https:\/\/coinkickoff.com\/hu\/how-to-buy-shiba-inu\/how-to-buy-shiba-inu-on-kraken\/#2_Verify_Your_Account\" >2. Ellen\u0151rizze a fi\u00f3kj\u00e1t<\/a><\/li><li class='ez-toc-page-1 ez-toc-heading-level-3'><a class=\"ez-toc-link ez-toc-heading-5\" href=\"https:\/\/coinkickoff.com\/hu\/how-to-buy-shiba-inu\/how-to-buy-shiba-inu-on-kraken\/#3_Enable_2FA\" >3. 2FA enged\u00e9lyez\u00e9se<\/a><\/li><li class='ez-toc-page-1 ez-toc-heading-level-3'><a class=\"ez-toc-link ez-toc-heading-6\" href=\"https:\/\/coinkickoff.com\/hu\/how-to-buy-shiba-inu\/how-to-buy-shiba-inu-on-kraken\/#4_Add_an_Instant_Payment_Method\" >4. Azonnali fizet\u00e9si m\u00f3d hozz\u00e1ad\u00e1sa<\/a><\/li><li class='ez-toc-page-1 ez-toc-heading-level-3'><a class=\"ez-toc-link ez-toc-heading-7\" href=\"https:\/\/coinkickoff.com\/hu\/how-to-buy-shiba-inu\/how-to-buy-shiba-inu-on-kraken\/#4_Navigate_to_the_Relevant_Screen_to_Buy\" >4. Navig\u00e1ljon a megfelel\u0151 k\u00e9perny\u0151re a v\u00e1s\u00e1rl\u00e1shoz<\/a><\/li><\/ul><\/li><\/ul><\/nav><\/div>\n<h2><span class=\"ez-toc-section\" id=\"How_to_Buy_Shiba_Inu_on_Kraken_Exchange\"><\/span><span style=\"font-weight: 400;\">Hogyan v\u00e1s\u00e1roljunk Shiba Inu-t a Kraken t\u0151zsd\u00e9n?<\/span><span class=\"ez-toc-section-end\"><\/span><\/h2>\n<p><span style=\"font-weight: 400;\">Mint a legt\u00f6bb kriptovaluta, <a href=\"https:\/\/coinkickoff.com\/hu\/shiba-inu-shib\/\">Shiba Inu (SHIB)<\/a> egy spekulat\u00edv eszk\u00f6z: az \u00e1ra emelkedhet \u00e9s eshet a h\u00edress\u00e9gek, marketingesek \u00e9s m\u00e9g a Reddit kommentel\u0151inek szesz\u00e9lyeit\u0151l f\u00fcgg\u0151en. Mint m\u00e9m coin haszn\u00e1lati eset n\u00e9lk\u00fcl, <a href=\"https:\/\/coinkickoff.com\/hu\/shiba-inu-shib\/\" data-internallinksmanager029f6b8e52c=\"16\" title=\"Mi az Shiba Inu (SHIB)? Hogyan m\u0171k\u00f6dik \u00e9s hol lehet megv\u00e1s\u00e1rolni?\">SHIB<\/a> k\u00fcl\u00f6n\u00f6sen \u00e9rz\u00e9keny a hatalmas \u00e9s hirtelen \u00e1ringadoz\u00e1sokra, ami potenci\u00e1lisan nyeres\u00e9gess\u00e9 \u00e9s kock\u00e1zatoss\u00e1 teszi.<\/span><\/p>\n<p><span style=\"font-weight: 400;\">Az SHIB t\u00f6bb helyen is megv\u00e1s\u00e1rolhat\u00f3 <a href=\"https:\/\/coinkickoff.com\/hu\/crypto-exchanges\/\" data-internallinksmanager029f6b8e52c=\"141\" title=\"21 A legjobb kriptovaluta t\u0151zsd\u00e9k \u00e9s alkalmaz\u00e1sok 2024-ben\">kriptot\u0151zsd\u00e9k<\/a>a n\u00e9pszer\u0171s\u00e9g\u00e9nek k\u00f6sz\u00f6nhet\u0151en. Ebben az \u00fatmutat\u00f3ban elmagyar\u00e1zzuk, hogyan lehet megv\u00e1s\u00e1rolni Shiba Inu on <a href=\"https:\/\/coinkickoff.com\/hu\/kraken-review\/\">Kraken<\/a>, egy amerikai sz\u00e9khely\u0171 veter\u00e1n t\u0151zsde, amely a magas szint\u0171 biztons\u00e1gi szabv\u00e1nyair\u00f3l ismert.<\/span><\/p>\n<h2><span class=\"ez-toc-section\" id=\"A_Step-By-Step_Guide_on_How_to_Buy_Shiba_Inu_on_Kraken\"><\/span><span style=\"font-weight: 400;\">L\u00e9p\u00e9sr\u0151l l\u00e9p\u00e9sre \u00fatmutat\u00f3 az Shiba Inu megv\u00e1s\u00e1rl\u00e1s\u00e1hoz a Krakenen<\/span><span class=\"ez-toc-section-end\"><\/span><\/h2>\n<h3><span class=\"ez-toc-section\" id=\"1_Register_an_Account_on_Kraken\"><\/span><span style=\"font-weight: 400;\">1. Regisztr\u00e1ljon egy fi\u00f3kot a Kraken-en<\/span><span class=\"ez-toc-section-end\"><\/span><\/h3>\n<p><img loading=\"lazy\" decoding=\"async\" class=\"alignnone wp-image-3406 size-full\" src=\"https:\/\/coinkickoff.com\/wp-content\/uploads\/kraken1-e1682502957481.png\" alt=\"hogyan lehet megv\u00e1s\u00e1rolni az Dogecoin-t a Kraken-en\" width=\"1339\" height=\"763\" srcset=\"https:\/\/coinkickoff.com\/wp-content\/uploads\/kraken1-e1682502957481.png 1339w, https:\/\/coinkickoff.com\/wp-content\/uploads\/kraken1-e1682502957481-300x171.png 300w, https:\/\/coinkickoff.com\/wp-content\/uploads\/kraken1-e1682502957481-1024x584.png 1024w, https:\/\/coinkickoff.com\/wp-content\/uploads\/kraken1-e1682502957481-768x438.png 768w, https:\/\/coinkickoff.com\/wp-content\/uploads\/kraken1-e1682502957481-18x10.png 18w\" sizes=\"auto, (max-width: 1339px) 100vw, 1339px\" \/><\/p>\n<p><span style=\"font-weight: 400;\">El\u0151sz\u00f6r is, mindenekel\u0151tt: Menj a <a href=\"https:\/\/coinkickoff.com\/hu\/kraken-review\/\" data-internallinksmanager029f6b8e52c=\"171\" title=\"Kraken V\u00e9lem\u00e9nyek 2023: Kraken: D\u00edjak, jellemz\u0151k, biztons\u00e1g, el\u0151ny\u00f6k \u00e9s h\u00e1tr\u00e1nyok\">Kraken<\/a>hivatalos honlapj\u00e1n, \u00e9s hozzon l\u00e9tre egy fi\u00f3kot. T\u00f6ltse ki a regisztr\u00e1ci\u00f3s \u0171rlapot az \u00f6sszes sz\u00fcks\u00e9ges inform\u00e1ci\u00f3 megad\u00e1s\u00e1val. Gy\u0151z\u0151dj\u00f6n meg r\u00f3la, hogy \u00e9rv\u00e9nyes e-mail c\u00edmet ad meg: A Kraken ezt fogja haszn\u00e1lni az aktiv\u00e1l\u00e1si link elk\u00fcld\u00e9s\u00e9re.<\/span><\/p>\n<h3><span class=\"ez-toc-section\" id=\"2_Verify_Your_Account\"><\/span><span style=\"font-weight: 400;\">2. Ellen\u0151rizze a fi\u00f3kj\u00e1t<\/span><span class=\"ez-toc-section-end\"><\/span><\/h3>\n<p><span style=\"font-weight: 400;\">Miut\u00e1n bejelentkezt\u00e9l, itt az ideje, hogy befejezd a szem\u00e9lyazonoss\u00e1g ellen\u0151rz\u00e9s\u00e9t. A Kraken el\u00e9g szigor\u00faan veszi a szem\u00e9lyazonoss\u00e1g ellen\u0151rz\u00e9s\u00e9t, \u00edgy ezt a l\u00e9p\u00e9st nem hagyhatja ki. Val\u00f3j\u00e1ban, amint megpr\u00f3b\u00e1lsz a m\u0171szerfal tetej\u00e9n a \"Buy Crypto\" f\u00fclre kattintani, a rendszer felsz\u00f3l\u00edt a szem\u00e9lyazonoss\u00e1god igazol\u00e1s\u00e1ra.<\/span><\/p>\n<p><img loading=\"lazy\" decoding=\"async\" class=\"alignnone wp-image-3407 size-full\" src=\"https:\/\/coinkickoff.com\/wp-content\/uploads\/kraken2-e1686524781685.png\" alt=\"kraken ellen\u0151rz\u00e9si figyelmeztet\u00e9s\" width=\"1360\" height=\"791\" srcset=\"https:\/\/coinkickoff.com\/wp-content\/uploads\/kraken2-e1686524781685.png 1360w, https:\/\/coinkickoff.com\/wp-content\/uploads\/kraken2-e1686524781685-300x174.png 300w, https:\/\/coinkickoff.com\/wp-content\/uploads\/kraken2-e1686524781685-1024x596.png 1024w, https:\/\/coinkickoff.com\/wp-content\/uploads\/kraken2-e1686524781685-768x447.png 768w, https:\/\/coinkickoff.com\/wp-content\/uploads\/kraken2-e1686524781685-18x10.png 18w\" sizes=\"auto, (max-width: 1360px) 100vw, 1360px\" \/><\/p>\n<p><span style=\"font-weight: 400;\">A Kraken ellen\u0151rz\u00e9si rendszere el\u00e9gg\u00e9 szabv\u00e1nyos: meg kell adnia a nev\u00e9t, c\u00edm\u00e9t \u00e9s szem\u00e9lyes adatait, valamint fel kell t\u00f6ltenie szem\u00e9lyazonos\u00edt\u00f3 okm\u00e1nyokat.<\/span><\/p>\n<p><img loading=\"lazy\" decoding=\"async\" class=\"alignnone wp-image-3408 size-full\" src=\"https:\/\/coinkickoff.com\/wp-content\/uploads\/kraken3-e1682503223180.png\" alt=\"\" width=\"1375\" height=\"777\" srcset=\"https:\/\/coinkickoff.com\/wp-content\/uploads\/kraken3-e1682503223180.png 1375w, https:\/\/coinkickoff.com\/wp-content\/uploads\/kraken3-e1682503223180-300x170.png 300w, https:\/\/coinkickoff.com\/wp-content\/uploads\/kraken3-e1682503223180-1024x579.png 1024w, https:\/\/coinkickoff.com\/wp-content\/uploads\/kraken3-e1682503223180-768x434.png 768w, https:\/\/coinkickoff.com\/wp-content\/uploads\/kraken3-e1682503223180-18x10.png 18w, https:\/\/coinkickoff.com\/wp-content\/uploads\/kraken3-e1682503223180-600x338.png 600w\" sizes=\"auto, (max-width: 1375px) 100vw, 1375px\" \/><\/p>\n<p><span style=\"font-weight: 400;\">Adja meg az \u00f6sszes sz\u00fcks\u00e9ges inform\u00e1ci\u00f3t, \u00e9s kattintson a \"Folytat\u00e1s\" gombra. K\u00e9r\u00e9sre t\u00f6ltse fel a sz\u00fcks\u00e9ges dokumentumokat. A folyamatot n\u00e9h\u00e1ny perc alatt befejezheti.\u00a0<\/span><\/p>\n<h3><span class=\"ez-toc-section\" id=\"3_Enable_2FA\"><\/span><span style=\"font-weight: 400;\">3. 2FA enged\u00e9lyez\u00e9se<\/span><span class=\"ez-toc-section-end\"><\/span><\/h3>\n<p><span style=\"font-weight: 400;\">Amint ellen\u0151rz\u00f6tt felhaszn\u00e1l\u00f3 lett\u00e9l, befizethetsz a Krakenre. Azonban b\u00f6lcs dolog enged\u00e9lyezni a k\u00e9tfaktoros hiteles\u00edt\u00e9st (2FA), miel\u0151tt p\u00e9nzt fizetne be a sz\u00e1ml\u00e1j\u00e1ra. A 2FA cs\u00f6kkenti annak az es\u00e9ly\u00e9t, hogy ellopj\u00e1k a sz\u00e1ml\u00e1j\u00e1t (\u00e9s a p\u00e9nz\u00e9t).<\/span><\/p>\n<p><span style=\"font-weight: 400;\">Kattintson a k\u00e9perny\u0151 jobb fels\u0151 sark\u00e1ban megjelen\u0151 felhaszn\u00e1l\u00f3nev\u00e9re, \u00e9s l\u00e9pjen a 2FA-be\u00e1ll\u00edt\u00e1sokra.<\/span><\/p>\n<p><img loading=\"lazy\" decoding=\"async\" class=\"alignnone wp-image-3409 size-full\" src=\"https:\/\/coinkickoff.com\/wp-content\/uploads\/kraken4-e1682503267822.png\" alt=\"\" width=\"1360\" height=\"795\" srcset=\"https:\/\/coinkickoff.com\/wp-content\/uploads\/kraken4-e1682503267822.png 1360w, https:\/\/coinkickoff.com\/wp-content\/uploads\/kraken4-e1682503267822-300x175.png 300w, https:\/\/coinkickoff.com\/wp-content\/uploads\/kraken4-e1682503267822-1024x599.png 1024w, https:\/\/coinkickoff.com\/wp-content\/uploads\/kraken4-e1682503267822-768x449.png 768w, https:\/\/coinkickoff.com\/wp-content\/uploads\/kraken4-e1682503267822-18x12.png 18w\" sizes=\"auto, (max-width: 1360px) 100vw, 1360px\" \/><\/p>\n<p><span style=\"font-weight: 400;\">A 2FA-t enged\u00e9lyeznie kell a fi\u00f3kbejelentkez\u00e9sekhez, de m\u00e1s m\u0171veletekhez, p\u00e9ld\u00e1ul a keresked\u00e9shez \u00e9s a finansz\u00edroz\u00e1shoz is enged\u00e9lyezheti. A kezd\u00e9shez kattintson a kiemelt \"Aktiv\u00e1l\u00e1s most\" gombra.<\/span><\/p>\n<p><span style=\"font-weight: 400;\"><img loading=\"lazy\" decoding=\"async\" class=\"alignnone wp-image-3405 size-full\" src=\"https:\/\/coinkickoff.com\/wp-content\/uploads\/kraken-5-e1682503294785.png\" alt=\"\" width=\"1357\" height=\"770\" srcset=\"https:\/\/coinkickoff.com\/wp-content\/uploads\/kraken-5-e1682503294785.png 1357w, https:\/\/coinkickoff.com\/wp-content\/uploads\/kraken-5-e1682503294785-300x170.png 300w, https:\/\/coinkickoff.com\/wp-content\/uploads\/kraken-5-e1682503294785-1024x581.png 1024w, https:\/\/coinkickoff.com\/wp-content\/uploads\/kraken-5-e1682503294785-768x436.png 768w, https:\/\/coinkickoff.com\/wp-content\/uploads\/kraken-5-e1682503294785-18x10.png 18w\" sizes=\"auto, (max-width: 1357px) 100vw, 1357px\" \/><\/span><\/p>\n<p><span style=\"font-weight: 400;\">A Kraken webhelye r\u00e9szletesen elmagyar\u00e1zza a 2FA m\u0171k\u00f6d\u00e9s\u00e9t, \u00e9s utas\u00edt\u00e1sokat ad a tov\u00e1bbi l\u00e9p\u00e9sekhez. Alapvet\u0151en csak annyit kell tennie, hogy beszerzi a Google Authenticator alkalmaz\u00e1st, \u00e9s azzal beolvassa a Kraken \u00e1ltal gener\u00e1lt QR-k\u00f3dot. Az alkalmaz\u00e1s egy hiteles\u00edt\u00e9si k\u00f3dot fog adni, amellyel meger\u0151s\u00edtheti a biztons\u00e1g\u00e1t. \u00cdrja be a k\u00f3dot az alkalmaz\u00e1sb\u00f3l, \u00e9s kattintson a \"Meger\u0151s\u00edt\u00e9s\" gombra.<\/span><\/p>\n<p><img loading=\"lazy\" decoding=\"async\" class=\"alignnone wp-image-3410 size-full\" src=\"https:\/\/coinkickoff.com\/wp-content\/uploads\/kraken6-e1682503322525.png\" alt=\"\" width=\"1357\" height=\"791\" \/><\/p>\n<p><span style=\"font-weight: 400;\">A Google Authenticator alkalmaz\u00e1st fogja haszn\u00e1lni minden alkalommal, amikor bejelentkezik a fi\u00f3kj\u00e1ba.\u00a0<\/span><\/p>\n<h3><span class=\"ez-toc-section\" id=\"4_Add_an_Instant_Payment_Method\"><\/span><span style=\"font-weight: 400;\">4. Azonnali fizet\u00e9si m\u00f3d hozz\u00e1ad\u00e1sa<\/span><span class=\"ez-toc-section-end\"><\/span><\/h3>\n<p><span style=\"font-weight: 400;\">Az Shiba Inu (vagy b\u00e1rmely m\u00e1s kriptop\u00e9nz) megv\u00e1s\u00e1rl\u00e1s\u00e1nak leggyorsabb m\u00f3dja a Kraken-en az, ha azonnali fizet\u00e9si m\u00f3dot adsz hozz\u00e1 a sz\u00e1ml\u00e1dhoz. Hitel- \u00e9s bet\u00e9ti k\u00e1rty\u00e1kat vagy online banksz\u00e1ml\u00e1j\u00e1t \u00f6sszekapcsolhatja a cser\u00e9hez.<\/span><\/p>\n<p><span style=\"font-weight: 400;\">Kattintson a \"Crypto megv\u00e1s\u00e1rl\u00e1sa\" f\u00fclre, ha k\u00e1rty\u00e1t szeretne \u00f6sszekapcsolni a sz\u00e1ml\u00e1j\u00e1val. A rendszer \u00e1tir\u00e1ny\u00edtja \u00d6nt a kriptov\u00e1s\u00e1rl\u00e1si m\u00f3dszerek oldalra, ahol hozz\u00e1adhat egy fizet\u00e9si m\u00f3dot.<\/span><\/p>\n<p><img loading=\"lazy\" decoding=\"async\" class=\"alignnone wp-image-3412 size-full\" src=\"https:\/\/coinkickoff.com\/wp-content\/uploads\/kraken8-e1682503364155.png\" alt=\"hogyan lehet megv\u00e1s\u00e1rolni az Shiba Inu-t a Krakenen\" width=\"1206\" height=\"781\" srcset=\"https:\/\/coinkickoff.com\/wp-content\/uploads\/kraken8-e1682503364155.png 1206w, https:\/\/coinkickoff.com\/wp-content\/uploads\/kraken8-e1682503364155-300x194.png 300w, https:\/\/coinkickoff.com\/wp-content\/uploads\/kraken8-e1682503364155-1024x663.png 1024w, https:\/\/coinkickoff.com\/wp-content\/uploads\/kraken8-e1682503364155-768x497.png 768w, https:\/\/coinkickoff.com\/wp-content\/uploads\/kraken8-e1682503364155-18x12.png 18w\" sizes=\"auto, (max-width: 1206px) 100vw, 1206px\" \/><\/p>\n<p><span style=\"font-weight: 400;\">Kattintson a \"Fizet\u00e9si m\u00f3dok hozz\u00e1ad\u00e1sa\" gombra. <\/span><\/p>\n<p><img loading=\"lazy\" decoding=\"async\" class=\"alignnone wp-image-3413 size-full\" src=\"https:\/\/coinkickoff.com\/wp-content\/uploads\/kraken9-e1682503407337.png\" alt=\"\" width=\"1196\" height=\"776\" srcset=\"https:\/\/coinkickoff.com\/wp-content\/uploads\/kraken9-e1682503407337.png 1196w, https:\/\/coinkickoff.com\/wp-content\/uploads\/kraken9-e1682503407337-300x195.png 300w, https:\/\/coinkickoff.com\/wp-content\/uploads\/kraken9-e1682503407337-1024x664.png 1024w, https:\/\/coinkickoff.com\/wp-content\/uploads\/kraken9-e1682503407337-768x498.png 768w, https:\/\/coinkickoff.com\/wp-content\/uploads\/kraken9-e1682503407337-18x12.png 18w\" sizes=\"auto, (max-width: 1196px) 100vw, 1196px\" \/><\/p>\n<p><span style=\"font-weight: 400;\">A bankk\u00e1rtya vagy hitelk\u00e1rtya hozz\u00e1ad\u00e1s\u00e1hoz egyszer\u0171en meg kell adnia a k\u00e1rtya adatait. K\u00e9szp\u00e9nzt online banki szolg\u00e1ltat\u00e1ssal is befizethet, b\u00e1r ez nem olyan gyors, mint az els\u0151 lehet\u0151s\u00e9g.<\/span><\/p>\n<h3><span class=\"ez-toc-section\" id=\"4_Navigate_to_the_Relevant_Screen_to_Buy\"><\/span><span style=\"font-weight: 400;\">4. Navig\u00e1ljon a megfelel\u0151 k\u00e9perny\u0151re a v\u00e1s\u00e1rl\u00e1shoz<\/span><span class=\"ez-toc-section-end\"><\/span><\/h3>\n<p><span style=\"font-weight: 400;\">Miut\u00e1n hozz\u00e1ad egy fizet\u00e9si m\u00f3dot a Kraken-fi\u00f3kj\u00e1hoz, az SHIB megv\u00e1s\u00e1rl\u00e1sa nagyon egyszer\u0171. A \"Crypto megv\u00e1s\u00e1rl\u00e1sa\" oldalon kattintson a \"V\u00e1s\u00e1rl\u00e1s\" gombra.<\/span><\/p>\n<p><span style=\"font-weight: 400;\">A felaj\u00e1nlott eszk\u00f6z\u00f6ket a leg\u00f6rd\u00fcl\u0151 men\u00fcben l\u00e1thatja. V\u00e1lassza ki az Shiba Inu-t a list\u00e1b\u00f3l (SHIB n\u00e9ven tal\u00e1lja meg). Adja meg a Shibre k\u00f6lteni k\u00edv\u00e1nt \u00f6sszeget, v\u00e1lassza ki a fizet\u00e9si m\u00f3dot, majd kattintson a meger\u0151s\u00edt\u00e9s gombra.<\/span><\/p>\n<p><span style=\"font-weight: 400;\">B\u00e1r ez a lehet\u0151s\u00e9g nagyon gyors, a hitel- \u00e9s bet\u00e9ti k\u00e1rty\u00e1s v\u00e1s\u00e1rl\u00e1sok az egyszer\u0171 v\u00e1s\u00e1rl\u00e1s widgeten kereszt\u00fcl nagyon k\u00f6lts\u00e9gesek lehetnek. Ha nem szeretne magas d\u00edjakat fizetni az Shiba Inu v\u00e1s\u00e1rl\u00e1s\u00e1\u00e9rt, akkor haszn\u00e1lhatja a m\u00e1sodik m\u00f3dszert, amelyet az al\u00e1bbiakban ismertet\u00fcnk.<\/span><\/p>\n<p><span style=\"font-weight: 400;\">V\u00e1logatott fiat valut\u00e1kkal, k\u00f6zt\u00fck USD-vel is kereskedhet Shiba Inu-\u00e9rt a Kraken-en. Vigy\u00e1zzon, hogy a Kraken olcs\u00f3bb d\u00edjainak kihaszn\u00e1l\u00e1s\u00e1hoz p\u00e9nzt kell befizetnie a sz\u00e1ml\u00e1j\u00e1ra. A Kraken-en t\u00f6rt\u00e9n\u0151 keresked\u00e9shez nem haszn\u00e1lhat bank- vagy hitelk\u00e1rty\u00e1t.<\/span><\/p>\n<p><span style=\"font-weight: 400;\">Az USD-t k\u00e9tf\u00e9lek\u00e9ppen konvert\u00e1lhatod Shiba Inu-re a Kraken-en: Haszn\u00e1lhatja a <\/span><a href=\"https:\/\/kraken.pxf.io\/B0Rny4convert\/shib\/usd\" target=\"_blank\" rel=\"noopener\"><span style=\"font-weight: 400;\">Kraken automatikus \u00e1talak\u00edt\u00f3ja<\/span><\/a><span style=\"font-weight: 400;\"> vagy az Shiba Inu-re vonatkoz\u00f3 megb\u00edz\u00e1s megad\u00e1s\u00e1val kereskedjen.<\/span><\/p>\n<p><span style=\"font-weight: 400;\">Az automatikus konverter a legegyszer\u0171bb m\u00f3dja az USD keresked\u00e9s\u00e9nek a Kraken sz\u00e1m\u00e1ra, de ha saj\u00e1t maga szeretn\u00e9 meghat\u00e1rozni az \u00e1rat, akkor a megrendel\u00e9s lead\u00e1sa a legjobb megold\u00e1s.<\/span><\/p>\n<p><span style=\"font-weight: 400;\">Ha megb\u00edz\u00e1st szeretne adni, l\u00e9pjen a \"Keresked\u00e9s\" f\u00fclre, \u00e9s kattintson az \"\u00daj megb\u00edz\u00e1s\" gombra. V\u00e1lassza ki az USD\/SHIB keresked\u00e9si p\u00e1rt.<\/span><\/p>\n<p><span style=\"font-weight: 400;\">A megrendel\u0151lap zavarosnak t\u0171nhet, de szuper egyszer\u0171: Csak adja meg, hogy mennyit szeretne k\u00f6lteni. Elfogadhatja az SHIB piaci \u00e1r\u00e1t, vagy be\u00e1ll\u00edthatja a saj\u00e1t \u00e1r\u00e1t. Ha t\u00fal alacsony \u00e1rat \u00e1ll\u00edt be, akkor eltarthat egy ideig, am\u00edg a megrendel\u00e9s\u00e9t teljes\u00edtik.<\/span><\/p>\n<p><span style=\"font-weight: 400;\">Gratul\u00e1lunk! Most m\u00e1r tudod, hogyan v\u00e1s\u00e1rolhatsz Shiba Inu-t a Kraken-en.<\/span><\/p>","protected":false},"excerpt":{"rendered":"<p>Hogyan v\u00e1s\u00e1roljon Shiba Inu-t a Kraken t\u0151zsd\u00e9n Mint a legt\u00f6bb kriptovaluta, az Shiba Inu (SHIB) is spekulat\u00edv eszk\u00f6z: \u00e1rfolyama a h\u00edress\u00e9gek, marketingesek \u00e9s m\u00e9g a Reddit kommentel\u0151inek szesz\u00e9lyeit\u0151l f\u00fcgg\u0151en emelkedhet \u00e9s eshet. Mivel az coin egy m\u00e9m coin haszn\u00e1lati eset n\u00e9lk\u00fcl, az SHIB k\u00fcl\u00f6n\u00f6sen \u00e9rz\u00e9keny a hatalmas \u00e9s hirtelen \u00e1rfolyam-ingadoz\u00e1sokra, \u00edgy [...]<\/p>","protected":false},"author":3,"featured_media":0,"parent":3709,"menu_order":0,"comment_status":"closed","ping_status":"closed","template":"","meta":{"_genesis_hide_title":false,"_genesis_hide_breadcrumbs":false,"_genesis_hide_singular_image":false,"_genesis_hide_footer_widgets":false,"_genesis_custom_body_class":"","_genesis_custom_post_class":"","_genesis_layout":"","_glsr_average":0,"_glsr_ranking":0,"_glsr_reviews":0,"footnotes":""},"class_list":{"0":"post-3877","1":"page","2":"type-page","3":"status-publish","5":"entry"},"featured_image_src":null,"featured_image_src_square":null,"_links":{"self":[{"href":"https:\/\/coinkickoff.com\/hu\/wp-json\/wp\/v2\/pages\/3877","targetHints":{"allow":["GET"]}}],"collection":[{"href":"https:\/\/coinkickoff.com\/hu\/wp-json\/wp\/v2\/pages"}],"about":[{"href":"https:\/\/coinkickoff.com\/hu\/wp-json\/wp\/v2\/types\/page"}],"author":[{"embeddable":true,"href":"https:\/\/coinkickoff.com\/hu\/wp-json\/wp\/v2\/users\/3"}],"replies":[{"embeddable":true,"href":"https:\/\/coinkickoff.com\/hu\/wp-json\/wp\/v2\/comments?post=3877"}],"version-history":[{"count":3,"href":"https:\/\/coinkickoff.com\/hu\/wp-json\/wp\/v2\/pages\/3877\/revisions"}],"predecessor-version":[{"id":3880,"href":"https:\/\/coinkickoff.com\/hu\/wp-json\/wp\/v2\/pages\/3877\/revisions\/3880"}],"up":[{"embeddable":true,"href":"https:\/\/coinkickoff.com\/hu\/wp-json\/wp\/v2\/pages\/3709"}],"wp:attachment":[{"href":"https:\/\/coinkickoff.com\/hu\/wp-json\/wp\/v2\/media?parent=3877"}],"curies":[{"name":"wp","href":"https:\/\/api.w.org\/{rel}","templated":true}]}}