{"id":3447,"date":"2026-01-08T14:07:31","date_gmt":"2026-01-08T14:07:31","guid":{"rendered":"https:\/\/coinkickoff.com\/?page_id=3447"},"modified":"2026-01-08T14:07:31","modified_gmt":"2026-01-08T14:07:31","slug":"how-to-buy-dogecoin-on-bitmart","status":"publish","type":"page","link":"https:\/\/coinkickoff.com\/hu\/how-to-buy-dogecoin\/how-to-buy-dogecoin-on-bitmart\/","title":{"rendered":"Hogyan v\u00e1s\u00e1rolhat Dogecoin (DOGE) a Bitmarton?"},"content":{"rendered":"<div id=\"ez-toc-container\" class=\"ez-toc-v2_0_80 counter-hierarchy ez-toc-counter ez-toc-transparent ez-toc-container-direction\">\n<div class=\"ez-toc-title-container\">\n<p class=\"ez-toc-title\" style=\"cursor:inherit\">Szakaszok<\/p>\n<span class=\"ez-toc-title-toggle\"><a href=\"#\" class=\"ez-toc-pull-right ez-toc-btn ez-toc-btn-xs ez-toc-btn-default ez-toc-toggle\" aria-label=\"Toggle Tartalomjegyz\u00e9k\"><span class=\"ez-toc-js-icon-con\"><span class=\"\"><span class=\"eztoc-hide\" style=\"display:none;\">Toggle<\/span><span class=\"ez-toc-icon-toggle-span\"><svg style=\"fill: #999;color:#999\" xmlns=\"http:\/\/www.w3.org\/2000\/svg\" class=\"list-377408\" width=\"20px\" height=\"20px\" viewbox=\"0 0 24 24\" fill=\"none\"><path d=\"M6 6H4v2h2V6zm14 0H8v2h12V6zM4 11h2v2H4v-2zm16 0H8v2h12v-2zM4 16h2v2H4v-2zm16 0H8v2h12v-2z\" fill=\"currentColor\"><\/path><\/svg><svg style=\"fill: #999;color:#999\" class=\"arrow-unsorted-368013\" xmlns=\"http:\/\/www.w3.org\/2000\/svg\" width=\"10px\" height=\"10px\" viewbox=\"0 0 24 24\" version=\"1.2\" baseprofile=\"tiny\"><path d=\"M18.2 9.3l-6.2-6.3-6.2 6.3c-.2.2-.3.4-.3.7s.1.5.3.7c.2.2.4.3.7.3h11c.3 0 .5-.1.7-.3.2-.2.3-.5.3-.7s-.1-.5-.3-.7zM5.8 14.7l6.2 6.3 6.2-6.3c.2-.2.3-.5.3-.7s-.1-.5-.3-.7c-.2-.2-.4-.3-.7-.3h-11c-.3 0-.5.1-.7.3-.2.2-.3.5-.3.7s.1.5.3.7z\"\/><\/svg><\/span><\/span><\/span><\/a><\/span><\/div>\n<nav><ul class='ez-toc-list ez-toc-list-level-1 eztoc-toggle-hide-by-default' ><li class='ez-toc-page-1 ez-toc-heading-level-2'><a class=\"ez-toc-link ez-toc-heading-1\" href=\"https:\/\/coinkickoff.com\/hu\/how-to-buy-dogecoin\/how-to-buy-dogecoin-on-bitmart\/#How_to_Buy_Dogecoin_on_Bitmart\" >Hogyan v\u00e1s\u00e1rolhat Dogecoin-t a Bitmarton?<\/a><\/li><li class='ez-toc-page-1 ez-toc-heading-level-2'><a class=\"ez-toc-link ez-toc-heading-2\" href=\"https:\/\/coinkickoff.com\/hu\/how-to-buy-dogecoin\/how-to-buy-dogecoin-on-bitmart\/#A_Step-By-Step_Guide_on_How_to_Buy_Dogecoin_on_Bitmart\" >L\u00e9p\u00e9sr\u0151l l\u00e9p\u00e9sre \u00fatmutat\u00f3 az Dogecoin v\u00e1s\u00e1rl\u00e1s\u00e1hoz a Bitmarton<\/a><ul class='ez-toc-list-level-3' ><li class='ez-toc-heading-level-3'><a class=\"ez-toc-link ez-toc-heading-3\" href=\"https:\/\/coinkickoff.com\/hu\/how-to-buy-dogecoin\/how-to-buy-dogecoin-on-bitmart\/#1_Register_an_Account\" >1. Regisztr\u00e1ljon egy fi\u00f3kot<\/a><\/li><li class='ez-toc-page-1 ez-toc-heading-level-3'><a class=\"ez-toc-link ez-toc-heading-4\" href=\"https:\/\/coinkickoff.com\/hu\/how-to-buy-dogecoin\/how-to-buy-dogecoin-on-bitmart\/#2_Verify_Your_Account\" >2. Ellen\u0151rizze a fi\u00f3kj\u00e1t<\/a><\/li><li class='ez-toc-page-1 ez-toc-heading-level-3'><a class=\"ez-toc-link ez-toc-heading-5\" href=\"https:\/\/coinkickoff.com\/hu\/how-to-buy-dogecoin\/how-to-buy-dogecoin-on-bitmart\/#3_Buy_Crypto\" >3. V\u00e1s\u00e1roljon kript\u00f3t<\/a><\/li><\/ul><\/li><\/ul><\/nav><\/div>\n<h2><span class=\"ez-toc-section\" id=\"How_to_Buy_Dogecoin_on_Bitmart\"><\/span><span style=\"font-weight: 400;\"><img loading=\"lazy\" decoding=\"async\" class=\"alignnone wp-image-155 size-full\" src=\"https:\/\/coinkickoff.com\/wp-content\/uploads\/2022\/06\/Dogecoin-DOGE.jpg\" alt=\"hogyan lehet megv\u00e1s\u00e1rolni a dogecoin\" width=\"1000\" height=\"800\" srcset=\"https:\/\/coinkickoff.com\/wp-content\/uploads\/2022\/06\/Dogecoin-DOGE.jpg 1000w, https:\/\/coinkickoff.com\/wp-content\/uploads\/2022\/06\/Dogecoin-DOGE-300x240.jpg 300w, https:\/\/coinkickoff.com\/wp-content\/uploads\/2022\/06\/Dogecoin-DOGE-768x614.jpg 768w, https:\/\/coinkickoff.com\/wp-content\/uploads\/2022\/06\/Dogecoin-DOGE-15x12.jpg 15w\" sizes=\"auto, (max-width: 1000px) 100vw, 1000px\" \/>Hogyan v\u00e1s\u00e1rolhat Dogecoin-t a Bitmarton?<\/span><span class=\"ez-toc-section-end\"><\/span><\/h2>\n<p><span style=\"font-weight: 400;\"><a href=\"https:\/\/coinkickoff.com\/hu\/dogecoin-doge\/\" data-internallinksmanager029f6b8e52c=\"14\" title=\"Milyen t\u00edpus\u00fa gy\u00f3gyszer a Dogecoin (DOGE)? Hogyan m\u0171k\u00f6dik \u00e9s hol lehet megv\u00e1s\u00e1rolni?\">Dogecoin<\/a>, amely eredetileg viccb\u0151l indult coin, az internetes n\u00e9pszer\u0171s\u00e9gnek k\u00f6sz\u00f6nhet\u0151en jelens\u00e9gg\u00e9 v\u00e1lt. B\u00e1r az eszk\u00f6z a hatalmas \u00f6sszk\u00edn\u00e1lat miatt t\u00f6bbnyire \u00e9rt\u00e9ktelen, tov\u00e1bbra is n\u00e9pszer\u0171 kriptop\u00e9nz, amelyet sokan felvesznek a portf\u00f3li\u00f3jukba.<\/span><\/p>\n<p><span style=\"font-weight: 400;\">Ha Dogecoin-t szeretne v\u00e1s\u00e1rolni, de nem tudja, hogyan tegye, mi seg\u00edt\u00fcnk. \u00cdme egy l\u00e9p\u00e9sr\u0151l-l\u00e9p\u00e9sre \u00fatmutat\u00f3 arr\u00f3l, hogyan v\u00e1s\u00e1roljon Dogecoin-t a <a href=\"https:\/\/coinkickoff.com\/hu\/bitmart-review\/\" data-internallinksmanager029f6b8e52c=\"162\" title=\"Bitmart V\u00e9lem\u00e9nyek 2023: Smartmart: D\u00edjak, jellemz\u0151k, biztons\u00e1g, el\u0151ny\u00f6k \u00e9s h\u00e1tr\u00e1nyok\">Bitmart<\/a> csere.<\/span><\/p>\n<h2><span class=\"ez-toc-section\" id=\"A_Step-By-Step_Guide_on_How_to_Buy_Dogecoin_on_Bitmart\"><\/span><span style=\"font-weight: 400;\">L\u00e9p\u00e9sr\u0151l l\u00e9p\u00e9sre \u00fatmutat\u00f3 az Dogecoin v\u00e1s\u00e1rl\u00e1s\u00e1hoz a Bitmarton<\/span><span class=\"ez-toc-section-end\"><\/span><\/h2>\n<h3><span class=\"ez-toc-section\" id=\"1_Register_an_Account\"><\/span><span style=\"font-weight: 400;\">1. Regisztr\u00e1ljon egy fi\u00f3kot<\/span><span class=\"ez-toc-section-end\"><\/span><\/h3>\n<p><span style=\"font-weight: 400;\">El\u0151sz\u00f6r jelentkezzen be a Bitmart-fi\u00f3kj\u00e1ba. Ha nincs <a href=\"https:\/\/www.bitmart.com\/register-referral\/en?r=A9JwPa\" target=\"_blank\" rel=\"noopener\">Bitmart sz\u00e1mla<\/a>, kattintson a \"Feliratkoz\u00e1s\" gombra.<\/span><\/p>\n<p><img loading=\"lazy\" decoding=\"async\" class=\"alignnone wp-image-3448 size-full\" src=\"https:\/\/coinkickoff.com\/wp-content\/uploads\/Screen-Shot-2023-03-28-at-7.50.10-AM-e1682512772323.png\" alt=\"hogyan lehet megv\u00e1s\u00e1rolni Dogecoin a Bitmarton\" width=\"1378\" height=\"685\" srcset=\"https:\/\/coinkickoff.com\/wp-content\/uploads\/Screen-Shot-2023-03-28-at-7.50.10-AM-e1682512772323.png 1378w, https:\/\/coinkickoff.com\/wp-content\/uploads\/Screen-Shot-2023-03-28-at-7.50.10-AM-e1682512772323-300x149.png 300w, https:\/\/coinkickoff.com\/wp-content\/uploads\/Screen-Shot-2023-03-28-at-7.50.10-AM-e1682512772323-1024x509.png 1024w, https:\/\/coinkickoff.com\/wp-content\/uploads\/Screen-Shot-2023-03-28-at-7.50.10-AM-e1682512772323-768x382.png 768w, https:\/\/coinkickoff.com\/wp-content\/uploads\/Screen-Shot-2023-03-28-at-7.50.10-AM-e1682512772323-18x9.png 18w\" sizes=\"auto, (max-width: 1378px) 100vw, 1378px\" \/><\/p>\n<p><span style=\"font-weight: 400;\">Fi\u00f3kot hozhat l\u00e9tre mobilsz\u00e1m\u00e1val vagy e-mail c\u00edm\u00e9vel. A bejelentkez\u00e9s gombra kattintva egy ellen\u0151rz\u0151 k\u00f3dot fog kapni. Haszn\u00e1lja a k\u00f3dot a fi\u00f3kj\u00e1hoz val\u00f3 hozz\u00e1f\u00e9r\u00e9shez.\u00a0\u00a0<\/span><\/p>\n<h3><span class=\"ez-toc-section\" id=\"2_Verify_Your_Account\"><\/span><span style=\"font-weight: 400;\">2. Ellen\u0151rizze a fi\u00f3kj\u00e1t<\/span><span class=\"ez-toc-section-end\"><\/span><\/h3>\n<p><img loading=\"lazy\" decoding=\"async\" class=\"alignnone wp-image-3449 size-full\" src=\"https:\/\/coinkickoff.com\/wp-content\/uploads\/Screen-Shot-2023-03-28-at-7.51.33-AM-e1682512794900.png\" alt=\"\" width=\"1382\" height=\"683\" srcset=\"https:\/\/coinkickoff.com\/wp-content\/uploads\/Screen-Shot-2023-03-28-at-7.51.33-AM-e1682512794900.png 1382w, https:\/\/coinkickoff.com\/wp-content\/uploads\/Screen-Shot-2023-03-28-at-7.51.33-AM-e1682512794900-300x148.png 300w, https:\/\/coinkickoff.com\/wp-content\/uploads\/Screen-Shot-2023-03-28-at-7.51.33-AM-e1682512794900-1024x506.png 1024w, https:\/\/coinkickoff.com\/wp-content\/uploads\/Screen-Shot-2023-03-28-at-7.51.33-AM-e1682512794900-768x380.png 768w, https:\/\/coinkickoff.com\/wp-content\/uploads\/Screen-Shot-2023-03-28-at-7.51.33-AM-e1682512794900-18x9.png 18w\" sizes=\"auto, (max-width: 1382px) 100vw, 1382px\" \/><\/p>\n<p><span style=\"font-weight: 400;\">A Bitmarton t\u00f6rt\u00e9n\u0151 befizet\u00e9shez \u00e9s keresked\u00e9shez teljes k\u00f6r\u0171 szem\u00e9lyazonoss\u00e1gi ellen\u0151rz\u00e9st kell v\u00e9geznie. Kattintson a honlap jobb fels\u0151 sark\u00e1ban tal\u00e1lhat\u00f3 profil ikonra, \u00e9s v\u00e1lassza az \"Ellen\u0151rz\u00e9s\" lehet\u0151s\u00e9get.<\/span><\/p>\n<p><img loading=\"lazy\" decoding=\"async\" class=\"alignnone wp-image-3450 size-full\" src=\"https:\/\/coinkickoff.com\/wp-content\/uploads\/Screen-Shot-2023-03-28-at-7.51.59-AM-e1682512815734.png\" alt=\"\" width=\"1439\" height=\"820\" srcset=\"https:\/\/coinkickoff.com\/wp-content\/uploads\/Screen-Shot-2023-03-28-at-7.51.59-AM-e1682512815734.png 1439w, https:\/\/coinkickoff.com\/wp-content\/uploads\/Screen-Shot-2023-03-28-at-7.51.59-AM-e1682512815734-300x171.png 300w, https:\/\/coinkickoff.com\/wp-content\/uploads\/Screen-Shot-2023-03-28-at-7.51.59-AM-e1682512815734-1024x584.png 1024w, https:\/\/coinkickoff.com\/wp-content\/uploads\/Screen-Shot-2023-03-28-at-7.51.59-AM-e1682512815734-768x438.png 768w, https:\/\/coinkickoff.com\/wp-content\/uploads\/Screen-Shot-2023-03-28-at-7.51.59-AM-e1682512815734-18x10.png 18w\" sizes=\"auto, (max-width: 1439px) 100vw, 1439px\" \/><\/p>\n<p><span style=\"font-weight: 400;\">V\u00e1laszthat az 1. vagy a 2. szint\u0171 ellen\u0151rz\u00e9si szintek k\u00f6z\u00fcl. Az 1. szint\u0171 ellen\u0151rz\u00e9s elegend\u0151 a platformra t\u00f6rt\u00e9n\u0151 befizet\u00e9shez \u00e9s az DOGE megv\u00e1s\u00e1rl\u00e1s\u00e1hoz.<\/span><\/p>\n<p><span style=\"font-weight: 400;\">Kattintson a \"Most ellen\u0151rizni\" gombra.<\/span><\/p>\n<p><span style=\"font-weight: 400;\">Az 1. szint\u0171 szem\u00e9lyazonoss\u00e1gi ellen\u0151rz\u00e9s nagyon egyszer\u0171 - csak adja meg a lak\u00f3helye szerinti orsz\u00e1got, a hivatalos nev\u00e9t \u00e9s a sz\u00fclet\u00e9si d\u00e1tumot. A lak\u00f3helye szerinti orsz\u00e1gt\u00f3l f\u00fcgg\u0151en el\u0151fordulhat, hogy feltesznek n\u00e9h\u00e1ny k\u00e9rd\u00e9st, de a legt\u00f6bb felhaszn\u00e1l\u00f3 sz\u00e1m\u00e1ra a szem\u00e9lyazonoss\u00e1g ellen\u0151rz\u00e9se egyszer\u0171 \u00e9s percek alatt elv\u00e9gezhet\u0151.<\/span><\/p>\n<p><img loading=\"lazy\" decoding=\"async\" class=\"alignnone wp-image-3451 size-full\" src=\"https:\/\/coinkickoff.com\/wp-content\/uploads\/Screen-Shot-2023-03-28-at-7.52.15-AM-e1682512834855.png\" alt=\"\" width=\"1436\" height=\"820\" srcset=\"https:\/\/coinkickoff.com\/wp-content\/uploads\/Screen-Shot-2023-03-28-at-7.52.15-AM-e1682512834855.png 1436w, https:\/\/coinkickoff.com\/wp-content\/uploads\/Screen-Shot-2023-03-28-at-7.52.15-AM-e1682512834855-300x171.png 300w, https:\/\/coinkickoff.com\/wp-content\/uploads\/Screen-Shot-2023-03-28-at-7.52.15-AM-e1682512834855-1024x585.png 1024w, https:\/\/coinkickoff.com\/wp-content\/uploads\/Screen-Shot-2023-03-28-at-7.52.15-AM-e1682512834855-768x439.png 768w, https:\/\/coinkickoff.com\/wp-content\/uploads\/Screen-Shot-2023-03-28-at-7.52.15-AM-e1682512834855-18x10.png 18w\" sizes=\"auto, (max-width: 1436px) 100vw, 1436px\" \/><\/p>\n<h3><span class=\"ez-toc-section\" id=\"3_Buy_Crypto\"><\/span><span style=\"font-weight: 400;\">3. V\u00e1s\u00e1roljon kript\u00f3t<\/span><span class=\"ez-toc-section-end\"><\/span><\/h3>\n<p><span style=\"font-weight: 400;\">Ha v\u00e9gzett az ellen\u0151rz\u00e9ssel, t\u00e9rjen vissza a kezd\u0151lapra, \u00e9s kattintson a jobb fels\u0151 sarokban tal\u00e1lhat\u00f3 \"V\u00e1s\u00e1rl\u00e1s \u00e9s elad\u00e1s\" gombra.<\/span><\/p>\n<p><span style=\"font-weight: 400;\">Az \u00faj oldalon \u00e1ll\u00edtsa be a fizet\u00e9si p\u00e9nznemet (p\u00e9ld\u00e1ul USD), \u00e9s v\u00e1lassza ki az DOGE-t a rendelkez\u00e9sre \u00e1ll\u00f3 digit\u00e1lis eszk\u00f6z\u00f6k list\u00e1j\u00e1b\u00f3l. \u00cdrja be az els\u0151 mez\u0151be, hogy mennyit szeretne fizetni. A minim\u00e1lis fizet\u00e9si \u00f6sszeg 30 USD.<\/span><\/p>\n<p><img loading=\"lazy\" decoding=\"async\" class=\"alignnone wp-image-3452 size-full\" src=\"https:\/\/coinkickoff.com\/wp-content\/uploads\/Screen-Shot-2023-03-28-at-7.52.39-AM-e1682512882816.png\" alt=\"\" width=\"1421\" height=\"817\" srcset=\"https:\/\/coinkickoff.com\/wp-content\/uploads\/Screen-Shot-2023-03-28-at-7.52.39-AM-e1682512882816.png 1421w, https:\/\/coinkickoff.com\/wp-content\/uploads\/Screen-Shot-2023-03-28-at-7.52.39-AM-e1682512882816-300x172.png 300w, https:\/\/coinkickoff.com\/wp-content\/uploads\/Screen-Shot-2023-03-28-at-7.52.39-AM-e1682512882816-1024x589.png 1024w, https:\/\/coinkickoff.com\/wp-content\/uploads\/Screen-Shot-2023-03-28-at-7.52.39-AM-e1682512882816-768x442.png 768w, https:\/\/coinkickoff.com\/wp-content\/uploads\/Screen-Shot-2023-03-28-at-7.52.39-AM-e1682512882816-18x10.png 18w\" sizes=\"auto, (max-width: 1421px) 100vw, 1421px\" \/><\/p>\n<p><span style=\"font-weight: 400;\">Miut\u00e1n megadta a megv\u00e1s\u00e1rolni k\u00edv\u00e1nt \u00f6sszeget, ki kell v\u00e1lasztania a fizet\u00e9si csatorn\u00e1t. A Bitmart el\u00e9g sok harmadik f\u00e9lt\u0151l sz\u00e1rmaz\u00f3 lehet\u0151s\u00e9g k\u00f6z\u00fcl v\u00e1laszthat, \u00e9s seg\u00edt\u0151k\u00e9szen javasolja, hogy a legolcs\u00f3bb opci\u00f3t haszn\u00e1lja.<\/span><\/p>\n<p><span style=\"font-weight: 400;\">Tekintse \u00e1t a fizet\u00e9si r\u00e9szleteket, \u00e9s folytassa. \u00c1tir\u00e1ny\u00edtjuk a fizet\u00e9si csatorna oldal\u00e1ra, hogy meger\u0151s\u00edtse a megrendel\u00e9s\u00e9t. Tekintse \u00e1t a r\u00e9szleteket, \u00e9s v\u00e9gleges\u00edtse a megrendel\u00e9st.<\/span><\/p>\n<p><img loading=\"lazy\" decoding=\"async\" class=\"alignnone wp-image-3453 size-full\" src=\"https:\/\/coinkickoff.com\/wp-content\/uploads\/Screen-Shot-2023-03-28-at-7.53.17-AM-e1682512901132.png\" alt=\"\" width=\"1439\" height=\"806\" srcset=\"https:\/\/coinkickoff.com\/wp-content\/uploads\/Screen-Shot-2023-03-28-at-7.53.17-AM-e1682512901132.png 1439w, https:\/\/coinkickoff.com\/wp-content\/uploads\/Screen-Shot-2023-03-28-at-7.53.17-AM-e1682512901132-300x168.png 300w, https:\/\/coinkickoff.com\/wp-content\/uploads\/Screen-Shot-2023-03-28-at-7.53.17-AM-e1682512901132-1024x574.png 1024w, https:\/\/coinkickoff.com\/wp-content\/uploads\/Screen-Shot-2023-03-28-at-7.53.17-AM-e1682512901132-768x430.png 768w, https:\/\/coinkickoff.com\/wp-content\/uploads\/Screen-Shot-2023-03-28-at-7.53.17-AM-e1682512901132-18x10.png 18w\" sizes=\"auto, (max-width: 1439px) 100vw, 1439px\" \/><\/p>\n<p><span style=\"font-weight: 400;\">V\u00e1lassza ki az egyik fizet\u00e9si csatorn\u00e1t, \u00e9s tekintse meg a tranzakci\u00f3 adatait. Kattintson a \"Folytat\u00e1s\" gombra a fizet\u00e9si csatorn\u00e1ra val\u00f3 \u00e1tir\u00e1ny\u00edt\u00e1shoz, hogy meger\u0151s\u00edtse a megrendel\u00e9s\u00e9t.\u00a0<\/span><\/p>\n<p><span style=\"font-weight: 400;\">Miut\u00e1n \u00e1ttekintette a rendel\u00e9s r\u00e9szleteit, er\u0151s\u00edtse meg a v\u00e1s\u00e1rl\u00e1st. Tov\u00e1bbi inform\u00e1ci\u00f3k\u00e9rt tekintse meg a k\u00f6vetkez\u0151 cikkeket <a href=\"https:\/\/coinkickoff.com\/hu\/dogecoin-doge\/\">Dogecoin<\/a> \u00e9s a <a href=\"https:\/\/coinkickoff.com\/hu\/bitmart-review\/\">Bitmart t\u0151zsde<\/a>.<\/span><\/p>","protected":false},"excerpt":{"rendered":"<p>Hogyan lehet megv\u00e1s\u00e1rolni az Dogecoin-t a Bitmarton Az Dogecoin, amely eredetileg viccb\u0151l indult coin, az internetes n\u00e9pszer\u0171s\u00e9gnek k\u00f6sz\u00f6nhet\u0151en jelens\u00e9gg\u00e9 v\u00e1lt. B\u00e1r az eszk\u00f6z a hatalmas \u00f6sszk\u00edn\u00e1lat miatt t\u00f6bbnyire \u00e9rt\u00e9ktelen, tov\u00e1bbra is n\u00e9pszer\u0171 kriptop\u00e9nz, amelyet sokan felvesznek a portf\u00f3li\u00f3jukba. Ha Dogecoin-t szeretne v\u00e1s\u00e1rolni, de nem tudja, hogyan tegye, [...]<\/p>","protected":false},"author":3,"featured_media":155,"parent":3196,"menu_order":0,"comment_status":"closed","ping_status":"closed","template":"","meta":{"_genesis_hide_title":false,"_genesis_hide_breadcrumbs":false,"_genesis_hide_singular_image":false,"_genesis_hide_footer_widgets":false,"_genesis_custom_body_class":"","_genesis_custom_post_class":"","_genesis_layout":"","_glsr_average":0,"_glsr_ranking":0,"_glsr_reviews":0,"footnotes":""},"class_list":{"0":"post-3447","1":"page","2":"type-page","3":"status-publish","4":"has-post-thumbnail","6":"entry"},"featured_image_src":"https:\/\/coinkickoff.com\/wp-content\/uploads\/2022\/06\/Dogecoin-DOGE-600x400.jpg","featured_image_src_square":"https:\/\/coinkickoff.com\/wp-content\/uploads\/2022\/06\/Dogecoin-DOGE-600x600.jpg","_links":{"self":[{"href":"https:\/\/coinkickoff.com\/hu\/wp-json\/wp\/v2\/pages\/3447","targetHints":{"allow":["GET"]}}],"collection":[{"href":"https:\/\/coinkickoff.com\/hu\/wp-json\/wp\/v2\/pages"}],"about":[{"href":"https:\/\/coinkickoff.com\/hu\/wp-json\/wp\/v2\/types\/page"}],"author":[{"embeddable":true,"href":"https:\/\/coinkickoff.com\/hu\/wp-json\/wp\/v2\/users\/3"}],"replies":[{"embeddable":true,"href":"https:\/\/coinkickoff.com\/hu\/wp-json\/wp\/v2\/comments?post=3447"}],"version-history":[{"count":4,"href":"https:\/\/coinkickoff.com\/hu\/wp-json\/wp\/v2\/pages\/3447\/revisions"}],"predecessor-version":[{"id":4488,"href":"https:\/\/coinkickoff.com\/hu\/wp-json\/wp\/v2\/pages\/3447\/revisions\/4488"}],"up":[{"embeddable":true,"href":"https:\/\/coinkickoff.com\/hu\/wp-json\/wp\/v2\/pages\/3196"}],"wp:featuredmedia":[{"embeddable":true,"href":"https:\/\/coinkickoff.com\/hu\/wp-json\/wp\/v2\/media\/155"}],"wp:attachment":[{"href":"https:\/\/coinkickoff.com\/hu\/wp-json\/wp\/v2\/media?parent=3447"}],"curies":[{"name":"wp","href":"https:\/\/api.w.org\/{rel}","templated":true}]}}