{"id":3424,"date":"2026-01-08T14:07:30","date_gmt":"2026-01-08T14:07:30","guid":{"rendered":"https:\/\/coinkickoff.com\/?page_id=3424"},"modified":"2026-01-08T14:07:30","modified_gmt":"2026-01-08T14:07:30","slug":"how-to-buy-dogecoin-on-mexc","status":"publish","type":"page","link":"https:\/\/coinkickoff.com\/hu\/how-to-buy-dogecoin\/how-to-buy-dogecoin-on-mexc\/","title":{"rendered":"Hogyan v\u00e1s\u00e1rolhat Dogecoin (DOGE) a MEXC-en?"},"content":{"rendered":"<h2><span style=\"font-weight: 400;\"><img loading=\"lazy\" decoding=\"async\" class=\"alignnone wp-image-155 size-full\" src=\"https:\/\/coinkickoff.com\/wp-content\/uploads\/2022\/06\/Dogecoin-DOGE.jpg\" alt=\"hogyan lehet megv\u00e1s\u00e1rolni a dogecoin\" width=\"1000\" height=\"800\" srcset=\"https:\/\/coinkickoff.com\/wp-content\/uploads\/2022\/06\/Dogecoin-DOGE.jpg 1000w, https:\/\/coinkickoff.com\/wp-content\/uploads\/2022\/06\/Dogecoin-DOGE-300x240.jpg 300w, https:\/\/coinkickoff.com\/wp-content\/uploads\/2022\/06\/Dogecoin-DOGE-768x614.jpg 768w, https:\/\/coinkickoff.com\/wp-content\/uploads\/2022\/06\/Dogecoin-DOGE-15x12.jpg 15w\" sizes=\"auto, (max-width: 1000px) 100vw, 1000px\" \/><\/span><\/h2>\n<div id=\"ez-toc-container\" class=\"ez-toc-v2_0_80 counter-hierarchy ez-toc-counter ez-toc-transparent ez-toc-container-direction\">\n<div class=\"ez-toc-title-container\">\n<p class=\"ez-toc-title\" style=\"cursor:inherit\">Szakaszok<\/p>\n<span class=\"ez-toc-title-toggle\"><a href=\"#\" class=\"ez-toc-pull-right ez-toc-btn ez-toc-btn-xs ez-toc-btn-default ez-toc-toggle\" aria-label=\"Toggle Tartalomjegyz\u00e9k\"><span class=\"ez-toc-js-icon-con\"><span class=\"\"><span class=\"eztoc-hide\" style=\"display:none;\">Toggle<\/span><span class=\"ez-toc-icon-toggle-span\"><svg style=\"fill: #999;color:#999\" xmlns=\"http:\/\/www.w3.org\/2000\/svg\" class=\"list-377408\" width=\"20px\" height=\"20px\" viewbox=\"0 0 24 24\" fill=\"none\"><path d=\"M6 6H4v2h2V6zm14 0H8v2h12V6zM4 11h2v2H4v-2zm16 0H8v2h12v-2zM4 16h2v2H4v-2zm16 0H8v2h12v-2z\" fill=\"currentColor\"><\/path><\/svg><svg style=\"fill: #999;color:#999\" class=\"arrow-unsorted-368013\" xmlns=\"http:\/\/www.w3.org\/2000\/svg\" width=\"10px\" height=\"10px\" viewbox=\"0 0 24 24\" version=\"1.2\" baseprofile=\"tiny\"><path d=\"M18.2 9.3l-6.2-6.3-6.2 6.3c-.2.2-.3.4-.3.7s.1.5.3.7c.2.2.4.3.7.3h11c.3 0 .5-.1.7-.3.2-.2.3-.5.3-.7s-.1-.5-.3-.7zM5.8 14.7l6.2 6.3 6.2-6.3c.2-.2.3-.5.3-.7s-.1-.5-.3-.7c-.2-.2-.4-.3-.7-.3h-11c-.3 0-.5.1-.7.3-.2.2-.3.5-.3.7s.1.5.3.7z\"\/><\/svg><\/span><\/span><\/span><\/a><\/span><\/div>\n<nav><ul class='ez-toc-list ez-toc-list-level-1 eztoc-toggle-hide-by-default' ><li class='ez-toc-page-1 ez-toc-heading-level-2'><a class=\"ez-toc-link ez-toc-heading-1\" href=\"https:\/\/coinkickoff.com\/hu\/how-to-buy-dogecoin\/how-to-buy-dogecoin-on-mexc\/#How_to_Buy_Dogecoin_on_MEXC\" >Hogyan v\u00e1s\u00e1rolhat Dogecoin-t a MEXC-en?<\/a><\/li><li class='ez-toc-page-1 ez-toc-heading-level-2'><a class=\"ez-toc-link ez-toc-heading-2\" href=\"https:\/\/coinkickoff.com\/hu\/how-to-buy-dogecoin\/how-to-buy-dogecoin-on-mexc\/#A_Step-By-Step_Guide_on_How_to_Buy_Dogecoin_on_MEXC\" >L\u00e9p\u00e9sr\u0151l l\u00e9p\u00e9sre \u00fatmutat\u00f3 az Dogecoin megv\u00e1s\u00e1rl\u00e1s\u00e1hoz a MEXC-en<\/a><ul class='ez-toc-list-level-3' ><li class='ez-toc-heading-level-3'><a class=\"ez-toc-link ez-toc-heading-3\" href=\"https:\/\/coinkickoff.com\/hu\/how-to-buy-dogecoin\/how-to-buy-dogecoin-on-mexc\/#1_Register_an_Account\" >1. Regisztr\u00e1ljon egy fi\u00f3kot<\/a><\/li><li class='ez-toc-page-1 ez-toc-heading-level-3'><a class=\"ez-toc-link ez-toc-heading-4\" href=\"https:\/\/coinkickoff.com\/hu\/how-to-buy-dogecoin\/how-to-buy-dogecoin-on-mexc\/#2_Verify_Your_Account\" >2. Ellen\u0151rizze a fi\u00f3kj\u00e1t<\/a><\/li><li class='ez-toc-page-1 ez-toc-heading-level-3'><a class=\"ez-toc-link ez-toc-heading-5\" href=\"https:\/\/coinkickoff.com\/hu\/how-to-buy-dogecoin\/how-to-buy-dogecoin-on-mexc\/#3_Buy_Crypto\" >3. V\u00e1s\u00e1roljon kript\u00f3t<\/a><\/li><li class='ez-toc-page-1 ez-toc-heading-level-3'><a class=\"ez-toc-link ez-toc-heading-6\" href=\"https:\/\/coinkickoff.com\/hu\/how-to-buy-dogecoin\/how-to-buy-dogecoin-on-mexc\/#4_Trade_USDT_for_DOGE\" >4. USDT cser\u00e9je DOGE-re<\/a><\/li><\/ul><\/li><\/ul><\/nav><\/div>\n<h2><span class=\"ez-toc-section\" id=\"How_to_Buy_Dogecoin_on_MEXC\"><\/span><span style=\"font-weight: 400;\">Hogyan v\u00e1s\u00e1rolhat Dogecoin-t a MEXC-en?<\/span><span class=\"ez-toc-section-end\"><\/span><\/h2>\n<p><span style=\"font-weight: 400;\"><a href=\"https:\/\/coinkickoff.com\/hu\/dogecoin-doge\/\" data-internallinksmanager029f6b8e52c=\"14\" title=\"Milyen t\u00edpus\u00fa gy\u00f3gyszer a Dogecoin (DOGE)? Hogyan m\u0171k\u00f6dik \u00e9s hol lehet megv\u00e1s\u00e1rolni?\">Dogecoin<\/a>, b\u00e1r egy h\u00edres kriptop\u00e9nz, nem igaz\u00e1n olyan, mint a <a href=\"https:\/\/coinkickoff.com\/hu\/ethereum-eth\/\" data-internallinksmanager029f6b8e52c=\"2\" title=\"Mi az Ethereum (ETH)? \u00c1r, t\u00f6rt\u00e9nelem \u00e9s hol lehet megv\u00e1s\u00e1rolni\">Ethereum<\/a> vagy <a href=\"https:\/\/coinkickoff.com\/hu\/bitcoin-btc\/\" data-internallinksmanager029f6b8e52c=\"1\" title=\"Mi az Bitcoin (BTC)? \u00c1r, t\u00f6rt\u00e9net \u00e9s hol lehet megv\u00e1s\u00e1rolni\">Bitcoin<\/a>. Ez a j\u00f3l ismert m\u00e9m coin nagyj\u00e1b\u00f3l eleve \u00e9rt\u00e9ktelen, mivel el\u0151sz\u00f6r viccb\u0151l ind\u00edtott\u00e1k el. Azonban m\u00e1ra m\u00e1r el\u00e9gg\u00e9 elterjedt, f\u0151leg a Redditnek \u00e9s Elon Musknak k\u00f6sz\u00f6nhet\u0151en, \u00e9s szinte minden t\u0151zsd\u00e9n megtal\u00e1lhat\u00f3, t\u00f6bbek k\u00f6z\u00f6tt <a href=\"https:\/\/coinkickoff.com\/hu\/mexc-global-review\/\">MEXC<\/a>.<\/span><\/p>\n<p><span style=\"font-weight: 400;\">Ha szeretne r\u00e9szt venni a viccben, \u00e9s Dogecoin-t v\u00e1s\u00e1rolni, de nem tudja, hol kezdje, akkor a legjobb helyen j\u00e1r. \u00cdme egy l\u00e9p\u00e9sr\u0151l l\u00e9p\u00e9sre \u00fatmutat\u00f3 arr\u00f3l, hogyan v\u00e1s\u00e1rolhat Dogecoin-t a <a href=\"https:\/\/coinkickoff.com\/hu\/mexc-global-review\/\" data-internallinksmanager029f6b8e52c=\"154\" title=\"MEXC Global Reviews 2023: D\u00edjak, jellemz\u0151k, biztons\u00e1g, el\u0151ny\u00f6k \u00e9s h\u00e1tr\u00e1nyok\">MEXC<\/a> csere.<\/span><\/p>\n<h2><span class=\"ez-toc-section\" id=\"A_Step-By-Step_Guide_on_How_to_Buy_Dogecoin_on_MEXC\"><\/span><span style=\"font-weight: 400;\">L\u00e9p\u00e9sr\u0151l l\u00e9p\u00e9sre \u00fatmutat\u00f3 az Dogecoin megv\u00e1s\u00e1rl\u00e1s\u00e1hoz a MEXC-en<\/span><span class=\"ez-toc-section-end\"><\/span><\/h2>\n<h3><span class=\"ez-toc-section\" id=\"1_Register_an_Account\"><\/span><span style=\"font-weight: 400;\">1. Regisztr\u00e1ljon egy fi\u00f3kot<\/span><span class=\"ez-toc-section-end\"><\/span><\/h3>\n<p><img loading=\"lazy\" decoding=\"async\" class=\"alignnone wp-image-3441 size-full\" src=\"https:\/\/coinkickoff.com\/wp-content\/uploads\/mexc-register.png\" alt=\"hogyan lehet megv\u00e1s\u00e1rolni a dogecoin-t a mexc-en\" width=\"1328\" height=\"783\" srcset=\"https:\/\/coinkickoff.com\/wp-content\/uploads\/mexc-register.png 1328w, https:\/\/coinkickoff.com\/wp-content\/uploads\/mexc-register-300x177.png 300w, https:\/\/coinkickoff.com\/wp-content\/uploads\/mexc-register-1024x604.png 1024w, https:\/\/coinkickoff.com\/wp-content\/uploads\/mexc-register-768x453.png 768w, https:\/\/coinkickoff.com\/wp-content\/uploads\/mexc-register-18x12.png 18w\" sizes=\"auto, (max-width: 1328px) 100vw, 1328px\" \/><\/p>\n<p><span style=\"font-weight: 400;\">El\u0151sz\u00f6r is hozzon l\u00e9tre egy MEXC-fi\u00f3kot a k\u00f6vetkez\u0151 weboldalon <a href=\"https:\/\/www.mexc.com\/en-US\/register?inviteCode=mexc-1WwwX\" target=\"_blank\" rel=\"noopener\">MEXC honlapja<\/a> \u00e9s kattintson a \"Feliratkoz\u00e1s\" gombra. <\/span><\/p>\n<p><span style=\"font-weight: 400;\">Regisztr\u00e1lhat mobilsz\u00e1m\u00e1val vagy e-mail c\u00edm\u00e9vel. Az e-mail c\u00edm\u00e9re egy ellen\u0151rz\u0151 k\u00f3dot fog kapni. A k\u00f3ddal jelentkezzen be a fi\u00f3kj\u00e1ba.\u00a0\u00a0<\/span><\/p>\n<h3><span class=\"ez-toc-section\" id=\"2_Verify_Your_Account\"><\/span><span style=\"font-weight: 400;\">2. Ellen\u0151rizze a fi\u00f3kj\u00e1t<\/span><span class=\"ez-toc-section-end\"><\/span><\/h3>\n<p><span style=\"font-weight: 400;\">A MEXC-en val\u00f3 keresked\u00e9shez nem kell szem\u00e9lyazonoss\u00e1gi ellen\u0151rz\u00e9st v\u00e9geznie, de a fiat-alap\u00fa keresked\u00e9shez sz\u00fcks\u00e9g van r\u00e1. Ha m\u00e1r rendelkezik olyan digit\u00e1lis eszk\u00f6z\u00f6kkel, amelyeket a MEXC p\u00e9nzt\u00e1rc\u00e1j\u00e1ba k\u00fcldhet, akkor ezt a l\u00e9p\u00e9st kihagyhatja.<\/span><\/p>\n<p><span style=\"font-weight: 400;\">Alternat\u00edvak\u00e9nt kihagyhatja ezt a l\u00e9p\u00e9st, ha harmadik f\u00e9lt\u0151l sz\u00e1rmaz\u00f3 szolg\u00e1ltat\u00f3kat, p\u00e9ld\u00e1ul a Banxa, a Moonpay vagy a Mercuyo szolg\u00e1ltat\u00e1st szeretn\u00e9 haszn\u00e1lni a kriptov\u00e1s\u00e1rl\u00e1shoz. Ezeknek k\u00fcl\u00f6n\u00e1ll\u00f3 szem\u00e9lyazonoss\u00e1g-ellen\u0151rz\u00e9si folyamatuk van.<\/span><\/p>\n<p><span style=\"font-weight: 400;\">Ha befejezte az azonos\u00edt\u00f3 ellen\u0151rz\u00e9s\u00e9t, akkor kript\u00f3t v\u00e1s\u00e1rolhat banksz\u00e1ml\u00e1n, hitelk\u00e1rty\u00e1n \u00e9s m\u00e1s m\u00f3don. Ehhez kattintson a m\u0171szerfal jobb fels\u0151 sark\u00e1ban tal\u00e1lhat\u00f3 profil szimb\u00f3lumra, \u00e9s v\u00e1lassza a \"Profil\" lehet\u0151s\u00e9get.<\/span><\/p>\n<p><span style=\"font-weight: 400;\">A Profil oldalon v\u00e1lassza az \"Azonos\u00edt\u00e1s\" lehet\u0151s\u00e9get, majd kattintson az \"Els\u0151dleges KYC\" gombra.<\/span><\/p>\n<p><img loading=\"lazy\" decoding=\"async\" class=\"alignnone wp-image-3439 size-full\" src=\"https:\/\/coinkickoff.com\/wp-content\/uploads\/mexc-id.png\" alt=\"\" width=\"1436\" height=\"810\" srcset=\"https:\/\/coinkickoff.com\/wp-content\/uploads\/mexc-id.png 1436w, https:\/\/coinkickoff.com\/wp-content\/uploads\/mexc-id-300x169.png 300w, https:\/\/coinkickoff.com\/wp-content\/uploads\/mexc-id-1024x578.png 1024w, https:\/\/coinkickoff.com\/wp-content\/uploads\/mexc-id-768x433.png 768w, https:\/\/coinkickoff.com\/wp-content\/uploads\/mexc-id-18x10.png 18w, https:\/\/coinkickoff.com\/wp-content\/uploads\/mexc-id-600x338.png 600w\" sizes=\"auto, (max-width: 1436px) 100vw, 1436px\" \/><\/p>\n<p><span style=\"font-weight: 400;\">A KYC oldalra ker\u00fcl \u00e1tir\u00e1ny\u00edt\u00e1sra, ahol vagy a <\/span><i><span style=\"font-weight: 400;\">Els\u0151dleges KYC<\/span><\/i><span style=\"font-weight: 400;\"> vagy <\/span><i><span style=\"font-weight: 400;\">Fejlett KYC<\/span><\/i><span style=\"font-weight: 400;\">. A legt\u00f6bb fiat valuta bet\u00e9thez el\u0151zetes KYC sz\u00fcks\u00e9ges.<\/span><\/p>\n<p><img loading=\"lazy\" decoding=\"async\" class=\"alignnone wp-image-3440 size-full\" src=\"https:\/\/coinkickoff.com\/wp-content\/uploads\/mexc-id2.png\" alt=\"\" width=\"1436\" height=\"582\" srcset=\"https:\/\/coinkickoff.com\/wp-content\/uploads\/mexc-id2.png 1436w, https:\/\/coinkickoff.com\/wp-content\/uploads\/mexc-id2-300x122.png 300w, https:\/\/coinkickoff.com\/wp-content\/uploads\/mexc-id2-1024x415.png 1024w, https:\/\/coinkickoff.com\/wp-content\/uploads\/mexc-id2-768x311.png 768w, https:\/\/coinkickoff.com\/wp-content\/uploads\/mexc-id2-18x7.png 18w\" sizes=\"auto, (max-width: 1436px) 100vw, 1436px\" \/><\/p>\n<p><span style=\"font-weight: 400;\">Menjen el\u0151re, \u00e9s kattintson a \"Verify\" (Ellen\u0151rz\u00e9s) gombra az ellen\u0151rz\u00e9si folyamat elind\u00edt\u00e1s\u00e1hoz. T\u00f6ltse fel a sz\u00fcks\u00e9ges dokumentumokat, \u00e9s m\u00e1r mehet is.<\/span><\/p>\n<h3><span class=\"ez-toc-section\" id=\"3_Buy_Crypto\"><\/span><span style=\"font-weight: 400;\">3. V\u00e1s\u00e1roljon kript\u00f3t<\/span><span class=\"ez-toc-section-end\"><\/span><\/h3>\n<p><span style=\"font-weight: 400;\">Kattintson a bal fels\u0151 sarokban a \"Buy Crypto\" gombra. Az \u00faj oldalon v\u00e1lasszon a rendelkez\u00e9sre \u00e1ll\u00f3 lehet\u0151s\u00e9gek k\u00f6z\u00fcl. Ha befejezte a szem\u00e9lyazonoss\u00e1g ellen\u0151rz\u00e9s\u00e9t, akkor hitel\/bet\u00e9ti k\u00e1rty\u00e1t, banki \u00e1tutal\u00e1st, Express fizet\u00e9st \u00e9s a P2P piacot is haszn\u00e1lhatja kript\u00f3 v\u00e1s\u00e1rl\u00e1s\u00e1hoz. Ha nem, v\u00e1lassza a list\u00e1b\u00f3l a \"Harmadik f\u00e9l\" lehet\u0151s\u00e9get.<\/span><\/p>\n<p><img loading=\"lazy\" decoding=\"async\" class=\"alignnone wp-image-3438 size-full\" src=\"https:\/\/coinkickoff.com\/wp-content\/uploads\/mexc-buy-payment.png\" alt=\"\" width=\"1403\" height=\"778\" srcset=\"https:\/\/coinkickoff.com\/wp-content\/uploads\/mexc-buy-payment.png 1403w, https:\/\/coinkickoff.com\/wp-content\/uploads\/mexc-buy-payment-300x166.png 300w, https:\/\/coinkickoff.com\/wp-content\/uploads\/mexc-buy-payment-1024x568.png 1024w, https:\/\/coinkickoff.com\/wp-content\/uploads\/mexc-buy-payment-768x426.png 768w, https:\/\/coinkickoff.com\/wp-content\/uploads\/mexc-buy-payment-18x10.png 18w\" sizes=\"auto, (max-width: 1403px) 100vw, 1403px\" \/><\/p>\n<p><span style=\"font-weight: 400;\">Adja meg, hogy mennyit szeretne k\u00f6lteni, \u00e9s v\u00e1lassza ki, hogy melyik kriptovalut\u00e1t szeretn\u00e9 megv\u00e1s\u00e1rolni. Sajnos nem tudsz csak \u00fagy k\u00e9szp\u00e9nzzel DOGE-t v\u00e1s\u00e1rolni, ez\u00e9rt el\u0151sz\u00f6r egy m\u00e1sik coin-t kell v\u00e1s\u00e1rolnod, p\u00e9ld\u00e1ul <a href=\"https:\/\/coinkickoff.com\/hu\/tether-usdt\/\" data-internallinksmanager029f6b8e52c=\"3\" title=\"Mi az Tether (USDT)? Hogyan m\u0171k\u00f6dik \u00e9s hol lehet megv\u00e1s\u00e1rolni?\">USDT<\/a> vagy <a href=\"https:\/\/coinkickoff.com\/hu\/usd-coin-usdc\/\" data-internallinksmanager029f6b8e52c=\"8\" title=\"Mi az USD Coin (USDC)? Hogyan m\u0171k\u00f6dik \u00e9s hol lehet megv\u00e1s\u00e1rolni?\">USDC<\/a>, majd k\u00e9s\u0151bb DOGE-re cser\u00e9lj\u00fck.<\/span><\/p>\n<p><span style=\"font-weight: 400;\">Miut\u00e1n megadta a megv\u00e1s\u00e1rolni k\u00edv\u00e1nt \u00f6sszeget, ki kell v\u00e1lasztania a fizet\u00e9si csatorn\u00e1t. A MEXC el\u00e9g sok harmadik f\u00e9lt\u0151l sz\u00e1rmaz\u00f3 lehet\u0151s\u00e9g k\u00f6z\u00fcl v\u00e1laszthat, \u00e9s seg\u00edt\u0151k\u00e9szen javasolja, hogy a legolcs\u00f3bb opci\u00f3t haszn\u00e1lja.<\/span><\/p>\n<p><span style=\"font-weight: 400;\">Tekintse \u00e1t a fizet\u00e9si r\u00e9szleteket, \u00e9s kattintson a \"Folytat\u00e1s\" gombra. A rendszer \u00e1tir\u00e1ny\u00edtja a fizet\u00e9si csatorna oldal\u00e1ra, ahol meger\u0151s\u00edtheti a megrendel\u00e9s\u00e9t. Tekintse \u00e1t az adatait, \u00e9s kattintson a \"V\u00e1s\u00e1rl\u00e1s\" gombra.<\/span><\/p>\n<p><img loading=\"lazy\" decoding=\"async\" class=\"alignnone wp-image-3436 size-full\" src=\"https:\/\/coinkickoff.com\/wp-content\/uploads\/mercuryo-mexc1u.png\" alt=\"\" width=\"1360\" height=\"791\" srcset=\"https:\/\/coinkickoff.com\/wp-content\/uploads\/mercuryo-mexc1u.png 1360w, https:\/\/coinkickoff.com\/wp-content\/uploads\/mercuryo-mexc1u-300x174.png 300w, https:\/\/coinkickoff.com\/wp-content\/uploads\/mercuryo-mexc1u-1024x596.png 1024w, https:\/\/coinkickoff.com\/wp-content\/uploads\/mercuryo-mexc1u-768x447.png 768w, https:\/\/coinkickoff.com\/wp-content\/uploads\/mercuryo-mexc1u-18x10.png 18w\" sizes=\"auto, (max-width: 1360px) 100vw, 1360px\" \/><\/p>\n<p><img loading=\"lazy\" decoding=\"async\" class=\"alignnone wp-image-3435 size-full\" src=\"https:\/\/coinkickoff.com\/wp-content\/uploads\/mercuryo-mexc.png\" alt=\"\" width=\"1407\" height=\"796\" srcset=\"https:\/\/coinkickoff.com\/wp-content\/uploads\/mercuryo-mexc.png 1407w, https:\/\/coinkickoff.com\/wp-content\/uploads\/mercuryo-mexc-300x170.png 300w, https:\/\/coinkickoff.com\/wp-content\/uploads\/mercuryo-mexc-1024x579.png 1024w, https:\/\/coinkickoff.com\/wp-content\/uploads\/mercuryo-mexc-768x434.png 768w, https:\/\/coinkickoff.com\/wp-content\/uploads\/mercuryo-mexc-18x10.png 18w, https:\/\/coinkickoff.com\/wp-content\/uploads\/mercuryo-mexc-600x338.png 600w\" sizes=\"auto, (max-width: 1407px) 100vw, 1407px\" \/><\/p>\n<p><span style=\"font-weight: 400;\">Ezen a ponton meg kell adnia az e-mail c\u00edm\u00e9t a fizet\u00e9si csatorn\u00e1n. Ha m\u00e9g nincs fi\u00f3kja a szolg\u00e1ltat\u00f3n\u00e1l, akkor \u00e1tir\u00e1ny\u00edtjuk a sz\u00e1mlanyit\u00e1shoz.<\/span><\/p>\n<h3><span class=\"ez-toc-section\" id=\"4_Trade_USDT_for_DOGE\"><\/span><span style=\"font-weight: 400;\">4. USDT cser\u00e9je DOGE-re<\/span><span class=\"ez-toc-section-end\"><\/span><\/h3>\n<p><span style=\"font-weight: 400;\">Ha egyszer v\u00e1s\u00e1rolt\u00e1l egy stabilcoin-t, p\u00e9ld\u00e1ul USDT-t, akkor DOGE-re cser\u00e9lheted a MEXC-en. A m\u0171szerfalon kattintson a \"Keresked\u00e9s\" gombra. Az \u00faj k\u00e9perny\u0151 bal sark\u00e1ban keresse meg az DOGE-t.<\/span><\/p>\n<p><img loading=\"lazy\" decoding=\"async\" class=\"alignnone wp-image-3443 size-full\" src=\"https:\/\/coinkickoff.com\/wp-content\/uploads\/mexctrade1.png\" alt=\"\" width=\"1436\" height=\"736\" srcset=\"https:\/\/coinkickoff.com\/wp-content\/uploads\/mexctrade1.png 1436w, https:\/\/coinkickoff.com\/wp-content\/uploads\/mexctrade1-300x154.png 300w, https:\/\/coinkickoff.com\/wp-content\/uploads\/mexctrade1-1024x525.png 1024w, https:\/\/coinkickoff.com\/wp-content\/uploads\/mexctrade1-768x394.png 768w, https:\/\/coinkickoff.com\/wp-content\/uploads\/mexctrade1-18x9.png 18w\" sizes=\"auto, (max-width: 1436px) 100vw, 1436px\" \/><\/p>\n<p><span style=\"font-weight: 400;\">Az eredm\u00e9nyek k\u00f6z\u00fcl v\u00e1lassza ki az DOGE\/USDT-t, hogy k\u00e9t eszk\u00f6z k\u00f6z\u00f6tt kereskedjen.<\/span><\/p>\n<p><img loading=\"lazy\" decoding=\"async\" class=\"alignnone wp-image-3442 size-full\" src=\"https:\/\/coinkickoff.com\/wp-content\/uploads\/mexc-trade-2.png\" alt=\"\" width=\"1392\" height=\"748\" srcset=\"https:\/\/coinkickoff.com\/wp-content\/uploads\/mexc-trade-2.png 1392w, https:\/\/coinkickoff.com\/wp-content\/uploads\/mexc-trade-2-300x161.png 300w, https:\/\/coinkickoff.com\/wp-content\/uploads\/mexc-trade-2-1024x550.png 1024w, https:\/\/coinkickoff.com\/wp-content\/uploads\/mexc-trade-2-768x413.png 768w, https:\/\/coinkickoff.com\/wp-content\/uploads\/mexc-trade-2-18x10.png 18w\" sizes=\"auto, (max-width: 1392px) 100vw, 1392px\" \/><\/p>\n<p><span style=\"font-weight: 400;\">Most m\u00e1r csak annyit kell tennie, hogy a k\u00e9perny\u0151 alj\u00e1n tal\u00e1lhat\u00f3 mez\u0151be be\u00edrja, hogy mennyi DOGE-t szeretne v\u00e1s\u00e1rolni (vagy mennyi USDT-t szeretne eladni). A megv\u00e1s\u00e1rolni k\u00edv\u00e1nt \u00f6sszeget ezen az ablakon \u00e1ll\u00edthatja be.<\/span><\/p>\n<p><span style=\"font-weight: 400;\">Ha k\u00e9szen \u00e1ll a megrendel\u00e9s lead\u00e1s\u00e1ra, kattintson a V\u00e1s\u00e1rl\u00e1s DOGE gombra. Ez az.<\/span><\/p>\n<p><span style=\"font-weight: 400;\">Tov\u00e1bbi inform\u00e1ci\u00f3k\u00e9rt olvassa el az Dogecoin-r\u0151l \u00e9s a MEXC t\u0151zsd\u00e9r\u0151l sz\u00f3l\u00f3 cikkeinket.<\/span><\/p>","protected":false},"excerpt":{"rendered":"<p>Hogyan v\u00e1s\u00e1rolhat Dogecoin-t a MEXC-en Az Dogecoin, b\u00e1r h\u00edres kriptop\u00e9nz, nem olyan, mint az Ethereum vagy az Bitcoin. Ez a j\u00f3l ismert m\u00e9m coin nagyj\u00e1b\u00f3l eleve \u00e9rt\u00e9ktelen, mivel el\u0151sz\u00f6r viccb\u0151l ind\u00edtott\u00e1k el. Azonban m\u00e1ra el\u00e9gg\u00e9 elterjedt, f\u0151leg a Redditnek \u00e9s Elon Musknak k\u00f6sz\u00f6nhet\u0151en, \u00e9s szinte mindenhol megtal\u00e1lhat\u00f3 [...]<\/p>","protected":false},"author":3,"featured_media":155,"parent":3196,"menu_order":0,"comment_status":"closed","ping_status":"closed","template":"","meta":{"_genesis_hide_title":false,"_genesis_hide_breadcrumbs":false,"_genesis_hide_singular_image":false,"_genesis_hide_footer_widgets":false,"_genesis_custom_body_class":"","_genesis_custom_post_class":"","_genesis_layout":"","_glsr_average":0,"_glsr_ranking":0,"_glsr_reviews":0,"footnotes":""},"class_list":{"0":"post-3424","1":"page","2":"type-page","3":"status-publish","4":"has-post-thumbnail","6":"entry"},"featured_image_src":"https:\/\/coinkickoff.com\/wp-content\/uploads\/2022\/06\/Dogecoin-DOGE-600x400.jpg","featured_image_src_square":"https:\/\/coinkickoff.com\/wp-content\/uploads\/2022\/06\/Dogecoin-DOGE-600x600.jpg","_links":{"self":[{"href":"https:\/\/coinkickoff.com\/hu\/wp-json\/wp\/v2\/pages\/3424","targetHints":{"allow":["GET"]}}],"collection":[{"href":"https:\/\/coinkickoff.com\/hu\/wp-json\/wp\/v2\/pages"}],"about":[{"href":"https:\/\/coinkickoff.com\/hu\/wp-json\/wp\/v2\/types\/page"}],"author":[{"embeddable":true,"href":"https:\/\/coinkickoff.com\/hu\/wp-json\/wp\/v2\/users\/3"}],"replies":[{"embeddable":true,"href":"https:\/\/coinkickoff.com\/hu\/wp-json\/wp\/v2\/comments?post=3424"}],"version-history":[{"count":3,"href":"https:\/\/coinkickoff.com\/hu\/wp-json\/wp\/v2\/pages\/3424\/revisions"}],"predecessor-version":[{"id":4496,"href":"https:\/\/coinkickoff.com\/hu\/wp-json\/wp\/v2\/pages\/3424\/revisions\/4496"}],"up":[{"embeddable":true,"href":"https:\/\/coinkickoff.com\/hu\/wp-json\/wp\/v2\/pages\/3196"}],"wp:featuredmedia":[{"embeddable":true,"href":"https:\/\/coinkickoff.com\/hu\/wp-json\/wp\/v2\/media\/155"}],"wp:attachment":[{"href":"https:\/\/coinkickoff.com\/hu\/wp-json\/wp\/v2\/media?parent=3424"}],"curies":[{"name":"wp","href":"https:\/\/api.w.org\/{rel}","templated":true}]}}