{"id":3404,"date":"2026-01-08T14:07:29","date_gmt":"2026-01-08T14:07:29","guid":{"rendered":"https:\/\/coinkickoff.com\/?page_id=3404"},"modified":"2026-01-08T14:07:29","modified_gmt":"2026-01-08T14:07:29","slug":"how-to-buy-dogecoin-on-kraken","status":"publish","type":"page","link":"https:\/\/coinkickoff.com\/hu\/how-to-buy-dogecoin\/how-to-buy-dogecoin-on-kraken\/","title":{"rendered":"Hogyan v\u00e1s\u00e1rolhat Dogecoin (DOGE) a Kraken-en?"},"content":{"rendered":"<div id=\"ez-toc-container\" class=\"ez-toc-v2_0_80 counter-hierarchy ez-toc-counter ez-toc-transparent ez-toc-container-direction\">\n<div class=\"ez-toc-title-container\">\n<p class=\"ez-toc-title\" style=\"cursor:inherit\">Szakaszok<\/p>\n<span class=\"ez-toc-title-toggle\"><a href=\"#\" class=\"ez-toc-pull-right ez-toc-btn ez-toc-btn-xs ez-toc-btn-default ez-toc-toggle\" aria-label=\"Toggle Tartalomjegyz\u00e9k\"><span class=\"ez-toc-js-icon-con\"><span class=\"\"><span class=\"eztoc-hide\" style=\"display:none;\">Toggle<\/span><span class=\"ez-toc-icon-toggle-span\"><svg style=\"fill: #999;color:#999\" xmlns=\"http:\/\/www.w3.org\/2000\/svg\" class=\"list-377408\" width=\"20px\" height=\"20px\" viewbox=\"0 0 24 24\" fill=\"none\"><path d=\"M6 6H4v2h2V6zm14 0H8v2h12V6zM4 11h2v2H4v-2zm16 0H8v2h12v-2zM4 16h2v2H4v-2zm16 0H8v2h12v-2z\" fill=\"currentColor\"><\/path><\/svg><svg style=\"fill: #999;color:#999\" class=\"arrow-unsorted-368013\" xmlns=\"http:\/\/www.w3.org\/2000\/svg\" width=\"10px\" height=\"10px\" viewbox=\"0 0 24 24\" version=\"1.2\" baseprofile=\"tiny\"><path d=\"M18.2 9.3l-6.2-6.3-6.2 6.3c-.2.2-.3.4-.3.7s.1.5.3.7c.2.2.4.3.7.3h11c.3 0 .5-.1.7-.3.2-.2.3-.5.3-.7s-.1-.5-.3-.7zM5.8 14.7l6.2 6.3 6.2-6.3c.2-.2.3-.5.3-.7s-.1-.5-.3-.7c-.2-.2-.4-.3-.7-.3h-11c-.3 0-.5.1-.7.3-.2.2-.3.5-.3.7s.1.5.3.7z\"\/><\/svg><\/span><\/span><\/span><\/a><\/span><\/div>\n<nav><ul class='ez-toc-list ez-toc-list-level-1 eztoc-toggle-hide-by-default' ><li class='ez-toc-page-1 ez-toc-heading-level-2'><a class=\"ez-toc-link ez-toc-heading-1\" href=\"https:\/\/coinkickoff.com\/hu\/how-to-buy-dogecoin\/how-to-buy-dogecoin-on-kraken\/#How_to_Buy_Dogecoin_on_Kraken\" >Hogyan v\u00e1s\u00e1rolhat Dogecoin-t a Kraken-en?<\/a><\/li><li class='ez-toc-page-1 ez-toc-heading-level-2'><a class=\"ez-toc-link ez-toc-heading-2\" href=\"https:\/\/coinkickoff.com\/hu\/how-to-buy-dogecoin\/how-to-buy-dogecoin-on-kraken\/#A_Step-By-Step_Guide_on_How_to_Buy_Dogecoin_on_Kraken\" >L\u00e9p\u00e9sr\u0151l l\u00e9p\u00e9sre \u00fatmutat\u00f3 az Dogecoin megv\u00e1s\u00e1rl\u00e1s\u00e1hoz a Krakenen<\/a><ul class='ez-toc-list-level-3' ><li class='ez-toc-heading-level-3'><a class=\"ez-toc-link ez-toc-heading-3\" href=\"https:\/\/coinkickoff.com\/hu\/how-to-buy-dogecoin\/how-to-buy-dogecoin-on-kraken\/#1_Register_an_Account_on_Kraken\" >1. Regisztr\u00e1ljon egy fi\u00f3kot a Kraken-en<\/a><\/li><li class='ez-toc-page-1 ez-toc-heading-level-3'><a class=\"ez-toc-link ez-toc-heading-4\" href=\"https:\/\/coinkickoff.com\/hu\/how-to-buy-dogecoin\/how-to-buy-dogecoin-on-kraken\/#2_Verify_Your_Account\" >2. Ellen\u0151rizze a fi\u00f3kj\u00e1t<\/a><\/li><li class='ez-toc-page-1 ez-toc-heading-level-3'><a class=\"ez-toc-link ez-toc-heading-5\" href=\"https:\/\/coinkickoff.com\/hu\/how-to-buy-dogecoin\/how-to-buy-dogecoin-on-kraken\/#3_Deposit_FundsCrypto\" >3. Let\u00e9tbe helyezett alapok\/kripto<\/a><\/li><li class='ez-toc-page-1 ez-toc-heading-level-3'><a class=\"ez-toc-link ez-toc-heading-6\" href=\"https:\/\/coinkickoff.com\/hu\/how-to-buy-dogecoin\/how-to-buy-dogecoin-on-kraken\/#4_Navigate_to_the_Relevant_Screen_to_Buy\" >4. Navig\u00e1ljon a megfelel\u0151 k\u00e9perny\u0151re a v\u00e1s\u00e1rl\u00e1shoz<\/a><\/li><\/ul><\/li><\/ul><\/nav><\/div>\n<h2><span class=\"ez-toc-section\" id=\"How_to_Buy_Dogecoin_on_Kraken\"><\/span><span style=\"font-weight: 400;\">Hogyan v\u00e1s\u00e1rolhat Dogecoin-t a Kraken-en?<\/span><span class=\"ez-toc-section-end\"><\/span><\/h2>\n<p><span style=\"font-weight: 400;\"><a href=\"https:\/\/coinkickoff.com\/hu\/dogecoin-doge\/\" data-internallinksmanager029f6b8e52c=\"14\" title=\"Milyen t\u00edpus\u00fa gy\u00f3gyszer a Dogecoin (DOGE)? Hogyan m\u0171k\u00f6dik \u00e9s hol lehet megv\u00e1s\u00e1rolni?\">Dogecoin<\/a> (DOGE) az egyik legnagyobb piaci t\u0151ke\u00e9rt\u00e9k\u0171 kriptovaluta, annak ellen\u00e9re vagy tal\u00e1n \u00e9ppen az\u00e9rt, mert a vil\u00e1g els\u0151 m\u00e9mje coin. Az token legink\u00e1bb viccb\u0151l indult, a \"doge meme\" ihlette, de az internetnek \u00e9s a k\u00f6z\u00f6ss\u00e9gi m\u00e9di\u00e1nak k\u00f6sz\u00f6nhet\u0151en gyorsan n\u00e9pszer\u0171v\u00e9 v\u00e1lt.<\/span><\/p>\n<p><span style=\"font-weight: 400;\">Ha v\u00e1s\u00e1rolni szeretne <a href=\"https:\/\/coinkickoff.com\/hu\/dogecoin-doge\/\">Dogecoin<\/a> a  oldalon <a href=\"https:\/\/coinkickoff.com\/hu\/kraken-review\/\">Kraken<\/a> de nem biztos benne, hogy j\u00f3 helyen j\u00e1r. Itt van egy l\u00e9p\u00e9sr\u0151l-l\u00e9p\u00e9sre t\u00f6rt\u00e9n\u0151 bont\u00e1s arr\u00f3l, hogy hogyan v\u00e1s\u00e1rolhat Dogecoin-t a <a href=\"https:\/\/coinkickoff.com\/hu\/kraken-review\/\" data-internallinksmanager029f6b8e52c=\"171\" title=\"Kraken V\u00e9lem\u00e9nyek 2023: Kraken: D\u00edjak, jellemz\u0151k, biztons\u00e1g, el\u0151ny\u00f6k \u00e9s h\u00e1tr\u00e1nyok\">Kraken<\/a>.<\/span><\/p>\n<h2><span class=\"ez-toc-section\" id=\"A_Step-By-Step_Guide_on_How_to_Buy_Dogecoin_on_Kraken\"><\/span><span style=\"font-weight: 400;\">L\u00e9p\u00e9sr\u0151l l\u00e9p\u00e9sre \u00fatmutat\u00f3 az Dogecoin megv\u00e1s\u00e1rl\u00e1s\u00e1hoz a Krakenen<\/span><span class=\"ez-toc-section-end\"><\/span><\/h2>\n<h3><span class=\"ez-toc-section\" id=\"1_Register_an_Account_on_Kraken\"><\/span><span style=\"font-weight: 400;\">1. Regisztr\u00e1ljon egy fi\u00f3kot a Kraken-en<\/span><span class=\"ez-toc-section-end\"><\/span><\/h3>\n<p><img loading=\"lazy\" decoding=\"async\" class=\"alignnone wp-image-3406 size-full\" src=\"https:\/\/coinkickoff.com\/wp-content\/uploads\/kraken1-e1682502957481.png\" alt=\"hogyan lehet megv\u00e1s\u00e1rolni az Dogecoin-t a Kraken-en\" width=\"1339\" height=\"763\" srcset=\"https:\/\/coinkickoff.com\/wp-content\/uploads\/kraken1-e1682502957481.png 1339w, https:\/\/coinkickoff.com\/wp-content\/uploads\/kraken1-e1682502957481-300x171.png 300w, https:\/\/coinkickoff.com\/wp-content\/uploads\/kraken1-e1682502957481-1024x584.png 1024w, https:\/\/coinkickoff.com\/wp-content\/uploads\/kraken1-e1682502957481-768x438.png 768w, https:\/\/coinkickoff.com\/wp-content\/uploads\/kraken1-e1682502957481-18x10.png 18w\" sizes=\"auto, (max-width: 1339px) 100vw, 1339px\" \/> I<span style=\"font-weight: 400;\">Ha m\u00e9g nincs Kraken-fi\u00f3kja, l\u00e1togasson el a k\u00f6vetkez\u0151 weboldalra <a href=\"https:\/\/kraken.pxf.io\/B0Rny4\" rel=\"nofollow noopener\" target=\"_blank\">Kraken hivatalos honlapja<\/a> \u00e9s kattintson a \"Fi\u00f3k l\u00e9trehoz\u00e1sa\" gombra. Adja meg e-mail c\u00edm\u00e9t, felhaszn\u00e1l\u00f3nev\u00e9t \u00e9s egy er\u0151s, sz\u00e1m- \u00e9s speci\u00e1lis karaktereket tartalmaz\u00f3 jelsz\u00f3t. V\u00e1lassza ki a lak\u00f3helye szerinti orsz\u00e1got \u00e9s \u00e1llamot, \u00e9s hozza l\u00e9tre fi\u00f3kj\u00e1t.\u00a0<\/span><\/p>\n<p><span style=\"font-weight: 400;\">A Kraken k\u00fcld \u00d6nnek egy ellen\u0151rz\u0151 e-mailt \u00e9s egy fi\u00f3kaktiv\u00e1l\u00e1si linket. K\u00f6vesse a linket a fi\u00f3kj\u00e1ba val\u00f3 bejelentkez\u00e9shez.<\/span><\/p>\n<h3><span class=\"ez-toc-section\" id=\"2_Verify_Your_Account\"><\/span><span style=\"font-weight: 400;\">2. Ellen\u0151rizze a fi\u00f3kj\u00e1t<\/span><span class=\"ez-toc-section-end\"><\/span><\/h3>\n<p><span style=\"font-weight: 400;\">Ahhoz, hogy kript\u00f3t v\u00e1s\u00e1rolhasson a Kraken-en, meg kell felelnie a KYC-k\u00f6vetelm\u00e9nyeknek, \u00e9s meg kell adnia n\u00e9h\u00e1ny szem\u00e9lyes adatot \u00e9s szem\u00e9lyazonoss\u00e1gi igazolv\u00e1nyt. A m\u00e1sodik l\u00e9p\u00e9s teh\u00e1t a szem\u00e9lyazonoss\u00e1god ellen\u0151rz\u00e9se.<\/span><\/p>\n<p><span style=\"font-weight: 400;\">Egyes t\u0151zsd\u00e9k lehet\u0151v\u00e9 teszik, hogy a platformjukon a szem\u00e9lyazonoss\u00e1gi ellen\u0151rz\u00e9s elv\u00e9gz\u00e9se n\u00e9lk\u00fcl fizessen be kript\u00f3t. Felh\u00edvjuk figyelm\u00e9t, hogy a Kraken <\/span><i><span style=\"font-weight: 400;\">nem <\/span><\/i><span style=\"font-weight: 400;\">az egyik ilyen cser\u00e9t. <\/span><b>A platformon t\u00f6rt\u00e9n\u0151 befizet\u00e9s el\u0151tt igazolnia kell szem\u00e9lyazonoss\u00e1g\u00e1t.<\/b><\/p>\n<p><span style=\"font-weight: 400;\">A Kraken k\u00fcld egy e-mailt, hogy eml\u00e9keztesse \u00d6nt fi\u00f3kja ellen\u0151rz\u00e9s\u00e9re. A f\u0151oldal bal oldal\u00e1n tal\u00e1lhat\u00f3 \"V\u00e1s\u00e1rl\u00e1s\" ikonra is kattinthat, ahol a Kraken azonnal felsz\u00f3l\u00edtja az azonos\u00edt\u00f3 ellen\u0151rz\u00e9s elv\u00e9gz\u00e9s\u00e9re.<\/span><\/p>\n<p><img loading=\"lazy\" decoding=\"async\" class=\"alignnone wp-image-3407 size-full\" src=\"https:\/\/coinkickoff.com\/wp-content\/uploads\/kraken2-e1682502904796.png\" alt=\"kraken ellen\u0151rz\u00e9si figyelmeztet\u00e9s\" width=\"1378\" height=\"770\" \/><\/p>\n<p><span style=\"font-weight: 400;\">Egyszer\u0171en kattintson a Verify (Ellen\u0151rizni) gombra, \u00e9s a rendszer \u00e1tir\u00e1ny\u00edtja a megfelel\u0151 oldalra. Adja meg a hivatalos nev\u00e9t, sz\u00fclet\u00e9si d\u00e1tum\u00e1t, c\u00edm\u00e9t \u00e9s telefonsz\u00e1m\u00e1t az ellen\u0151rz\u00e9si folyamat megkezd\u00e9s\u00e9hez. Kattintson a folytat\u00e1s gombra.<\/span><\/p>\n<p><img loading=\"lazy\" decoding=\"async\" class=\"alignnone wp-image-3408 size-full\" src=\"https:\/\/coinkickoff.com\/wp-content\/uploads\/kraken3-e1682503223180.png\" alt=\"\" width=\"1375\" height=\"777\" srcset=\"https:\/\/coinkickoff.com\/wp-content\/uploads\/kraken3-e1682503223180.png 1375w, https:\/\/coinkickoff.com\/wp-content\/uploads\/kraken3-e1682503223180-300x170.png 300w, https:\/\/coinkickoff.com\/wp-content\/uploads\/kraken3-e1682503223180-1024x579.png 1024w, https:\/\/coinkickoff.com\/wp-content\/uploads\/kraken3-e1682503223180-768x434.png 768w, https:\/\/coinkickoff.com\/wp-content\/uploads\/kraken3-e1682503223180-18x10.png 18w, https:\/\/coinkickoff.com\/wp-content\/uploads\/kraken3-e1682503223180-600x338.png 600w\" sizes=\"auto, (max-width: 1375px) 100vw, 1375px\" \/><\/p>\n<p><span style=\"font-weight: 400;\">A k\u00f6vetkez\u0151 oldalon tov\u00e1bbi dokumentumokat kell beny\u00fajtania, k\u00f6zt\u00fck egy f\u00e9nyk\u00e9pes igazolv\u00e1nyt, p\u00e9ld\u00e1ul egy \u00fatlev\u00e9loldalt vagy jogos\u00edtv\u00e1nyt.<\/span><\/p>\n<h3><span class=\"ez-toc-section\" id=\"3_Deposit_FundsCrypto\"><\/span><span style=\"font-weight: 400;\">3. Let\u00e9tbe helyezett alapok\/kripto<\/span><span class=\"ez-toc-section-end\"><\/span><\/h3>\n<p><span style=\"font-weight: 400;\">Ha m\u00e1r rendelkezik kriptovalut\u00e1val, akkor az coins-t befizetheti a Krakenre, \u00e9s DOGE-re cser\u00e9lheti. Ellenkez\u0151 esetben egyszer\u0171en v\u00e1s\u00e1roljon DOGE-t a Kraken-en fiat valut\u00e1val.\u00a0<\/span><\/p>\n<p><span style=\"font-weight: 400;\">Er\u0151sen javasoljuk, hogy k\u00e9tfaktoros hiteles\u00edt\u00e9ssel (2FA) biztos\u00edtsa fi\u00f3kj\u00e1t, miel\u0151tt fizet\u00e9si m\u00f3dot ad hozz\u00e1, vagy fiat befizet\u00e9st eszk\u00f6z\u00f6l. A 2FA egy tov\u00e1bbi biztons\u00e1gi r\u00e9teget ad a sz\u00e1ml\u00e1j\u00e1hoz.<\/span><\/p>\n<p><span style=\"font-weight: 400;\">A 2FA aktiv\u00e1l\u00e1s\u00e1hoz kattintson a profilja nev\u00e9re (a jobb fels\u0151 sarokban), \u00e9s v\u00e1lassza a \"Biztons\u00e1g\" lehet\u0151s\u00e9get a leg\u00f6rd\u00fcl\u0151 men\u00fcb\u0151l. A be\u00e1ll\u00edt\u00e1sok m\u00f3dos\u00edt\u00e1s\u00e1hoz kattintson a \"2FA be\u00e1ll\u00edt\u00e1sok\" gombra.<\/span><\/p>\n<p><img loading=\"lazy\" decoding=\"async\" class=\"alignnone wp-image-3409 size-full\" src=\"https:\/\/coinkickoff.com\/wp-content\/uploads\/kraken4-e1682503267822.png\" alt=\"\" width=\"1360\" height=\"795\" srcset=\"https:\/\/coinkickoff.com\/wp-content\/uploads\/kraken4-e1682503267822.png 1360w, https:\/\/coinkickoff.com\/wp-content\/uploads\/kraken4-e1682503267822-300x175.png 300w, https:\/\/coinkickoff.com\/wp-content\/uploads\/kraken4-e1682503267822-1024x599.png 1024w, https:\/\/coinkickoff.com\/wp-content\/uploads\/kraken4-e1682503267822-768x449.png 768w, https:\/\/coinkickoff.com\/wp-content\/uploads\/kraken4-e1682503267822-18x12.png 18w\" sizes=\"auto, (max-width: 1360px) 100vw, 1360px\" \/><\/p>\n<p><span style=\"font-weight: 400;\">A Kraken sz\u00e1mos 2FA lehet\u0151s\u00e9get k\u00edn\u00e1l. A 2FA-t k\u00fcl\u00f6nb\u00f6z\u0151 m\u0171veletekhez, p\u00e9ld\u00e1ul a bejelentkez\u00e9shez, a finansz\u00edroz\u00e1shoz, a keresked\u00e9shez \u00e9s a kifizet\u00e9sekhez enged\u00e9lyezheti.<\/span><\/p>\n<p><span style=\"font-weight: 400;\"><img loading=\"lazy\" decoding=\"async\" class=\"alignnone wp-image-3405 size-full\" src=\"https:\/\/coinkickoff.com\/wp-content\/uploads\/kraken-5-e1682503294785.png\" alt=\"\" width=\"1357\" height=\"770\" srcset=\"https:\/\/coinkickoff.com\/wp-content\/uploads\/kraken-5-e1682503294785.png 1357w, https:\/\/coinkickoff.com\/wp-content\/uploads\/kraken-5-e1682503294785-300x170.png 300w, https:\/\/coinkickoff.com\/wp-content\/uploads\/kraken-5-e1682503294785-1024x581.png 1024w, https:\/\/coinkickoff.com\/wp-content\/uploads\/kraken-5-e1682503294785-768x436.png 768w, https:\/\/coinkickoff.com\/wp-content\/uploads\/kraken-5-e1682503294785-18x10.png 18w\" sizes=\"auto, (max-width: 1357px) 100vw, 1357px\" \/><\/span><\/p>\n<p><span style=\"font-weight: 400;\">A 2FA be\u00e1ll\u00edt\u00e1sa nagyon egyszer\u0171. T\u00f6ltse le a Google Authenticator alkalmaz\u00e1st, \u00e9s olvassa be a k\u00e9perny\u0151n megjelen\u0151 QR-k\u00f3dot. Az alkalmaz\u00e1s gener\u00e1l egy k\u00f3dot, amelyet megadhat a 2FA enged\u00e9lyez\u00e9s\u00e9hez.\u00a0<\/span><\/p>\n<p><img loading=\"lazy\" decoding=\"async\" class=\"alignnone wp-image-3410 size-full\" src=\"https:\/\/coinkickoff.com\/wp-content\/uploads\/kraken6-e1682503322525.png\" alt=\"\" width=\"1357\" height=\"791\" \/><\/p>\n<p><span style=\"font-weight: 400;\">Miut\u00e1n enged\u00e9lyezte a 2FA-t, a Google Authenticator alkalmaz\u00e1st kell haszn\u00e1lnia a fi\u00f3kj\u00e1ba val\u00f3 bejelentkez\u00e9shez. Az alkalmaz\u00e1s minden egyes bejelentkez\u00e9shez egyedi, egyszer haszn\u00e1latos jelsz\u00f3t gener\u00e1l.<\/span><\/p>\n<p><span style=\"font-weight: 400;\">Miut\u00e1n enged\u00e9lyezte a 2FA-t, k\u00e9szen \u00e1ll a Kraken sz\u00e1ml\u00e1j\u00e1nak felt\u00f6lt\u00e9s\u00e9re. Az DOGE-t k\u00e9tf\u00e9lek\u00e9ppen v\u00e1s\u00e1rolhatod meg a Krakenen. Hozz\u00e1adhatsz egy azonnali fizet\u00e9si m\u00f3dot, p\u00e9ld\u00e1ul hitelk\u00e1rty\u00e1t a sz\u00e1ml\u00e1dhoz, vagy \u00f6sszekapcsolhatod a banksz\u00e1ml\u00e1dat a Krakennel, hogy k\u00f6nnyen utalhass p\u00e9nzt.<\/span><\/p>\n<p><span style=\"font-weight: 400;\">Az azonnali fizet\u00e9si m\u00f3d hozz\u00e1ad\u00e1sa gyorsabb \u00e9s egyszer\u0171bb. Egyszer\u0171en kattintson a fels\u0151 men\u00fcben a \"Buy Crypto\" gombra.<\/span><\/p>\n<p><img loading=\"lazy\" decoding=\"async\" class=\"alignnone wp-image-3412 size-full\" src=\"https:\/\/coinkickoff.com\/wp-content\/uploads\/kraken8-e1682503364155.png\" alt=\"\" width=\"1206\" height=\"781\" srcset=\"https:\/\/coinkickoff.com\/wp-content\/uploads\/kraken8-e1682503364155.png 1206w, https:\/\/coinkickoff.com\/wp-content\/uploads\/kraken8-e1682503364155-300x194.png 300w, https:\/\/coinkickoff.com\/wp-content\/uploads\/kraken8-e1682503364155-1024x663.png 1024w, https:\/\/coinkickoff.com\/wp-content\/uploads\/kraken8-e1682503364155-768x497.png 768w, https:\/\/coinkickoff.com\/wp-content\/uploads\/kraken8-e1682503364155-18x12.png 18w\" sizes=\"auto, (max-width: 1206px) 100vw, 1206px\" \/><\/p>\n<p><span style=\"font-weight: 400;\">Az \u00faj oldalon v\u00e1lassza a \"Fizet\u00e9si m\u00f3dok\" lehet\u0151s\u00e9get.<\/span><\/p>\n<p><span style=\"font-weight: 400;\">Kattintson a \"Fizet\u00e9si m\u00f3dok hozz\u00e1ad\u00e1sa\" gombra. Hozz\u00e1adhat egy <\/span><a href=\"https:\/\/support.kraken.com\/hc\/en-us\/articles\/360048212832-Visa-and-MasterCard-purchases\" target=\"_blank\" rel=\"noopener\"><span style=\"font-weight: 400;\">Visa \u00e9s Mastercard bankk\u00e1rtya\/hitelk\u00e1rtya<\/span><\/a><span style=\"font-weight: 400;\"> vagy fizessen be k\u00e9szp\u00e9nzt a sz\u00e1ml\u00e1j\u00e1ra online bankol\u00e1ssal.<\/span><\/p>\n<p><img loading=\"lazy\" decoding=\"async\" class=\"alignnone wp-image-3413 size-full\" src=\"https:\/\/coinkickoff.com\/wp-content\/uploads\/kraken9-e1682503407337.png\" alt=\"\" width=\"1196\" height=\"776\" srcset=\"https:\/\/coinkickoff.com\/wp-content\/uploads\/kraken9-e1682503407337.png 1196w, https:\/\/coinkickoff.com\/wp-content\/uploads\/kraken9-e1682503407337-300x195.png 300w, https:\/\/coinkickoff.com\/wp-content\/uploads\/kraken9-e1682503407337-1024x664.png 1024w, https:\/\/coinkickoff.com\/wp-content\/uploads\/kraken9-e1682503407337-768x498.png 768w, https:\/\/coinkickoff.com\/wp-content\/uploads\/kraken9-e1682503407337-18x12.png 18w\" sizes=\"auto, (max-width: 1196px) 100vw, 1196px\" \/><\/p>\n<p><span style=\"font-weight: 400;\">Kattintson a k\u00edv\u00e1nt m\u00f3dszerre, \u00e9s adja meg a megfelel\u0151 adatokat.\u00a0<\/span><\/p>\n<p><span style=\"font-weight: 400;\">A hitel- \u00e9s bet\u00e9ti k\u00e1rty\u00e1s v\u00e1s\u00e1rl\u00e1sok gyorsabbak, de \u00e1ltal\u00e1ban dr\u00e1g\u00e1bbak, mivel a k\u00e1rtyaszolg\u00e1ltat\u00f3k extra d\u00edjakat sz\u00e1m\u00edtanak fel.<\/span><\/p>\n<p><span style=\"font-weight: 400;\">Ha a k\u00e9szp\u00e9nzes befizet\u00e9st v\u00e1lasztja, akkor sz\u00e1ml\u00e1j\u00e1ra online banki szolg\u00e1ltat\u00e1ssal fizethet be. V\u00e1lassza ki a befizetni k\u00edv\u00e1nt p\u00e9nznemet, \u00e9s v\u00e1lassza ki a befizet\u00e9si m\u00f3dot.<\/span><\/p>\n<p><img loading=\"lazy\" decoding=\"async\" class=\"alignnone wp-image-3414 size-full\" src=\"https:\/\/coinkickoff.com\/wp-content\/uploads\/kraken-deposit.png\" alt=\"\" width=\"752\" height=\"298\" srcset=\"https:\/\/coinkickoff.com\/wp-content\/uploads\/kraken-deposit.png 752w, https:\/\/coinkickoff.com\/wp-content\/uploads\/kraken-deposit-300x119.png 300w, https:\/\/coinkickoff.com\/wp-content\/uploads\/kraken-deposit-18x7.png 18w\" sizes=\"auto, (max-width: 752px) 100vw, 752px\" \/> <img loading=\"lazy\" decoding=\"async\" class=\"alignnone wp-image-3415 size-full\" src=\"https:\/\/coinkickoff.com\/wp-content\/uploads\/kraken-deposit-2.png\" alt=\"\" width=\"808\" height=\"547\" srcset=\"https:\/\/coinkickoff.com\/wp-content\/uploads\/kraken-deposit-2.png 808w, https:\/\/coinkickoff.com\/wp-content\/uploads\/kraken-deposit-2-300x203.png 300w, https:\/\/coinkickoff.com\/wp-content\/uploads\/kraken-deposit-2-768x520.png 768w, https:\/\/coinkickoff.com\/wp-content\/uploads\/kraken-deposit-2-18x12.png 18w\" sizes=\"auto, (max-width: 808px) 100vw, 808px\" \/><\/p>\n<p><span style=\"font-weight: 400;\">K\u00e9rj\u00fck, figyelmesen olvassa el az \u00f6sszes utas\u00edt\u00e1st, amikor p\u00e9nzt k\u00fcld a Kraken sz\u00e1ml\u00e1j\u00e1ra. El\u0151fordulhat, hogy meg kell adnia egy referenciak\u00f3dot, hogy a befizet\u00e9se biztosan meg\u00e9rkezzen a Krakenre.<\/span><\/p>\n<p><span style=\"font-weight: 400;\">Az \u00f6sszeg n\u00e9h\u00e1ny napon bel\u00fcl meg\u00e9rkezik a sz\u00e1ml\u00e1dra, de vigy\u00e1zz a banki \u00fcnnepnapokra \u00e9s egy\u00e9b lehets\u00e9ges k\u00e9sedelmekre. A \"Keresked\u00e9s\" vagy a \"Finansz\u00edroz\u00e1s\" f\u00fclre kattintva ellen\u0151rizheti, hogy meg\u00e9rkezett-e az \u00f6sszeg.<\/span><\/p>\n<h3><span class=\"ez-toc-section\" id=\"4_Navigate_to_the_Relevant_Screen_to_Buy\"><\/span><span style=\"font-weight: 400;\">4. Navig\u00e1ljon a megfelel\u0151 k\u00e9perny\u0151re a v\u00e1s\u00e1rl\u00e1shoz<\/span><span class=\"ez-toc-section-end\"><\/span><\/h3>\n<p><span style=\"font-weight: 400;\">Az DOGE megv\u00e1s\u00e1rl\u00e1s\u00e1nak k\u00e9t m\u00f3dja van a Kraken-en. Az els\u0151 \u00e9s legegyszer\u0171bb az egyszer\u0171 Buy\/Sell widget haszn\u00e1lata. Kattintson a \"Buy Crypto\" f\u00fclre a m\u0171szerfalon (k\u00f6z\u00e9pen fel\u00fcl), \u00e9s v\u00e1lassza a \"Buy\" lehet\u0151s\u00e9get.<\/span><\/p>\n<p><span style=\"font-weight: 400;\">V\u00e1lassza ki a widget leg\u00f6rd\u00fcl\u0151 men\u00fcj\u00e9b\u0151l az DOGE-t, \u00e9s adja meg, hogy mennyit szeretne k\u00f6lteni. V\u00e1lassza ki a fizet\u00e9si m\u00f3dot (hitelk\u00e1rtya\/bet\u00e9ti k\u00e1rtya vagy k\u00e9szp\u00e9nz).<\/span><\/p>\n<p><span style=\"font-weight: 400;\">A Kraken megjelen\u00edti, hogy mennyi DOGE-t kap a p\u00e9nz\u00e9\u00e9rt, valamint a v\u00e1s\u00e1rl\u00e1sra vonatkoz\u00f3 d\u00edjakat. Kattintson a meger\u0151s\u00edt\u00e9sre, \u00e9s k\u00e9sz.\u00a0<\/span><\/p>\n<p><span style=\"font-weight: 400;\">B\u00e1r ez a m\u00f3dszer nagyszer\u0171 az els\u0151 felhaszn\u00e1l\u00f3k sz\u00e1m\u00e1ra, van egy olcs\u00f3bb m\u00f3dszer is az DOGE megv\u00e1s\u00e1rl\u00e1s\u00e1ra a Kraken-en.<\/span><\/p>\n<p><img loading=\"lazy\" decoding=\"async\" class=\"alignnone wp-image-3416 size-full\" src=\"https:\/\/coinkickoff.com\/wp-content\/uploads\/kraken-trade1.png\" alt=\"\" width=\"1139\" height=\"206\" srcset=\"https:\/\/coinkickoff.com\/wp-content\/uploads\/kraken-trade1.png 1139w, https:\/\/coinkickoff.com\/wp-content\/uploads\/kraken-trade1-300x54.png 300w, https:\/\/coinkickoff.com\/wp-content\/uploads\/kraken-trade1-1024x185.png 1024w, https:\/\/coinkickoff.com\/wp-content\/uploads\/kraken-trade1-768x139.png 768w, https:\/\/coinkickoff.com\/wp-content\/uploads\/kraken-trade1-18x3.png 18w\" sizes=\"auto, (max-width: 1139px) 100vw, 1139px\" \/><\/p>\n<p><span style=\"font-weight: 400;\">A f\u0151 m\u0171szerfalon v\u00e1lassza a \"Keresked\u00e9s\" lehet\u0151s\u00e9get. Kattintson az \"\u00daj megb\u00edz\u00e1s\" f\u00fclre, \u00e9s v\u00e1lassza az \"Egyszer\u0171 megb\u00edz\u00e1s\" lehet\u0151s\u00e9get.\u00a0<\/span>\u00a0\u00a0<img loading=\"lazy\" decoding=\"async\" class=\"alignnone wp-image-3419 size-full\" src=\"https:\/\/coinkickoff.com\/wp-content\/uploads\/kraken-trade4-e1682504018815.png\" alt=\"\" width=\"1220\" height=\"309\" srcset=\"https:\/\/coinkickoff.com\/wp-content\/uploads\/kraken-trade4-e1682504018815.png 1220w, https:\/\/coinkickoff.com\/wp-content\/uploads\/kraken-trade4-e1682504018815-300x76.png 300w, https:\/\/coinkickoff.com\/wp-content\/uploads\/kraken-trade4-e1682504018815-1024x259.png 1024w, https:\/\/coinkickoff.com\/wp-content\/uploads\/kraken-trade4-e1682504018815-768x195.png 768w, https:\/\/coinkickoff.com\/wp-content\/uploads\/kraken-trade4-e1682504018815-18x5.png 18w\" sizes=\"auto, (max-width: 1220px) 100vw, 1220px\" \/><span style=\"font-weight: 400;\">\u00c1ll\u00edtsa be a valutat\u00edpusokat a megrendel\u0151lapon. P\u00e9ld\u00e1ul a kiad\u00e1si oszlopot USD-re, a v\u00e1s\u00e1rl\u00e1si oszlopot pedig DOGE-re \u00e1ll\u00edthatja be.<\/span><\/p>\n<p><span style=\"font-weight: 400;\">\u00cdrja be, hogy mennyit szeretne k\u00f6lteni a kiad\u00e1si oszlopba. Az \u00e1r lapon adja meg az \u00e1rat, amennyi\u00e9rt DOGE-t szeretne v\u00e1s\u00e1rolni. A rendszer automatikusan felaj\u00e1nl egy fix piaci \u00e1rat, de maga is be\u00e1ll\u00edthatja az \u00e1rat.<\/span><\/p>\n<p><span style=\"font-weight: 400;\">Ha elfogadja a felaj\u00e1nlott piaci \u00e1rat, akkor piaci megb\u00edz\u00e1st ad. Ez egyszer\u0171en azt jelenti, hogy az \u00d6n megrendel\u00e9se el\u00e9g gyorsan teljes\u00fcl, mert \u00d6n elfogadja valaki m\u00e1s aj\u00e1nlat\u00e1t, hogy az DOGE-t az \u00e1ltala meghat\u00e1rozott \u00e1ron adja el \u00d6nnek.\u00a0<\/span><\/p>\n<p><span style=\"font-weight: 400;\">Ha \u00d6n maga hat\u00e1rozza meg az \u00e1rat, akkor az elad\u00e1s v\u00e9grehajt\u00e1sa kicsit tov\u00e1bb tarthat, mivel valaki m\u00e1snak is el kell fogadnia, hogy eladja \u00d6nnek az DOGE-t ezen az \u00e1ron. Ezt m\u00e1s n\u00e9ven limit\u00e1ras megb\u00edz\u00e1snak nevezik.<\/span><\/p>\n<p><span style=\"font-weight: 400;\">Tekintse \u00e1t a megrendel\u00e9s\u00e9t, \u00e9s kattintson a \"V\u00e1s\u00e1rl\u00e1s\" gombra.<\/span><\/p>\n<p><span style=\"font-weight: 400;\">A megrendel\u00e9sek f\u00fclre kattintva l\u00e1thatja, hogy a tranzakci\u00f3t befejezt\u00e9k-e. Ha a megrendel\u00e9s lez\u00e1rult, akkor sikeresen megv\u00e1s\u00e1rolta az coin-t. Ha a megb\u00edz\u00e1s nyitott, akkor m\u00e9g mindig arra v\u00e1rsz, hogy valaki eladja neked az DOGE-t.<\/span><\/p>\n<p><span style=\"font-weight: 400;\">Ennyi. Gratul\u00e1lok!\u00a0<\/span><\/p>","protected":false},"excerpt":{"rendered":"<p>Hogyan v\u00e1s\u00e1roljon Dogecoin-t a Kraken-en Az Dogecoin (DOGE) az egyik legnagyobb piaci t\u0151ke\u00e9rt\u00e9k\u0171 kriptovaluta, annak ellen\u00e9re vagy tal\u00e1n \u00e9ppen az\u00e9rt, mert a vil\u00e1g els\u0151 m\u00e9mje coin. Az token legink\u00e1bb viccb\u0151l indult, a \"doge meme\" ihlette, de az internetnek \u00e9s a k\u00f6z\u00f6ss\u00e9gi m\u00e9di\u00e1nak k\u00f6sz\u00f6nhet\u0151en hamar n\u00e9pszer\u0171v\u00e9 v\u00e1lt. Ha [...]<\/p>","protected":false},"author":3,"featured_media":155,"parent":3196,"menu_order":0,"comment_status":"closed","ping_status":"closed","template":"","meta":{"_genesis_hide_title":false,"_genesis_hide_breadcrumbs":false,"_genesis_hide_singular_image":false,"_genesis_hide_footer_widgets":false,"_genesis_custom_body_class":"","_genesis_custom_post_class":"","_genesis_layout":"","_glsr_average":0,"_glsr_ranking":0,"_glsr_reviews":0,"footnotes":""},"class_list":{"0":"post-3404","1":"page","2":"type-page","3":"status-publish","4":"has-post-thumbnail","6":"entry"},"featured_image_src":"https:\/\/coinkickoff.com\/wp-content\/uploads\/2022\/06\/Dogecoin-DOGE-600x400.jpg","featured_image_src_square":"https:\/\/coinkickoff.com\/wp-content\/uploads\/2022\/06\/Dogecoin-DOGE-600x600.jpg","_links":{"self":[{"href":"https:\/\/coinkickoff.com\/hu\/wp-json\/wp\/v2\/pages\/3404","targetHints":{"allow":["GET"]}}],"collection":[{"href":"https:\/\/coinkickoff.com\/hu\/wp-json\/wp\/v2\/pages"}],"about":[{"href":"https:\/\/coinkickoff.com\/hu\/wp-json\/wp\/v2\/types\/page"}],"author":[{"embeddable":true,"href":"https:\/\/coinkickoff.com\/hu\/wp-json\/wp\/v2\/users\/3"}],"replies":[{"embeddable":true,"href":"https:\/\/coinkickoff.com\/hu\/wp-json\/wp\/v2\/comments?post=3404"}],"version-history":[{"count":3,"href":"https:\/\/coinkickoff.com\/hu\/wp-json\/wp\/v2\/pages\/3404\/revisions"}],"predecessor-version":[{"id":4494,"href":"https:\/\/coinkickoff.com\/hu\/wp-json\/wp\/v2\/pages\/3404\/revisions\/4494"}],"up":[{"embeddable":true,"href":"https:\/\/coinkickoff.com\/hu\/wp-json\/wp\/v2\/pages\/3196"}],"wp:featuredmedia":[{"embeddable":true,"href":"https:\/\/coinkickoff.com\/hu\/wp-json\/wp\/v2\/media\/155"}],"wp:attachment":[{"href":"https:\/\/coinkickoff.com\/hu\/wp-json\/wp\/v2\/media?parent=3404"}],"curies":[{"name":"wp","href":"https:\/\/api.w.org\/{rel}","templated":true}]}}