{"id":3394,"date":"2026-01-08T14:07:29","date_gmt":"2026-01-08T14:07:29","guid":{"rendered":"https:\/\/coinkickoff.com\/?page_id=3394"},"modified":"2026-01-08T14:07:29","modified_gmt":"2026-01-08T14:07:29","slug":"how-to-buy-dogecoin-on-poloniex","status":"publish","type":"page","link":"https:\/\/coinkickoff.com\/hu\/how-to-buy-dogecoin\/how-to-buy-dogecoin-on-poloniex\/","title":{"rendered":"Hogyan v\u00e1s\u00e1rolhat Dogecoin (DOGE) a Poloniexen?"},"content":{"rendered":"<h2><span style=\"font-weight: 400;\"><img loading=\"lazy\" decoding=\"async\" class=\"alignnone wp-image-155 size-full\" src=\"https:\/\/coinkickoff.com\/wp-content\/uploads\/2022\/06\/Dogecoin-DOGE.jpg\" alt=\"hogyan lehet v\u00e1s\u00e1rolni dogecoin a poloniexen\" width=\"1000\" height=\"800\" srcset=\"https:\/\/coinkickoff.com\/wp-content\/uploads\/2022\/06\/Dogecoin-DOGE.jpg 1000w, https:\/\/coinkickoff.com\/wp-content\/uploads\/2022\/06\/Dogecoin-DOGE-300x240.jpg 300w, https:\/\/coinkickoff.com\/wp-content\/uploads\/2022\/06\/Dogecoin-DOGE-768x614.jpg 768w, https:\/\/coinkickoff.com\/wp-content\/uploads\/2022\/06\/Dogecoin-DOGE-15x12.jpg 15w\" sizes=\"auto, (max-width: 1000px) 100vw, 1000px\" \/><\/span><\/h2>\n<div id=\"ez-toc-container\" class=\"ez-toc-v2_0_80 counter-hierarchy ez-toc-counter ez-toc-transparent ez-toc-container-direction\">\n<div class=\"ez-toc-title-container\">\n<p class=\"ez-toc-title\" style=\"cursor:inherit\">Szakaszok<\/p>\n<span class=\"ez-toc-title-toggle\"><a href=\"#\" class=\"ez-toc-pull-right ez-toc-btn ez-toc-btn-xs ez-toc-btn-default ez-toc-toggle\" aria-label=\"Toggle Tartalomjegyz\u00e9k\"><span class=\"ez-toc-js-icon-con\"><span class=\"\"><span class=\"eztoc-hide\" style=\"display:none;\">Toggle<\/span><span class=\"ez-toc-icon-toggle-span\"><svg style=\"fill: #999;color:#999\" xmlns=\"http:\/\/www.w3.org\/2000\/svg\" class=\"list-377408\" width=\"20px\" height=\"20px\" viewbox=\"0 0 24 24\" fill=\"none\"><path d=\"M6 6H4v2h2V6zm14 0H8v2h12V6zM4 11h2v2H4v-2zm16 0H8v2h12v-2zM4 16h2v2H4v-2zm16 0H8v2h12v-2z\" fill=\"currentColor\"><\/path><\/svg><svg style=\"fill: #999;color:#999\" class=\"arrow-unsorted-368013\" xmlns=\"http:\/\/www.w3.org\/2000\/svg\" width=\"10px\" height=\"10px\" viewbox=\"0 0 24 24\" version=\"1.2\" baseprofile=\"tiny\"><path d=\"M18.2 9.3l-6.2-6.3-6.2 6.3c-.2.2-.3.4-.3.7s.1.5.3.7c.2.2.4.3.7.3h11c.3 0 .5-.1.7-.3.2-.2.3-.5.3-.7s-.1-.5-.3-.7zM5.8 14.7l6.2 6.3 6.2-6.3c.2-.2.3-.5.3-.7s-.1-.5-.3-.7c-.2-.2-.4-.3-.7-.3h-11c-.3 0-.5.1-.7.3-.2.2-.3.5-.3.7s.1.5.3.7z\"\/><\/svg><\/span><\/span><\/span><\/a><\/span><\/div>\n<nav><ul class='ez-toc-list ez-toc-list-level-1 eztoc-toggle-hide-by-default' ><li class='ez-toc-page-1 ez-toc-heading-level-2'><a class=\"ez-toc-link ez-toc-heading-1\" href=\"https:\/\/coinkickoff.com\/hu\/how-to-buy-dogecoin\/how-to-buy-dogecoin-on-poloniex\/#How_to_Buy_Dogecoin_on_Poloniex\" >Hogyan v\u00e1s\u00e1rolhatsz Dogecoin-t a Poloniexen?<\/a><\/li><li class='ez-toc-page-1 ez-toc-heading-level-2'><a class=\"ez-toc-link ez-toc-heading-2\" href=\"https:\/\/coinkickoff.com\/hu\/how-to-buy-dogecoin\/how-to-buy-dogecoin-on-poloniex\/#A_Step-By-Step_Guide_on_How_to_Buy_Dogecoin_on_Poloniex\" >L\u00e9p\u00e9sr\u0151l l\u00e9p\u00e9sre \u00fatmutat\u00f3 az Dogecoin megv\u00e1s\u00e1rl\u00e1s\u00e1hoz a Poloniexen<\/a><ul class='ez-toc-list-level-3' ><li class='ez-toc-heading-level-3'><a class=\"ez-toc-link ez-toc-heading-3\" href=\"https:\/\/coinkickoff.com\/hu\/how-to-buy-dogecoin\/how-to-buy-dogecoin-on-poloniex\/#1_Register_an_Account\" >1. Regisztr\u00e1ljon egy fi\u00f3kot<\/a><\/li><li class='ez-toc-page-1 ez-toc-heading-level-3'><a class=\"ez-toc-link ez-toc-heading-4\" href=\"https:\/\/coinkickoff.com\/hu\/how-to-buy-dogecoin\/how-to-buy-dogecoin-on-poloniex\/#2_Verify_Your_Account\" >2. Ellen\u0151rizze a fi\u00f3kj\u00e1t<\/a><\/li><li class='ez-toc-page-1 ez-toc-heading-level-3'><a class=\"ez-toc-link ez-toc-heading-5\" href=\"https:\/\/coinkickoff.com\/hu\/how-to-buy-dogecoin\/how-to-buy-dogecoin-on-poloniex\/#3_Buy_Crypto\" >3. V\u00e1s\u00e1roljon kript\u00f3t<\/a><\/li><li class='ez-toc-page-1 ez-toc-heading-level-3'><a class=\"ez-toc-link ez-toc-heading-6\" href=\"https:\/\/coinkickoff.com\/hu\/how-to-buy-dogecoin\/how-to-buy-dogecoin-on-poloniex\/#4_Trade_USDT_for_DOGE\" >4. USDT cser\u00e9je DOGE-re<\/a><\/li><\/ul><\/li><\/ul><\/nav><\/div>\n<h2><span class=\"ez-toc-section\" id=\"How_to_Buy_Dogecoin_on_Poloniex\"><\/span><span style=\"font-weight: 400;\">Hogyan v\u00e1s\u00e1rolhatsz Dogecoin-t a Poloniexen?<\/span><span class=\"ez-toc-section-end\"><\/span><\/h2>\n<p><span style=\"font-weight: 400;\">M\u00e9g akkor is, ha <a href=\"https:\/\/coinkickoff.com\/hu\/dogecoin-doge\/\">DOGE<\/a> nem rendelkezik felhaszn\u00e1l\u00e1si esettel, el\u00e9g n\u00e9pszer\u0171, \u00e9s megtal\u00e1lhat\u00f3 a legt\u00f6bb <a href=\"https:\/\/coinkickoff.com\/hu\/crypto-exchanges\/\" data-internallinksmanager029f6b8e52c=\"141\" title=\"21 A legjobb kriptovaluta t\u0151zsd\u00e9k \u00e9s alkalmaz\u00e1sok 2024-ben\">kriptot\u0151zsd\u00e9k<\/a>, bele\u00e9rtve <a href=\"https:\/\/coinkickoff.com\/hu\/poloniex-review\/\">Poloniex<\/a>. Az coin nagyon olcs\u00f3 \u00e9s nagyj\u00e1b\u00f3l \u00e9rt\u00e9ktelen.\u00a0<\/span><\/p>\n<p><span style=\"font-weight: 400;\">Ha be akarsz sz\u00e1llni a viccbe, v\u00e1s\u00e1rolj n\u00e9h\u00e1ny <a href=\"https:\/\/coinkickoff.com\/hu\/dogecoin-doge\/\" data-internallinksmanager029f6b8e52c=\"14\" title=\"Milyen t\u00edpus\u00fa gy\u00f3gyszer a Dogecoin (DOGE)? Hogyan m\u0171k\u00f6dik \u00e9s hol lehet megv\u00e1s\u00e1rolni?\">Dogecoin<\/a> de nem tudja, hol kezdje, akkor j\u00f3 helyen j\u00e1r. Van egy l\u00e9p\u00e9sr\u0151l-l\u00e9p\u00e9sre \u00fatmutat\u00f3, hogyan v\u00e1s\u00e1rolhat Dogecoin a k\u00f6vetkez\u0151 weboldalon <a href=\"https:\/\/coinkickoff.com\/hu\/poloniex-review\/\" data-internallinksmanager029f6b8e52c=\"164\" title=\"Poloniex V\u00e9lem\u00e9nyek 2024: Fees, Features, Safety, Pros &amp; Cons\">Poloniex<\/a>. Itt is vagyunk.<\/span><\/p>\n<h2><span class=\"ez-toc-section\" id=\"A_Step-By-Step_Guide_on_How_to_Buy_Dogecoin_on_Poloniex\"><\/span><span style=\"font-weight: 400;\">L\u00e9p\u00e9sr\u0151l l\u00e9p\u00e9sre \u00fatmutat\u00f3 az Dogecoin megv\u00e1s\u00e1rl\u00e1s\u00e1hoz a Poloniexen<\/span><span class=\"ez-toc-section-end\"><\/span><\/h2>\n<h3><span class=\"ez-toc-section\" id=\"1_Register_an_Account\"><\/span><span style=\"font-weight: 400;\">1. Regisztr\u00e1ljon egy fi\u00f3kot<\/span><span class=\"ez-toc-section-end\"><\/span><\/h3>\n<p><span style=\"font-weight: 400;\">El\u0151sz\u00f6r menjen a <a href=\"https:\/\/poloniex.com\/signup?c=NLAGMVE5\" target=\"_blank\" rel=\"noopener\">Poloniex<\/a> weboldalon, \u00e9s kattintson a \"Regisztr\u00e1ci\u00f3\" gombra a fi\u00f3k l\u00e9trehoz\u00e1s\u00e1hoz.\u00a0<\/span><\/p>\n<p><img loading=\"lazy\" decoding=\"async\" class=\"alignnone wp-image-3397 size-full\" src=\"https:\/\/coinkickoff.com\/wp-content\/uploads\/poloniex-sign-up.png\" alt=\"poloniex feliratkoz\u00e1s\" width=\"1436\" height=\"653\" srcset=\"https:\/\/coinkickoff.com\/wp-content\/uploads\/poloniex-sign-up.png 1436w, https:\/\/coinkickoff.com\/wp-content\/uploads\/poloniex-sign-up-300x136.png 300w, https:\/\/coinkickoff.com\/wp-content\/uploads\/poloniex-sign-up-1024x466.png 1024w, https:\/\/coinkickoff.com\/wp-content\/uploads\/poloniex-sign-up-768x349.png 768w, https:\/\/coinkickoff.com\/wp-content\/uploads\/poloniex-sign-up-18x8.png 18w\" sizes=\"auto, (max-width: 1436px) 100vw, 1436px\" \/><\/p>\n<p><span style=\"font-weight: 400;\">A regisztr\u00e1ci\u00f3hoz egyszer\u0171en adja meg \u00e9rv\u00e9nyes e-mail c\u00edm\u00e9t \u00e9s jelszav\u00e1t. Az e-mail c\u00edm\u00e9re egy ellen\u0151rz\u0151 k\u00f3dot fog kapni. Haszn\u00e1lja a k\u00f3dot a fi\u00f3kj\u00e1ba val\u00f3 bejelentkez\u00e9shez.\u00a0\u00a0<\/span><\/p>\n<h3><span class=\"ez-toc-section\" id=\"2_Verify_Your_Account\"><\/span><span style=\"font-weight: 400;\">2. Ellen\u0151rizze a fi\u00f3kj\u00e1t<\/span><span class=\"ez-toc-section-end\"><\/span><\/h3>\n<p><span style=\"font-weight: 400;\">A Poloniexen szem\u00e9lyazonoss\u00e1g\u00e1nak ellen\u0151rz\u00e9se n\u00e9lk\u00fcl is kereskedhet. A Poloniex lehet\u0151v\u00e9 teszi, hogy ellen\u0151rz\u00e9s n\u00e9lk\u00fcl fizessen be \u00e9s vegyen ki kript\u00f3t. Harmadik f\u00e9l p\u00e9nzforgalmi szolg\u00e1ltat\u00f3it is haszn\u00e1lhatod, hogy kript\u00f3t v\u00e1s\u00e1rolj fiat valut\u00e1val, de meg kell felelned e harmadik felek KYC ir\u00e1nyelveinek.<\/span><\/p>\n<p><img loading=\"lazy\" decoding=\"async\" class=\"alignnone wp-image-3398 size-full\" src=\"https:\/\/coinkickoff.com\/wp-content\/uploads\/poloniex-verification.png\" alt=\"poloniex ellen\u0151rz\u00e9s\" width=\"1437\" height=\"679\" srcset=\"https:\/\/coinkickoff.com\/wp-content\/uploads\/poloniex-verification.png 1437w, https:\/\/coinkickoff.com\/wp-content\/uploads\/poloniex-verification-300x142.png 300w, https:\/\/coinkickoff.com\/wp-content\/uploads\/poloniex-verification-1024x484.png 1024w, https:\/\/coinkickoff.com\/wp-content\/uploads\/poloniex-verification-768x363.png 768w, https:\/\/coinkickoff.com\/wp-content\/uploads\/poloniex-verification-18x9.png 18w\" sizes=\"auto, (max-width: 1437px) 100vw, 1437px\" \/><\/p>\n<p><span style=\"font-weight: 400;\">Mindazon\u00e1ltal, a szem\u00e9lyazonoss\u00e1gi ellen\u0151rz\u00e9st elv\u00e9gezheti, hogy n\u00f6velje a kifizet\u00e9si limiteket. Kattintson a weboldal jobb fels\u0151 sark\u00e1ban tal\u00e1lhat\u00f3 profil ikonra, \u00e9s v\u00e1lassza a \"Profil\" lehet\u0151s\u00e9get.<\/span><\/p>\n<p><span style=\"font-weight: 400;\">A profiloldal\u00e1n az ellen\u0151rz\u00e9si szintje \"1. szint\u0171\" ellen\u0151rz\u00f6ttk\u00e9nt jelenik meg, ami minden \u00faj fi\u00f3kra igaz. Az oldalon l\u00e1thatod az ellen\u0151rz\u00e9si szinted korl\u00e1tait, \u00e9s ezek nem sokak. A tov\u00e1bbi verifik\u00e1ci\u00f3 lehet\u0151v\u00e9 teszi, hogy a napi kifizet\u00e9si limitedet 500 000 USD-re n\u00f6veld.\u00a0<\/span><\/p>\n<p><span style=\"font-weight: 400;\">Menjen el\u0151re, \u00e9s kattintson a \"Get Started\" gombra, hogy n\u00f6velje a limitet, ha szeretn\u00e9, de an\u00e9lk\u00fcl is megv\u00e1s\u00e1rolhatja az DOGE-t a platformon.<\/span><\/p>\n<h3><span class=\"ez-toc-section\" id=\"3_Buy_Crypto\"><\/span><span style=\"font-weight: 400;\">3. V\u00e1s\u00e1roljon kript\u00f3t<\/span><span class=\"ez-toc-section-end\"><\/span><\/h3>\n<p><span style=\"font-weight: 400;\">A Poloniexen v\u00e1logatott kriptovalut\u00e1kat v\u00e1s\u00e1rolhatsz fiat valut\u00e1val. Kattintson a m\u0171szerfal bal fels\u0151 r\u00e9sz\u00e9n a \"Crypto v\u00e1s\u00e1rl\u00e1s\" gombra. Adja meg az elk\u00f6lteni k\u00edv\u00e1nt USD \u00f6sszeget, \u00e9s v\u00e1lassza ki a megv\u00e1s\u00e1rolni k\u00edv\u00e1nt coin-t. Ezzel az eszk\u00f6zzel olyan digit\u00e1lis eszk\u00f6z\u00f6ket v\u00e1s\u00e1rolhat, mint p\u00e9ld\u00e1ul <a href=\"https:\/\/coinkickoff.com\/hu\/bitcoin-btc\/\" data-internallinksmanager029f6b8e52c=\"1\" title=\"Mi az Bitcoin (BTC)? \u00c1r, t\u00f6rt\u00e9net \u00e9s hol lehet megv\u00e1s\u00e1rolni\">Bitcoin<\/a>, <a href=\"https:\/\/coinkickoff.com\/hu\/ethereum-eth\/\" data-internallinksmanager029f6b8e52c=\"2\" title=\"Mi az Ethereum (ETH)? \u00c1r, t\u00f6rt\u00e9nelem \u00e9s hol lehet megv\u00e1s\u00e1rolni\">Ethereum<\/a>, <a href=\"https:\/\/coinkickoff.com\/hu\/tether-usdt\/\" data-internallinksmanager029f6b8e52c=\"3\" title=\"Mi az Tether (USDT)? Hogyan m\u0171k\u00f6dik \u00e9s hol lehet megv\u00e1s\u00e1rolni?\">USDT<\/a>, \u00e9s <a href=\"https:\/\/coinkickoff.com\/hu\/usd-coin-usdc\/\" data-internallinksmanager029f6b8e52c=\"8\" title=\"Mi az USD Coin (USDC)? Hogyan m\u0171k\u00f6dik \u00e9s hol lehet megv\u00e1s\u00e1rolni?\">USDC<\/a>.\u00a0<\/span><\/p>\n<p><span style=\"font-weight: 400;\">Mivel a Poloniex rendelkezik USDT\/DOGE \u00e9s USDC\/DOGE piacokkal, \u00e9rdemes a stabilcoins piacr\u00f3l v\u00e1s\u00e1rolni.<\/span><\/p>\n<p><span style=\"font-weight: 400;\">Miut\u00e1n megadta, hogy mennyit szeretne k\u00f6lteni, v\u00e1lassza ki a fizet\u00e9si szolg\u00e1ltat\u00f3t. A szolg\u00e1ltat\u00f3k orsz\u00e1gt\u00f3l f\u00fcgg\u0151en v\u00e1ltoznak.<\/span><\/p>\n<p><span style=\"font-weight: 400;\">Tekintse \u00e1t a megrendel\u00e9s adatait, hagyja j\u00f3v\u00e1 a felt\u00e9teleket, \u00e9s kattintson a \"K\u00fcld\u00e9s\" gombra. Egy \u00faj oldalra ker\u00fcl, ahol meger\u0151s\u00edtheti a megrendel\u00e9s\u00e9t, \u00e9s befejezheti a szem\u00e9lyazonoss\u00e1g ellen\u0151rz\u00e9s\u00e9t a fizet\u00e9si szolg\u00e1ltat\u00f3 szab\u00e1lyai szerint.<\/span><\/p>\n<p><img loading=\"lazy\" decoding=\"async\" class=\"alignnone wp-image-3399 size-full\" src=\"https:\/\/coinkickoff.com\/wp-content\/uploads\/poloniex-buy-crypto.png\" alt=\"\" width=\"1436\" height=\"793\" srcset=\"https:\/\/coinkickoff.com\/wp-content\/uploads\/poloniex-buy-crypto.png 1436w, https:\/\/coinkickoff.com\/wp-content\/uploads\/poloniex-buy-crypto-300x166.png 300w, https:\/\/coinkickoff.com\/wp-content\/uploads\/poloniex-buy-crypto-1024x565.png 1024w, https:\/\/coinkickoff.com\/wp-content\/uploads\/poloniex-buy-crypto-768x424.png 768w, https:\/\/coinkickoff.com\/wp-content\/uploads\/poloniex-buy-crypto-18x10.png 18w\" sizes=\"auto, (max-width: 1436px) 100vw, 1436px\" \/><\/p>\n<h3><span class=\"ez-toc-section\" id=\"4_Trade_USDT_for_DOGE\"><\/span><span style=\"font-weight: 400;\">4. USDT cser\u00e9je DOGE-re<\/span><span class=\"ez-toc-section-end\"><\/span><\/h3>\n<p><span style=\"font-weight: 400;\">Ebben a l\u00e9p\u00e9sben a stabilcoin-t kicser\u00e9li az Dogecoin-re. Kattintson a fels\u0151 men\u00fcben a Keresked\u00e9s gombra, \u00e9s v\u00e1lassza a \"spot keresked\u00e9s\" lehet\u0151s\u00e9get.<\/span><\/p>\n<p><span style=\"font-weight: 400;\">Az \u00faj oldalon kattintson az BTC\/USDT p\u00e1ros\u00edt\u00e1sra az oldal bal fels\u0151 sark\u00e1ban (k\u00f6zvetlen\u00fcl a grafikon felett), \u00e9s keressen r\u00e1 az DOGE-re. V\u00e1lasszon ki egy DOGE\/stabilcoin p\u00e1rost. Ha USDT-t v\u00e1s\u00e1rolt, akkor v\u00e1laszthat USDT\/DOGE p\u00e1rost.<\/span><\/p>\n<p><img loading=\"lazy\" decoding=\"async\" class=\"alignnone wp-image-3401 size-full\" src=\"https:\/\/coinkickoff.com\/wp-content\/uploads\/poloniex-usdt-doge-trade2.png\" alt=\"\" width=\"1438\" height=\"651\" srcset=\"https:\/\/coinkickoff.com\/wp-content\/uploads\/poloniex-usdt-doge-trade2.png 1438w, https:\/\/coinkickoff.com\/wp-content\/uploads\/poloniex-usdt-doge-trade2-300x136.png 300w, https:\/\/coinkickoff.com\/wp-content\/uploads\/poloniex-usdt-doge-trade2-1024x464.png 1024w, https:\/\/coinkickoff.com\/wp-content\/uploads\/poloniex-usdt-doge-trade2-768x348.png 768w, https:\/\/coinkickoff.com\/wp-content\/uploads\/poloniex-usdt-doge-trade2-18x8.png 18w\" sizes=\"auto, (max-width: 1438px) 100vw, 1438px\" \/><\/p>\n<p><span style=\"font-weight: 400;\">Most m\u00e1r csak annyit kell tennie, hogy a k\u00e9perny\u0151 jobb oldal\u00e1n l\u00e9v\u0151 kis dobozba be\u00edrja, hogy mennyi DOGE-t szeretne v\u00e1s\u00e1rolni (vagy mennyi USDT-t szeretne eladni). Ha k\u00e9szen \u00e1ll a megrendel\u00e9s lead\u00e1s\u00e1ra, kattintson a Buy DOGE gombra.<\/span><\/p>\n<p><img loading=\"lazy\" decoding=\"async\" class=\"alignnone wp-image-3400 size-full\" src=\"https:\/\/coinkickoff.com\/wp-content\/uploads\/POLONIEX-DOGE-USDT-TRADE.png\" alt=\"poloniex kereskedelem\" width=\"1432\" height=\"637\" srcset=\"https:\/\/coinkickoff.com\/wp-content\/uploads\/POLONIEX-DOGE-USDT-TRADE.png 1432w, https:\/\/coinkickoff.com\/wp-content\/uploads\/POLONIEX-DOGE-USDT-TRADE-300x133.png 300w, https:\/\/coinkickoff.com\/wp-content\/uploads\/POLONIEX-DOGE-USDT-TRADE-1024x456.png 1024w, https:\/\/coinkickoff.com\/wp-content\/uploads\/POLONIEX-DOGE-USDT-TRADE-768x342.png 768w, https:\/\/coinkickoff.com\/wp-content\/uploads\/POLONIEX-DOGE-USDT-TRADE-18x8.png 18w\" sizes=\"auto, (max-width: 1432px) 100vw, 1432px\" \/><br \/>\n<span style=\"font-weight: 400;\">Ez az, gratul\u00e1lok! Most m\u00e1r tudod, hogyan v\u00e1s\u00e1rolhatsz Dogecoin-t a Poloniexen. Ha t\u00f6bbet szeretne megtudni, n\u00e9zze meg a <a href=\"https:\/\/coinkickoff.com\/hu\/crypto-exchanges\/\">exchnage fel\u00fclvizsg\u00e1lati \u00fatmutat\u00f3k<\/a>.<\/span><\/p>\n<p>&nbsp;<\/p>","protected":false},"excerpt":{"rendered":"<p>Hogyan v\u00e1s\u00e1rolhatsz Dogecoin-t a Poloniexen Annak ellen\u00e9re, hogy az DOGE-nek nincs felhaszn\u00e1l\u00e1si ter\u00fclete, meglehet\u0151sen n\u00e9pszer\u0171, \u00e9s a legt\u00f6bb kriptot\u0151zsd\u00e9n megtal\u00e1lhat\u00f3, bele\u00e9rtve a Poloniexet is. Az coin nagyon olcs\u00f3 \u00e9s nagyj\u00e1b\u00f3l \u00e9rt\u00e9ktelen.  Ha be akarsz sz\u00e1llni a viccbe azzal, hogy v\u00e1s\u00e1rolsz n\u00e9h\u00e1ny Dogecoin-t, de nem tudod, hol kezdj [...]<\/p>","protected":false},"author":3,"featured_media":155,"parent":3196,"menu_order":0,"comment_status":"closed","ping_status":"closed","template":"","meta":{"_genesis_hide_title":false,"_genesis_hide_breadcrumbs":false,"_genesis_hide_singular_image":false,"_genesis_hide_footer_widgets":false,"_genesis_custom_body_class":"","_genesis_custom_post_class":"","_genesis_layout":"","_glsr_average":0,"_glsr_ranking":0,"_glsr_reviews":0,"footnotes":""},"class_list":{"0":"post-3394","1":"page","2":"type-page","3":"status-publish","4":"has-post-thumbnail","6":"entry"},"featured_image_src":"https:\/\/coinkickoff.com\/wp-content\/uploads\/2022\/06\/Dogecoin-DOGE-600x400.jpg","featured_image_src_square":"https:\/\/coinkickoff.com\/wp-content\/uploads\/2022\/06\/Dogecoin-DOGE-600x600.jpg","_links":{"self":[{"href":"https:\/\/coinkickoff.com\/hu\/wp-json\/wp\/v2\/pages\/3394","targetHints":{"allow":["GET"]}}],"collection":[{"href":"https:\/\/coinkickoff.com\/hu\/wp-json\/wp\/v2\/pages"}],"about":[{"href":"https:\/\/coinkickoff.com\/hu\/wp-json\/wp\/v2\/types\/page"}],"author":[{"embeddable":true,"href":"https:\/\/coinkickoff.com\/hu\/wp-json\/wp\/v2\/users\/3"}],"replies":[{"embeddable":true,"href":"https:\/\/coinkickoff.com\/hu\/wp-json\/wp\/v2\/comments?post=3394"}],"version-history":[{"count":6,"href":"https:\/\/coinkickoff.com\/hu\/wp-json\/wp\/v2\/pages\/3394\/revisions"}],"predecessor-version":[{"id":4498,"href":"https:\/\/coinkickoff.com\/hu\/wp-json\/wp\/v2\/pages\/3394\/revisions\/4498"}],"up":[{"embeddable":true,"href":"https:\/\/coinkickoff.com\/hu\/wp-json\/wp\/v2\/pages\/3196"}],"wp:featuredmedia":[{"embeddable":true,"href":"https:\/\/coinkickoff.com\/hu\/wp-json\/wp\/v2\/media\/155"}],"wp:attachment":[{"href":"https:\/\/coinkickoff.com\/hu\/wp-json\/wp\/v2\/media?parent=3394"}],"curies":[{"name":"wp","href":"https:\/\/api.w.org\/{rel}","templated":true}]}}