{"id":3285,"date":"2026-01-08T14:07:35","date_gmt":"2026-01-08T14:07:35","guid":{"rendered":"https:\/\/coinkickoff.com\/?page_id=3285"},"modified":"2026-01-08T14:07:35","modified_gmt":"2026-01-08T14:07:35","slug":"how-to-buy-dogecoin-on-okx","status":"publish","type":"page","link":"https:\/\/coinkickoff.com\/hu\/how-to-buy-dogecoin\/how-to-buy-dogecoin-on-okx\/","title":{"rendered":"Hogyan v\u00e1s\u00e1rolhat Dogecoin (DOGE) az OKX-en?"},"content":{"rendered":"<div id=\"ez-toc-container\" class=\"ez-toc-v2_0_80 counter-hierarchy ez-toc-counter ez-toc-transparent ez-toc-container-direction\">\n<div class=\"ez-toc-title-container\">\n<p class=\"ez-toc-title\" style=\"cursor:inherit\">Szakaszok<\/p>\n<span class=\"ez-toc-title-toggle\"><a href=\"#\" class=\"ez-toc-pull-right ez-toc-btn ez-toc-btn-xs ez-toc-btn-default ez-toc-toggle\" aria-label=\"Toggle Tartalomjegyz\u00e9k\"><span class=\"ez-toc-js-icon-con\"><span class=\"\"><span class=\"eztoc-hide\" style=\"display:none;\">Toggle<\/span><span class=\"ez-toc-icon-toggle-span\"><svg style=\"fill: #999;color:#999\" xmlns=\"http:\/\/www.w3.org\/2000\/svg\" class=\"list-377408\" width=\"20px\" height=\"20px\" viewbox=\"0 0 24 24\" fill=\"none\"><path d=\"M6 6H4v2h2V6zm14 0H8v2h12V6zM4 11h2v2H4v-2zm16 0H8v2h12v-2zM4 16h2v2H4v-2zm16 0H8v2h12v-2z\" fill=\"currentColor\"><\/path><\/svg><svg style=\"fill: #999;color:#999\" class=\"arrow-unsorted-368013\" xmlns=\"http:\/\/www.w3.org\/2000\/svg\" width=\"10px\" height=\"10px\" viewbox=\"0 0 24 24\" version=\"1.2\" baseprofile=\"tiny\"><path d=\"M18.2 9.3l-6.2-6.3-6.2 6.3c-.2.2-.3.4-.3.7s.1.5.3.7c.2.2.4.3.7.3h11c.3 0 .5-.1.7-.3.2-.2.3-.5.3-.7s-.1-.5-.3-.7zM5.8 14.7l6.2 6.3 6.2-6.3c.2-.2.3-.5.3-.7s-.1-.5-.3-.7c-.2-.2-.4-.3-.7-.3h-11c-.3 0-.5.1-.7.3-.2.2-.3.5-.3.7s.1.5.3.7z\"\/><\/svg><\/span><\/span><\/span><\/a><\/span><\/div>\n<nav><ul class='ez-toc-list ez-toc-list-level-1 eztoc-toggle-hide-by-default' ><li class='ez-toc-page-1 ez-toc-heading-level-2'><a class=\"ez-toc-link ez-toc-heading-1\" href=\"https:\/\/coinkickoff.com\/hu\/how-to-buy-dogecoin\/how-to-buy-dogecoin-on-okx\/#How_to_Buy_Dogecoin_on_OKX\" >Hogyan v\u00e1s\u00e1rolhat Dogecoin-t az OKX-en?<\/a><\/li><li class='ez-toc-page-1 ez-toc-heading-level-2'><a class=\"ez-toc-link ez-toc-heading-2\" href=\"https:\/\/coinkickoff.com\/hu\/how-to-buy-dogecoin\/how-to-buy-dogecoin-on-okx\/#A_Step-By-Step_Guide_on_How_to_Buy_Dogecoin_on_OKX\" >L\u00e9p\u00e9sr\u0151l l\u00e9p\u00e9sre \u00fatmutat\u00f3 az Dogecoin megv\u00e1s\u00e1rl\u00e1s\u00e1hoz az OKX-en<\/a><ul class='ez-toc-list-level-3' ><li class='ez-toc-heading-level-3'><a class=\"ez-toc-link ez-toc-heading-3\" href=\"https:\/\/coinkickoff.com\/hu\/how-to-buy-dogecoin\/how-to-buy-dogecoin-on-okx\/#1_Register_an_Account\" >1. Regisztr\u00e1ljon egy fi\u00f3kot<\/a><\/li><li class='ez-toc-page-1 ez-toc-heading-level-3'><a class=\"ez-toc-link ez-toc-heading-4\" href=\"https:\/\/coinkickoff.com\/hu\/how-to-buy-dogecoin\/how-to-buy-dogecoin-on-okx\/#2_Verify_Your_Account\" >2. Ellen\u0151rizze a fi\u00f3kj\u00e1t<\/a><\/li><li class='ez-toc-page-1 ez-toc-heading-level-3'><a class=\"ez-toc-link ez-toc-heading-5\" href=\"https:\/\/coinkickoff.com\/hu\/how-to-buy-dogecoin\/how-to-buy-dogecoin-on-okx\/#3_Deposit_FundsCrypto\" >3. Let\u00e9tbe helyezett alapok\/kripto<\/a><\/li><li class='ez-toc-page-1 ez-toc-heading-level-3'><a class=\"ez-toc-link ez-toc-heading-6\" href=\"https:\/\/coinkickoff.com\/hu\/how-to-buy-dogecoin\/how-to-buy-dogecoin-on-okx\/#4_Navigate_to_the_Relevant_Screen_to_Buy\" >4. Navig\u00e1ljon a megfelel\u0151 k\u00e9perny\u0151re a v\u00e1s\u00e1rl\u00e1shoz<\/a><\/li><\/ul><\/li><\/ul><\/nav><\/div>\n<h2><span class=\"ez-toc-section\" id=\"How_to_Buy_Dogecoin_on_OKX\"><\/span><span style=\"font-weight: 400;\">Hogyan v\u00e1s\u00e1rolhat Dogecoin-t az OKX-en?<\/span><span class=\"ez-toc-section-end\"><\/span><\/h2>\n<p><span style=\"font-weight: 400;\">Az coin-t f\u0151k\u00e9nt viccnek tervezt\u00e9k, az DOGE-nek nincs egy\u00e9rtelm\u0171 felhaszn\u00e1l\u00e1si ter\u00fclete, \u00e9s nem sok \u00e9rt\u00e9ke van. Amikor a <a href=\"https:\/\/coinkickoff.com\/hu\/dogecoin-doge\/\" data-internallinksmanager029f6b8e52c=\"14\" title=\"Milyen t\u00edpus\u00fa gy\u00f3gyszer a Dogecoin (DOGE)? Hogyan m\u0171k\u00f6dik \u00e9s hol lehet megv\u00e1s\u00e1rolni?\">Dogecoin<\/a> 2013-ban indult, senki sem sz\u00e1m\u00edtott arra, hogy ez a m\u00e9m alap\u00fa coin nagy n\u00e9pszer\u0171s\u00e9gre tesz szert. De 2021-ben, a kripto-\u0151r\u00fclet cs\u00facs\u00e1n az DOGE alaposan ki\u00e9lvezte az internetes h\u00edrn\u00e9v 15 perc\u00e9t, \u00e9s m\u00e9g mindig az egyik legh\u00edresebb digit\u00e1lis eszk\u00f6z marad. <a href=\"https:\/\/www.coindesk.com\/markets\/2023\/04\/06\/dogecoin-drops-after-elon-musks-twitter-stops-using-its-logo\/\" target=\"_blank\" rel=\"noopener\">a k\u00f6z\u00f6ss\u00e9gi m\u00e9di\u00e1nak k\u00f6sz\u00f6nhet\u0151en<\/a>.<\/span><\/p>\n<p><span style=\"font-weight: 400;\">Ha \u00d6n is r\u00e9szt akar venni a viccben, \u00e9s Dogecoin-t szeretne v\u00e1s\u00e1rolni, de nem tudja, hol kezdje, ne agg\u00f3djon. Ebben a cikkben elmagyar\u00e1zzuk, hogyan v\u00e1s\u00e1rolhatsz Dogecoin-t a <a href=\"https:\/\/www.okx.com\/join\/65358827\" target=\"_blank\" rel=\"noopener\">OKX t\u0151zsde<\/a> l\u00e9p\u00e9sr\u0151l l\u00e9p\u00e9sre. Itt is vagyunk.<\/span><\/p>\n<h2><span class=\"ez-toc-section\" id=\"A_Step-By-Step_Guide_on_How_to_Buy_Dogecoin_on_OKX\"><\/span><span style=\"font-weight: 400;\">L\u00e9p\u00e9sr\u0151l l\u00e9p\u00e9sre \u00fatmutat\u00f3 az Dogecoin megv\u00e1s\u00e1rl\u00e1s\u00e1hoz az OKX-en<\/span><span class=\"ez-toc-section-end\"><\/span><\/h2>\n<h3><span class=\"ez-toc-section\" id=\"1_Register_an_Account\"><\/span><span style=\"font-weight: 400;\">1. Regisztr\u00e1ljon egy fi\u00f3kot<\/span><span class=\"ez-toc-section-end\"><\/span><\/h3>\n<p><span style=\"font-weight: 400;\">El\u0151sz\u00f6r is, menjen a <a href=\"https:\/\/coinkickoff.com\/hu\/okx-review\/\" data-internallinksmanager029f6b8e52c=\"150\" title=\"OKX V\u00e9lem\u00e9nyek 2023: D\u00edjak, jellemz\u0151k, biztons\u00e1g, el\u0151ny\u00f6k \u00e9s h\u00e1tr\u00e1nyok\">OKX<\/a>hivatalos honlapj\u00e1n, \u00e9s kattintson a \"Regisztr\u00e1ci\u00f3\" gombra a fi\u00f3k l\u00e9trehoz\u00e1s\u00e1hoz.\u00a0<\/span><\/p>\n<p><img loading=\"lazy\" decoding=\"async\" class=\"alignnone wp-image-3286 size-full\" src=\"https:\/\/coinkickoff.com\/wp-content\/uploads\/okx-sign-up.png\" alt=\"hogyan lehet v\u00e1s\u00e1rolni dogecoin az okx regisztr\u00e1ci\u00f3n\" width=\"1410\" height=\"721\" srcset=\"https:\/\/coinkickoff.com\/wp-content\/uploads\/okx-sign-up.png 1410w, https:\/\/coinkickoff.com\/wp-content\/uploads\/okx-sign-up-300x153.png 300w, https:\/\/coinkickoff.com\/wp-content\/uploads\/okx-sign-up-1024x524.png 1024w, https:\/\/coinkickoff.com\/wp-content\/uploads\/okx-sign-up-768x393.png 768w, https:\/\/coinkickoff.com\/wp-content\/uploads\/okx-sign-up-18x9.png 18w\" sizes=\"auto, (max-width: 1410px) 100vw, 1410px\" \/><\/p>\n<p><span style=\"font-weight: 400;\">Az OKX-fi\u00f3k megnyit\u00e1sa mind\u00f6ssze egy percet vesz ig\u00e9nybe: Regisztr\u00e1lhat egy e-mail c\u00edmmel vagy telefonsz\u00e1mmal. Regisztr\u00e1lhatsz a Google vagy a Telegram seg\u00edts\u00e9g\u00e9vel is.\u00a0\u00a0<\/span><\/p>\n<h3><span class=\"ez-toc-section\" id=\"2_Verify_Your_Account\"><\/span><span style=\"font-weight: 400;\">2. Ellen\u0151rizze a fi\u00f3kj\u00e1t<\/span><span class=\"ez-toc-section-end\"><\/span><\/h3>\n<p><span style=\"font-weight: 400;\">Az OKX-en t\u00f6rt\u00e9n\u0151 kriptokeresked\u00e9shez nem kell igazolnia szem\u00e9lyazonoss\u00e1g\u00e1t. Elk\u00fcldheti digit\u00e1lis eszk\u00f6zeit az OKX sz\u00e1ml\u00e1j\u00e1ra, \u00e9s azonnal elkezdheti a keresked\u00e9st a platformon.<\/span><\/p>\n<p><span style=\"font-weight: 400;\">Ha azonban kriptovalut\u00e1t szeretne v\u00e1s\u00e1rolni a platformon fiat valut\u00e1val, akkor teljes\u00edtenie kell a szem\u00e9lyazonoss\u00e1gi ellen\u0151rz\u00e9st. Kattintson a jobb fels\u0151 sarokban l\u00e9v\u0151 profiljelre, \u00e9s v\u00e1lassza az \"\u00c1ttekint\u00e9s\" lehet\u0151s\u00e9get.\u00a0<\/span><\/p>\n<p><img loading=\"lazy\" decoding=\"async\" class=\"alignnone wp-image-3287 size-full\" src=\"https:\/\/coinkickoff.com\/wp-content\/uploads\/okx-verif.png\" alt=\"\" width=\"1417\" height=\"694\" srcset=\"https:\/\/coinkickoff.com\/wp-content\/uploads\/okx-verif.png 1417w, https:\/\/coinkickoff.com\/wp-content\/uploads\/okx-verif-300x147.png 300w, https:\/\/coinkickoff.com\/wp-content\/uploads\/okx-verif-1024x502.png 1024w, https:\/\/coinkickoff.com\/wp-content\/uploads\/okx-verif-768x376.png 768w, https:\/\/coinkickoff.com\/wp-content\/uploads\/okx-verif-18x9.png 18w\" sizes=\"auto, (max-width: 1417px) 100vw, 1417px\" \/><\/p>\n<p><span style=\"font-weight: 400;\">A folyamat elind\u00edt\u00e1s\u00e1hoz v\u00e1lassza az ellen\u0151rz\u00e9s lapot.<\/span><\/p>\n<p><img loading=\"lazy\" decoding=\"async\" class=\"alignnone wp-image-3288 size-full\" src=\"https:\/\/coinkickoff.com\/wp-content\/uploads\/okx-ver2.png\" alt=\"\" width=\"1426\" height=\"486\" srcset=\"https:\/\/coinkickoff.com\/wp-content\/uploads\/okx-ver2.png 1426w, https:\/\/coinkickoff.com\/wp-content\/uploads\/okx-ver2-300x102.png 300w, https:\/\/coinkickoff.com\/wp-content\/uploads\/okx-ver2-1024x349.png 1024w, https:\/\/coinkickoff.com\/wp-content\/uploads\/okx-ver2-768x262.png 768w, https:\/\/coinkickoff.com\/wp-content\/uploads\/okx-ver2-18x6.png 18w\" sizes=\"auto, (max-width: 1426px) 100vw, 1426px\" \/><\/p>\n<p><span style=\"font-weight: 400;\">V\u00e1lassza ki az egy\u00e9ni fi\u00f3kot, \u00e9s kattintson a \"Folytat\u00e1s\" gombra.<\/span><\/p>\n<p><img loading=\"lazy\" decoding=\"async\" class=\"alignnone wp-image-3289 size-full\" src=\"https:\/\/coinkickoff.com\/wp-content\/uploads\/okx-ver3.png\" alt=\"\" width=\"1427\" height=\"666\" srcset=\"https:\/\/coinkickoff.com\/wp-content\/uploads\/okx-ver3.png 1427w, https:\/\/coinkickoff.com\/wp-content\/uploads\/okx-ver3-300x140.png 300w, https:\/\/coinkickoff.com\/wp-content\/uploads\/okx-ver3-1024x478.png 1024w, https:\/\/coinkickoff.com\/wp-content\/uploads\/okx-ver3-768x358.png 768w, https:\/\/coinkickoff.com\/wp-content\/uploads\/okx-ver3-18x8.png 18w\" sizes=\"auto, (max-width: 1427px) 100vw, 1427px\" \/><\/p>\n<p><span style=\"font-weight: 400;\">Az OKX val\u00f3sz\u00edn\u0171leg a valaha volt legegyszer\u0171bb szem\u00e9lyazonoss\u00e1g-ellen\u0151rz\u00e9si elj\u00e1r\u00e1ssal rendelkezik, mivel a platform m\u00e9g f\u00e9nyk\u00e9pes igazolv\u00e1nyt sem k\u00e9r. Egyszer\u0171en \u00edrja le a nev\u00e9t, v\u00e1lassza ki az azonos\u00edt\u00f3 t\u00edpus\u00e1t, \u00e9s adja meg az azonos\u00edt\u00f3 sz\u00e1m\u00e1t. Kattintson a \"Bek\u00fcld\u00e9s\" gombra, \u00e9s m\u00e1r k\u00e9sz is van.<\/span><\/p>\n<h3><span class=\"ez-toc-section\" id=\"3_Deposit_FundsCrypto\"><\/span><span style=\"font-weight: 400;\">3. Let\u00e9tbe helyezett alapok\/kripto<\/span><span class=\"ez-toc-section-end\"><\/span><\/h3>\n<p><span style=\"font-weight: 400;\">Miut\u00e1n befejezte a szem\u00e9lyazonoss\u00e1g ellen\u0151rz\u00e9s\u00e9t, befizethet fiat valut\u00e1t a sz\u00e1ml\u00e1j\u00e1ra, vagy megv\u00e1s\u00e1rolhatja az DOGE-t hitelk\u00e1rty\u00e1val vagy m\u00e1s fizet\u00e9si m\u00f3ddal.\u00a0<\/span><\/p>\n<p><span style=\"font-weight: 400;\">Kattintson a profilja log\u00f3j\u00e1ra, \u00e9s v\u00e1lassza az \"\u00c1ttekint\u00e9s\" lehet\u0151s\u00e9get a befizet\u00e9si \u00e9s v\u00e1s\u00e1rl\u00e1si lehet\u0151s\u00e9gek kiv\u00e1laszt\u00e1s\u00e1hoz. Ha befizet\u00e9st szeretne tenni, kattintson a \"Befizet\u00e9s\" gombra.<\/span><\/p>\n<p><img loading=\"lazy\" decoding=\"async\" class=\"alignnone wp-image-3290 size-full\" src=\"https:\/\/coinkickoff.com\/wp-content\/uploads\/okx-verif-1.png\" alt=\"\" width=\"1417\" height=\"694\" srcset=\"https:\/\/coinkickoff.com\/wp-content\/uploads\/okx-verif-1.png 1417w, https:\/\/coinkickoff.com\/wp-content\/uploads\/okx-verif-1-300x147.png 300w, https:\/\/coinkickoff.com\/wp-content\/uploads\/okx-verif-1-1024x502.png 1024w, https:\/\/coinkickoff.com\/wp-content\/uploads\/okx-verif-1-768x376.png 768w, https:\/\/coinkickoff.com\/wp-content\/uploads\/okx-verif-1-18x9.png 18w\" sizes=\"auto, (max-width: 1417px) 100vw, 1417px\" \/><\/p>\n<h3><span class=\"ez-toc-section\" id=\"4_Navigate_to_the_Relevant_Screen_to_Buy\"><\/span><span style=\"font-weight: 400;\">4. Navig\u00e1ljon a megfelel\u0151 k\u00e9perny\u0151re a v\u00e1s\u00e1rl\u00e1shoz<\/span><span class=\"ez-toc-section-end\"><\/span><\/h3>\n<p><span style=\"font-weight: 400;\">Az \u00e1ttekint\u0151 oldalon v\u00e1lassza a \"V\u00e1s\u00e1rl\u00e1s k\u00e1rty\u00e1val\" lehet\u0151s\u00e9get. Ez elviszi \u00d6nt az egyszer\u0171 v\u00e1s\u00e1rl\u00e1s\/elad\u00e1s oldalra.<\/span><\/p>\n<p><img loading=\"lazy\" decoding=\"async\" class=\"alignnone wp-image-3291 size-full\" src=\"https:\/\/coinkickoff.com\/wp-content\/uploads\/Screen-Shot-2023-03-24-at-5.59.53-AM-e1686184973371.png\" alt=\"\" width=\"1428\" height=\"802\" srcset=\"https:\/\/coinkickoff.com\/wp-content\/uploads\/Screen-Shot-2023-03-24-at-5.59.53-AM-e1686184973371.png 1428w, https:\/\/coinkickoff.com\/wp-content\/uploads\/Screen-Shot-2023-03-24-at-5.59.53-AM-e1686184973371-300x168.png 300w, https:\/\/coinkickoff.com\/wp-content\/uploads\/Screen-Shot-2023-03-24-at-5.59.53-AM-e1686184973371-1024x575.png 1024w, https:\/\/coinkickoff.com\/wp-content\/uploads\/Screen-Shot-2023-03-24-at-5.59.53-AM-e1686184973371-768x431.png 768w, https:\/\/coinkickoff.com\/wp-content\/uploads\/Screen-Shot-2023-03-24-at-5.59.53-AM-e1686184973371-18x10.png 18w, https:\/\/coinkickoff.com\/wp-content\/uploads\/Screen-Shot-2023-03-24-at-5.59.53-AM-e1686184973371-600x338.png 600w\" sizes=\"auto, (max-width: 1428px) 100vw, 1428px\" \/><\/p>\n<p><span style=\"font-weight: 400;\">Adja meg, hogy mennyit szeretne k\u00f6lteni a v\u00e1s\u00e1rl\u00e1sra, \u00e9s v\u00e1lassza ki a megv\u00e1s\u00e1rolni k\u00edv\u00e1nt kriptovalut\u00e1t (DOGE). Kattintson a \"Doge megv\u00e1s\u00e1rl\u00e1sa\" gombra.<\/span><\/p>\n<p><img loading=\"lazy\" decoding=\"async\" class=\"alignnone wp-image-3292 size-full\" src=\"https:\/\/coinkickoff.com\/wp-content\/uploads\/buydogeend.png\" alt=\"\" width=\"1432\" height=\"798\" srcset=\"https:\/\/coinkickoff.com\/wp-content\/uploads\/buydogeend.png 1432w, https:\/\/coinkickoff.com\/wp-content\/uploads\/buydogeend-300x167.png 300w, https:\/\/coinkickoff.com\/wp-content\/uploads\/buydogeend-1024x571.png 1024w, https:\/\/coinkickoff.com\/wp-content\/uploads\/buydogeend-768x428.png 768w, https:\/\/coinkickoff.com\/wp-content\/uploads\/buydogeend-18x10.png 18w\" sizes=\"auto, (max-width: 1432px) 100vw, 1432px\" \/><\/p>\n<p><span style=\"font-weight: 400;\">A k\u00f6vetkez\u0151 oldalon kiv\u00e1laszthatja a m\u00f3dszert, \u00e9s l\u00e1thatja a v\u00e1s\u00e1rl\u00e1s \u00f6sszegz\u00e9s\u00e9t, bele\u00e9rtve azt is, hogy mennyi DOGE-t fog kapni, amint befejezte a tranzakci\u00f3t.<\/span><\/p>\n<p><span style=\"font-weight: 400;\">A fizet\u00e9si m\u00f3dok az elk\u00f6lteni k\u00edv\u00e1nt fiat valut\u00e1t\u00f3l f\u00fcgg\u0151en v\u00e1ltoznak. Amint l\u00e1thatja, sz\u00e1mos lehet\u0151s\u00e9g k\u00f6z\u00fcl v\u00e1laszthat, t\u00f6bbek k\u00f6z\u00f6tt a Payoneer, a Revolut, az AirTM \u00e9s m\u00e9g sok m\u00e1s. Olyan harmadik f\u00e9lt\u0151l sz\u00e1rmaz\u00f3 szolg\u00e1ltat\u00f3kat is v\u00e1laszthat, mint a Simplex \u00e9s a Banxa.<\/span><\/p>\n<p><span style=\"font-weight: 400;\">A v\u00e1s\u00e1rl\u00e1s v\u00e9gleges\u00edt\u00e9s\u00e9hez kattintson a \"Verify\" (Ellen\u0151rizni) gombra. Gratul\u00e1lunk!<\/span><\/p>\n<p><span style=\"font-weight: 400;\">Tov\u00e1bbi inform\u00e1ci\u00f3k\u00e9rt tekintse meg a k\u00f6vetkez\u0151 cikkeket <a href=\"https:\/\/coinkickoff.com\/hu\/dogecoin-doge\/\">Dogecoin<\/a> \u00e9s a <a href=\"https:\/\/coinkickoff.com\/hu\/?s=okx+review\">OKX t\u0151zsde<\/a>.<\/span><\/p>","protected":false},"excerpt":{"rendered":"<p>Hogyan lehet megv\u00e1s\u00e1rolni az Dogecoin-t az OKX-en Az coin-t els\u0151sorban viccnek tervezt\u00e9k, az DOGE-nek nincs egy\u00e9rtelm\u0171 felhaszn\u00e1l\u00e1si esete vagy nagy \u00e9rt\u00e9ke. Amikor az Dogecoin 2013-ban elindult, senki sem sz\u00e1m\u00edtott arra, hogy ez a m\u00e9m alap\u00fa coin nagy vonzer\u0151t fog nyerni. De 2021-ben, a kripto-\u0151r\u00fclet cs\u00facs\u00e1n az DOGE alaposan ki\u00e9lvezte az internetes h\u00edrn\u00e9v 15 perc\u00e9t, \u00e9s [...]<\/p>","protected":false},"author":3,"featured_media":3291,"parent":3196,"menu_order":0,"comment_status":"closed","ping_status":"closed","template":"","meta":{"_genesis_hide_title":false,"_genesis_hide_breadcrumbs":false,"_genesis_hide_singular_image":false,"_genesis_hide_footer_widgets":false,"_genesis_custom_body_class":"","_genesis_custom_post_class":"","_genesis_layout":"","_glsr_average":0,"_glsr_ranking":0,"_glsr_reviews":0,"footnotes":""},"class_list":{"0":"post-3285","1":"page","2":"type-page","3":"status-publish","4":"has-post-thumbnail","6":"entry"},"featured_image_src":"https:\/\/coinkickoff.com\/wp-content\/uploads\/Screen-Shot-2023-03-24-at-5.59.53-AM-e1686184973371-600x400.png","featured_image_src_square":"https:\/\/coinkickoff.com\/wp-content\/uploads\/Screen-Shot-2023-03-24-at-5.59.53-AM-e1686184973371-600x600.png","_links":{"self":[{"href":"https:\/\/coinkickoff.com\/hu\/wp-json\/wp\/v2\/pages\/3285","targetHints":{"allow":["GET"]}}],"collection":[{"href":"https:\/\/coinkickoff.com\/hu\/wp-json\/wp\/v2\/pages"}],"about":[{"href":"https:\/\/coinkickoff.com\/hu\/wp-json\/wp\/v2\/types\/page"}],"author":[{"embeddable":true,"href":"https:\/\/coinkickoff.com\/hu\/wp-json\/wp\/v2\/users\/3"}],"replies":[{"embeddable":true,"href":"https:\/\/coinkickoff.com\/hu\/wp-json\/wp\/v2\/comments?post=3285"}],"version-history":[{"count":4,"href":"https:\/\/coinkickoff.com\/hu\/wp-json\/wp\/v2\/pages\/3285\/revisions"}],"predecessor-version":[{"id":4497,"href":"https:\/\/coinkickoff.com\/hu\/wp-json\/wp\/v2\/pages\/3285\/revisions\/4497"}],"up":[{"embeddable":true,"href":"https:\/\/coinkickoff.com\/hu\/wp-json\/wp\/v2\/pages\/3196"}],"wp:featuredmedia":[{"embeddable":true,"href":"https:\/\/coinkickoff.com\/hu\/wp-json\/wp\/v2\/media\/3291"}],"wp:attachment":[{"href":"https:\/\/coinkickoff.com\/hu\/wp-json\/wp\/v2\/media?parent=3285"}],"curies":[{"name":"wp","href":"https:\/\/api.w.org\/{rel}","templated":true}]}}