{"id":3268,"date":"2026-01-08T14:07:33","date_gmt":"2026-01-08T14:07:33","guid":{"rendered":"https:\/\/coinkickoff.com\/?page_id=3268"},"modified":"2026-01-08T14:07:33","modified_gmt":"2026-01-08T14:07:33","slug":"how-to-buy-dogecoin-on-kucoin","status":"publish","type":"page","link":"https:\/\/coinkickoff.com\/hu\/how-to-buy-dogecoin\/how-to-buy-dogecoin-on-kucoin\/","title":{"rendered":"Hogyan v\u00e1s\u00e1rolhat Dogecoin (DOGE) a Kucoin oldalon?"},"content":{"rendered":"<div id=\"ez-toc-container\" class=\"ez-toc-v2_0_80 counter-hierarchy ez-toc-counter ez-toc-transparent ez-toc-container-direction\">\n<div class=\"ez-toc-title-container\">\n<p class=\"ez-toc-title\" style=\"cursor:inherit\">Szakaszok<\/p>\n<span class=\"ez-toc-title-toggle\"><a href=\"#\" class=\"ez-toc-pull-right ez-toc-btn ez-toc-btn-xs ez-toc-btn-default ez-toc-toggle\" aria-label=\"Toggle Tartalomjegyz\u00e9k\"><span class=\"ez-toc-js-icon-con\"><span class=\"\"><span class=\"eztoc-hide\" style=\"display:none;\">Toggle<\/span><span class=\"ez-toc-icon-toggle-span\"><svg style=\"fill: #999;color:#999\" xmlns=\"http:\/\/www.w3.org\/2000\/svg\" class=\"list-377408\" width=\"20px\" height=\"20px\" viewbox=\"0 0 24 24\" fill=\"none\"><path d=\"M6 6H4v2h2V6zm14 0H8v2h12V6zM4 11h2v2H4v-2zm16 0H8v2h12v-2zM4 16h2v2H4v-2zm16 0H8v2h12v-2z\" fill=\"currentColor\"><\/path><\/svg><svg style=\"fill: #999;color:#999\" class=\"arrow-unsorted-368013\" xmlns=\"http:\/\/www.w3.org\/2000\/svg\" width=\"10px\" height=\"10px\" viewbox=\"0 0 24 24\" version=\"1.2\" baseprofile=\"tiny\"><path d=\"M18.2 9.3l-6.2-6.3-6.2 6.3c-.2.2-.3.4-.3.7s.1.5.3.7c.2.2.4.3.7.3h11c.3 0 .5-.1.7-.3.2-.2.3-.5.3-.7s-.1-.5-.3-.7zM5.8 14.7l6.2 6.3 6.2-6.3c.2-.2.3-.5.3-.7s-.1-.5-.3-.7c-.2-.2-.4-.3-.7-.3h-11c-.3 0-.5.1-.7.3-.2.2-.3.5-.3.7s.1.5.3.7z\"\/><\/svg><\/span><\/span><\/span><\/a><\/span><\/div>\n<nav><ul class='ez-toc-list ez-toc-list-level-1 eztoc-toggle-hide-by-default' ><li class='ez-toc-page-1 ez-toc-heading-level-2'><a class=\"ez-toc-link ez-toc-heading-1\" href=\"https:\/\/coinkickoff.com\/hu\/how-to-buy-dogecoin\/how-to-buy-dogecoin-on-kucoin\/#How_to_Buy_Dogecoin_on_Kucoin\" >Hogyan lehet megv\u00e1s\u00e1rolni az Dogecoin-t a Kucoin oldalon?<\/a><\/li><li class='ez-toc-page-1 ez-toc-heading-level-2'><a class=\"ez-toc-link ez-toc-heading-2\" href=\"https:\/\/coinkickoff.com\/hu\/how-to-buy-dogecoin\/how-to-buy-dogecoin-on-kucoin\/#A_Step-By-Step_Guide_on_How_to_Buy_Dogecoin_on_Kucoin\" >L\u00e9p\u00e9sr\u0151l l\u00e9p\u00e9sre \u00fatmutat\u00f3 az Dogecoin megv\u00e1s\u00e1rl\u00e1s\u00e1hoz a Kucoin oldalon<\/a><ul class='ez-toc-list-level-3' ><li class='ez-toc-heading-level-3'><a class=\"ez-toc-link ez-toc-heading-3\" href=\"https:\/\/coinkickoff.com\/hu\/how-to-buy-dogecoin\/how-to-buy-dogecoin-on-kucoin\/#1_Register_an_Account\" >1. Regisztr\u00e1ljon egy fi\u00f3kot<\/a><\/li><li class='ez-toc-page-1 ez-toc-heading-level-3'><a class=\"ez-toc-link ez-toc-heading-4\" href=\"https:\/\/coinkickoff.com\/hu\/how-to-buy-dogecoin\/how-to-buy-dogecoin-on-kucoin\/#2_Verify_Your_Account\" >2. Ellen\u0151rizze a fi\u00f3kj\u00e1t<\/a><\/li><li class='ez-toc-page-1 ez-toc-heading-level-3'><a class=\"ez-toc-link ez-toc-heading-5\" href=\"https:\/\/coinkickoff.com\/hu\/how-to-buy-dogecoin\/how-to-buy-dogecoin-on-kucoin\/#3_Deposit_FundsCrypto\" >3. Let\u00e9tbe helyezett alapok\/kripto<\/a><\/li><li class='ez-toc-page-1 ez-toc-heading-level-3'><a class=\"ez-toc-link ez-toc-heading-6\" href=\"https:\/\/coinkickoff.com\/hu\/how-to-buy-dogecoin\/how-to-buy-dogecoin-on-kucoin\/#4_Navigate_to_the_Relevant_Screen_to_Buy\" >4. Navig\u00e1ljon a megfelel\u0151 k\u00e9perny\u0151re a v\u00e1s\u00e1rl\u00e1shoz<\/a><ul class='ez-toc-list-level-4' ><li class='ez-toc-heading-level-4'><a class=\"ez-toc-link ez-toc-heading-7\" href=\"https:\/\/coinkickoff.com\/hu\/how-to-buy-dogecoin\/how-to-buy-dogecoin-on-kucoin\/#Fast_TradeOne-click_Buy\" >Gyors kereskedelem\/egy kattint\u00e1ssal t\u00f6rt\u00e9n\u0151 v\u00e1s\u00e1rl\u00e1s<\/a><\/li><li class='ez-toc-page-1 ez-toc-heading-level-4'><a class=\"ez-toc-link ez-toc-heading-8\" href=\"https:\/\/coinkickoff.com\/hu\/how-to-buy-dogecoin\/how-to-buy-dogecoin-on-kucoin\/#Third-Party\" >Harmadik f\u00e9l<\/a><\/li><li class='ez-toc-page-1 ez-toc-heading-level-4'><a class=\"ez-toc-link ez-toc-heading-9\" href=\"https:\/\/coinkickoff.com\/hu\/how-to-buy-dogecoin\/how-to-buy-dogecoin-on-kucoin\/#P2P_Market\" >P2P piac<\/a><\/li><\/ul><\/li><\/ul><\/li><\/ul><\/nav><\/div>\n<h2><span class=\"ez-toc-section\" id=\"How_to_Buy_Dogecoin_on_Kucoin\"><\/span>Hogyan lehet megv\u00e1s\u00e1rolni az Dogecoin-t a Kucoin oldalon?<span class=\"ez-toc-section-end\"><\/span><\/h2>\n<p><a href=\"https:\/\/coinkickoff.com\/hu\/dogecoin-doge\/\"><span style=\"font-weight: 400;\">Dogecoin<\/span><\/a><span style=\"font-weight: 400;\"> egy h\u00edres m\u00e9m coin, amelyet sz\u00e1mos t\u0151zsd\u00e9n v\u00e1s\u00e1rolhat, t\u00f6bbek k\u00f6z\u00f6tt <\/span><a href=\"https:\/\/coinkickoff.com\/hu\/kucoin-review\/\"><span style=\"font-weight: 400;\">Kucoin<\/span><\/a><span style=\"font-weight: 400;\">. <a href=\"https:\/\/coinkickoff.com\/hu\/dogecoin-doge\/\" data-internallinksmanager029f6b8e52c=\"14\" title=\"Milyen t\u00edpus\u00fa gy\u00f3gyszer a Dogecoin (DOGE)? Hogyan m\u0171k\u00f6dik \u00e9s hol lehet megv\u00e1s\u00e1rolni?\">DOGE<\/a> meglehet\u0151sen olcs\u00f3 \u00e9s k\u00f6nnyen kereskedhet\u0151.<\/span><\/p>\n<p><span style=\"font-weight: 400;\">Ha meg szeretn\u00e9 v\u00e1s\u00e1rolni az Dogecoin-t a <a href=\"https:\/\/coinkickoff.com\/hu\/kucoin-review\/\" data-internallinksmanager029f6b8e52c=\"153\" title=\"KuCoin V\u00e9lem\u00e9nyek 2023: Pro \u00e9s kontra: D\u00edjak, biztons\u00e1g, Pro \u00e9s kontra\">Kucoin<\/a> cser\u00e9re v\u00e1gyik, de nem tudja, hol kezdje, mi seg\u00edt\u00fcnk. \u00cdme egy l\u00e9p\u00e9sr\u0151l-l\u00e9p\u00e9sre t\u00f6rt\u00e9n\u0151 bont\u00e1s arr\u00f3l, hogyan v\u00e1s\u00e1rolhat Dogecoin-t a Kucoin-en.<\/span><\/p>\n<h2><span class=\"ez-toc-section\" id=\"A_Step-By-Step_Guide_on_How_to_Buy_Dogecoin_on_Kucoin\"><\/span><span style=\"font-weight: 400;\">L\u00e9p\u00e9sr\u0151l l\u00e9p\u00e9sre \u00fatmutat\u00f3 az Dogecoin megv\u00e1s\u00e1rl\u00e1s\u00e1hoz a Kucoin oldalon<\/span><span class=\"ez-toc-section-end\"><\/span><\/h2>\n<h3><span class=\"ez-toc-section\" id=\"1_Register_an_Account\"><\/span><span style=\"font-weight: 400;\">1. Regisztr\u00e1ljon egy fi\u00f3kot<\/span><span class=\"ez-toc-section-end\"><\/span><\/h3>\n<p><span style=\"font-weight: 400;\">El\u0151sz\u00f6r is, l\u00e1togasson el <\/span><a href=\"https:\/\/www.kucoin.com\/r\/af\/rMJPV3B\" target=\"_blank\" rel=\"noopener\"><span style=\"font-weight: 400;\">Kucoin hivatalos honlapja<\/span><\/a><span style=\"font-weight: 400;\"> regisztr\u00e1lni egy fi\u00f3kot.\u00a0<\/span><\/p>\n<p><img loading=\"lazy\" decoding=\"async\" class=\"alignnone wp-image-3269 size-full\" src=\"https:\/\/coinkickoff.com\/wp-content\/uploads\/kucoin-register.png\" alt=\"v\u00e1s\u00e1rolni doge a kucoin regiszteren\" width=\"1421\" height=\"788\" srcset=\"https:\/\/coinkickoff.com\/wp-content\/uploads\/kucoin-register.png 1421w, https:\/\/coinkickoff.com\/wp-content\/uploads\/kucoin-register-300x166.png 300w, https:\/\/coinkickoff.com\/wp-content\/uploads\/kucoin-register-1024x568.png 1024w, https:\/\/coinkickoff.com\/wp-content\/uploads\/kucoin-register-768x426.png 768w, https:\/\/coinkickoff.com\/wp-content\/uploads\/kucoin-register-18x10.png 18w\" sizes=\"auto, (max-width: 1421px) 100vw, 1421px\" \/><\/p>\n<p><span style=\"font-weight: 400;\">A Kucoin fi\u00f3k megnyit\u00e1sa nagyon egyszer\u0171: regisztr\u00e1lhat e-mail c\u00edm\u00e9vel vagy telefonsz\u00e1m\u00e1val. A Kucoin elk\u00fcld \u00d6nnek egy ellen\u0151rz\u0151 k\u00f3dot, amellyel bejelentkezhet \u00faj fi\u00f3kj\u00e1ba.<\/span><\/p>\n<h3><span class=\"ez-toc-section\" id=\"2_Verify_Your_Account\"><\/span><span style=\"font-weight: 400;\">2. Ellen\u0151rizze a fi\u00f3kj\u00e1t<\/span><span class=\"ez-toc-section-end\"><\/span><\/h3>\n<p><span style=\"font-weight: 400;\">A fi\u00f3kod ellen\u0151rz\u00e9s\u00e9hez menj a felhaszn\u00e1l\u00f3i profilodra (jobb fels\u0151 sarokban, az \"Eszk\u00f6z\u00f6k\" mellett).  A men\u00fcben kattintson a \"Szem\u00e9lyazonoss\u00e1g ellen\u0151rz\u00e9se\" men\u00fcpontra.<\/span><\/p>\n<p><img loading=\"lazy\" decoding=\"async\" class=\"alignnone wp-image-3272 size-full\" src=\"https:\/\/coinkickoff.com\/wp-content\/uploads\/kucoin-identity-verification.png\" alt=\"kucoin azonos\u00edt\u00f3 ellen\u0151rz\u00e9se 1\" width=\"1420\" height=\"785\" srcset=\"https:\/\/coinkickoff.com\/wp-content\/uploads\/kucoin-identity-verification.png 1420w, https:\/\/coinkickoff.com\/wp-content\/uploads\/kucoin-identity-verification-300x166.png 300w, https:\/\/coinkickoff.com\/wp-content\/uploads\/kucoin-identity-verification-1024x566.png 1024w, https:\/\/coinkickoff.com\/wp-content\/uploads\/kucoin-identity-verification-768x425.png 768w, https:\/\/coinkickoff.com\/wp-content\/uploads\/kucoin-identity-verification-18x10.png 18w\" sizes=\"auto, (max-width: 1420px) 100vw, 1420px\" \/><\/p>\n<p><span style=\"font-weight: 400;\">Technikailag nem kell igazolnia szem\u00e9lyazonoss\u00e1g\u00e1t ahhoz, hogy DOGE-t v\u00e1s\u00e1roljon a Kucoin platformon, ha m\u00e1r rendelkezik m\u00e1s digit\u00e1lis eszk\u00f6z\u00f6kkel.\u00a0<\/span><\/p>\n<p><span style=\"font-weight: 400;\">Ha m\u00e1r rendelkezik digit\u00e1lis eszk\u00f6z\u00f6kkel, egyszer\u0171en elk\u00fcldheti azokat a Kucoin kriptot\u00e1rc\u00e1j\u00e1ba. Ha egyszer befizetett kript\u00f3t a Kucoin sz\u00e1ml\u00e1j\u00e1ra, akkor kereskedhet ezekkel az eszk\u00f6z\u00f6kkel az Dogecoin-vel.<\/span><\/p>\n<p><span style=\"font-weight: 400;\">Azonban a fiat befizet\u00e9shez a platformra val\u00f3 befizet\u00e9shez teljes\u00edteni kell az azonos\u00edt\u00f3 ellen\u0151rz\u00e9s\u00e9t. Teh\u00e1t, ha m\u00e9g nincs kriptod, vagy ha nem akarsz kereskedni az eszk\u00f6zeiddel, akkor menj el\u0151re, \u00e9s t\u00f6ltsd ki a szem\u00e9lyazonoss\u00e1gi ellen\u0151rz\u00e9st.<\/span><\/p>\n<p><img loading=\"lazy\" decoding=\"async\" class=\"alignnone wp-image-3270 size-full\" src=\"https:\/\/coinkickoff.com\/wp-content\/uploads\/kucoin-id-verification-2.png\" alt=\"kucoin szem\u00e9lyazonoss\u00e1g ellen\u0151rz\u00e9se 2\" width=\"1407\" height=\"706\" srcset=\"https:\/\/coinkickoff.com\/wp-content\/uploads\/kucoin-id-verification-2.png 1407w, https:\/\/coinkickoff.com\/wp-content\/uploads\/kucoin-id-verification-2-300x151.png 300w, https:\/\/coinkickoff.com\/wp-content\/uploads\/kucoin-id-verification-2-1024x514.png 1024w, https:\/\/coinkickoff.com\/wp-content\/uploads\/kucoin-id-verification-2-768x385.png 768w, https:\/\/coinkickoff.com\/wp-content\/uploads\/kucoin-id-verification-2-18x9.png 18w\" sizes=\"auto, (max-width: 1407px) 100vw, 1407px\" \/><\/p>\n<p><span style=\"font-weight: 400;\">A Kucoin egy 3 l\u00e9p\u00e9ses egyszer\u0171s\u00edtett szem\u00e9lyazonoss\u00e1g-ellen\u0151rz\u00e9si folyamatot tartalmaz, amely a szem\u00e9lyes adatok megad\u00e1s\u00e1b\u00f3l, egy korm\u00e1nyzati szem\u00e9lyazonos\u00edt\u00f3 felt\u00f6lt\u00e9s\u00e9b\u0151l \u00e9s az arcellen\u0151rz\u00e9s befejez\u00e9s\u00e9b\u0151l \u00e1ll.<\/span><\/p>\n<p><span style=\"font-weight: 400;\">Kezdje a szem\u00e9lyes adatok megad\u00e1s\u00e1val, majd egyszer\u0171en kattintson a \"Tov\u00e1bb\" gombra a k\u00f6vetkez\u0151 l\u00e9p\u00e9shez.<\/span><\/p>\n<p><img loading=\"lazy\" decoding=\"async\" class=\"alignnone wp-image-3271 size-full\" src=\"https:\/\/coinkickoff.com\/wp-content\/uploads\/kucoin-id-verification-3.png\" alt=\"kucoin azonos\u00edt\u00f3 ellen\u0151rz\u00e9se 3\" width=\"1412\" height=\"789\" srcset=\"https:\/\/coinkickoff.com\/wp-content\/uploads\/kucoin-id-verification-3.png 1412w, https:\/\/coinkickoff.com\/wp-content\/uploads\/kucoin-id-verification-3-300x168.png 300w, https:\/\/coinkickoff.com\/wp-content\/uploads\/kucoin-id-verification-3-1024x572.png 1024w, https:\/\/coinkickoff.com\/wp-content\/uploads\/kucoin-id-verification-3-768x429.png 768w, https:\/\/coinkickoff.com\/wp-content\/uploads\/kucoin-id-verification-3-18x10.png 18w\" sizes=\"auto, (max-width: 1412px) 100vw, 1412px\" \/><\/p>\n<h3><span class=\"ez-toc-section\" id=\"3_Deposit_FundsCrypto\"><\/span><span style=\"font-weight: 400;\">3. Let\u00e9tbe helyezett alapok\/kripto<\/span><span class=\"ez-toc-section-end\"><\/span><\/h3>\n<p><span style=\"font-weight: 400;\">A Kucoin sz\u00e1ml\u00e1j\u00e1ra t\u00f6bbf\u00e9lek\u00e9ppen is befizethet kript\u00f3t. Kattints az oldal jobb fels\u0151 sark\u00e1ban tal\u00e1lhat\u00f3 \"Eszk\u00f6z\u00f6k\" men\u00fcpontra, \u00e9s v\u00e1laszd a \"Befizet\u00e9s\" opci\u00f3t a leg\u00f6rd\u00fcl\u0151 men\u00fcb\u0151l. Elmehetsz az \"Eszk\u00f6z\u00f6k \u00e1ttekint\u00e9se\" oldalra is, \u00e9s kattinthatsz a \"Befizet\u00e9s\" gombra.<\/span><\/p>\n<p><img loading=\"lazy\" decoding=\"async\" class=\"alignnone wp-image-3273 size-full\" src=\"https:\/\/coinkickoff.com\/wp-content\/uploads\/kucoin-deposit.png\" alt=\"kucoin let\u00e9ti alapok 1\" width=\"1427\" height=\"758\" srcset=\"https:\/\/coinkickoff.com\/wp-content\/uploads\/kucoin-deposit.png 1427w, https:\/\/coinkickoff.com\/wp-content\/uploads\/kucoin-deposit-300x159.png 300w, https:\/\/coinkickoff.com\/wp-content\/uploads\/kucoin-deposit-1024x544.png 1024w, https:\/\/coinkickoff.com\/wp-content\/uploads\/kucoin-deposit-768x408.png 768w, https:\/\/coinkickoff.com\/wp-content\/uploads\/kucoin-deposit-18x10.png 18w\" sizes=\"auto, (max-width: 1427px) 100vw, 1427px\" \/><\/p>\n<p><span style=\"font-weight: 400;\">Miut\u00e1n r\u00e1kattintott a befizet\u00e9sre, megkeresheti p\u00e9ld\u00e1ul a platformra k\u00fcldend\u0151 coin-t, <a href=\"https:\/\/coinkickoff.com\/hu\/tether-usdt\/\" data-internallinksmanager029f6b8e52c=\"3\" title=\"Mi az Tether (USDT)? Hogyan m\u0171k\u00f6dik \u00e9s hol lehet megv\u00e1s\u00e1rolni?\">USDT<\/a>. Megkapja a let\u00e9ti c\u00edmet, amellyel elk\u00fcldheti az coins-t a platformra.\u00a0<\/span><\/p>\n<p><span style=\"font-weight: 400;\">A Kucoin t\u00f6bb mint 70 fizet\u00e9si m\u00f3dot t\u00e1mogat, \u00edgy sz\u00e1mos lehet\u0151s\u00e9ged van a platformon t\u00f6rt\u00e9n\u0151 kriptov\u00e1s\u00e1rl\u00e1sra. El\u0151fordulhat, hogy n\u00e9h\u00e1ny m\u00f3dszer nem \u00e1ll rendelkez\u00e9sre az \u00d6n tart\u00f3zkod\u00e1si hely\u00e9t\u0151l f\u00fcgg\u0151en, de \u00e1ltal\u00e1ban mindenki sz\u00e1m\u00e1ra van olyan lehet\u0151s\u00e9g, ami m\u0171k\u00f6dik.<\/span><\/p>\n<h3><span class=\"ez-toc-section\" id=\"4_Navigate_to_the_Relevant_Screen_to_Buy\"><\/span><span style=\"font-weight: 400;\">4. Navig\u00e1ljon a megfelel\u0151 k\u00e9perny\u0151re a v\u00e1s\u00e1rl\u00e1shoz<\/span><span class=\"ez-toc-section-end\"><\/span><\/h3>\n<p><img loading=\"lazy\" decoding=\"async\" class=\"alignnone wp-image-3274 size-full\" src=\"https:\/\/coinkickoff.com\/wp-content\/uploads\/kucoin-buy-crypto.png\" alt=\"kucoin k\u00e9perny\u0151 v\u00e1s\u00e1rl\u00e1s\" width=\"1418\" height=\"692\" srcset=\"https:\/\/coinkickoff.com\/wp-content\/uploads\/kucoin-buy-crypto.png 1418w, https:\/\/coinkickoff.com\/wp-content\/uploads\/kucoin-buy-crypto-300x146.png 300w, https:\/\/coinkickoff.com\/wp-content\/uploads\/kucoin-buy-crypto-1024x500.png 1024w, https:\/\/coinkickoff.com\/wp-content\/uploads\/kucoin-buy-crypto-768x375.png 768w, https:\/\/coinkickoff.com\/wp-content\/uploads\/kucoin-buy-crypto-18x9.png 18w\" sizes=\"auto, (max-width: 1418px) 100vw, 1418px\" \/><\/p>\n<h4><span class=\"ez-toc-section\" id=\"Fast_TradeOne-click_Buy\"><\/span><span style=\"font-weight: 400;\">Gyors kereskedelem\/egy kattint\u00e1ssal t\u00f6rt\u00e9n\u0151 v\u00e1s\u00e1rl\u00e1s<\/span><span class=\"ez-toc-section-end\"><\/span><\/h4>\n<p><span style=\"font-weight: 400;\">A Kucoin-n t\u00f6bbf\u00e9lek\u00e9ppen is v\u00e1s\u00e1rolhatsz kript\u00f3t. Bankk\u00e1rty\u00e1t vagy banksz\u00e1ml\u00e1t k\u00f6thet \u00f6ssze, hogy fiat valut\u00e1t fizessen be a platformra. A Kucoin sz\u00e1mos fiat valut\u00e1t elfogad, k\u00f6zt\u00fck az USD, EUR, GBP \u00e9s AUD valut\u00e1kat. Az eur\u00f3pai lakosok a SEPA-t haszn\u00e1lhatj\u00e1k a sz\u00e1ml\u00e1jukra t\u00f6rt\u00e9n\u0151 \u00e1tutal\u00e1shoz.\u00a0<\/span><\/p>\n<p><img loading=\"lazy\" decoding=\"async\" class=\"alignnone wp-image-3275 size-full\" src=\"https:\/\/coinkickoff.com\/wp-content\/uploads\/kucoin-buy-crypto-one-click.png\" alt=\"kucoin egy kattint\u00e1ssal megv\u00e1s\u00e1rolhat\u00f3\" width=\"1421\" height=\"770\" srcset=\"https:\/\/coinkickoff.com\/wp-content\/uploads\/kucoin-buy-crypto-one-click.png 1421w, https:\/\/coinkickoff.com\/wp-content\/uploads\/kucoin-buy-crypto-one-click-300x163.png 300w, https:\/\/coinkickoff.com\/wp-content\/uploads\/kucoin-buy-crypto-one-click-1024x555.png 1024w, https:\/\/coinkickoff.com\/wp-content\/uploads\/kucoin-buy-crypto-one-click-768x416.png 768w, https:\/\/coinkickoff.com\/wp-content\/uploads\/kucoin-buy-crypto-one-click-18x10.png 18w\" sizes=\"auto, (max-width: 1421px) 100vw, 1421px\" \/><\/p>\n<p><span style=\"font-weight: 400;\">Miut\u00e1n fiat valut\u00e1t helyezett el a sz\u00e1ml\u00e1j\u00e1n, a gyors keresked\u00e9s seg\u00edts\u00e9g\u00e9vel egyetlen kattint\u00e1ssal kriptovalut\u00e1t v\u00e1s\u00e1rolhat. Egyszer\u0171en csak adja meg az elk\u00f6lteni k\u00edv\u00e1nt \u00f6sszeget \u00e9s a megv\u00e1s\u00e1rolni k\u00edv\u00e1nt valut\u00e1t, majd v\u00e1lassza ki a fizet\u00e9si m\u00f3dot a leg\u00f6rd\u00fcl\u0151 men\u00fcb\u0151l.<\/span><\/p>\n<p><span style=\"font-weight: 400;\">T\u00e1mogatott fizet\u00e9si m\u00f3dok: Zelle, Apple Pay, ADVCash, <a href=\"https:\/\/coinkickoff.com\/hu\/uphold-review\/\" data-internallinksmanager029f6b8e52c=\"156\" title=\"Uphold Reviews 2023: D\u00edjak, jellemz\u0151k, biztons\u00e1g, el\u0151ny\u00f6k \u00e9s h\u00e1tr\u00e1nyok\">Tartsa fenn a  c\u00edmet.<\/a>, \u00e9s sz\u00e1mos m\u00e1s.<\/span><\/p>\n<p><img loading=\"lazy\" decoding=\"async\" class=\"alignnone wp-image-3276 size-full\" src=\"https:\/\/coinkickoff.com\/wp-content\/uploads\/kucoin-select-paymnet-method.png\" alt=\"\" width=\"1424\" height=\"794\" srcset=\"https:\/\/coinkickoff.com\/wp-content\/uploads\/kucoin-select-paymnet-method.png 1424w, https:\/\/coinkickoff.com\/wp-content\/uploads\/kucoin-select-paymnet-method-300x167.png 300w, https:\/\/coinkickoff.com\/wp-content\/uploads\/kucoin-select-paymnet-method-1024x571.png 1024w, https:\/\/coinkickoff.com\/wp-content\/uploads\/kucoin-select-paymnet-method-768x428.png 768w, https:\/\/coinkickoff.com\/wp-content\/uploads\/kucoin-select-paymnet-method-18x10.png 18w\" sizes=\"auto, (max-width: 1424px) 100vw, 1424px\" \/><\/p>\n<p><span style=\"font-weight: 400;\"><img loading=\"lazy\" decoding=\"async\" class=\"alignnone wp-image-3277 size-full\" src=\"https:\/\/coinkickoff.com\/wp-content\/uploads\/kucoin-select-paymnt2.png\" alt=\"\" width=\"1432\" height=\"798\" srcset=\"https:\/\/coinkickoff.com\/wp-content\/uploads\/kucoin-select-paymnt2.png 1432w, https:\/\/coinkickoff.com\/wp-content\/uploads\/kucoin-select-paymnt2-300x167.png 300w, https:\/\/coinkickoff.com\/wp-content\/uploads\/kucoin-select-paymnt2-1024x571.png 1024w, https:\/\/coinkickoff.com\/wp-content\/uploads\/kucoin-select-paymnt2-768x428.png 768w, https:\/\/coinkickoff.com\/wp-content\/uploads\/kucoin-select-paymnt2-18x10.png 18w\" sizes=\"auto, (max-width: 1432px) 100vw, 1432px\" \/><\/span><\/p>\n<p><span style=\"font-weight: 400;\">B\u00e1r ez el\u00e9gg\u00e9 egyenes<\/span>orward, van egy probl\u00e9ma az egy kattint\u00e1ssal t\u00f6rt\u00e9n\u0151 v\u00e1s\u00e1rl\u00e1ssal. Ezzel a m\u00f3dszerrel sajnos nem lehet megv\u00e1s\u00e1rolni az DOGE-t. Kucoin lehet\u0151v\u00e9 teszi, hogy megv\u00e1s\u00e1rolja <a href=\"https:\/\/coinkickoff.com\/hu\/bitcoin-btc\/\" data-internallinksmanager029f6b8e52c=\"1\" title=\"Mi az Bitcoin (BTC)? \u00c1r, t\u00f6rt\u00e9net \u00e9s hol lehet megv\u00e1s\u00e1rolni\">BTC<\/a>, <a href=\"https:\/\/coinkickoff.com\/hu\/ethereum-eth\/\" data-internallinksmanager029f6b8e52c=\"2\" title=\"Mi az Ethereum (ETH)? \u00c1r, t\u00f6rt\u00e9nelem \u00e9s hol lehet megv\u00e1s\u00e1rolni\">ETH<\/a>, USDT, \u00e9s <a href=\"https:\/\/coinkickoff.com\/hu\/usd-coin-usdc\/\" data-internallinksmanager029f6b8e52c=\"8\" title=\"Mi az USD Coin (USDC)? Hogyan m\u0171k\u00f6dik \u00e9s hol lehet megv\u00e1s\u00e1rolni?\">USDC<\/a> egy kattint\u00e1ssal.<\/p>\n<p><span style=\"font-weight: 400;\">Megv\u00e1s\u00e1rolhatja azonban a k\u00edn\u00e1lt digit\u00e1lis eszk\u00f6z\u00f6k egyik\u00e9t, majd a platformon DOGE-re konvert\u00e1lhatja. Ha ez t\u00fal bonyolultnak hangzik, ne agg\u00f3dj, mert a k\u00f6vetkez\u0151 m\u00f3dszer szuper egyszer\u0171.<\/span><\/p>\n<h4><span class=\"ez-toc-section\" id=\"Third-Party\"><\/span><span style=\"font-weight: 400;\">Harmadik f\u00e9l<\/span><span class=\"ez-toc-section-end\"><\/span><\/h4>\n<p><img loading=\"lazy\" decoding=\"async\" class=\"alignnone wp-image-3278 size-full\" src=\"https:\/\/coinkickoff.com\/wp-content\/uploads\/kucoin-screenshot.png\" alt=\"\" width=\"1436\" height=\"673\" srcset=\"https:\/\/coinkickoff.com\/wp-content\/uploads\/kucoin-screenshot.png 1436w, https:\/\/coinkickoff.com\/wp-content\/uploads\/kucoin-screenshot-300x141.png 300w, https:\/\/coinkickoff.com\/wp-content\/uploads\/kucoin-screenshot-1024x480.png 1024w, https:\/\/coinkickoff.com\/wp-content\/uploads\/kucoin-screenshot-768x360.png 768w, https:\/\/coinkickoff.com\/wp-content\/uploads\/kucoin-screenshot-18x8.png 18w\" sizes=\"auto, (max-width: 1436px) 100vw, 1436px\" \/><\/p>\n<p><span style=\"font-weight: 400;\">Az DOGE megv\u00e1s\u00e1rl\u00e1s\u00e1nak legegyszer\u0171bb m\u00f3dja a Kucoin-n\u00e9l, ha a bal fels\u0151 sarokban tal\u00e1lhat\u00f3 \"Buy Crypto\" men\u00fcb\u0151l kiv\u00e1lasztja a \"Third-Party\" opci\u00f3t. A Third-Party oldalon adja meg, hogy mennyit szeretne k\u00f6lteni, v\u00e1lassza ki a leg\u00f6rd\u00fcl\u0151 men\u00fcb\u0151l a megv\u00e1s\u00e1rolni k\u00edv\u00e1nt coin-t (DOGE), \u00e9s v\u00e1lassza ki a fizet\u00e9si m\u00f3dot \u00e9s a fizet\u00e9si csatorn\u00e1t.<\/span><\/p>\n<p><span style=\"font-weight: 400;\">A Kucoin sz\u00e1mos harmadik f\u00e9lt\u0151l sz\u00e1rmaz\u00f3 fizet\u00e9si alkalmaz\u00e1st t\u00e1mogat, t\u00f6bbek k\u00f6z\u00f6tt a k\u00f6vetkez\u0151ket <\/span><a href=\"https:\/\/banxa.com\/case-study\/kucoin\/\" target=\"_blank\" rel=\"noopener\"><span style=\"font-weight: 400;\">Banxa<\/span><\/a><span style=\"font-weight: 400;\">, <\/span><a href=\"https:\/\/www.simplex.com\" target=\"_blank\" rel=\"noopener\"><span style=\"font-weight: 400;\">Simplex<\/span><\/a><span style=\"font-weight: 400;\">, <\/span><a href=\"https:\/\/legendtrading.com\/infrastructure\" target=\"_blank\" rel=\"noopener\"><span style=\"font-weight: 400;\">Legenda kereskedelem<\/span><\/a><span style=\"font-weight: 400;\">, \u00e9s <\/span><a href=\"https:\/\/btcdirect.eu\/en-gb\" target=\"_blank\" rel=\"noopener\"><span style=\"font-weight: 400;\">BTC K\u00f6zvetlen<\/span><\/a><span style=\"font-weight: 400;\">.\u00a0<\/span><\/p>\n<p><span style=\"font-weight: 400;\">Ezekt\u0151l az elad\u00f3kt\u00f3l \u00fagy v\u00e1s\u00e1rolhat kriptovalut\u00e1t, hogy megadja a k\u00e1rtyaadatait, \u00e9s elv\u00e9gzi a szem\u00e9lyazonoss\u00e1gi ellen\u0151rz\u00e9st a haszn\u00e1lni k\u00edv\u00e1nt elad\u00f3 eset\u00e9ben. Ne feledje azonban, hogy a harmadik f\u00e9l \u00e1ltal ny\u00fajtott fizet\u00e9si szolg\u00e1ltat\u00e1sok\u00e9rt gyakran magas d\u00edjakat sz\u00e1m\u00edtanak fel.\u00a0<\/span><\/p>\n<h4><span class=\"ez-toc-section\" id=\"P2P_Market\"><\/span><span style=\"font-weight: 400;\">P2P piac<\/span><span class=\"ez-toc-section-end\"><\/span><\/h4>\n<p><span style=\"font-weight: 400;\">Egy m\u00e1sik m\u00f3dszer a Kucoin P2P keresked\u00e9si piac\u00e1nak haszn\u00e1lata a kriptov\u00e1s\u00e1rl\u00e1shoz, de a \"gyors v\u00e1s\u00e1rl\u00e1s\" P2P piac\u00e1nak haszn\u00e1lat\u00e1hoz USDT-vel kell rendelkeznie a sz\u00e1ml\u00e1j\u00e1n, \u00edgy ez nem a leggyorsabb lehet\u0151s\u00e9g a kezd\u0151k sz\u00e1m\u00e1ra.<\/span><\/p>","protected":false},"excerpt":{"rendered":"<p>Hogyan v\u00e1s\u00e1rolhat Dogecoin a Kucoin-en Az Dogecoin egy h\u00edres m\u00e9m coin, amelyet sz\u00e1mos t\u0151zsd\u00e9n, k\u00f6zt\u00fck a Kucoin-en is megv\u00e1s\u00e1rolhat. Az DOGE meglehet\u0151sen olcs\u00f3 \u00e9s k\u00f6nnyen kereskedhet\u0151. Ha Dogecoin-t szeretne v\u00e1s\u00e1rolni a Kucoin t\u0151zsd\u00e9n, de nem tudja, hol kezdje, mi seg\u00edt\u00fcnk. Itt van egy l\u00e9p\u00e9sr\u0151l-l\u00e9p\u00e9sre t\u00f6rt\u00e9n\u0151 bont\u00e1s arr\u00f3l, hogyan [...]<\/p>","protected":false},"author":3,"featured_media":3275,"parent":3196,"menu_order":0,"comment_status":"closed","ping_status":"closed","template":"","meta":{"_genesis_hide_title":false,"_genesis_hide_breadcrumbs":false,"_genesis_hide_singular_image":false,"_genesis_hide_footer_widgets":false,"_genesis_custom_body_class":"","_genesis_custom_post_class":"","_genesis_layout":"","_glsr_average":0,"_glsr_ranking":0,"_glsr_reviews":0,"footnotes":""},"class_list":{"0":"post-3268","1":"page","2":"type-page","3":"status-publish","4":"has-post-thumbnail","6":"entry"},"featured_image_src":"https:\/\/coinkickoff.com\/wp-content\/uploads\/kucoin-buy-crypto-one-click-600x400.png","featured_image_src_square":"https:\/\/coinkickoff.com\/wp-content\/uploads\/kucoin-buy-crypto-one-click-600x600.png","_links":{"self":[{"href":"https:\/\/coinkickoff.com\/hu\/wp-json\/wp\/v2\/pages\/3268","targetHints":{"allow":["GET"]}}],"collection":[{"href":"https:\/\/coinkickoff.com\/hu\/wp-json\/wp\/v2\/pages"}],"about":[{"href":"https:\/\/coinkickoff.com\/hu\/wp-json\/wp\/v2\/types\/page"}],"author":[{"embeddable":true,"href":"https:\/\/coinkickoff.com\/hu\/wp-json\/wp\/v2\/users\/3"}],"replies":[{"embeddable":true,"href":"https:\/\/coinkickoff.com\/hu\/wp-json\/wp\/v2\/comments?post=3268"}],"version-history":[{"count":3,"href":"https:\/\/coinkickoff.com\/hu\/wp-json\/wp\/v2\/pages\/3268\/revisions"}],"predecessor-version":[{"id":4495,"href":"https:\/\/coinkickoff.com\/hu\/wp-json\/wp\/v2\/pages\/3268\/revisions\/4495"}],"up":[{"embeddable":true,"href":"https:\/\/coinkickoff.com\/hu\/wp-json\/wp\/v2\/pages\/3196"}],"wp:featuredmedia":[{"embeddable":true,"href":"https:\/\/coinkickoff.com\/hu\/wp-json\/wp\/v2\/media\/3275"}],"wp:attachment":[{"href":"https:\/\/coinkickoff.com\/hu\/wp-json\/wp\/v2\/media?parent=3268"}],"curies":[{"name":"wp","href":"https:\/\/api.w.org\/{rel}","templated":true}]}}