{"id":3244,"date":"2026-01-08T14:07:32","date_gmt":"2026-01-08T14:07:32","guid":{"rendered":"https:\/\/coinkickoff.com\/?page_id=3244"},"modified":"2026-01-08T14:07:32","modified_gmt":"2026-01-08T14:07:32","slug":"how-to-buy-dogecoin-on-binance","status":"publish","type":"page","link":"https:\/\/coinkickoff.com\/hu\/how-to-buy-dogecoin\/how-to-buy-dogecoin-on-binance\/","title":{"rendered":"Hogyan v\u00e1s\u00e1roljon Dogecoin (DOGE) az Binance-n\u00e9l"},"content":{"rendered":"<div id=\"ez-toc-container\" class=\"ez-toc-v2_0_80 counter-hierarchy ez-toc-counter ez-toc-transparent ez-toc-container-direction\">\n<div class=\"ez-toc-title-container\">\n<p class=\"ez-toc-title\" style=\"cursor:inherit\">Szakaszok<\/p>\n<span class=\"ez-toc-title-toggle\"><a href=\"#\" class=\"ez-toc-pull-right ez-toc-btn ez-toc-btn-xs ez-toc-btn-default ez-toc-toggle\" aria-label=\"Toggle Tartalomjegyz\u00e9k\"><span class=\"ez-toc-js-icon-con\"><span class=\"\"><span class=\"eztoc-hide\" style=\"display:none;\">Toggle<\/span><span class=\"ez-toc-icon-toggle-span\"><svg style=\"fill: #999;color:#999\" xmlns=\"http:\/\/www.w3.org\/2000\/svg\" class=\"list-377408\" width=\"20px\" height=\"20px\" viewbox=\"0 0 24 24\" fill=\"none\"><path d=\"M6 6H4v2h2V6zm14 0H8v2h12V6zM4 11h2v2H4v-2zm16 0H8v2h12v-2zM4 16h2v2H4v-2zm16 0H8v2h12v-2z\" fill=\"currentColor\"><\/path><\/svg><svg style=\"fill: #999;color:#999\" class=\"arrow-unsorted-368013\" xmlns=\"http:\/\/www.w3.org\/2000\/svg\" width=\"10px\" height=\"10px\" viewbox=\"0 0 24 24\" version=\"1.2\" baseprofile=\"tiny\"><path d=\"M18.2 9.3l-6.2-6.3-6.2 6.3c-.2.2-.3.4-.3.7s.1.5.3.7c.2.2.4.3.7.3h11c.3 0 .5-.1.7-.3.2-.2.3-.5.3-.7s-.1-.5-.3-.7zM5.8 14.7l6.2 6.3 6.2-6.3c.2-.2.3-.5.3-.7s-.1-.5-.3-.7c-.2-.2-.4-.3-.7-.3h-11c-.3 0-.5.1-.7.3-.2.2-.3.5-.3.7s.1.5.3.7z\"\/><\/svg><\/span><\/span><\/span><\/a><\/span><\/div>\n<nav><ul class='ez-toc-list ez-toc-list-level-1 eztoc-toggle-hide-by-default' ><li class='ez-toc-page-1 ez-toc-heading-level-2'><a class=\"ez-toc-link ez-toc-heading-1\" href=\"https:\/\/coinkickoff.com\/hu\/how-to-buy-dogecoin\/how-to-buy-dogecoin-on-binance\/#How_to_Buy_Dogecoin_on_Binance\" >Hogyan v\u00e1s\u00e1rolhat Dogecoin-t az Binance-n\u00e9l<\/a><\/li><li class='ez-toc-page-1 ez-toc-heading-level-2'><a class=\"ez-toc-link ez-toc-heading-2\" href=\"https:\/\/coinkickoff.com\/hu\/how-to-buy-dogecoin\/how-to-buy-dogecoin-on-binance\/#A_Step-By-Step_Guide_on_How_to_Buy_Dogecoin_on_Binance\" >L\u00e9p\u00e9sr\u0151l l\u00e9p\u00e9sre \u00fatmutat\u00f3 az Dogecoin megv\u00e1s\u00e1rl\u00e1s\u00e1hoz az Binance-n\u00e9l<\/a><ul class='ez-toc-list-level-3' ><li class='ez-toc-heading-level-3'><a class=\"ez-toc-link ez-toc-heading-3\" href=\"https:\/\/coinkickoff.com\/hu\/how-to-buy-dogecoin\/how-to-buy-dogecoin-on-binance\/#1_Register_an_Account\" >1. Regisztr\u00e1ljon egy fi\u00f3kot<\/a><\/li><li class='ez-toc-page-1 ez-toc-heading-level-3'><a class=\"ez-toc-link ez-toc-heading-4\" href=\"https:\/\/coinkickoff.com\/hu\/how-to-buy-dogecoin\/how-to-buy-dogecoin-on-binance\/#2_Verify_Your_Account\" >2. Ellen\u0151rizze a fi\u00f3kj\u00e1t<\/a><\/li><li class='ez-toc-page-1 ez-toc-heading-level-3'><a class=\"ez-toc-link ez-toc-heading-5\" href=\"https:\/\/coinkickoff.com\/hu\/how-to-buy-dogecoin\/how-to-buy-dogecoin-on-binance\/#3_Deposit_FundsCrypto\" >3. Let\u00e9tbe helyezett alapok\/kripto<\/a><\/li><li class='ez-toc-page-1 ez-toc-heading-level-3'><a class=\"ez-toc-link ez-toc-heading-6\" href=\"https:\/\/coinkickoff.com\/hu\/how-to-buy-dogecoin\/how-to-buy-dogecoin-on-binance\/#Once_you_complete_identity_verification_you_can_easily_deposit_funds_to_your_Binance_account_There_are_a_couple_of_different_ways_to_fund_your_account_on_Binance\" >Miut\u00e1n befejezte a szem\u00e9lyazonoss\u00e1g ellen\u0151rz\u00e9s\u00e9t, k\u00f6nnyen befizethet p\u00e9nzt az Binance sz\u00e1ml\u00e1j\u00e1ra. Az Binance sz\u00e1ml\u00e1j\u00e1ra t\u00f6bbf\u00e9lek\u00e9ppen is befizethet.<\/a><\/li><li class='ez-toc-page-1 ez-toc-heading-level-3'><a class=\"ez-toc-link ez-toc-heading-7\" href=\"https:\/\/coinkickoff.com\/hu\/how-to-buy-dogecoin\/how-to-buy-dogecoin-on-binance\/#4_Navigate_to_the_Relevant_Screen_to_Buy\" >4. Navig\u00e1ljon a megfelel\u0151 k\u00e9perny\u0151re a v\u00e1s\u00e1rl\u00e1shoz<\/a><\/li><\/ul><\/li><\/ul><\/nav><\/div>\n<h2><span class=\"ez-toc-section\" id=\"How_to_Buy_Dogecoin_on_Binance\"><\/span>Hogyan v\u00e1s\u00e1rolhat Dogecoin-t az Binance-n\u00e9l<span class=\"ez-toc-section-end\"><\/span><\/h2>\n<p><span style=\"font-weight: 400;\"><a href=\"https:\/\/coinkickoff.com\/hu\/dogecoin-doge\/\" data-internallinksmanager029f6b8e52c=\"14\" title=\"Milyen t\u00edpus\u00fa gy\u00f3gyszer a Dogecoin (DOGE)? Hogyan m\u0171k\u00f6dik \u00e9s hol lehet megv\u00e1s\u00e1rolni?\">Dogecoin<\/a> egy h\u00edres kriptop\u00e9nz, amellyel az \u00f6sszes n\u00e9pszer\u0171 <a href=\"https:\/\/coinkickoff.com\/hu\/crypto-exchanges\/\" data-internallinksmanager029f6b8e52c=\"141\" title=\"21 A legjobb kriptovaluta t\u0151zsd\u00e9k \u00e9s alkalmaz\u00e1sok 2024-ben\">kriptot\u0151zsd\u00e9k<\/a>. Az DOGE legink\u00e1bb ismert, mint <\/span><i><span style=\"font-weight: 400;\">m\u00e9m vagy vicc coin<\/span><\/i><span style=\"font-weight: 400;\">. Ennek oka az, hogy az eszk\u00f6zt nem arra tervezt\u00e9k, hogy \u00e9rt\u00e9ket adjon \u00e1t, vagy bet\u00f6ltse a piaci r\u00e9st egy adott felhaszn\u00e1l\u00e1si esethez. Ennek ellen\u00e9re az eszk\u00f6z meglehet\u0151sen n\u00e9pszer\u0171v\u00e9 v\u00e1lt az interneten, k\u00f6sz\u00f6nhet\u0151en annak, hogy <\/span><a href=\"https:\/\/www.businessinsider.com\/history-elon-musk-love-affair-dogecoin-2022-7\" target=\"_blank\" rel=\"noopener\"><span style=\"font-weight: 400;\">h\u00edress\u00e9gek t\u00e1mogat\u00e1sa<\/span><\/a><span style=\"font-weight: 400;\">, f\u0151k\u00e9nt Elon Musk \u00e1ltal.<\/span><\/p>\n<p><span style=\"font-weight: 400;\">Ha meg szeretn\u00e9 v\u00e1s\u00e1rolni az Dogecoin-t a <a href=\"https:\/\/coinkickoff.com\/hu\/binance-review\/\" data-internallinksmanager029f6b8e52c=\"152\" title=\"Binance V\u00e9lem\u00e9nyek 2024: Jellemz\u0151k, d\u00edjak, biztons\u00e1g, el\u0151ny\u00f6k \u00e9s h\u00e1tr\u00e1nyok\">Binance<\/a> cser\u00e9re v\u00e1gyik, de nem tudja, hol kezdje, mi seg\u00edt\u00fcnk. \u00cdme egy l\u00e9p\u00e9sr\u0151l-l\u00e9p\u00e9sre t\u00f6rt\u00e9n\u0151 bont\u00e1s arr\u00f3l, hogyan v\u00e1s\u00e1rolhat Dogecoin-t Binance-re.<\/span><\/p>\n<h2><span class=\"ez-toc-section\" id=\"A_Step-By-Step_Guide_on_How_to_Buy_Dogecoin_on_Binance\"><\/span><span style=\"font-weight: 400;\">L\u00e9p\u00e9sr\u0151l l\u00e9p\u00e9sre \u00fatmutat\u00f3 az Dogecoin megv\u00e1s\u00e1rl\u00e1s\u00e1hoz az Binance-n\u00e9l<\/span><span class=\"ez-toc-section-end\"><\/span><\/h2>\n<h3><span class=\"ez-toc-section\" id=\"1_Register_an_Account\"><\/span><span style=\"font-weight: 400;\">1. Regisztr\u00e1ljon egy fi\u00f3kot<\/span><span class=\"ez-toc-section-end\"><\/span><\/h3>\n<p><span style=\"font-weight: 400;\">Ha m\u00e9g nincs Binance-fi\u00f3kod, akkor az els\u0151 l\u00e9p\u00e9sk\u00e9nt menj a k\u00f6vetkez\u0151 oldalra <\/span><a href=\"https:\/\/accounts.binance.com\/register?ref=BLJQ60RW\" target=\"_blank\" rel=\"noopener\"><span style=\"font-weight: 400;\">Binance hivatalos honlapja<\/span><\/a><span style=\"font-weight: 400;\"> regisztr\u00e1lni egy fi\u00f3kot.\u00a0<\/span><\/p>\n<p><img loading=\"lazy\" decoding=\"async\" class=\"alignnone wp-image-3245 size-full\" src=\"https:\/\/coinkickoff.com\/wp-content\/uploads\/binance-register.png\" alt=\"v\u00e1s\u00e1rolni doge a binance regisztr\u00e1ci\u00f3\" width=\"1430\" height=\"798\" srcset=\"https:\/\/coinkickoff.com\/wp-content\/uploads\/binance-register.png 1430w, https:\/\/coinkickoff.com\/wp-content\/uploads\/binance-register-300x167.png 300w, https:\/\/coinkickoff.com\/wp-content\/uploads\/binance-register-1024x571.png 1024w, https:\/\/coinkickoff.com\/wp-content\/uploads\/binance-register-768x429.png 768w, https:\/\/coinkickoff.com\/wp-content\/uploads\/binance-register-18x10.png 18w\" sizes=\"auto, (max-width: 1430px) 100vw, 1430px\" \/><\/p>\n<p><span style=\"font-weight: 400;\">Az Binance-fi\u00f3k megnyit\u00e1sa nagyon egyszer\u0171: mind\u00f6ssze annyit kell tennie, hogy regisztr\u00e1l e-mail c\u00edm\u00e9vel vagy telefonsz\u00e1m\u00e1val. Az Binance elk\u00fcldi \u00d6nnek az ellen\u0151rz\u0151 k\u00f3dot, amellyel bejelentkezhet \u00faj fi\u00f3kj\u00e1ba.<\/span><\/p>\n<h3><span class=\"ez-toc-section\" id=\"2_Verify_Your_Account\"><\/span><span style=\"font-weight: 400;\">2. Ellen\u0151rizze a fi\u00f3kj\u00e1t<\/span><span class=\"ez-toc-section-end\"><\/span><\/h3>\n<p><span style=\"font-weight: 400;\">A bejelentkez\u00e9s ut\u00e1n az Binance felsz\u00f3l\u00edtja \u00d6nt, hogy ellen\u0151rizze szem\u00e9lyazonoss\u00e1g\u00e1t, hogy elkezdhesse a keresked\u00e9st a platformon. Szem\u00e9lyazonoss\u00e1g\u00e1nak igazol\u00e1sa n\u00e9lk\u00fcl nem tud p\u00e9nzt befizetni az Binance sz\u00e1ml\u00e1j\u00e1ra, ez\u00e9rt ez egy kulcsfontoss\u00e1g\u00fa l\u00e9p\u00e9s.<\/span><\/p>\n<p><img loading=\"lazy\" decoding=\"async\" class=\"alignnone wp-image-3247 size-full\" src=\"https:\/\/coinkickoff.com\/wp-content\/uploads\/binance-verification-0-e1680852870897.png\" alt=\"binance ellen\u0151rz\u00e9s \" width=\"1410\" height=\"572\" \/><\/p>\n<p><span style=\"font-weight: 400;\">Ha az els\u0151 bejelentkez\u00e9skor kihagyja az ellen\u0151rz\u00e9st, ne agg\u00f3djon. Az Binance folyamatosan felsz\u00f3l\u00edtja \u00d6nt szem\u00e9lyazonoss\u00e1g\u00e1nak ellen\u0151rz\u00e9s\u00e9re, vagy egyszer\u0171en navig\u00e1lhat a m\u0171szerfal profil r\u00e9sz\u00e9be (profil ikon a jobb fels\u0151 sarokban).<\/span><\/p>\n<p><img loading=\"lazy\" decoding=\"async\" class=\"alignnone wp-image-3246 size-full\" src=\"https:\/\/coinkickoff.com\/wp-content\/uploads\/binance-verification.png\" alt=\"binance ellen\u0151rz\u00e9s\" width=\"1239\" height=\"752\" srcset=\"https:\/\/coinkickoff.com\/wp-content\/uploads\/binance-verification.png 1239w, https:\/\/coinkickoff.com\/wp-content\/uploads\/binance-verification-300x182.png 300w, https:\/\/coinkickoff.com\/wp-content\/uploads\/binance-verification-1024x622.png 1024w, https:\/\/coinkickoff.com\/wp-content\/uploads\/binance-verification-768x466.png 768w, https:\/\/coinkickoff.com\/wp-content\/uploads\/binance-verification-18x12.png 18w\" sizes=\"auto, (max-width: 1239px) 100vw, 1239px\" \/><\/p>\n<p><span style=\"font-weight: 400;\">Egyszer\u0171en kattintson a \"Get Verified\" gombra az ellen\u0151rz\u00e9si folyamat elind\u00edt\u00e1s\u00e1hoz.<\/span><\/p>\n<p><span style=\"font-weight: 400;\">Az \u00faj ellen\u0151rz\u0151 oldalon v\u00e1lassza ki a lak\u00f3helye szerinti orsz\u00e1got \u00e9s r\u00e9gi\u00f3t. A szem\u00e9lyazonoss\u00e1g ellen\u0151rz\u00e9s\u00e9re vonatkoz\u00f3 k\u00f6vetelm\u00e9nyek r\u00e9gi\u00f3nk\u00e9nt elt\u00e9r\u0151ek, ez\u00e9rt fontos, hogy a megfelel\u0151 orsz\u00e1got v\u00e1lassza ki.<\/span><\/p>\n<p><img loading=\"lazy\" decoding=\"async\" class=\"alignnone wp-image-3248 size-full\" src=\"https:\/\/coinkickoff.com\/wp-content\/uploads\/binance-verification-2.png\" alt=\"\" width=\"563\" height=\"686\" srcset=\"https:\/\/coinkickoff.com\/wp-content\/uploads\/binance-verification-2.png 563w, https:\/\/coinkickoff.com\/wp-content\/uploads\/binance-verification-2-246x300.png 246w, https:\/\/coinkickoff.com\/wp-content\/uploads\/binance-verification-2-10x12.png 10w\" sizes=\"auto, (max-width: 563px) 100vw, 563px\" \/><\/p>\n<p><span style=\"font-weight: 400;\">Miut\u00e1n kiv\u00e1lasztotta az orsz\u00e1got, tov\u00e1bbi inform\u00e1ci\u00f3kat adhat meg. Az Binance rendszerint megk\u00f6veteli, hogy adja meg a hivatalos nev\u00e9t, sz\u00fclet\u00e9si d\u00e1tum\u00e1t \u00e9s orsz\u00e1g\u00e1t. Egy f\u00e9nyk\u00e9pes igazolv\u00e1nyt is be kell ny\u00fajtania, p\u00e9ld\u00e1ul egy \u00fatlev\u00e9loldalt vagy jogos\u00edtv\u00e1nyt.<\/span><\/p>\n<h3><span class=\"ez-toc-section\" id=\"3_Deposit_FundsCrypto\"><\/span><span style=\"font-weight: 400;\">3. Let\u00e9tbe helyezett alapok\/kripto<\/span><span class=\"ez-toc-section-end\"><\/span><\/h3>\n<h3><img loading=\"lazy\" decoding=\"async\" class=\"alignnone wp-image-3254 size-full\" src=\"https:\/\/coinkickoff.com\/wp-content\/uploads\/binance-deposit-2.png\" alt=\"\" width=\"926\" height=\"796\" srcset=\"https:\/\/coinkickoff.com\/wp-content\/uploads\/binance-deposit-2.png 926w, https:\/\/coinkickoff.com\/wp-content\/uploads\/binance-deposit-2-300x258.png 300w, https:\/\/coinkickoff.com\/wp-content\/uploads\/binance-deposit-2-768x660.png 768w, https:\/\/coinkickoff.com\/wp-content\/uploads\/binance-deposit-2-14x12.png 14w\" sizes=\"auto, (max-width: 926px) 100vw, 926px\" \/><\/h3>\n<h3><span class=\"ez-toc-section\" id=\"Once_you_complete_identity_verification_you_can_easily_deposit_funds_to_your_Binance_account_There_are_a_couple_of_different_ways_to_fund_your_account_on_Binance\"><\/span><span style=\"font-weight: 400;\">Miut\u00e1n befejezte a szem\u00e9lyazonoss\u00e1g ellen\u0151rz\u00e9s\u00e9t, k\u00f6nnyen befizethet p\u00e9nzt az Binance sz\u00e1ml\u00e1j\u00e1ra. Az Binance sz\u00e1ml\u00e1j\u00e1ra t\u00f6bbf\u00e9lek\u00e9ppen is befizethet.<\/span><span class=\"ez-toc-section-end\"><\/span><\/h3>\n<p><span style=\"font-weight: 400;\">Kezdje a \"Befizet\u00e9s\" gombra kattintva (a jobb fels\u0151 sarokban). Az Binance n\u00e9gyf\u00e9lek\u00e9ppen k\u00edn\u00e1lja fel a p\u00e9nzeszk\u00f6z\u00f6k sz\u00e1ml\u00e1j\u00e1ra t\u00f6rt\u00e9n\u0151 be\u00e9rkez\u00e9s\u00e9t.\u00a0<\/span><\/p>\n<p><span style=\"font-weight: 400;\">Ha m\u00e1r rendelkezik kriptoval egy m\u00e1sik p\u00e9nzt\u00e1rc\u00e1n, akkor a \"Deposit Crypto\" (kripto befizet\u00e9se) men\u00fcpont kiv\u00e1laszt\u00e1s\u00e1val k\u00fcldheti eszk\u00f6zeit az Binance p\u00e9nzt\u00e1rc\u00e1j\u00e1ba, vagy a \"Receive Crypto\" (kripto fogad\u00e1sa) men\u00fcpont kiv\u00e1laszt\u00e1s\u00e1val fogadhat kript\u00f3t m\u00e1s felad\u00f3kt\u00f3l.<\/span><\/p>\n<p><span style=\"font-weight: 400;\">Ha nem rendelkezik kriptovalut\u00e1val, akkor DOGE-t v\u00e1s\u00e1rolhat az Binance-n, ha p\u00e9nzt ad hozz\u00e1 a sz\u00e1ml\u00e1j\u00e1hoz vagy \u00f6sszekapcsol egy fizet\u00e9si m\u00f3dot, p\u00e9ld\u00e1ul hitelk\u00e1rty\u00e1t, Google Payt vagy Apple Payt.<\/span><\/p>\n<p><span style=\"font-weight: 400;\">Ha fiat valut\u00e1t szeretne befizetni az Binance sz\u00e1ml\u00e1j\u00e1ra, v\u00e1lassza a \"Fiat befizet\u00e9s\" lehet\u0151s\u00e9get. A befizet\u00e9si oldalon v\u00e1lassza ki a k\u00edv\u00e1nt p\u00e9nznemet \u00e9s befizet\u00e9si m\u00f3dszert.\u00a0<\/span><\/p>\n<p><img loading=\"lazy\" decoding=\"async\" class=\"alignnone wp-image-3256 size-full\" src=\"https:\/\/coinkickoff.com\/wp-content\/uploads\/binance-fiat-deposit-3.png\" alt=\"\" width=\"1052\" height=\"778\" srcset=\"https:\/\/coinkickoff.com\/wp-content\/uploads\/binance-fiat-deposit-3.png 1052w, https:\/\/coinkickoff.com\/wp-content\/uploads\/binance-fiat-deposit-3-300x222.png 300w, https:\/\/coinkickoff.com\/wp-content\/uploads\/binance-fiat-deposit-3-1024x757.png 1024w, https:\/\/coinkickoff.com\/wp-content\/uploads\/binance-fiat-deposit-3-768x568.png 768w, https:\/\/coinkickoff.com\/wp-content\/uploads\/binance-fiat-deposit-3-16x12.png 16w\" sizes=\"auto, (max-width: 1052px) 100vw, 1052px\" \/><\/p>\n<p><span style=\"font-weight: 400;\">A fizet\u00e9si m\u00f3dok orsz\u00e1gonk\u00e9nt elt\u00e9r\u0151ek, de a legt\u00f6bb felhaszn\u00e1l\u00f3 k\u00f6nnyen befizethet p\u00e9nzt a sz\u00e1ml\u00e1j\u00e1ra banki \u00e1tutal\u00e1ssal. M\u00e1s lehet\u0151s\u00e9gek, p\u00e9ld\u00e1ul a PayPal, valamint a hitel- \u00e9s bet\u00e9ti k\u00e1rty\u00e1s v\u00e1s\u00e1rl\u00e1sok is rendelkez\u00e9sre \u00e1llhatnak, de ezek gyakran k\u00f6lts\u00e9gesebbek. Az Binance d\u00edjainak bont\u00e1s\u00e1\u00e9rt tekintse meg Binance \u00e9rt\u00e9kel\u00e9s\u00fcnket.<\/span><\/p>\n<p><span style=\"font-weight: 400;\">Miut\u00e1n kiv\u00e1lasztotta a haszn\u00e1lni k\u00edv\u00e1nt fizet\u00e9si m\u00f3dot, kattintson a \"Folytat\u00e1s\" gombra.<\/span><\/p>\n<h3><span class=\"ez-toc-section\" id=\"4_Navigate_to_the_Relevant_Screen_to_Buy\"><\/span><span style=\"font-weight: 400;\">4. Navig\u00e1ljon a megfelel\u0151 k\u00e9perny\u0151re a v\u00e1s\u00e1rl\u00e1shoz<\/span><span class=\"ez-toc-section-end\"><\/span><\/h3>\n<p><span style=\"font-weight: 400;\">Az DOGE megv\u00e1s\u00e1rl\u00e1s\u00e1nak legegyszer\u0171bb m\u00f3dja az Binance-n az, ha a \"Buy Crypto\" oldalra navig\u00e1l.\u00a0<\/span><\/p>\n<p><img loading=\"lazy\" decoding=\"async\" class=\"alignnone wp-image-3249 size-full\" src=\"https:\/\/coinkickoff.com\/wp-content\/uploads\/binance-buy-sell-crypto.png\" alt=\"\" width=\"1056\" height=\"642\" srcset=\"https:\/\/coinkickoff.com\/wp-content\/uploads\/binance-buy-sell-crypto.png 1056w, https:\/\/coinkickoff.com\/wp-content\/uploads\/binance-buy-sell-crypto-300x182.png 300w, https:\/\/coinkickoff.com\/wp-content\/uploads\/binance-buy-sell-crypto-1024x623.png 1024w, https:\/\/coinkickoff.com\/wp-content\/uploads\/binance-buy-sell-crypto-768x467.png 768w, https:\/\/coinkickoff.com\/wp-content\/uploads\/binance-buy-sell-crypto-18x12.png 18w\" sizes=\"auto, (max-width: 1056px) 100vw, 1056px\" \/><\/p>\n<p><span style=\"font-weight: 400;\">Ha m\u00e1r a V\u00e1s\u00e1rl\u00e1s\/elad\u00e1s oldalon van, egyszer\u0171en v\u00e1s\u00e1rolhat vagy adhat el kript\u00f3t, ha be\u00edrja az elk\u00f6lteni k\u00edv\u00e1nt p\u00e9nz\u00f6sszeget vagy a v\u00e1s\u00e1rolni k\u00edv\u00e1nt kript\u00f3 mennyis\u00e9g\u00e9t.<\/span><\/p>\n<p><img loading=\"lazy\" decoding=\"async\" class=\"alignnone wp-image-3250 size-full\" src=\"https:\/\/coinkickoff.com\/wp-content\/uploads\/binance-buy-sell-crypto-2.png\" alt=\"\" width=\"1079\" height=\"634\" srcset=\"https:\/\/coinkickoff.com\/wp-content\/uploads\/binance-buy-sell-crypto-2.png 1079w, https:\/\/coinkickoff.com\/wp-content\/uploads\/binance-buy-sell-crypto-2-300x176.png 300w, https:\/\/coinkickoff.com\/wp-content\/uploads\/binance-buy-sell-crypto-2-1024x602.png 1024w, https:\/\/coinkickoff.com\/wp-content\/uploads\/binance-buy-sell-crypto-2-768x451.png 768w, https:\/\/coinkickoff.com\/wp-content\/uploads\/binance-buy-sell-crypto-2-18x12.png 18w\" sizes=\"auto, (max-width: 1079px) 100vw, 1079px\" \/><\/p>\n<p><span style=\"font-weight: 400;\">Miut\u00e1n megadta, hogy mennyi p\u00e9nzt szeretne k\u00f6lteni, l\u00e1tni fogja, hogy mennyi kript\u00f3t fog kapni.<\/span><\/p>\n<p><img loading=\"lazy\" decoding=\"async\" class=\"alignnone wp-image-3252 size-full\" src=\"https:\/\/coinkickoff.com\/wp-content\/uploads\/binance-crypto-buy-sell-5.png\" alt=\"\" width=\"1047\" height=\"640\" srcset=\"https:\/\/coinkickoff.com\/wp-content\/uploads\/binance-crypto-buy-sell-5.png 1047w, https:\/\/coinkickoff.com\/wp-content\/uploads\/binance-crypto-buy-sell-5-300x183.png 300w, https:\/\/coinkickoff.com\/wp-content\/uploads\/binance-crypto-buy-sell-5-1024x626.png 1024w, https:\/\/coinkickoff.com\/wp-content\/uploads\/binance-crypto-buy-sell-5-768x469.png 768w, https:\/\/coinkickoff.com\/wp-content\/uploads\/binance-crypto-buy-sell-5-18x12.png 18w\" sizes=\"auto, (max-width: 1047px) 100vw, 1047px\" \/><\/p>\n<p><span style=\"font-weight: 400;\">Mivel az Dogecoin-t szeretn\u00e9 megv\u00e1s\u00e1rolni, kattintson az al\u00e1bbi gombra <a href=\"https:\/\/coinkickoff.com\/hu\/bitcoin-btc\/\" data-internallinksmanager029f6b8e52c=\"1\" title=\"Mi az Bitcoin (BTC)? \u00c1r, t\u00f6rt\u00e9net \u00e9s hol lehet megv\u00e1s\u00e1rolni\">BTC<\/a> szimb\u00f3lumot a \"Fogad\u00e1s\" f\u00fcl\u00f6n. Ez megnyitja a megv\u00e1s\u00e1rolhat\u00f3 eszk\u00f6z\u00f6k men\u00fcj\u00e9t. A men\u00fc keres\u0151s\u00e1vj\u00e1ba \u00edrja be az DOGE sz\u00f3t, hogy k\u00f6nnyen megtal\u00e1lja.<\/span><\/p>\n<p><img loading=\"lazy\" decoding=\"async\" class=\"alignnone wp-image-3255 size-full\" src=\"https:\/\/coinkickoff.com\/wp-content\/uploads\/BINANCE-DOGE-SELECT.png\" alt=\"\" width=\"1195\" height=\"649\" srcset=\"https:\/\/coinkickoff.com\/wp-content\/uploads\/BINANCE-DOGE-SELECT.png 1195w, https:\/\/coinkickoff.com\/wp-content\/uploads\/BINANCE-DOGE-SELECT-300x163.png 300w, https:\/\/coinkickoff.com\/wp-content\/uploads\/BINANCE-DOGE-SELECT-1024x556.png 1024w, https:\/\/coinkickoff.com\/wp-content\/uploads\/BINANCE-DOGE-SELECT-768x417.png 768w, https:\/\/coinkickoff.com\/wp-content\/uploads\/BINANCE-DOGE-SELECT-18x10.png 18w\" sizes=\"auto, (max-width: 1195px) 100vw, 1195px\" \/><\/p>\n<p><span style=\"font-weight: 400;\">V\u00e1lassza ki, \u00e9s az oldal megjelen\u00edti, hogy mennyi DOGE-t tud v\u00e1s\u00e1rolni a k\u00edv\u00e1nt \u00f6sszeg\u00e9rt.<\/span><\/p>\n<p><img loading=\"lazy\" decoding=\"async\" class=\"alignnone wp-image-3261 size-large\" src=\"https:\/\/coinkickoff.com\/wp-content\/uploads\/buy-doge-on-binance-2-1024x573.png\" alt=\"v\u00e1s\u00e1rolni dogecoin a binance-on\" width=\"1024\" height=\"573\" srcset=\"https:\/\/coinkickoff.com\/wp-content\/uploads\/buy-doge-on-binance-2-1024x573.png 1024w, https:\/\/coinkickoff.com\/wp-content\/uploads\/buy-doge-on-binance-2-300x168.png 300w, https:\/\/coinkickoff.com\/wp-content\/uploads\/buy-doge-on-binance-2-768x430.png 768w, https:\/\/coinkickoff.com\/wp-content\/uploads\/buy-doge-on-binance-2-18x10.png 18w, https:\/\/coinkickoff.com\/wp-content\/uploads\/buy-doge-on-binance-2.png 1432w\" sizes=\"auto, (max-width: 1024px) 100vw, 1024px\" \/><\/p>\n<p><span style=\"font-weight: 400;\">V\u00e9g\u00fcl kattintson a BUY DOGE gombra. Ilyen egyszer\u0171 megv\u00e1s\u00e1rolni az Dogecoin-t az Binance-n.<\/span><\/p>\n<p><span style=\"font-weight: 400;\">Ha szeretne v\u00e1s\u00e1rolni Dogecoin vagy m\u00e1s digit\u00e1lis eszk\u00f6z\u00f6k k\u00fcl\u00f6nb\u00f6z\u0151 t\u0151zsd\u00e9ken, n\u00e9zze meg a mi <\/span><a href=\"https:\/\/coinkickoff.com\/hu\/crypto-exchanges\/\"><span style=\"font-weight: 400;\">a legjobb 22 kriptovaluta t\u0151zsd\u00e9k \u00e1ttekint\u00e9se<\/span><\/a><span style=\"font-weight: 400;\"> \u00e9s nyolc m\u00e1sik alternat\u00edva.<\/span><\/p>","protected":false},"excerpt":{"rendered":"<p>Hogyan v\u00e1s\u00e1rolhat Dogecoin-t az Binance-en Az Dogecoin egy h\u00edres kriptop\u00e9nz, amellyel az \u00f6sszes n\u00e9pszer\u0171 kriptot\u0151zsd\u00e9n kereskedhet. Az DOGE t\u00f6bbnyire m\u00e9mk\u00e9nt vagy viccb\u0151l ismert coin. Ennek oka az, hogy az eszk\u00f6z nem arra lett tervezve, hogy \u00e9rt\u00e9ket tov\u00e1bb\u00edtson, vagy bet\u00f6ltse a piaci \u0171rt egy adott felhaszn\u00e1l\u00e1si esethez. Mindazon\u00e1ltal az eszk\u00f6z [...]<\/p>","protected":false},"author":3,"featured_media":3261,"parent":3196,"menu_order":0,"comment_status":"closed","ping_status":"closed","template":"","meta":{"_genesis_hide_title":false,"_genesis_hide_breadcrumbs":false,"_genesis_hide_singular_image":false,"_genesis_hide_footer_widgets":false,"_genesis_custom_body_class":"","_genesis_custom_post_class":"","_genesis_layout":"","_glsr_average":0,"_glsr_ranking":0,"_glsr_reviews":0,"footnotes":""},"class_list":{"0":"post-3244","1":"page","2":"type-page","3":"status-publish","4":"has-post-thumbnail","6":"entry"},"featured_image_src":"https:\/\/coinkickoff.com\/wp-content\/uploads\/buy-doge-on-binance-2-600x400.png","featured_image_src_square":"https:\/\/coinkickoff.com\/wp-content\/uploads\/buy-doge-on-binance-2-600x600.png","_links":{"self":[{"href":"https:\/\/coinkickoff.com\/hu\/wp-json\/wp\/v2\/pages\/3244","targetHints":{"allow":["GET"]}}],"collection":[{"href":"https:\/\/coinkickoff.com\/hu\/wp-json\/wp\/v2\/pages"}],"about":[{"href":"https:\/\/coinkickoff.com\/hu\/wp-json\/wp\/v2\/types\/page"}],"author":[{"embeddable":true,"href":"https:\/\/coinkickoff.com\/hu\/wp-json\/wp\/v2\/users\/3"}],"replies":[{"embeddable":true,"href":"https:\/\/coinkickoff.com\/hu\/wp-json\/wp\/v2\/comments?post=3244"}],"version-history":[{"count":4,"href":"https:\/\/coinkickoff.com\/hu\/wp-json\/wp\/v2\/pages\/3244\/revisions"}],"predecessor-version":[{"id":4487,"href":"https:\/\/coinkickoff.com\/hu\/wp-json\/wp\/v2\/pages\/3244\/revisions\/4487"}],"up":[{"embeddable":true,"href":"https:\/\/coinkickoff.com\/hu\/wp-json\/wp\/v2\/pages\/3196"}],"wp:featuredmedia":[{"embeddable":true,"href":"https:\/\/coinkickoff.com\/hu\/wp-json\/wp\/v2\/media\/3261"}],"wp:attachment":[{"href":"https:\/\/coinkickoff.com\/hu\/wp-json\/wp\/v2\/media?parent=3244"}],"curies":[{"name":"wp","href":"https:\/\/api.w.org\/{rel}","templated":true}]}}