{"id":3203,"date":"2026-01-08T14:07:32","date_gmt":"2026-01-08T14:07:32","guid":{"rendered":"https:\/\/coinkickoff.com\/?page_id=3203"},"modified":"2026-01-08T14:07:32","modified_gmt":"2026-01-08T14:07:32","slug":"how-to-buy-dogecoin-on-bybit","status":"publish","type":"page","link":"https:\/\/coinkickoff.com\/hu\/how-to-buy-dogecoin\/how-to-buy-dogecoin-on-bybit\/","title":{"rendered":"Hogyan v\u00e1s\u00e1rolhat Dogecoin (DOGE) a Bybit-en?"},"content":{"rendered":"<div id=\"ez-toc-container\" class=\"ez-toc-v2_0_80 counter-hierarchy ez-toc-counter ez-toc-transparent ez-toc-container-direction\">\n<div class=\"ez-toc-title-container\">\n<p class=\"ez-toc-title\" style=\"cursor:inherit\">Szakaszok<\/p>\n<span class=\"ez-toc-title-toggle\"><a href=\"#\" class=\"ez-toc-pull-right ez-toc-btn ez-toc-btn-xs ez-toc-btn-default ez-toc-toggle\" aria-label=\"Toggle Tartalomjegyz\u00e9k\"><span class=\"ez-toc-js-icon-con\"><span class=\"\"><span class=\"eztoc-hide\" style=\"display:none;\">Toggle<\/span><span class=\"ez-toc-icon-toggle-span\"><svg style=\"fill: #999;color:#999\" xmlns=\"http:\/\/www.w3.org\/2000\/svg\" class=\"list-377408\" width=\"20px\" height=\"20px\" viewbox=\"0 0 24 24\" fill=\"none\"><path d=\"M6 6H4v2h2V6zm14 0H8v2h12V6zM4 11h2v2H4v-2zm16 0H8v2h12v-2zM4 16h2v2H4v-2zm16 0H8v2h12v-2z\" fill=\"currentColor\"><\/path><\/svg><svg style=\"fill: #999;color:#999\" class=\"arrow-unsorted-368013\" xmlns=\"http:\/\/www.w3.org\/2000\/svg\" width=\"10px\" height=\"10px\" viewbox=\"0 0 24 24\" version=\"1.2\" baseprofile=\"tiny\"><path d=\"M18.2 9.3l-6.2-6.3-6.2 6.3c-.2.2-.3.4-.3.7s.1.5.3.7c.2.2.4.3.7.3h11c.3 0 .5-.1.7-.3.2-.2.3-.5.3-.7s-.1-.5-.3-.7zM5.8 14.7l6.2 6.3 6.2-6.3c.2-.2.3-.5.3-.7s-.1-.5-.3-.7c-.2-.2-.4-.3-.7-.3h-11c-.3 0-.5.1-.7.3-.2.2-.3.5-.3.7s.1.5.3.7z\"\/><\/svg><\/span><\/span><\/span><\/a><\/span><\/div>\n<nav><ul class='ez-toc-list ez-toc-list-level-1 eztoc-toggle-hide-by-default' ><li class='ez-toc-page-1 ez-toc-heading-level-2'><a class=\"ez-toc-link ez-toc-heading-1\" href=\"https:\/\/coinkickoff.com\/hu\/how-to-buy-dogecoin\/how-to-buy-dogecoin-on-bybit\/#How_to_Buy_Dogecoin_on_Bybit\" >Hogyan lehet megv\u00e1s\u00e1rolni Dogecoin a Bybit-en<\/a><\/li><li class='ez-toc-page-1 ez-toc-heading-level-2'><a class=\"ez-toc-link ez-toc-heading-2\" href=\"https:\/\/coinkickoff.com\/hu\/how-to-buy-dogecoin\/how-to-buy-dogecoin-on-bybit\/#A_Step-By-Step_Guide_on_How_to_Buy_Dogecoin_on_Bybit\" >Egy l\u00e9p\u00e9sr\u0151l-l\u00e9p\u00e9sre \u00fatmutat\u00f3 arr\u00f3l, hogyan lehet megv\u00e1s\u00e1rolni Dogecoin a Bybit-en<\/a><ul class='ez-toc-list-level-3' ><li class='ez-toc-heading-level-3'><a class=\"ez-toc-link ez-toc-heading-3\" href=\"https:\/\/coinkickoff.com\/hu\/how-to-buy-dogecoin\/how-to-buy-dogecoin-on-bybit\/#1_Register_an_Account\" >1. Regisztr\u00e1ljon egy fi\u00f3kot<\/a><\/li><li class='ez-toc-page-1 ez-toc-heading-level-3'><a class=\"ez-toc-link ez-toc-heading-4\" href=\"https:\/\/coinkickoff.com\/hu\/how-to-buy-dogecoin\/how-to-buy-dogecoin-on-bybit\/#2_Verify_Your_Account\" >2. Ellen\u0151rizze a fi\u00f3kj\u00e1t<\/a><\/li><li class='ez-toc-page-1 ez-toc-heading-level-3'><a class=\"ez-toc-link ez-toc-heading-5\" href=\"https:\/\/coinkickoff.com\/hu\/how-to-buy-dogecoin\/how-to-buy-dogecoin-on-bybit\/#3_Deposit_FundsCrypto\" >3. Let\u00e9tbe helyezett alapok\/kripto<\/a><\/li><li class='ez-toc-page-1 ez-toc-heading-level-3'><a class=\"ez-toc-link ez-toc-heading-6\" href=\"https:\/\/coinkickoff.com\/hu\/how-to-buy-dogecoin\/how-to-buy-dogecoin-on-bybit\/#4_Navigate_to_the_Relevant_Screen_to_Buy\" >4. Navig\u00e1ljon a megfelel\u0151 k\u00e9perny\u0151re a v\u00e1s\u00e1rl\u00e1shoz<\/a><\/li><\/ul><\/li><\/ul><\/nav><\/div>\n<h2><span class=\"ez-toc-section\" id=\"How_to_Buy_Dogecoin_on_Bybit\"><\/span><span style=\"font-weight: 400;\">Hogyan lehet megv\u00e1s\u00e1rolni Dogecoin a Bybit-en<\/span><span class=\"ez-toc-section-end\"><\/span><\/h2>\n<p><span style=\"font-weight: 400;\">M\u00edg a <a href=\"https:\/\/coinkickoff.com\/hu\/dogecoin-doge\/\" data-internallinksmanager029f6b8e52c=\"14\" title=\"Milyen t\u00edpus\u00fa gy\u00f3gyszer a Dogecoin (DOGE)? Hogyan m\u0171k\u00f6dik \u00e9s hol lehet megv\u00e1s\u00e1rolni?\">Dogecoin<\/a> nem egy nagyon stabil vagy k\u00fcl\u00f6n\u00f6sen hasznos digit\u00e1lis eszk\u00f6z, hanem vicces m\u00e9mszer\u0171s\u00e9ge miatt el\u00e9g h\u00edres. R\u00e1ad\u00e1sul el\u00e9g k\u00f6nny\u0171 megv\u00e1s\u00e1rolni, mivel szinte b\u00e1rmelyik t\u0151zsd\u00e9n megtal\u00e1lhat\u00f3.\u00a0<\/span><\/p>\n<p><span style=\"font-weight: 400;\">Az DOGE k\u00edn\u00e1lat nagyj\u00e1b\u00f3l v\u00e9gtelen, \u00edgy olcs\u00f3n megv\u00e1s\u00e1rolhat\u00f3, b\u00e1r tudnod kell, hogy nem igaz\u00e1n van felhaszn\u00e1l\u00e1si ter\u00fclete.<\/span><\/p>\n<p><span style=\"font-weight: 400;\">Ebben a cikkben elmagyar\u00e1zzuk, hogyan lehet megv\u00e1s\u00e1rolni az Dogecoin-t az al\u00e1bbi oldalakon <a href=\"https:\/\/coinkickoff.com\/hu\/bybit-review\/\">Bybit<\/a> l\u00e9p\u00e9sr\u0151l l\u00e9p\u00e9sre. Itt is vagyunk.<\/span><\/p>\n<h2><span class=\"ez-toc-section\" id=\"A_Step-By-Step_Guide_on_How_to_Buy_Dogecoin_on_Bybit\"><\/span><span style=\"font-weight: 400;\">Egy l\u00e9p\u00e9sr\u0151l-l\u00e9p\u00e9sre \u00fatmutat\u00f3 arr\u00f3l, hogyan lehet megv\u00e1s\u00e1rolni Dogecoin a Bybit-en<\/span><span class=\"ez-toc-section-end\"><\/span><\/h2>\n<h3><span class=\"ez-toc-section\" id=\"1_Register_an_Account\"><\/span><span style=\"font-weight: 400;\">1. Regisztr\u00e1ljon egy fi\u00f3kot<\/span><span class=\"ez-toc-section-end\"><\/span><\/h3>\n<p><span style=\"font-weight: 400;\">K\u00f6vesse ezt a linket a <\/span><a href=\"https:\/\/www.bybit.com\/en-US\/register?irclickid=zLJWgJTKIxyNWiW0o%3AzEUxRnUkAWQmSxHzEAWw0&amp;irgwc=1&amp;srcexid=469064&amp;utmsource=impact&amp;srcplatform=1&amp;Sharedid=\" target=\"_blank\" rel=\"noopener\"><span style=\"font-weight: 400;\">Bybit hivatalos honlapja<\/span><\/a><span style=\"font-weight: 400;\"> \u00e9s kattintson a \"Regisztr\u00e1ci\u00f3\" gombra a fi\u00f3k regisztr\u00e1l\u00e1s\u00e1hoz.\u00a0<\/span><\/p>\n<p><img loading=\"lazy\" decoding=\"async\" class=\"alignnone wp-image-3213 size-full\" src=\"https:\/\/coinkickoff.com\/wp-content\/uploads\/bybit-create-account.png\" alt=\"hogyan lehet megv\u00e1s\u00e1rolni dogecoin a bybit-en fi\u00f3kot l\u00e9trehozni\" width=\"1437\" height=\"723\" srcset=\"https:\/\/coinkickoff.com\/wp-content\/uploads\/bybit-create-account.png 1437w, https:\/\/coinkickoff.com\/wp-content\/uploads\/bybit-create-account-300x151.png 300w, https:\/\/coinkickoff.com\/wp-content\/uploads\/bybit-create-account-1024x515.png 1024w, https:\/\/coinkickoff.com\/wp-content\/uploads\/bybit-create-account-768x386.png 768w, https:\/\/coinkickoff.com\/wp-content\/uploads\/bybit-create-account-18x9.png 18w\" sizes=\"auto, (max-width: 1437px) 100vw, 1437px\" \/><\/p>\n<p><span style=\"font-weight: 400;\">Megnyit\u00e1s egy <a href=\"https:\/\/coinkickoff.com\/hu\/bybit-review\/\" data-internallinksmanager029f6b8e52c=\"157\" title=\"Bybit V\u00e9lem\u00e9nyek 2024: Jellemz\u0151k, d\u00edjak, biztons\u00e1g, el\u0151ny\u00f6k \u00e9s h\u00e1tr\u00e1nyok\">Bybit<\/a> fi\u00f3kot nagyon egyszer\u0171: regisztr\u00e1lhatsz az e-mail c\u00edmeddel vagy telefonsz\u00e1moddal. Regisztr\u00e1lhat a Google vagy Apple ID azonos\u00edt\u00f3j\u00e1val is.\u00a0<\/span><\/p>\n<h3><span class=\"ez-toc-section\" id=\"2_Verify_Your_Account\"><\/span><span style=\"font-weight: 400;\">2. Ellen\u0151rizze a fi\u00f3kj\u00e1t<\/span><span class=\"ez-toc-section-end\"><\/span><\/h3>\n<p><span style=\"font-weight: 400;\">Szigor\u00faan v\u00e9ve nem kell szem\u00e9lyazonoss\u00e1gi ellen\u0151rz\u00e9st v\u00e9geznie ahhoz, hogy a Bybit-en kereskedhessen. A platform lehet\u0151v\u00e9 teszi a digit\u00e1lis eszk\u00f6z\u00f6kkel val\u00f3 keresked\u00e9st \u00e9s azok kivon\u00e1s\u00e1t ellen\u0151rz\u00e9s n\u00e9lk\u00fcl.\u00a0<\/span><\/p>\n<p><span style=\"font-weight: 400;\">Ez azt jelenti, hogy kihagyhatja az ellen\u0151rz\u00e9si l\u00e9p\u00e9st, ha m\u00e1r rendelkezik digit\u00e1lis eszk\u00f6z\u00f6kkel. Mind\u00f6ssze annyit kell tenned, hogy elk\u00fcld\u00f6d n\u00e9h\u00e1ny eszk\u00f6z\u00f6d a Bybit sz\u00e1ml\u00e1dra, \u00e9s m\u00e1ris haszn\u00e1lhatod \u0151ket az DOGE megv\u00e1s\u00e1rl\u00e1s\u00e1ra a platformon.<\/span><\/p>\n<p><img loading=\"lazy\" decoding=\"async\" class=\"alignnone wp-image-3215 size-full\" src=\"https:\/\/coinkickoff.com\/wp-content\/uploads\/bybit-crypto-deposit.png\" alt=\"\" width=\"1372\" height=\"659\" srcset=\"https:\/\/coinkickoff.com\/wp-content\/uploads\/bybit-crypto-deposit.png 1372w, https:\/\/coinkickoff.com\/wp-content\/uploads\/bybit-crypto-deposit-300x144.png 300w, https:\/\/coinkickoff.com\/wp-content\/uploads\/bybit-crypto-deposit-1024x492.png 1024w, https:\/\/coinkickoff.com\/wp-content\/uploads\/bybit-crypto-deposit-768x369.png 768w, https:\/\/coinkickoff.com\/wp-content\/uploads\/bybit-crypto-deposit-18x9.png 18w\" sizes=\"auto, (max-width: 1372px) 100vw, 1372px\" \/><\/p>\n<p><span style=\"font-weight: 400;\">Ha azonban nem rendelkezik kriptovalut\u00e1val, akkor a keresked\u00e9s megkezd\u00e9s\u00e9hez p\u00e9nzt kell befizetnie a Bybit sz\u00e1ml\u00e1j\u00e1ra. Ez azt jelenti, hogy a szem\u00e9lyazonoss\u00e1gi ellen\u0151rz\u00e9st is el kell v\u00e9geznie.\u00a0<\/span><\/p>\n<p><span style=\"font-weight: 400;\">Az ellen\u0151rz\u00e9si folyamat elind\u00edt\u00e1s\u00e1hoz v\u00e1lassza a \"Profil\" lehet\u0151s\u00e9get a m\u0171szerfalon (jobbra fent). A Profil oldalon kattintson a \"Szem\u00e9lyazonoss\u00e1g ellen\u0151rz\u00e9se\" gombra.<\/span><\/p>\n<p><img loading=\"lazy\" decoding=\"async\" class=\"alignnone wp-image-3214 size-full\" src=\"https:\/\/coinkickoff.com\/wp-content\/uploads\/bybit-dashboard.png\" alt=\"\" width=\"1416\" height=\"232\" srcset=\"https:\/\/coinkickoff.com\/wp-content\/uploads\/bybit-dashboard.png 1416w, https:\/\/coinkickoff.com\/wp-content\/uploads\/bybit-dashboard-300x49.png 300w, https:\/\/coinkickoff.com\/wp-content\/uploads\/bybit-dashboard-1024x168.png 1024w, https:\/\/coinkickoff.com\/wp-content\/uploads\/bybit-dashboard-768x126.png 768w, https:\/\/coinkickoff.com\/wp-content\/uploads\/bybit-dashboard-18x3.png 18w\" sizes=\"auto, (max-width: 1416px) 100vw, 1416px\" \/><\/p>\n<p><span style=\"font-weight: 400;\">Egyszer\u0171en kattintson a \"Verify Now\" (Ellen\u0151rz\u00e9s most) gombra az ellen\u0151rz\u00e9si folyamat elind\u00edt\u00e1s\u00e1hoz.<\/span><\/p>\n<p><img loading=\"lazy\" decoding=\"async\" class=\"alignnone wp-image-3212 size-full\" src=\"https:\/\/coinkickoff.com\/wp-content\/uploads\/bybit-identity-verification.png\" alt=\"bybit szem\u00e9lyazonoss\u00e1g-ellen\u0151rz\u00e9s\" width=\"1432\" height=\"792\" srcset=\"https:\/\/coinkickoff.com\/wp-content\/uploads\/bybit-identity-verification.png 1432w, https:\/\/coinkickoff.com\/wp-content\/uploads\/bybit-identity-verification-300x166.png 300w, https:\/\/coinkickoff.com\/wp-content\/uploads\/bybit-identity-verification-1024x566.png 1024w, https:\/\/coinkickoff.com\/wp-content\/uploads\/bybit-identity-verification-768x425.png 768w, https:\/\/coinkickoff.com\/wp-content\/uploads\/bybit-identity-verification-18x10.png 18w\" sizes=\"auto, (max-width: 1432px) 100vw, 1432px\" \/><\/p>\n<p><span style=\"font-weight: 400;\">A szem\u00e9lyazonoss\u00e1gi ellen\u0151rz\u00e9shez fel kell t\u00f6ltenie egy \u00e9rv\u00e9nyes, korm\u00e1ny \u00e1ltal ki\u00e1ll\u00edtott f\u00e9nyk\u00e9pes szem\u00e9lyazonos\u00edt\u00f3 igazolv\u00e1nyt \u00e9s egy szelfit.<\/span><\/p>\n<h3><span class=\"ez-toc-section\" id=\"3_Deposit_FundsCrypto\"><\/span><span style=\"font-weight: 400;\">3. Let\u00e9tbe helyezett alapok\/kripto<\/span><span class=\"ez-toc-section-end\"><\/span><\/h3>\n<p><span style=\"font-weight: 400;\">Miut\u00e1n befejezte a szem\u00e9lyazonoss\u00e1g ellen\u0151rz\u00e9s\u00e9t, fiat valut\u00e1t fizethet be a Bybit sz\u00e1ml\u00e1j\u00e1ra. A m\u0171szerfalon kattintson a \"Crypto megv\u00e1s\u00e1rl\u00e1sa\" men\u00fcpontra, majd v\u00e1lassza a \"Fiat bet\u00e9t\" lehet\u0151s\u00e9get a leg\u00f6rd\u00fcl\u0151 men\u00fcb\u0151l.<\/span><\/p>\n<p><img loading=\"lazy\" decoding=\"async\" class=\"alignnone wp-image-3208 size-full\" src=\"https:\/\/coinkickoff.com\/wp-content\/uploads\/bybit-fiat-deposit.png\" alt=\"bybit fiat bet\u00e9t\" width=\"1432\" height=\"630\" srcset=\"https:\/\/coinkickoff.com\/wp-content\/uploads\/bybit-fiat-deposit.png 1432w, https:\/\/coinkickoff.com\/wp-content\/uploads\/bybit-fiat-deposit-300x132.png 300w, https:\/\/coinkickoff.com\/wp-content\/uploads\/bybit-fiat-deposit-1024x451.png 1024w, https:\/\/coinkickoff.com\/wp-content\/uploads\/bybit-fiat-deposit-768x338.png 768w, https:\/\/coinkickoff.com\/wp-content\/uploads\/bybit-fiat-deposit-18x8.png 18w\" sizes=\"auto, (max-width: 1432px) 100vw, 1432px\" \/><\/p>\n<p><span style=\"font-weight: 400;\">A befizet\u00e9si oldalon v\u00e1lassza ki a k\u00edv\u00e1nt p\u00e9nznemet, adja meg, hogy mennyit szeretne befizetni, \u00e9s v\u00e1lassza ki a befizet\u00e9si m\u00f3dszert. A befizet\u00e9si m\u00f3dszerek fiat p\u00e9nznemenk\u00e9nt v\u00e1ltoznak, b\u00e1r az Advcash sz\u00e1mos fiat opci\u00f3n\u00e1l el\u00e9rhet\u0151.<\/span><\/p>\n<p><img loading=\"lazy\" decoding=\"async\" class=\"alignnone wp-image-3209 size-full\" src=\"https:\/\/coinkickoff.com\/wp-content\/uploads\/bybitfiatdeposit2.png\" alt=\"bybit fiat bet\u00e9t\" width=\"1418\" height=\"783\" srcset=\"https:\/\/coinkickoff.com\/wp-content\/uploads\/bybitfiatdeposit2.png 1418w, https:\/\/coinkickoff.com\/wp-content\/uploads\/bybitfiatdeposit2-300x166.png 300w, https:\/\/coinkickoff.com\/wp-content\/uploads\/bybitfiatdeposit2-1024x565.png 1024w, https:\/\/coinkickoff.com\/wp-content\/uploads\/bybitfiatdeposit2-768x424.png 768w, https:\/\/coinkickoff.com\/wp-content\/uploads\/bybitfiatdeposit2-18x10.png 18w\" sizes=\"auto, (max-width: 1418px) 100vw, 1418px\" \/><\/p>\n<p><span style=\"font-weight: 400;\">Miut\u00e1n kiv\u00e1lasztotta a fizet\u00e9si m\u00f3dot, fogadja el a \"Felt\u00e9telek \u00e9s szolg\u00e1ltat\u00e1sok\" c\u00edm\u0171 r\u00e9szt, \u00e9s kattintson a folytat\u00e1s gombra.<\/span><\/p>\n<h3><span class=\"ez-toc-section\" id=\"4_Navigate_to_the_Relevant_Screen_to_Buy\"><\/span><span style=\"font-weight: 400;\">4. Navig\u00e1ljon a megfelel\u0151 k\u00e9perny\u0151re a v\u00e1s\u00e1rl\u00e1shoz<\/span><span class=\"ez-toc-section-end\"><\/span><\/h3>\n<p><span style=\"font-weight: 400;\">Miut\u00e1n befizetett n\u00e9mi p\u00e9nzt a Bybit sz\u00e1ml\u00e1j\u00e1ra, az DOGE megv\u00e1s\u00e1rl\u00e1sa nagyon egyszer\u0171. A m\u0171szerfalon kattintson a \"Crypto megv\u00e1s\u00e1rl\u00e1sa\" men\u00fcpontra, \u00e9s v\u00e1lassza az \"Egy kattint\u00e1ssal t\u00f6rt\u00e9n\u0151 v\u00e1s\u00e1rl\u00e1s\" lehet\u0151s\u00e9get. Ez elviszi \u00d6nt az egyszer\u0171 v\u00e9teli\/elad\u00e1si oldalra.<\/span><\/p>\n<p><img loading=\"lazy\" decoding=\"async\" class=\"alignnone wp-image-3211 size-full\" src=\"https:\/\/coinkickoff.com\/wp-content\/uploads\/bybit-one-click-buy-2.png\" alt=\"bybit egy kattint\u00e1s v\u00e1s\u00e1rl\u00e1s 2\" width=\"1433\" height=\"795\" srcset=\"https:\/\/coinkickoff.com\/wp-content\/uploads\/bybit-one-click-buy-2.png 1433w, https:\/\/coinkickoff.com\/wp-content\/uploads\/bybit-one-click-buy-2-300x166.png 300w, https:\/\/coinkickoff.com\/wp-content\/uploads\/bybit-one-click-buy-2-1024x568.png 1024w, https:\/\/coinkickoff.com\/wp-content\/uploads\/bybit-one-click-buy-2-768x426.png 768w, https:\/\/coinkickoff.com\/wp-content\/uploads\/bybit-one-click-buy-2-18x10.png 18w\" sizes=\"auto, (max-width: 1433px) 100vw, 1433px\" \/><\/p>\n<p><span style=\"font-weight: 400;\"><img loading=\"lazy\" decoding=\"async\" class=\"alignnone wp-image-3210 size-full\" src=\"https:\/\/coinkickoff.com\/wp-content\/uploads\/oneclickbuy-bybit-1.png\" alt=\"egy kattint\u00e1ssal v\u00e1s\u00e1rolhatsz bybit\" width=\"1429\" height=\"792\" srcset=\"https:\/\/coinkickoff.com\/wp-content\/uploads\/oneclickbuy-bybit-1.png 1429w, https:\/\/coinkickoff.com\/wp-content\/uploads\/oneclickbuy-bybit-1-300x166.png 300w, https:\/\/coinkickoff.com\/wp-content\/uploads\/oneclickbuy-bybit-1-1024x568.png 1024w, https:\/\/coinkickoff.com\/wp-content\/uploads\/oneclickbuy-bybit-1-768x426.png 768w, https:\/\/coinkickoff.com\/wp-content\/uploads\/oneclickbuy-bybit-1-18x10.png 18w\" sizes=\"auto, (max-width: 1429px) 100vw, 1429px\" \/>A V\u00e1s\u00e1rl\u00e1s\/elad\u00e1s oldalon v\u00e1lassza ki a megv\u00e1s\u00e1rolni k\u00edv\u00e1nt kriptop\u00e9nzt, \u00e9s adja meg az elk\u00f6lteni k\u00edv\u00e1nt \u00f6sszeget. A kalkul\u00e1tor automatikusan megjelen\u00edti, hogy mennyi DOGE-t fog kapni a doll\u00e1rjai\u00e9rt cser\u00e9be.<\/span><\/p>\n<p><span style=\"font-weight: 400;\">V\u00e9g\u00fcl v\u00e1lassza ki a fizet\u00e9si m\u00f3dk\u00e9nt a fiat egyenleget, \u00e9s kattintson a \"V\u00e1s\u00e1rl\u00e1s USD-vel\" gombra.<\/span><\/p>\n<p><span style=\"font-weight: 400;\">Gratul\u00e1lunk!<\/span><\/p>\n<p>Ha szeretne v\u00e1s\u00e1rolni Dogecoin vagy m\u00e1s digit\u00e1lis eszk\u00f6z\u00f6k k\u00fcl\u00f6nb\u00f6z\u0151 t\u0151zsd\u00e9ken, n\u00e9zze meg a mi\u00a0<a href=\"https:\/\/coinkickoff.com\/hu\/crypto-exchanges\/\">a legjobb 22 kriptovaluta t\u0151zsd\u00e9k \u00e1ttekint\u00e9se<\/a>\u00a0\u00e9s nyolc m\u00e1sik alternat\u00edva.<\/p>","protected":false},"excerpt":{"rendered":"<p>Hogyan v\u00e1s\u00e1rolhat Dogecoin-t a Bybit-en B\u00e1r az Dogecoin nem t\u00fal stabil vagy k\u00fcl\u00f6n\u00f6sen hasznos digit\u00e1lis eszk\u00f6z, vicces m\u00e9mszer\u0171s\u00e9ge miatt el\u00e9g h\u00edres. Emellett el\u00e9g k\u00f6nny\u0171 megv\u00e1s\u00e1rolni, mivel nagyj\u00e1b\u00f3l minden t\u0151zsd\u00e9n megtal\u00e1lhat\u00f3.  Az DOGE k\u00edn\u00e1lata nagyj\u00e1b\u00f3l v\u00e9gtelen, \u00edgy [...]<\/p>","protected":false},"author":3,"featured_media":1199,"parent":3196,"menu_order":0,"comment_status":"closed","ping_status":"closed","template":"","meta":{"_genesis_hide_title":false,"_genesis_hide_breadcrumbs":false,"_genesis_hide_singular_image":false,"_genesis_hide_footer_widgets":false,"_genesis_custom_body_class":"","_genesis_custom_post_class":"","_genesis_layout":"","_glsr_average":0,"_glsr_ranking":0,"_glsr_reviews":0,"footnotes":""},"class_list":{"0":"post-3203","1":"page","2":"type-page","3":"status-publish","4":"has-post-thumbnail","6":"entry"},"featured_image_src":"https:\/\/coinkickoff.com\/wp-content\/uploads\/bybit-homepage-600x400.png","featured_image_src_square":"https:\/\/coinkickoff.com\/wp-content\/uploads\/bybit-homepage-600x600.png","_links":{"self":[{"href":"https:\/\/coinkickoff.com\/hu\/wp-json\/wp\/v2\/pages\/3203","targetHints":{"allow":["GET"]}}],"collection":[{"href":"https:\/\/coinkickoff.com\/hu\/wp-json\/wp\/v2\/pages"}],"about":[{"href":"https:\/\/coinkickoff.com\/hu\/wp-json\/wp\/v2\/types\/page"}],"author":[{"embeddable":true,"href":"https:\/\/coinkickoff.com\/hu\/wp-json\/wp\/v2\/users\/3"}],"replies":[{"embeddable":true,"href":"https:\/\/coinkickoff.com\/hu\/wp-json\/wp\/v2\/comments?post=3203"}],"version-history":[{"count":5,"href":"https:\/\/coinkickoff.com\/hu\/wp-json\/wp\/v2\/pages\/3203\/revisions"}],"predecessor-version":[{"id":4490,"href":"https:\/\/coinkickoff.com\/hu\/wp-json\/wp\/v2\/pages\/3203\/revisions\/4490"}],"up":[{"embeddable":true,"href":"https:\/\/coinkickoff.com\/hu\/wp-json\/wp\/v2\/pages\/3196"}],"wp:featuredmedia":[{"embeddable":true,"href":"https:\/\/coinkickoff.com\/hu\/wp-json\/wp\/v2\/media\/1199"}],"wp:attachment":[{"href":"https:\/\/coinkickoff.com\/hu\/wp-json\/wp\/v2\/media?parent=3203"}],"curies":[{"name":"wp","href":"https:\/\/api.w.org\/{rel}","templated":true}]}}