{"id":3196,"date":"2026-01-08T14:07:36","date_gmt":"2026-01-08T14:07:36","guid":{"rendered":"https:\/\/coinkickoff.com\/?page_id=3196"},"modified":"2026-01-08T14:07:36","modified_gmt":"2026-01-08T14:07:36","slug":"how-to-buy-dogecoin","status":"publish","type":"page","link":"https:\/\/coinkickoff.com\/hu\/how-to-buy-dogecoin\/","title":{"rendered":"Hogyan v\u00e1s\u00e1rolhat Dogecoin (DOGE)"},"content":{"rendered":"<p><span style=\"font-weight: 400;\"><img loading=\"lazy\" decoding=\"async\" class=\"aligncenter wp-image-155 size-full\" src=\"https:\/\/coinkickoff.com\/wp-content\/uploads\/2022\/06\/Dogecoin-DOGE.jpg\" alt=\"hogyan lehet megv\u00e1s\u00e1rolni a dogecoin\" width=\"1000\" height=\"800\" srcset=\"https:\/\/coinkickoff.com\/wp-content\/uploads\/2022\/06\/Dogecoin-DOGE.jpg 1000w, https:\/\/coinkickoff.com\/wp-content\/uploads\/2022\/06\/Dogecoin-DOGE-300x240.jpg 300w, https:\/\/coinkickoff.com\/wp-content\/uploads\/2022\/06\/Dogecoin-DOGE-768x614.jpg 768w, https:\/\/coinkickoff.com\/wp-content\/uploads\/2022\/06\/Dogecoin-DOGE-15x12.jpg 15w\" sizes=\"auto, (max-width: 1000px) 100vw, 1000px\" \/>Ha v\u00e1s\u00e1rolni szeretne <a href=\"https:\/\/coinkickoff.com\/hu\/dogecoin-doge\/\" data-internallinksmanager029f6b8e52c=\"14\" title=\"Milyen t\u00edpus\u00fa gy\u00f3gyszer a Dogecoin (DOGE)? Hogyan m\u0171k\u00f6dik \u00e9s hol lehet megv\u00e1s\u00e1rolni?\">Dogecoin<\/a> \u00e9s nem tudja, hol kezdje, akkor j\u00f3 helyen j\u00e1r. Megmutatjuk, hogyan \u00e9s hol v\u00e1s\u00e1rolhatja meg az DOGE-t l\u00e9p\u00e9sr\u0151l l\u00e9p\u00e9sre.<\/span><\/p>\n<div id=\"ez-toc-container\" class=\"ez-toc-v2_0_80 counter-hierarchy ez-toc-counter ez-toc-transparent ez-toc-container-direction\">\n<div class=\"ez-toc-title-container\">\n<p class=\"ez-toc-title\" style=\"cursor:inherit\">Szakaszok<\/p>\n<span class=\"ez-toc-title-toggle\"><a href=\"#\" class=\"ez-toc-pull-right ez-toc-btn ez-toc-btn-xs ez-toc-btn-default ez-toc-toggle\" aria-label=\"Toggle Tartalomjegyz\u00e9k\"><span class=\"ez-toc-js-icon-con\"><span class=\"\"><span class=\"eztoc-hide\" style=\"display:none;\">Toggle<\/span><span class=\"ez-toc-icon-toggle-span\"><svg style=\"fill: #999;color:#999\" xmlns=\"http:\/\/www.w3.org\/2000\/svg\" class=\"list-377408\" width=\"20px\" height=\"20px\" viewbox=\"0 0 24 24\" fill=\"none\"><path d=\"M6 6H4v2h2V6zm14 0H8v2h12V6zM4 11h2v2H4v-2zm16 0H8v2h12v-2zM4 16h2v2H4v-2zm16 0H8v2h12v-2z\" fill=\"currentColor\"><\/path><\/svg><svg style=\"fill: #999;color:#999\" class=\"arrow-unsorted-368013\" xmlns=\"http:\/\/www.w3.org\/2000\/svg\" width=\"10px\" height=\"10px\" viewbox=\"0 0 24 24\" version=\"1.2\" baseprofile=\"tiny\"><path d=\"M18.2 9.3l-6.2-6.3-6.2 6.3c-.2.2-.3.4-.3.7s.1.5.3.7c.2.2.4.3.7.3h11c.3 0 .5-.1.7-.3.2-.2.3-.5.3-.7s-.1-.5-.3-.7zM5.8 14.7l6.2 6.3 6.2-6.3c.2-.2.3-.5.3-.7s-.1-.5-.3-.7c-.2-.2-.4-.3-.7-.3h-11c-.3 0-.5.1-.7.3-.2.2-.3.5-.3.7s.1.5.3.7z\"\/><\/svg><\/span><\/span><\/span><\/a><\/span><\/div>\n<nav><ul class='ez-toc-list ez-toc-list-level-1 eztoc-toggle-hide-by-default' ><li class='ez-toc-page-1 ez-toc-heading-level-2'><a class=\"ez-toc-link ez-toc-heading-1\" href=\"https:\/\/coinkickoff.com\/hu\/how-to-buy-dogecoin\/#What_Is_Dogecoin\" >Mi az Dogecoin?<\/a><\/li><li class='ez-toc-page-1 ez-toc-heading-level-2'><a class=\"ez-toc-link ez-toc-heading-2\" href=\"https:\/\/coinkickoff.com\/hu\/how-to-buy-dogecoin\/#Where_Can_I_Buy_Dogecoin\" >Hol lehet megv\u00e1s\u00e1rolni az Dogecoin-t?<\/a><\/li><li class='ez-toc-page-1 ez-toc-heading-level-2'><a class=\"ez-toc-link ez-toc-heading-3\" href=\"https:\/\/coinkickoff.com\/hu\/how-to-buy-dogecoin\/#How_to_Buy_Dogecoin\" >Hogyan v\u00e1s\u00e1rolhat Dogecoin<\/a><ul class='ez-toc-list-level-3' ><li class='ez-toc-heading-level-3'><a class=\"ez-toc-link ez-toc-heading-4\" href=\"https:\/\/coinkickoff.com\/hu\/how-to-buy-dogecoin\/#Choose_Your_Exchange\" >V\u00e1lassza ki a cser\u00e9j\u00e9t<\/a><\/li><li class='ez-toc-page-1 ez-toc-heading-level-3'><a class=\"ez-toc-link ez-toc-heading-5\" href=\"https:\/\/coinkickoff.com\/hu\/how-to-buy-dogecoin\/#Buy_DOGE\" >DOGE megv\u00e1s\u00e1rl\u00e1sa<\/a><\/li><li class='ez-toc-page-1 ez-toc-heading-level-3'><a class=\"ez-toc-link ez-toc-heading-6\" href=\"https:\/\/coinkickoff.com\/hu\/how-to-buy-dogecoin\/#Store_Your_DOGE\" >Az DOGE t\u00e1rol\u00e1sa<\/a><ul class='ez-toc-list-level-4' ><li class='ez-toc-heading-level-4'><a class=\"ez-toc-link ez-toc-heading-7\" href=\"https:\/\/coinkickoff.com\/hu\/how-to-buy-dogecoin\/#Exchange_Wallet\" >Exchange Wallet<\/a><\/li><li class='ez-toc-page-1 ez-toc-heading-level-4'><a class=\"ez-toc-link ez-toc-heading-8\" href=\"https:\/\/coinkickoff.com\/hu\/how-to-buy-dogecoin\/#Self-Custody_Hot_Wallets\" >\u00d6nt\u00e1rol\u00f3 forr\u00f3 p\u00e9nzt\u00e1rc\u00e1k<\/a><\/li><li class='ez-toc-page-1 ez-toc-heading-level-4'><a class=\"ez-toc-link ez-toc-heading-9\" href=\"https:\/\/coinkickoff.com\/hu\/how-to-buy-dogecoin\/#Cold_Wallets\" >Hideg p\u00e9nzt\u00e1rc\u00e1k<\/a><\/li><\/ul><\/li><\/ul><\/li><\/ul><\/nav><\/div>\n<h2><span class=\"ez-toc-section\" id=\"What_Is_Dogecoin\"><\/span><span style=\"font-weight: 400;\">Mi az Dogecoin?<\/span><span class=\"ez-toc-section-end\"><\/span><\/h2>\n<p><span style=\"font-weight: 400;\">Tal\u00e1n hallottad m\u00e1r, hogy az emberek a <\/span><a href=\"https:\/\/coinkickoff.com\/hu\/dogecoin-doge\/\"><span style=\"font-weight: 400;\">Dogecoin<\/span><\/a><span style=\"font-weight: 400;\"> mint egy m\u00e9m coin. Ez igaz: az Dogecoin alap\u00edt\u00f3it, Billy Marcust \u00e9s Jackson Palmert egy <\/span><a href=\"https:\/\/knowyourmeme.com\/memes\/doge\" target=\"_blank\" rel=\"noopener\"><span style=\"font-weight: 400;\">m\u00e9m egy Shiba Inu kuty\u00e1val<\/span><\/a><span style=\"font-weight: 400;\"> \u00e9s az Dogecoin-t els\u0151sorban viccb\u0151l ind\u00edtotta el.<\/span><\/p>\n<p><span style=\"font-weight: 400;\">Az coin a Reddit-en kapott hype miatt v\u00e1lt n\u00e9pszer\u0171v\u00e9, miut\u00e1n felkeltette a Tesla vez\u00e9rigazgat\u00f3j\u00e1nak, Elon Musknak a figyelm\u00e9t. <\/span><a href=\"https:\/\/uk.finance.yahoo.com\/news\/dogecoin-elon-musk-tweet-reddit-100947312.html\" target=\"_blank\" rel=\"noopener\"><span style=\"font-weight: 400;\">az coin 2021-ben tweetelt az coin-r\u0151l<\/span><\/a><span style=\"font-weight: 400;\">. Musk k\u00f6zrem\u0171k\u00f6d\u00e9se r\u00f6vid id\u0151re az DOGE \u00e1rfolyam\u00e1nak ugr\u00e1sszer\u0171 emelked\u00e9s\u00e9t okozta, b\u00e1r az eszk\u00f6z nem sokkal k\u00e9s\u0151bb elvesztette \u00e9rt\u00e9k\u00e9nek nagy r\u00e9sz\u00e9t.<\/span><\/p>\n<p><img loading=\"lazy\" decoding=\"async\" class=\"alignnone size-medium\" src=\"https:\/\/coinkickoff.com\/wp-content\/uploads\/1612461300-elon-musk-lion-king.jpg\" alt=\"ELON MUSK DOGE\" width=\"675\" height=\"380\" \/><\/p>\n<p><span style=\"font-weight: 400;\">Az Dogecoin-nek nem igaz\u00e1n van felhaszn\u00e1l\u00e1si ter\u00fclete: nem egy nagyszer\u0171 m\u00f3dja az \u00e9rt\u00e9k\u00e1tad\u00e1snak, mint p\u00e9ld\u00e1ul a <\/span><a href=\"https:\/\/coinkickoff.com\/hu\/tether-usdt\/\"><span style=\"font-weight: 400;\">stabilcoins<\/span><\/a><span style=\"font-weight: 400;\">, mivel az \u00e1rak nem stabilak. V\u00e9gtelen a k\u00edn\u00e1lata (ellent\u00e9tben p\u00e9ld\u00e1ul, <\/span><a href=\"https:\/\/coinkickoff.com\/hu\/bitcoin-btc\/\"><span style=\"font-weight: 400;\">Bitcoin<\/span><\/a><span style=\"font-weight: 400;\">), \u00edgy az id\u0151 m\u00fal\u00e1s\u00e1val nem v\u00e1lik kev\u00e9sb\u00e9 el\u00e9rhet\u0151v\u00e9 vagy \u00e9rt\u00e9kesebb\u00e9.\u00a0<\/span><\/p>\n<p><span style=\"font-weight: 400;\">T\u00f6bb milli\u00e1rd DOGE van a piacon, \u00e9s az Dogecoin tov\u00e1bbra is az egyik legnagyobb kripto coins a piaci t\u0151ke\u00e9rt\u00e9k alapj\u00e1n, de ez nem jelenti azt, hogy p\u00e9nzben kifejezett \u00e9rt\u00e9ket is k\u00e9pvisel.<\/span><\/p>\n<p><img loading=\"lazy\" decoding=\"async\" class=\"alignnone wp-image-3198 size-full\" src=\"https:\/\/coinkickoff.com\/wp-content\/uploads\/dogemarketcap.png\" alt=\"doge marketcap\" width=\"977\" height=\"573\" srcset=\"https:\/\/coinkickoff.com\/wp-content\/uploads\/dogemarketcap.png 977w, https:\/\/coinkickoff.com\/wp-content\/uploads\/dogemarketcap-300x176.png 300w, https:\/\/coinkickoff.com\/wp-content\/uploads\/dogemarketcap-768x450.png 768w, https:\/\/coinkickoff.com\/wp-content\/uploads\/dogemarketcap-18x12.png 18w\" sizes=\"auto, (max-width: 977px) 100vw, 977px\" \/><\/p>\n<p><span style=\"font-weight: 400;\">Az coin-t nagy sz\u00e1mban lehet b\u00e1ny\u00e1szni, \u00edgy m\u00e1r nem is olyan \u00e9rt\u00e9kes. Id\u0151nk\u00e9nt r\u00f6vid ideig megugrik az \u00e1ra, \u00e1ltal\u00e1ban olyan h\u00edress\u00e9gek szesz\u00e9lyes megjegyz\u00e9sei miatt, mint Musk.<\/span><\/p>\n<p><img loading=\"lazy\" decoding=\"async\" class=\"alignnone wp-image-3197 size-full\" src=\"https:\/\/coinkickoff.com\/wp-content\/uploads\/doge-price.png\" alt=\"DOGE \u00e1r\" width=\"973\" height=\"559\" srcset=\"https:\/\/coinkickoff.com\/wp-content\/uploads\/doge-price.png 973w, https:\/\/coinkickoff.com\/wp-content\/uploads\/doge-price-300x172.png 300w, https:\/\/coinkickoff.com\/wp-content\/uploads\/doge-price-768x441.png 768w, https:\/\/coinkickoff.com\/wp-content\/uploads\/doge-price-18x10.png 18w\" sizes=\"auto, (max-width: 973px) 100vw, 973px\" \/><\/p>\n<p><span style=\"font-weight: 400;\">\u00d6sszess\u00e9g\u00e9ben pontos, ha viccnek nevezz\u00fck az coin-t.<\/span><\/p>\n<h2><span class=\"ez-toc-section\" id=\"Where_Can_I_Buy_Dogecoin\"><\/span><span style=\"font-weight: 400;\">Hol lehet megv\u00e1s\u00e1rolni az Dogecoin-t?<\/span><span class=\"ez-toc-section-end\"><\/span><\/h2>\n<p><span style=\"font-weight: 400;\">Az Dogecoin megv\u00e1s\u00e1rolhat\u00f3 a legt\u00f6bb <a href=\"https:\/\/coinkickoff.com\/hu\/crypto-exchanges\/\" data-internallinksmanager029f6b8e52c=\"141\" title=\"21 A legjobb kriptovaluta t\u0151zsd\u00e9k \u00e9s alkalmaz\u00e1sok 2024-ben\">kriptot\u0151zsd\u00e9k<\/a>. <\/span><a href=\"https:\/\/coinmarketcap.com\/currencies\/dogecoin\/\" target=\"_blank\" rel=\"noopener\"><span style=\"font-weight: 400;\">Doge a 16. legnagyobb kripto<\/span><\/a><span style=\"font-weight: 400;\"> piaci t\u0151ke\u00e9rt\u00e9k szerint, \u00edgy \u00e1ltal\u00e1ban a n\u00e9pszer\u0171 t\u0151zsd\u00e9ken \u00e9rhet\u0151 el.<\/span><\/p>\n<p><img loading=\"lazy\" decoding=\"async\" class=\"alignnone wp-image-3199 size-full\" src=\"https:\/\/coinkickoff.com\/wp-content\/uploads\/doge-on-binance.png\" alt=\"DOGE az Binance-n\" width=\"1366\" height=\"584\" srcset=\"https:\/\/coinkickoff.com\/wp-content\/uploads\/doge-on-binance.png 1366w, https:\/\/coinkickoff.com\/wp-content\/uploads\/doge-on-binance-300x128.png 300w, https:\/\/coinkickoff.com\/wp-content\/uploads\/doge-on-binance-1024x438.png 1024w, https:\/\/coinkickoff.com\/wp-content\/uploads\/doge-on-binance-768x328.png 768w, https:\/\/coinkickoff.com\/wp-content\/uploads\/doge-on-binance-18x8.png 18w\" sizes=\"auto, (max-width: 1366px) 100vw, 1366px\" \/><\/p>\n<p><span style=\"font-weight: 400;\">Az DOGE-t fiat valut\u00e1val megv\u00e1s\u00e1rolhatja a k\u00f6zpontos\u00edtott kriptot\u0151zsd\u00e9ken, mint p\u00e9ld\u00e1ul a k\u00f6vetkez\u0151k\u00f6n <\/span><a href=\"https:\/\/coinkickoff.com\/hu\/coinbase-review\/\"><span style=\"font-weight: 400;\">Coinbase<\/span><\/a><span style=\"font-weight: 400;\">, <\/span><a href=\"https:\/\/coinkickoff.com\/hu\/binance-review\/\"><span style=\"font-weight: 400;\">Binance<\/span><\/a><span style=\"font-weight: 400;\">, <\/span><a href=\"https:\/\/coinkickoff.com\/hu\/kraken-review\/\"><span style=\"font-weight: 400;\">Kraken<\/span><\/a><span style=\"font-weight: 400;\">, \u00e9s <\/span><a href=\"https:\/\/coinkickoff.com\/hu\/etoro-review\/\"><span style=\"font-weight: 400;\">eToro<\/span><\/a><span style=\"font-weight: 400;\">.<\/span><\/p>\n<p><span style=\"font-weight: 400;\">Ha m\u00e1r rendelkezik kriptovalut\u00e1val, akkor az DOGE-t \u00e9s m\u00e1s digit\u00e1lis eszk\u00f6z\u00f6ket is megv\u00e1s\u00e1rolhatja az olyan decentraliz\u00e1lt t\u0151zsd\u00e9ken, mint a <\/span><a href=\"https:\/\/www.sushi.com\/\" target=\"_blank\" rel=\"noopener\"><span style=\"font-weight: 400;\">SushiSwap<\/span><\/a><span style=\"font-weight: 400;\"> vagy <\/span><a href=\"https:\/\/uniswap.org\/\" target=\"_blank\" rel=\"noopener\"><span style=\"font-weight: 400;\">Uniswap<\/span><\/a><span style=\"font-weight: 400;\">. Ezek a t\u0151zsd\u00e9k megk\u00f6nny\u00edtik a k\u00f6zvet\u00edt\u0151k n\u00e9lk\u00fcli, egyenrang\u00fa tranzakci\u00f3kat.<\/span><\/p>\n<p><span style=\"font-weight: 400;\">B\u00e1r gyakran olcs\u00f3bbak, mint a k\u00f6zpontos\u00edtott t\u0151zsd\u00e9k, nehezebb lehet benn\u00fck eligazodni, \u00e9s kezd\u0151k sz\u00e1m\u00e1ra nem igaz\u00e1n alkalmasak. Term\u00e9szetesen k\u00f6nnyen megtanulhatod egy decentraliz\u00e1lt t\u0151zsde haszn\u00e1lat\u00e1t, ha egy kis id\u0151t sz\u00e1nsz r\u00e1.<\/span><\/p>\n<h2><span class=\"ez-toc-section\" id=\"How_to_Buy_Dogecoin\"><\/span><span style=\"font-weight: 400;\">Hogyan v\u00e1s\u00e1rolhat Dogecoin<\/span><span class=\"ez-toc-section-end\"><\/span><\/h2>\n<p><span style=\"font-weight: 400;\">B\u00e1rmely kriptop\u00e9nz v\u00e1s\u00e1rl\u00e1s\u00e1nak h\u00e1rom l\u00e9p\u00e9se van, bele\u00e9rtve az Dogecoin-t is. El\u0151sz\u00f6r is, d\u00f6ntse el, melyik t\u0151zsd\u00e9t szeretn\u00e9 haszn\u00e1lni. Ezut\u00e1n fontolja meg, hogy hol t\u00e1rolja a kript\u00f3t. Ha ezt a d\u00f6nt\u00e9st meghozta, menjen el\u0151re \u00e9s v\u00e1s\u00e1roljon DOGE-t.\u00a0<\/span><\/p>\n<p><span style=\"font-weight: 400;\">Itt egy r\u00e9szletesebb megk\u00f6zel\u00edt\u00e9s abszol\u00fat kezd\u0151knek:<\/span><\/p>\n<h3><span class=\"ez-toc-section\" id=\"Choose_Your_Exchange\"><\/span><span style=\"font-weight: 400;\">V\u00e1lassza ki a cser\u00e9j\u00e9t<\/span><span class=\"ez-toc-section-end\"><\/span><\/h3>\n<p><span style=\"font-weight: 400;\">A k\u00fcl\u00f6nb\u00f6z\u0151 t\u0151zsd\u00e9k k\u00fcl\u00f6nb\u00f6z\u0151 funkci\u00f3kat k\u00edn\u00e1lnak, \u00e9s k\u00fcl\u00f6nb\u00f6z\u0151 kript\u00f3k el\u00e9rhet\u0151s\u00e9g\u00e9vel \u00e9s d\u00edjaival rendelkeznek. A d\u00f6nt\u00e9s meghozatala el\u0151tt \u00f6sszehasonl\u00edthat n\u00e9h\u00e1nyat a legismertebb t\u0151zsd\u00e9k k\u00f6z\u00fcl, hogy megn\u00e9zze, melyik felel meg legink\u00e1bb az ig\u00e9nyeinek.<\/span><\/p>\n<p><span style=\"font-weight: 400;\">P\u00e9ld\u00e1ul, <a href=\"https:\/\/coinkickoff.com\/hu\/coinbase-review\/\" data-internallinksmanager029f6b8e52c=\"142\" title=\"Coinbase V\u00e9lem\u00e9nyek 2024: Tulajdons\u00e1gok, d\u00edjak, biztons\u00e1g, el\u0151ny\u00f6k \u00e9s h\u00e1tr\u00e1nyok\">Coinbase<\/a> \u00e9s <a href=\"https:\/\/coinkickoff.com\/hu\/binance-review\/\" data-internallinksmanager029f6b8e52c=\"152\" title=\"Binance V\u00e9lem\u00e9nyek 2024: Jellemz\u0151k, d\u00edjak, biztons\u00e1g, el\u0151ny\u00f6k \u00e9s h\u00e1tr\u00e1nyok\">Binance<\/a> US mindkett\u0151 hasonl\u00f3 digit\u00e1lis eszk\u00f6z\u00f6ket k\u00edn\u00e1l (bele\u00e9rtve az DOGE-t), de az Binance alacsonyabb d\u00edjakat k\u00edn\u00e1l. Az Coinbase azonban biztons\u00e1gosabbnak \u00e9s kezd\u0151bar\u00e1tabbnak tekinthet\u0151. V\u00e9gezze el a kutat\u00e1st, miel\u0151tt egy platform mellett d\u00f6nt, mivel a kripto kock\u00e1zatos befektet\u00e9s lehet.<\/span><\/p>\n<p><span style=\"font-weight: 400;\">\u00c1tn\u00e9zheti a csere fel\u00fclvizsg\u00e1lati \u00fatmutat\u00f3t, hogy \u00e1tfog\u00f3bb k\u00e9pet kaphasson a <\/span><a href=\"https:\/\/coinkickoff.com\/hu\/crypto-exchanges\/\"><span style=\"font-weight: 400;\">legn\u00e9pszer\u0171bb kriptot\u0151zsd\u00e9k<\/span><\/a><span style=\"font-weight: 400;\">.<\/span><\/p>\n<h3><span class=\"ez-toc-section\" id=\"Buy_DOGE\"><\/span><span style=\"font-weight: 400;\">DOGE megv\u00e1s\u00e1rl\u00e1sa<\/span><span class=\"ez-toc-section-end\"><\/span><\/h3>\n<p><span style=\"font-weight: 400;\">Ha eld\u00f6nt\u00f6tte, hogy melyik platformot v\u00e1lasztja, jelentkezzen be. A legt\u00f6bb k\u00f6zpontos\u00edtott kriptot\u0151zsde lehet\u0151v\u00e9 teszi, hogy kript\u00f3t v\u00e1s\u00e1roljon fiat valut\u00e1val (p\u00e9ld\u00e1ul USD vagy EUR). A banksz\u00e1ml\u00e1dat csatlakoztathatod a platformhoz, \u00e9s p\u00e9nzt utalhatsz a csere sz\u00e1ml\u00e1dra.<\/span><\/p>\n<p><img loading=\"lazy\" decoding=\"async\" class=\"alignnone wp-image-3201 size-full\" src=\"https:\/\/coinkickoff.com\/wp-content\/uploads\/buy-doge-on-binance-1.png\" alt=\"v\u00e1s\u00e1rolni doge a binance-on\" width=\"1432\" height=\"802\" srcset=\"https:\/\/coinkickoff.com\/wp-content\/uploads\/buy-doge-on-binance-1.png 1432w, https:\/\/coinkickoff.com\/wp-content\/uploads\/buy-doge-on-binance-1-300x168.png 300w, https:\/\/coinkickoff.com\/wp-content\/uploads\/buy-doge-on-binance-1-1024x573.png 1024w, https:\/\/coinkickoff.com\/wp-content\/uploads\/buy-doge-on-binance-1-768x430.png 768w, https:\/\/coinkickoff.com\/wp-content\/uploads\/buy-doge-on-binance-1-18x10.png 18w\" sizes=\"auto, (max-width: 1432px) 100vw, 1432px\" \/><\/p>\n<p><span style=\"font-weight: 400;\">Egyes t\u0151zsd\u00e9k lehet\u0151v\u00e9 teszik a kriptov\u00e1s\u00e1rl\u00e1st hitelk\u00e1rty\u00e1val, bankk\u00e1rty\u00e1val, PayPal, Google Pay \u00e9s Apple Pay seg\u00edts\u00e9g\u00e9vel is. Ha van t\u0151zsdei sz\u00e1ml\u00e1ja vagy m\u00e1s digit\u00e1lis eszk\u00f6ze, akkor ezeket az eszk\u00f6z\u00f6ket is elcser\u00e9lheti DOGE-re.<\/span><\/p>\n<p><span style=\"font-weight: 400;\">Egyes t\u0151zsd\u00e9k lehet\u0151v\u00e9 teszik az DOGE k\u00f6zvetlen v\u00e1s\u00e1rl\u00e1s\u00e1t fiat p\u00e9nzzel, m\u00edg m\u00e1sok csak stabilcoins-t k\u00edn\u00e1lnak, mint pl. <a href=\"https:\/\/coinkickoff.com\/hu\/tether-usdt\/\" data-internallinksmanager029f6b8e52c=\"3\" title=\"Mi az Tether (USDT)? Hogyan m\u0171k\u00f6dik \u00e9s hol lehet megv\u00e1s\u00e1rolni?\">USDT<\/a> vagy <a href=\"https:\/\/coinkickoff.com\/hu\/usd-coin-usdc\/\" data-internallinksmanager029f6b8e52c=\"8\" title=\"Mi az USD Coin (USDC)? Hogyan m\u0171k\u00f6dik \u00e9s hol lehet megv\u00e1s\u00e1rolni?\">USDC<\/a>. Ezekben az esetekben el\u0151sz\u00f6r egy stabilcoin-t kell v\u00e1s\u00e1rolnia, majd DOGE-re cser\u00e9lnie.<\/span><\/p>\n<h3><span class=\"ez-toc-section\" id=\"Store_Your_DOGE\"><\/span><span style=\"font-weight: 400;\">Az DOGE t\u00e1rol\u00e1sa<\/span><span class=\"ez-toc-section-end\"><\/span><\/h3>\n<p><span style=\"font-weight: 400;\">Miut\u00e1n megv\u00e1s\u00e1rolta az DOGE-t, el kell d\u00f6ntenie, hogy hol t\u00e1rolja. Erre t\u00f6bb lehet\u0151s\u00e9ge is van.<\/span><\/p>\n<h4><span class=\"ez-toc-section\" id=\"Exchange_Wallet\"><\/span><span style=\"font-weight: 400;\">Exchange Wallet<\/span><span class=\"ez-toc-section-end\"><\/span><\/h4>\n<p><span style=\"font-weight: 400;\">Amikor kript\u00f3t v\u00e1s\u00e1rol egy t\u0151zsd\u00e9n, az eszk\u00f6zei automatikusan a t\u0151zsde p\u00e9nzt\u00e1rc\u00e1j\u00e1ban ker\u00fclnek t\u00e1rol\u00e1sra. Ezeket a t\u00e1rc\u00e1kat let\u00e9tkezel\u0151 t\u00e1rc\u00e1knak nevezik, mivel a platformok ellen\u0151rzik \u00e9s kezelik \u0151ket.<\/span><\/p>\n<p><span style=\"font-weight: 400;\">B\u00e1r a p\u00e9nzt\u00e1rc\u00e1ban l\u00e9v\u0151 eszk\u00f6z\u00f6kkel a t\u0151zsdei sz\u00e1ml\u00e1j\u00e1n kereszt\u00fcl kereskedhet, nem rendelkezik teljes ellen\u0151rz\u00e9ssel felett\u00fck. Ha a t\u0151zsd\u00e9t t\u00e1mad\u00e1s \u00e9ri, vagy cs\u0151dbe megy, az eszk\u00f6zeid \u00f6r\u00f6kre elveszhetnek.<\/span><\/p>\n<h4><span class=\"ez-toc-section\" id=\"Self-Custody_Hot_Wallets\"><\/span><span style=\"font-weight: 400;\">\u00d6nt\u00e1rol\u00f3 forr\u00f3 p\u00e9nzt\u00e1rc\u00e1k<\/span><span class=\"ez-toc-section-end\"><\/span><\/h4>\n<p><span style=\"font-weight: 400;\">A piacon sz\u00e1mos \u00f6nmeg\u0151rz\u0151 forr\u00f3 p\u00e9nzt\u00e1rca van forgalomban: Ezek k\u00f6z\u00fcl n\u00e9h\u00e1ny olyan szoftvert\u00e1rca, amelyet let\u00f6lthet mobilk\u00e9sz\u00fcl\u00e9keire \u00e9s sz\u00e1m\u00edt\u00f3g\u00e9peire, m\u00e1sok pedig b\u00f6ng\u00e9sz\u0151k\u00f6n kereszt\u00fcl \u00e9rhet\u0151k el. Az\u00e9rt h\u00edvj\u00e1k \u0151ket hot walleteknek, mert az eszk\u00f6z\u00f6d\u00f6n (sz\u00e1m\u00edt\u00f3g\u00e9pen vagy mobileszk\u00f6z\u00f6n) kereszt\u00fcl kapcsol\u00f3dnak az internethez.\u00a0<\/span><\/p>\n<p><span style=\"font-weight: 400;\">B\u00e1r az \u00f6nmeg\u0151rz\u0151 p\u00e9nzt\u00e1rc\u00e1k lehet\u0151v\u00e9 teszik, hogy teljes m\u00e9rt\u00e9kben ellen\u0151rizze eszk\u00f6zeit, ugyanakkor s\u00e9r\u00fcl\u00e9kenyek a biztons\u00e1gi r\u00e9sekkel szemben, \u00e9s gyakran c\u00e9lpontjai a hackerek. Ha nem rendelkezik megfelel\u0151 ismeretekkel az internetre csatlakoztatott eszk\u00f6z\u00f6k rosszindulat\u00fa programokt\u00f3l \u00e9s hacker-k\u00eds\u00e9rletekt\u0151l val\u00f3 v\u00e9delm\u00e9r\u0151l, akkor vesz\u00e9lybe sodorhatja p\u00e9nzeszk\u00f6zeit, ha forr\u00f3 t\u00e1rc\u00e1ban t\u00e1rolja azokat.<\/span><\/p>\n<h4><span class=\"ez-toc-section\" id=\"Cold_Wallets\"><\/span><span style=\"font-weight: 400;\">Hideg p\u00e9nzt\u00e1rc\u00e1k<\/span><span class=\"ez-toc-section-end\"><\/span><\/h4>\n<p><span style=\"font-weight: 400;\">A hideg t\u00e1rc\u00e1kat \u00e1ltal\u00e1ban a kriptovalut\u00e1k legbiztons\u00e1gosabb t\u00e1rol\u00e1si lehet\u0151s\u00e9g\u00e9nek tekintik. Ezek nem rendelkeznek internetkapcsolattal, \u00edgy \u00e1thatolhatatlanok a hackerk\u00eds\u00e9rletekkel szemben. A hideg p\u00e9nzt\u00e1rca lehet pap\u00edrt\u00e1rca vagy hardvert\u00e1rca.<\/span><\/p>\n<p><span style=\"font-weight: 400;\">A pap\u00edrt\u00e1rca egyszer\u0171en egy darab pap\u00edr, amely tartalmazza a priv\u00e1t kulcsot, amely lehet\u0151v\u00e9 teszi, hogy a p\u00e9nzt\u00e1rca interf\u00e9sz\u00e9n kereszt\u00fcl hozz\u00e1f\u00e9rjen a p\u00e9nz\u00e9hez. A pap\u00edrt\u00e1rc\u00e1k azonban nehezen kezelhet\u0151k, \u00e9s nem alkalmasak, ha k\u00f6nnyen szeretne kereskedni az eszk\u00f6zeivel.<\/span><\/p>\n<p><span style=\"font-weight: 400;\">A hardvert\u00e1rc\u00e1k olyan USB-szer\u0171 eszk\u00f6z\u00f6k, amelyek a priv\u00e1t kulcsokat t\u00e1rolj\u00e1k. Mivel az eszk\u00f6z nincs k\u00f6zvetlen\u00fcl az internethez csatlakoztatva, nem lehet felt\u00f6rni. <\/span><a href=\"https:\/\/trezor.io\/\" target=\"_blank\" rel=\"noopener\"><span style=\"font-weight: 400;\">Trezor<\/span><\/a><span style=\"font-weight: 400;\"> \u00e9s <\/span><a href=\"https:\/\/www.ledger.com\/\" target=\"_blank\" rel=\"noopener\"><span style=\"font-weight: 400;\">F\u0151k\u00f6nyv<\/span><\/a><span style=\"font-weight: 400;\"> k\u00e9t hardvert\u00e1rca-gy\u00e1rt\u00f3, amelyeket a legjobbnak tartanak a szakm\u00e1ban. Mindk\u00e9t c\u00e9g sz\u00e1mos hardveres t\u00e1rc\u00e1t k\u00edn\u00e1l kript\u00f3k t\u00e1rol\u00e1s\u00e1ra, b\u00e1r ezek meglehet\u0151sen dr\u00e1g\u00e1k lehetnek.<\/span><\/p>\n<p><span style=\"font-weight: 400;\">Ha csak kis \u00f6sszegekkel kereskedik, a hardvert\u00e1rca megv\u00e1s\u00e1rl\u00e1sa t\u00falz\u00e1s lehet. Ha azonban a biztons\u00e1gra t\u00f6rekszik, akkor hossz\u00fa t\u00e1von a hardveres p\u00e9nzt\u00e1rca v\u00e1s\u00e1rl\u00e1sa a legjobb v\u00e1laszt\u00e1s.\u00a0\u00a0<\/span><\/p>\n<p>L\u00e1sd m\u00e9g: Hogyan v\u00e1s\u00e1rolhat Dogecoin (DOGE) on:<\/p>\n<p><a href=\"https:\/\/coinkickoff.com\/hu\/how-to-buy-dogecoin\/how-to-buy-dogecoin-on-coinbase\/\">Coinbase<\/a><br \/>\n<a href=\"https:\/\/coinkickoff.com\/hu\/how-to-buy-dogecoin\/how-to-buy-dogecoin-on-kraken\/\">Kraken<\/a><br \/>\n<a href=\"https:\/\/coinkickoff.com\/hu\/how-to-buy-dogecoin\/how-to-buy-dogecoin-on-binance\/\">Binance<\/a><br \/>\n<a href=\"https:\/\/coinkickoff.com\/hu\/how-to-buy-dogecoin\/how-to-buy-dogecoin-on-bitmart\/\">Bitmart<\/a><br \/>\n<a href=\"https:\/\/coinkickoff.com\/hu\/how-to-buy-dogecoin\/how-to-buy-dogecoin-on-bybit\/\">Bybit<\/a><br \/>\n<a href=\"https:\/\/coinkickoff.com\/hu\/how-to-buy-dogecoin\/how-to-buy-dogecoin-on-gate-io\/\">Gate.io<\/a><br \/>\n<a href=\"https:\/\/coinkickoff.com\/hu\/how-to-buy-dogecoin\/how-to-buy-dogecoin-on-gemini\/\">Gemini<\/a><br \/>\n<a href=\"https:\/\/coinkickoff.com\/hu\/how-to-buy-dogecoin\/how-to-buy-dogecoin-on-kucoin\/\">Kucoin<\/a><br \/>\n<a href=\"https:\/\/coinkickoff.com\/hu\/how-to-buy-dogecoin\/how-to-buy-dogecoin-on-mexc\/\">MEXC<\/a><br \/>\n<a href=\"https:\/\/coinkickoff.com\/hu\/how-to-buy-dogecoin\/how-to-buy-dogecoin-on-okx\/\">OKX<\/a><br \/>\n<a href=\"https:\/\/coinkickoff.com\/hu\/how-to-buy-dogecoin\/how-to-buy-dogecoin-on-poloniex\/\">Poloniex<\/a><\/p>","protected":false},"excerpt":{"rendered":"<p>Ha Dogecoin-t szeretne v\u00e1s\u00e1rolni, \u00e9s nem tudja, hol kezdje, akkor a legjobb helyen j\u00e1r. Megmutatjuk, hogyan \u00e9s hol v\u00e1s\u00e1rolhat DOGE-t l\u00e9p\u00e9sr\u0151l l\u00e9p\u00e9sre. Mi az Dogecoin? Tal\u00e1n hallotta m\u00e1r, hogy az emberek az Dogecoin-re coin m\u00e9mk\u00e9nt hivatkoznak. Ez igaz: az Dogecoin alap\u00edt\u00f3i, Billy Marcus, \u00e9s Jackson Palmer, [...]<\/p>","protected":false},"author":3,"featured_media":155,"parent":0,"menu_order":0,"comment_status":"closed","ping_status":"closed","template":"","meta":{"_genesis_hide_title":false,"_genesis_hide_breadcrumbs":false,"_genesis_hide_singular_image":false,"_genesis_hide_footer_widgets":false,"_genesis_custom_body_class":"","_genesis_custom_post_class":"","_genesis_layout":"","_glsr_average":0,"_glsr_ranking":0,"_glsr_reviews":0,"footnotes":""},"class_list":{"0":"post-3196","1":"page","2":"type-page","3":"status-publish","4":"has-post-thumbnail","6":"entry"},"featured_image_src":"https:\/\/coinkickoff.com\/wp-content\/uploads\/2022\/06\/Dogecoin-DOGE-600x400.jpg","featured_image_src_square":"https:\/\/coinkickoff.com\/wp-content\/uploads\/2022\/06\/Dogecoin-DOGE-600x600.jpg","_links":{"self":[{"href":"https:\/\/coinkickoff.com\/hu\/wp-json\/wp\/v2\/pages\/3196","targetHints":{"allow":["GET"]}}],"collection":[{"href":"https:\/\/coinkickoff.com\/hu\/wp-json\/wp\/v2\/pages"}],"about":[{"href":"https:\/\/coinkickoff.com\/hu\/wp-json\/wp\/v2\/types\/page"}],"author":[{"embeddable":true,"href":"https:\/\/coinkickoff.com\/hu\/wp-json\/wp\/v2\/users\/3"}],"replies":[{"embeddable":true,"href":"https:\/\/coinkickoff.com\/hu\/wp-json\/wp\/v2\/comments?post=3196"}],"version-history":[{"count":5,"href":"https:\/\/coinkickoff.com\/hu\/wp-json\/wp\/v2\/pages\/3196\/revisions"}],"predecessor-version":[{"id":4940,"href":"https:\/\/coinkickoff.com\/hu\/wp-json\/wp\/v2\/pages\/3196\/revisions\/4940"}],"wp:featuredmedia":[{"embeddable":true,"href":"https:\/\/coinkickoff.com\/hu\/wp-json\/wp\/v2\/media\/155"}],"wp:attachment":[{"href":"https:\/\/coinkickoff.com\/hu\/wp-json\/wp\/v2\/media?parent=3196"}],"curies":[{"name":"wp","href":"https:\/\/api.w.org\/{rel}","templated":true}]}}