{"id":1692,"date":"2026-01-08T14:08:11","date_gmt":"2026-01-08T14:08:11","guid":{"rendered":"https:\/\/coinkickoff.com\/?page_id=1692"},"modified":"2026-01-08T14:08:11","modified_gmt":"2026-01-08T14:08:11","slug":"ethereum-price-calculator","status":"publish","type":"page","link":"https:\/\/coinkickoff.com\/hu\/ethereum-price-calculator\/","title":{"rendered":"Ethereum (ETH) \u00e1rkalkul\u00e1tor: ETH to USD, EUR, GBP \u00e9s t\u00f6bb"},"content":{"rendered":"<div id=\"ez-toc-container\" class=\"ez-toc-v2_0_80 counter-hierarchy ez-toc-counter ez-toc-transparent ez-toc-container-direction\">\n<div class=\"ez-toc-title-container\">\n<p class=\"ez-toc-title\" style=\"cursor:inherit\">Szakaszok<\/p>\n<span class=\"ez-toc-title-toggle\"><a href=\"#\" class=\"ez-toc-pull-right ez-toc-btn ez-toc-btn-xs ez-toc-btn-default ez-toc-toggle\" aria-label=\"Toggle Tartalomjegyz\u00e9k\"><span class=\"ez-toc-js-icon-con\"><span class=\"\"><span class=\"eztoc-hide\" style=\"display:none;\">Toggle<\/span><span class=\"ez-toc-icon-toggle-span\"><svg style=\"fill: #999;color:#999\" xmlns=\"http:\/\/www.w3.org\/2000\/svg\" class=\"list-377408\" width=\"20px\" height=\"20px\" viewbox=\"0 0 24 24\" fill=\"none\"><path d=\"M6 6H4v2h2V6zm14 0H8v2h12V6zM4 11h2v2H4v-2zm16 0H8v2h12v-2zM4 16h2v2H4v-2zm16 0H8v2h12v-2z\" fill=\"currentColor\"><\/path><\/svg><svg style=\"fill: #999;color:#999\" class=\"arrow-unsorted-368013\" xmlns=\"http:\/\/www.w3.org\/2000\/svg\" width=\"10px\" height=\"10px\" viewbox=\"0 0 24 24\" version=\"1.2\" baseprofile=\"tiny\"><path d=\"M18.2 9.3l-6.2-6.3-6.2 6.3c-.2.2-.3.4-.3.7s.1.5.3.7c.2.2.4.3.7.3h11c.3 0 .5-.1.7-.3.2-.2.3-.5.3-.7s-.1-.5-.3-.7zM5.8 14.7l6.2 6.3 6.2-6.3c.2-.2.3-.5.3-.7s-.1-.5-.3-.7c-.2-.2-.4-.3-.7-.3h-11c-.3 0-.5.1-.7.3-.2.2-.3.5-.3.7s.1.5.3.7z\"\/><\/svg><\/span><\/span><\/span><\/a><\/span><\/div>\n<nav><ul class='ez-toc-list ez-toc-list-level-1 eztoc-toggle-hide-by-default' ><li class='ez-toc-page-1 ez-toc-heading-level-2'><a class=\"ez-toc-link ez-toc-heading-1\" href=\"https:\/\/coinkickoff.com\/hu\/ethereum-price-calculator\/#Ethereum_ETH_Price_Calculator\" >Ethereum (ETH) \u00e1rkalkul\u00e1tor<\/a><\/li><li class='ez-toc-page-1 ez-toc-heading-level-2'><a class=\"ez-toc-link ez-toc-heading-2\" href=\"https:\/\/coinkickoff.com\/hu\/ethereum-price-calculator\/#Current_Ethereum_ETH_Price\" >Jelenlegi Ethereum (ETH) \u00e1r<\/a><\/li><li class='ez-toc-page-1 ez-toc-heading-level-2'><a class=\"ez-toc-link ez-toc-heading-3\" href=\"https:\/\/coinkickoff.com\/hu\/ethereum-price-calculator\/#Historical_Ethereum_Price_Chart\" >T\u00f6rt\u00e9nelmi Ethereum \u00e1rdiagram<\/a><\/li><li class='ez-toc-page-1 ez-toc-heading-level-2'><a class=\"ez-toc-link ez-toc-heading-4\" href=\"https:\/\/coinkickoff.com\/hu\/ethereum-price-calculator\/#Other_Crypto_Price_Calculators\" >M\u00e1s kripto \u00e1rkalkul\u00e1torok<\/a><\/li><\/ul><\/nav><\/div>\n<h2><span class=\"ez-toc-section\" id=\"Ethereum_ETH_Price_Calculator\"><\/span>Ethereum (ETH) \u00e1rkalkul\u00e1tor<span class=\"ez-toc-section-end\"><\/span><\/h2>\n<div class=\"ccpw_react_widget ccpw_calculator\" id=\"ccpw_react_widgets_1583_69ddec2c18cd9\" data-attribute=\"{&quot;type&quot;:&quot;calculator&quot;,&quot;baseCurrency&quot;:&quot;ethereum&quot;,&quot;targetCurrency&quot;:&quot;USD&quot;}\"><\/div><style type='text\/css'>\r\n\t\t\t  #ccpw_react_widgets_1583 .ccpw-Converter {\r\n\t\t\t\t  background-color: #ffffff;\r\n\t\t\t\t  color: #000;\r\n\t\t\t  }<\/style>\n<p>A fenti sz\u00e1mol\u00f3g\u00e9p seg\u00edts\u00e9g\u00e9vel l\u00e1thatja az aktu\u00e1lis <a href=\"https:\/\/coinkickoff.com\/hu\/ethereum-eth\/\" data-internallinksmanager029f6b8e52c=\"2\" title=\"Mi az Ethereum (ETH)? \u00c1r, t\u00f6rt\u00e9nelem \u00e9s hol lehet megv\u00e1s\u00e1rolni\">ETH<\/a> to USD \u00e1rfolyam m\u00e1s devizap\u00e1rokkal egy\u00fctt, mint p\u00e9ld\u00e1ul ETH to EUR, ETH to GBP, ETH to JPY \u00e9s a legt\u00f6bb m\u00e1s valuta. Tov\u00e1bb\u00e1, akkor is haszn\u00e1lhatja, hogy az ETH to <a href=\"https:\/\/coinkickoff.com\/hu\/bitcoin-btc\/\" data-internallinksmanager029f6b8e52c=\"1\" title=\"Mi az Bitcoin (BTC)? \u00c1r, t\u00f6rt\u00e9net \u00e9s hol lehet megv\u00e1s\u00e1rolni\">BTC<\/a> \u00e1rfolyam, ETH to <a href=\"https:\/\/coinkickoff.com\/hu\/binance-coin-bnb\/\" data-internallinksmanager029f6b8e52c=\"6\" title=\"Mi az Binance Coin (BNB)? Hogyan m\u0171k\u00f6dik \u00e9s hol lehet megv\u00e1s\u00e1rolni?\">BNB<\/a> \u00e9s m\u00e1s kriptop\u00e1rok.<\/p>\n<h2><span class=\"ez-toc-section\" id=\"Current_Ethereum_ETH_Price\"><\/span>Jelenlegi Ethereum (ETH) \u00e1r<span class=\"ez-toc-section-end\"><\/span><\/h2>\n<!-- Cryptocurrency Widgets PRO 4.1.2  !--><div id=\"ccpw-price-block-1582\" ><div class=\"ccpw_react_widget\" id=\"ccpw_react_widgets_1582873514615\" data-attribute=\"{&quot;type&quot;:&quot;price-block&quot;,&quot;selected_currency&quot;:&quot;USD&quot;,&quot;custom_currency&quot;:[&quot;ethereum&quot;],&quot;show_coins&quot;:&quot;custom&quot;,&quot;design_block&quot;:&quot;style-5&quot;,&quot;block_card_column&quot;:&quot;&quot;,&quot;MbFormating&quot;:&quot;&quot;,&quot;live_changes&quot;:&quot;&quot;,&quot;odometer_style&quot;:&quot;&quot;,&quot;chart_type&quot;:&quot;area&quot;,&quot;chart_height&quot;:140,&quot;display_changes&quot;:&quot;&quot;,&quot;block_chart_color&quot;:&quot;&quot;,&quot;enable_chart_color&quot;:&quot;&quot;}\"><\/div><\/div><style type='text\/css'>\r\n\t\t\t\t\t  #ccpw-price-block-1582 .blocktop-area {\r\n\t\t\t\t\t\t  color: #000;\r\n\t\t\t\t\t\t  background: #ffffff;\r\n\t\t\t\t\t  }\r\n\t\t\t\t\t  #ccpw-price-block-1582 span.ccpw-currencybtn {\r\n\t\t\t\t\t\t  color: rgba(255,255,255,0.95);\r\n\t\t\t\t\t\t  background: rgba(0,0,0,0.55);\r\n\t\t\t\t\t  }\r\n\t\t\t\t\t  #ccpw-price-block-1582 span.ccpw-currencybtn.active {\r\n\t\t\t\t\t\t  color: #ffffff;\r\n\t\t\t\t\t\t  background: #000;\r\n\t\t\t\t\t  }\r\n\t\t\t\t\t  #ccpw-price-block-1582 .price-block.style-5 span.ccpw-coin-24h-change span {\r\n\t\t\t\t\t\t  color: rgba(255,255,255,0.98);\r\n\t\t\t\t\t\t  background: rgba(0,0,0,0.65);\r\n\t\t\t\t\t  }<\/style>\n<p>L\u00e1sd a fenti val\u00f3s idej\u0171 Ethereum \u00e1rakat USD, EUR \u00e9s GBP \u00e1rakon.  <\/p>\n<div class=\"cg-choice-box-six   cg-blue\" ><div class=\"cg-cb-row\"><div class=\"cg-cb-items\" id=\"product-265843\"><div class=\"cg-cb-top-head\"><div class=\"cg-cb-top-pick\">Legt\u00f6bb Coins<\/div><\/div><a href=\"https:\/\/accounts.binance.com\/register?ref=BLJQ60RW\" target=\"_blank\" rel=\"nofollow noopener\" class=\"cg-aff-link cg-cb-img\" data-post-title=\"Binance\" data-aff-link=\"https:\/\/accounts.binance.com\/register?ref=BLJQ60RW\" data-post-type=\"top\" data-post-id=\"127750\"><img decoding=\"async\" src=\"https:\/\/coinkickoff.com\/wp-content\/uploads\/2022\/10\/Binance_logo.png\" class=\"cg-img-1\" alt=\"Binance\" style=\"\"><\/a><div class=\"cg-cb-title\"><a href=\"https:\/\/accounts.binance.com\/register?ref=BLJQ60RW\" class=\"cg-aff-link\" data-post-id=\"127750\" data-post-type=\"top\" data-aff-link=\"https:\/\/accounts.binance.com\/register?ref=BLJQ60RW\" data-post-title=\"Binance\" target=\"\" rel=\"nofollow noopener\">Binance<\/a><\/span><\/div><div class=\"cg-cb-content\"><ul><li><strong>350+<\/strong> Kriptovalut\u00e1k list\u00e1zva<\/li><li><strong>&lt;0.10%<\/strong> Tranzakci\u00f3s d\u00edjak<\/li><li><strong>120 milli\u00f3<\/strong> Regisztr\u00e1lt felhaszn\u00e1l\u00f3k<\/li><li>Biztons\u00e1gos eszk\u00f6zalap a felhaszn\u00e1l\u00f3k sz\u00e1m\u00e1ra<\/li><li>A bet\u00e9teken keresni<\/li><\/ul><\/div><div class=\"cg-cb-btn\"><span class='cta-copy'><a href=\"https:\/\/accounts.binance.com\/register?ref=BLJQ60RW\" class=\"cg-one-button cg-btn cg-red  cg-aff-link cg-btn-lg\" data-post-id=\"127750\" data-post-type=\"top\" data-aff-link=\"https:\/\/accounts.binance.com\/register?ref=BLJQ60RW\" data-style=\"default\" data-post-title=\"Binance\" data-extra=\"arrow\" style=\"\" target=\"\" rel=\"nofollow noopener\">Kezdje el<\/a><\/span><\/span><\/div><\/div><div class=\"cg-cb-items\" id=\"product-265829\"><div class=\"cg-cb-top-head\"><div class=\"cg-cb-top-pick\">A legt\u00f6bb orsz\u00e1g<\/div><\/div><a href=\"https:\/\/kraken.pxf.io\/756J3y\" target=\"_blank\" rel=\"nofollow noopener\" class=\"cg-aff-link cg-cb-img\" data-post-title=\"Kraken\" data-aff-link=\"https:\/\/kraken.pxf.io\/756J3y\" data-post-type=\"top\" data-post-id=\"127750\"><img decoding=\"async\" src=\"https:\/\/coinkickoff.com\/wp-content\/uploads\/Kraken-logo.webp\" class=\"cg-img-1\" alt=\"Kraken\" style=\"\"><\/a><div class=\"cg-cb-title\"><a href=\"https:\/\/kraken.pxf.io\/756J3y\" class=\"cg-aff-link\" data-post-id=\"127750\" data-post-type=\"top\" data-aff-link=\"https:\/\/kraken.pxf.io\/756J3y\" data-post-title=\"Kraken\" target=\"\" rel=\"nofollow noopener\">Kraken<\/a><\/span><\/div><div class=\"cg-cb-content\"><ul><li>Amerikai sz\u00e9khely\u0171<\/li><li>Kezdje olyan kev\u00e9ssel, mint <strong>$10<\/strong><\/li><li>V\u00e1s\u00e1rl\u00e1s \u00e9s elad\u00e1s <strong>200+<\/strong> kriptovalut\u00e1k<\/li><li>Pro megold\u00e1s nagyobb keresked\u0151k sz\u00e1m\u00e1ra<\/li><li>El\u00e9rhet\u0151 <strong>190+<\/strong> orsz\u00e1gok<\/li><\/ul><\/div><div class=\"cg-cb-btn\"><span class='cta-copy'><a href=\"https:\/\/kraken.pxf.io\/756J3y\" class=\"cg-one-button cg-btn cg-red  cg-aff-link cg-btn-lg\" data-post-id=\"127750\" data-post-type=\"top\" data-aff-link=\"https:\/\/kraken.pxf.io\/756J3y\" data-style=\"default\" data-post-title=\"Kraken\" data-extra=\"arrow\" style=\"\" target=\"\" rel=\"nofollow noopener\">Kezdje el<\/a><\/span><\/span><\/div><\/div><div class=\"cg-cb-items\" id=\"product-265822\"><div class=\"cg-cb-top-head\"><div class=\"cg-cb-top-pick\">Amerikai sz\u00e9khely\u0171<\/div><\/div><a href=\"https:\/\/coinbase-consumer.sjv.io\/ORPoaG\" target=\"_blank\" rel=\"nofollow noopener\" class=\"cg-aff-link cg-cb-img\" data-post-title=\"Coinbase\" data-aff-link=\"https:\/\/coinbase-consumer.sjv.io\/ORPoaG\" data-post-type=\"top\" data-post-id=\"127750\"><img decoding=\"async\" src=\"https:\/\/coinkickoff.com\/wp-content\/uploads\/2022\/10\/Coinbase.png\" class=\"cg-img-1\" alt=\"Coinbase\" style=\"\"><\/a><div class=\"cg-cb-title\"><a href=\"https:\/\/coinbase-consumer.sjv.io\/ORPoaG\" class=\"cg-aff-link\" data-post-id=\"127750\" data-post-type=\"top\" data-aff-link=\"https:\/\/coinbase-consumer.sjv.io\/ORPoaG\" data-post-title=\"Coinbase\" target=\"\" rel=\"nofollow noopener\">Coinbase<\/a><\/span><\/div><div class=\"cg-cb-content\"><ul><li><strong>200+<\/strong> Kriptovalut\u00e1k list\u00e1zva<\/li><li>Get Crypto az els\u0151 v\u00e1s\u00e1rl\u00e1s ut\u00e1n<\/li><li>Biztos\u00edt\u00e1ssal v\u00e9dve&nbsp;<\/li><li>Biztons\u00e1gos t\u00e1rol\u00e1s p\u00e1nc\u00e9lszekr\u00e9nyes v\u00e9delemmel<\/li><li>A legmegb\u00edzhat\u00f3bb kriptop\u00e9nz platform<\/li><\/ul><\/div><div class=\"cg-cb-btn\"><span class='cta-copy'><a href=\"https:\/\/coinbase-consumer.sjv.io\/ORPoaG\" class=\"cg-one-button cg-btn cg-red  cg-aff-link cg-btn-lg\" data-post-id=\"127750\" data-post-type=\"top\" data-aff-link=\"https:\/\/coinbase-consumer.sjv.io\/ORPoaG\" data-style=\"default\" data-post-title=\"Coinbase\" data-extra=\"arrow\" style=\"\" target=\"\" rel=\"nofollow noopener\">Kezdje el<\/a><\/span><\/span><\/div><\/div><\/div><\/div>\n\n<h2><span class=\"ez-toc-section\" id=\"Historical_Ethereum_Price_Chart\"><\/span>T\u00f6rt\u00e9nelmi Ethereum \u00e1rdiagram<span class=\"ez-toc-section-end\"><\/span><\/h2>\n<!-- Cryptocurrency Widgets PRO 4.1.2  !--><div id=\"ccpw-chart-1584\" class=\"ccpw-container chart\"><div class=\"coin_details\"><ul>\r\n            <li><div class=\"ccpw_icon\"><img decoding=\"async\" style=\"width:128px;\" id=\"ethereum\" alt=\"ethereum\" src=\"https:\/\/coinkickoff.com\/wp-content\/plugins\/cryptocurrency-price-ticker-widget-pro\/assets\/coin-logos\/ethereum.svg\"><\/div><\/li>\r\n            <li><div class=\"ticker-name\"><strong>Ethereum<br\/>(ETH)<\/strong><\/div>\r\n            <\/li>\r\n            <li class=\"c_info\"><strong>\u00c1r <\/strong> <div class=\"chart_coin_price CCP-ethereum\"><span class=\"ticker-price\">&#036;2,381.39<\/span><\/div><\/li>\r\n            <li  class=\"c_info\"><strong>Piaci t\u0151ke<\/strong>\r\n            <div class=\"coin_market_cap\"><span class=\"CCMC\">$287.41 B<\/span><\/div><\/li>\r\n            <\/ul><\/div><div id=\"ccpw-default-chart-ethereum-69ddec2c19595\" class=\"ccpw-default-chart\"><\/div><div class=\"chart-wrp\"  id=\"CCPW-CHART-ethereum-69ddec2c19595\" style=\"width:100%; height:400px;\" ><div\r\n\t\t\tclass=\"ccpw-chart\"\r\n\t\t\tdata-no-formatting=\"&#039;$&#039;#,###.##\"\r\n\t\t\tdata-coin-period=\"365day\"\r\n\t\t\tdata-coin-id=\"ethereum\"\r\n\t\t\tdata-chart-color=\"#2196F3\"\r\n\t\t\tdata-from-lbl=\"From\"\r\n\t\t\tdata-zoom-lbl=\"Zoom\"\r\n\t\t\tdata-to-lbl=\"To\"\r\n\t\t\tdata-price-lbl=\"Price\"\r\n\t\t\tdata-volume-lbl=\"Volume\"\r\n\t\t\t data-1d=\"24H\" data-7d=\"7D\" data-1m=\"1M\" data-3m=\"3M\"\r\n            data-6m=\"6M\" data-1y=\"1Y\" data-coinid=\"ethereum\"\r\n            data-unique-id=\"69ddec2c19595\"><\/div><img decoding=\"async\" class=\"ccpw-preloader\" src=\"https:\/\/coinkickoff.com\/wp-content\/plugins\/cryptocurrency-price-ticker-widget-pro\/images\/chart-loading.svg\"><span class=\"ccpw-no-data\"><\/span>\r\n<\/div><\/div><style type='text\/css'>\r\n\t\t\t  #ccpw-chart-1584 .ccc-chart-header { background: #2196F3}\r\n\t\t\t  #ccpw-chart-1584 #ccc-chart-block .exportBtnTop,\r\n\t\t\t  #ccpw-chart-1584 a.tabperiods.tabperiods_active,\r\n\t\t\t  #ccpw-chart-1584 .coin_details {\r\n\t\t\t\t  color: #2196F3;\r\n\t\t\t\t  background: rgba(33,150,243,0.15);\r\n\t\t\t  }\r\n\t\t\t  #ccpw-chart-1584 .coin_details {\r\n\t\t\t\t  border: 1px solid rgba(33,150,243,0.16);\r\n\t\t\t  }\r\n\t\t\t  .ccpw-container_chart #ccpw-chart-1584 .coin-container:after,\r\n\t\t\t  .ccpw-container_four #ccpw-chart-1584 .coin-container:after {border-color:#ccc !Important;}\r\n\t\t  <\/style>\n<p>A fenti diagram seg\u00edts\u00e9g\u00e9vel nyomon k\u00f6vetheti az Ethereum \u00e1rfolyam\u00e1nak alakul\u00e1s\u00e1t. Jelenleg csak az USD v\u00e1ltozatban kaphat\u00f3. <\/p>\n<h2><span class=\"ez-toc-section\" id=\"Other_Crypto_Price_Calculators\"><\/span>M\u00e1s kripto \u00e1rkalkul\u00e1torok<span class=\"ez-toc-section-end\"><\/span><\/h2>\n<ul>\n<li> <a href=\"https:\/\/coinkickoff.com\/hu\/bitcoin-price-calculator\/\">Bitcoin (BTC)<\/a><\/li>\n<\/ul>","protected":false},"excerpt":{"rendered":"<p>Ethereum (ETH) \u00e1rfolyam-kalkul\u00e1tor A fenti kalkul\u00e1tor seg\u00edts\u00e9g\u00e9vel megtekintheti az aktu\u00e1lis ETH to USD \u00e1rfolyamot m\u00e1s valutap\u00e1rokkal egy\u00fctt, mint p\u00e9ld\u00e1ul ETH to EUR, ETH to GBP, ETH to JPY \u00e9s a legt\u00f6bb m\u00e1s valuta. Ezenk\u00edv\u00fcl az ETH to BTC \u00e1rfolyamot, az ETH to [...]<\/p>","protected":false},"author":1,"featured_media":0,"parent":0,"menu_order":0,"comment_status":"closed","ping_status":"closed","template":"","meta":{"_genesis_hide_title":false,"_genesis_hide_breadcrumbs":false,"_genesis_hide_singular_image":false,"_genesis_hide_footer_widgets":false,"_genesis_custom_body_class":"","_genesis_custom_post_class":"","_genesis_layout":"","_glsr_average":0,"_glsr_ranking":0,"_glsr_reviews":0,"footnotes":""},"class_list":{"0":"post-1692","1":"page","2":"type-page","3":"status-publish","5":"entry"},"featured_image_src":null,"featured_image_src_square":null,"_links":{"self":[{"href":"https:\/\/coinkickoff.com\/hu\/wp-json\/wp\/v2\/pages\/1692","targetHints":{"allow":["GET"]}}],"collection":[{"href":"https:\/\/coinkickoff.com\/hu\/wp-json\/wp\/v2\/pages"}],"about":[{"href":"https:\/\/coinkickoff.com\/hu\/wp-json\/wp\/v2\/types\/page"}],"author":[{"embeddable":true,"href":"https:\/\/coinkickoff.com\/hu\/wp-json\/wp\/v2\/users\/1"}],"replies":[{"embeddable":true,"href":"https:\/\/coinkickoff.com\/hu\/wp-json\/wp\/v2\/comments?post=1692"}],"version-history":[{"count":7,"href":"https:\/\/coinkickoff.com\/hu\/wp-json\/wp\/v2\/pages\/1692\/revisions"}],"predecessor-version":[{"id":1707,"href":"https:\/\/coinkickoff.com\/hu\/wp-json\/wp\/v2\/pages\/1692\/revisions\/1707"}],"wp:attachment":[{"href":"https:\/\/coinkickoff.com\/hu\/wp-json\/wp\/v2\/media?parent=1692"}],"curies":[{"name":"wp","href":"https:\/\/api.w.org\/{rel}","templated":true}]}}