{"id":9,"date":"2026-01-08T14:07:51","date_gmt":"2026-01-08T14:07:51","guid":{"rendered":"https:\/\/coinkickoff.com\/?page_id=9"},"modified":"2026-01-08T14:07:51","modified_gmt":"2026-01-08T14:07:51","slug":"a-propos-de-nous","status":"publish","type":"page","link":"https:\/\/coinkickoff.com\/fr\/a-propos-de-nous\/","title":{"rendered":"\u00c0 propos de"},"content":{"rendered":"<h1 class=\"wp-block-genesis-blocks-gb-spacer gb-block-spacer gb-divider-solid gb-divider-size-1\" style=\"color: #ddd;\">\u00c0 propos de Coin Kickoff\u00a0<\/h1>\r\n<div class=\"wp-block-columns has-2-columns\">\r\n<div class=\"wp-block-column\">\r\n<p>J'ai cr\u00e9\u00e9 Coin Kickoff parce que je pense que les crypto\/<a href=\"https:\/\/coinkickoff.com\/fr\/what-is-web-3-0\/\" data-internallinksmanager029f6b8e52c=\"184\" title=\"Qu&#039;est-ce que le Web 3.0 ?\">web3<\/a> est trop compliqu\u00e9.<\/p>\r\n\r\n\r\n\r\n<p>Je m'appelle Ian Wright et j'ai commenc\u00e9 \u00e0 m'int\u00e9resser aux crypto-monnaies en 2008. <strong>2017<\/strong> quand <a href=\"https:\/\/coinkickoff.com\/fr\/bitcoin-btc\/\" data-internallinksmanager029f6b8e52c=\"1\" title=\"Qu&#039;est-ce que Bitcoin (BTC) ? Prix, historique et o\u00f9 acheter\">Bitcoin<\/a> a fait sa premi\u00e8re course de taureau jusqu'\u00e0 presque <strong>$20,000<\/strong> chacun.<\/p>\r\n\r\n\r\n\r\n<p>J'ai eu la chance de pouvoir gagner un peu d'argent \u00e0 l'\u00e9poque. J'ai ensuite rapidement oubli\u00e9 les crypto-monnaies.<\/p>\r\n\r\n\r\n\r\n<p>Je pensais que la bulle avait \u00e9clat\u00e9. Je me suis senti chanceux d'en \u00eatre sorti quand je l'ai fait.<\/p>\r\n\r\n\r\n\r\n<p>J'avais l'impression que tout \u00e7a n'\u00e9tait qu'une gigantesque arnaque et que \u00e7a finirait par dispara\u00eetre.<\/p>\r\n\r\n\r\n\r\n<p><strong>Puis quelque chose d'\u00e9trange s'est produit.<\/strong><\/p>\r\n\r\n\r\n\r\n<p>\u00c0 l'automne de <strong>2020<\/strong> J'ai recommenc\u00e9 \u00e0 entendre des gens parler de Bitcoin et de crypto.<\/p>\r\n\r\n\r\n\r\n<p>Au d\u00e9but, je l'ai rejet\u00e9. Bitcoin \u00e9tait si <strong>2017<\/strong>.<\/p>\r\n\r\n\r\n\r\n<p>En plus, c'\u00e9tait une arnaque de toute fa\u00e7on.<\/p>\r\n\r\n\r\n\r\n<p>Mais j'ai fini par changer d'avis lorsque le prix de Bitcoin a d\u00e9pass\u00e9 son pr\u00e9c\u00e9dent record historique.<\/p>\r\n\r\n\r\n\r\n<p>Dans mon esprit, ce n'\u00e9tait pas cens\u00e9 se produire.<\/p>\r\n\r\n\r\n\r\n<p>J'\u00e9tais et je reste sceptique quant \u00e0 la valeur de Bitcoin, crypto, web3 et la Blockchain.<\/p>\r\n\r\n\r\n\r\n<p>Mais je n'ai plus l'impression qu'ils vont dispara\u00eetre de sit\u00f4t.<\/p>\r\n\r\n\r\n\r\n<p><strong>J'ai m\u00eame d\u00e9cid\u00e9 d'investir \u00e0 nouveau. <\/strong><\/p>\r\n\r\n\r\n\r\n<p>Mais contrairement \u00e0 la derni\u00e8re fois, j'ai perdu de l'argent. Dans un march\u00e9 haussier !<\/p>\r\n\r\n\r\n\r\n<p>J'ai donc d\u00e9cid\u00e9 de m'instruire.<\/p>\r\n\r\n\r\n\r\n<p>Et c'est pourquoi j'ai cr\u00e9\u00e9 Coin Kickoff.<\/p>\r\n\r\n\r\n\r\n<p>L'objectif est simple : expliquer ce que sont les diff\u00e9rents coin, ce qu'ils font et o\u00f9 les acheter.<\/p>\r\n\r\n\r\n\r\n<p>Le tout de mani\u00e8re simple et facile \u00e0 comprendre.<\/p>\r\n\r\n\r\n\r\n<p>Et pour \u00eatre clair, je n'ai aucune id\u00e9e de ce que je fais. Rien sur ce site ne doit \u00eatre consid\u00e9r\u00e9 comme une promotion d'un quelconque investissement.<\/p>\r\n\r\n\r\n\r\n<p>Je pense que la plupart des coins <strong>tombera \u00e0 z\u00e9ro<\/strong>.<\/p>\r\n\r\n\r\n\r\n<p>Consid\u00e9rez le coup d'envoi de Coin comme un point de d\u00e9part pour en savoir encore plus sur les diff\u00e9rentes options de crypto-monnaie existantes.<\/p>\r\n\r\n\r\n\r\n<p>Tous les messages et les guides sont fournis \u00e0 titre d'information uniquement.<\/p>\r\n\r\n\r\n\r\n<p>Et ne mettez jamais, au grand jamais, plus d'argent que vous ne pouvez vous permettre de perdre.<\/p>\r\n\r\n\r\n\r\n<p>&nbsp;<\/p>\r\n<\/div>\r\n<!-- \/wp:post-content --><\/div>\r\n<!-- \/wp:columns -->\r\n\r\n<!-- wp:paragraph -->\r\n<p>&nbsp;<\/p>\r\n<!-- \/wp:paragraph -->","protected":false},"excerpt":{"rendered":"<p>Je m'appelle Ian Wright et j'ai commenc\u00e9 \u00e0 m'int\u00e9resser aux cryptomonnaies en 2017, lorsque le Bitcoin a connu sa premi\u00e8re hausse jusqu'\u00e0 pr\u00e8s de $20 000 dollars l'unit\u00e9. J'ai eu la chance de pouvoir gagner un peu d'argent \u00e0 l'\u00e9poque. J'ai ensuite rapidement oubli\u00e9 les crypto-monnaies. J'ai suppos\u00e9 que la bulle avait \u00e9clat\u00e9. I [...]<\/p>","protected":false},"author":1,"featured_media":10,"parent":0,"menu_order":0,"comment_status":"closed","ping_status":"closed","template":"","meta":{"_genesis_hide_title":true,"_genesis_hide_breadcrumbs":true,"_genesis_hide_singular_image":true,"_genesis_hide_footer_widgets":false,"_genesis_custom_body_class":"","_genesis_custom_post_class":"","_genesis_layout":"full-width-content","_glsr_average":0,"_glsr_ranking":0,"_glsr_reviews":0,"footnotes":""},"class_list":{"0":"post-9","1":"page","2":"type-page","3":"status-publish","4":"has-post-thumbnail","6":"entry"},"featured_image_src":"https:\/\/coinkickoff.com\/wp-content\/uploads\/2022\/03\/about-600x400.jpg","featured_image_src_square":"https:\/\/coinkickoff.com\/wp-content\/uploads\/2022\/03\/about-600x600.jpg","_links":{"self":[{"href":"https:\/\/coinkickoff.com\/fr\/wp-json\/wp\/v2\/pages\/9","targetHints":{"allow":["GET"]}}],"collection":[{"href":"https:\/\/coinkickoff.com\/fr\/wp-json\/wp\/v2\/pages"}],"about":[{"href":"https:\/\/coinkickoff.com\/fr\/wp-json\/wp\/v2\/types\/page"}],"author":[{"embeddable":true,"href":"https:\/\/coinkickoff.com\/fr\/wp-json\/wp\/v2\/users\/1"}],"replies":[{"embeddable":true,"href":"https:\/\/coinkickoff.com\/fr\/wp-json\/wp\/v2\/comments?post=9"}],"version-history":[{"count":6,"href":"https:\/\/coinkickoff.com\/fr\/wp-json\/wp\/v2\/pages\/9\/revisions"}],"predecessor-version":[{"id":79,"href":"https:\/\/coinkickoff.com\/fr\/wp-json\/wp\/v2\/pages\/9\/revisions\/79"}],"wp:featuredmedia":[{"embeddable":true,"href":"https:\/\/coinkickoff.com\/fr\/wp-json\/wp\/v2\/media\/10"}],"wp:attachment":[{"href":"https:\/\/coinkickoff.com\/fr\/wp-json\/wp\/v2\/media?parent=9"}],"curies":[{"name":"wp","href":"https:\/\/api.w.org\/{rel}","templated":true}]}}